{"id":12875,"date":"2019-02-06T13:25:51","date_gmt":"2019-02-06T13:25:51","guid":{"rendered":"https:\/\/www.apen.es\/?page_id=12875"},"modified":"2025-05-23T08:30:12","modified_gmt":"2025-05-23T08:30:12","slug":"lloguer-granollers","status":"publish","type":"page","link":"https:\/\/www.apen.es\/ca\/multifuncion\/alquiler-multifuncion-hp\/alquiler-granollers\/","title":{"rendered":"Lloguer multifunci\u00f3 HP Granollers"},"content":{"rendered":"<p>Gaudeix del millor sistema de&nbsp;<strong>lloguer multifunci\u00f3 HP&nbsp;<\/strong>a<strong>&nbsp;Granollers<\/strong>, amb el r\u00e8nting d&#039;impressores d&#039;\u00faltima generaci\u00f3 que oferim a Apen, amb les marques capdavanteres en aquest sector com s\u00f3n OKI, KYOCERA, HP i KONICA MINOLTA.<\/p>\n\n\n\n<p>A Apen pots trobar diferents serveis, per\u00f2 tots ells enfocats a millorar la gesti\u00f3 de les empreses. Com el&nbsp;<strong>lloguer multifunci\u00f3 HP&nbsp;<\/strong>a<strong>&nbsp;Granollers<\/strong>, que permet fer impressions de m\u00e0xima qualitat amb equips d&#039;\u00faltima generaci\u00f3 a un preu molt competitiu, sense tenir cap tipus de cost addicional i pagant \u00fanica i exclusivament per les p\u00e0gines que imprimeixes.<\/p>\n\n\n\n<p>Funciona mitjan\u00e7ant el sistema \u201cpreu per c\u00f2pia\u201d que consisteix a pagar pel servei en lloc de pagar pel producte, \u00e9s a dir, pagar pel que imprimeixes i no per la impressora. Per aix\u00f2 el client \u00e9s m\u00e9s lliure per decidir durant quant de temps vol gaudir d&#039;aquest servei de lloguer.<\/p>\n\n\n\n<p>Aquest nou m\u00e8tode permet finan\u00e7ar el pagament i abaratir aix\u00ed els costos anuals de l&#039;empresa pel que fa a despeses d&#039;impressi\u00f3, permetent impressions m\u00e9s conscients i evitant el malbaratament de paper innecessari. Des d&#039;Apen creiem que el&nbsp;<strong>lloguer multifunci\u00f3 HP&nbsp;<\/strong>a<strong>&nbsp;Granollers&nbsp;<\/strong>\u00e9s un sistema m\u00e9s just amb el client i amb el medi ambient, perqu\u00e8 gestiona la despesa de paper d&#039;una manera m\u00e9s sostenible i la complementem amb el reciclatge dels consumibles quan aquests s&#039;acaben.<\/p>\n\n\n\n<p>Podr\u00e0s gaudir d&#039;un servei t\u00e8cnic de m\u00e0xima qualitat que va incl\u00f2s dins del&nbsp;<strong>lloguer multifunci\u00f3 HP Granollers<\/strong>, per obtenir un servei integral amb el qual nom\u00e9s t&#039;haur\u00e0s de preocupar de pagar per all\u00f2 que imprimeixes i ocupar-te del subministrament el\u00e8ctric de l&#039;equip. Perqu\u00e8 nosaltres realitzarem totes les tasques relacionades amb el servei t\u00e8cnic, com ara la instal\u00b7laci\u00f3, la configuraci\u00f3, el manteniment, el recanvi de peces i consumibles, la reparaci\u00f3, etc.<\/p>\n\n\n\n<p>Molts clients ja han decidit apostar per aquest servei i han notat grans millores a les seves empreses, gr\u00e0cies a l&#039;\u00fas d&#039;aquests equips multifuncionals d&#039;\u00faltima generaci\u00f3 que oferim a Apen. Els han perm\u00e8s ser m\u00e9s pr\u00e0ctics i productius a la feina, ordenar les seves prioritats i centrar-se en assumptes m\u00e9s importants, entre altres q\u00fcestions.<\/p>\n\n\n\n<p>A Apen pots trobar molts tipus de serveis multifuncionals amb els que volem fer que el teu treball sigui el m\u00e9s eficient, pr\u00e0ctic i competitiu possible, mitjan\u00e7ant l&#039;\u00fas d&#039;eines com les impressores multifuncionals que ofereixen impressions de m\u00e0zima qualitat. A m\u00e9s del&nbsp;<strong>lloguer multifunci\u00f3 HP Granollers<\/strong>&nbsp;comptem amb m\u00e9s serveis que et poden ajudar, com ara la instal\u00b7laci\u00f3 d&#039;un programari a3ERP, amb el qual podr\u00e0s gestionar totes les \u00e0rees de la teva empresa des d&#039;un \u00fanic programa.<\/p>\n\n\n\n<p>Visita la nostra p\u00e0gina web i coneix tot el que tens al teu abast per millorar la gesti\u00f3 de la teva empresa, a m\u00e9s de fer una ullada al nostre bloc on podr\u00e0s trobar not\u00edcies relacionades amb aquest sector.<\/p>","protected":false},"excerpt":{"rendered":"<p>Disfruta del mejor sistema de&nbsp;alquiler multifunci\u00f3n HP&nbsp;en&nbsp;Granollers, con el renting de impresoras de \u00faltima generaci\u00f3n que ofrecemos en Apen, con las marcas l\u00edderes en este sector como son OKI, KYOCERA, HP y KONICA MINOLTA. En Apen puedes encontrar distintos servicios, pero todos ellos enfocados a mejorar la gesti\u00f3n de las empresas. Como el&nbsp;alquiler multifunci\u00f3n HP&nbsp;en&nbsp;Granollers,&#8230;<\/p>","protected":false},"author":4,"featured_media":0,"parent":12865,"menu_order":0,"comment_status":"closed","ping_status":"closed","template":"page-renting-impresoras.php","meta":{"_acf_changed":false,"_kad_blocks_custom_css":"","_kad_blocks_head_custom_js":"","_kad_blocks_body_custom_js":"","_kad_blocks_footer_custom_js":"","_kad_post_transparent":"","_kad_post_title":"","_kad_post_layout":"","_kad_post_sidebar_id":"","_kad_post_content_style":"","_kad_post_vertical_padding":"","_kad_post_feature":"","_kad_post_feature_position":"","_kad_post_header":false,"_kad_post_footer":false,"_kad_post_classname":"","footnotes":""},"class_list":["post-12875","page","type-page","status-publish","hentry"],"acf":[],"yoast_head":"<!-- This site is optimized with the Yoast SEO plugin v27.4 - https:\/\/yoast.com\/product\/yoast-seo-wordpress\/ -->\n<title>Alquiler multifunci\u00f3n HP Granollers - Apen Inform\u00e1tica<\/title>\n<meta name=\"description\" content=\"Ahora puedes alquilar una multifunci\u00f3n HP en Granollers para mejorar las prestaciones de tu actual impresora a un coste muy bajo para tu empresa.\" \/>\n<meta name=\"robots\" content=\"index, follow, max-snippet:-1, max-image-preview:large, max-video-preview:-1\" \/>\n<link rel=\"canonical\" href=\"https:\/\/www.apen.es\/ca\/multifuncio\/lloguer-multifuncio-hp\/lloguer-granollers\/\" \/>\n<meta property=\"og:locale\" content=\"ca_ES\" \/>\n<meta property=\"og:type\" content=\"article\" \/>\n<meta property=\"og:title\" content=\"Alquiler multifunci\u00f3n HP Granollers - Apen Inform\u00e1tica\" \/>\n<meta property=\"og:description\" content=\"Ahora puedes alquilar una multifunci\u00f3n HP en Granollers para mejorar las prestaciones de tu actual impresora a un coste muy bajo para tu empresa.\" \/>\n<meta property=\"og:url\" content=\"https:\/\/www.apen.es\/ca\/multifuncio\/lloguer-multifuncio-hp\/lloguer-granollers\/\" \/>\n<meta property=\"og:site_name\" content=\"Apen Inform\u00e1tica\" \/>\n<meta property=\"article:publisher\" content=\"https:\/\/www.facebook.com\/apensolucions\" \/>\n<meta property=\"article:modified_time\" content=\"2025-05-23T08:30:12+00:00\" \/>\n<meta property=\"og:image\" content=\"https:\/\/www.apen.es\/wp-content\/uploads\/2016\/05\/logo-apen-231x82-trasparent.png\" \/>\n\t<meta property=\"og:image:width\" content=\"231\" \/>\n\t<meta property=\"og:image:height\" content=\"82\" \/>\n\t<meta property=\"og:image:type\" content=\"image\/png\" \/>\n<meta name=\"twitter:card\" content=\"summary_large_image\" \/>\n<meta name=\"twitter:label1\" content=\"Temps estimat de lectura\" \/>\n\t<meta name=\"twitter:data1\" content=\"8 minuts\" \/>\n<script type=\"application\/ld+json\" class=\"yoast-schema-graph\">{\"@context\":\"https:\\\/\\\/schema.org\",\"@graph\":[{\"@type\":\"WebPage\",\"@id\":\"https:\\\/\\\/www.apen.es\\\/multifuncion\\\/alquiler-multifuncion-hp\\\/alquiler-granollers\\\/\",\"url\":\"https:\\\/\\\/www.apen.es\\\/multifuncion\\\/alquiler-multifuncion-hp\\\/alquiler-granollers\\\/\",\"name\":\"Alquiler multifunci\u00f3n HP Granollers - Apen Inform\u00e1tica\",\"isPartOf\":{\"@id\":\"https:\\\/\\\/www.apen.es\\\/#website\"},\"datePublished\":\"2019-02-06T13:25:51+00:00\",\"dateModified\":\"2025-05-23T08:30:12+00:00\",\"description\":\"Ahora puedes alquilar una multifunci\u00f3n HP en Granollers para mejorar las prestaciones de tu actual impresora a un coste muy bajo para tu empresa.\",\"breadcrumb\":{\"@id\":\"https:\\\/\\\/www.apen.es\\\/multifuncion\\\/alquiler-multifuncion-hp\\\/alquiler-granollers\\\/#breadcrumb\"},\"inLanguage\":\"ca\",\"potentialAction\":[{\"@type\":\"ReadAction\",\"target\":[\"https:\\\/\\\/www.apen.es\\\/multifuncion\\\/alquiler-multifuncion-hp\\\/alquiler-granollers\\\/\"]}]},{\"@type\":\"BreadcrumbList\",\"@id\":\"https:\\\/\\\/www.apen.es\\\/multifuncion\\\/alquiler-multifuncion-hp\\\/alquiler-granollers\\\/#breadcrumb\",\"itemListElement\":[{\"@type\":\"ListItem\",\"position\":1,\"name\":\"Portada\",\"item\":\"https:\\\/\\\/www.apen.es\\\/\"},{\"@type\":\"ListItem\",\"position\":2,\"name\":\"Multifunci\u00f3n\",\"item\":\"https:\\\/\\\/www.apen.es\\\/multifuncion\\\/\"},{\"@type\":\"ListItem\",\"position\":3,\"name\":\"Alquiler multifunci\u00f3n HP\",\"item\":\"https:\\\/\\\/www.apen.es\\\/multifuncion\\\/alquiler-multifuncion-hp\\\/\"},{\"@type\":\"ListItem\",\"position\":4,\"name\":\"Alquiler multifunci\u00f3n HP Granollers\"}]},{\"@type\":\"WebSite\",\"@id\":\"https:\\\/\\\/www.apen.es\\\/#website\",\"url\":\"https:\\\/\\\/www.apen.es\\\/\",\"name\":\"Apen Inform\u00e1tica\",\"description\":\"Mantenimiento Inform\u00e1tico , Software de Gesti\u00f3n, Soluciones de impresi\u00f3n\",\"publisher\":{\"@id\":\"https:\\\/\\\/www.apen.es\\\/#organization\"},\"potentialAction\":[{\"@type\":\"SearchAction\",\"target\":{\"@type\":\"EntryPoint\",\"urlTemplate\":\"https:\\\/\\\/www.apen.es\\\/?s={search_term_string}\"},\"query-input\":{\"@type\":\"PropertyValueSpecification\",\"valueRequired\":true,\"valueName\":\"search_term_string\"}}],\"inLanguage\":\"ca\"},{\"@type\":\"Organization\",\"@id\":\"https:\\\/\\\/www.apen.es\\\/#organization\",\"name\":\"Apen: Soluciones inform\u00e1ticas\",\"url\":\"https:\\\/\\\/www.apen.es\\\/\",\"logo\":{\"@type\":\"ImageObject\",\"inLanguage\":\"ca\",\"@id\":\"https:\\\/\\\/www.apen.es\\\/#\\\/schema\\\/logo\\\/image\\\/\",\"url\":\"https:\\\/\\\/www.apen.es\\\/wp-content\\\/uploads\\\/2022\\\/08\\\/logo-apenok-231x82-1.png\",\"contentUrl\":\"https:\\\/\\\/www.apen.es\\\/wp-content\\\/uploads\\\/2022\\\/08\\\/logo-apenok-231x82-1.png\",\"width\":231,\"height\":82,\"caption\":\"Apen: Soluciones inform\u00e1ticas\"},\"image\":{\"@id\":\"https:\\\/\\\/www.apen.es\\\/#\\\/schema\\\/logo\\\/image\\\/\"},\"sameAs\":[\"https:\\\/\\\/www.facebook.com\\\/apensolucions\",\"https:\\\/\\\/www.youtube.com\\\/user\\\/ApenCentreInformatic\",\"https:\\\/\\\/www.linkedin.com\\\/company\\\/1021771?trk=tyah&trkInfo=clickedVerticalcompanyclickedEntityId1021771idx2-1-2tarId1464195271196tasapenin\"]}]}<\/script>\n<!-- \/ Yoast SEO plugin. -->","yoast_head_json":{"title":"Lloguer multifunci\u00f3 HP Granollers - Apen Inform\u00e0tica","description":"Ara pots llogar una multifunci\u00f3 HP a Granollers per millorar les prestacions de la teva impressora actual a un cost molt baix per a la teva empresa.","robots":{"index":"index","follow":"follow","max-snippet":"max-snippet:-1","max-image-preview":"max-image-preview:large","max-video-preview":"max-video-preview:-1"},"canonical":"https:\/\/www.apen.es\/ca\/multifuncio\/lloguer-multifuncio-hp\/lloguer-granollers\/","og_locale":"ca_ES","og_type":"article","og_title":"Alquiler multifunci\u00f3n HP Granollers - Apen Inform\u00e1tica","og_description":"Ahora puedes alquilar una multifunci\u00f3n HP en Granollers para mejorar las prestaciones de tu actual impresora a un coste muy bajo para tu empresa.","og_url":"https:\/\/www.apen.es\/ca\/multifuncio\/lloguer-multifuncio-hp\/lloguer-granollers\/","og_site_name":"Apen Inform\u00e1tica","article_publisher":"https:\/\/www.facebook.com\/apensolucions","article_modified_time":"2025-05-23T08:30:12+00:00","og_image":[{"width":231,"height":82,"url":"https:\/\/www.apen.es\/wp-content\/uploads\/2016\/05\/logo-apen-231x82-trasparent.png","type":"image\/png"}],"twitter_card":"summary_large_image","twitter_misc":{"Temps estimat de lectura":"8 minuts"},"schema":{"@context":"https:\/\/schema.org","@graph":[{"@type":"WebPage","@id":"https:\/\/www.apen.es\/multifuncion\/alquiler-multifuncion-hp\/alquiler-granollers\/","url":"https:\/\/www.apen.es\/multifuncion\/alquiler-multifuncion-hp\/alquiler-granollers\/","name":"Lloguer multifunci\u00f3 HP Granollers - Apen Inform\u00e0tica","isPartOf":{"@id":"https:\/\/www.apen.es\/#website"},"datePublished":"2019-02-06T13:25:51+00:00","dateModified":"2025-05-23T08:30:12+00:00","description":"Ara pots llogar una multifunci\u00f3 HP a Granollers per millorar les prestacions de la teva impressora actual a un cost molt baix per a la teva empresa.","breadcrumb":{"@id":"https:\/\/www.apen.es\/multifuncion\/alquiler-multifuncion-hp\/alquiler-granollers\/#breadcrumb"},"inLanguage":"ca","potentialAction":[{"@type":"ReadAction","target":["https:\/\/www.apen.es\/multifuncion\/alquiler-multifuncion-hp\/alquiler-granollers\/"]}]},{"@type":"BreadcrumbList","@id":"https:\/\/www.apen.es\/multifuncion\/alquiler-multifuncion-hp\/alquiler-granollers\/#breadcrumb","itemListElement":[{"@type":"ListItem","position":1,"name":"Portada","item":"https:\/\/www.apen.es\/"},{"@type":"ListItem","position":2,"name":"Multifunci\u00f3n","item":"https:\/\/www.apen.es\/multifuncion\/"},{"@type":"ListItem","position":3,"name":"Alquiler multifunci\u00f3n HP","item":"https:\/\/www.apen.es\/multifuncion\/alquiler-multifuncion-hp\/"},{"@type":"ListItem","position":4,"name":"Alquiler multifunci\u00f3n HP Granollers"}]},{"@type":"WebSite","@id":"https:\/\/www.apen.es\/#website","url":"https:\/\/www.apen.es\/","name":"Apen Inform\u00e0tica","description":"Manteniment inform\u00e0tic , programari de gesti\u00f3, solucions d&#039;impressi\u00f3","publisher":{"@id":"https:\/\/www.apen.es\/#organization"},"potentialAction":[{"@type":"SearchAction","target":{"@type":"EntryPoint","urlTemplate":"https:\/\/www.apen.es\/?s={search_term_string}"},"query-input":{"@type":"PropertyValueSpecification","valueRequired":true,"valueName":"search_term_string"}}],"inLanguage":"ca"},{"@type":"Organization","@id":"https:\/\/www.apen.es\/#organization","name":"Apen: Solucions inform\u00e0tiques","url":"https:\/\/www.apen.es\/","logo":{"@type":"ImageObject","inLanguage":"ca","@id":"https:\/\/www.apen.es\/#\/schema\/logo\/image\/","url":"https:\/\/www.apen.es\/wp-content\/uploads\/2022\/08\/logo-apenok-231x82-1.png","contentUrl":"https:\/\/www.apen.es\/wp-content\/uploads\/2022\/08\/logo-apenok-231x82-1.png","width":231,"height":82,"caption":"Apen: Soluciones inform\u00e1ticas"},"image":{"@id":"https:\/\/www.apen.es\/#\/schema\/logo\/image\/"},"sameAs":["https:\/\/www.facebook.com\/apensolucions","https:\/\/www.youtube.com\/user\/ApenCentreInformatic","https:\/\/www.linkedin.com\/company\/1021771?trk=tyah&trkInfo=clickedVerticalcompanyclickedEntityId1021771idx2-1-2tarId1464195271196tasapenin"]}]}},"taxonomy_info":[],"featured_image_src_large":false,"author_info":{"display_name":"marqueting","author_link":"https:\/\/www.apen.es\/ca\/blog\/author\/marqueting\/"},"comment_info":0,"_links":{"self":[{"href":"https:\/\/www.apen.es\/ca\/wp-json\/wp\/v2\/pages\/12875","targetHints":{"allow":["GET"]}}],"collection":[{"href":"https:\/\/www.apen.es\/ca\/wp-json\/wp\/v2\/pages"}],"about":[{"href":"https:\/\/www.apen.es\/ca\/wp-json\/wp\/v2\/types\/page"}],"author":[{"embeddable":true,"href":"https:\/\/www.apen.es\/ca\/wp-json\/wp\/v2\/users\/4"}],"replies":[{"embeddable":true,"href":"https:\/\/www.apen.es\/ca\/wp-json\/wp\/v2\/comments?post=12875"}],"version-history":[{"count":3,"href":"https:\/\/www.apen.es\/ca\/wp-json\/wp\/v2\/pages\/12875\/revisions"}],"predecessor-version":[{"id":54924,"href":"https:\/\/www.apen.es\/ca\/wp-json\/wp\/v2\/pages\/12875\/revisions\/54924"}],"up":[{"embeddable":true,"href":"https:\/\/www.apen.es\/ca\/wp-json\/wp\/v2\/pages\/12865"}],"wp:attachment":[{"href":"https:\/\/www.apen.es\/ca\/wp-json\/wp\/v2\/media?parent=12875"}],"curies":[{"name":"wp","href":"https:\/\/api.w.org\/{rel}","templated":true}]}}