{"id":12869,"date":"2019-02-06T13:19:48","date_gmt":"2019-02-06T13:19:48","guid":{"rendered":"https:\/\/www.apen.es\/?page_id=12869"},"modified":"2025-05-23T08:31:12","modified_gmt":"2025-05-23T08:31:12","slug":"lloguer-barcelona","status":"publish","type":"page","link":"https:\/\/www.apen.es\/ca\/multifuncion\/alquiler-multifuncion-hp\/alquiler-barcelona\/","title":{"rendered":"Lloguer multifunci\u00f3 HP Barcelona"},"content":{"rendered":"<p>Si vols millorar la gesti\u00f3 de la teva empresa perqu\u00e8 sigui el m\u00e9s productiva, eficient i competitiva possible, des d&#039;Apen et recomanem que apostis pels equips multifuncionals amb qu\u00e8 aconseguir\u00e0s organitzar millor la feina, ser m\u00e9s competitiu i millorar la teva imatge de marca davant de la compet\u00e8ncia.<\/p>\n\n\n\n<p>Dentre les propostes polivalents per a la gesti\u00f3 empresarial que pots trobar a Apen volem parlar-te del&nbsp;<strong>lloguer multifunci\u00f3 HP&nbsp;<\/strong>a<strong>&nbsp;Barcelona<\/strong>, que consisteix en el r\u00e8nting d&#039;una impressora d&#039;\u00faltima generaci\u00f3 amb la qual podreu realitzar impressions de m\u00e0xima qualitat, durant el temps que necessiteu pagant nom\u00e9s per all\u00f2 que imprimiu. \u00c9s el m\u00e8tode anomenat \u201cpreu per c\u00f2pia\u201d consisteix a pagar per l&#039;\u00fas que fas de la impressora, sense tenir la necessitat de comprar-la.<\/p>\n\n\n\n<p>Aquest servei compta amb clars avantatges empresarials, com ara abaratir els costos anuals de les solucions d&#039;impressi\u00f3, realitzar impressions intel\u00b7ligents i de m\u00e0xima qualitat, gastar menys paper, realitzar multitasques, gaudir d&#039;un equip multifuncional amb una marca l\u00edder al sector, etc.<\/p>\n\n\n\n<p>Per\u00f2 no nom\u00e9s aix\u00f2, perqu\u00e8 si contractes el servei de&nbsp;<strong>lloguer multifunci\u00f3 HP<\/strong>&nbsp;a&nbsp;<strong>Barcelona<\/strong>&nbsp;tamb\u00e9 podeu disposar d&#039;una assist\u00e8ncia t\u00e8cnica professional en menys de 4 hores, del manteniment, de la instal\u00b7laci\u00f3 i la configuraci\u00f3, del recanvi de consumibles i peces, de la reparaci\u00f3 en cas d&#039;avaries i de tot l&#039;assessorament que necessiteu. Tot aix\u00f2 dut a terme per t\u00e8cnics professionals del sector, especialitzats en el manteniment i la seguretat inform\u00e0tica. Un servei excepcional, que completa al servei de&nbsp;<strong>lloguer multifunci\u00f3 HP<\/strong>&nbsp;a&nbsp;<strong>Barcelona<\/strong>, sense afegir costos addicionals.<\/p>\n\n\n\n<p>Gaudeix d&#039;un servei \u00fanic i avantatj\u00f3s a la teva empresa gr\u00e0cies a Apen, amb qu\u00e8 aconseguir\u00e0s fer una millor gesti\u00f3 de les impressions sent conscient del que gastes i utilitzant els millors equips multifuncionals d&#039;impressi\u00f3, de la m\u00e0 de les marques capdavanteres en aquest sector.<\/p>\n\n\n\n<p>A Apen pots trobar molts tipus de serveis polivalents a m\u00e9s del&nbsp;<strong>lloguer multifunci\u00f3 HP&nbsp;<\/strong>a<strong>&nbsp;Barcelona,<\/strong>&nbsp;com ara el programari a3ERP amb qu\u00e8 aconseguir\u00e0s tenir un control de l&#039;estructura empresarial molt m\u00e9s optimitzat, gr\u00e0cies a la unificaci\u00f3 de totes i cadascuna de les \u00e0rees de l&#039;empresa des d&#039;un \u00fanic programa.<\/p>\n\n\n\n<p>Aposta per la multifuncionalitat a trav\u00e9s dels equips multifuncionals i les eines tecnol\u00f2giques de les millors marques, que et proposem a Apen. Amb m\u00e9s de 25 anys d&#039;experi\u00e8ncia us podem assegurar bons i beneficiosos resultats per a la vostra empresa, perqu\u00e8 pugueu obtenir una soluci\u00f3 personalitzada i adaptada a les vostres necessitats reals.<\/p>\n\n\n\n<p>Posa&#039;t en contacte amb nosaltres i coneix totes les possibilitats que tens al teu abast, per aconseguir la millor versi\u00f3 de la teva empresa utilitzant els millors recursos, com s\u00f3n les impressions de qualitat o un programari de gesti\u00f3 empresarial. A Apen ens ocupem que aquests equips durin molt de temps en perfecte estat, perqu\u00e8 ens realitzem un manteniment preventiu i tamb\u00e9 tenim molt en compte la seguretat inform\u00e0tica, perqu\u00e8 no t&#039;hagis de preocupar per res.<\/p>","protected":false},"excerpt":{"rendered":"<p>Si quieres mejorar la gesti\u00f3n de tu empresa para que sea lo m\u00e1s productiva, eficiente y competitiva posible, desde Apen te recomendamos que apuestes por los equipos multifuncionales con los que conseguir\u00e1s organizar mejor el trabajo, ser m\u00e1s competitivo y mejorar tu imagen de marca frente a la competencia. De entre las propuestas polivalentes para&#8230;<\/p>","protected":false},"author":4,"featured_media":0,"parent":12865,"menu_order":0,"comment_status":"closed","ping_status":"closed","template":"page-renting-impresoras.php","meta":{"_acf_changed":false,"_kad_blocks_custom_css":"","_kad_blocks_head_custom_js":"","_kad_blocks_body_custom_js":"","_kad_blocks_footer_custom_js":"","_kad_post_transparent":"","_kad_post_title":"","_kad_post_layout":"","_kad_post_sidebar_id":"","_kad_post_content_style":"","_kad_post_vertical_padding":"","_kad_post_feature":"","_kad_post_feature_position":"","_kad_post_header":false,"_kad_post_footer":false,"_kad_post_classname":"","footnotes":""},"class_list":["post-12869","page","type-page","status-publish","hentry"],"acf":[],"yoast_head":"<!-- This site is optimized with the Yoast SEO plugin v27.4 - https:\/\/yoast.com\/product\/yoast-seo-wordpress\/ -->\n<title>Alquiler multifunci\u00f3n HP Barcelona - Apen Inform\u00e1tica<\/title>\n<meta name=\"description\" content=\"Ahora puedes alquilar una multifunci\u00f3n HP en Barcelona para mejorar las prestaciones de tu actual impresora a un coste muy bajo para tu empresa.\" \/>\n<meta name=\"robots\" content=\"index, follow, max-snippet:-1, max-image-preview:large, max-video-preview:-1\" \/>\n<link rel=\"canonical\" href=\"https:\/\/www.apen.es\/ca\/multifuncio\/lloguer-multifuncio-hp\/lloguer-barcelona\/\" \/>\n<meta property=\"og:locale\" content=\"ca_ES\" \/>\n<meta property=\"og:type\" content=\"article\" \/>\n<meta property=\"og:title\" content=\"Alquiler multifunci\u00f3n HP Barcelona - Apen Inform\u00e1tica\" \/>\n<meta property=\"og:description\" content=\"Ahora puedes alquilar una multifunci\u00f3n HP en Barcelona para mejorar las prestaciones de tu actual impresora a un coste muy bajo para tu empresa.\" \/>\n<meta property=\"og:url\" content=\"https:\/\/www.apen.es\/ca\/multifuncio\/lloguer-multifuncio-hp\/lloguer-barcelona\/\" \/>\n<meta property=\"og:site_name\" content=\"Apen Inform\u00e1tica\" \/>\n<meta property=\"article:publisher\" content=\"https:\/\/www.facebook.com\/apensolucions\" \/>\n<meta property=\"article:modified_time\" content=\"2025-05-23T08:31:12+00:00\" \/>\n<meta property=\"og:image\" content=\"https:\/\/www.apen.es\/wp-content\/uploads\/2016\/05\/logo-apen-231x82-trasparent.png\" \/>\n\t<meta property=\"og:image:width\" content=\"231\" \/>\n\t<meta property=\"og:image:height\" content=\"82\" \/>\n\t<meta property=\"og:image:type\" content=\"image\/png\" \/>\n<meta name=\"twitter:card\" content=\"summary_large_image\" \/>\n<meta name=\"twitter:label1\" content=\"Temps estimat de lectura\" \/>\n\t<meta name=\"twitter:data1\" content=\"8 minuts\" \/>\n<script type=\"application\/ld+json\" class=\"yoast-schema-graph\">{\"@context\":\"https:\\\/\\\/schema.org\",\"@graph\":[{\"@type\":\"WebPage\",\"@id\":\"https:\\\/\\\/www.apen.es\\\/multifuncion\\\/alquiler-multifuncion-hp\\\/alquiler-barcelona\\\/\",\"url\":\"https:\\\/\\\/www.apen.es\\\/multifuncion\\\/alquiler-multifuncion-hp\\\/alquiler-barcelona\\\/\",\"name\":\"Alquiler multifunci\u00f3n HP Barcelona - Apen Inform\u00e1tica\",\"isPartOf\":{\"@id\":\"https:\\\/\\\/www.apen.es\\\/#website\"},\"datePublished\":\"2019-02-06T13:19:48+00:00\",\"dateModified\":\"2025-05-23T08:31:12+00:00\",\"description\":\"Ahora puedes alquilar una multifunci\u00f3n HP en Barcelona para mejorar las prestaciones de tu actual impresora a un coste muy bajo para tu empresa.\",\"breadcrumb\":{\"@id\":\"https:\\\/\\\/www.apen.es\\\/multifuncion\\\/alquiler-multifuncion-hp\\\/alquiler-barcelona\\\/#breadcrumb\"},\"inLanguage\":\"ca\",\"potentialAction\":[{\"@type\":\"ReadAction\",\"target\":[\"https:\\\/\\\/www.apen.es\\\/multifuncion\\\/alquiler-multifuncion-hp\\\/alquiler-barcelona\\\/\"]}]},{\"@type\":\"BreadcrumbList\",\"@id\":\"https:\\\/\\\/www.apen.es\\\/multifuncion\\\/alquiler-multifuncion-hp\\\/alquiler-barcelona\\\/#breadcrumb\",\"itemListElement\":[{\"@type\":\"ListItem\",\"position\":1,\"name\":\"Portada\",\"item\":\"https:\\\/\\\/www.apen.es\\\/\"},{\"@type\":\"ListItem\",\"position\":2,\"name\":\"Multifunci\u00f3n\",\"item\":\"https:\\\/\\\/www.apen.es\\\/multifuncion\\\/\"},{\"@type\":\"ListItem\",\"position\":3,\"name\":\"Alquiler multifunci\u00f3n HP\",\"item\":\"https:\\\/\\\/www.apen.es\\\/multifuncion\\\/alquiler-multifuncion-hp\\\/\"},{\"@type\":\"ListItem\",\"position\":4,\"name\":\"Alquiler multifunci\u00f3n HP Barcelona\"}]},{\"@type\":\"WebSite\",\"@id\":\"https:\\\/\\\/www.apen.es\\\/#website\",\"url\":\"https:\\\/\\\/www.apen.es\\\/\",\"name\":\"Apen Inform\u00e1tica\",\"description\":\"Mantenimiento Inform\u00e1tico , Software de Gesti\u00f3n, Soluciones de impresi\u00f3n\",\"publisher\":{\"@id\":\"https:\\\/\\\/www.apen.es\\\/#organization\"},\"potentialAction\":[{\"@type\":\"SearchAction\",\"target\":{\"@type\":\"EntryPoint\",\"urlTemplate\":\"https:\\\/\\\/www.apen.es\\\/?s={search_term_string}\"},\"query-input\":{\"@type\":\"PropertyValueSpecification\",\"valueRequired\":true,\"valueName\":\"search_term_string\"}}],\"inLanguage\":\"ca\"},{\"@type\":\"Organization\",\"@id\":\"https:\\\/\\\/www.apen.es\\\/#organization\",\"name\":\"Apen: Soluciones inform\u00e1ticas\",\"url\":\"https:\\\/\\\/www.apen.es\\\/\",\"logo\":{\"@type\":\"ImageObject\",\"inLanguage\":\"ca\",\"@id\":\"https:\\\/\\\/www.apen.es\\\/#\\\/schema\\\/logo\\\/image\\\/\",\"url\":\"https:\\\/\\\/www.apen.es\\\/wp-content\\\/uploads\\\/2022\\\/08\\\/logo-apenok-231x82-1.png\",\"contentUrl\":\"https:\\\/\\\/www.apen.es\\\/wp-content\\\/uploads\\\/2022\\\/08\\\/logo-apenok-231x82-1.png\",\"width\":231,\"height\":82,\"caption\":\"Apen: Soluciones inform\u00e1ticas\"},\"image\":{\"@id\":\"https:\\\/\\\/www.apen.es\\\/#\\\/schema\\\/logo\\\/image\\\/\"},\"sameAs\":[\"https:\\\/\\\/www.facebook.com\\\/apensolucions\",\"https:\\\/\\\/www.youtube.com\\\/user\\\/ApenCentreInformatic\",\"https:\\\/\\\/www.linkedin.com\\\/company\\\/1021771?trk=tyah&trkInfo=clickedVerticalcompanyclickedEntityId1021771idx2-1-2tarId1464195271196tasapenin\"]}]}<\/script>\n<!-- \/ Yoast SEO plugin. -->","yoast_head_json":{"title":"Lloguer multifunci\u00f3 HP Barcelona - Apen Inform\u00e0tica","description":"Ara pots llogar una multifunci\u00f3 HP a Barcelona per millorar les prestacions de la teva impressora actual a un cost molt baix per a la teva empresa.","robots":{"index":"index","follow":"follow","max-snippet":"max-snippet:-1","max-image-preview":"max-image-preview:large","max-video-preview":"max-video-preview:-1"},"canonical":"https:\/\/www.apen.es\/ca\/multifuncio\/lloguer-multifuncio-hp\/lloguer-barcelona\/","og_locale":"ca_ES","og_type":"article","og_title":"Alquiler multifunci\u00f3n HP Barcelona - Apen Inform\u00e1tica","og_description":"Ahora puedes alquilar una multifunci\u00f3n HP en Barcelona para mejorar las prestaciones de tu actual impresora a un coste muy bajo para tu empresa.","og_url":"https:\/\/www.apen.es\/ca\/multifuncio\/lloguer-multifuncio-hp\/lloguer-barcelona\/","og_site_name":"Apen Inform\u00e1tica","article_publisher":"https:\/\/www.facebook.com\/apensolucions","article_modified_time":"2025-05-23T08:31:12+00:00","og_image":[{"width":231,"height":82,"url":"https:\/\/www.apen.es\/wp-content\/uploads\/2016\/05\/logo-apen-231x82-trasparent.png","type":"image\/png"}],"twitter_card":"summary_large_image","twitter_misc":{"Temps estimat de lectura":"8 minuts"},"schema":{"@context":"https:\/\/schema.org","@graph":[{"@type":"WebPage","@id":"https:\/\/www.apen.es\/multifuncion\/alquiler-multifuncion-hp\/alquiler-barcelona\/","url":"https:\/\/www.apen.es\/multifuncion\/alquiler-multifuncion-hp\/alquiler-barcelona\/","name":"Lloguer multifunci\u00f3 HP Barcelona - Apen Inform\u00e0tica","isPartOf":{"@id":"https:\/\/www.apen.es\/#website"},"datePublished":"2019-02-06T13:19:48+00:00","dateModified":"2025-05-23T08:31:12+00:00","description":"Ara pots llogar una multifunci\u00f3 HP a Barcelona per millorar les prestacions de la teva impressora actual a un cost molt baix per a la teva empresa.","breadcrumb":{"@id":"https:\/\/www.apen.es\/multifuncion\/alquiler-multifuncion-hp\/alquiler-barcelona\/#breadcrumb"},"inLanguage":"ca","potentialAction":[{"@type":"ReadAction","target":["https:\/\/www.apen.es\/multifuncion\/alquiler-multifuncion-hp\/alquiler-barcelona\/"]}]},{"@type":"BreadcrumbList","@id":"https:\/\/www.apen.es\/multifuncion\/alquiler-multifuncion-hp\/alquiler-barcelona\/#breadcrumb","itemListElement":[{"@type":"ListItem","position":1,"name":"Portada","item":"https:\/\/www.apen.es\/"},{"@type":"ListItem","position":2,"name":"Multifunci\u00f3n","item":"https:\/\/www.apen.es\/multifuncion\/"},{"@type":"ListItem","position":3,"name":"Alquiler multifunci\u00f3n HP","item":"https:\/\/www.apen.es\/multifuncion\/alquiler-multifuncion-hp\/"},{"@type":"ListItem","position":4,"name":"Alquiler multifunci\u00f3n HP Barcelona"}]},{"@type":"WebSite","@id":"https:\/\/www.apen.es\/#website","url":"https:\/\/www.apen.es\/","name":"Apen Inform\u00e0tica","description":"Manteniment inform\u00e0tic , programari de gesti\u00f3, solucions d&#039;impressi\u00f3","publisher":{"@id":"https:\/\/www.apen.es\/#organization"},"potentialAction":[{"@type":"SearchAction","target":{"@type":"EntryPoint","urlTemplate":"https:\/\/www.apen.es\/?s={search_term_string}"},"query-input":{"@type":"PropertyValueSpecification","valueRequired":true,"valueName":"search_term_string"}}],"inLanguage":"ca"},{"@type":"Organization","@id":"https:\/\/www.apen.es\/#organization","name":"Apen: Solucions inform\u00e0tiques","url":"https:\/\/www.apen.es\/","logo":{"@type":"ImageObject","inLanguage":"ca","@id":"https:\/\/www.apen.es\/#\/schema\/logo\/image\/","url":"https:\/\/www.apen.es\/wp-content\/uploads\/2022\/08\/logo-apenok-231x82-1.png","contentUrl":"https:\/\/www.apen.es\/wp-content\/uploads\/2022\/08\/logo-apenok-231x82-1.png","width":231,"height":82,"caption":"Apen: Soluciones inform\u00e1ticas"},"image":{"@id":"https:\/\/www.apen.es\/#\/schema\/logo\/image\/"},"sameAs":["https:\/\/www.facebook.com\/apensolucions","https:\/\/www.youtube.com\/user\/ApenCentreInformatic","https:\/\/www.linkedin.com\/company\/1021771?trk=tyah&trkInfo=clickedVerticalcompanyclickedEntityId1021771idx2-1-2tarId1464195271196tasapenin"]}]}},"taxonomy_info":[],"featured_image_src_large":false,"author_info":{"display_name":"marqueting","author_link":"https:\/\/www.apen.es\/ca\/blog\/author\/marqueting\/"},"comment_info":0,"_links":{"self":[{"href":"https:\/\/www.apen.es\/ca\/wp-json\/wp\/v2\/pages\/12869","targetHints":{"allow":["GET"]}}],"collection":[{"href":"https:\/\/www.apen.es\/ca\/wp-json\/wp\/v2\/pages"}],"about":[{"href":"https:\/\/www.apen.es\/ca\/wp-json\/wp\/v2\/types\/page"}],"author":[{"embeddable":true,"href":"https:\/\/www.apen.es\/ca\/wp-json\/wp\/v2\/users\/4"}],"replies":[{"embeddable":true,"href":"https:\/\/www.apen.es\/ca\/wp-json\/wp\/v2\/comments?post=12869"}],"version-history":[{"count":3,"href":"https:\/\/www.apen.es\/ca\/wp-json\/wp\/v2\/pages\/12869\/revisions"}],"predecessor-version":[{"id":54932,"href":"https:\/\/www.apen.es\/ca\/wp-json\/wp\/v2\/pages\/12869\/revisions\/54932"}],"up":[{"embeddable":true,"href":"https:\/\/www.apen.es\/ca\/wp-json\/wp\/v2\/pages\/12865"}],"wp:attachment":[{"href":"https:\/\/www.apen.es\/ca\/wp-json\/wp\/v2\/media?parent=12869"}],"curies":[{"name":"wp","href":"https:\/\/api.w.org\/{rel}","templated":true}]}}