{"id":12867,"date":"2019-02-06T13:17:10","date_gmt":"2019-02-06T13:17:10","guid":{"rendered":"https:\/\/www.apen.es\/?page_id=12867"},"modified":"2025-05-23T08:31:15","modified_gmt":"2025-05-23T08:31:15","slug":"lloguer-sabadell","status":"publish","type":"page","link":"https:\/\/www.apen.es\/ca\/multifuncion\/alquiler-multifuncion-hp\/alquiler-sabadell\/","title":{"rendered":"Lloguer multifunci\u00f3 HP Sabadell"},"content":{"rendered":"<p>A Apen pots trobar tot tipus de serveis enfocats a millorar la gesti\u00f3 de les empreses com ara el&nbsp;<strong>lloguer multifunci\u00f3 HP&nbsp;<\/strong>a<strong>&nbsp;Sabadell<\/strong>, que et permet fer impressions de m\u00e0xima qualitat amb equips d&#039;\u00faltima generaci\u00f3 a un preu molt competitiu, sense tenir cap tipus de cost addicional nom\u00e9s pagant per les p\u00e0gines que imprimeixes.<\/p>\n\n\n\n<p>\u00c9s el m\u00e8tode anomenat \u201cpreu per c\u00f2pia\u201d que consisteix a pagar pel servei i no pel producte, \u00e9s a dir, pagar pel que imprimeixes i no per la impressora. De manera que el client \u00e9s m\u00e9s lliure per decidir si vol seguir amb un servei de r\u00e8nting o si decideix comprar-la, tenint abans l&#039;oportunitat de veure com funciona i si s&#039;adapta i no a les seves necessitats.<\/p>\n\n\n\n<p>Aquest sistema nou permet finan\u00e7ar el pagament i abaratir els costos anuals de l&#039;empresa, pel que fa a despeses d&#039;impressi\u00f3, permetent impressions m\u00e9s conscients i evitant el malbaratament de paper. Des d&#039;Apen creiem que el&nbsp;<strong>lloguer multifunci\u00f3 HP&nbsp;<\/strong>a<strong>&nbsp;Sabadell<\/strong>&nbsp;\u00e9s un m\u00e8tode m\u00e9s just amb el client i amb el medi ambient, perqu\u00e8 a m\u00e9s de gestionar la despesa de paper de manera m\u00e9s sostenible, a Apen reciclem d&#039;una manera eficient els consumibles quan s&#039;acaben.<\/p>\n\n\n\n<p>Podr\u00e0s gaudir d&#039;un servei t\u00e8cnic de m\u00e0xima qualitat que va incl\u00f2s dins del&nbsp;<strong>lloguer multifunci\u00f3 HP Sabadell<\/strong>, perqu\u00e8 gaudeixis d&#039;un servei integral amb qu\u00e8 nom\u00e9s t&#039;haur\u00e0s de preocupar de pagar per all\u00f2 que imprimeixes i ocupar-te del subministrament el\u00e8ctric de l&#039;equip. De la resta de gestions ens ocupem des d&#039;Apen, com per exemple de la instal\u00b7laci\u00f3 de la impressora, de la configuraci\u00f3, manteniment, recanvi de peces i consumibles, reparaci\u00f3, etc. Com a especialistes en el manteniment i la seguretat inform\u00e0tica us podem assegurar un servei de qualitat i professionalitat, avalats per m\u00e9s de 25 anys d&#039;experi\u00e8ncia en aquest sector.<\/p>\n\n\n\n<p>En definitiva, el&nbsp;<strong>lloguer multifunci\u00f3 HP&nbsp;<\/strong>a<strong>&nbsp;Sabadell<\/strong>&nbsp;es presenta com a alternativa a la compra d&#039;equips inform\u00e0tics polivalents, que permet adaptar-se a les necessitats de cada empresa, independentment del tipus de PIME. A m\u00e9s a m\u00e9s del r\u00e8nting comptem amb m\u00e9s serveis que poden millorar la gesti\u00f3 empresarial, com ara la instal\u00b7laci\u00f3 d&#039;un programari a3ERP, amb el qual podr\u00e0s gestionar totes les \u00e0rees de la teva empresa des d&#039;un \u00fanic programa.<\/p>\n\n\n\n<p>Les empreses que compten amb equips multifuncionals aconsegueixen grans millores en menys temps i els permet ser m\u00e9s pr\u00e0ctics i productius en la seva feina, cosa que pot suposar m\u00e9s facilitat per saber quines s\u00f3n les seves prioritats i centrar-se en assumptes m\u00e9s importants, per millorar i aconseguir diferenciar-se de la compet\u00e8ncia. Per aix\u00f2 et recomanem que provis aquest nou servei de&nbsp;<strong>lloguer multifunci\u00f3 HP&nbsp;<\/strong>a<strong>&nbsp;Sabadell<\/strong>, aix\u00ed com la resta de serveis d&#039;Apen amb els que pretenem fer que el teu treball sigui el m\u00e9s eficient, pr\u00e0ctic i competitiu possible, mitjan\u00e7ant les eines tecnol\u00f2giques que et podem oferir.<\/p>","protected":false},"excerpt":{"rendered":"<p>En Apen puedes encontrar todo tipo de servicios enfocados a mejorar la gesti\u00f3n de las empresas como por ejemplo el&nbsp;alquiler multifunci\u00f3n HP&nbsp;en&nbsp;Sabadell, que te permite realizar impresiones de m\u00e1xima calidad con equipos de \u00faltima generaci\u00f3n a un precio muy competitivo, sin tener ning\u00fan tipo de coste adicional s\u00f3lo pagando por las p\u00e1ginas que imprimes. Es&#8230;<\/p>","protected":false},"author":4,"featured_media":0,"parent":12865,"menu_order":0,"comment_status":"closed","ping_status":"closed","template":"page-renting-impresoras.php","meta":{"_acf_changed":false,"_kad_blocks_custom_css":"","_kad_blocks_head_custom_js":"","_kad_blocks_body_custom_js":"","_kad_blocks_footer_custom_js":"","_kad_post_transparent":"","_kad_post_title":"","_kad_post_layout":"","_kad_post_sidebar_id":"","_kad_post_content_style":"","_kad_post_vertical_padding":"","_kad_post_feature":"","_kad_post_feature_position":"","_kad_post_header":false,"_kad_post_footer":false,"_kad_post_classname":"","footnotes":""},"class_list":["post-12867","page","type-page","status-publish","hentry"],"acf":[],"yoast_head":"<!-- This site is optimized with the Yoast SEO plugin v27.4 - https:\/\/yoast.com\/product\/yoast-seo-wordpress\/ -->\n<title>Alquiler multifunci\u00f3n HP Sabadell - Apen Inform\u00e1tica<\/title>\n<meta name=\"description\" content=\"Ahora puedes alquilar una multifunci\u00f3n HP en Sabadell para mejorar las prestaciones de tu actual impresora a un coste muy bajo para tu empresa. Conf\u00eda en Apen.\" \/>\n<meta name=\"robots\" content=\"index, follow, max-snippet:-1, max-image-preview:large, max-video-preview:-1\" \/>\n<link rel=\"canonical\" href=\"https:\/\/www.apen.es\/ca\/multifuncio\/lloguer-multifuncio-hp\/lloguer-sabadell\/\" \/>\n<meta property=\"og:locale\" content=\"ca_ES\" \/>\n<meta property=\"og:type\" content=\"article\" \/>\n<meta property=\"og:title\" content=\"Alquiler multifunci\u00f3n HP Sabadell - Apen Inform\u00e1tica\" \/>\n<meta property=\"og:description\" content=\"Ahora puedes alquilar una multifunci\u00f3n HP en Sabadell para mejorar las prestaciones de tu actual impresora a un coste muy bajo para tu empresa. Conf\u00eda en Apen.\" \/>\n<meta property=\"og:url\" content=\"https:\/\/www.apen.es\/ca\/multifuncio\/lloguer-multifuncio-hp\/lloguer-sabadell\/\" \/>\n<meta property=\"og:site_name\" content=\"Apen Inform\u00e1tica\" \/>\n<meta property=\"article:publisher\" content=\"https:\/\/www.facebook.com\/apensolucions\" \/>\n<meta property=\"article:modified_time\" content=\"2025-05-23T08:31:15+00:00\" \/>\n<meta property=\"og:image\" content=\"https:\/\/www.apen.es\/wp-content\/uploads\/2016\/05\/logo-apen-231x82-trasparent.png\" \/>\n\t<meta property=\"og:image:width\" content=\"231\" \/>\n\t<meta property=\"og:image:height\" content=\"82\" \/>\n\t<meta property=\"og:image:type\" content=\"image\/png\" \/>\n<meta name=\"twitter:card\" content=\"summary_large_image\" \/>\n<meta name=\"twitter:label1\" content=\"Temps estimat de lectura\" \/>\n\t<meta name=\"twitter:data1\" content=\"8 minuts\" \/>\n<script type=\"application\/ld+json\" class=\"yoast-schema-graph\">{\"@context\":\"https:\\\/\\\/schema.org\",\"@graph\":[{\"@type\":\"WebPage\",\"@id\":\"https:\\\/\\\/www.apen.es\\\/multifuncion\\\/alquiler-multifuncion-hp\\\/alquiler-sabadell\\\/\",\"url\":\"https:\\\/\\\/www.apen.es\\\/multifuncion\\\/alquiler-multifuncion-hp\\\/alquiler-sabadell\\\/\",\"name\":\"Alquiler multifunci\u00f3n HP Sabadell - Apen Inform\u00e1tica\",\"isPartOf\":{\"@id\":\"https:\\\/\\\/www.apen.es\\\/#website\"},\"datePublished\":\"2019-02-06T13:17:10+00:00\",\"dateModified\":\"2025-05-23T08:31:15+00:00\",\"description\":\"Ahora puedes alquilar una multifunci\u00f3n HP en Sabadell para mejorar las prestaciones de tu actual impresora a un coste muy bajo para tu empresa. Conf\u00eda en Apen.\",\"breadcrumb\":{\"@id\":\"https:\\\/\\\/www.apen.es\\\/multifuncion\\\/alquiler-multifuncion-hp\\\/alquiler-sabadell\\\/#breadcrumb\"},\"inLanguage\":\"ca\",\"potentialAction\":[{\"@type\":\"ReadAction\",\"target\":[\"https:\\\/\\\/www.apen.es\\\/multifuncion\\\/alquiler-multifuncion-hp\\\/alquiler-sabadell\\\/\"]}]},{\"@type\":\"BreadcrumbList\",\"@id\":\"https:\\\/\\\/www.apen.es\\\/multifuncion\\\/alquiler-multifuncion-hp\\\/alquiler-sabadell\\\/#breadcrumb\",\"itemListElement\":[{\"@type\":\"ListItem\",\"position\":1,\"name\":\"Portada\",\"item\":\"https:\\\/\\\/www.apen.es\\\/\"},{\"@type\":\"ListItem\",\"position\":2,\"name\":\"Multifunci\u00f3n\",\"item\":\"https:\\\/\\\/www.apen.es\\\/multifuncion\\\/\"},{\"@type\":\"ListItem\",\"position\":3,\"name\":\"Alquiler multifunci\u00f3n HP\",\"item\":\"https:\\\/\\\/www.apen.es\\\/multifuncion\\\/alquiler-multifuncion-hp\\\/\"},{\"@type\":\"ListItem\",\"position\":4,\"name\":\"Alquiler multifunci\u00f3n HP Sabadell\"}]},{\"@type\":\"WebSite\",\"@id\":\"https:\\\/\\\/www.apen.es\\\/#website\",\"url\":\"https:\\\/\\\/www.apen.es\\\/\",\"name\":\"Apen Inform\u00e1tica\",\"description\":\"Mantenimiento Inform\u00e1tico , Software de Gesti\u00f3n, Soluciones de impresi\u00f3n\",\"publisher\":{\"@id\":\"https:\\\/\\\/www.apen.es\\\/#organization\"},\"potentialAction\":[{\"@type\":\"SearchAction\",\"target\":{\"@type\":\"EntryPoint\",\"urlTemplate\":\"https:\\\/\\\/www.apen.es\\\/?s={search_term_string}\"},\"query-input\":{\"@type\":\"PropertyValueSpecification\",\"valueRequired\":true,\"valueName\":\"search_term_string\"}}],\"inLanguage\":\"ca\"},{\"@type\":\"Organization\",\"@id\":\"https:\\\/\\\/www.apen.es\\\/#organization\",\"name\":\"Apen: Soluciones inform\u00e1ticas\",\"url\":\"https:\\\/\\\/www.apen.es\\\/\",\"logo\":{\"@type\":\"ImageObject\",\"inLanguage\":\"ca\",\"@id\":\"https:\\\/\\\/www.apen.es\\\/#\\\/schema\\\/logo\\\/image\\\/\",\"url\":\"https:\\\/\\\/www.apen.es\\\/wp-content\\\/uploads\\\/2022\\\/08\\\/logo-apenok-231x82-1.png\",\"contentUrl\":\"https:\\\/\\\/www.apen.es\\\/wp-content\\\/uploads\\\/2022\\\/08\\\/logo-apenok-231x82-1.png\",\"width\":231,\"height\":82,\"caption\":\"Apen: Soluciones inform\u00e1ticas\"},\"image\":{\"@id\":\"https:\\\/\\\/www.apen.es\\\/#\\\/schema\\\/logo\\\/image\\\/\"},\"sameAs\":[\"https:\\\/\\\/www.facebook.com\\\/apensolucions\",\"https:\\\/\\\/www.youtube.com\\\/user\\\/ApenCentreInformatic\",\"https:\\\/\\\/www.linkedin.com\\\/company\\\/1021771?trk=tyah&trkInfo=clickedVerticalcompanyclickedEntityId1021771idx2-1-2tarId1464195271196tasapenin\"]}]}<\/script>\n<!-- \/ Yoast SEO plugin. -->","yoast_head_json":{"title":"Lloguer multifunci\u00f3 HP Sabadell - Apen Inform\u00e0tica","description":"Ara pots llogar una multifunci\u00f3 HP a Sabadell per millorar les prestacions de la teva impressora actual a un cost molt baix per a la teva empresa. Confia en Apen.","robots":{"index":"index","follow":"follow","max-snippet":"max-snippet:-1","max-image-preview":"max-image-preview:large","max-video-preview":"max-video-preview:-1"},"canonical":"https:\/\/www.apen.es\/ca\/multifuncio\/lloguer-multifuncio-hp\/lloguer-sabadell\/","og_locale":"ca_ES","og_type":"article","og_title":"Alquiler multifunci\u00f3n HP Sabadell - Apen Inform\u00e1tica","og_description":"Ahora puedes alquilar una multifunci\u00f3n HP en Sabadell para mejorar las prestaciones de tu actual impresora a un coste muy bajo para tu empresa. Conf\u00eda en Apen.","og_url":"https:\/\/www.apen.es\/ca\/multifuncio\/lloguer-multifuncio-hp\/lloguer-sabadell\/","og_site_name":"Apen Inform\u00e1tica","article_publisher":"https:\/\/www.facebook.com\/apensolucions","article_modified_time":"2025-05-23T08:31:15+00:00","og_image":[{"width":231,"height":82,"url":"https:\/\/www.apen.es\/wp-content\/uploads\/2016\/05\/logo-apen-231x82-trasparent.png","type":"image\/png"}],"twitter_card":"summary_large_image","twitter_misc":{"Temps estimat de lectura":"8 minuts"},"schema":{"@context":"https:\/\/schema.org","@graph":[{"@type":"WebPage","@id":"https:\/\/www.apen.es\/multifuncion\/alquiler-multifuncion-hp\/alquiler-sabadell\/","url":"https:\/\/www.apen.es\/multifuncion\/alquiler-multifuncion-hp\/alquiler-sabadell\/","name":"Lloguer multifunci\u00f3 HP Sabadell - Apen Inform\u00e0tica","isPartOf":{"@id":"https:\/\/www.apen.es\/#website"},"datePublished":"2019-02-06T13:17:10+00:00","dateModified":"2025-05-23T08:31:15+00:00","description":"Ara pots llogar una multifunci\u00f3 HP a Sabadell per millorar les prestacions de la teva impressora actual a un cost molt baix per a la teva empresa. Confia en Apen.","breadcrumb":{"@id":"https:\/\/www.apen.es\/multifuncion\/alquiler-multifuncion-hp\/alquiler-sabadell\/#breadcrumb"},"inLanguage":"ca","potentialAction":[{"@type":"ReadAction","target":["https:\/\/www.apen.es\/multifuncion\/alquiler-multifuncion-hp\/alquiler-sabadell\/"]}]},{"@type":"BreadcrumbList","@id":"https:\/\/www.apen.es\/multifuncion\/alquiler-multifuncion-hp\/alquiler-sabadell\/#breadcrumb","itemListElement":[{"@type":"ListItem","position":1,"name":"Portada","item":"https:\/\/www.apen.es\/"},{"@type":"ListItem","position":2,"name":"Multifunci\u00f3n","item":"https:\/\/www.apen.es\/multifuncion\/"},{"@type":"ListItem","position":3,"name":"Alquiler multifunci\u00f3n HP","item":"https:\/\/www.apen.es\/multifuncion\/alquiler-multifuncion-hp\/"},{"@type":"ListItem","position":4,"name":"Alquiler multifunci\u00f3n HP Sabadell"}]},{"@type":"WebSite","@id":"https:\/\/www.apen.es\/#website","url":"https:\/\/www.apen.es\/","name":"Apen Inform\u00e0tica","description":"Manteniment inform\u00e0tic , programari de gesti\u00f3, solucions d&#039;impressi\u00f3","publisher":{"@id":"https:\/\/www.apen.es\/#organization"},"potentialAction":[{"@type":"SearchAction","target":{"@type":"EntryPoint","urlTemplate":"https:\/\/www.apen.es\/?s={search_term_string}"},"query-input":{"@type":"PropertyValueSpecification","valueRequired":true,"valueName":"search_term_string"}}],"inLanguage":"ca"},{"@type":"Organization","@id":"https:\/\/www.apen.es\/#organization","name":"Apen: Solucions inform\u00e0tiques","url":"https:\/\/www.apen.es\/","logo":{"@type":"ImageObject","inLanguage":"ca","@id":"https:\/\/www.apen.es\/#\/schema\/logo\/image\/","url":"https:\/\/www.apen.es\/wp-content\/uploads\/2022\/08\/logo-apenok-231x82-1.png","contentUrl":"https:\/\/www.apen.es\/wp-content\/uploads\/2022\/08\/logo-apenok-231x82-1.png","width":231,"height":82,"caption":"Apen: Soluciones inform\u00e1ticas"},"image":{"@id":"https:\/\/www.apen.es\/#\/schema\/logo\/image\/"},"sameAs":["https:\/\/www.facebook.com\/apensolucions","https:\/\/www.youtube.com\/user\/ApenCentreInformatic","https:\/\/www.linkedin.com\/company\/1021771?trk=tyah&trkInfo=clickedVerticalcompanyclickedEntityId1021771idx2-1-2tarId1464195271196tasapenin"]}]}},"taxonomy_info":[],"featured_image_src_large":false,"author_info":{"display_name":"marqueting","author_link":"https:\/\/www.apen.es\/ca\/blog\/author\/marqueting\/"},"comment_info":0,"_links":{"self":[{"href":"https:\/\/www.apen.es\/ca\/wp-json\/wp\/v2\/pages\/12867","targetHints":{"allow":["GET"]}}],"collection":[{"href":"https:\/\/www.apen.es\/ca\/wp-json\/wp\/v2\/pages"}],"about":[{"href":"https:\/\/www.apen.es\/ca\/wp-json\/wp\/v2\/types\/page"}],"author":[{"embeddable":true,"href":"https:\/\/www.apen.es\/ca\/wp-json\/wp\/v2\/users\/4"}],"replies":[{"embeddable":true,"href":"https:\/\/www.apen.es\/ca\/wp-json\/wp\/v2\/comments?post=12867"}],"version-history":[{"count":3,"href":"https:\/\/www.apen.es\/ca\/wp-json\/wp\/v2\/pages\/12867\/revisions"}],"predecessor-version":[{"id":54933,"href":"https:\/\/www.apen.es\/ca\/wp-json\/wp\/v2\/pages\/12867\/revisions\/54933"}],"up":[{"embeddable":true,"href":"https:\/\/www.apen.es\/ca\/wp-json\/wp\/v2\/pages\/12865"}],"wp:attachment":[{"href":"https:\/\/www.apen.es\/ca\/wp-json\/wp\/v2\/media?parent=12867"}],"curies":[{"name":"wp","href":"https:\/\/api.w.org\/{rel}","templated":true}]}}