{"id":12857,"date":"2019-02-06T12:44:32","date_gmt":"2019-02-06T12:44:32","guid":{"rendered":"https:\/\/www.apen.es\/?page_id=12857"},"modified":"2025-05-23T08:13:52","modified_gmt":"2025-05-23T08:13:52","slug":"alquiler-vic","status":"publish","type":"page","link":"https:\/\/www.apen.es\/ca\/fotocopiadora\/alquiler-fotocopiadora-konica-minolta\/alquiler-vic\/","title":{"rendered":"Lloguer fotocopiadora Konica Minolta Vic"},"content":{"rendered":"<p>Cada vegada s\u00f3n m\u00e9s les empreses que volen estar preparades per dur a terme de manera molt m\u00e9s efectiva i r\u00e0pida totes les tasques necess\u00e0ries per al funcionament correcte del seu negoci. Per fer-ho, cal disposar d&#039;un gran equip de treballadors, aix\u00ed com dels millors aparells d&#039;impressi\u00f3 o similars. Per aquest motiu, a Apen oferim un servei de&nbsp;<strong>lloguer de fotocopiadores Konicaminolta a Vic<\/strong>. Aquest servei va destinat a donar soluci\u00f3 a totes aquelles empreses que aix\u00ed ho requereixin, siguin grans o petites i independentment del sector a qu\u00e8 es dediquin.<\/p>\n\n\n\n<p>S\u00f3n moltes les empreses que requereixen aparells molt sofisticats per dur a terme les seves tasques, per\u00f2 la veritat \u00e9s que no se&#039;n pot saber l&#039;efectivitat a cada empresa fins que aquesta no la utilitza i duu a terme les seves tasques di\u00e0ries. Molts negocis utilitzen el servei de&nbsp;<strong>lloguer de fotocopiadores Konicaminolta a Vic<\/strong>&nbsp;per tenir un temps en qu\u00e8 provar laparell abans de fer el pas de comprar-lo. Aquests productes suposen un cost una mica elevat, per la qual cosa \u00e9s important estar segur de la decisi\u00f3 abans de comprar aquest producte, ja que despr\u00e9s haur\u00e0 de carregar aquest cost i el del seu manteniment.<\/p>\n\n\n\n<p>La resta d&#039;empreses que contracten aquest servei de&nbsp;<strong>lloguer de fotocopiadores Konicaminolta a Vic<\/strong>, ho fan amb la idea de disposar dun producte de gran qualitat, per\u00f2 pagant un preu assequible. No totes les empreses poden permetre una compra d&#039;aquestes caracter\u00edstiques, per la qual cosa el poden lloguer i \u00fanicament han de pagar una quota mensual que s&#039;estableix pr\u00e8viament per les dues parts. A m\u00e9s, si cal fer manteniment o qualsevol tipus de reparaci\u00f3, la nostra empresa s&#039;encarregar\u00e0 de tot, sempre que no sigui degut per un mal \u00fas del producte.<\/p>\n\n\n\n<p>Cal destacar que aquest servei pot suposar un gran avantatge per a tot tipus d&#039;empreses, independentment de la mida. D&#039;aquesta manera, qualsevol empresa que vulgui disposar d&#039;un producte que, en aquest moment, est\u00e0 fora de les seves possibilitats, podr\u00e0 fer-ho de manera r\u00e0pida i molt m\u00e9s assequible. Amb el servei de&nbsp;<strong>lloguer de fotocopiadores Konicaminolta a Vic<\/strong>, el client sabr\u00e0 el que pagar\u00e0 cada mes sense que sorgeixin despeses imprevistes que puguin ser una dificultat per al funcionament correcte de tota l&#039;empresa.<\/p>\n\n\n\n<p>En el cas en qu\u00e8 vulgueu con\u00e8ixer m\u00e9s sobre la nostra empresa o sobre el nostre servei de&nbsp;<strong>lloguer de fotocopiadores Konicaminolta a Vic<\/strong>, no dubteu a posar-se en contacte amb nosaltres. Disposem d&#039;un gran equip de professionals que estar\u00e0 encantat d&#039;atendre&#039;l i resoldre qualsevol dubte que pugui tenir sense cap mena de comprom\u00eds. Tamb\u00e9 us oferirem tota la informaci\u00f3 que requereixi.<\/p>","protected":false},"excerpt":{"rendered":"<p>Cada vez son m\u00e1s las empresas que quieren estar preparadas para llevar a cabo de una forma mucho m\u00e1s efectiva y r\u00e1pida todas las labores necesarias para el correcto funcionamiento de su negocio. Para ello, es necesario disponer de un gran equipo de trabajadores, as\u00ed como de los mejores aparatos de impresi\u00f3n o similares. Por&#8230;<\/p>","protected":false},"author":4,"featured_media":0,"parent":12848,"menu_order":0,"comment_status":"closed","ping_status":"closed","template":"page-renting-impresoras.php","meta":{"_acf_changed":false,"_kad_blocks_custom_css":"","_kad_blocks_head_custom_js":"","_kad_blocks_body_custom_js":"","_kad_blocks_footer_custom_js":"","_kad_post_transparent":"","_kad_post_title":"","_kad_post_layout":"","_kad_post_sidebar_id":"","_kad_post_content_style":"","_kad_post_vertical_padding":"","_kad_post_feature":"","_kad_post_feature_position":"","_kad_post_header":false,"_kad_post_footer":false,"_kad_post_classname":"","footnotes":""},"class_list":["post-12857","page","type-page","status-publish","hentry"],"acf":[],"yoast_head":"<!-- This site is optimized with the Yoast SEO plugin v27.4 - https:\/\/yoast.com\/product\/yoast-seo-wordpress\/ -->\n<title>Alquiler fotocopiadora Konica Minolta Vic - Apen Inform\u00e1tica<\/title>\n<meta name=\"description\" content=\"Alquiler de fotocopiadoras de la marca Konica Minolta en Vic. Soluciones de impresi\u00f3n para empresas. Renting y Alquiler de impresoras y fotocopiadora.\" \/>\n<meta name=\"robots\" content=\"index, follow, max-snippet:-1, max-image-preview:large, max-video-preview:-1\" \/>\n<link rel=\"canonical\" href=\"https:\/\/www.apen.es\/ca\/fotocopiadora\/alquiler-fotocopiadora-konica-minolta\/alquiler-vic\/\" \/>\n<meta property=\"og:locale\" content=\"ca_ES\" \/>\n<meta property=\"og:type\" content=\"article\" \/>\n<meta property=\"og:title\" content=\"Alquiler fotocopiadora Konica Minolta Vic - Apen Inform\u00e1tica\" \/>\n<meta property=\"og:description\" content=\"Alquiler de fotocopiadoras de la marca Konica Minolta en Vic. Soluciones de impresi\u00f3n para empresas. Renting y Alquiler de impresoras y fotocopiadora.\" \/>\n<meta property=\"og:url\" content=\"https:\/\/www.apen.es\/ca\/fotocopiadora\/alquiler-fotocopiadora-konica-minolta\/alquiler-vic\/\" \/>\n<meta property=\"og:site_name\" content=\"Apen Inform\u00e1tica\" \/>\n<meta property=\"article:publisher\" content=\"https:\/\/www.facebook.com\/apensolucions\" \/>\n<meta property=\"article:modified_time\" content=\"2025-05-23T08:13:52+00:00\" \/>\n<meta property=\"og:image\" content=\"https:\/\/www.apen.es\/wp-content\/uploads\/2016\/05\/logo-apen-231x82-trasparent.png\" \/>\n\t<meta property=\"og:image:width\" content=\"231\" \/>\n\t<meta property=\"og:image:height\" content=\"82\" \/>\n\t<meta property=\"og:image:type\" content=\"image\/png\" \/>\n<meta name=\"twitter:card\" content=\"summary_large_image\" \/>\n<meta name=\"twitter:label1\" content=\"Temps estimat de lectura\" \/>\n\t<meta name=\"twitter:data1\" content=\"8 minuts\" \/>\n<script type=\"application\/ld+json\" class=\"yoast-schema-graph\">{\"@context\":\"https:\\\/\\\/schema.org\",\"@graph\":[{\"@type\":\"WebPage\",\"@id\":\"https:\\\/\\\/www.apen.es\\\/fotocopiadora\\\/alquiler-fotocopiadora-konica-minolta\\\/alquiler-vic\\\/\",\"url\":\"https:\\\/\\\/www.apen.es\\\/fotocopiadora\\\/alquiler-fotocopiadora-konica-minolta\\\/alquiler-vic\\\/\",\"name\":\"Alquiler fotocopiadora Konica Minolta Vic - Apen Inform\u00e1tica\",\"isPartOf\":{\"@id\":\"https:\\\/\\\/www.apen.es\\\/#website\"},\"datePublished\":\"2019-02-06T12:44:32+00:00\",\"dateModified\":\"2025-05-23T08:13:52+00:00\",\"description\":\"Alquiler de fotocopiadoras de la marca Konica Minolta en Vic. Soluciones de impresi\u00f3n para empresas. Renting y Alquiler de impresoras y fotocopiadora.\",\"breadcrumb\":{\"@id\":\"https:\\\/\\\/www.apen.es\\\/fotocopiadora\\\/alquiler-fotocopiadora-konica-minolta\\\/alquiler-vic\\\/#breadcrumb\"},\"inLanguage\":\"ca\",\"potentialAction\":[{\"@type\":\"ReadAction\",\"target\":[\"https:\\\/\\\/www.apen.es\\\/fotocopiadora\\\/alquiler-fotocopiadora-konica-minolta\\\/alquiler-vic\\\/\"]}]},{\"@type\":\"BreadcrumbList\",\"@id\":\"https:\\\/\\\/www.apen.es\\\/fotocopiadora\\\/alquiler-fotocopiadora-konica-minolta\\\/alquiler-vic\\\/#breadcrumb\",\"itemListElement\":[{\"@type\":\"ListItem\",\"position\":1,\"name\":\"Portada\",\"item\":\"https:\\\/\\\/www.apen.es\\\/\"},{\"@type\":\"ListItem\",\"position\":2,\"name\":\"Fotocopiadora\",\"item\":\"https:\\\/\\\/www.apen.es\\\/fotocopiadora\\\/\"},{\"@type\":\"ListItem\",\"position\":3,\"name\":\"Alquiler fotocopiadora KONICA MINOLTA\",\"item\":\"https:\\\/\\\/www.apen.es\\\/fotocopiadora\\\/alquiler-fotocopiadora-konica-minolta\\\/\"},{\"@type\":\"ListItem\",\"position\":4,\"name\":\"Alquiler fotocopiadora Konica Minolta Vic\"}]},{\"@type\":\"WebSite\",\"@id\":\"https:\\\/\\\/www.apen.es\\\/#website\",\"url\":\"https:\\\/\\\/www.apen.es\\\/\",\"name\":\"Apen Inform\u00e1tica\",\"description\":\"Mantenimiento Inform\u00e1tico , Software de Gesti\u00f3n, Soluciones de impresi\u00f3n\",\"publisher\":{\"@id\":\"https:\\\/\\\/www.apen.es\\\/#organization\"},\"potentialAction\":[{\"@type\":\"SearchAction\",\"target\":{\"@type\":\"EntryPoint\",\"urlTemplate\":\"https:\\\/\\\/www.apen.es\\\/?s={search_term_string}\"},\"query-input\":{\"@type\":\"PropertyValueSpecification\",\"valueRequired\":true,\"valueName\":\"search_term_string\"}}],\"inLanguage\":\"ca\"},{\"@type\":\"Organization\",\"@id\":\"https:\\\/\\\/www.apen.es\\\/#organization\",\"name\":\"Apen: Soluciones inform\u00e1ticas\",\"url\":\"https:\\\/\\\/www.apen.es\\\/\",\"logo\":{\"@type\":\"ImageObject\",\"inLanguage\":\"ca\",\"@id\":\"https:\\\/\\\/www.apen.es\\\/#\\\/schema\\\/logo\\\/image\\\/\",\"url\":\"https:\\\/\\\/www.apen.es\\\/wp-content\\\/uploads\\\/2022\\\/08\\\/logo-apenok-231x82-1.png\",\"contentUrl\":\"https:\\\/\\\/www.apen.es\\\/wp-content\\\/uploads\\\/2022\\\/08\\\/logo-apenok-231x82-1.png\",\"width\":231,\"height\":82,\"caption\":\"Apen: Soluciones inform\u00e1ticas\"},\"image\":{\"@id\":\"https:\\\/\\\/www.apen.es\\\/#\\\/schema\\\/logo\\\/image\\\/\"},\"sameAs\":[\"https:\\\/\\\/www.facebook.com\\\/apensolucions\",\"https:\\\/\\\/www.youtube.com\\\/user\\\/ApenCentreInformatic\",\"https:\\\/\\\/www.linkedin.com\\\/company\\\/1021771?trk=tyah&trkInfo=clickedVerticalcompanyclickedEntityId1021771idx2-1-2tarId1464195271196tasapenin\"]}]}<\/script>\n<!-- \/ Yoast SEO plugin. -->","yoast_head_json":{"title":"Alquiler fotocopiadora Konica Minolta Vic - Apen Inform\u00e1tica","description":"Alquiler de fotocopiadoras de la marca Konica Minolta en Vic. Soluciones de impresi\u00f3n para empresas. Renting y Alquiler de impresoras y fotocopiadora.","robots":{"index":"index","follow":"follow","max-snippet":"max-snippet:-1","max-image-preview":"max-image-preview:large","max-video-preview":"max-video-preview:-1"},"canonical":"https:\/\/www.apen.es\/ca\/fotocopiadora\/alquiler-fotocopiadora-konica-minolta\/alquiler-vic\/","og_locale":"ca_ES","og_type":"article","og_title":"Alquiler fotocopiadora Konica Minolta Vic - Apen Inform\u00e1tica","og_description":"Alquiler de fotocopiadoras de la marca Konica Minolta en Vic. Soluciones de impresi\u00f3n para empresas. Renting y Alquiler de impresoras y fotocopiadora.","og_url":"https:\/\/www.apen.es\/ca\/fotocopiadora\/alquiler-fotocopiadora-konica-minolta\/alquiler-vic\/","og_site_name":"Apen Inform\u00e1tica","article_publisher":"https:\/\/www.facebook.com\/apensolucions","article_modified_time":"2025-05-23T08:13:52+00:00","og_image":[{"width":231,"height":82,"url":"https:\/\/www.apen.es\/wp-content\/uploads\/2016\/05\/logo-apen-231x82-trasparent.png","type":"image\/png"}],"twitter_card":"summary_large_image","twitter_misc":{"Temps estimat de lectura":"8 minuts"},"schema":{"@context":"https:\/\/schema.org","@graph":[{"@type":"WebPage","@id":"https:\/\/www.apen.es\/fotocopiadora\/alquiler-fotocopiadora-konica-minolta\/alquiler-vic\/","url":"https:\/\/www.apen.es\/fotocopiadora\/alquiler-fotocopiadora-konica-minolta\/alquiler-vic\/","name":"Alquiler fotocopiadora Konica Minolta Vic - Apen Inform\u00e1tica","isPartOf":{"@id":"https:\/\/www.apen.es\/#website"},"datePublished":"2019-02-06T12:44:32+00:00","dateModified":"2025-05-23T08:13:52+00:00","description":"Alquiler de fotocopiadoras de la marca Konica Minolta en Vic. Soluciones de impresi\u00f3n para empresas. Renting y Alquiler de impresoras y fotocopiadora.","breadcrumb":{"@id":"https:\/\/www.apen.es\/fotocopiadora\/alquiler-fotocopiadora-konica-minolta\/alquiler-vic\/#breadcrumb"},"inLanguage":"ca","potentialAction":[{"@type":"ReadAction","target":["https:\/\/www.apen.es\/fotocopiadora\/alquiler-fotocopiadora-konica-minolta\/alquiler-vic\/"]}]},{"@type":"BreadcrumbList","@id":"https:\/\/www.apen.es\/fotocopiadora\/alquiler-fotocopiadora-konica-minolta\/alquiler-vic\/#breadcrumb","itemListElement":[{"@type":"ListItem","position":1,"name":"Portada","item":"https:\/\/www.apen.es\/"},{"@type":"ListItem","position":2,"name":"Fotocopiadora","item":"https:\/\/www.apen.es\/fotocopiadora\/"},{"@type":"ListItem","position":3,"name":"Alquiler fotocopiadora KONICA MINOLTA","item":"https:\/\/www.apen.es\/fotocopiadora\/alquiler-fotocopiadora-konica-minolta\/"},{"@type":"ListItem","position":4,"name":"Alquiler fotocopiadora Konica Minolta Vic"}]},{"@type":"WebSite","@id":"https:\/\/www.apen.es\/#website","url":"https:\/\/www.apen.es\/","name":"Apen Inform\u00e0tica","description":"Manteniment inform\u00e0tic , programari de gesti\u00f3, solucions d&#039;impressi\u00f3","publisher":{"@id":"https:\/\/www.apen.es\/#organization"},"potentialAction":[{"@type":"SearchAction","target":{"@type":"EntryPoint","urlTemplate":"https:\/\/www.apen.es\/?s={search_term_string}"},"query-input":{"@type":"PropertyValueSpecification","valueRequired":true,"valueName":"search_term_string"}}],"inLanguage":"ca"},{"@type":"Organization","@id":"https:\/\/www.apen.es\/#organization","name":"Apen: Solucions inform\u00e0tiques","url":"https:\/\/www.apen.es\/","logo":{"@type":"ImageObject","inLanguage":"ca","@id":"https:\/\/www.apen.es\/#\/schema\/logo\/image\/","url":"https:\/\/www.apen.es\/wp-content\/uploads\/2022\/08\/logo-apenok-231x82-1.png","contentUrl":"https:\/\/www.apen.es\/wp-content\/uploads\/2022\/08\/logo-apenok-231x82-1.png","width":231,"height":82,"caption":"Apen: Soluciones inform\u00e1ticas"},"image":{"@id":"https:\/\/www.apen.es\/#\/schema\/logo\/image\/"},"sameAs":["https:\/\/www.facebook.com\/apensolucions","https:\/\/www.youtube.com\/user\/ApenCentreInformatic","https:\/\/www.linkedin.com\/company\/1021771?trk=tyah&trkInfo=clickedVerticalcompanyclickedEntityId1021771idx2-1-2tarId1464195271196tasapenin"]}]}},"taxonomy_info":[],"featured_image_src_large":false,"author_info":{"display_name":"marqueting","author_link":"https:\/\/www.apen.es\/ca\/blog\/author\/marqueting\/"},"comment_info":0,"_links":{"self":[{"href":"https:\/\/www.apen.es\/ca\/wp-json\/wp\/v2\/pages\/12857","targetHints":{"allow":["GET"]}}],"collection":[{"href":"https:\/\/www.apen.es\/ca\/wp-json\/wp\/v2\/pages"}],"about":[{"href":"https:\/\/www.apen.es\/ca\/wp-json\/wp\/v2\/types\/page"}],"author":[{"embeddable":true,"href":"https:\/\/www.apen.es\/ca\/wp-json\/wp\/v2\/users\/4"}],"replies":[{"embeddable":true,"href":"https:\/\/www.apen.es\/ca\/wp-json\/wp\/v2\/comments?post=12857"}],"version-history":[{"count":3,"href":"https:\/\/www.apen.es\/ca\/wp-json\/wp\/v2\/pages\/12857\/revisions"}],"predecessor-version":[{"id":54836,"href":"https:\/\/www.apen.es\/ca\/wp-json\/wp\/v2\/pages\/12857\/revisions\/54836"}],"up":[{"embeddable":true,"href":"https:\/\/www.apen.es\/ca\/wp-json\/wp\/v2\/pages\/12848"}],"wp:attachment":[{"href":"https:\/\/www.apen.es\/ca\/wp-json\/wp\/v2\/media?parent=12857"}],"curies":[{"name":"wp","href":"https:\/\/api.w.org\/{rel}","templated":true}]}}