{"id":12853,"date":"2019-02-06T12:30:31","date_gmt":"2019-02-06T12:30:31","guid":{"rendered":"https:\/\/www.apen.es\/?page_id=12853"},"modified":"2025-05-23T08:13:47","modified_gmt":"2025-05-23T08:13:47","slug":"lloguer-mollet","status":"publish","type":"page","link":"https:\/\/www.apen.es\/ca\/fotocopiadora\/alquiler-fotocopiadora-konica-minolta\/alquiler-mollet\/","title":{"rendered":"Lloguer fotocopiadora Konica Minolta Mollet"},"content":{"rendered":"<p>En l&#039;actualitat, s\u00f3n moltes les empreses que poden necessitar infinitat d&#039;aparells per tal de dur a terme les seves tasques i funcions, en aquests casos, no sempre \u00e9s possible fer la compra de cadascun d&#039;aquests productes, per aquest motiu, a Apen oferim el&nbsp;<strong>lloguer de fotocopiadores Konicaminolta a Mollet<\/strong>. Aquells negocis que requereixin aquests productes o qualsevol tipus de servei d&#039;impressi\u00f3, poden contactar amb la nostra empresa per tal que nosaltres puguem oferir-vos les solucions m\u00e9s adequades a la vostra situaci\u00f3, tenint sempre en compte les vostres necessitats i prefer\u00e8ncies.<\/p>\n\n\n\n<p>\u00c9s cert que cada negoci requereix de diferents eines per tal de dur a terme de manera efectiva i r\u00e0pida totes les seves tasques, per\u00f2 en molts casos, aquests aparells no es necessiten durant molt de temps. En aquests moments, el millor \u00e9s optar per&nbsp;<strong>llogar una fotocopiadora Konicaminolta a Mollet<\/strong>. El millor daquest tipus de serveis \u00e9s que una empresa pot gaudir dun aparell de m\u00e0xima qualitat sense haver dafrontar el gran cost que aix\u00f2 suposa. En el moment en qu\u00e8 es lloga, l&#039;empresa nom\u00e9s ha de pagar una quota que s&#039;estableix pr\u00e8viament per les dues parts, cosa que redueix molt la probabilitat de patir costos inesperats.<\/p>\n\n\n\n<p>Molts negocis coneixen les seves necessitats i saben exactament quin tipus daparell o dispositiu ser\u00e0 ideal per realitzar les seves tasques di\u00e0ries, per\u00f2 el cost de comprar i mantenir un producte daquestes caracter\u00edstiques \u00e9s massa elevat, per la qual cosa rec\u00f3rrer al&nbsp;<strong>lloguer de fotocopiadores Konicaminolta a Mollet<\/strong>&nbsp;pot ser una opci\u00f3 m\u00e9s que encertada. Aquest lloguer no suposar\u00e0 cap cost extra al llarg dels mesos, ja que, en cas que sigui necess\u00e0ria una reparaci\u00f3, nosaltres ens hem d&#039;ocupar dels seus costos sempre que no siguin causats per un mal \u00fas de la instal\u00b7laci\u00f3.<\/p>\n\n\n\n<p>En aquests casos, tant el manteniment com les reparacions pertinents es realitzen de la m\u00e0 de la nostra empresa, ocupant-nos aix\u00ed, de les despeses i la m\u00e0 d&#039;obra necess\u00e0ries per solucionar el problema quan abans. Gr\u00e0cies al&nbsp;<strong>lloguer de fotocopiadores Konicaminolta a Mollet<\/strong>, infinitat d&#039;empreses poden permetre un aparell d&#039;unes caracter\u00edstiques molt superiors al que \u00e9s habitual, sense necessitat d&#039;haver de carregar amb despeses imprevistes o costos de compra massa elevats. En qualsevol cas, des de la nostra empresa sempre estem disposats a oferir les millors solucions tant a grans com a petits negocis. D&#039;aquesta manera, si voleu saber m\u00e9s sobre el&nbsp;<strong>lloguer de fotocopiadores Konicaminolta a Mollet<\/strong>, poseu-vos en contacte amb nosaltres, estarem encantats d&#039;atendre-us i resoldre qualsevol tipus de dubte que pugueu tenir, a m\u00e9s d&#039;oferir-vos tota la informaci\u00f3 que necessiteu per prendre les millors decisions a l&#039;hora de comprar o lloguer productes d&#039;aquest tipus.<\/p>","protected":false},"excerpt":{"rendered":"<p>En la actualidad, son muchas las empresas que pueden necesitar infinidad de aparatos con tal de llevar a cabo sus tareas y funciones, en estos casos, no siempre es posible realizar la compra de cada uno de estos productos, por este motivo, en Apen ofrecemos el&nbsp;alquiler de fotocopiadoras Konicaminolta en Mollet. Aquellos negocios que requieran&#8230;<\/p>","protected":false},"author":4,"featured_media":0,"parent":12848,"menu_order":0,"comment_status":"closed","ping_status":"closed","template":"page-renting-impresoras.php","meta":{"_acf_changed":false,"_kad_blocks_custom_css":"","_kad_blocks_head_custom_js":"","_kad_blocks_body_custom_js":"","_kad_blocks_footer_custom_js":"","_kad_post_transparent":"","_kad_post_title":"","_kad_post_layout":"","_kad_post_sidebar_id":"","_kad_post_content_style":"","_kad_post_vertical_padding":"","_kad_post_feature":"","_kad_post_feature_position":"","_kad_post_header":false,"_kad_post_footer":false,"_kad_post_classname":"","footnotes":""},"class_list":["post-12853","page","type-page","status-publish","hentry"],"acf":[],"yoast_head":"<!-- This site is optimized with the Yoast SEO plugin v27.4 - https:\/\/yoast.com\/product\/yoast-seo-wordpress\/ -->\n<title>Alquiler fotocopiadora Konica Minolta Mollet - Apen Inform\u00e1tica<\/title>\n<meta name=\"description\" content=\"Alquiler de fotocopiadoras de la marca Konica Minolta en Mollet. Impresi\u00f3n para empresas. Renting y Alquiler de impresoras y fotocopiadora.\" \/>\n<meta name=\"robots\" content=\"index, follow, max-snippet:-1, max-image-preview:large, max-video-preview:-1\" \/>\n<link rel=\"canonical\" href=\"https:\/\/www.apen.es\/ca\/fotocopiadora\/lloguer-fotocopiadora-konica-minolta\/lloguer-mollet\/\" \/>\n<meta property=\"og:locale\" content=\"ca_ES\" \/>\n<meta property=\"og:type\" content=\"article\" \/>\n<meta property=\"og:title\" content=\"Alquiler fotocopiadora Konica Minolta Mollet - Apen Inform\u00e1tica\" \/>\n<meta property=\"og:description\" content=\"Alquiler de fotocopiadoras de la marca Konica Minolta en Mollet. Impresi\u00f3n para empresas. Renting y Alquiler de impresoras y fotocopiadora.\" \/>\n<meta property=\"og:url\" content=\"https:\/\/www.apen.es\/ca\/fotocopiadora\/lloguer-fotocopiadora-konica-minolta\/lloguer-mollet\/\" \/>\n<meta property=\"og:site_name\" content=\"Apen Inform\u00e1tica\" \/>\n<meta property=\"article:publisher\" content=\"https:\/\/www.facebook.com\/apensolucions\" \/>\n<meta property=\"article:modified_time\" content=\"2025-05-23T08:13:47+00:00\" \/>\n<meta property=\"og:image\" content=\"https:\/\/www.apen.es\/wp-content\/uploads\/2016\/05\/logo-apen-231x82-trasparent.png\" \/>\n\t<meta property=\"og:image:width\" content=\"231\" \/>\n\t<meta property=\"og:image:height\" content=\"82\" \/>\n\t<meta property=\"og:image:type\" content=\"image\/png\" \/>\n<meta name=\"twitter:card\" content=\"summary_large_image\" \/>\n<meta name=\"twitter:label1\" content=\"Temps estimat de lectura\" \/>\n\t<meta name=\"twitter:data1\" content=\"8 minuts\" \/>\n<script type=\"application\/ld+json\" class=\"yoast-schema-graph\">{\"@context\":\"https:\\\/\\\/schema.org\",\"@graph\":[{\"@type\":\"WebPage\",\"@id\":\"https:\\\/\\\/www.apen.es\\\/fotocopiadora\\\/alquiler-fotocopiadora-konica-minolta\\\/alquiler-mollet\\\/\",\"url\":\"https:\\\/\\\/www.apen.es\\\/fotocopiadora\\\/alquiler-fotocopiadora-konica-minolta\\\/alquiler-mollet\\\/\",\"name\":\"Alquiler fotocopiadora Konica Minolta Mollet - Apen Inform\u00e1tica\",\"isPartOf\":{\"@id\":\"https:\\\/\\\/www.apen.es\\\/#website\"},\"datePublished\":\"2019-02-06T12:30:31+00:00\",\"dateModified\":\"2025-05-23T08:13:47+00:00\",\"description\":\"Alquiler de fotocopiadoras de la marca Konica Minolta en Mollet. Impresi\u00f3n para empresas. Renting y Alquiler de impresoras y fotocopiadora.\",\"breadcrumb\":{\"@id\":\"https:\\\/\\\/www.apen.es\\\/fotocopiadora\\\/alquiler-fotocopiadora-konica-minolta\\\/alquiler-mollet\\\/#breadcrumb\"},\"inLanguage\":\"ca\",\"potentialAction\":[{\"@type\":\"ReadAction\",\"target\":[\"https:\\\/\\\/www.apen.es\\\/fotocopiadora\\\/alquiler-fotocopiadora-konica-minolta\\\/alquiler-mollet\\\/\"]}]},{\"@type\":\"BreadcrumbList\",\"@id\":\"https:\\\/\\\/www.apen.es\\\/fotocopiadora\\\/alquiler-fotocopiadora-konica-minolta\\\/alquiler-mollet\\\/#breadcrumb\",\"itemListElement\":[{\"@type\":\"ListItem\",\"position\":1,\"name\":\"Portada\",\"item\":\"https:\\\/\\\/www.apen.es\\\/\"},{\"@type\":\"ListItem\",\"position\":2,\"name\":\"Fotocopiadora\",\"item\":\"https:\\\/\\\/www.apen.es\\\/fotocopiadora\\\/\"},{\"@type\":\"ListItem\",\"position\":3,\"name\":\"Alquiler fotocopiadora KONICA MINOLTA\",\"item\":\"https:\\\/\\\/www.apen.es\\\/fotocopiadora\\\/alquiler-fotocopiadora-konica-minolta\\\/\"},{\"@type\":\"ListItem\",\"position\":4,\"name\":\"Alquiler fotocopiadora Konica Minolta Mollet\"}]},{\"@type\":\"WebSite\",\"@id\":\"https:\\\/\\\/www.apen.es\\\/#website\",\"url\":\"https:\\\/\\\/www.apen.es\\\/\",\"name\":\"Apen Inform\u00e1tica\",\"description\":\"Mantenimiento Inform\u00e1tico , Software de Gesti\u00f3n, Soluciones de impresi\u00f3n\",\"publisher\":{\"@id\":\"https:\\\/\\\/www.apen.es\\\/#organization\"},\"potentialAction\":[{\"@type\":\"SearchAction\",\"target\":{\"@type\":\"EntryPoint\",\"urlTemplate\":\"https:\\\/\\\/www.apen.es\\\/?s={search_term_string}\"},\"query-input\":{\"@type\":\"PropertyValueSpecification\",\"valueRequired\":true,\"valueName\":\"search_term_string\"}}],\"inLanguage\":\"ca\"},{\"@type\":\"Organization\",\"@id\":\"https:\\\/\\\/www.apen.es\\\/#organization\",\"name\":\"Apen: Soluciones inform\u00e1ticas\",\"url\":\"https:\\\/\\\/www.apen.es\\\/\",\"logo\":{\"@type\":\"ImageObject\",\"inLanguage\":\"ca\",\"@id\":\"https:\\\/\\\/www.apen.es\\\/#\\\/schema\\\/logo\\\/image\\\/\",\"url\":\"https:\\\/\\\/www.apen.es\\\/wp-content\\\/uploads\\\/2022\\\/08\\\/logo-apenok-231x82-1.png\",\"contentUrl\":\"https:\\\/\\\/www.apen.es\\\/wp-content\\\/uploads\\\/2022\\\/08\\\/logo-apenok-231x82-1.png\",\"width\":231,\"height\":82,\"caption\":\"Apen: Soluciones inform\u00e1ticas\"},\"image\":{\"@id\":\"https:\\\/\\\/www.apen.es\\\/#\\\/schema\\\/logo\\\/image\\\/\"},\"sameAs\":[\"https:\\\/\\\/www.facebook.com\\\/apensolucions\",\"https:\\\/\\\/www.youtube.com\\\/user\\\/ApenCentreInformatic\",\"https:\\\/\\\/www.linkedin.com\\\/company\\\/1021771?trk=tyah&trkInfo=clickedVerticalcompanyclickedEntityId1021771idx2-1-2tarId1464195271196tasapenin\"]}]}<\/script>\n<!-- \/ Yoast SEO plugin. -->","yoast_head_json":{"title":"Lloguer fotocopiadora Konica Minolta Mollet - Apen Inform\u00e0tica","description":"Lloguer de fotocopiadores de la marca Konica Minolta a Mollet. Impressi\u00f3 per a empreses. R\u00e8nting i lloguer d&#039;impressores i fotocopiadora.","robots":{"index":"index","follow":"follow","max-snippet":"max-snippet:-1","max-image-preview":"max-image-preview:large","max-video-preview":"max-video-preview:-1"},"canonical":"https:\/\/www.apen.es\/ca\/fotocopiadora\/lloguer-fotocopiadora-konica-minolta\/lloguer-mollet\/","og_locale":"ca_ES","og_type":"article","og_title":"Alquiler fotocopiadora Konica Minolta Mollet - Apen Inform\u00e1tica","og_description":"Alquiler de fotocopiadoras de la marca Konica Minolta en Mollet. Impresi\u00f3n para empresas. Renting y Alquiler de impresoras y fotocopiadora.","og_url":"https:\/\/www.apen.es\/ca\/fotocopiadora\/lloguer-fotocopiadora-konica-minolta\/lloguer-mollet\/","og_site_name":"Apen Inform\u00e1tica","article_publisher":"https:\/\/www.facebook.com\/apensolucions","article_modified_time":"2025-05-23T08:13:47+00:00","og_image":[{"width":231,"height":82,"url":"https:\/\/www.apen.es\/wp-content\/uploads\/2016\/05\/logo-apen-231x82-trasparent.png","type":"image\/png"}],"twitter_card":"summary_large_image","twitter_misc":{"Temps estimat de lectura":"8 minuts"},"schema":{"@context":"https:\/\/schema.org","@graph":[{"@type":"WebPage","@id":"https:\/\/www.apen.es\/fotocopiadora\/alquiler-fotocopiadora-konica-minolta\/alquiler-mollet\/","url":"https:\/\/www.apen.es\/fotocopiadora\/alquiler-fotocopiadora-konica-minolta\/alquiler-mollet\/","name":"Lloguer fotocopiadora Konica Minolta Mollet - Apen Inform\u00e0tica","isPartOf":{"@id":"https:\/\/www.apen.es\/#website"},"datePublished":"2019-02-06T12:30:31+00:00","dateModified":"2025-05-23T08:13:47+00:00","description":"Lloguer de fotocopiadores de la marca Konica Minolta a Mollet. Impressi\u00f3 per a empreses. R\u00e8nting i lloguer d&#039;impressores i fotocopiadora.","breadcrumb":{"@id":"https:\/\/www.apen.es\/fotocopiadora\/alquiler-fotocopiadora-konica-minolta\/alquiler-mollet\/#breadcrumb"},"inLanguage":"ca","potentialAction":[{"@type":"ReadAction","target":["https:\/\/www.apen.es\/fotocopiadora\/alquiler-fotocopiadora-konica-minolta\/alquiler-mollet\/"]}]},{"@type":"BreadcrumbList","@id":"https:\/\/www.apen.es\/fotocopiadora\/alquiler-fotocopiadora-konica-minolta\/alquiler-mollet\/#breadcrumb","itemListElement":[{"@type":"ListItem","position":1,"name":"Portada","item":"https:\/\/www.apen.es\/"},{"@type":"ListItem","position":2,"name":"Fotocopiadora","item":"https:\/\/www.apen.es\/fotocopiadora\/"},{"@type":"ListItem","position":3,"name":"Alquiler fotocopiadora KONICA MINOLTA","item":"https:\/\/www.apen.es\/fotocopiadora\/alquiler-fotocopiadora-konica-minolta\/"},{"@type":"ListItem","position":4,"name":"Alquiler fotocopiadora Konica Minolta Mollet"}]},{"@type":"WebSite","@id":"https:\/\/www.apen.es\/#website","url":"https:\/\/www.apen.es\/","name":"Apen Inform\u00e0tica","description":"Manteniment inform\u00e0tic , programari de gesti\u00f3, solucions d&#039;impressi\u00f3","publisher":{"@id":"https:\/\/www.apen.es\/#organization"},"potentialAction":[{"@type":"SearchAction","target":{"@type":"EntryPoint","urlTemplate":"https:\/\/www.apen.es\/?s={search_term_string}"},"query-input":{"@type":"PropertyValueSpecification","valueRequired":true,"valueName":"search_term_string"}}],"inLanguage":"ca"},{"@type":"Organization","@id":"https:\/\/www.apen.es\/#organization","name":"Apen: Solucions inform\u00e0tiques","url":"https:\/\/www.apen.es\/","logo":{"@type":"ImageObject","inLanguage":"ca","@id":"https:\/\/www.apen.es\/#\/schema\/logo\/image\/","url":"https:\/\/www.apen.es\/wp-content\/uploads\/2022\/08\/logo-apenok-231x82-1.png","contentUrl":"https:\/\/www.apen.es\/wp-content\/uploads\/2022\/08\/logo-apenok-231x82-1.png","width":231,"height":82,"caption":"Apen: Soluciones inform\u00e1ticas"},"image":{"@id":"https:\/\/www.apen.es\/#\/schema\/logo\/image\/"},"sameAs":["https:\/\/www.facebook.com\/apensolucions","https:\/\/www.youtube.com\/user\/ApenCentreInformatic","https:\/\/www.linkedin.com\/company\/1021771?trk=tyah&trkInfo=clickedVerticalcompanyclickedEntityId1021771idx2-1-2tarId1464195271196tasapenin"]}]}},"taxonomy_info":[],"featured_image_src_large":false,"author_info":{"display_name":"marqueting","author_link":"https:\/\/www.apen.es\/ca\/blog\/author\/marqueting\/"},"comment_info":0,"_links":{"self":[{"href":"https:\/\/www.apen.es\/ca\/wp-json\/wp\/v2\/pages\/12853","targetHints":{"allow":["GET"]}}],"collection":[{"href":"https:\/\/www.apen.es\/ca\/wp-json\/wp\/v2\/pages"}],"about":[{"href":"https:\/\/www.apen.es\/ca\/wp-json\/wp\/v2\/types\/page"}],"author":[{"embeddable":true,"href":"https:\/\/www.apen.es\/ca\/wp-json\/wp\/v2\/users\/4"}],"replies":[{"embeddable":true,"href":"https:\/\/www.apen.es\/ca\/wp-json\/wp\/v2\/comments?post=12853"}],"version-history":[{"count":3,"href":"https:\/\/www.apen.es\/ca\/wp-json\/wp\/v2\/pages\/12853\/revisions"}],"predecessor-version":[{"id":54834,"href":"https:\/\/www.apen.es\/ca\/wp-json\/wp\/v2\/pages\/12853\/revisions\/54834"}],"up":[{"embeddable":true,"href":"https:\/\/www.apen.es\/ca\/wp-json\/wp\/v2\/pages\/12848"}],"wp:attachment":[{"href":"https:\/\/www.apen.es\/ca\/wp-json\/wp\/v2\/media?parent=12853"}],"curies":[{"name":"wp","href":"https:\/\/api.w.org\/{rel}","templated":true}]}}