{"id":12851,"date":"2019-02-06T12:28:25","date_gmt":"2019-02-06T12:28:25","guid":{"rendered":"https:\/\/www.apen.es\/?page_id=12851"},"modified":"2025-05-23T08:14:01","modified_gmt":"2025-05-23T08:14:01","slug":"alquiler-granollers","status":"publish","type":"page","link":"https:\/\/www.apen.es\/ca\/fotocopiadora\/alquiler-fotocopiadora-konica-minolta\/alquiler-granollers\/","title":{"rendered":"Lloguer fotocopiadora Konica Minolta Granollers"},"content":{"rendered":"<p>Tots els negocis evolucionen dia rere dia amb l&#039;objectiu d&#039;esdevenir l\u00edders dins del seu sector. Per aix\u00f2, cal disposar d&#039;un equip professional i comprom\u00e8s, aix\u00ed com de tot el material necessari per dur a terme tota mena de tasques i tasques. En aquest tipus de casos, comprar un aparell d&#039;un gran cost \u00e9s una opci\u00f3 una mica arriscada, de manera que el&nbsp;<strong>lloguer de fotocopiadores Konicaminolta a Granollers<\/strong>&nbsp;pot ser una opci\u00f3 m\u00e9s que encertada. Per aquest motiu, a la nostra empresa disposem d&#039;una gran gamma de productes de lloguer, aix\u00ed com d&#039;altres amb opci\u00f3 de compra.<\/p>\n\n\n\n<p>Encara que no ho creguem, llogar pot ser la millor manera de gaudir d&#039;un aparell de m\u00e0xima qualitat sense haver de carregar amb el cost de la compra, ni del manteniment en el cas que fos necessari. Moltes empreses que encara estan comen\u00e7ant no es poden permetre aquest tipus de productes, de manera que&nbsp;<strong>llogar una fotocopiadora Konicaminolta a Granollers<\/strong>&nbsp;els pot ajudar a gaudir-ne sense haver d&#039;assumir els costos. Moltes vegades s\u00f3n necessaris aquest tipus d&#039;aparells per dur a terme moltes tasques els negoci i, per tant, que aquest obtingui m\u00e9s beneficis, en aquest moment, el lloguer \u00e9s la millor soluci\u00f3.<\/p>\n\n\n\n<p>Al&nbsp;<strong>lloguer de fotocopiadores Konicaminolta a Granollers<\/strong>&nbsp;que oferim a Apen, el client nom\u00e9s ha de pagar una quota que s&#039;estableix pr\u00e8viament per ambdues parts, d&#039;aquesta manera, el client sempre sap qu\u00e8 pagar\u00e0 cada mes per aquest producte sense haver de preocupar-se perqu\u00e8 sorgeixin despeses imprevistes. En qualsevol cas, si cal una reparaci\u00f3 o qualsevol tasca de manteniment, nosaltres ens encarregarem de tot, fins i tot de posar la m\u00e0 d&#039;obra, sempre que no sigui degut pel mal \u00fas de l&#039;aparell.<\/p>\n\n\n\n<p>Aquest servei permet a infinitat de negocis accedir a productes de m\u00e0xima qualitat sense haver d&#039;assumir-ne els grans costos. D&#039;aquesta manera, el client podr\u00e0 detectar si realment soluciona els seus problemes amb total efectivitat, i decidir comprar o no el producte. D&#039;altra banda, el&nbsp;<strong>lloguer de fotocopiadores Konicaminolta a Granollers<\/strong>&nbsp;tamb\u00e9 va destinat a aquells negocis que encara no tinguin tanta for\u00e7a com per comprar productes d&#039;alta gamma, per\u00f2 ho necessitin per fer les seves tasques d&#039;una manera molt m\u00e9s efectiva i r\u00e0pida.<\/p>\n\n\n\n<p>Si voleu saber m\u00e9s sobre la nostra empresa o sobre el&nbsp;<strong>lloguer de fotocopiadores Konicaminolta a Granollers<\/strong>, no dubti en posar-se en contacte amb nosaltres, estarem encantats d&#039;atendre&#039;l i resoldre qualsevol dubte que pugui tenir sense cap mena de comprom\u00eds. Li oferirem tota la informaci\u00f3 que requereixi per tal que prengui la millor decisi\u00f3 possible.<\/p>","protected":false},"excerpt":{"rendered":"<p>Todos los negocios evolucionan d\u00eda tras d\u00eda con el objetivo de llegar a convertirse en l\u00edderes dentro de su sector. Para ello, es necesario disponer de un equipo profesional y comprometido, as\u00ed como de todo el material que es necesario para llevar a cabo todo tipo de tareas y labores. En este tipo de casos,&#8230;<\/p>","protected":false},"author":4,"featured_media":0,"parent":12848,"menu_order":0,"comment_status":"closed","ping_status":"closed","template":"page-renting-impresoras.php","meta":{"_acf_changed":false,"_kad_blocks_custom_css":"","_kad_blocks_head_custom_js":"","_kad_blocks_body_custom_js":"","_kad_blocks_footer_custom_js":"","_kad_post_transparent":"","_kad_post_title":"","_kad_post_layout":"","_kad_post_sidebar_id":"","_kad_post_content_style":"","_kad_post_vertical_padding":"","_kad_post_feature":"","_kad_post_feature_position":"","_kad_post_header":false,"_kad_post_footer":false,"_kad_post_classname":"","footnotes":""},"class_list":["post-12851","page","type-page","status-publish","hentry"],"acf":[],"yoast_head":"<!-- This site is optimized with the Yoast SEO plugin v27.4 - https:\/\/yoast.com\/product\/yoast-seo-wordpress\/ -->\n<title>Alquiler fotocopiadora Konica Minolta Granollers - Apen Inform\u00e1tica<\/title>\n<meta name=\"description\" content=\"Alquiler de fotocopiadoras de la marca Konica Minolta en Granollers Impresi\u00f3n para empresas. Renting y Alquiler de impresoras y fotocopiadora.\" \/>\n<meta name=\"robots\" content=\"index, follow, max-snippet:-1, max-image-preview:large, max-video-preview:-1\" \/>\n<link rel=\"canonical\" href=\"https:\/\/www.apen.es\/ca\/fotocopiadora\/alquiler-fotocopiadora-konica-minolta\/alquiler-granollers\/\" \/>\n<meta property=\"og:locale\" content=\"ca_ES\" \/>\n<meta property=\"og:type\" content=\"article\" \/>\n<meta property=\"og:title\" content=\"Alquiler fotocopiadora Konica Minolta Granollers - Apen Inform\u00e1tica\" \/>\n<meta property=\"og:description\" content=\"Alquiler de fotocopiadoras de la marca Konica Minolta en Granollers Impresi\u00f3n para empresas. Renting y Alquiler de impresoras y fotocopiadora.\" \/>\n<meta property=\"og:url\" content=\"https:\/\/www.apen.es\/ca\/fotocopiadora\/alquiler-fotocopiadora-konica-minolta\/alquiler-granollers\/\" \/>\n<meta property=\"og:site_name\" content=\"Apen Inform\u00e1tica\" \/>\n<meta property=\"article:publisher\" content=\"https:\/\/www.facebook.com\/apensolucions\" \/>\n<meta property=\"article:modified_time\" content=\"2025-05-23T08:14:01+00:00\" \/>\n<meta property=\"og:image\" content=\"https:\/\/www.apen.es\/wp-content\/uploads\/2016\/05\/logo-apen-231x82-trasparent.png\" \/>\n\t<meta property=\"og:image:width\" content=\"231\" \/>\n\t<meta property=\"og:image:height\" content=\"82\" \/>\n\t<meta property=\"og:image:type\" content=\"image\/png\" \/>\n<meta name=\"twitter:card\" content=\"summary_large_image\" \/>\n<meta name=\"twitter:label1\" content=\"Temps estimat de lectura\" \/>\n\t<meta name=\"twitter:data1\" content=\"8 minuts\" \/>\n<script type=\"application\/ld+json\" class=\"yoast-schema-graph\">{\"@context\":\"https:\\\/\\\/schema.org\",\"@graph\":[{\"@type\":\"WebPage\",\"@id\":\"https:\\\/\\\/www.apen.es\\\/fotocopiadora\\\/alquiler-fotocopiadora-konica-minolta\\\/alquiler-granollers\\\/\",\"url\":\"https:\\\/\\\/www.apen.es\\\/fotocopiadora\\\/alquiler-fotocopiadora-konica-minolta\\\/alquiler-granollers\\\/\",\"name\":\"Alquiler fotocopiadora Konica Minolta Granollers - Apen Inform\u00e1tica\",\"isPartOf\":{\"@id\":\"https:\\\/\\\/www.apen.es\\\/#website\"},\"datePublished\":\"2019-02-06T12:28:25+00:00\",\"dateModified\":\"2025-05-23T08:14:01+00:00\",\"description\":\"Alquiler de fotocopiadoras de la marca Konica Minolta en Granollers Impresi\u00f3n para empresas. Renting y Alquiler de impresoras y fotocopiadora.\",\"breadcrumb\":{\"@id\":\"https:\\\/\\\/www.apen.es\\\/fotocopiadora\\\/alquiler-fotocopiadora-konica-minolta\\\/alquiler-granollers\\\/#breadcrumb\"},\"inLanguage\":\"ca\",\"potentialAction\":[{\"@type\":\"ReadAction\",\"target\":[\"https:\\\/\\\/www.apen.es\\\/fotocopiadora\\\/alquiler-fotocopiadora-konica-minolta\\\/alquiler-granollers\\\/\"]}]},{\"@type\":\"BreadcrumbList\",\"@id\":\"https:\\\/\\\/www.apen.es\\\/fotocopiadora\\\/alquiler-fotocopiadora-konica-minolta\\\/alquiler-granollers\\\/#breadcrumb\",\"itemListElement\":[{\"@type\":\"ListItem\",\"position\":1,\"name\":\"Portada\",\"item\":\"https:\\\/\\\/www.apen.es\\\/\"},{\"@type\":\"ListItem\",\"position\":2,\"name\":\"Fotocopiadora\",\"item\":\"https:\\\/\\\/www.apen.es\\\/fotocopiadora\\\/\"},{\"@type\":\"ListItem\",\"position\":3,\"name\":\"Alquiler fotocopiadora KONICA MINOLTA\",\"item\":\"https:\\\/\\\/www.apen.es\\\/fotocopiadora\\\/alquiler-fotocopiadora-konica-minolta\\\/\"},{\"@type\":\"ListItem\",\"position\":4,\"name\":\"Alquiler fotocopiadora Konica Minolta Granollers\"}]},{\"@type\":\"WebSite\",\"@id\":\"https:\\\/\\\/www.apen.es\\\/#website\",\"url\":\"https:\\\/\\\/www.apen.es\\\/\",\"name\":\"Apen Inform\u00e1tica\",\"description\":\"Mantenimiento Inform\u00e1tico , Software de Gesti\u00f3n, Soluciones de impresi\u00f3n\",\"publisher\":{\"@id\":\"https:\\\/\\\/www.apen.es\\\/#organization\"},\"potentialAction\":[{\"@type\":\"SearchAction\",\"target\":{\"@type\":\"EntryPoint\",\"urlTemplate\":\"https:\\\/\\\/www.apen.es\\\/?s={search_term_string}\"},\"query-input\":{\"@type\":\"PropertyValueSpecification\",\"valueRequired\":true,\"valueName\":\"search_term_string\"}}],\"inLanguage\":\"ca\"},{\"@type\":\"Organization\",\"@id\":\"https:\\\/\\\/www.apen.es\\\/#organization\",\"name\":\"Apen: Soluciones inform\u00e1ticas\",\"url\":\"https:\\\/\\\/www.apen.es\\\/\",\"logo\":{\"@type\":\"ImageObject\",\"inLanguage\":\"ca\",\"@id\":\"https:\\\/\\\/www.apen.es\\\/#\\\/schema\\\/logo\\\/image\\\/\",\"url\":\"https:\\\/\\\/www.apen.es\\\/wp-content\\\/uploads\\\/2022\\\/08\\\/logo-apenok-231x82-1.png\",\"contentUrl\":\"https:\\\/\\\/www.apen.es\\\/wp-content\\\/uploads\\\/2022\\\/08\\\/logo-apenok-231x82-1.png\",\"width\":231,\"height\":82,\"caption\":\"Apen: Soluciones inform\u00e1ticas\"},\"image\":{\"@id\":\"https:\\\/\\\/www.apen.es\\\/#\\\/schema\\\/logo\\\/image\\\/\"},\"sameAs\":[\"https:\\\/\\\/www.facebook.com\\\/apensolucions\",\"https:\\\/\\\/www.youtube.com\\\/user\\\/ApenCentreInformatic\",\"https:\\\/\\\/www.linkedin.com\\\/company\\\/1021771?trk=tyah&trkInfo=clickedVerticalcompanyclickedEntityId1021771idx2-1-2tarId1464195271196tasapenin\"]}]}<\/script>\n<!-- \/ Yoast SEO plugin. -->","yoast_head_json":{"title":"Alquiler fotocopiadora Konica Minolta Granollers - Apen Inform\u00e1tica","description":"Alquiler de fotocopiadoras de la marca Konica Minolta en Granollers Impresi\u00f3n para empresas. Renting y Alquiler de impresoras y fotocopiadora.","robots":{"index":"index","follow":"follow","max-snippet":"max-snippet:-1","max-image-preview":"max-image-preview:large","max-video-preview":"max-video-preview:-1"},"canonical":"https:\/\/www.apen.es\/ca\/fotocopiadora\/alquiler-fotocopiadora-konica-minolta\/alquiler-granollers\/","og_locale":"ca_ES","og_type":"article","og_title":"Alquiler fotocopiadora Konica Minolta Granollers - Apen Inform\u00e1tica","og_description":"Alquiler de fotocopiadoras de la marca Konica Minolta en Granollers Impresi\u00f3n para empresas. Renting y Alquiler de impresoras y fotocopiadora.","og_url":"https:\/\/www.apen.es\/ca\/fotocopiadora\/alquiler-fotocopiadora-konica-minolta\/alquiler-granollers\/","og_site_name":"Apen Inform\u00e1tica","article_publisher":"https:\/\/www.facebook.com\/apensolucions","article_modified_time":"2025-05-23T08:14:01+00:00","og_image":[{"width":231,"height":82,"url":"https:\/\/www.apen.es\/wp-content\/uploads\/2016\/05\/logo-apen-231x82-trasparent.png","type":"image\/png"}],"twitter_card":"summary_large_image","twitter_misc":{"Temps estimat de lectura":"8 minuts"},"schema":{"@context":"https:\/\/schema.org","@graph":[{"@type":"WebPage","@id":"https:\/\/www.apen.es\/fotocopiadora\/alquiler-fotocopiadora-konica-minolta\/alquiler-granollers\/","url":"https:\/\/www.apen.es\/fotocopiadora\/alquiler-fotocopiadora-konica-minolta\/alquiler-granollers\/","name":"Alquiler fotocopiadora Konica Minolta Granollers - Apen Inform\u00e1tica","isPartOf":{"@id":"https:\/\/www.apen.es\/#website"},"datePublished":"2019-02-06T12:28:25+00:00","dateModified":"2025-05-23T08:14:01+00:00","description":"Alquiler de fotocopiadoras de la marca Konica Minolta en Granollers Impresi\u00f3n para empresas. Renting y Alquiler de impresoras y fotocopiadora.","breadcrumb":{"@id":"https:\/\/www.apen.es\/fotocopiadora\/alquiler-fotocopiadora-konica-minolta\/alquiler-granollers\/#breadcrumb"},"inLanguage":"ca","potentialAction":[{"@type":"ReadAction","target":["https:\/\/www.apen.es\/fotocopiadora\/alquiler-fotocopiadora-konica-minolta\/alquiler-granollers\/"]}]},{"@type":"BreadcrumbList","@id":"https:\/\/www.apen.es\/fotocopiadora\/alquiler-fotocopiadora-konica-minolta\/alquiler-granollers\/#breadcrumb","itemListElement":[{"@type":"ListItem","position":1,"name":"Portada","item":"https:\/\/www.apen.es\/"},{"@type":"ListItem","position":2,"name":"Fotocopiadora","item":"https:\/\/www.apen.es\/fotocopiadora\/"},{"@type":"ListItem","position":3,"name":"Alquiler fotocopiadora KONICA MINOLTA","item":"https:\/\/www.apen.es\/fotocopiadora\/alquiler-fotocopiadora-konica-minolta\/"},{"@type":"ListItem","position":4,"name":"Alquiler fotocopiadora Konica Minolta Granollers"}]},{"@type":"WebSite","@id":"https:\/\/www.apen.es\/#website","url":"https:\/\/www.apen.es\/","name":"Apen Inform\u00e0tica","description":"Manteniment inform\u00e0tic , programari de gesti\u00f3, solucions d&#039;impressi\u00f3","publisher":{"@id":"https:\/\/www.apen.es\/#organization"},"potentialAction":[{"@type":"SearchAction","target":{"@type":"EntryPoint","urlTemplate":"https:\/\/www.apen.es\/?s={search_term_string}"},"query-input":{"@type":"PropertyValueSpecification","valueRequired":true,"valueName":"search_term_string"}}],"inLanguage":"ca"},{"@type":"Organization","@id":"https:\/\/www.apen.es\/#organization","name":"Apen: Solucions inform\u00e0tiques","url":"https:\/\/www.apen.es\/","logo":{"@type":"ImageObject","inLanguage":"ca","@id":"https:\/\/www.apen.es\/#\/schema\/logo\/image\/","url":"https:\/\/www.apen.es\/wp-content\/uploads\/2022\/08\/logo-apenok-231x82-1.png","contentUrl":"https:\/\/www.apen.es\/wp-content\/uploads\/2022\/08\/logo-apenok-231x82-1.png","width":231,"height":82,"caption":"Apen: Soluciones inform\u00e1ticas"},"image":{"@id":"https:\/\/www.apen.es\/#\/schema\/logo\/image\/"},"sameAs":["https:\/\/www.facebook.com\/apensolucions","https:\/\/www.youtube.com\/user\/ApenCentreInformatic","https:\/\/www.linkedin.com\/company\/1021771?trk=tyah&trkInfo=clickedVerticalcompanyclickedEntityId1021771idx2-1-2tarId1464195271196tasapenin"]}]}},"taxonomy_info":[],"featured_image_src_large":false,"author_info":{"display_name":"marqueting","author_link":"https:\/\/www.apen.es\/ca\/blog\/author\/marqueting\/"},"comment_info":0,"_links":{"self":[{"href":"https:\/\/www.apen.es\/ca\/wp-json\/wp\/v2\/pages\/12851","targetHints":{"allow":["GET"]}}],"collection":[{"href":"https:\/\/www.apen.es\/ca\/wp-json\/wp\/v2\/pages"}],"about":[{"href":"https:\/\/www.apen.es\/ca\/wp-json\/wp\/v2\/types\/page"}],"author":[{"embeddable":true,"href":"https:\/\/www.apen.es\/ca\/wp-json\/wp\/v2\/users\/4"}],"replies":[{"embeddable":true,"href":"https:\/\/www.apen.es\/ca\/wp-json\/wp\/v2\/comments?post=12851"}],"version-history":[{"count":3,"href":"https:\/\/www.apen.es\/ca\/wp-json\/wp\/v2\/pages\/12851\/revisions"}],"predecessor-version":[{"id":54837,"href":"https:\/\/www.apen.es\/ca\/wp-json\/wp\/v2\/pages\/12851\/revisions\/54837"}],"up":[{"embeddable":true,"href":"https:\/\/www.apen.es\/ca\/wp-json\/wp\/v2\/pages\/12848"}],"wp:attachment":[{"href":"https:\/\/www.apen.es\/ca\/wp-json\/wp\/v2\/media?parent=12851"}],"curies":[{"name":"wp","href":"https:\/\/api.w.org\/{rel}","templated":true}]}}