{"id":12611,"date":"2019-01-08T16:29:34","date_gmt":"2019-01-08T16:29:34","guid":{"rendered":"https:\/\/www.apen.es\/?page_id=12611"},"modified":"2025-07-10T09:51:54","modified_gmt":"2025-07-10T09:51:54","slug":"renting-vic","status":"publish","type":"page","link":"https:\/\/www.apen.es\/ca\/multifuncion\/renting-multifuncion-konica-minolta\/renting-vic\/","title":{"rendered":"R\u00e8nting multifunci\u00f3 KONICA MINOLTA Vic"},"content":{"rendered":"<p>A Apen pots trobar un servei de&nbsp;<strong>renting multifunci\u00f3 KONICA MINOLTA Vic<\/strong>&nbsp;que us permetr\u00e0 gaudir d&#039;una impressora d&#039;\u00faltima generaci\u00f3 i molt polivalent, amb la qual podeu realitzar m\u00faltiples tasques des d&#039;un mateix lloc.<\/p>\n\n\n\n<p>El client obtindr\u00e0 impressions de m\u00e0xima resoluci\u00f3 gr\u00e0cies al&nbsp;<strong>renting multifunci\u00f3 KONICA MINOLTA Vic<\/strong>, perqu\u00e8 aquesta marca japonesa t\u00e9 molts anys d&#039;experi\u00e8ncia pel que fa a la qualitat de la imatge, ja que els seus inicis van ser al m\u00f3n de la fotografia.  \u00c9s un servei molt econ\u00f2mic si tenim en compte totes les prestacions que ofereix. A m\u00e9s de ser un equip multifunci\u00f3 de primera qualitat, tamb\u00e9 inclou un servei t\u00e8cnic professional, dut a terme per experts en el manteniment i la seguretat d&#039;Apen.<\/p>\n\n\n\n<p>A Apen incloem, dins del servei de&nbsp;<strong>renting KONICA MINOLTA Vic<\/strong>, assist\u00e8ncia t\u00e8cnica en menys de 4 hores, manteniment preventiu, instal\u00b7laci\u00f3 i configuraci\u00f3, recanvi de peces i consumibles, reparaci\u00f3 en cas d&#039;avaria, assessorament, etc.<\/p>\n\n\n\n<p>A Apen oferim serveis adaptats a tot tipus d&#039;empreses, oferint solucions personalitzades i encertades, ja que ens basem totalment en les necessitats reals de cadascuna mitjan\u00e7ant un estudi previ, que ens permet con\u00e8ixer millor quin tipus de gesti\u00f3 fan pel que fa a les impressions i altres tipus d&#039;\u00e0mbits.<\/p>\n\n\n\n<p>El servei&nbsp;<strong>renting multifunci\u00f3 KONICA MINOLTA Vic<\/strong>&nbsp;permet que el client pugui tenir impressores polivalents de darrera generaci\u00f3 sense tenir la necessitat de comprar-les. Podeu gaudir d&#039;un servei de lloguer molt competitiu i econ\u00f2mic, pagant nom\u00e9s per les p\u00e0gines que imprimiu ia m\u00e9s disposant d&#039;una atenci\u00f3 t\u00e8cnica professional. \u00c9s un nou model de finan\u00e7ament que permet que el client pugui fer pagaments mensuals o trimestrals. Per continuar gaudint d&#039;aquest servei i essent m\u00e9s conscient del que teniu i del que gasteu. D&#039;aquesta manera, l&#039;empresa pot gestionar de manera molt m\u00e9s eficient les despeses anuals d&#039;impressi\u00f3 per obtenir una millora en aquest sentit.<\/p>\n\n\n\n<p>Si vols disposar d&#039;aquest tipus de serveis a la teva empresa no dubtis a posar-te en contacte amb nosaltres i informar-te de totes les possibilitats que et podem oferir. Perqu\u00e8 a m\u00e9s del&nbsp;<strong>renting multifunci\u00f3 KONICA MINOLTA Vic<\/strong>, tamb\u00e9 pots fer aquest r\u00e8nting amb altres marques que s\u00f3n l\u00edders al mercat pel que fa a les solucions d&#039;impressi\u00f3 i de les quals som distribu\u00efdors, com KYOCERA, HP i OKI. Amb aquestes quatre marques, et podem assegurar una soluci\u00f3 adaptada a tu, amb els requisits que necessites i amb resultats de m\u00e0xima qualitat.<\/p>\n\n\n\n<p>Gaudeix dels avantatges del r\u00e8nting estalviant diners, sent m\u00e9s productiu i eficient i sent m\u00e9s conscient de les impressions que es realitzen a la teva empresa. \u00c9s una nova manera de \u201cutilitzar\u201d els equips inform\u00e0tics, que permet generar una economia molt m\u00e9s justa i sostenible per a tothom, tamb\u00e9 per al medi ambient.<\/p>","protected":false},"excerpt":{"rendered":"<p>En Apen puedes encontrar un servicio de&nbsp;renting multifunci\u00f3n KONICA MINOLTA Vic&nbsp;que te permitir\u00e1 disfrutar de una impresora de \u00faltima generaci\u00f3n y muy polivalente, con la que puedes realizar m\u00faltiples tareas desde un mismo lugar. El cliente obtendr\u00e1 impresiones de m\u00e1xima resoluci\u00f3n gracias al&nbsp;renting multifunci\u00f3n KONICA MINOLTA Vic, porque esta marca japonesa tiene muchos a\u00f1os de&#8230;<\/p>","protected":false},"author":4,"featured_media":0,"parent":12391,"menu_order":0,"comment_status":"closed","ping_status":"closed","template":"page-renting-impresoras.php","meta":{"_acf_changed":false,"_kad_blocks_custom_css":"","_kad_blocks_head_custom_js":"","_kad_blocks_body_custom_js":"","_kad_blocks_footer_custom_js":"","_kad_post_transparent":"","_kad_post_title":"","_kad_post_layout":"","_kad_post_sidebar_id":"","_kad_post_content_style":"","_kad_post_vertical_padding":"","_kad_post_feature":"","_kad_post_feature_position":"","_kad_post_header":false,"_kad_post_footer":false,"_kad_post_classname":"","footnotes":""},"class_list":["post-12611","page","type-page","status-publish","hentry"],"acf":[],"yoast_head":"<!-- This site is optimized with the Yoast SEO plugin v27.4 - https:\/\/yoast.com\/product\/yoast-seo-wordpress\/ -->\n<title>Renting multifunci\u00f3n KONICA MINOLTA Vic - Apen Inform\u00e1tica<\/title>\n<meta name=\"description\" content=\"Ofrecemos el servicio de Renting Multifunci\u00f3n de la marca Konica Minolta en Vic. Soluciones de impresi\u00f3n, renting, alquiler y venta para empresas.\" \/>\n<meta name=\"robots\" content=\"index, follow, max-snippet:-1, max-image-preview:large, max-video-preview:-1\" \/>\n<link rel=\"canonical\" href=\"https:\/\/www.apen.es\/ca\/multifuncio\/renting-multifuncio-konica-minolta\/renting-vic\/\" \/>\n<meta property=\"og:locale\" content=\"ca_ES\" \/>\n<meta property=\"og:type\" content=\"article\" \/>\n<meta property=\"og:title\" content=\"Renting multifunci\u00f3n KONICA MINOLTA Vic - Apen Inform\u00e1tica\" \/>\n<meta property=\"og:description\" content=\"Ofrecemos el servicio de Renting Multifunci\u00f3n de la marca Konica Minolta en Vic. Soluciones de impresi\u00f3n, renting, alquiler y venta para empresas.\" \/>\n<meta property=\"og:url\" content=\"https:\/\/www.apen.es\/ca\/multifuncio\/renting-multifuncio-konica-minolta\/renting-vic\/\" \/>\n<meta property=\"og:site_name\" content=\"Apen Inform\u00e1tica\" \/>\n<meta property=\"article:publisher\" content=\"https:\/\/www.facebook.com\/apensolucions\" \/>\n<meta property=\"article:modified_time\" content=\"2025-07-10T09:51:54+00:00\" \/>\n<meta property=\"og:image\" content=\"https:\/\/www.apen.es\/wp-content\/uploads\/2016\/05\/logo-apen-231x82-trasparent.png\" \/>\n\t<meta property=\"og:image:width\" content=\"231\" \/>\n\t<meta property=\"og:image:height\" content=\"82\" \/>\n\t<meta property=\"og:image:type\" content=\"image\/png\" \/>\n<meta name=\"twitter:card\" content=\"summary_large_image\" \/>\n<meta name=\"twitter:label1\" content=\"Temps estimat de lectura\" \/>\n\t<meta name=\"twitter:data1\" content=\"8 minuts\" \/>\n<script type=\"application\/ld+json\" class=\"yoast-schema-graph\">{\"@context\":\"https:\\\/\\\/schema.org\",\"@graph\":[{\"@type\":\"WebPage\",\"@id\":\"https:\\\/\\\/www.apen.es\\\/multifuncion\\\/renting-multifuncion-konica-minolta\\\/renting-vic\\\/\",\"url\":\"https:\\\/\\\/www.apen.es\\\/multifuncion\\\/renting-multifuncion-konica-minolta\\\/renting-vic\\\/\",\"name\":\"Renting multifunci\u00f3n KONICA MINOLTA Vic - Apen Inform\u00e1tica\",\"isPartOf\":{\"@id\":\"https:\\\/\\\/www.apen.es\\\/#website\"},\"datePublished\":\"2019-01-08T16:29:34+00:00\",\"dateModified\":\"2025-07-10T09:51:54+00:00\",\"description\":\"Ofrecemos el servicio de Renting Multifunci\u00f3n de la marca Konica Minolta en Vic. Soluciones de impresi\u00f3n, renting, alquiler y venta para empresas.\",\"breadcrumb\":{\"@id\":\"https:\\\/\\\/www.apen.es\\\/multifuncion\\\/renting-multifuncion-konica-minolta\\\/renting-vic\\\/#breadcrumb\"},\"inLanguage\":\"ca\",\"potentialAction\":[{\"@type\":\"ReadAction\",\"target\":[\"https:\\\/\\\/www.apen.es\\\/multifuncion\\\/renting-multifuncion-konica-minolta\\\/renting-vic\\\/\"]}]},{\"@type\":\"BreadcrumbList\",\"@id\":\"https:\\\/\\\/www.apen.es\\\/multifuncion\\\/renting-multifuncion-konica-minolta\\\/renting-vic\\\/#breadcrumb\",\"itemListElement\":[{\"@type\":\"ListItem\",\"position\":1,\"name\":\"Portada\",\"item\":\"https:\\\/\\\/www.apen.es\\\/\"},{\"@type\":\"ListItem\",\"position\":2,\"name\":\"Multifunci\u00f3n\",\"item\":\"https:\\\/\\\/www.apen.es\\\/multifuncion\\\/\"},{\"@type\":\"ListItem\",\"position\":3,\"name\":\"Renting multifunci\u00f3n Konica Minolta\",\"item\":\"https:\\\/\\\/www.apen.es\\\/multifuncion\\\/renting-multifuncion-konica-minolta\\\/\"},{\"@type\":\"ListItem\",\"position\":4,\"name\":\"Renting multifunci\u00f3n KONICA MINOLTA Vic\"}]},{\"@type\":\"WebSite\",\"@id\":\"https:\\\/\\\/www.apen.es\\\/#website\",\"url\":\"https:\\\/\\\/www.apen.es\\\/\",\"name\":\"Apen Inform\u00e1tica\",\"description\":\"Mantenimiento Inform\u00e1tico , Software de Gesti\u00f3n, Soluciones de impresi\u00f3n\",\"publisher\":{\"@id\":\"https:\\\/\\\/www.apen.es\\\/#organization\"},\"potentialAction\":[{\"@type\":\"SearchAction\",\"target\":{\"@type\":\"EntryPoint\",\"urlTemplate\":\"https:\\\/\\\/www.apen.es\\\/?s={search_term_string}\"},\"query-input\":{\"@type\":\"PropertyValueSpecification\",\"valueRequired\":true,\"valueName\":\"search_term_string\"}}],\"inLanguage\":\"ca\"},{\"@type\":\"Organization\",\"@id\":\"https:\\\/\\\/www.apen.es\\\/#organization\",\"name\":\"Apen: Soluciones inform\u00e1ticas\",\"url\":\"https:\\\/\\\/www.apen.es\\\/\",\"logo\":{\"@type\":\"ImageObject\",\"inLanguage\":\"ca\",\"@id\":\"https:\\\/\\\/www.apen.es\\\/#\\\/schema\\\/logo\\\/image\\\/\",\"url\":\"https:\\\/\\\/www.apen.es\\\/wp-content\\\/uploads\\\/2022\\\/08\\\/logo-apenok-231x82-1.png\",\"contentUrl\":\"https:\\\/\\\/www.apen.es\\\/wp-content\\\/uploads\\\/2022\\\/08\\\/logo-apenok-231x82-1.png\",\"width\":231,\"height\":82,\"caption\":\"Apen: Soluciones inform\u00e1ticas\"},\"image\":{\"@id\":\"https:\\\/\\\/www.apen.es\\\/#\\\/schema\\\/logo\\\/image\\\/\"},\"sameAs\":[\"https:\\\/\\\/www.facebook.com\\\/apensolucions\",\"https:\\\/\\\/www.youtube.com\\\/user\\\/ApenCentreInformatic\",\"https:\\\/\\\/www.linkedin.com\\\/company\\\/1021771?trk=tyah&trkInfo=clickedVerticalcompanyclickedEntityId1021771idx2-1-2tarId1464195271196tasapenin\"]}]}<\/script>\n<!-- \/ Yoast SEO plugin. -->","yoast_head_json":{"title":"R\u00e8nting multifunci\u00f3 KONICA MINOLTA Vic - Apen Inform\u00e0tica","description":"Oferim el servei de Renting Multifunci\u00f3 de la marca Konica Minolta a Vic. Solucions d&#039;impressi\u00f3, r\u00e8nting, lloguer i venda per a empreses.","robots":{"index":"index","follow":"follow","max-snippet":"max-snippet:-1","max-image-preview":"max-image-preview:large","max-video-preview":"max-video-preview:-1"},"canonical":"https:\/\/www.apen.es\/ca\/multifuncio\/renting-multifuncio-konica-minolta\/renting-vic\/","og_locale":"ca_ES","og_type":"article","og_title":"Renting multifunci\u00f3n KONICA MINOLTA Vic - Apen Inform\u00e1tica","og_description":"Ofrecemos el servicio de Renting Multifunci\u00f3n de la marca Konica Minolta en Vic. Soluciones de impresi\u00f3n, renting, alquiler y venta para empresas.","og_url":"https:\/\/www.apen.es\/ca\/multifuncio\/renting-multifuncio-konica-minolta\/renting-vic\/","og_site_name":"Apen Inform\u00e1tica","article_publisher":"https:\/\/www.facebook.com\/apensolucions","article_modified_time":"2025-07-10T09:51:54+00:00","og_image":[{"width":231,"height":82,"url":"https:\/\/www.apen.es\/wp-content\/uploads\/2016\/05\/logo-apen-231x82-trasparent.png","type":"image\/png"}],"twitter_card":"summary_large_image","twitter_misc":{"Temps estimat de lectura":"8 minuts"},"schema":{"@context":"https:\/\/schema.org","@graph":[{"@type":"WebPage","@id":"https:\/\/www.apen.es\/multifuncion\/renting-multifuncion-konica-minolta\/renting-vic\/","url":"https:\/\/www.apen.es\/multifuncion\/renting-multifuncion-konica-minolta\/renting-vic\/","name":"R\u00e8nting multifunci\u00f3 KONICA MINOLTA Vic - Apen Inform\u00e0tica","isPartOf":{"@id":"https:\/\/www.apen.es\/#website"},"datePublished":"2019-01-08T16:29:34+00:00","dateModified":"2025-07-10T09:51:54+00:00","description":"Oferim el servei de Renting Multifunci\u00f3 de la marca Konica Minolta a Vic. Solucions d&#039;impressi\u00f3, r\u00e8nting, lloguer i venda per a empreses.","breadcrumb":{"@id":"https:\/\/www.apen.es\/multifuncion\/renting-multifuncion-konica-minolta\/renting-vic\/#breadcrumb"},"inLanguage":"ca","potentialAction":[{"@type":"ReadAction","target":["https:\/\/www.apen.es\/multifuncion\/renting-multifuncion-konica-minolta\/renting-vic\/"]}]},{"@type":"BreadcrumbList","@id":"https:\/\/www.apen.es\/multifuncion\/renting-multifuncion-konica-minolta\/renting-vic\/#breadcrumb","itemListElement":[{"@type":"ListItem","position":1,"name":"Portada","item":"https:\/\/www.apen.es\/"},{"@type":"ListItem","position":2,"name":"Multifunci\u00f3n","item":"https:\/\/www.apen.es\/multifuncion\/"},{"@type":"ListItem","position":3,"name":"Renting multifunci\u00f3n Konica Minolta","item":"https:\/\/www.apen.es\/multifuncion\/renting-multifuncion-konica-minolta\/"},{"@type":"ListItem","position":4,"name":"Renting multifunci\u00f3n KONICA MINOLTA Vic"}]},{"@type":"WebSite","@id":"https:\/\/www.apen.es\/#website","url":"https:\/\/www.apen.es\/","name":"Apen Inform\u00e0tica","description":"Manteniment inform\u00e0tic , programari de gesti\u00f3, solucions d&#039;impressi\u00f3","publisher":{"@id":"https:\/\/www.apen.es\/#organization"},"potentialAction":[{"@type":"SearchAction","target":{"@type":"EntryPoint","urlTemplate":"https:\/\/www.apen.es\/?s={search_term_string}"},"query-input":{"@type":"PropertyValueSpecification","valueRequired":true,"valueName":"search_term_string"}}],"inLanguage":"ca"},{"@type":"Organization","@id":"https:\/\/www.apen.es\/#organization","name":"Apen: Solucions inform\u00e0tiques","url":"https:\/\/www.apen.es\/","logo":{"@type":"ImageObject","inLanguage":"ca","@id":"https:\/\/www.apen.es\/#\/schema\/logo\/image\/","url":"https:\/\/www.apen.es\/wp-content\/uploads\/2022\/08\/logo-apenok-231x82-1.png","contentUrl":"https:\/\/www.apen.es\/wp-content\/uploads\/2022\/08\/logo-apenok-231x82-1.png","width":231,"height":82,"caption":"Apen: Soluciones inform\u00e1ticas"},"image":{"@id":"https:\/\/www.apen.es\/#\/schema\/logo\/image\/"},"sameAs":["https:\/\/www.facebook.com\/apensolucions","https:\/\/www.youtube.com\/user\/ApenCentreInformatic","https:\/\/www.linkedin.com\/company\/1021771?trk=tyah&trkInfo=clickedVerticalcompanyclickedEntityId1021771idx2-1-2tarId1464195271196tasapenin"]}]}},"taxonomy_info":[],"featured_image_src_large":false,"author_info":{"display_name":"marqueting","author_link":"https:\/\/www.apen.es\/ca\/blog\/author\/marqueting\/"},"comment_info":0,"_links":{"self":[{"href":"https:\/\/www.apen.es\/ca\/wp-json\/wp\/v2\/pages\/12611","targetHints":{"allow":["GET"]}}],"collection":[{"href":"https:\/\/www.apen.es\/ca\/wp-json\/wp\/v2\/pages"}],"about":[{"href":"https:\/\/www.apen.es\/ca\/wp-json\/wp\/v2\/types\/page"}],"author":[{"embeddable":true,"href":"https:\/\/www.apen.es\/ca\/wp-json\/wp\/v2\/users\/4"}],"replies":[{"embeddable":true,"href":"https:\/\/www.apen.es\/ca\/wp-json\/wp\/v2\/comments?post=12611"}],"version-history":[{"count":3,"href":"https:\/\/www.apen.es\/ca\/wp-json\/wp\/v2\/pages\/12611\/revisions"}],"predecessor-version":[{"id":56189,"href":"https:\/\/www.apen.es\/ca\/wp-json\/wp\/v2\/pages\/12611\/revisions\/56189"}],"up":[{"embeddable":true,"href":"https:\/\/www.apen.es\/ca\/wp-json\/wp\/v2\/pages\/12391"}],"wp:attachment":[{"href":"https:\/\/www.apen.es\/ca\/wp-json\/wp\/v2\/media?parent=12611"}],"curies":[{"name":"wp","href":"https:\/\/api.w.org\/{rel}","templated":true}]}}