{"id":12606,"date":"2019-01-07T11:05:45","date_gmt":"2019-01-07T11:05:45","guid":{"rendered":"https:\/\/www.apen.es\/?page_id=12606"},"modified":"2025-05-23T08:32:48","modified_gmt":"2025-05-23T08:32:48","slug":"lloguer-terrassa","status":"publish","type":"page","link":"https:\/\/www.apen.es\/ca\/multifuncion\/alquiler-multifuncion-kyocera\/alquiler-terrassa\/","title":{"rendered":"Lloguer multifunci\u00f3 KYOCERA Terrassa"},"content":{"rendered":"<p>Si vols gaudir d&#039;un equip multifunci\u00f3 a la teva empresa sense haver de comprar-lo, no dubtis a informar-te sobre el nostre servei de&nbsp;<strong>lloguer multifunci\u00f3 KYOCERA&nbsp;<\/strong>a<strong>&nbsp;Terrassa<\/strong>, amb el qual podreu obtenir una impressora polivalent, des de la qual podeu realitzar diferents tasques des d&#039;un \u00fanic lloc.<\/p>\n\n\n\n<p>A Apen volem con\u00e8ixer com funciona la teva empresa i fer un estudi previ per poder assessorar-te i dir-te quina \u00e9s la millor opci\u00f3 per a tu. El nostre objectiu \u00e9s trobar sempre la millor soluci\u00f3 per a l&#039;empresa i personalitzar cada proposta al m\u00e0xim. D&#039;aquesta manera podem garantir un servei de&nbsp;<strong>lloguer multifunci\u00f3 KYOCERA<\/strong>&nbsp;a&nbsp;<strong>Terrassa<\/strong>&nbsp;de gran qualitat.<\/p>\n\n\n\n<p>Amb el servei de&nbsp;<strong>lloguer multifunci\u00f3 KYOCERA<\/strong>&nbsp;<strong>Terrassa<\/strong>&nbsp;podr\u00e0s gaudir d\u00b4impressions de primera qualitat i, a m\u00e9s, m\u00e9s justes i sostenibles. Perqu\u00e8 el r\u00e8nting us permet pagar \u00fanicament per les p\u00e0gines que imprimiu sense cap tipus de cost addicional. En realitzar aquest nou sistema de finan\u00e7ament, l&#039;empresa pot fer impressions m\u00e9s conscients i econ\u00f2miques durant el temps que cregui convenient.<\/p>\n\n\n\n<p>Aquest tipus de servei inclou l&#039;assist\u00e8ncia t\u00e8cnica, el manteniment, la reparaci\u00f3, el recanvi de peces i consumibles, l&#039;assessorament, de proporcionar-te un nou equip multifunci\u00f3 en cas d&#039;avaria aix\u00ed com de la instal\u00b7laci\u00f3 i la configuraci\u00f3 de l&#039;equip. Pel que el&nbsp;<strong>lloguer multifunci\u00f3 KYOCERA<\/strong>&nbsp;<strong>Terrassa<\/strong>&nbsp;es converteix en un servei integral per a tots els clients que decideixen apostar pel r\u00e8nting a la seva empresa.<\/p>\n\n\n\n<p>Qualsevol tipus dempresa pot gaudir daquesta nova opci\u00f3 financera, amb la qual aconseguir\u00e0 grans resultats a un preu molt raonable. A m\u00e9s de ser m\u00e9s conscient de les impressions que fa, el cost que tenen i qu\u00e8 \u00e9s el que realment necessita imprimir i qu\u00e8 no. A Apen volem transformar la manera de consumir i gaudir dels equips inform\u00e0tics, apostant per una economia m\u00e9s sostenible i justa. I per aix\u00f2, decidim implementar aquest tipus de serveis, com el&nbsp;<strong>lloguer multifunci\u00f3 KYOCERA Terrassa<\/strong>, amb qu\u00e8 les persones paguen per all\u00f2 que usen, sense haver de pagar l&#039;equip en si.<\/p>\n\n\n\n<p>D&#039;aquesta manera volem fomentar un tipus d&#039;economia m\u00e9s circular, en qu\u00e8 allarguem la durabilitat del producte i totes les parts del proc\u00e9s hi surten guanyant. Redu\u00efm el consumisme desenfrenat i ens adaptem a les necessitats de cada empresa quant a l&#039;\u00fas que fan de les impressores. A m\u00e9s, per contribuir a la protecci\u00f3 del medi ambient tamb\u00e9 fem un reciclatge adequat dels consumibles.<\/p>\n\n\n\n<p>Si vols fer un canvi en la gesti\u00f3 d&#039;impressions de la teva empresa consulta la nostra p\u00e0gina web, per con\u00e8ixer totes les opcions que et podem oferir i posa&#039;t en contacte amb nosaltres. Segur que quan ens coneguem i sapiguem com funciona la teva empresa podrem trobar la millor opci\u00f3 de&nbsp;<strong>lloguer<\/strong>&nbsp;<strong>multifunci\u00f3<\/strong>&nbsp;<strong>KYOCERA<\/strong>&nbsp;<strong>Terrassa.<\/strong><\/p>","protected":false},"excerpt":{"rendered":"<p>Si quieres disfrutar de un equipo multifunci\u00f3n en tu empresa sin tener que comprarlo, no dudes en informarte sobre nuestro servicio de&nbsp;alquiler multifunci\u00f3n KYOCERA&nbsp;en&nbsp;Terrassa, con el que podr\u00e1s obtener una impresora polivalente, desde la que puedes realizar distintas tareas desde un \u00fanico lugar. En Apen queremos conocer c\u00f3mo funciona tu empresa y realizar un estudio&#8230;<\/p>","protected":false},"author":4,"featured_media":0,"parent":12604,"menu_order":0,"comment_status":"closed","ping_status":"closed","template":"page-renting-impresoras.php","meta":{"_acf_changed":false,"_kad_blocks_custom_css":"","_kad_blocks_head_custom_js":"","_kad_blocks_body_custom_js":"","_kad_blocks_footer_custom_js":"","_kad_post_transparent":"","_kad_post_title":"","_kad_post_layout":"","_kad_post_sidebar_id":"","_kad_post_content_style":"","_kad_post_vertical_padding":"","_kad_post_feature":"","_kad_post_feature_position":"","_kad_post_header":false,"_kad_post_footer":false,"_kad_post_classname":"","footnotes":""},"class_list":["post-12606","page","type-page","status-publish","hentry"],"acf":[],"yoast_head":"<!-- This site is optimized with the Yoast SEO plugin v27.4 - https:\/\/yoast.com\/product\/yoast-seo-wordpress\/ -->\n<title>Alquiler multifunci\u00f3n KYOCERA Terrassa - Apen Inform\u00e1tica<\/title>\n<meta name=\"description\" content=\"Ahora puedes alquilar una multifunci\u00f3n Kyocera en Terrassa para mejorar las prestaciones de tu actual impresora a un coste muy bajo para tu empresa.\" \/>\n<meta name=\"robots\" content=\"index, follow, max-snippet:-1, max-image-preview:large, max-video-preview:-1\" \/>\n<link rel=\"canonical\" href=\"https:\/\/www.apen.es\/ca\/multifuncio\/lloguer-multifuncio-kyocera\/lloguer-terrassa\/\" \/>\n<meta property=\"og:locale\" content=\"ca_ES\" \/>\n<meta property=\"og:type\" content=\"article\" \/>\n<meta property=\"og:title\" content=\"Alquiler multifunci\u00f3n KYOCERA Terrassa - Apen Inform\u00e1tica\" \/>\n<meta property=\"og:description\" content=\"Ahora puedes alquilar una multifunci\u00f3n Kyocera en Terrassa para mejorar las prestaciones de tu actual impresora a un coste muy bajo para tu empresa.\" \/>\n<meta property=\"og:url\" content=\"https:\/\/www.apen.es\/ca\/multifuncio\/lloguer-multifuncio-kyocera\/lloguer-terrassa\/\" \/>\n<meta property=\"og:site_name\" content=\"Apen Inform\u00e1tica\" \/>\n<meta property=\"article:publisher\" content=\"https:\/\/www.facebook.com\/apensolucions\" \/>\n<meta property=\"article:modified_time\" content=\"2025-05-23T08:32:48+00:00\" \/>\n<meta property=\"og:image\" content=\"https:\/\/www.apen.es\/wp-content\/uploads\/2016\/05\/logo-apen-231x82-trasparent.png\" \/>\n\t<meta property=\"og:image:width\" content=\"231\" \/>\n\t<meta property=\"og:image:height\" content=\"82\" \/>\n\t<meta property=\"og:image:type\" content=\"image\/png\" \/>\n<meta name=\"twitter:card\" content=\"summary_large_image\" \/>\n<meta name=\"twitter:label1\" content=\"Temps estimat de lectura\" \/>\n\t<meta name=\"twitter:data1\" content=\"8 minuts\" \/>\n<script type=\"application\/ld+json\" class=\"yoast-schema-graph\">{\"@context\":\"https:\\\/\\\/schema.org\",\"@graph\":[{\"@type\":\"WebPage\",\"@id\":\"https:\\\/\\\/www.apen.es\\\/multifuncion\\\/alquiler-multifuncion-kyocera\\\/alquiler-terrassa\\\/\",\"url\":\"https:\\\/\\\/www.apen.es\\\/multifuncion\\\/alquiler-multifuncion-kyocera\\\/alquiler-terrassa\\\/\",\"name\":\"Alquiler multifunci\u00f3n KYOCERA Terrassa - Apen Inform\u00e1tica\",\"isPartOf\":{\"@id\":\"https:\\\/\\\/www.apen.es\\\/#website\"},\"datePublished\":\"2019-01-07T11:05:45+00:00\",\"dateModified\":\"2025-05-23T08:32:48+00:00\",\"description\":\"Ahora puedes alquilar una multifunci\u00f3n Kyocera en Terrassa para mejorar las prestaciones de tu actual impresora a un coste muy bajo para tu empresa.\",\"breadcrumb\":{\"@id\":\"https:\\\/\\\/www.apen.es\\\/multifuncion\\\/alquiler-multifuncion-kyocera\\\/alquiler-terrassa\\\/#breadcrumb\"},\"inLanguage\":\"ca\",\"potentialAction\":[{\"@type\":\"ReadAction\",\"target\":[\"https:\\\/\\\/www.apen.es\\\/multifuncion\\\/alquiler-multifuncion-kyocera\\\/alquiler-terrassa\\\/\"]}]},{\"@type\":\"BreadcrumbList\",\"@id\":\"https:\\\/\\\/www.apen.es\\\/multifuncion\\\/alquiler-multifuncion-kyocera\\\/alquiler-terrassa\\\/#breadcrumb\",\"itemListElement\":[{\"@type\":\"ListItem\",\"position\":1,\"name\":\"Portada\",\"item\":\"https:\\\/\\\/www.apen.es\\\/\"},{\"@type\":\"ListItem\",\"position\":2,\"name\":\"Multifunci\u00f3n\",\"item\":\"https:\\\/\\\/www.apen.es\\\/multifuncion\\\/\"},{\"@type\":\"ListItem\",\"position\":3,\"name\":\"Alquiler multifunci\u00f3n KYOCERA\",\"item\":\"https:\\\/\\\/www.apen.es\\\/multifuncion\\\/alquiler-multifuncion-kyocera\\\/\"},{\"@type\":\"ListItem\",\"position\":4,\"name\":\"Alquiler multifunci\u00f3n KYOCERA Terrassa\"}]},{\"@type\":\"WebSite\",\"@id\":\"https:\\\/\\\/www.apen.es\\\/#website\",\"url\":\"https:\\\/\\\/www.apen.es\\\/\",\"name\":\"Apen Inform\u00e1tica\",\"description\":\"Mantenimiento Inform\u00e1tico , Software de Gesti\u00f3n, Soluciones de impresi\u00f3n\",\"publisher\":{\"@id\":\"https:\\\/\\\/www.apen.es\\\/#organization\"},\"potentialAction\":[{\"@type\":\"SearchAction\",\"target\":{\"@type\":\"EntryPoint\",\"urlTemplate\":\"https:\\\/\\\/www.apen.es\\\/?s={search_term_string}\"},\"query-input\":{\"@type\":\"PropertyValueSpecification\",\"valueRequired\":true,\"valueName\":\"search_term_string\"}}],\"inLanguage\":\"ca\"},{\"@type\":\"Organization\",\"@id\":\"https:\\\/\\\/www.apen.es\\\/#organization\",\"name\":\"Apen: Soluciones inform\u00e1ticas\",\"url\":\"https:\\\/\\\/www.apen.es\\\/\",\"logo\":{\"@type\":\"ImageObject\",\"inLanguage\":\"ca\",\"@id\":\"https:\\\/\\\/www.apen.es\\\/#\\\/schema\\\/logo\\\/image\\\/\",\"url\":\"https:\\\/\\\/www.apen.es\\\/wp-content\\\/uploads\\\/2022\\\/08\\\/logo-apenok-231x82-1.png\",\"contentUrl\":\"https:\\\/\\\/www.apen.es\\\/wp-content\\\/uploads\\\/2022\\\/08\\\/logo-apenok-231x82-1.png\",\"width\":231,\"height\":82,\"caption\":\"Apen: Soluciones inform\u00e1ticas\"},\"image\":{\"@id\":\"https:\\\/\\\/www.apen.es\\\/#\\\/schema\\\/logo\\\/image\\\/\"},\"sameAs\":[\"https:\\\/\\\/www.facebook.com\\\/apensolucions\",\"https:\\\/\\\/www.youtube.com\\\/user\\\/ApenCentreInformatic\",\"https:\\\/\\\/www.linkedin.com\\\/company\\\/1021771?trk=tyah&trkInfo=clickedVerticalcompanyclickedEntityId1021771idx2-1-2tarId1464195271196tasapenin\"]}]}<\/script>\n<!-- \/ Yoast SEO plugin. -->","yoast_head_json":{"title":"Lloguer multifunci\u00f3 KYOCERA Terrassa - Apen Inform\u00e0tica","description":"Ara pots llogar una multifunci\u00f3 Kyocera a Terrassa per millorar les prestacions de la teva actual impressora a un cost molt baix per a la teva empresa.","robots":{"index":"index","follow":"follow","max-snippet":"max-snippet:-1","max-image-preview":"max-image-preview:large","max-video-preview":"max-video-preview:-1"},"canonical":"https:\/\/www.apen.es\/ca\/multifuncio\/lloguer-multifuncio-kyocera\/lloguer-terrassa\/","og_locale":"ca_ES","og_type":"article","og_title":"Alquiler multifunci\u00f3n KYOCERA Terrassa - Apen Inform\u00e1tica","og_description":"Ahora puedes alquilar una multifunci\u00f3n Kyocera en Terrassa para mejorar las prestaciones de tu actual impresora a un coste muy bajo para tu empresa.","og_url":"https:\/\/www.apen.es\/ca\/multifuncio\/lloguer-multifuncio-kyocera\/lloguer-terrassa\/","og_site_name":"Apen Inform\u00e1tica","article_publisher":"https:\/\/www.facebook.com\/apensolucions","article_modified_time":"2025-05-23T08:32:48+00:00","og_image":[{"width":231,"height":82,"url":"https:\/\/www.apen.es\/wp-content\/uploads\/2016\/05\/logo-apen-231x82-trasparent.png","type":"image\/png"}],"twitter_card":"summary_large_image","twitter_misc":{"Temps estimat de lectura":"8 minuts"},"schema":{"@context":"https:\/\/schema.org","@graph":[{"@type":"WebPage","@id":"https:\/\/www.apen.es\/multifuncion\/alquiler-multifuncion-kyocera\/alquiler-terrassa\/","url":"https:\/\/www.apen.es\/multifuncion\/alquiler-multifuncion-kyocera\/alquiler-terrassa\/","name":"Lloguer multifunci\u00f3 KYOCERA Terrassa - Apen Inform\u00e0tica","isPartOf":{"@id":"https:\/\/www.apen.es\/#website"},"datePublished":"2019-01-07T11:05:45+00:00","dateModified":"2025-05-23T08:32:48+00:00","description":"Ara pots llogar una multifunci\u00f3 Kyocera a Terrassa per millorar les prestacions de la teva actual impressora a un cost molt baix per a la teva empresa.","breadcrumb":{"@id":"https:\/\/www.apen.es\/multifuncion\/alquiler-multifuncion-kyocera\/alquiler-terrassa\/#breadcrumb"},"inLanguage":"ca","potentialAction":[{"@type":"ReadAction","target":["https:\/\/www.apen.es\/multifuncion\/alquiler-multifuncion-kyocera\/alquiler-terrassa\/"]}]},{"@type":"BreadcrumbList","@id":"https:\/\/www.apen.es\/multifuncion\/alquiler-multifuncion-kyocera\/alquiler-terrassa\/#breadcrumb","itemListElement":[{"@type":"ListItem","position":1,"name":"Portada","item":"https:\/\/www.apen.es\/"},{"@type":"ListItem","position":2,"name":"Multifunci\u00f3n","item":"https:\/\/www.apen.es\/multifuncion\/"},{"@type":"ListItem","position":3,"name":"Alquiler multifunci\u00f3n KYOCERA","item":"https:\/\/www.apen.es\/multifuncion\/alquiler-multifuncion-kyocera\/"},{"@type":"ListItem","position":4,"name":"Alquiler multifunci\u00f3n KYOCERA Terrassa"}]},{"@type":"WebSite","@id":"https:\/\/www.apen.es\/#website","url":"https:\/\/www.apen.es\/","name":"Apen Inform\u00e0tica","description":"Manteniment inform\u00e0tic , programari de gesti\u00f3, solucions d&#039;impressi\u00f3","publisher":{"@id":"https:\/\/www.apen.es\/#organization"},"potentialAction":[{"@type":"SearchAction","target":{"@type":"EntryPoint","urlTemplate":"https:\/\/www.apen.es\/?s={search_term_string}"},"query-input":{"@type":"PropertyValueSpecification","valueRequired":true,"valueName":"search_term_string"}}],"inLanguage":"ca"},{"@type":"Organization","@id":"https:\/\/www.apen.es\/#organization","name":"Apen: Solucions inform\u00e0tiques","url":"https:\/\/www.apen.es\/","logo":{"@type":"ImageObject","inLanguage":"ca","@id":"https:\/\/www.apen.es\/#\/schema\/logo\/image\/","url":"https:\/\/www.apen.es\/wp-content\/uploads\/2022\/08\/logo-apenok-231x82-1.png","contentUrl":"https:\/\/www.apen.es\/wp-content\/uploads\/2022\/08\/logo-apenok-231x82-1.png","width":231,"height":82,"caption":"Apen: Soluciones inform\u00e1ticas"},"image":{"@id":"https:\/\/www.apen.es\/#\/schema\/logo\/image\/"},"sameAs":["https:\/\/www.facebook.com\/apensolucions","https:\/\/www.youtube.com\/user\/ApenCentreInformatic","https:\/\/www.linkedin.com\/company\/1021771?trk=tyah&trkInfo=clickedVerticalcompanyclickedEntityId1021771idx2-1-2tarId1464195271196tasapenin"]}]}},"taxonomy_info":[],"featured_image_src_large":false,"author_info":{"display_name":"marqueting","author_link":"https:\/\/www.apen.es\/ca\/blog\/author\/marqueting\/"},"comment_info":0,"_links":{"self":[{"href":"https:\/\/www.apen.es\/ca\/wp-json\/wp\/v2\/pages\/12606","targetHints":{"allow":["GET"]}}],"collection":[{"href":"https:\/\/www.apen.es\/ca\/wp-json\/wp\/v2\/pages"}],"about":[{"href":"https:\/\/www.apen.es\/ca\/wp-json\/wp\/v2\/types\/page"}],"author":[{"embeddable":true,"href":"https:\/\/www.apen.es\/ca\/wp-json\/wp\/v2\/users\/4"}],"replies":[{"embeddable":true,"href":"https:\/\/www.apen.es\/ca\/wp-json\/wp\/v2\/comments?post=12606"}],"version-history":[{"count":2,"href":"https:\/\/www.apen.es\/ca\/wp-json\/wp\/v2\/pages\/12606\/revisions"}],"predecessor-version":[{"id":54947,"href":"https:\/\/www.apen.es\/ca\/wp-json\/wp\/v2\/pages\/12606\/revisions\/54947"}],"up":[{"embeddable":true,"href":"https:\/\/www.apen.es\/ca\/wp-json\/wp\/v2\/pages\/12604"}],"wp:attachment":[{"href":"https:\/\/www.apen.es\/ca\/wp-json\/wp\/v2\/media?parent=12606"}],"curies":[{"name":"wp","href":"https:\/\/api.w.org\/{rel}","templated":true}]}}