{"id":12602,"date":"2019-01-07T10:59:43","date_gmt":"2019-01-07T10:59:43","guid":{"rendered":"https:\/\/www.apen.es\/?page_id=12602"},"modified":"2025-05-23T08:28:17","modified_gmt":"2025-05-23T08:28:17","slug":"renting-mataro","status":"publish","type":"page","link":"https:\/\/www.apen.es\/ca\/multifuncion\/renting-multifuncion-konica-minolta\/renting-mataro\/","title":{"rendered":"R\u00e8nting multifunci\u00f3 KONICA MINOLTA Matar\u00f3"},"content":{"rendered":"<p>A Apen volem oferir serveis de gran qualitat i adaptats a tot tipus de necessitats, per a totes aquelles empreses que vulguin millorar-ne la gesti\u00f3 i gaudir de les millors eines tecnol\u00f2giques amb els millors equips inform\u00e0tics.<\/p>\n\n\n\n<p>Una de les nostres marques estrella, pel que fa al&nbsp;<strong>r\u00e8nting multifunci\u00f3 Matar\u00f3<\/strong>, \u00e9s&nbsp;<strong>KONICA MINOLTA<\/strong>. Es tracta d&#039;una marca japonesa nascuda el 2003 que disposa d&#039;una gran experi\u00e8ncia al sector dels serveis d&#039;impressi\u00f3.<\/p>\n\n\n\n<p>A Apen apostem des de fa anys per&nbsp;<strong>KONICA MINOLTA,<\/strong>&nbsp;per oferir solucions d&#039;impressi\u00f3 com ara el servei de&nbsp;<strong>r\u00e8nting multifunci\u00f3&nbsp;<\/strong>a<strong>&nbsp;Matar\u00f3<\/strong>. Perqu\u00e8 sabem que ofereix molt bons resultats i \u00e9s una marca que t\u00e9 experi\u00e8ncia en la qualitat de la imatge, ja que els seus comen\u00e7aments van ser al m\u00f3n de la fotografia.<\/p>\n\n\n\n<p>El manteniment i la seguretat inform\u00e0tica s\u00f3n les nostres especialitats, per aix\u00f2 despr\u00e9s de m\u00e9s de 25 anys d&#039;experi\u00e8ncia podem oferir un servei global, incl\u00f2s aquest&nbsp;<strong>r\u00e8nting multifunci\u00f3 KONICA MINOLTA Matar\u00f3<\/strong>, que permet disposar d&#039;una assist\u00e8ncia t\u00e8cnica professional sense que el client hagi de pagar cap cost addicional.<\/p>\n\n\n\n<p>A m\u00e9s d&#039;aquesta assist\u00e8ncia t\u00e8cnica tamb\u00e9 ens ocupem de la instal\u00b7laci\u00f3, configuraci\u00f3 i manteniment preventiu de la impressora multifunci\u00f3, dels recanvis de peces i consumibles, de la reparaci\u00f3 en cas d&#039;avaria, etc. I oferim un nou equip multifunci\u00f3 en el cas que ens haguem de portar la impressora per reparar-la.<\/p>\n\n\n\n<p>Apostem per la impressi\u00f3 amb&nbsp;<strong>KONICA MINOLTA<\/strong>&nbsp;per la producci\u00f3 i la seva gran velocitat i versatilitat a les impressions, que es presenta com una soluci\u00f3 perfecta per a aquelles produccions digitals d&#039;alt volum. A m\u00e9s, ofereix una gesti\u00f3 unificada que permet evitar errors i impressions repetitives, augmentant la velocitat i tamb\u00e9 el rendiment de les mateixes.<\/p>\n\n\n\n<p>I tamb\u00e9 confiem en altres marques capdavanteres en el sector de les impressions com s\u00f3n OKI, HP i KYOCERA, cosa que ens permet oferir moltes possibilitats diferents als nostres clients, depenent de les necessitats reals de cada empresa i la quantitat d&#039;impressions que realitzin.<\/p>\n\n\n\n<p>El servei de&nbsp;<strong>r\u00e8nting multifunci\u00f3 KONICA MINOLTA Matar\u00f3<\/strong>&nbsp;funciona a trav\u00e9s d&#039;un sistema anomenat \u201cPreu per c\u00f2pia\u201d, que vol dir que el client paga per les c\u00f2pies o impressions que fa, ni m\u00e9s ni menys. Si s&#039;acull aquest servei de lloguer, el client pot finan\u00e7ar la inversi\u00f3 que suposa l&#039;adquisici\u00f3 d&#039;aquests equips multifuncionals de gran productivitat, beneficiant-se de l&#039;\u00fas del producte abans de comprar-lo. Tot i que tamb\u00e9 hi ha la possibilitat de mantenir el servei de lloguer sense necessitat de comprar l&#039;equip, tot dependr\u00e0 de les necessitats de cada client.<\/p>\n\n\n\n<p>Contacta amb nosaltres i et podrem explicar detalladament aquest i altres serveis globals que hem dissenyat a Apen, perqu\u00e8 puguis millorar la gesti\u00f3 empresarial d&#039;una manera eficient, econ\u00f2mica i coherent.<\/p>","protected":false},"excerpt":{"rendered":"<p>En Apen queremos ofrecer servicios de gran calidad y adaptados a todo tipo de necesidades, para todas aquellas empresas que quieran mejorar su gesti\u00f3n y disfrutar de las mejores herramientas tecnol\u00f3gicas con los mejores equipos inform\u00e1ticos. Una de nuestras marcas estrella, en lo que se refiere al&nbsp;renting multifunci\u00f3n Matar\u00f3, es&nbsp;KONICA MINOLTA. Se trata de una&#8230;<\/p>","protected":false},"author":4,"featured_media":0,"parent":12391,"menu_order":0,"comment_status":"closed","ping_status":"closed","template":"page-renting-impresoras.php","meta":{"_acf_changed":false,"_kad_blocks_custom_css":"","_kad_blocks_head_custom_js":"","_kad_blocks_body_custom_js":"","_kad_blocks_footer_custom_js":"","_kad_post_transparent":"","_kad_post_title":"","_kad_post_layout":"","_kad_post_sidebar_id":"","_kad_post_content_style":"","_kad_post_vertical_padding":"","_kad_post_feature":"","_kad_post_feature_position":"","_kad_post_header":false,"_kad_post_footer":false,"_kad_post_classname":"","footnotes":""},"class_list":["post-12602","page","type-page","status-publish","hentry"],"acf":[],"yoast_head":"<!-- This site is optimized with the Yoast SEO plugin v27.4 - https:\/\/yoast.com\/product\/yoast-seo-wordpress\/ -->\n<title>Renting multifunci\u00f3n KONICA MINOLTA Matar\u00f3 - Apen Inform\u00e1tica<\/title>\n<meta name=\"description\" content=\"Ofrecemos el servicio de Renting Multifunci\u00f3n de la marca Konica Minolta en Mataro. Soluciones de impresi\u00f3n, renting, alquiler y venta para empresas.\" \/>\n<meta name=\"robots\" content=\"index, follow, max-snippet:-1, max-image-preview:large, max-video-preview:-1\" \/>\n<link rel=\"canonical\" href=\"https:\/\/www.apen.es\/ca\/multifuncio\/renting-multifuncio-konica-minolta\/renting-mataro\/\" \/>\n<meta property=\"og:locale\" content=\"ca_ES\" \/>\n<meta property=\"og:type\" content=\"article\" \/>\n<meta property=\"og:title\" content=\"Renting multifunci\u00f3n KONICA MINOLTA Matar\u00f3 - Apen Inform\u00e1tica\" \/>\n<meta property=\"og:description\" content=\"Ofrecemos el servicio de Renting Multifunci\u00f3n de la marca Konica Minolta en Mataro. Soluciones de impresi\u00f3n, renting, alquiler y venta para empresas.\" \/>\n<meta property=\"og:url\" content=\"https:\/\/www.apen.es\/ca\/multifuncio\/renting-multifuncio-konica-minolta\/renting-mataro\/\" \/>\n<meta property=\"og:site_name\" content=\"Apen Inform\u00e1tica\" \/>\n<meta property=\"article:publisher\" content=\"https:\/\/www.facebook.com\/apensolucions\" \/>\n<meta property=\"article:modified_time\" content=\"2025-05-23T08:28:17+00:00\" \/>\n<meta property=\"og:image\" content=\"https:\/\/www.apen.es\/wp-content\/uploads\/2016\/05\/logo-apen-231x82-trasparent.png\" \/>\n\t<meta property=\"og:image:width\" content=\"231\" \/>\n\t<meta property=\"og:image:height\" content=\"82\" \/>\n\t<meta property=\"og:image:type\" content=\"image\/png\" \/>\n<meta name=\"twitter:card\" content=\"summary_large_image\" \/>\n<meta name=\"twitter:label1\" content=\"Temps estimat de lectura\" \/>\n\t<meta name=\"twitter:data1\" content=\"8 minuts\" \/>\n<script type=\"application\/ld+json\" class=\"yoast-schema-graph\">{\"@context\":\"https:\\\/\\\/schema.org\",\"@graph\":[{\"@type\":\"WebPage\",\"@id\":\"https:\\\/\\\/www.apen.es\\\/multifuncion\\\/renting-multifuncion-konica-minolta\\\/renting-mataro\\\/\",\"url\":\"https:\\\/\\\/www.apen.es\\\/multifuncion\\\/renting-multifuncion-konica-minolta\\\/renting-mataro\\\/\",\"name\":\"Renting multifunci\u00f3n KONICA MINOLTA Matar\u00f3 - Apen Inform\u00e1tica\",\"isPartOf\":{\"@id\":\"https:\\\/\\\/www.apen.es\\\/#website\"},\"datePublished\":\"2019-01-07T10:59:43+00:00\",\"dateModified\":\"2025-05-23T08:28:17+00:00\",\"description\":\"Ofrecemos el servicio de Renting Multifunci\u00f3n de la marca Konica Minolta en Mataro. Soluciones de impresi\u00f3n, renting, alquiler y venta para empresas.\",\"breadcrumb\":{\"@id\":\"https:\\\/\\\/www.apen.es\\\/multifuncion\\\/renting-multifuncion-konica-minolta\\\/renting-mataro\\\/#breadcrumb\"},\"inLanguage\":\"ca\",\"potentialAction\":[{\"@type\":\"ReadAction\",\"target\":[\"https:\\\/\\\/www.apen.es\\\/multifuncion\\\/renting-multifuncion-konica-minolta\\\/renting-mataro\\\/\"]}]},{\"@type\":\"BreadcrumbList\",\"@id\":\"https:\\\/\\\/www.apen.es\\\/multifuncion\\\/renting-multifuncion-konica-minolta\\\/renting-mataro\\\/#breadcrumb\",\"itemListElement\":[{\"@type\":\"ListItem\",\"position\":1,\"name\":\"Portada\",\"item\":\"https:\\\/\\\/www.apen.es\\\/\"},{\"@type\":\"ListItem\",\"position\":2,\"name\":\"Multifunci\u00f3n\",\"item\":\"https:\\\/\\\/www.apen.es\\\/multifuncion\\\/\"},{\"@type\":\"ListItem\",\"position\":3,\"name\":\"Renting multifunci\u00f3n Konica Minolta\",\"item\":\"https:\\\/\\\/www.apen.es\\\/multifuncion\\\/renting-multifuncion-konica-minolta\\\/\"},{\"@type\":\"ListItem\",\"position\":4,\"name\":\"Renting multifunci\u00f3n KONICA MINOLTA Matar\u00f3\"}]},{\"@type\":\"WebSite\",\"@id\":\"https:\\\/\\\/www.apen.es\\\/#website\",\"url\":\"https:\\\/\\\/www.apen.es\\\/\",\"name\":\"Apen Inform\u00e1tica\",\"description\":\"Mantenimiento Inform\u00e1tico , Software de Gesti\u00f3n, Soluciones de impresi\u00f3n\",\"publisher\":{\"@id\":\"https:\\\/\\\/www.apen.es\\\/#organization\"},\"potentialAction\":[{\"@type\":\"SearchAction\",\"target\":{\"@type\":\"EntryPoint\",\"urlTemplate\":\"https:\\\/\\\/www.apen.es\\\/?s={search_term_string}\"},\"query-input\":{\"@type\":\"PropertyValueSpecification\",\"valueRequired\":true,\"valueName\":\"search_term_string\"}}],\"inLanguage\":\"ca\"},{\"@type\":\"Organization\",\"@id\":\"https:\\\/\\\/www.apen.es\\\/#organization\",\"name\":\"Apen: Soluciones inform\u00e1ticas\",\"url\":\"https:\\\/\\\/www.apen.es\\\/\",\"logo\":{\"@type\":\"ImageObject\",\"inLanguage\":\"ca\",\"@id\":\"https:\\\/\\\/www.apen.es\\\/#\\\/schema\\\/logo\\\/image\\\/\",\"url\":\"https:\\\/\\\/www.apen.es\\\/wp-content\\\/uploads\\\/2022\\\/08\\\/logo-apenok-231x82-1.png\",\"contentUrl\":\"https:\\\/\\\/www.apen.es\\\/wp-content\\\/uploads\\\/2022\\\/08\\\/logo-apenok-231x82-1.png\",\"width\":231,\"height\":82,\"caption\":\"Apen: Soluciones inform\u00e1ticas\"},\"image\":{\"@id\":\"https:\\\/\\\/www.apen.es\\\/#\\\/schema\\\/logo\\\/image\\\/\"},\"sameAs\":[\"https:\\\/\\\/www.facebook.com\\\/apensolucions\",\"https:\\\/\\\/www.youtube.com\\\/user\\\/ApenCentreInformatic\",\"https:\\\/\\\/www.linkedin.com\\\/company\\\/1021771?trk=tyah&trkInfo=clickedVerticalcompanyclickedEntityId1021771idx2-1-2tarId1464195271196tasapenin\"]}]}<\/script>\n<!-- \/ Yoast SEO plugin. -->","yoast_head_json":{"title":"R\u00e8nting multifunci\u00f3 KONICA MINOLTA Matar\u00f3 - Apen Inform\u00e0tica","description":"Oferim el servei de Renting Multifunci\u00f3 de la marca Konica Minolta a Mataro. Solucions d&#039;impressi\u00f3, r\u00e8nting, lloguer i venda per a empreses.","robots":{"index":"index","follow":"follow","max-snippet":"max-snippet:-1","max-image-preview":"max-image-preview:large","max-video-preview":"max-video-preview:-1"},"canonical":"https:\/\/www.apen.es\/ca\/multifuncio\/renting-multifuncio-konica-minolta\/renting-mataro\/","og_locale":"ca_ES","og_type":"article","og_title":"Renting multifunci\u00f3n KONICA MINOLTA Matar\u00f3 - Apen Inform\u00e1tica","og_description":"Ofrecemos el servicio de Renting Multifunci\u00f3n de la marca Konica Minolta en Mataro. Soluciones de impresi\u00f3n, renting, alquiler y venta para empresas.","og_url":"https:\/\/www.apen.es\/ca\/multifuncio\/renting-multifuncio-konica-minolta\/renting-mataro\/","og_site_name":"Apen Inform\u00e1tica","article_publisher":"https:\/\/www.facebook.com\/apensolucions","article_modified_time":"2025-05-23T08:28:17+00:00","og_image":[{"width":231,"height":82,"url":"https:\/\/www.apen.es\/wp-content\/uploads\/2016\/05\/logo-apen-231x82-trasparent.png","type":"image\/png"}],"twitter_card":"summary_large_image","twitter_misc":{"Temps estimat de lectura":"8 minuts"},"schema":{"@context":"https:\/\/schema.org","@graph":[{"@type":"WebPage","@id":"https:\/\/www.apen.es\/multifuncion\/renting-multifuncion-konica-minolta\/renting-mataro\/","url":"https:\/\/www.apen.es\/multifuncion\/renting-multifuncion-konica-minolta\/renting-mataro\/","name":"R\u00e8nting multifunci\u00f3 KONICA MINOLTA Matar\u00f3 - Apen Inform\u00e0tica","isPartOf":{"@id":"https:\/\/www.apen.es\/#website"},"datePublished":"2019-01-07T10:59:43+00:00","dateModified":"2025-05-23T08:28:17+00:00","description":"Oferim el servei de Renting Multifunci\u00f3 de la marca Konica Minolta a Mataro. Solucions d&#039;impressi\u00f3, r\u00e8nting, lloguer i venda per a empreses.","breadcrumb":{"@id":"https:\/\/www.apen.es\/multifuncion\/renting-multifuncion-konica-minolta\/renting-mataro\/#breadcrumb"},"inLanguage":"ca","potentialAction":[{"@type":"ReadAction","target":["https:\/\/www.apen.es\/multifuncion\/renting-multifuncion-konica-minolta\/renting-mataro\/"]}]},{"@type":"BreadcrumbList","@id":"https:\/\/www.apen.es\/multifuncion\/renting-multifuncion-konica-minolta\/renting-mataro\/#breadcrumb","itemListElement":[{"@type":"ListItem","position":1,"name":"Portada","item":"https:\/\/www.apen.es\/"},{"@type":"ListItem","position":2,"name":"Multifunci\u00f3n","item":"https:\/\/www.apen.es\/multifuncion\/"},{"@type":"ListItem","position":3,"name":"Renting multifunci\u00f3n Konica Minolta","item":"https:\/\/www.apen.es\/multifuncion\/renting-multifuncion-konica-minolta\/"},{"@type":"ListItem","position":4,"name":"Renting multifunci\u00f3n KONICA MINOLTA Matar\u00f3"}]},{"@type":"WebSite","@id":"https:\/\/www.apen.es\/#website","url":"https:\/\/www.apen.es\/","name":"Apen Inform\u00e0tica","description":"Manteniment inform\u00e0tic , programari de gesti\u00f3, solucions d&#039;impressi\u00f3","publisher":{"@id":"https:\/\/www.apen.es\/#organization"},"potentialAction":[{"@type":"SearchAction","target":{"@type":"EntryPoint","urlTemplate":"https:\/\/www.apen.es\/?s={search_term_string}"},"query-input":{"@type":"PropertyValueSpecification","valueRequired":true,"valueName":"search_term_string"}}],"inLanguage":"ca"},{"@type":"Organization","@id":"https:\/\/www.apen.es\/#organization","name":"Apen: Solucions inform\u00e0tiques","url":"https:\/\/www.apen.es\/","logo":{"@type":"ImageObject","inLanguage":"ca","@id":"https:\/\/www.apen.es\/#\/schema\/logo\/image\/","url":"https:\/\/www.apen.es\/wp-content\/uploads\/2022\/08\/logo-apenok-231x82-1.png","contentUrl":"https:\/\/www.apen.es\/wp-content\/uploads\/2022\/08\/logo-apenok-231x82-1.png","width":231,"height":82,"caption":"Apen: Soluciones inform\u00e1ticas"},"image":{"@id":"https:\/\/www.apen.es\/#\/schema\/logo\/image\/"},"sameAs":["https:\/\/www.facebook.com\/apensolucions","https:\/\/www.youtube.com\/user\/ApenCentreInformatic","https:\/\/www.linkedin.com\/company\/1021771?trk=tyah&trkInfo=clickedVerticalcompanyclickedEntityId1021771idx2-1-2tarId1464195271196tasapenin"]}]}},"taxonomy_info":[],"featured_image_src_large":false,"author_info":{"display_name":"marqueting","author_link":"https:\/\/www.apen.es\/ca\/blog\/author\/marqueting\/"},"comment_info":0,"_links":{"self":[{"href":"https:\/\/www.apen.es\/ca\/wp-json\/wp\/v2\/pages\/12602","targetHints":{"allow":["GET"]}}],"collection":[{"href":"https:\/\/www.apen.es\/ca\/wp-json\/wp\/v2\/pages"}],"about":[{"href":"https:\/\/www.apen.es\/ca\/wp-json\/wp\/v2\/types\/page"}],"author":[{"embeddable":true,"href":"https:\/\/www.apen.es\/ca\/wp-json\/wp\/v2\/users\/4"}],"replies":[{"embeddable":true,"href":"https:\/\/www.apen.es\/ca\/wp-json\/wp\/v2\/comments?post=12602"}],"version-history":[{"count":3,"href":"https:\/\/www.apen.es\/ca\/wp-json\/wp\/v2\/pages\/12602\/revisions"}],"predecessor-version":[{"id":54919,"href":"https:\/\/www.apen.es\/ca\/wp-json\/wp\/v2\/pages\/12602\/revisions\/54919"}],"up":[{"embeddable":true,"href":"https:\/\/www.apen.es\/ca\/wp-json\/wp\/v2\/pages\/12391"}],"wp:attachment":[{"href":"https:\/\/www.apen.es\/ca\/wp-json\/wp\/v2\/media?parent=12602"}],"curies":[{"name":"wp","href":"https:\/\/api.w.org\/{rel}","templated":true}]}}