{"id":12600,"date":"2019-01-07T10:57:36","date_gmt":"2019-01-07T10:57:36","guid":{"rendered":"https:\/\/www.apen.es\/?page_id=12600"},"modified":"2025-05-23T08:13:55","modified_gmt":"2025-05-23T08:13:55","slug":"renting-mollet","status":"publish","type":"page","link":"https:\/\/www.apen.es\/ca\/multifuncion\/renting-multifuncion-konica-minolta\/renting-mollet\/","title":{"rendered":"R\u00e8nting multifunci\u00f3 KONICA MINOLTA Mollet"},"content":{"rendered":"<p>El servei de&nbsp;<strong>renting multifunci\u00f3 KONICA MINOLTA Mollet<\/strong>&nbsp;que t&#039;oferim a Apen \u00e9s un dels serveis de lloguer d&#039;equips multifunci\u00f3 amb m\u00e9s prestacions que puguis trobar ara mateix al mercat, pel que fa a les solucions d&#039;impressi\u00f3. Per nosaltres \u00e9s un servei estrella que cada cop t\u00e9 m\u00e9s demanda entre els nostres clients, perqu\u00e8 veuen tots els beneficis que poden obtenir.<\/p>\n\n\n\n<p>Perqu\u00e8 a m\u00e9s de ser un servei econ\u00f2mic, en qu\u00e8 el client nom\u00e9s paga per les p\u00e0gines que imprimeix, tamb\u00e9 inclou un servei de manteniment t\u00e8cnic realitzat per professionals. \u00c9s un servei t\u00e8cnic que est\u00e0 incl\u00f2s al&nbsp;<strong>renting multifunci\u00f3 KONICA MINOLTA Mollet<\/strong>, perqu\u00e8 els clients puguin gaudir d&#039;assist\u00e8ncia t\u00e8cnica en menys de 4 hores, manteniment preventiu, recanvi de peces i consumibles, reparaci\u00f3 d&#039;avaria i tot all\u00f2 que necessitin, sense haver de pagar cap cost addicional.<\/p>\n\n\n\n<p>Amb aquest plus al servei de&nbsp;<strong>renting multifunci\u00f3 KONICA MINOLTA Mollet<\/strong>&nbsp;volem ajudar tot tipus d&#039;empreses, siguin grans o petites, a gaudir d&#039;impressions de m\u00e0xima qualitat i d&#039;un equip polivalent amb qu\u00e8 treballaran de manera m\u00e9s productiva i eficient, pagant nom\u00e9s per all\u00f2 que usen.<\/p>\n\n\n\n<p>Creiem que el&nbsp;<strong>renting multifunci\u00f3 KONICA MINOLTA Mollet<\/strong>&nbsp;\u00e9s la manera m\u00e9s justa d&#039;oferir un servei, perqu\u00e8 a m\u00e9s de fomentar l&#039;economia circular, que allarga la vida dels productes i pensa en el medi ambient, des d&#039;Apen ens ocupem de fer el reciclatge adequat dels consumibles, per no generar residus nocius per al planeta i tamb\u00e9 ajudem que els nostres clients col\u00b7laborin en aquesta lluita, fomentant una impressi\u00f3 m\u00e9s conscient i sostenible i evitant.<\/p>\n\n\n\n<p>Entra a la nostra p\u00e0gina web i descobreix totes les opcions que et podem oferir de&nbsp;<strong>renting multifunci\u00f3 KONICA MINOLTA Mollet<\/strong>, aix\u00ed com un altre tipus de serveis pensats per millorar la gesti\u00f3 empresarial, com ara la instal\u00b7laci\u00f3 del programari a3ERP, que permet unificar tots els departaments de l&#039;empresa en un mateix programa. Tamb\u00e9 podeu trobar tot tipus de solucions d&#039;impressi\u00f3 per a la vostra empresa i opcions relacionades amb el servei inform\u00e0tic.<\/p>\n\n\n\n<p>Som especialistes en la implantaci\u00f3 i el manteniment d&#039;equips inform\u00e0tics, aix\u00ed com la seguretat inform\u00e0tica. Aportant tota mena de solucions relacionades amb la gesti\u00f3 de les empreses amb el ferm objectiu d&#039;ajudar-los a millorar la seva capacitat competitiva i aconseguir que la gesti\u00f3 empresarial sigui tan productiva, eficient i multifuncional com sigui possible. A m\u00e9s, a la nostra web tamb\u00e9 comptem amb un bloc on publiquem not\u00edcies relacionades amb el sector de la inform\u00e0tica i la tecnologia, perqu\u00e8 puguis estar informat de totes les novetats, aven\u00e7os, eines, trucs, consells i tot el que tingui a veure amb la seguretat i el manteniment inform\u00e0tic.<\/p>","protected":false},"excerpt":{"rendered":"<p>El servicio de&nbsp;renting multifunci\u00f3n KONICA MINOLTA Mollet&nbsp;que te ofrecemos en Apen es uno de los servicios de alquiler de equipos multifunci\u00f3n con m\u00e1s prestaciones que puedas encontrar ahora mismo en el mercado, en lo que se refiere a las soluciones de impresi\u00f3n. Para nosotros es un servicio estrella que cada vez tiene m\u00e1s demanda entre&#8230;<\/p>","protected":false},"author":4,"featured_media":0,"parent":12391,"menu_order":0,"comment_status":"closed","ping_status":"closed","template":"page-renting-impresoras.php","meta":{"_acf_changed":false,"_kad_blocks_custom_css":"","_kad_blocks_head_custom_js":"","_kad_blocks_body_custom_js":"","_kad_blocks_footer_custom_js":"","_kad_post_transparent":"","_kad_post_title":"","_kad_post_layout":"","_kad_post_sidebar_id":"","_kad_post_content_style":"","_kad_post_vertical_padding":"","_kad_post_feature":"","_kad_post_feature_position":"","_kad_post_header":false,"_kad_post_footer":false,"_kad_post_classname":"","footnotes":""},"class_list":["post-12600","page","type-page","status-publish","hentry"],"acf":[],"yoast_head":"<!-- This site is optimized with the Yoast SEO plugin v27.4 - https:\/\/yoast.com\/product\/yoast-seo-wordpress\/ -->\n<title>Renting multifunci\u00f3n KONICA MINOLTA Mollet - Apen Inform\u00e1tica<\/title>\n<meta name=\"description\" content=\"Ofrecemos el servicio de Renting Multifunci\u00f3n de la marca Konica Minolta en Mollet Soluciones de impresi\u00f3n, renting, alquiler y venta para empresas\" \/>\n<meta name=\"robots\" content=\"index, follow, max-snippet:-1, max-image-preview:large, max-video-preview:-1\" \/>\n<link rel=\"canonical\" href=\"https:\/\/www.apen.es\/ca\/multifuncio\/renting-multifuncio-konica-minolta\/renting-mollet\/\" \/>\n<meta property=\"og:locale\" content=\"ca_ES\" \/>\n<meta property=\"og:type\" content=\"article\" \/>\n<meta property=\"og:title\" content=\"Renting multifunci\u00f3n KONICA MINOLTA Mollet - Apen Inform\u00e1tica\" \/>\n<meta property=\"og:description\" content=\"Ofrecemos el servicio de Renting Multifunci\u00f3n de la marca Konica Minolta en Mollet Soluciones de impresi\u00f3n, renting, alquiler y venta para empresas\" \/>\n<meta property=\"og:url\" content=\"https:\/\/www.apen.es\/ca\/multifuncio\/renting-multifuncio-konica-minolta\/renting-mollet\/\" \/>\n<meta property=\"og:site_name\" content=\"Apen Inform\u00e1tica\" \/>\n<meta property=\"article:publisher\" content=\"https:\/\/www.facebook.com\/apensolucions\" \/>\n<meta property=\"article:modified_time\" content=\"2025-05-23T08:13:55+00:00\" \/>\n<meta property=\"og:image\" content=\"https:\/\/www.apen.es\/wp-content\/uploads\/2016\/05\/logo-apen-231x82-trasparent.png\" \/>\n\t<meta property=\"og:image:width\" content=\"231\" \/>\n\t<meta property=\"og:image:height\" content=\"82\" \/>\n\t<meta property=\"og:image:type\" content=\"image\/png\" \/>\n<meta name=\"twitter:card\" content=\"summary_large_image\" \/>\n<meta name=\"twitter:label1\" content=\"Temps estimat de lectura\" \/>\n\t<meta name=\"twitter:data1\" content=\"8 minuts\" \/>\n<script type=\"application\/ld+json\" class=\"yoast-schema-graph\">{\"@context\":\"https:\\\/\\\/schema.org\",\"@graph\":[{\"@type\":\"WebPage\",\"@id\":\"https:\\\/\\\/www.apen.es\\\/multifuncion\\\/renting-multifuncion-konica-minolta\\\/renting-mollet\\\/\",\"url\":\"https:\\\/\\\/www.apen.es\\\/multifuncion\\\/renting-multifuncion-konica-minolta\\\/renting-mollet\\\/\",\"name\":\"Renting multifunci\u00f3n KONICA MINOLTA Mollet - Apen Inform\u00e1tica\",\"isPartOf\":{\"@id\":\"https:\\\/\\\/www.apen.es\\\/#website\"},\"datePublished\":\"2019-01-07T10:57:36+00:00\",\"dateModified\":\"2025-05-23T08:13:55+00:00\",\"description\":\"Ofrecemos el servicio de Renting Multifunci\u00f3n de la marca Konica Minolta en Mollet Soluciones de impresi\u00f3n, renting, alquiler y venta para empresas\",\"breadcrumb\":{\"@id\":\"https:\\\/\\\/www.apen.es\\\/multifuncion\\\/renting-multifuncion-konica-minolta\\\/renting-mollet\\\/#breadcrumb\"},\"inLanguage\":\"ca\",\"potentialAction\":[{\"@type\":\"ReadAction\",\"target\":[\"https:\\\/\\\/www.apen.es\\\/multifuncion\\\/renting-multifuncion-konica-minolta\\\/renting-mollet\\\/\"]}]},{\"@type\":\"BreadcrumbList\",\"@id\":\"https:\\\/\\\/www.apen.es\\\/multifuncion\\\/renting-multifuncion-konica-minolta\\\/renting-mollet\\\/#breadcrumb\",\"itemListElement\":[{\"@type\":\"ListItem\",\"position\":1,\"name\":\"Portada\",\"item\":\"https:\\\/\\\/www.apen.es\\\/\"},{\"@type\":\"ListItem\",\"position\":2,\"name\":\"Multifunci\u00f3n\",\"item\":\"https:\\\/\\\/www.apen.es\\\/multifuncion\\\/\"},{\"@type\":\"ListItem\",\"position\":3,\"name\":\"Renting multifunci\u00f3n Konica Minolta\",\"item\":\"https:\\\/\\\/www.apen.es\\\/multifuncion\\\/renting-multifuncion-konica-minolta\\\/\"},{\"@type\":\"ListItem\",\"position\":4,\"name\":\"Renting multifunci\u00f3n KONICA MINOLTA Mollet\"}]},{\"@type\":\"WebSite\",\"@id\":\"https:\\\/\\\/www.apen.es\\\/#website\",\"url\":\"https:\\\/\\\/www.apen.es\\\/\",\"name\":\"Apen Inform\u00e1tica\",\"description\":\"Mantenimiento Inform\u00e1tico , Software de Gesti\u00f3n, Soluciones de impresi\u00f3n\",\"publisher\":{\"@id\":\"https:\\\/\\\/www.apen.es\\\/#organization\"},\"potentialAction\":[{\"@type\":\"SearchAction\",\"target\":{\"@type\":\"EntryPoint\",\"urlTemplate\":\"https:\\\/\\\/www.apen.es\\\/?s={search_term_string}\"},\"query-input\":{\"@type\":\"PropertyValueSpecification\",\"valueRequired\":true,\"valueName\":\"search_term_string\"}}],\"inLanguage\":\"ca\"},{\"@type\":\"Organization\",\"@id\":\"https:\\\/\\\/www.apen.es\\\/#organization\",\"name\":\"Apen: Soluciones inform\u00e1ticas\",\"url\":\"https:\\\/\\\/www.apen.es\\\/\",\"logo\":{\"@type\":\"ImageObject\",\"inLanguage\":\"ca\",\"@id\":\"https:\\\/\\\/www.apen.es\\\/#\\\/schema\\\/logo\\\/image\\\/\",\"url\":\"https:\\\/\\\/www.apen.es\\\/wp-content\\\/uploads\\\/2022\\\/08\\\/logo-apenok-231x82-1.png\",\"contentUrl\":\"https:\\\/\\\/www.apen.es\\\/wp-content\\\/uploads\\\/2022\\\/08\\\/logo-apenok-231x82-1.png\",\"width\":231,\"height\":82,\"caption\":\"Apen: Soluciones inform\u00e1ticas\"},\"image\":{\"@id\":\"https:\\\/\\\/www.apen.es\\\/#\\\/schema\\\/logo\\\/image\\\/\"},\"sameAs\":[\"https:\\\/\\\/www.facebook.com\\\/apensolucions\",\"https:\\\/\\\/www.youtube.com\\\/user\\\/ApenCentreInformatic\",\"https:\\\/\\\/www.linkedin.com\\\/company\\\/1021771?trk=tyah&trkInfo=clickedVerticalcompanyclickedEntityId1021771idx2-1-2tarId1464195271196tasapenin\"]}]}<\/script>\n<!-- \/ Yoast SEO plugin. -->","yoast_head_json":{"title":"R\u00e8nting multifunci\u00f3 KONICA MINOLTA Mollet - Apen Inform\u00e0tica","description":"Oferim el servei de Renting Multifunci\u00f3 de la marca Konica Minolta a Mollet Solucions d&#039;impressi\u00f3, r\u00e8nting, lloguer i venda per a empreses","robots":{"index":"index","follow":"follow","max-snippet":"max-snippet:-1","max-image-preview":"max-image-preview:large","max-video-preview":"max-video-preview:-1"},"canonical":"https:\/\/www.apen.es\/ca\/multifuncio\/renting-multifuncio-konica-minolta\/renting-mollet\/","og_locale":"ca_ES","og_type":"article","og_title":"Renting multifunci\u00f3n KONICA MINOLTA Mollet - Apen Inform\u00e1tica","og_description":"Ofrecemos el servicio de Renting Multifunci\u00f3n de la marca Konica Minolta en Mollet Soluciones de impresi\u00f3n, renting, alquiler y venta para empresas","og_url":"https:\/\/www.apen.es\/ca\/multifuncio\/renting-multifuncio-konica-minolta\/renting-mollet\/","og_site_name":"Apen Inform\u00e1tica","article_publisher":"https:\/\/www.facebook.com\/apensolucions","article_modified_time":"2025-05-23T08:13:55+00:00","og_image":[{"width":231,"height":82,"url":"https:\/\/www.apen.es\/wp-content\/uploads\/2016\/05\/logo-apen-231x82-trasparent.png","type":"image\/png"}],"twitter_card":"summary_large_image","twitter_misc":{"Temps estimat de lectura":"8 minuts"},"schema":{"@context":"https:\/\/schema.org","@graph":[{"@type":"WebPage","@id":"https:\/\/www.apen.es\/multifuncion\/renting-multifuncion-konica-minolta\/renting-mollet\/","url":"https:\/\/www.apen.es\/multifuncion\/renting-multifuncion-konica-minolta\/renting-mollet\/","name":"R\u00e8nting multifunci\u00f3 KONICA MINOLTA Mollet - Apen Inform\u00e0tica","isPartOf":{"@id":"https:\/\/www.apen.es\/#website"},"datePublished":"2019-01-07T10:57:36+00:00","dateModified":"2025-05-23T08:13:55+00:00","description":"Oferim el servei de Renting Multifunci\u00f3 de la marca Konica Minolta a Mollet Solucions d&#039;impressi\u00f3, r\u00e8nting, lloguer i venda per a empreses","breadcrumb":{"@id":"https:\/\/www.apen.es\/multifuncion\/renting-multifuncion-konica-minolta\/renting-mollet\/#breadcrumb"},"inLanguage":"ca","potentialAction":[{"@type":"ReadAction","target":["https:\/\/www.apen.es\/multifuncion\/renting-multifuncion-konica-minolta\/renting-mollet\/"]}]},{"@type":"BreadcrumbList","@id":"https:\/\/www.apen.es\/multifuncion\/renting-multifuncion-konica-minolta\/renting-mollet\/#breadcrumb","itemListElement":[{"@type":"ListItem","position":1,"name":"Portada","item":"https:\/\/www.apen.es\/"},{"@type":"ListItem","position":2,"name":"Multifunci\u00f3n","item":"https:\/\/www.apen.es\/multifuncion\/"},{"@type":"ListItem","position":3,"name":"Renting multifunci\u00f3n Konica Minolta","item":"https:\/\/www.apen.es\/multifuncion\/renting-multifuncion-konica-minolta\/"},{"@type":"ListItem","position":4,"name":"Renting multifunci\u00f3n KONICA MINOLTA Mollet"}]},{"@type":"WebSite","@id":"https:\/\/www.apen.es\/#website","url":"https:\/\/www.apen.es\/","name":"Apen Inform\u00e0tica","description":"Manteniment inform\u00e0tic , programari de gesti\u00f3, solucions d&#039;impressi\u00f3","publisher":{"@id":"https:\/\/www.apen.es\/#organization"},"potentialAction":[{"@type":"SearchAction","target":{"@type":"EntryPoint","urlTemplate":"https:\/\/www.apen.es\/?s={search_term_string}"},"query-input":{"@type":"PropertyValueSpecification","valueRequired":true,"valueName":"search_term_string"}}],"inLanguage":"ca"},{"@type":"Organization","@id":"https:\/\/www.apen.es\/#organization","name":"Apen: Solucions inform\u00e0tiques","url":"https:\/\/www.apen.es\/","logo":{"@type":"ImageObject","inLanguage":"ca","@id":"https:\/\/www.apen.es\/#\/schema\/logo\/image\/","url":"https:\/\/www.apen.es\/wp-content\/uploads\/2022\/08\/logo-apenok-231x82-1.png","contentUrl":"https:\/\/www.apen.es\/wp-content\/uploads\/2022\/08\/logo-apenok-231x82-1.png","width":231,"height":82,"caption":"Apen: Soluciones inform\u00e1ticas"},"image":{"@id":"https:\/\/www.apen.es\/#\/schema\/logo\/image\/"},"sameAs":["https:\/\/www.facebook.com\/apensolucions","https:\/\/www.youtube.com\/user\/ApenCentreInformatic","https:\/\/www.linkedin.com\/company\/1021771?trk=tyah&trkInfo=clickedVerticalcompanyclickedEntityId1021771idx2-1-2tarId1464195271196tasapenin"]}]}},"taxonomy_info":[],"featured_image_src_large":false,"author_info":{"display_name":"marqueting","author_link":"https:\/\/www.apen.es\/ca\/blog\/author\/marqueting\/"},"comment_info":0,"_links":{"self":[{"href":"https:\/\/www.apen.es\/ca\/wp-json\/wp\/v2\/pages\/12600","targetHints":{"allow":["GET"]}}],"collection":[{"href":"https:\/\/www.apen.es\/ca\/wp-json\/wp\/v2\/pages"}],"about":[{"href":"https:\/\/www.apen.es\/ca\/wp-json\/wp\/v2\/types\/page"}],"author":[{"embeddable":true,"href":"https:\/\/www.apen.es\/ca\/wp-json\/wp\/v2\/users\/4"}],"replies":[{"embeddable":true,"href":"https:\/\/www.apen.es\/ca\/wp-json\/wp\/v2\/comments?post=12600"}],"version-history":[{"count":4,"href":"https:\/\/www.apen.es\/ca\/wp-json\/wp\/v2\/pages\/12600\/revisions"}],"predecessor-version":[{"id":54833,"href":"https:\/\/www.apen.es\/ca\/wp-json\/wp\/v2\/pages\/12600\/revisions\/54833"}],"up":[{"embeddable":true,"href":"https:\/\/www.apen.es\/ca\/wp-json\/wp\/v2\/pages\/12391"}],"wp:attachment":[{"href":"https:\/\/www.apen.es\/ca\/wp-json\/wp\/v2\/media?parent=12600"}],"curies":[{"name":"wp","href":"https:\/\/api.w.org\/{rel}","templated":true}]}}