{"id":12598,"date":"2019-01-07T10:55:04","date_gmt":"2019-01-07T10:55:04","guid":{"rendered":"https:\/\/www.apen.es\/?page_id=12598"},"modified":"2025-05-23T08:15:59","modified_gmt":"2025-05-23T08:15:59","slug":"renting-granollers","status":"publish","type":"page","link":"https:\/\/www.apen.es\/ca\/multifuncion\/renting-multifuncion-konica-minolta\/renting-granollers\/","title":{"rendered":"Renting multifuncio KONICA MINOLTA Granollers"},"content":{"rendered":"<p>El nostre servei de&nbsp;<strong>renting multifunci\u00f3 KONICA MINOLTA Granollers<\/strong>&nbsp;\u00e9s una opci\u00f3 perfecta per a la teva empresa, amb qu\u00e8 podr\u00e0s aconseguir impressions de m\u00e0xima qualitat sense fer un gran desemborsament.<\/p>\n\n\n\n<p>Aix\u00f2 \u00e9s possible gr\u00e0cies al servei de lloguer o&nbsp;<strong>renting multifunci\u00f3 KONICA MINOLTA Granollers<\/strong>, que permet que el client pagui \u00fanicament per les p\u00e0gines que imprimeix ia m\u00e9s a m\u00e9s pugui finan\u00e7ar el cost d&#039;aquestes impressions. Aquest nou sistema econ\u00f2mic, que es basa a pagar pel que el client fa servir, s&#039;anomena \u201cpreu per c\u00f2pia\u201d i pret\u00e9n acabar amb una economia capitalista que cada cop \u00e9s m\u00e9s insostenible.<\/p>\n\n\n\n<p>Amb aquesta opci\u00f3 el client, a m\u00e9s de pagar nom\u00e9s per les p\u00e0gines que imprimeix, pot comprar la impressora, encara que tamb\u00e9 pot optar per seguir amb el servei de&nbsp;<strong>renting multifunci\u00f3 KONICA MINOLTA Granollers<\/strong>&nbsp;fins que ho consideri necessari. Per tant, la llibertat del client augmenta ia m\u00e9s pot provar l&#039;efici\u00e8ncia de l&#039;equip abans de decidir-se per la compra. \u00c9s una manera de crear una economia m\u00e9s justa i sostenible sense deixar de gaudir d&#039;un producte de m\u00e0xima qualitat. I no nom\u00e9s aix\u00f2, sin\u00f3 que tamb\u00e9 s&#039;aconsegueix allargar la durabilitat del producte i des d&#039;Apen ens ocupem de fer un reciclatge conscient dels consumibles, per contribuir a lluitar pel medi ambient ia passar d&#039;un model d&#039;economia lineal a un model d&#039;economia m\u00e9s circular.<\/p>\n\n\n\n<p>Amb m\u00e9s de 25 anys de traject\u00f2ria, a Apen sabem quines opcions poden ser les m\u00e9s adequades per a cada empresa i quina marca pot ser la que ofereix les millors prestacions per a cada cas, tant pel que fa a les solucions d&#039;impressi\u00f3 com a la resta de serveis que et podem oferir. Treballem dia a dia per donar respostes personalitzades i adaptades als nostres clients, de manera que aconseguim resultats \u00f2ptims i ajudem a la millora de la gesti\u00f3 empresarial.<\/p>\n\n\n\n<p>Amb seu a Granollers, a Apen oferim els nostres serveis inform\u00e0tics per tot Espanya, gr\u00e0cies a la nostra \u00e0mplia xarxa de col\u00b7laboradors que ens permeten fer arribar els serveis a tots els nostres clients a nivell nacional. El&nbsp;<strong>renting multifunci\u00f3 KONICA MINOLTA Granollers<\/strong>&nbsp;\u00e9s un dels que funciona millor en tot tipus d&#039;empreses i per a nosaltres aix\u00f2 representa un \u00e8xit absolut.<\/p>\n\n\n\n<p>Com a especialistes en la implantaci\u00f3 i el manteniment d&#039;equips inform\u00e0tics, no deixem de formar-nos i aprendre, per poder formular noves solucions actualitzades i millorades, amb qu\u00e8 sorprendre i sobretot satisfer els nostres clients. Volem que s\u00e0pigues que a Apen pots trobar una empresa professional, seriosa, especialitzada i eficient, per trobar la millor soluci\u00f3 d&#039;impressi\u00f3 per a la seva empresa, mitjan\u00e7ant molts tipus de serveis com \u00e9s el cas del&nbsp;<strong>renting multifunci\u00f3 KONICA MINOLTA Granollers<\/strong>.<\/p>","protected":false},"excerpt":{"rendered":"<p>Nuestro servicio de&nbsp;renting multifunci\u00f3n KONICA MINOLTA Granollers&nbsp;es una opci\u00f3n perfecta para tu empresa, con la que podr\u00e1s conseguir impresiones de m\u00e1xima calidad sin hacer un gran desembolso. Esto es posible gracias al servicio de alquiler o&nbsp;renting multifunci\u00f3n KONICA MINOLTA Granollers, que permite que el cliente pague \u00fanicamente por las p\u00e1ginas que imprime y adem\u00e1s pueda&#8230;<\/p>","protected":false},"author":4,"featured_media":0,"parent":12391,"menu_order":0,"comment_status":"closed","ping_status":"closed","template":"page-renting-impresoras.php","meta":{"_acf_changed":false,"_kad_blocks_custom_css":"","_kad_blocks_head_custom_js":"","_kad_blocks_body_custom_js":"","_kad_blocks_footer_custom_js":"","_kad_post_transparent":"","_kad_post_title":"","_kad_post_layout":"","_kad_post_sidebar_id":"","_kad_post_content_style":"","_kad_post_vertical_padding":"","_kad_post_feature":"","_kad_post_feature_position":"","_kad_post_header":false,"_kad_post_footer":false,"_kad_post_classname":"","footnotes":""},"class_list":["post-12598","page","type-page","status-publish","hentry"],"acf":[],"yoast_head":"<!-- This site is optimized with the Yoast SEO plugin v27.4 - https:\/\/yoast.com\/product\/yoast-seo-wordpress\/ -->\n<title>Renting multifuncion KONICA MINOLTA Granollers - Apen Inform\u00e1tica<\/title>\n<meta name=\"description\" content=\"Ofrecemos el servicio de Renting Multifunci\u00f3n de la marca Konica Minolta en Granollers. Soluciones de impresi\u00f3n, renting, alquiler y venta para empresas\" \/>\n<meta name=\"robots\" content=\"index, follow, max-snippet:-1, max-image-preview:large, max-video-preview:-1\" \/>\n<link rel=\"canonical\" href=\"https:\/\/www.apen.es\/ca\/multifuncio\/renting-multifuncio-konica-minolta\/renting-granollers\/\" \/>\n<meta property=\"og:locale\" content=\"ca_ES\" \/>\n<meta property=\"og:type\" content=\"article\" \/>\n<meta property=\"og:title\" content=\"Renting multifuncion KONICA MINOLTA Granollers - Apen Inform\u00e1tica\" \/>\n<meta property=\"og:description\" content=\"Ofrecemos el servicio de Renting Multifunci\u00f3n de la marca Konica Minolta en Granollers. Soluciones de impresi\u00f3n, renting, alquiler y venta para empresas\" \/>\n<meta property=\"og:url\" content=\"https:\/\/www.apen.es\/ca\/multifuncio\/renting-multifuncio-konica-minolta\/renting-granollers\/\" \/>\n<meta property=\"og:site_name\" content=\"Apen Inform\u00e1tica\" \/>\n<meta property=\"article:publisher\" content=\"https:\/\/www.facebook.com\/apensolucions\" \/>\n<meta property=\"article:modified_time\" content=\"2025-05-23T08:15:59+00:00\" \/>\n<meta property=\"og:image\" content=\"https:\/\/www.apen.es\/wp-content\/uploads\/2016\/05\/logo-apen-231x82-trasparent.png\" \/>\n\t<meta property=\"og:image:width\" content=\"231\" \/>\n\t<meta property=\"og:image:height\" content=\"82\" \/>\n\t<meta property=\"og:image:type\" content=\"image\/png\" \/>\n<meta name=\"twitter:card\" content=\"summary_large_image\" \/>\n<meta name=\"twitter:label1\" content=\"Temps estimat de lectura\" \/>\n\t<meta name=\"twitter:data1\" content=\"8 minuts\" \/>\n<script type=\"application\/ld+json\" class=\"yoast-schema-graph\">{\"@context\":\"https:\\\/\\\/schema.org\",\"@graph\":[{\"@type\":\"WebPage\",\"@id\":\"https:\\\/\\\/www.apen.es\\\/multifuncion\\\/renting-multifuncion-konica-minolta\\\/renting-granollers\\\/\",\"url\":\"https:\\\/\\\/www.apen.es\\\/multifuncion\\\/renting-multifuncion-konica-minolta\\\/renting-granollers\\\/\",\"name\":\"Renting multifuncion KONICA MINOLTA Granollers - Apen Inform\u00e1tica\",\"isPartOf\":{\"@id\":\"https:\\\/\\\/www.apen.es\\\/#website\"},\"datePublished\":\"2019-01-07T10:55:04+00:00\",\"dateModified\":\"2025-05-23T08:15:59+00:00\",\"description\":\"Ofrecemos el servicio de Renting Multifunci\u00f3n de la marca Konica Minolta en Granollers. Soluciones de impresi\u00f3n, renting, alquiler y venta para empresas\",\"breadcrumb\":{\"@id\":\"https:\\\/\\\/www.apen.es\\\/multifuncion\\\/renting-multifuncion-konica-minolta\\\/renting-granollers\\\/#breadcrumb\"},\"inLanguage\":\"ca\",\"potentialAction\":[{\"@type\":\"ReadAction\",\"target\":[\"https:\\\/\\\/www.apen.es\\\/multifuncion\\\/renting-multifuncion-konica-minolta\\\/renting-granollers\\\/\"]}]},{\"@type\":\"BreadcrumbList\",\"@id\":\"https:\\\/\\\/www.apen.es\\\/multifuncion\\\/renting-multifuncion-konica-minolta\\\/renting-granollers\\\/#breadcrumb\",\"itemListElement\":[{\"@type\":\"ListItem\",\"position\":1,\"name\":\"Portada\",\"item\":\"https:\\\/\\\/www.apen.es\\\/\"},{\"@type\":\"ListItem\",\"position\":2,\"name\":\"Multifunci\u00f3n\",\"item\":\"https:\\\/\\\/www.apen.es\\\/multifuncion\\\/\"},{\"@type\":\"ListItem\",\"position\":3,\"name\":\"Renting multifunci\u00f3n Konica Minolta\",\"item\":\"https:\\\/\\\/www.apen.es\\\/multifuncion\\\/renting-multifuncion-konica-minolta\\\/\"},{\"@type\":\"ListItem\",\"position\":4,\"name\":\"Renting multifuncion KONICA MINOLTA Granollers\"}]},{\"@type\":\"WebSite\",\"@id\":\"https:\\\/\\\/www.apen.es\\\/#website\",\"url\":\"https:\\\/\\\/www.apen.es\\\/\",\"name\":\"Apen Inform\u00e1tica\",\"description\":\"Mantenimiento Inform\u00e1tico , Software de Gesti\u00f3n, Soluciones de impresi\u00f3n\",\"publisher\":{\"@id\":\"https:\\\/\\\/www.apen.es\\\/#organization\"},\"potentialAction\":[{\"@type\":\"SearchAction\",\"target\":{\"@type\":\"EntryPoint\",\"urlTemplate\":\"https:\\\/\\\/www.apen.es\\\/?s={search_term_string}\"},\"query-input\":{\"@type\":\"PropertyValueSpecification\",\"valueRequired\":true,\"valueName\":\"search_term_string\"}}],\"inLanguage\":\"ca\"},{\"@type\":\"Organization\",\"@id\":\"https:\\\/\\\/www.apen.es\\\/#organization\",\"name\":\"Apen: Soluciones inform\u00e1ticas\",\"url\":\"https:\\\/\\\/www.apen.es\\\/\",\"logo\":{\"@type\":\"ImageObject\",\"inLanguage\":\"ca\",\"@id\":\"https:\\\/\\\/www.apen.es\\\/#\\\/schema\\\/logo\\\/image\\\/\",\"url\":\"https:\\\/\\\/www.apen.es\\\/wp-content\\\/uploads\\\/2022\\\/08\\\/logo-apenok-231x82-1.png\",\"contentUrl\":\"https:\\\/\\\/www.apen.es\\\/wp-content\\\/uploads\\\/2022\\\/08\\\/logo-apenok-231x82-1.png\",\"width\":231,\"height\":82,\"caption\":\"Apen: Soluciones inform\u00e1ticas\"},\"image\":{\"@id\":\"https:\\\/\\\/www.apen.es\\\/#\\\/schema\\\/logo\\\/image\\\/\"},\"sameAs\":[\"https:\\\/\\\/www.facebook.com\\\/apensolucions\",\"https:\\\/\\\/www.youtube.com\\\/user\\\/ApenCentreInformatic\",\"https:\\\/\\\/www.linkedin.com\\\/company\\\/1021771?trk=tyah&trkInfo=clickedVerticalcompanyclickedEntityId1021771idx2-1-2tarId1464195271196tasapenin\"]}]}<\/script>\n<!-- \/ Yoast SEO plugin. -->","yoast_head_json":{"title":"Renting multifuncio KONICA MINOLTA Granollers - Apen Inform\u00e0tica","description":"Oferim el servei de Renting Multifunci\u00f3 de la marca Konica Minolta a Granollers. Solucions d&#039;impressi\u00f3, r\u00e8nting, lloguer i venda per a empreses","robots":{"index":"index","follow":"follow","max-snippet":"max-snippet:-1","max-image-preview":"max-image-preview:large","max-video-preview":"max-video-preview:-1"},"canonical":"https:\/\/www.apen.es\/ca\/multifuncio\/renting-multifuncio-konica-minolta\/renting-granollers\/","og_locale":"ca_ES","og_type":"article","og_title":"Renting multifuncion KONICA MINOLTA Granollers - Apen Inform\u00e1tica","og_description":"Ofrecemos el servicio de Renting Multifunci\u00f3n de la marca Konica Minolta en Granollers. Soluciones de impresi\u00f3n, renting, alquiler y venta para empresas","og_url":"https:\/\/www.apen.es\/ca\/multifuncio\/renting-multifuncio-konica-minolta\/renting-granollers\/","og_site_name":"Apen Inform\u00e1tica","article_publisher":"https:\/\/www.facebook.com\/apensolucions","article_modified_time":"2025-05-23T08:15:59+00:00","og_image":[{"width":231,"height":82,"url":"https:\/\/www.apen.es\/wp-content\/uploads\/2016\/05\/logo-apen-231x82-trasparent.png","type":"image\/png"}],"twitter_card":"summary_large_image","twitter_misc":{"Temps estimat de lectura":"8 minuts"},"schema":{"@context":"https:\/\/schema.org","@graph":[{"@type":"WebPage","@id":"https:\/\/www.apen.es\/multifuncion\/renting-multifuncion-konica-minolta\/renting-granollers\/","url":"https:\/\/www.apen.es\/multifuncion\/renting-multifuncion-konica-minolta\/renting-granollers\/","name":"Renting multifuncio KONICA MINOLTA Granollers - Apen Inform\u00e0tica","isPartOf":{"@id":"https:\/\/www.apen.es\/#website"},"datePublished":"2019-01-07T10:55:04+00:00","dateModified":"2025-05-23T08:15:59+00:00","description":"Oferim el servei de Renting Multifunci\u00f3 de la marca Konica Minolta a Granollers. Solucions d&#039;impressi\u00f3, r\u00e8nting, lloguer i venda per a empreses","breadcrumb":{"@id":"https:\/\/www.apen.es\/multifuncion\/renting-multifuncion-konica-minolta\/renting-granollers\/#breadcrumb"},"inLanguage":"ca","potentialAction":[{"@type":"ReadAction","target":["https:\/\/www.apen.es\/multifuncion\/renting-multifuncion-konica-minolta\/renting-granollers\/"]}]},{"@type":"BreadcrumbList","@id":"https:\/\/www.apen.es\/multifuncion\/renting-multifuncion-konica-minolta\/renting-granollers\/#breadcrumb","itemListElement":[{"@type":"ListItem","position":1,"name":"Portada","item":"https:\/\/www.apen.es\/"},{"@type":"ListItem","position":2,"name":"Multifunci\u00f3n","item":"https:\/\/www.apen.es\/multifuncion\/"},{"@type":"ListItem","position":3,"name":"Renting multifunci\u00f3n Konica Minolta","item":"https:\/\/www.apen.es\/multifuncion\/renting-multifuncion-konica-minolta\/"},{"@type":"ListItem","position":4,"name":"Renting multifuncion KONICA MINOLTA Granollers"}]},{"@type":"WebSite","@id":"https:\/\/www.apen.es\/#website","url":"https:\/\/www.apen.es\/","name":"Apen Inform\u00e0tica","description":"Manteniment inform\u00e0tic , programari de gesti\u00f3, solucions d&#039;impressi\u00f3","publisher":{"@id":"https:\/\/www.apen.es\/#organization"},"potentialAction":[{"@type":"SearchAction","target":{"@type":"EntryPoint","urlTemplate":"https:\/\/www.apen.es\/?s={search_term_string}"},"query-input":{"@type":"PropertyValueSpecification","valueRequired":true,"valueName":"search_term_string"}}],"inLanguage":"ca"},{"@type":"Organization","@id":"https:\/\/www.apen.es\/#organization","name":"Apen: Solucions inform\u00e0tiques","url":"https:\/\/www.apen.es\/","logo":{"@type":"ImageObject","inLanguage":"ca","@id":"https:\/\/www.apen.es\/#\/schema\/logo\/image\/","url":"https:\/\/www.apen.es\/wp-content\/uploads\/2022\/08\/logo-apenok-231x82-1.png","contentUrl":"https:\/\/www.apen.es\/wp-content\/uploads\/2022\/08\/logo-apenok-231x82-1.png","width":231,"height":82,"caption":"Apen: Soluciones inform\u00e1ticas"},"image":{"@id":"https:\/\/www.apen.es\/#\/schema\/logo\/image\/"},"sameAs":["https:\/\/www.facebook.com\/apensolucions","https:\/\/www.youtube.com\/user\/ApenCentreInformatic","https:\/\/www.linkedin.com\/company\/1021771?trk=tyah&trkInfo=clickedVerticalcompanyclickedEntityId1021771idx2-1-2tarId1464195271196tasapenin"]}]}},"taxonomy_info":[],"featured_image_src_large":false,"author_info":{"display_name":"marqueting","author_link":"https:\/\/www.apen.es\/ca\/blog\/author\/marqueting\/"},"comment_info":0,"_links":{"self":[{"href":"https:\/\/www.apen.es\/ca\/wp-json\/wp\/v2\/pages\/12598","targetHints":{"allow":["GET"]}}],"collection":[{"href":"https:\/\/www.apen.es\/ca\/wp-json\/wp\/v2\/pages"}],"about":[{"href":"https:\/\/www.apen.es\/ca\/wp-json\/wp\/v2\/types\/page"}],"author":[{"embeddable":true,"href":"https:\/\/www.apen.es\/ca\/wp-json\/wp\/v2\/users\/4"}],"replies":[{"embeddable":true,"href":"https:\/\/www.apen.es\/ca\/wp-json\/wp\/v2\/comments?post=12598"}],"version-history":[{"count":5,"href":"https:\/\/www.apen.es\/ca\/wp-json\/wp\/v2\/pages\/12598\/revisions"}],"predecessor-version":[{"id":54853,"href":"https:\/\/www.apen.es\/ca\/wp-json\/wp\/v2\/pages\/12598\/revisions\/54853"}],"up":[{"embeddable":true,"href":"https:\/\/www.apen.es\/ca\/wp-json\/wp\/v2\/pages\/12391"}],"wp:attachment":[{"href":"https:\/\/www.apen.es\/ca\/wp-json\/wp\/v2\/media?parent=12598"}],"curies":[{"name":"wp","href":"https:\/\/api.w.org\/{rel}","templated":true}]}}