{"id":12596,"date":"2019-01-07T10:52:17","date_gmt":"2019-01-07T10:52:17","guid":{"rendered":"https:\/\/www.apen.es\/?page_id=12596"},"modified":"2025-05-23T08:12:52","modified_gmt":"2025-05-23T08:12:52","slug":"renting-terrassa","status":"publish","type":"page","link":"https:\/\/www.apen.es\/ca\/multifuncion\/renting-multifuncion-konica-minolta\/renting-terrassa\/","title":{"rendered":"Renting multifuncio KONICA MINOLTA Terrassa"},"content":{"rendered":"<p>Si creus que no est\u00e0s fent una gesti\u00f3 correcta de les impressions a la teva empresa, no dubtis en contactar amb nosaltres per informar-te de totes les opcions i eines tecnol\u00f2giques que tens al teu abast per poder solucionar aquest problema.<\/p>\n\n\n\n<p>A Apen podem oferir-te idees tan interessants com el&nbsp;<strong>renting multifunci\u00f3 KONICA MINOLTA Terrassa<\/strong>, amb qu\u00e8 gaudir\u00e0s d&#039;unes impressions de m\u00e0xima qualitat gr\u00e0cies a la instal\u00b7laci\u00f3 d&#039;equips multifuncionals, de les marques capdavanteres en aquest sector. En realitat \u00e9s un servei anomenat&nbsp;<strong>renting multifunci\u00f3 KONICA MINOLTA Terrassa<\/strong>&nbsp;que funciona mitjan\u00e7ant un model de finan\u00e7ament anomenat \u201cpreu per c\u00f2pia\u201d, que consisteix a pagar nom\u00e9s per all\u00f2 que imprimeixes, sense afegir cap cost addicional.<\/p>\n\n\n\n<p>\u00c9s a dir, el client no paga per adquirir la impressora perqu\u00e8 no necessita comprar-la per gaudir del servei. Si no paga \u00fanicament per les p\u00e0gines que imprimeix, ni m\u00e9s ni menys. Podent finan\u00e7ar el pagament de forma mensual, trimestral o com quedi acordat entre nosaltres i el client. D&#039;aquesta manera s&#039;aconsegueix tenir un control m\u00e9s organitzat dels costos d&#039;impressi\u00f3 i m\u00e9s consci\u00e8ncia del paper que es gasta.<\/p>\n\n\n\n<p>A m\u00e9s, a Apen oferim un servei&nbsp;<strong>renting multifunci\u00f3 KONICA MINOLTA Terrassa<\/strong>&nbsp;que inclou moltes m\u00e9s coses. Com ara la instal\u00b7laci\u00f3 i la configuraci\u00f3 de l&#039;equip, el manteniment, l&#039;assist\u00e8ncia t\u00e8cnica en menys de 4 hores, l&#039;assessorament, la reparaci\u00f3 de l&#039;equip en cas d&#039;avaria, recanvi i substituci\u00f3 de peces i consumibles, etc. Un servei t\u00e8cnic professional que va incl\u00f2s en el preu del servei de lloguer, cosa que el converteix en una opci\u00f3 integral i molt econ\u00f2mica, amb grans beneficis i avantatges per a l&#039;empresa que decideixi contractar-ho.<\/p>\n\n\n\n<p>Com a especialistes en el manteniment i la seguretat inform\u00e0tica i amb m\u00e9s de 25 anys d&#039;experi\u00e8ncia en aquest sector, podem dir que el servei de&nbsp;<strong>renting multifunci\u00f3 KONICA MINOLTA Terrassa<\/strong>&nbsp;es presenta com una de les millors opcions quant a solucions d&#039;impressi\u00f3, per a qualsevol tipus d&#039;empresa. A m\u00e9s, treballem amb altres marques que tamb\u00e9 s\u00f3n l\u00edders en aquest sector com ara OKI, KYOCERA i HP, amb l&#039;objectiu de tenir moltes opcions possibles, que puguin adaptar-se perfectament als requisits i necessitats reals de cadascuna de les empreses que vulgui contractar aquest servei.<\/p>\n\n\n\n<p>Si vols saber m\u00e9s detalls del&nbsp;<strong>renting multifunci\u00f3 KONICA MINOLTA Terrassa<\/strong>&nbsp;i altres serveis que prestem a Apen, i que aconseguiran millorar la gesti\u00f3 de la teva empresa i la productivitat de la mateixa, no dubtis a visitar la nostra p\u00e0gina web i posar-te en contacte amb nosaltres. Ens agradaria con\u00e8ixer la teva empresa personalment, per poder fer un estudi personalitzat i oferir-te la millor soluci\u00f3 d&#039;impressi\u00f3 per a la teva empresa.<\/p>","protected":false},"excerpt":{"rendered":"<p>Si crees que no est\u00e1s haciendo una correcta gesti\u00f3n de las impresiones en tu empresa, no dudes en contactar con nosotros para informarte de todas las opciones y herramientas tecnol\u00f3gicas que tienes a tu alcance para poder solucionar este problema. En Apen podemos ofrecerte ideas tan interesantes como el&nbsp;renting multifunci\u00f3n KONICA MINOLTA Terrassa, con el&#8230;<\/p>","protected":false},"author":4,"featured_media":0,"parent":12391,"menu_order":0,"comment_status":"closed","ping_status":"closed","template":"page-renting-impresoras.php","meta":{"_acf_changed":false,"_kad_blocks_custom_css":"","_kad_blocks_head_custom_js":"","_kad_blocks_body_custom_js":"","_kad_blocks_footer_custom_js":"","_kad_post_transparent":"","_kad_post_title":"","_kad_post_layout":"","_kad_post_sidebar_id":"","_kad_post_content_style":"","_kad_post_vertical_padding":"","_kad_post_feature":"","_kad_post_feature_position":"","_kad_post_header":false,"_kad_post_footer":false,"_kad_post_classname":"","footnotes":""},"class_list":["post-12596","page","type-page","status-publish","hentry"],"acf":[],"yoast_head":"<!-- This site is optimized with the Yoast SEO plugin v27.4 - https:\/\/yoast.com\/product\/yoast-seo-wordpress\/ -->\n<title>Renting multifuncion KONICA MINOLTA Terrassa - Apen Inform\u00e1tica<\/title>\n<meta name=\"description\" content=\"Ofrecemos el servicio de Renting Multifunci\u00f3n de la marca Konica Minolta en Terrassa Soluciones de impresi\u00f3n, renting, alquiler y venta para empresas.\" \/>\n<meta name=\"robots\" content=\"index, follow, max-snippet:-1, max-image-preview:large, max-video-preview:-1\" \/>\n<link rel=\"canonical\" href=\"https:\/\/www.apen.es\/ca\/multifuncio\/renting-multifuncio-konica-minolta\/renting-terrassa\/\" \/>\n<meta property=\"og:locale\" content=\"ca_ES\" \/>\n<meta property=\"og:type\" content=\"article\" \/>\n<meta property=\"og:title\" content=\"Renting multifuncion KONICA MINOLTA Terrassa - Apen Inform\u00e1tica\" \/>\n<meta property=\"og:description\" content=\"Ofrecemos el servicio de Renting Multifunci\u00f3n de la marca Konica Minolta en Terrassa Soluciones de impresi\u00f3n, renting, alquiler y venta para empresas.\" \/>\n<meta property=\"og:url\" content=\"https:\/\/www.apen.es\/ca\/multifuncio\/renting-multifuncio-konica-minolta\/renting-terrassa\/\" \/>\n<meta property=\"og:site_name\" content=\"Apen Inform\u00e1tica\" \/>\n<meta property=\"article:publisher\" content=\"https:\/\/www.facebook.com\/apensolucions\" \/>\n<meta property=\"article:modified_time\" content=\"2025-05-23T08:12:52+00:00\" \/>\n<meta property=\"og:image\" content=\"https:\/\/www.apen.es\/wp-content\/uploads\/2016\/05\/logo-apen-231x82-trasparent.png\" \/>\n\t<meta property=\"og:image:width\" content=\"231\" \/>\n\t<meta property=\"og:image:height\" content=\"82\" \/>\n\t<meta property=\"og:image:type\" content=\"image\/png\" \/>\n<meta name=\"twitter:card\" content=\"summary_large_image\" \/>\n<meta name=\"twitter:label1\" content=\"Temps estimat de lectura\" \/>\n\t<meta name=\"twitter:data1\" content=\"8 minuts\" \/>\n<script type=\"application\/ld+json\" class=\"yoast-schema-graph\">{\"@context\":\"https:\\\/\\\/schema.org\",\"@graph\":[{\"@type\":\"WebPage\",\"@id\":\"https:\\\/\\\/www.apen.es\\\/multifuncion\\\/renting-multifuncion-konica-minolta\\\/renting-terrassa\\\/\",\"url\":\"https:\\\/\\\/www.apen.es\\\/multifuncion\\\/renting-multifuncion-konica-minolta\\\/renting-terrassa\\\/\",\"name\":\"Renting multifuncion KONICA MINOLTA Terrassa - Apen Inform\u00e1tica\",\"isPartOf\":{\"@id\":\"https:\\\/\\\/www.apen.es\\\/#website\"},\"datePublished\":\"2019-01-07T10:52:17+00:00\",\"dateModified\":\"2025-05-23T08:12:52+00:00\",\"description\":\"Ofrecemos el servicio de Renting Multifunci\u00f3n de la marca Konica Minolta en Terrassa Soluciones de impresi\u00f3n, renting, alquiler y venta para empresas.\",\"breadcrumb\":{\"@id\":\"https:\\\/\\\/www.apen.es\\\/multifuncion\\\/renting-multifuncion-konica-minolta\\\/renting-terrassa\\\/#breadcrumb\"},\"inLanguage\":\"ca\",\"potentialAction\":[{\"@type\":\"ReadAction\",\"target\":[\"https:\\\/\\\/www.apen.es\\\/multifuncion\\\/renting-multifuncion-konica-minolta\\\/renting-terrassa\\\/\"]}]},{\"@type\":\"BreadcrumbList\",\"@id\":\"https:\\\/\\\/www.apen.es\\\/multifuncion\\\/renting-multifuncion-konica-minolta\\\/renting-terrassa\\\/#breadcrumb\",\"itemListElement\":[{\"@type\":\"ListItem\",\"position\":1,\"name\":\"Portada\",\"item\":\"https:\\\/\\\/www.apen.es\\\/\"},{\"@type\":\"ListItem\",\"position\":2,\"name\":\"Multifunci\u00f3n\",\"item\":\"https:\\\/\\\/www.apen.es\\\/multifuncion\\\/\"},{\"@type\":\"ListItem\",\"position\":3,\"name\":\"Renting multifunci\u00f3n Konica Minolta\",\"item\":\"https:\\\/\\\/www.apen.es\\\/multifuncion\\\/renting-multifuncion-konica-minolta\\\/\"},{\"@type\":\"ListItem\",\"position\":4,\"name\":\"Renting multifuncion KONICA MINOLTA Terrassa\"}]},{\"@type\":\"WebSite\",\"@id\":\"https:\\\/\\\/www.apen.es\\\/#website\",\"url\":\"https:\\\/\\\/www.apen.es\\\/\",\"name\":\"Apen Inform\u00e1tica\",\"description\":\"Mantenimiento Inform\u00e1tico , Software de Gesti\u00f3n, Soluciones de impresi\u00f3n\",\"publisher\":{\"@id\":\"https:\\\/\\\/www.apen.es\\\/#organization\"},\"potentialAction\":[{\"@type\":\"SearchAction\",\"target\":{\"@type\":\"EntryPoint\",\"urlTemplate\":\"https:\\\/\\\/www.apen.es\\\/?s={search_term_string}\"},\"query-input\":{\"@type\":\"PropertyValueSpecification\",\"valueRequired\":true,\"valueName\":\"search_term_string\"}}],\"inLanguage\":\"ca\"},{\"@type\":\"Organization\",\"@id\":\"https:\\\/\\\/www.apen.es\\\/#organization\",\"name\":\"Apen: Soluciones inform\u00e1ticas\",\"url\":\"https:\\\/\\\/www.apen.es\\\/\",\"logo\":{\"@type\":\"ImageObject\",\"inLanguage\":\"ca\",\"@id\":\"https:\\\/\\\/www.apen.es\\\/#\\\/schema\\\/logo\\\/image\\\/\",\"url\":\"https:\\\/\\\/www.apen.es\\\/wp-content\\\/uploads\\\/2022\\\/08\\\/logo-apenok-231x82-1.png\",\"contentUrl\":\"https:\\\/\\\/www.apen.es\\\/wp-content\\\/uploads\\\/2022\\\/08\\\/logo-apenok-231x82-1.png\",\"width\":231,\"height\":82,\"caption\":\"Apen: Soluciones inform\u00e1ticas\"},\"image\":{\"@id\":\"https:\\\/\\\/www.apen.es\\\/#\\\/schema\\\/logo\\\/image\\\/\"},\"sameAs\":[\"https:\\\/\\\/www.facebook.com\\\/apensolucions\",\"https:\\\/\\\/www.youtube.com\\\/user\\\/ApenCentreInformatic\",\"https:\\\/\\\/www.linkedin.com\\\/company\\\/1021771?trk=tyah&trkInfo=clickedVerticalcompanyclickedEntityId1021771idx2-1-2tarId1464195271196tasapenin\"]}]}<\/script>\n<!-- \/ Yoast SEO plugin. -->","yoast_head_json":{"title":"Renting multifuncio KONICA MINOLTA Terrassa - Apen Inform\u00e0tica","description":"Oferim el servei de Renting Multifunci\u00f3 de la marca Konica Minolta a Terrassa Solucions d&#039;impressi\u00f3, r\u00e8nting, lloguer i venda per a empreses.","robots":{"index":"index","follow":"follow","max-snippet":"max-snippet:-1","max-image-preview":"max-image-preview:large","max-video-preview":"max-video-preview:-1"},"canonical":"https:\/\/www.apen.es\/ca\/multifuncio\/renting-multifuncio-konica-minolta\/renting-terrassa\/","og_locale":"ca_ES","og_type":"article","og_title":"Renting multifuncion KONICA MINOLTA Terrassa - Apen Inform\u00e1tica","og_description":"Ofrecemos el servicio de Renting Multifunci\u00f3n de la marca Konica Minolta en Terrassa Soluciones de impresi\u00f3n, renting, alquiler y venta para empresas.","og_url":"https:\/\/www.apen.es\/ca\/multifuncio\/renting-multifuncio-konica-minolta\/renting-terrassa\/","og_site_name":"Apen Inform\u00e1tica","article_publisher":"https:\/\/www.facebook.com\/apensolucions","article_modified_time":"2025-05-23T08:12:52+00:00","og_image":[{"width":231,"height":82,"url":"https:\/\/www.apen.es\/wp-content\/uploads\/2016\/05\/logo-apen-231x82-trasparent.png","type":"image\/png"}],"twitter_card":"summary_large_image","twitter_misc":{"Temps estimat de lectura":"8 minuts"},"schema":{"@context":"https:\/\/schema.org","@graph":[{"@type":"WebPage","@id":"https:\/\/www.apen.es\/multifuncion\/renting-multifuncion-konica-minolta\/renting-terrassa\/","url":"https:\/\/www.apen.es\/multifuncion\/renting-multifuncion-konica-minolta\/renting-terrassa\/","name":"Renting multifuncio KONICA MINOLTA Terrassa - Apen Inform\u00e0tica","isPartOf":{"@id":"https:\/\/www.apen.es\/#website"},"datePublished":"2019-01-07T10:52:17+00:00","dateModified":"2025-05-23T08:12:52+00:00","description":"Oferim el servei de Renting Multifunci\u00f3 de la marca Konica Minolta a Terrassa Solucions d&#039;impressi\u00f3, r\u00e8nting, lloguer i venda per a empreses.","breadcrumb":{"@id":"https:\/\/www.apen.es\/multifuncion\/renting-multifuncion-konica-minolta\/renting-terrassa\/#breadcrumb"},"inLanguage":"ca","potentialAction":[{"@type":"ReadAction","target":["https:\/\/www.apen.es\/multifuncion\/renting-multifuncion-konica-minolta\/renting-terrassa\/"]}]},{"@type":"BreadcrumbList","@id":"https:\/\/www.apen.es\/multifuncion\/renting-multifuncion-konica-minolta\/renting-terrassa\/#breadcrumb","itemListElement":[{"@type":"ListItem","position":1,"name":"Portada","item":"https:\/\/www.apen.es\/"},{"@type":"ListItem","position":2,"name":"Multifunci\u00f3n","item":"https:\/\/www.apen.es\/multifuncion\/"},{"@type":"ListItem","position":3,"name":"Renting multifunci\u00f3n Konica Minolta","item":"https:\/\/www.apen.es\/multifuncion\/renting-multifuncion-konica-minolta\/"},{"@type":"ListItem","position":4,"name":"Renting multifuncion KONICA MINOLTA Terrassa"}]},{"@type":"WebSite","@id":"https:\/\/www.apen.es\/#website","url":"https:\/\/www.apen.es\/","name":"Apen Inform\u00e0tica","description":"Manteniment inform\u00e0tic , programari de gesti\u00f3, solucions d&#039;impressi\u00f3","publisher":{"@id":"https:\/\/www.apen.es\/#organization"},"potentialAction":[{"@type":"SearchAction","target":{"@type":"EntryPoint","urlTemplate":"https:\/\/www.apen.es\/?s={search_term_string}"},"query-input":{"@type":"PropertyValueSpecification","valueRequired":true,"valueName":"search_term_string"}}],"inLanguage":"ca"},{"@type":"Organization","@id":"https:\/\/www.apen.es\/#organization","name":"Apen: Solucions inform\u00e0tiques","url":"https:\/\/www.apen.es\/","logo":{"@type":"ImageObject","inLanguage":"ca","@id":"https:\/\/www.apen.es\/#\/schema\/logo\/image\/","url":"https:\/\/www.apen.es\/wp-content\/uploads\/2022\/08\/logo-apenok-231x82-1.png","contentUrl":"https:\/\/www.apen.es\/wp-content\/uploads\/2022\/08\/logo-apenok-231x82-1.png","width":231,"height":82,"caption":"Apen: Soluciones inform\u00e1ticas"},"image":{"@id":"https:\/\/www.apen.es\/#\/schema\/logo\/image\/"},"sameAs":["https:\/\/www.facebook.com\/apensolucions","https:\/\/www.youtube.com\/user\/ApenCentreInformatic","https:\/\/www.linkedin.com\/company\/1021771?trk=tyah&trkInfo=clickedVerticalcompanyclickedEntityId1021771idx2-1-2tarId1464195271196tasapenin"]}]}},"taxonomy_info":[],"featured_image_src_large":false,"author_info":{"display_name":"marqueting","author_link":"https:\/\/www.apen.es\/ca\/blog\/author\/marqueting\/"},"comment_info":0,"_links":{"self":[{"href":"https:\/\/www.apen.es\/ca\/wp-json\/wp\/v2\/pages\/12596","targetHints":{"allow":["GET"]}}],"collection":[{"href":"https:\/\/www.apen.es\/ca\/wp-json\/wp\/v2\/pages"}],"about":[{"href":"https:\/\/www.apen.es\/ca\/wp-json\/wp\/v2\/types\/page"}],"author":[{"embeddable":true,"href":"https:\/\/www.apen.es\/ca\/wp-json\/wp\/v2\/users\/4"}],"replies":[{"embeddable":true,"href":"https:\/\/www.apen.es\/ca\/wp-json\/wp\/v2\/comments?post=12596"}],"version-history":[{"count":5,"href":"https:\/\/www.apen.es\/ca\/wp-json\/wp\/v2\/pages\/12596\/revisions"}],"predecessor-version":[{"id":54828,"href":"https:\/\/www.apen.es\/ca\/wp-json\/wp\/v2\/pages\/12596\/revisions\/54828"}],"up":[{"embeddable":true,"href":"https:\/\/www.apen.es\/ca\/wp-json\/wp\/v2\/pages\/12391"}],"wp:attachment":[{"href":"https:\/\/www.apen.es\/ca\/wp-json\/wp\/v2\/media?parent=12596"}],"curies":[{"name":"wp","href":"https:\/\/api.w.org\/{rel}","templated":true}]}}