{"id":12463,"date":"2018-12-18T16:43:50","date_gmt":"2018-12-18T16:43:50","guid":{"rendered":"https:\/\/www.apen.es\/?page_id=12463"},"modified":"2025-05-23T08:28:09","modified_gmt":"2025-05-23T08:28:09","slug":"renting-barcelona","status":"publish","type":"page","link":"https:\/\/www.apen.es\/ca\/multifuncion\/renting-multifuncion-konica-minolta\/renting-barcelona\/","title":{"rendered":"R\u00e8nting multifunci\u00f3 KONICA Barcelona"},"content":{"rendered":"<p>A Apen&nbsp;<strong>Barcelona<\/strong>&nbsp;comptem amb serveis de gran qualitat per a tot tipus d&#039;empreses com ara el&nbsp;<strong>r\u00e8nting multifunci\u00f3 KONICA<\/strong>. Tots ells enfocats a intentar millorar la gesti\u00f3 empresarial del client, amb diferents tipus de propostes perqu\u00e8 cada empresa pugui gaudir de l&#039;opci\u00f3 que m\u00e9s s&#039;adapti a les vostres necessitats reals.<\/p>\n\n\n\n<p>Per saber quines s\u00f3n aquestes necessitats, a Apen realitzem un estudi previ per con\u00e8ixer quina \u00e9s la situaci\u00f3 de cada empresa client, a m\u00e9s de con\u00e8ixer les impressions actuals amb el ferm objectiu de dissenyar una proposta optimitzada feta a mida, pel que fa a les solucions d&#039;impressi\u00f3. El&nbsp;<strong>r\u00e8nting multifunci\u00f3 KONICA<\/strong>&nbsp;d&#039;Apen&nbsp;<strong>Barcelona<\/strong>&nbsp;\u00e9s una de les nostres propostes estrella, que cada cop t\u00e9 m\u00e9s demanda per part dels nostres clients. I aix\u00f2 \u00e9s degut als grans avantatges que pot rebre l&#039;empresa, tant a nivell econ\u00f2mic com a nivell de productivitat.<\/p>\n\n\n\n<p>\u00c9s un servei de lloguer molt rendible, perqu\u00e8 el client disposa d&#039;un servei t\u00e8cnic extra que inclou la instal\u00b7laci\u00f3, configuraci\u00f3, manteniment, assessorament, assist\u00e8ncia t\u00e8cnica en menys de 4 hores, recanvi de peces i consumibles, pr\u00e9stec d&#039;equip en cas d&#039;avaria, etc. Aix\u00f2 vol dir que el&nbsp;<strong>r\u00e8nting multifunci\u00f3 KONICA Barcelona<\/strong>&nbsp;no \u00e9s \u00fanicament un servei de lloguer d&#039;impressores polivalents d&#039;\u00faltima generaci\u00f3, sin\u00f3 que el client tamb\u00e9 est\u00e0 contractant un servei t\u00e8cnic professional a un mateix pack.<\/p>\n\n\n\n<p>Per saber les necessitats reals de cada empresa necessitem tenir un coneixement previ de primera m\u00e0 i per aix\u00f2 sempre estudiem molt b\u00e9 quina \u00e9s la situaci\u00f3 del client, quin \u00e9s el seu pressupost, quines s\u00f3n les seves despeses actuals i us assessorem no nom\u00e9s a determinar quina seria la millor soluci\u00f3 d&#039;impressi\u00f3 sin\u00f3 que tamb\u00e9 us aconsellem un altre tipus de serveis, per millorar la vostra gesti\u00f3 empresarial i estalviar el m\u00e0xim de diners i temps possible.<\/p>\n\n\n\n<p>El nostre principal objectiu \u00e9s que qualsevol tipus d&#039;empresa, sigui gran o petita i independentment del sector al qual es dediqui, pugui disposar d&#039;una soluci\u00f3 d&#039;impressi\u00f3 de qualitat i multifuncional que permeti realitzar un treball productiu, eficient, sostenible, just i econ\u00f2mic, des del primer dia i fins que el client ho desitgi.<\/p>\n\n\n\n<p>A la nostra p\u00e0gina web podr\u00e0s con\u00e8ixer tot el que et podem oferir, perqu\u00e8 aconsegueixis que la teva empresa sigui el m\u00e9s productiva, eficient i professional possible. Per exemple, amb el nostre programari a3ERP que unifica totes les \u00e0rees de l&#039;empresa, amb el&nbsp;<strong>r\u00e8nting multifunci\u00f3 KONICA Barcelona<\/strong>&nbsp;o amb la implantaci\u00f3 de solucions CLOUD, entre altres q\u00fcestions. A m\u00e9s, pots mantenir-te ben informat de les \u00faltimes novetats en tecnologia i inform\u00e0tica mitjan\u00e7ant el nostre bloc, el qual mantenim actualitzat constantment i on podr\u00e0s descobrir molts exemples i facilitats que podr\u00e0s extrapolar a la teva empresa, per aconseguir millorar en tots els aspectes possibles.<\/p>","protected":false},"excerpt":{"rendered":"<p>En Apen&nbsp;Barcelona&nbsp;contamos con servicios de gran calidad para todo tipo de empresas como por ejemplo el&nbsp;renting multifunci\u00f3n KONICA. Todos ellos enfocados a intentar mejorar la gesti\u00f3n empresarial del cliente, con distintos tipos de propuestas para que cada empresa pueda disfrutar de la opci\u00f3n que m\u00e1s se adapte a sus necesidades reales. Para saber cu\u00e1les son&#8230;<\/p>","protected":false},"author":4,"featured_media":0,"parent":12391,"menu_order":0,"comment_status":"closed","ping_status":"closed","template":"page-renting-impresoras.php","meta":{"_acf_changed":false,"_kad_blocks_custom_css":"","_kad_blocks_head_custom_js":"","_kad_blocks_body_custom_js":"","_kad_blocks_footer_custom_js":"","_kad_post_transparent":"","_kad_post_title":"","_kad_post_layout":"","_kad_post_sidebar_id":"","_kad_post_content_style":"","_kad_post_vertical_padding":"","_kad_post_feature":"","_kad_post_feature_position":"","_kad_post_header":false,"_kad_post_footer":false,"_kad_post_classname":"","footnotes":""},"class_list":["post-12463","page","type-page","status-publish","hentry"],"acf":[],"yoast_head":"<!-- This site is optimized with the Yoast SEO plugin v27.4 - https:\/\/yoast.com\/product\/yoast-seo-wordpress\/ -->\n<title>Renting multifunci\u00f3n KONICA Barcelona - Apen Inform\u00e1tica<\/title>\n<meta name=\"description\" content=\"Ofrecemos el servicio de Renting Multifunci\u00f3n de la marca Konica Minolta en Barcelona. Soluciones de impresi\u00f3n, renting, alquiler y venta para empresas.\" \/>\n<meta name=\"robots\" content=\"index, follow, max-snippet:-1, max-image-preview:large, max-video-preview:-1\" \/>\n<link rel=\"canonical\" href=\"https:\/\/www.apen.es\/ca\/multifuncio\/renting-multifuncio-konica-minolta\/renting-barcelona\/\" \/>\n<meta property=\"og:locale\" content=\"ca_ES\" \/>\n<meta property=\"og:type\" content=\"article\" \/>\n<meta property=\"og:title\" content=\"Renting multifunci\u00f3n KONICA Barcelona - Apen Inform\u00e1tica\" \/>\n<meta property=\"og:description\" content=\"Ofrecemos el servicio de Renting Multifunci\u00f3n de la marca Konica Minolta en Barcelona. Soluciones de impresi\u00f3n, renting, alquiler y venta para empresas.\" \/>\n<meta property=\"og:url\" content=\"https:\/\/www.apen.es\/ca\/multifuncio\/renting-multifuncio-konica-minolta\/renting-barcelona\/\" \/>\n<meta property=\"og:site_name\" content=\"Apen Inform\u00e1tica\" \/>\n<meta property=\"article:publisher\" content=\"https:\/\/www.facebook.com\/apensolucions\" \/>\n<meta property=\"article:modified_time\" content=\"2025-05-23T08:28:09+00:00\" \/>\n<meta property=\"og:image\" content=\"https:\/\/www.apen.es\/wp-content\/uploads\/2016\/05\/logo-apen-231x82-trasparent.png\" \/>\n\t<meta property=\"og:image:width\" content=\"231\" \/>\n\t<meta property=\"og:image:height\" content=\"82\" \/>\n\t<meta property=\"og:image:type\" content=\"image\/png\" \/>\n<meta name=\"twitter:card\" content=\"summary_large_image\" \/>\n<meta name=\"twitter:label1\" content=\"Temps estimat de lectura\" \/>\n\t<meta name=\"twitter:data1\" content=\"8 minuts\" \/>\n<script type=\"application\/ld+json\" class=\"yoast-schema-graph\">{\"@context\":\"https:\\\/\\\/schema.org\",\"@graph\":[{\"@type\":\"WebPage\",\"@id\":\"https:\\\/\\\/www.apen.es\\\/multifuncion\\\/renting-multifuncion-konica-minolta\\\/renting-barcelona\\\/\",\"url\":\"https:\\\/\\\/www.apen.es\\\/multifuncion\\\/renting-multifuncion-konica-minolta\\\/renting-barcelona\\\/\",\"name\":\"Renting multifunci\u00f3n KONICA Barcelona - Apen Inform\u00e1tica\",\"isPartOf\":{\"@id\":\"https:\\\/\\\/www.apen.es\\\/#website\"},\"datePublished\":\"2018-12-18T16:43:50+00:00\",\"dateModified\":\"2025-05-23T08:28:09+00:00\",\"description\":\"Ofrecemos el servicio de Renting Multifunci\u00f3n de la marca Konica Minolta en Barcelona. Soluciones de impresi\u00f3n, renting, alquiler y venta para empresas.\",\"breadcrumb\":{\"@id\":\"https:\\\/\\\/www.apen.es\\\/multifuncion\\\/renting-multifuncion-konica-minolta\\\/renting-barcelona\\\/#breadcrumb\"},\"inLanguage\":\"ca\",\"potentialAction\":[{\"@type\":\"ReadAction\",\"target\":[\"https:\\\/\\\/www.apen.es\\\/multifuncion\\\/renting-multifuncion-konica-minolta\\\/renting-barcelona\\\/\"]}]},{\"@type\":\"BreadcrumbList\",\"@id\":\"https:\\\/\\\/www.apen.es\\\/multifuncion\\\/renting-multifuncion-konica-minolta\\\/renting-barcelona\\\/#breadcrumb\",\"itemListElement\":[{\"@type\":\"ListItem\",\"position\":1,\"name\":\"Portada\",\"item\":\"https:\\\/\\\/www.apen.es\\\/\"},{\"@type\":\"ListItem\",\"position\":2,\"name\":\"Multifunci\u00f3n\",\"item\":\"https:\\\/\\\/www.apen.es\\\/multifuncion\\\/\"},{\"@type\":\"ListItem\",\"position\":3,\"name\":\"Renting multifunci\u00f3n Konica Minolta\",\"item\":\"https:\\\/\\\/www.apen.es\\\/multifuncion\\\/renting-multifuncion-konica-minolta\\\/\"},{\"@type\":\"ListItem\",\"position\":4,\"name\":\"Renting multifunci\u00f3n KONICA Barcelona\"}]},{\"@type\":\"WebSite\",\"@id\":\"https:\\\/\\\/www.apen.es\\\/#website\",\"url\":\"https:\\\/\\\/www.apen.es\\\/\",\"name\":\"Apen Inform\u00e1tica\",\"description\":\"Mantenimiento Inform\u00e1tico , Software de Gesti\u00f3n, Soluciones de impresi\u00f3n\",\"publisher\":{\"@id\":\"https:\\\/\\\/www.apen.es\\\/#organization\"},\"potentialAction\":[{\"@type\":\"SearchAction\",\"target\":{\"@type\":\"EntryPoint\",\"urlTemplate\":\"https:\\\/\\\/www.apen.es\\\/?s={search_term_string}\"},\"query-input\":{\"@type\":\"PropertyValueSpecification\",\"valueRequired\":true,\"valueName\":\"search_term_string\"}}],\"inLanguage\":\"ca\"},{\"@type\":\"Organization\",\"@id\":\"https:\\\/\\\/www.apen.es\\\/#organization\",\"name\":\"Apen: Soluciones inform\u00e1ticas\",\"url\":\"https:\\\/\\\/www.apen.es\\\/\",\"logo\":{\"@type\":\"ImageObject\",\"inLanguage\":\"ca\",\"@id\":\"https:\\\/\\\/www.apen.es\\\/#\\\/schema\\\/logo\\\/image\\\/\",\"url\":\"https:\\\/\\\/www.apen.es\\\/wp-content\\\/uploads\\\/2022\\\/08\\\/logo-apenok-231x82-1.png\",\"contentUrl\":\"https:\\\/\\\/www.apen.es\\\/wp-content\\\/uploads\\\/2022\\\/08\\\/logo-apenok-231x82-1.png\",\"width\":231,\"height\":82,\"caption\":\"Apen: Soluciones inform\u00e1ticas\"},\"image\":{\"@id\":\"https:\\\/\\\/www.apen.es\\\/#\\\/schema\\\/logo\\\/image\\\/\"},\"sameAs\":[\"https:\\\/\\\/www.facebook.com\\\/apensolucions\",\"https:\\\/\\\/www.youtube.com\\\/user\\\/ApenCentreInformatic\",\"https:\\\/\\\/www.linkedin.com\\\/company\\\/1021771?trk=tyah&trkInfo=clickedVerticalcompanyclickedEntityId1021771idx2-1-2tarId1464195271196tasapenin\"]}]}<\/script>\n<!-- \/ Yoast SEO plugin. -->","yoast_head_json":{"title":"R\u00e8nting multifunci\u00f3 KONICA Barcelona - Apen Inform\u00e0tica","description":"Oferim el servei de Renting Multifunci\u00f3 de la marca Konica Minolta a Barcelona. Solucions d&#039;impressi\u00f3, r\u00e8nting, lloguer i venda per a empreses.","robots":{"index":"index","follow":"follow","max-snippet":"max-snippet:-1","max-image-preview":"max-image-preview:large","max-video-preview":"max-video-preview:-1"},"canonical":"https:\/\/www.apen.es\/ca\/multifuncio\/renting-multifuncio-konica-minolta\/renting-barcelona\/","og_locale":"ca_ES","og_type":"article","og_title":"Renting multifunci\u00f3n KONICA Barcelona - Apen Inform\u00e1tica","og_description":"Ofrecemos el servicio de Renting Multifunci\u00f3n de la marca Konica Minolta en Barcelona. Soluciones de impresi\u00f3n, renting, alquiler y venta para empresas.","og_url":"https:\/\/www.apen.es\/ca\/multifuncio\/renting-multifuncio-konica-minolta\/renting-barcelona\/","og_site_name":"Apen Inform\u00e1tica","article_publisher":"https:\/\/www.facebook.com\/apensolucions","article_modified_time":"2025-05-23T08:28:09+00:00","og_image":[{"width":231,"height":82,"url":"https:\/\/www.apen.es\/wp-content\/uploads\/2016\/05\/logo-apen-231x82-trasparent.png","type":"image\/png"}],"twitter_card":"summary_large_image","twitter_misc":{"Temps estimat de lectura":"8 minuts"},"schema":{"@context":"https:\/\/schema.org","@graph":[{"@type":"WebPage","@id":"https:\/\/www.apen.es\/multifuncion\/renting-multifuncion-konica-minolta\/renting-barcelona\/","url":"https:\/\/www.apen.es\/multifuncion\/renting-multifuncion-konica-minolta\/renting-barcelona\/","name":"R\u00e8nting multifunci\u00f3 KONICA Barcelona - Apen Inform\u00e0tica","isPartOf":{"@id":"https:\/\/www.apen.es\/#website"},"datePublished":"2018-12-18T16:43:50+00:00","dateModified":"2025-05-23T08:28:09+00:00","description":"Oferim el servei de Renting Multifunci\u00f3 de la marca Konica Minolta a Barcelona. Solucions d&#039;impressi\u00f3, r\u00e8nting, lloguer i venda per a empreses.","breadcrumb":{"@id":"https:\/\/www.apen.es\/multifuncion\/renting-multifuncion-konica-minolta\/renting-barcelona\/#breadcrumb"},"inLanguage":"ca","potentialAction":[{"@type":"ReadAction","target":["https:\/\/www.apen.es\/multifuncion\/renting-multifuncion-konica-minolta\/renting-barcelona\/"]}]},{"@type":"BreadcrumbList","@id":"https:\/\/www.apen.es\/multifuncion\/renting-multifuncion-konica-minolta\/renting-barcelona\/#breadcrumb","itemListElement":[{"@type":"ListItem","position":1,"name":"Portada","item":"https:\/\/www.apen.es\/"},{"@type":"ListItem","position":2,"name":"Multifunci\u00f3n","item":"https:\/\/www.apen.es\/multifuncion\/"},{"@type":"ListItem","position":3,"name":"Renting multifunci\u00f3n Konica Minolta","item":"https:\/\/www.apen.es\/multifuncion\/renting-multifuncion-konica-minolta\/"},{"@type":"ListItem","position":4,"name":"Renting multifunci\u00f3n KONICA Barcelona"}]},{"@type":"WebSite","@id":"https:\/\/www.apen.es\/#website","url":"https:\/\/www.apen.es\/","name":"Apen Inform\u00e0tica","description":"Manteniment inform\u00e0tic , programari de gesti\u00f3, solucions d&#039;impressi\u00f3","publisher":{"@id":"https:\/\/www.apen.es\/#organization"},"potentialAction":[{"@type":"SearchAction","target":{"@type":"EntryPoint","urlTemplate":"https:\/\/www.apen.es\/?s={search_term_string}"},"query-input":{"@type":"PropertyValueSpecification","valueRequired":true,"valueName":"search_term_string"}}],"inLanguage":"ca"},{"@type":"Organization","@id":"https:\/\/www.apen.es\/#organization","name":"Apen: Solucions inform\u00e0tiques","url":"https:\/\/www.apen.es\/","logo":{"@type":"ImageObject","inLanguage":"ca","@id":"https:\/\/www.apen.es\/#\/schema\/logo\/image\/","url":"https:\/\/www.apen.es\/wp-content\/uploads\/2022\/08\/logo-apenok-231x82-1.png","contentUrl":"https:\/\/www.apen.es\/wp-content\/uploads\/2022\/08\/logo-apenok-231x82-1.png","width":231,"height":82,"caption":"Apen: Soluciones inform\u00e1ticas"},"image":{"@id":"https:\/\/www.apen.es\/#\/schema\/logo\/image\/"},"sameAs":["https:\/\/www.facebook.com\/apensolucions","https:\/\/www.youtube.com\/user\/ApenCentreInformatic","https:\/\/www.linkedin.com\/company\/1021771?trk=tyah&trkInfo=clickedVerticalcompanyclickedEntityId1021771idx2-1-2tarId1464195271196tasapenin"]}]}},"taxonomy_info":[],"featured_image_src_large":false,"author_info":{"display_name":"marqueting","author_link":"https:\/\/www.apen.es\/ca\/blog\/author\/marqueting\/"},"comment_info":0,"_links":{"self":[{"href":"https:\/\/www.apen.es\/ca\/wp-json\/wp\/v2\/pages\/12463","targetHints":{"allow":["GET"]}}],"collection":[{"href":"https:\/\/www.apen.es\/ca\/wp-json\/wp\/v2\/pages"}],"about":[{"href":"https:\/\/www.apen.es\/ca\/wp-json\/wp\/v2\/types\/page"}],"author":[{"embeddable":true,"href":"https:\/\/www.apen.es\/ca\/wp-json\/wp\/v2\/users\/4"}],"replies":[{"embeddable":true,"href":"https:\/\/www.apen.es\/ca\/wp-json\/wp\/v2\/comments?post=12463"}],"version-history":[{"count":3,"href":"https:\/\/www.apen.es\/ca\/wp-json\/wp\/v2\/pages\/12463\/revisions"}],"predecessor-version":[{"id":54918,"href":"https:\/\/www.apen.es\/ca\/wp-json\/wp\/v2\/pages\/12463\/revisions\/54918"}],"up":[{"embeddable":true,"href":"https:\/\/www.apen.es\/ca\/wp-json\/wp\/v2\/pages\/12391"}],"wp:attachment":[{"href":"https:\/\/www.apen.es\/ca\/wp-json\/wp\/v2\/media?parent=12463"}],"curies":[{"name":"wp","href":"https:\/\/api.w.org\/{rel}","templated":true}]}}