{"id":12461,"date":"2018-12-18T16:41:14","date_gmt":"2018-12-18T16:41:14","guid":{"rendered":"https:\/\/www.apen.es\/?page_id=12461"},"modified":"2025-05-23T08:28:00","modified_gmt":"2025-05-23T08:28:00","slug":"renting-sabadell","status":"publish","type":"page","link":"https:\/\/www.apen.es\/ca\/multifuncion\/renting-multifuncion-konica-minolta\/renting-sabadell\/","title":{"rendered":"R\u00e8nting multifunci\u00f3 KONICA Sabadell"},"content":{"rendered":"<p>A Apen&nbsp;<strong>Sabadell<\/strong>&nbsp;som distribu\u00efdors de les marques l\u00edders pel que fa a solucions d&#039;impressi\u00f3, com ara HP, OKI, KYOCERA o KONICA. El servei de&nbsp;<strong>r\u00e8nting multifunci\u00f3 KONICA&nbsp;<\/strong>\u00e9s un dels m\u00e9s demanats pels nostres clients, perqu\u00e8 suposa un abans i un despr\u00e9s en la gesti\u00f3 empresarial.<\/p>\n\n\n\n<p>Consisteix en un servei de lloguer d\u00b4un dels nostres equips d\u00b4impressi\u00f3 polivalents, d\u00b4\u00faltima generaci\u00f3 amb qu\u00e8 el client pot disposar d\u00b4impressions de qualitat, d\u00b4un treball m\u00e9s eficient i multifuncional i de molts altres beneficis des del primer dia de la seva instal\u00b7laci\u00f3.<\/p>\n\n\n\n<p>Amb el&nbsp;<strong>r\u00e8nting multifunci\u00f3 KONICA<\/strong>&nbsp;d&#039;Apen&nbsp;<strong>Sabadell<\/strong>&nbsp;notar\u00e0s un estalvi econ\u00f2mic del 30% als costos anuals de la teva empresa, a m\u00e9s d&#039;un control m\u00e9s prec\u00eds sobre les impressions que es realitzen. D&#039;aquesta manera es fa m\u00e9s f\u00e0cil i m\u00e9s eficient el treball i nom\u00e9s s&#039;imprimeix all\u00f2 que \u00e9s realment necessari, at\u00e8s que aquest servei consisteix a pagar \u00fanicament per les p\u00e0gines que s&#039;imprimeixen.<\/p>\n\n\n\n<p>A m\u00e9s d&#039;imprimir, amb el&nbsp;<strong>r\u00e8nting multifunci\u00f3 KONICA<\/strong>&nbsp;d&#039;Apen&nbsp;<strong>Sabadell<\/strong>&nbsp;tamb\u00e9 podr\u00e0s realitzar moltes altres funcions com ara escanejar, enviar un fax, etc. Ja que parlem d&#039;un equip multifuncional d&#039;\u00faltima generaci\u00f3. Sempre a l&#039;avantguarda de les novetats tecnol\u00f2giques, a Apen podr\u00e0s trobar tota mena d&#039;opcions i models d&#039;impressora que es podran adaptar totalment a les teves necessitats, perqu\u00e8 no paguis de m\u00e9s i aconsegueixis obtenir la soluci\u00f3 m\u00e9s optimitzada i personalitzada possible. Amb una experi\u00e8ncia al sector de m\u00e9s de 25 anys, a Apen&nbsp;<strong>Sabadell<\/strong>&nbsp;podem garantir-te un servei de&nbsp;<strong>r\u00e8nting multifunci\u00f3 KONICA&nbsp;<\/strong>de qualitat a un preu assequible i optimitzant al m\u00e0xim tots els recursos.<\/p>\n\n\n\n<p>A la nostra p\u00e0gina web podr\u00e0s trobar un ampli cat\u00e0leg de productes i serveis, perqu\u00e8 s\u00e0pigues totes les eines tecnol\u00f2giques d&#039;\u00faltima generaci\u00f3 que et podem oferir, perqu\u00e8 puguis optimitzar la gesti\u00f3 de la teva empresa el m\u00e0xim possible. A m\u00e9s, disposem d&#039;un bloc que actualitzem molt sovint, perqu\u00e8 puguis estar al dia de totes les novetats relacionades amb el sector inform\u00e0tic, aix\u00ed com dels aven\u00e7os tecnol\u00f2gics i de tot all\u00f2 que sabem que et pot interessar, relacionat amb la gesti\u00f3 empresarial.<\/p>\n\n\n\n<p>El nostre equip hum\u00e0 estar\u00e0 sempre acompanyant-te, per solucionar qualsevol problema que pugui sorgir al servei de&nbsp;<strong>r\u00e8nting multifunci\u00f3 KONICA<\/strong>&nbsp;que et proposem a Apen&nbsp;<strong>Sabadell<\/strong>, ja que s\u00f3n treballadors especialitzats i formats al sector del manteniment inform\u00e0tic i en les solucions d&#039;impressi\u00f3.<\/p>\n\n\n\n<p>Considerem que aquest tipus de serveis, molt optimitzats i personalitzats per a cada client, fa que les empreses millorin la seva gesti\u00f3, productivitat, imatge de marca i, en definitiva, creixi i evolucionin independentment de la mida del seu negoci i al sector al qual es dediquin.<\/p>","protected":false},"excerpt":{"rendered":"<p>En&nbsp; Apen&nbsp;Sabadell&nbsp;somos distribuidores de las marcas l\u00edderes en lo que se refiere a soluciones de impresi\u00f3n, tales como HP, OKI, KYOCERA o KONICA. El servicio de&nbsp;renting multifunci\u00f3n KONICA&nbsp;es uno de los m\u00e1s demandados por nuestros clientes, porque supone un antes y un despu\u00e9s en la gesti\u00f3n empresarial. Consiste en un servicio de alquiler de uno&#8230;<\/p>","protected":false},"author":4,"featured_media":0,"parent":12391,"menu_order":0,"comment_status":"closed","ping_status":"closed","template":"page-renting-impresoras.php","meta":{"_acf_changed":false,"_kad_blocks_custom_css":"","_kad_blocks_head_custom_js":"","_kad_blocks_body_custom_js":"","_kad_blocks_footer_custom_js":"","_kad_post_transparent":"","_kad_post_title":"","_kad_post_layout":"","_kad_post_sidebar_id":"","_kad_post_content_style":"","_kad_post_vertical_padding":"","_kad_post_feature":"","_kad_post_feature_position":"","_kad_post_header":false,"_kad_post_footer":false,"_kad_post_classname":"","footnotes":""},"class_list":["post-12461","page","type-page","status-publish","hentry"],"acf":[],"yoast_head":"<!-- This site is optimized with the Yoast SEO plugin v27.4 - https:\/\/yoast.com\/product\/yoast-seo-wordpress\/ -->\n<title>Renting multifunci\u00f3n KONICA Sabadell - Apen Inform\u00e1tica<\/title>\n<meta name=\"description\" content=\"Ofrecemos el servicio de Renting Multifunci\u00f3n de la marca Konica Minolta en Sabadell Soluciones de impresi\u00f3n, renting, alquiler y venta para empresas.\" \/>\n<meta name=\"robots\" content=\"index, follow, max-snippet:-1, max-image-preview:large, max-video-preview:-1\" \/>\n<link rel=\"canonical\" href=\"https:\/\/www.apen.es\/ca\/multifuncio\/renting-multifuncio-konica-minolta\/renting-sabadell\/\" \/>\n<meta property=\"og:locale\" content=\"ca_ES\" \/>\n<meta property=\"og:type\" content=\"article\" \/>\n<meta property=\"og:title\" content=\"Renting multifunci\u00f3n KONICA Sabadell - Apen Inform\u00e1tica\" \/>\n<meta property=\"og:description\" content=\"Ofrecemos el servicio de Renting Multifunci\u00f3n de la marca Konica Minolta en Sabadell Soluciones de impresi\u00f3n, renting, alquiler y venta para empresas.\" \/>\n<meta property=\"og:url\" content=\"https:\/\/www.apen.es\/ca\/multifuncio\/renting-multifuncio-konica-minolta\/renting-sabadell\/\" \/>\n<meta property=\"og:site_name\" content=\"Apen Inform\u00e1tica\" \/>\n<meta property=\"article:publisher\" content=\"https:\/\/www.facebook.com\/apensolucions\" \/>\n<meta property=\"article:modified_time\" content=\"2025-05-23T08:28:00+00:00\" \/>\n<meta property=\"og:image\" content=\"https:\/\/www.apen.es\/wp-content\/uploads\/2016\/05\/logo-apen-231x82-trasparent.png\" \/>\n\t<meta property=\"og:image:width\" content=\"231\" \/>\n\t<meta property=\"og:image:height\" content=\"82\" \/>\n\t<meta property=\"og:image:type\" content=\"image\/png\" \/>\n<meta name=\"twitter:card\" content=\"summary_large_image\" \/>\n<meta name=\"twitter:label1\" content=\"Temps estimat de lectura\" \/>\n\t<meta name=\"twitter:data1\" content=\"8 minuts\" \/>\n<script type=\"application\/ld+json\" class=\"yoast-schema-graph\">{\"@context\":\"https:\\\/\\\/schema.org\",\"@graph\":[{\"@type\":\"WebPage\",\"@id\":\"https:\\\/\\\/www.apen.es\\\/multifuncion\\\/renting-multifuncion-konica-minolta\\\/renting-sabadell\\\/\",\"url\":\"https:\\\/\\\/www.apen.es\\\/multifuncion\\\/renting-multifuncion-konica-minolta\\\/renting-sabadell\\\/\",\"name\":\"Renting multifunci\u00f3n KONICA Sabadell - Apen Inform\u00e1tica\",\"isPartOf\":{\"@id\":\"https:\\\/\\\/www.apen.es\\\/#website\"},\"datePublished\":\"2018-12-18T16:41:14+00:00\",\"dateModified\":\"2025-05-23T08:28:00+00:00\",\"description\":\"Ofrecemos el servicio de Renting Multifunci\u00f3n de la marca Konica Minolta en Sabadell Soluciones de impresi\u00f3n, renting, alquiler y venta para empresas.\",\"breadcrumb\":{\"@id\":\"https:\\\/\\\/www.apen.es\\\/multifuncion\\\/renting-multifuncion-konica-minolta\\\/renting-sabadell\\\/#breadcrumb\"},\"inLanguage\":\"ca\",\"potentialAction\":[{\"@type\":\"ReadAction\",\"target\":[\"https:\\\/\\\/www.apen.es\\\/multifuncion\\\/renting-multifuncion-konica-minolta\\\/renting-sabadell\\\/\"]}]},{\"@type\":\"BreadcrumbList\",\"@id\":\"https:\\\/\\\/www.apen.es\\\/multifuncion\\\/renting-multifuncion-konica-minolta\\\/renting-sabadell\\\/#breadcrumb\",\"itemListElement\":[{\"@type\":\"ListItem\",\"position\":1,\"name\":\"Portada\",\"item\":\"https:\\\/\\\/www.apen.es\\\/\"},{\"@type\":\"ListItem\",\"position\":2,\"name\":\"Multifunci\u00f3n\",\"item\":\"https:\\\/\\\/www.apen.es\\\/multifuncion\\\/\"},{\"@type\":\"ListItem\",\"position\":3,\"name\":\"Renting multifunci\u00f3n Konica Minolta\",\"item\":\"https:\\\/\\\/www.apen.es\\\/multifuncion\\\/renting-multifuncion-konica-minolta\\\/\"},{\"@type\":\"ListItem\",\"position\":4,\"name\":\"Renting multifunci\u00f3n KONICA Sabadell\"}]},{\"@type\":\"WebSite\",\"@id\":\"https:\\\/\\\/www.apen.es\\\/#website\",\"url\":\"https:\\\/\\\/www.apen.es\\\/\",\"name\":\"Apen Inform\u00e1tica\",\"description\":\"Mantenimiento Inform\u00e1tico , Software de Gesti\u00f3n, Soluciones de impresi\u00f3n\",\"publisher\":{\"@id\":\"https:\\\/\\\/www.apen.es\\\/#organization\"},\"potentialAction\":[{\"@type\":\"SearchAction\",\"target\":{\"@type\":\"EntryPoint\",\"urlTemplate\":\"https:\\\/\\\/www.apen.es\\\/?s={search_term_string}\"},\"query-input\":{\"@type\":\"PropertyValueSpecification\",\"valueRequired\":true,\"valueName\":\"search_term_string\"}}],\"inLanguage\":\"ca\"},{\"@type\":\"Organization\",\"@id\":\"https:\\\/\\\/www.apen.es\\\/#organization\",\"name\":\"Apen: Soluciones inform\u00e1ticas\",\"url\":\"https:\\\/\\\/www.apen.es\\\/\",\"logo\":{\"@type\":\"ImageObject\",\"inLanguage\":\"ca\",\"@id\":\"https:\\\/\\\/www.apen.es\\\/#\\\/schema\\\/logo\\\/image\\\/\",\"url\":\"https:\\\/\\\/www.apen.es\\\/wp-content\\\/uploads\\\/2022\\\/08\\\/logo-apenok-231x82-1.png\",\"contentUrl\":\"https:\\\/\\\/www.apen.es\\\/wp-content\\\/uploads\\\/2022\\\/08\\\/logo-apenok-231x82-1.png\",\"width\":231,\"height\":82,\"caption\":\"Apen: Soluciones inform\u00e1ticas\"},\"image\":{\"@id\":\"https:\\\/\\\/www.apen.es\\\/#\\\/schema\\\/logo\\\/image\\\/\"},\"sameAs\":[\"https:\\\/\\\/www.facebook.com\\\/apensolucions\",\"https:\\\/\\\/www.youtube.com\\\/user\\\/ApenCentreInformatic\",\"https:\\\/\\\/www.linkedin.com\\\/company\\\/1021771?trk=tyah&trkInfo=clickedVerticalcompanyclickedEntityId1021771idx2-1-2tarId1464195271196tasapenin\"]}]}<\/script>\n<!-- \/ Yoast SEO plugin. -->","yoast_head_json":{"title":"R\u00e8nting multifunci\u00f3 KONICA Sabadell - Apen Inform\u00e0tica","description":"Oferim el servei de Renting Multifunci\u00f3 de la marca Konica Minolta a Sabadell Solucions d&#039;impressi\u00f3, r\u00e8nting, lloguer i venda per a empreses.","robots":{"index":"index","follow":"follow","max-snippet":"max-snippet:-1","max-image-preview":"max-image-preview:large","max-video-preview":"max-video-preview:-1"},"canonical":"https:\/\/www.apen.es\/ca\/multifuncio\/renting-multifuncio-konica-minolta\/renting-sabadell\/","og_locale":"ca_ES","og_type":"article","og_title":"Renting multifunci\u00f3n KONICA Sabadell - Apen Inform\u00e1tica","og_description":"Ofrecemos el servicio de Renting Multifunci\u00f3n de la marca Konica Minolta en Sabadell Soluciones de impresi\u00f3n, renting, alquiler y venta para empresas.","og_url":"https:\/\/www.apen.es\/ca\/multifuncio\/renting-multifuncio-konica-minolta\/renting-sabadell\/","og_site_name":"Apen Inform\u00e1tica","article_publisher":"https:\/\/www.facebook.com\/apensolucions","article_modified_time":"2025-05-23T08:28:00+00:00","og_image":[{"width":231,"height":82,"url":"https:\/\/www.apen.es\/wp-content\/uploads\/2016\/05\/logo-apen-231x82-trasparent.png","type":"image\/png"}],"twitter_card":"summary_large_image","twitter_misc":{"Temps estimat de lectura":"8 minuts"},"schema":{"@context":"https:\/\/schema.org","@graph":[{"@type":"WebPage","@id":"https:\/\/www.apen.es\/multifuncion\/renting-multifuncion-konica-minolta\/renting-sabadell\/","url":"https:\/\/www.apen.es\/multifuncion\/renting-multifuncion-konica-minolta\/renting-sabadell\/","name":"R\u00e8nting multifunci\u00f3 KONICA Sabadell - Apen Inform\u00e0tica","isPartOf":{"@id":"https:\/\/www.apen.es\/#website"},"datePublished":"2018-12-18T16:41:14+00:00","dateModified":"2025-05-23T08:28:00+00:00","description":"Oferim el servei de Renting Multifunci\u00f3 de la marca Konica Minolta a Sabadell Solucions d&#039;impressi\u00f3, r\u00e8nting, lloguer i venda per a empreses.","breadcrumb":{"@id":"https:\/\/www.apen.es\/multifuncion\/renting-multifuncion-konica-minolta\/renting-sabadell\/#breadcrumb"},"inLanguage":"ca","potentialAction":[{"@type":"ReadAction","target":["https:\/\/www.apen.es\/multifuncion\/renting-multifuncion-konica-minolta\/renting-sabadell\/"]}]},{"@type":"BreadcrumbList","@id":"https:\/\/www.apen.es\/multifuncion\/renting-multifuncion-konica-minolta\/renting-sabadell\/#breadcrumb","itemListElement":[{"@type":"ListItem","position":1,"name":"Portada","item":"https:\/\/www.apen.es\/"},{"@type":"ListItem","position":2,"name":"Multifunci\u00f3n","item":"https:\/\/www.apen.es\/multifuncion\/"},{"@type":"ListItem","position":3,"name":"Renting multifunci\u00f3n Konica Minolta","item":"https:\/\/www.apen.es\/multifuncion\/renting-multifuncion-konica-minolta\/"},{"@type":"ListItem","position":4,"name":"Renting multifunci\u00f3n KONICA Sabadell"}]},{"@type":"WebSite","@id":"https:\/\/www.apen.es\/#website","url":"https:\/\/www.apen.es\/","name":"Apen Inform\u00e0tica","description":"Manteniment inform\u00e0tic , programari de gesti\u00f3, solucions d&#039;impressi\u00f3","publisher":{"@id":"https:\/\/www.apen.es\/#organization"},"potentialAction":[{"@type":"SearchAction","target":{"@type":"EntryPoint","urlTemplate":"https:\/\/www.apen.es\/?s={search_term_string}"},"query-input":{"@type":"PropertyValueSpecification","valueRequired":true,"valueName":"search_term_string"}}],"inLanguage":"ca"},{"@type":"Organization","@id":"https:\/\/www.apen.es\/#organization","name":"Apen: Solucions inform\u00e0tiques","url":"https:\/\/www.apen.es\/","logo":{"@type":"ImageObject","inLanguage":"ca","@id":"https:\/\/www.apen.es\/#\/schema\/logo\/image\/","url":"https:\/\/www.apen.es\/wp-content\/uploads\/2022\/08\/logo-apenok-231x82-1.png","contentUrl":"https:\/\/www.apen.es\/wp-content\/uploads\/2022\/08\/logo-apenok-231x82-1.png","width":231,"height":82,"caption":"Apen: Soluciones inform\u00e1ticas"},"image":{"@id":"https:\/\/www.apen.es\/#\/schema\/logo\/image\/"},"sameAs":["https:\/\/www.facebook.com\/apensolucions","https:\/\/www.youtube.com\/user\/ApenCentreInformatic","https:\/\/www.linkedin.com\/company\/1021771?trk=tyah&trkInfo=clickedVerticalcompanyclickedEntityId1021771idx2-1-2tarId1464195271196tasapenin"]}]}},"taxonomy_info":[],"featured_image_src_large":false,"author_info":{"display_name":"marqueting","author_link":"https:\/\/www.apen.es\/ca\/blog\/author\/marqueting\/"},"comment_info":0,"_links":{"self":[{"href":"https:\/\/www.apen.es\/ca\/wp-json\/wp\/v2\/pages\/12461","targetHints":{"allow":["GET"]}}],"collection":[{"href":"https:\/\/www.apen.es\/ca\/wp-json\/wp\/v2\/pages"}],"about":[{"href":"https:\/\/www.apen.es\/ca\/wp-json\/wp\/v2\/types\/page"}],"author":[{"embeddable":true,"href":"https:\/\/www.apen.es\/ca\/wp-json\/wp\/v2\/users\/4"}],"replies":[{"embeddable":true,"href":"https:\/\/www.apen.es\/ca\/wp-json\/wp\/v2\/comments?post=12461"}],"version-history":[{"count":3,"href":"https:\/\/www.apen.es\/ca\/wp-json\/wp\/v2\/pages\/12461\/revisions"}],"predecessor-version":[{"id":54917,"href":"https:\/\/www.apen.es\/ca\/wp-json\/wp\/v2\/pages\/12461\/revisions\/54917"}],"up":[{"embeddable":true,"href":"https:\/\/www.apen.es\/ca\/wp-json\/wp\/v2\/pages\/12391"}],"wp:attachment":[{"href":"https:\/\/www.apen.es\/ca\/wp-json\/wp\/v2\/media?parent=12461"}],"curies":[{"name":"wp","href":"https:\/\/api.w.org\/{rel}","templated":true}]}}