{"id":12391,"date":"2018-11-29T15:45:17","date_gmt":"2018-11-29T15:45:17","guid":{"rendered":"https:\/\/www.apen.es\/?page_id=12391"},"modified":"2025-05-23T08:09:46","modified_gmt":"2025-05-23T08:09:46","slug":"renting-multifuncio-konica-minolta","status":"publish","type":"page","link":"https:\/\/www.apen.es\/ca\/multifuncion\/renting-multifuncion-konica-minolta\/","title":{"rendered":"R\u00e8nting multifunci\u00f3 Konica Minolta"},"content":{"rendered":"<p>L&#039;empresa Konica \u00e9s una de les m\u00e9s importants al sector de la impressi\u00f3 i les noves tecnologies, ja que disposa d&#039;una \u00e0mplia experi\u00e8ncia i est\u00e0 cont\u00ednuament innovant per tal d&#039;oferir els millors productes a tots i cadascun dels seus clients, igual que a la nostra empresa Apen on volem disposar de tots els seus productes i oferir-los a totes aquelles empreses que els necessitin. Per aix\u00f2, al nostre cat\u00e0leg disposem d&#039;una gran oferta com ara el&nbsp;<strong>r\u00e8nting<\/strong>&nbsp;<strong>multifunci\u00f3 Konica<\/strong>, endinsi molts altres dispositius similars i de marques igual d&#039;importants, com per exemple HP, OKI o Kyocera.<\/p>\n\n\n\n<p>El servei de&nbsp;<strong>r\u00e8nting<\/strong>&nbsp;<strong>multifunci\u00f3 Konica<\/strong>, per als qui no el conegueu, heu de saber que \u00e9s un servei de llocs d&#039;un equip multifunci\u00f3, \u00e9s a dir un aparell electr\u00f2nic que agrupa diferents dispositius en un de sol, amb tots els beneficis que aix\u00f2 comporta, com ara el gran estalvi d&#039;espai que es produeix a la vostra empresa.<\/p>\n\n\n\n<p>Un altre dels grans beneficis del&nbsp;<strong>r\u00e8nting multifunci\u00f3 Konica<\/strong>, \u00e9s l&#039;estalvi econ\u00f2mic, ja que nom\u00e9s caldr\u00e0 un aparell per poder realitzar una gran quantitat de funcions, a m\u00e9s no caldr\u00e0 que compreu l&#039;equip i feu una gran inversi\u00f3, sin\u00f3 que nom\u00e9s haureu de pagar mensualment pel servei durant un temps establert.<\/p>\n\n\n\n<p>Perqu\u00e8 els nostres clients se sentin satisfets, a Apen ens comprometem a ajudar-los ia oferir-los tot l&#039;assessorament que necessitin, oferint un servei totalment integral, \u00e9s a dir que ens encarreguem de fer un estudi previ de les vostres necessitats, oferir-vos el producte que m\u00e9s s&#039;adapti a vosaltres i, finalment, fent-ne un seguiment sempre que ho necessiteu.<\/p>\n\n\n\n<p>D&#039;aquesta manera, aconseguirem que cada empresa disposi dels dispositius i aparells d&#039;impressi\u00f3 que realment s&#039;adaptin a les vostres necessitats ia les vostres prefer\u00e8ncies, ajudant aix\u00ed, que els vostres resultats siguin immillorables. Aquest tipus de detalls poden marcar la difer\u00e8ncia i, amb les millors impressions, tots els nostres clients poden aconseguir que el seu negoci creixi i arribi molt m\u00e9s alt del que mai s&#039;hauria imaginat. L&#039;oferta de&nbsp;<strong>r\u00e8nting multifunci\u00f3 Konica<\/strong>, pret\u00e9n assolir aquests objectius i ser la marca id\u00f2nia per a tot tipus d&#039;empreses.<\/p>\n\n\n\n<p>Si voleu saber m\u00e9s sobre la nostra empresa, sobre el&nbsp;<strong>r\u00e8nting multifunci\u00f3 Konica<\/strong>&nbsp;o sobre qualsevol dels nostres serveis, no dubteu a posar-vos en contacte amb nosaltres, ja que, estarem encantats de poder-vos atendre i de resoldre qualsevol dubte o consulta que pugueu tenir. A m\u00e9s, us assessorarem i oferirem tota la informaci\u00f3 que requereixi sense cap mena de comprom\u00eds i garantint els millors resultats. Aix\u00ed que, si voleu con\u00e8ixer algun dels nostres productes, nosaltres us podem ajudar, us ensenyarem com treure-li el m\u00e0xim rendiment i, d&#039;aquesta manera, millorar l&#039;efectivitat i moltes tasques de la vostra empresa.<\/p>","protected":false},"excerpt":{"rendered":"<p>La empresa Konica es una de las m\u00e1s importantes en el sector de la impresi\u00f3n y las nuevas tecnolog\u00edas, ya que dispone de una amplia experiencia y est\u00e1 continuamente innovando con tal de ofrecer los mejores productos a todos y cada uno de sus clientes, al igual que en nuestra empresa Apen en la cual&#8230;<\/p>","protected":false},"author":4,"featured_media":0,"parent":12347,"menu_order":0,"comment_status":"closed","ping_status":"closed","template":"page-renting-impresoras.php","meta":{"_acf_changed":false,"_kad_blocks_custom_css":"","_kad_blocks_head_custom_js":"","_kad_blocks_body_custom_js":"","_kad_blocks_footer_custom_js":"","_kad_post_transparent":"","_kad_post_title":"","_kad_post_layout":"","_kad_post_sidebar_id":"","_kad_post_content_style":"","_kad_post_vertical_padding":"","_kad_post_feature":"","_kad_post_feature_position":"","_kad_post_header":false,"_kad_post_footer":false,"_kad_post_classname":"","footnotes":""},"class_list":["post-12391","page","type-page","status-publish","hentry"],"acf":[],"yoast_head":"<!-- This site is optimized with the Yoast SEO plugin v27.4 - https:\/\/yoast.com\/product\/yoast-seo-wordpress\/ -->\n<title>Renting multifunci\u00f3n Konica Minolta - Apen Inform\u00e1tica<\/title>\n<meta name=\"description\" content=\"Ofrecemos el servicio de Renting Multifunci\u00f3n de la marca Konica Minolta en Catalunya. Soluciones de impresi\u00f3n, renting, alquiler y venta para empresas\" \/>\n<meta name=\"robots\" content=\"index, follow, max-snippet:-1, max-image-preview:large, max-video-preview:-1\" \/>\n<link rel=\"canonical\" href=\"https:\/\/www.apen.es\/ca\/multifuncio\/renting-multifuncio-konica-minolta\/\" \/>\n<meta property=\"og:locale\" content=\"ca_ES\" \/>\n<meta property=\"og:type\" content=\"article\" \/>\n<meta property=\"og:title\" content=\"Renting multifunci\u00f3n Konica Minolta - Apen Inform\u00e1tica\" \/>\n<meta property=\"og:description\" content=\"Ofrecemos el servicio de Renting Multifunci\u00f3n de la marca Konica Minolta en Catalunya. Soluciones de impresi\u00f3n, renting, alquiler y venta para empresas\" \/>\n<meta property=\"og:url\" content=\"https:\/\/www.apen.es\/ca\/multifuncio\/renting-multifuncio-konica-minolta\/\" \/>\n<meta property=\"og:site_name\" content=\"Apen Inform\u00e1tica\" \/>\n<meta property=\"article:publisher\" content=\"https:\/\/www.facebook.com\/apensolucions\" \/>\n<meta property=\"article:modified_time\" content=\"2025-05-23T08:09:46+00:00\" \/>\n<meta property=\"og:image\" content=\"https:\/\/www.apen.es\/wp-content\/uploads\/2016\/05\/logo-apen-231x82-trasparent.png\" \/>\n\t<meta property=\"og:image:width\" content=\"231\" \/>\n\t<meta property=\"og:image:height\" content=\"82\" \/>\n\t<meta property=\"og:image:type\" content=\"image\/png\" \/>\n<meta name=\"twitter:card\" content=\"summary_large_image\" \/>\n<meta name=\"twitter:label1\" content=\"Temps estimat de lectura\" \/>\n\t<meta name=\"twitter:data1\" content=\"8 minuts\" \/>\n<script type=\"application\/ld+json\" class=\"yoast-schema-graph\">{\"@context\":\"https:\\\/\\\/schema.org\",\"@graph\":[{\"@type\":\"WebPage\",\"@id\":\"https:\\\/\\\/www.apen.es\\\/multifuncion\\\/renting-multifuncion-konica-minolta\\\/\",\"url\":\"https:\\\/\\\/www.apen.es\\\/multifuncion\\\/renting-multifuncion-konica-minolta\\\/\",\"name\":\"Renting multifunci\u00f3n Konica Minolta - Apen Inform\u00e1tica\",\"isPartOf\":{\"@id\":\"https:\\\/\\\/www.apen.es\\\/#website\"},\"datePublished\":\"2018-11-29T15:45:17+00:00\",\"dateModified\":\"2025-05-23T08:09:46+00:00\",\"description\":\"Ofrecemos el servicio de Renting Multifunci\u00f3n de la marca Konica Minolta en Catalunya. Soluciones de impresi\u00f3n, renting, alquiler y venta para empresas\",\"breadcrumb\":{\"@id\":\"https:\\\/\\\/www.apen.es\\\/multifuncion\\\/renting-multifuncion-konica-minolta\\\/#breadcrumb\"},\"inLanguage\":\"ca\",\"potentialAction\":[{\"@type\":\"ReadAction\",\"target\":[\"https:\\\/\\\/www.apen.es\\\/multifuncion\\\/renting-multifuncion-konica-minolta\\\/\"]}]},{\"@type\":\"BreadcrumbList\",\"@id\":\"https:\\\/\\\/www.apen.es\\\/multifuncion\\\/renting-multifuncion-konica-minolta\\\/#breadcrumb\",\"itemListElement\":[{\"@type\":\"ListItem\",\"position\":1,\"name\":\"Portada\",\"item\":\"https:\\\/\\\/www.apen.es\\\/\"},{\"@type\":\"ListItem\",\"position\":2,\"name\":\"Multifunci\u00f3n\",\"item\":\"https:\\\/\\\/www.apen.es\\\/multifuncion\\\/\"},{\"@type\":\"ListItem\",\"position\":3,\"name\":\"Renting multifunci\u00f3n Konica Minolta\"}]},{\"@type\":\"WebSite\",\"@id\":\"https:\\\/\\\/www.apen.es\\\/#website\",\"url\":\"https:\\\/\\\/www.apen.es\\\/\",\"name\":\"Apen Inform\u00e1tica\",\"description\":\"Mantenimiento Inform\u00e1tico , Software de Gesti\u00f3n, Soluciones de impresi\u00f3n\",\"publisher\":{\"@id\":\"https:\\\/\\\/www.apen.es\\\/#organization\"},\"potentialAction\":[{\"@type\":\"SearchAction\",\"target\":{\"@type\":\"EntryPoint\",\"urlTemplate\":\"https:\\\/\\\/www.apen.es\\\/?s={search_term_string}\"},\"query-input\":{\"@type\":\"PropertyValueSpecification\",\"valueRequired\":true,\"valueName\":\"search_term_string\"}}],\"inLanguage\":\"ca\"},{\"@type\":\"Organization\",\"@id\":\"https:\\\/\\\/www.apen.es\\\/#organization\",\"name\":\"Apen: Soluciones inform\u00e1ticas\",\"url\":\"https:\\\/\\\/www.apen.es\\\/\",\"logo\":{\"@type\":\"ImageObject\",\"inLanguage\":\"ca\",\"@id\":\"https:\\\/\\\/www.apen.es\\\/#\\\/schema\\\/logo\\\/image\\\/\",\"url\":\"https:\\\/\\\/www.apen.es\\\/wp-content\\\/uploads\\\/2022\\\/08\\\/logo-apenok-231x82-1.png\",\"contentUrl\":\"https:\\\/\\\/www.apen.es\\\/wp-content\\\/uploads\\\/2022\\\/08\\\/logo-apenok-231x82-1.png\",\"width\":231,\"height\":82,\"caption\":\"Apen: Soluciones inform\u00e1ticas\"},\"image\":{\"@id\":\"https:\\\/\\\/www.apen.es\\\/#\\\/schema\\\/logo\\\/image\\\/\"},\"sameAs\":[\"https:\\\/\\\/www.facebook.com\\\/apensolucions\",\"https:\\\/\\\/www.youtube.com\\\/user\\\/ApenCentreInformatic\",\"https:\\\/\\\/www.linkedin.com\\\/company\\\/1021771?trk=tyah&trkInfo=clickedVerticalcompanyclickedEntityId1021771idx2-1-2tarId1464195271196tasapenin\"]}]}<\/script>\n<!-- \/ Yoast SEO plugin. -->","yoast_head_json":{"title":"R\u00e8nting multifunci\u00f3 Konica Minolta - Apen Inform\u00e0tica","description":"Oferim el servei de Renting Multifunci\u00f3 de la marca Konica Minolta a Catalunya. Solucions d&#039;impressi\u00f3, r\u00e8nting, lloguer i venda per a empreses","robots":{"index":"index","follow":"follow","max-snippet":"max-snippet:-1","max-image-preview":"max-image-preview:large","max-video-preview":"max-video-preview:-1"},"canonical":"https:\/\/www.apen.es\/ca\/multifuncio\/renting-multifuncio-konica-minolta\/","og_locale":"ca_ES","og_type":"article","og_title":"Renting multifunci\u00f3n Konica Minolta - Apen Inform\u00e1tica","og_description":"Ofrecemos el servicio de Renting Multifunci\u00f3n de la marca Konica Minolta en Catalunya. Soluciones de impresi\u00f3n, renting, alquiler y venta para empresas","og_url":"https:\/\/www.apen.es\/ca\/multifuncio\/renting-multifuncio-konica-minolta\/","og_site_name":"Apen Inform\u00e1tica","article_publisher":"https:\/\/www.facebook.com\/apensolucions","article_modified_time":"2025-05-23T08:09:46+00:00","og_image":[{"width":231,"height":82,"url":"https:\/\/www.apen.es\/wp-content\/uploads\/2016\/05\/logo-apen-231x82-trasparent.png","type":"image\/png"}],"twitter_card":"summary_large_image","twitter_misc":{"Temps estimat de lectura":"8 minuts"},"schema":{"@context":"https:\/\/schema.org","@graph":[{"@type":"WebPage","@id":"https:\/\/www.apen.es\/multifuncion\/renting-multifuncion-konica-minolta\/","url":"https:\/\/www.apen.es\/multifuncion\/renting-multifuncion-konica-minolta\/","name":"R\u00e8nting multifunci\u00f3 Konica Minolta - Apen Inform\u00e0tica","isPartOf":{"@id":"https:\/\/www.apen.es\/#website"},"datePublished":"2018-11-29T15:45:17+00:00","dateModified":"2025-05-23T08:09:46+00:00","description":"Oferim el servei de Renting Multifunci\u00f3 de la marca Konica Minolta a Catalunya. Solucions d&#039;impressi\u00f3, r\u00e8nting, lloguer i venda per a empreses","breadcrumb":{"@id":"https:\/\/www.apen.es\/multifuncion\/renting-multifuncion-konica-minolta\/#breadcrumb"},"inLanguage":"ca","potentialAction":[{"@type":"ReadAction","target":["https:\/\/www.apen.es\/multifuncion\/renting-multifuncion-konica-minolta\/"]}]},{"@type":"BreadcrumbList","@id":"https:\/\/www.apen.es\/multifuncion\/renting-multifuncion-konica-minolta\/#breadcrumb","itemListElement":[{"@type":"ListItem","position":1,"name":"Portada","item":"https:\/\/www.apen.es\/"},{"@type":"ListItem","position":2,"name":"Multifunci\u00f3n","item":"https:\/\/www.apen.es\/multifuncion\/"},{"@type":"ListItem","position":3,"name":"Renting multifunci\u00f3n Konica Minolta"}]},{"@type":"WebSite","@id":"https:\/\/www.apen.es\/#website","url":"https:\/\/www.apen.es\/","name":"Apen Inform\u00e0tica","description":"Manteniment inform\u00e0tic , programari de gesti\u00f3, solucions d&#039;impressi\u00f3","publisher":{"@id":"https:\/\/www.apen.es\/#organization"},"potentialAction":[{"@type":"SearchAction","target":{"@type":"EntryPoint","urlTemplate":"https:\/\/www.apen.es\/?s={search_term_string}"},"query-input":{"@type":"PropertyValueSpecification","valueRequired":true,"valueName":"search_term_string"}}],"inLanguage":"ca"},{"@type":"Organization","@id":"https:\/\/www.apen.es\/#organization","name":"Apen: Solucions inform\u00e0tiques","url":"https:\/\/www.apen.es\/","logo":{"@type":"ImageObject","inLanguage":"ca","@id":"https:\/\/www.apen.es\/#\/schema\/logo\/image\/","url":"https:\/\/www.apen.es\/wp-content\/uploads\/2022\/08\/logo-apenok-231x82-1.png","contentUrl":"https:\/\/www.apen.es\/wp-content\/uploads\/2022\/08\/logo-apenok-231x82-1.png","width":231,"height":82,"caption":"Apen: Soluciones inform\u00e1ticas"},"image":{"@id":"https:\/\/www.apen.es\/#\/schema\/logo\/image\/"},"sameAs":["https:\/\/www.facebook.com\/apensolucions","https:\/\/www.youtube.com\/user\/ApenCentreInformatic","https:\/\/www.linkedin.com\/company\/1021771?trk=tyah&trkInfo=clickedVerticalcompanyclickedEntityId1021771idx2-1-2tarId1464195271196tasapenin"]}]}},"taxonomy_info":[],"featured_image_src_large":false,"author_info":{"display_name":"marqueting","author_link":"https:\/\/www.apen.es\/ca\/blog\/author\/marqueting\/"},"comment_info":0,"_links":{"self":[{"href":"https:\/\/www.apen.es\/ca\/wp-json\/wp\/v2\/pages\/12391","targetHints":{"allow":["GET"]}}],"collection":[{"href":"https:\/\/www.apen.es\/ca\/wp-json\/wp\/v2\/pages"}],"about":[{"href":"https:\/\/www.apen.es\/ca\/wp-json\/wp\/v2\/types\/page"}],"author":[{"embeddable":true,"href":"https:\/\/www.apen.es\/ca\/wp-json\/wp\/v2\/users\/4"}],"replies":[{"embeddable":true,"href":"https:\/\/www.apen.es\/ca\/wp-json\/wp\/v2\/comments?post=12391"}],"version-history":[{"count":4,"href":"https:\/\/www.apen.es\/ca\/wp-json\/wp\/v2\/pages\/12391\/revisions"}],"predecessor-version":[{"id":54814,"href":"https:\/\/www.apen.es\/ca\/wp-json\/wp\/v2\/pages\/12391\/revisions\/54814"}],"up":[{"embeddable":true,"href":"https:\/\/www.apen.es\/ca\/wp-json\/wp\/v2\/pages\/12347"}],"wp:attachment":[{"href":"https:\/\/www.apen.es\/ca\/wp-json\/wp\/v2\/media?parent=12391"}],"curies":[{"name":"wp","href":"https:\/\/api.w.org\/{rel}","templated":true}]}}