{"id":12369,"date":"2018-11-19T14:36:12","date_gmt":"2018-11-19T14:36:12","guid":{"rendered":"https:\/\/www.apen.es\/?page_id=12369"},"modified":"2025-05-23T08:24:42","modified_gmt":"2025-05-23T08:24:42","slug":"renting-vic","status":"publish","type":"page","link":"https:\/\/www.apen.es\/ca\/fotocopiadora\/renting-fotocopiadora-oki\/renting-vic\/","title":{"rendered":"R\u00e8nting fotocopiadora Oki Vic"},"content":{"rendered":"<p>L&#039;empresa OKI \u00e9s una companyia molt gran i coneguda a nivell europeu, que s&#039;encarrega de fabricar productes tecnol\u00f2gics adre\u00e7ats a clients comercials ia empreses que estan a la recerca d&#039;un producte innovador i de qualitat per a les seves empreses, ja que a la nova societat en qu\u00e8 vivim, \u00e9s molt important que totes les empreses independentment del sector al qual es dediquin, s&#039;adaptin a les necessitats del mercat actual, les quals s\u00f3n cada vegada m\u00e9s complicat, per\u00f2 una bona opci\u00f3 \u00e9s comptar amb equips tecnol\u00f2gics de darrera generaci\u00f3 i de gran qualitat com els d&#039;aquesta empresa.<\/p>\n\n\n\n<p>A Apen, posem a la vostra disposici\u00f3 equips d&#039;alta qualitat, com ara&nbsp;<strong>r\u00e8nting de fotocopiadores OKI a Vic<\/strong>, per tal d&#039;oferir a les empreses el que necessiten i el que estan buscant, per\u00f2 des de la nostra empresa, sabem que moltes vegades fer-se c\u00e0rrec d&#039;una despesa tan gran com \u00e9s la compra d&#039;un dels aparells tecnol\u00f2gics d&#039;OKI o de qualsevol de les marques amb qu\u00e8 treballem pot ser pr\u00e0cticament impossible, ja que sempre oferim productes de qualitat, de la m\u00e0 de les millors empreses mundials.<\/p>\n\n\n\n<p>A m\u00e9s, avui dia tot avan\u00e7a molt r\u00e0pid, especialment el m\u00f3n tecnol\u00f2gic, per la qual cosa gastar-se diners en un aparell com per exemple una fotocopiadora, perqu\u00e8 en quatre o cinc anys s&#039;hagi quedat antiquada \u00e9s una despesa que podem evitar, per aix\u00f2 per a les empreses que no vulguin rebutjar els serveis i els productes de gran qualitat a un preu raonable, a Apen, oferim&nbsp;<strong>r\u00e8nting de<\/strong>&nbsp;<strong>fotocopiadores<\/strong>&nbsp;<strong>Oki a Vic<\/strong>, que consisteix que les empreses poden llogar una de les fotocopiadores d&#039;ultima generaci\u00f3 que tenim disponibles a la nostra empresa, a canvi d&#039;anar pagant una quota mensual, aix\u00ed que vulgueu canviar de fotocopiadora, podreu fer-ho lliurement.<\/p>\n\n\n\n<p>D&#039;altra banda, un altre gran punt a destacar sobre el servei de&nbsp;<strong>r\u00e8nting de fotocopiadores OKI a Vic<\/strong>, \u00e9s el manteniment, ja que des d&#039;Apen ens fem c\u00e0rrec de tota la responsabilitat que comporta aquest treball, sempre que sigui necessari per l&#039;\u00fas i no per algun accident, \u00e9s a dir, que nosaltres ens ocuparem de fer el canvi de totes les peces necess\u00e0ries, aix\u00ed com de carregar amb les despeses del servei t\u00e8cnic que es requereixi perqu\u00e8 el dispositiu torni a funcionar com m\u00e9s aviat millor en cas d&#039;haver patit alguna.<\/p>\n\n\n\n<p>Si voleu saber m\u00e9s sobre el&nbsp;<strong>r\u00e8nting de fotocopiadores OKI a Vic<\/strong>, o sobre qualsevol dels serveis i els productes que oferim a la nostra empresa, no dubteu a posar-vos en contacte amb nosaltres.<\/p>","protected":false},"excerpt":{"rendered":"<p>La empresa OKI es una compa\u00f1\u00eda muy grande y conocida a nivel europeo, que se encarga de fabricar productos tecnol\u00f3gicos dirigidos a clientes comerciales y a empresas que est\u00e1n en busca de un producto innovador y de calidad para sus empresas, ya que en la nueva sociedad en la que vivimos, es muy importante que&#8230;<\/p>","protected":false},"author":4,"featured_media":0,"parent":12253,"menu_order":0,"comment_status":"closed","ping_status":"closed","template":"page-renting-impresoras.php","meta":{"_acf_changed":false,"_kad_blocks_custom_css":"","_kad_blocks_head_custom_js":"","_kad_blocks_body_custom_js":"","_kad_blocks_footer_custom_js":"","_kad_post_transparent":"","_kad_post_title":"","_kad_post_layout":"","_kad_post_sidebar_id":"","_kad_post_content_style":"","_kad_post_vertical_padding":"","_kad_post_feature":"","_kad_post_feature_position":"","_kad_post_header":false,"_kad_post_footer":false,"_kad_post_classname":"","footnotes":""},"class_list":["post-12369","page","type-page","status-publish","hentry"],"acf":[],"yoast_head":"<!-- This site is optimized with the Yoast SEO plugin v27.4 - https:\/\/yoast.com\/product\/yoast-seo-wordpress\/ -->\n<title>Renting fotocopiadora Oki Vic - Apen Inform\u00e1tica<\/title>\n<meta name=\"description\" content=\"Alquiler y Renting de focopiadoras de la marca OKI en Vic para peque\u00f1as y medianas empresas. Soluciones de impresi\u00f3n para PYMES. Conf\u00eda en Apen.\" \/>\n<meta name=\"robots\" content=\"index, follow, max-snippet:-1, max-image-preview:large, max-video-preview:-1\" \/>\n<link rel=\"canonical\" href=\"https:\/\/www.apen.es\/ca\/fotocopiadora\/renting-fotocopiadora-oki\/renting-vic\/\" \/>\n<meta property=\"og:locale\" content=\"ca_ES\" \/>\n<meta property=\"og:type\" content=\"article\" \/>\n<meta property=\"og:title\" content=\"Renting fotocopiadora Oki Vic - Apen Inform\u00e1tica\" \/>\n<meta property=\"og:description\" content=\"Alquiler y Renting de focopiadoras de la marca OKI en Vic para peque\u00f1as y medianas empresas. Soluciones de impresi\u00f3n para PYMES. Conf\u00eda en Apen.\" \/>\n<meta property=\"og:url\" content=\"https:\/\/www.apen.es\/ca\/fotocopiadora\/renting-fotocopiadora-oki\/renting-vic\/\" \/>\n<meta property=\"og:site_name\" content=\"Apen Inform\u00e1tica\" \/>\n<meta property=\"article:publisher\" content=\"https:\/\/www.facebook.com\/apensolucions\" \/>\n<meta property=\"article:modified_time\" content=\"2025-05-23T08:24:42+00:00\" \/>\n<meta property=\"og:image\" content=\"https:\/\/www.apen.es\/wp-content\/uploads\/2016\/05\/logo-apen-231x82-trasparent.png\" \/>\n\t<meta property=\"og:image:width\" content=\"231\" \/>\n\t<meta property=\"og:image:height\" content=\"82\" \/>\n\t<meta property=\"og:image:type\" content=\"image\/png\" \/>\n<meta name=\"twitter:card\" content=\"summary_large_image\" \/>\n<meta name=\"twitter:label1\" content=\"Temps estimat de lectura\" \/>\n\t<meta name=\"twitter:data1\" content=\"8 minuts\" \/>\n<script type=\"application\/ld+json\" class=\"yoast-schema-graph\">{\"@context\":\"https:\\\/\\\/schema.org\",\"@graph\":[{\"@type\":\"WebPage\",\"@id\":\"https:\\\/\\\/www.apen.es\\\/fotocopiadora\\\/renting-fotocopiadora-oki\\\/renting-vic\\\/\",\"url\":\"https:\\\/\\\/www.apen.es\\\/fotocopiadora\\\/renting-fotocopiadora-oki\\\/renting-vic\\\/\",\"name\":\"Renting fotocopiadora Oki Vic - Apen Inform\u00e1tica\",\"isPartOf\":{\"@id\":\"https:\\\/\\\/www.apen.es\\\/#website\"},\"datePublished\":\"2018-11-19T14:36:12+00:00\",\"dateModified\":\"2025-05-23T08:24:42+00:00\",\"description\":\"Alquiler y Renting de focopiadoras de la marca OKI en Vic para peque\u00f1as y medianas empresas. Soluciones de impresi\u00f3n para PYMES. Conf\u00eda en Apen.\",\"breadcrumb\":{\"@id\":\"https:\\\/\\\/www.apen.es\\\/fotocopiadora\\\/renting-fotocopiadora-oki\\\/renting-vic\\\/#breadcrumb\"},\"inLanguage\":\"ca\",\"potentialAction\":[{\"@type\":\"ReadAction\",\"target\":[\"https:\\\/\\\/www.apen.es\\\/fotocopiadora\\\/renting-fotocopiadora-oki\\\/renting-vic\\\/\"]}]},{\"@type\":\"BreadcrumbList\",\"@id\":\"https:\\\/\\\/www.apen.es\\\/fotocopiadora\\\/renting-fotocopiadora-oki\\\/renting-vic\\\/#breadcrumb\",\"itemListElement\":[{\"@type\":\"ListItem\",\"position\":1,\"name\":\"Portada\",\"item\":\"https:\\\/\\\/www.apen.es\\\/\"},{\"@type\":\"ListItem\",\"position\":2,\"name\":\"Fotocopiadora\",\"item\":\"https:\\\/\\\/www.apen.es\\\/fotocopiadora\\\/\"},{\"@type\":\"ListItem\",\"position\":3,\"name\":\"Renting fotocopiadora OKI\",\"item\":\"https:\\\/\\\/www.apen.es\\\/fotocopiadora\\\/renting-fotocopiadora-oki\\\/\"},{\"@type\":\"ListItem\",\"position\":4,\"name\":\"Renting fotocopiadora Oki Vic\"}]},{\"@type\":\"WebSite\",\"@id\":\"https:\\\/\\\/www.apen.es\\\/#website\",\"url\":\"https:\\\/\\\/www.apen.es\\\/\",\"name\":\"Apen Inform\u00e1tica\",\"description\":\"Mantenimiento Inform\u00e1tico , Software de Gesti\u00f3n, Soluciones de impresi\u00f3n\",\"publisher\":{\"@id\":\"https:\\\/\\\/www.apen.es\\\/#organization\"},\"potentialAction\":[{\"@type\":\"SearchAction\",\"target\":{\"@type\":\"EntryPoint\",\"urlTemplate\":\"https:\\\/\\\/www.apen.es\\\/?s={search_term_string}\"},\"query-input\":{\"@type\":\"PropertyValueSpecification\",\"valueRequired\":true,\"valueName\":\"search_term_string\"}}],\"inLanguage\":\"ca\"},{\"@type\":\"Organization\",\"@id\":\"https:\\\/\\\/www.apen.es\\\/#organization\",\"name\":\"Apen: Soluciones inform\u00e1ticas\",\"url\":\"https:\\\/\\\/www.apen.es\\\/\",\"logo\":{\"@type\":\"ImageObject\",\"inLanguage\":\"ca\",\"@id\":\"https:\\\/\\\/www.apen.es\\\/#\\\/schema\\\/logo\\\/image\\\/\",\"url\":\"https:\\\/\\\/www.apen.es\\\/wp-content\\\/uploads\\\/2022\\\/08\\\/logo-apenok-231x82-1.png\",\"contentUrl\":\"https:\\\/\\\/www.apen.es\\\/wp-content\\\/uploads\\\/2022\\\/08\\\/logo-apenok-231x82-1.png\",\"width\":231,\"height\":82,\"caption\":\"Apen: Soluciones inform\u00e1ticas\"},\"image\":{\"@id\":\"https:\\\/\\\/www.apen.es\\\/#\\\/schema\\\/logo\\\/image\\\/\"},\"sameAs\":[\"https:\\\/\\\/www.facebook.com\\\/apensolucions\",\"https:\\\/\\\/www.youtube.com\\\/user\\\/ApenCentreInformatic\",\"https:\\\/\\\/www.linkedin.com\\\/company\\\/1021771?trk=tyah&trkInfo=clickedVerticalcompanyclickedEntityId1021771idx2-1-2tarId1464195271196tasapenin\"]}]}<\/script>\n<!-- \/ Yoast SEO plugin. -->","yoast_head_json":{"title":"Renting fotocopiadora Oki Vic - Apen Inform\u00e1tica","description":"Alquiler y Renting de focopiadoras de la marca OKI en Vic para peque\u00f1as y medianas empresas. Soluciones de impresi\u00f3n para PYMES. Conf\u00eda en Apen.","robots":{"index":"index","follow":"follow","max-snippet":"max-snippet:-1","max-image-preview":"max-image-preview:large","max-video-preview":"max-video-preview:-1"},"canonical":"https:\/\/www.apen.es\/ca\/fotocopiadora\/renting-fotocopiadora-oki\/renting-vic\/","og_locale":"ca_ES","og_type":"article","og_title":"Renting fotocopiadora Oki Vic - Apen Inform\u00e1tica","og_description":"Alquiler y Renting de focopiadoras de la marca OKI en Vic para peque\u00f1as y medianas empresas. Soluciones de impresi\u00f3n para PYMES. Conf\u00eda en Apen.","og_url":"https:\/\/www.apen.es\/ca\/fotocopiadora\/renting-fotocopiadora-oki\/renting-vic\/","og_site_name":"Apen Inform\u00e1tica","article_publisher":"https:\/\/www.facebook.com\/apensolucions","article_modified_time":"2025-05-23T08:24:42+00:00","og_image":[{"width":231,"height":82,"url":"https:\/\/www.apen.es\/wp-content\/uploads\/2016\/05\/logo-apen-231x82-trasparent.png","type":"image\/png"}],"twitter_card":"summary_large_image","twitter_misc":{"Temps estimat de lectura":"8 minuts"},"schema":{"@context":"https:\/\/schema.org","@graph":[{"@type":"WebPage","@id":"https:\/\/www.apen.es\/fotocopiadora\/renting-fotocopiadora-oki\/renting-vic\/","url":"https:\/\/www.apen.es\/fotocopiadora\/renting-fotocopiadora-oki\/renting-vic\/","name":"Renting fotocopiadora Oki Vic - Apen Inform\u00e1tica","isPartOf":{"@id":"https:\/\/www.apen.es\/#website"},"datePublished":"2018-11-19T14:36:12+00:00","dateModified":"2025-05-23T08:24:42+00:00","description":"Alquiler y Renting de focopiadoras de la marca OKI en Vic para peque\u00f1as y medianas empresas. Soluciones de impresi\u00f3n para PYMES. Conf\u00eda en Apen.","breadcrumb":{"@id":"https:\/\/www.apen.es\/fotocopiadora\/renting-fotocopiadora-oki\/renting-vic\/#breadcrumb"},"inLanguage":"ca","potentialAction":[{"@type":"ReadAction","target":["https:\/\/www.apen.es\/fotocopiadora\/renting-fotocopiadora-oki\/renting-vic\/"]}]},{"@type":"BreadcrumbList","@id":"https:\/\/www.apen.es\/fotocopiadora\/renting-fotocopiadora-oki\/renting-vic\/#breadcrumb","itemListElement":[{"@type":"ListItem","position":1,"name":"Portada","item":"https:\/\/www.apen.es\/"},{"@type":"ListItem","position":2,"name":"Fotocopiadora","item":"https:\/\/www.apen.es\/fotocopiadora\/"},{"@type":"ListItem","position":3,"name":"Renting fotocopiadora OKI","item":"https:\/\/www.apen.es\/fotocopiadora\/renting-fotocopiadora-oki\/"},{"@type":"ListItem","position":4,"name":"Renting fotocopiadora Oki Vic"}]},{"@type":"WebSite","@id":"https:\/\/www.apen.es\/#website","url":"https:\/\/www.apen.es\/","name":"Apen Inform\u00e0tica","description":"Manteniment inform\u00e0tic , programari de gesti\u00f3, solucions d&#039;impressi\u00f3","publisher":{"@id":"https:\/\/www.apen.es\/#organization"},"potentialAction":[{"@type":"SearchAction","target":{"@type":"EntryPoint","urlTemplate":"https:\/\/www.apen.es\/?s={search_term_string}"},"query-input":{"@type":"PropertyValueSpecification","valueRequired":true,"valueName":"search_term_string"}}],"inLanguage":"ca"},{"@type":"Organization","@id":"https:\/\/www.apen.es\/#organization","name":"Apen: Solucions inform\u00e0tiques","url":"https:\/\/www.apen.es\/","logo":{"@type":"ImageObject","inLanguage":"ca","@id":"https:\/\/www.apen.es\/#\/schema\/logo\/image\/","url":"https:\/\/www.apen.es\/wp-content\/uploads\/2022\/08\/logo-apenok-231x82-1.png","contentUrl":"https:\/\/www.apen.es\/wp-content\/uploads\/2022\/08\/logo-apenok-231x82-1.png","width":231,"height":82,"caption":"Apen: Soluciones inform\u00e1ticas"},"image":{"@id":"https:\/\/www.apen.es\/#\/schema\/logo\/image\/"},"sameAs":["https:\/\/www.facebook.com\/apensolucions","https:\/\/www.youtube.com\/user\/ApenCentreInformatic","https:\/\/www.linkedin.com\/company\/1021771?trk=tyah&trkInfo=clickedVerticalcompanyclickedEntityId1021771idx2-1-2tarId1464195271196tasapenin"]}]}},"taxonomy_info":[],"featured_image_src_large":false,"author_info":{"display_name":"marqueting","author_link":"https:\/\/www.apen.es\/ca\/blog\/author\/marqueting\/"},"comment_info":0,"_links":{"self":[{"href":"https:\/\/www.apen.es\/ca\/wp-json\/wp\/v2\/pages\/12369","targetHints":{"allow":["GET"]}}],"collection":[{"href":"https:\/\/www.apen.es\/ca\/wp-json\/wp\/v2\/pages"}],"about":[{"href":"https:\/\/www.apen.es\/ca\/wp-json\/wp\/v2\/types\/page"}],"author":[{"embeddable":true,"href":"https:\/\/www.apen.es\/ca\/wp-json\/wp\/v2\/users\/4"}],"replies":[{"embeddable":true,"href":"https:\/\/www.apen.es\/ca\/wp-json\/wp\/v2\/comments?post=12369"}],"version-history":[{"count":3,"href":"https:\/\/www.apen.es\/ca\/wp-json\/wp\/v2\/pages\/12369\/revisions"}],"predecessor-version":[{"id":54899,"href":"https:\/\/www.apen.es\/ca\/wp-json\/wp\/v2\/pages\/12369\/revisions\/54899"}],"up":[{"embeddable":true,"href":"https:\/\/www.apen.es\/ca\/wp-json\/wp\/v2\/pages\/12253"}],"wp:attachment":[{"href":"https:\/\/www.apen.es\/ca\/wp-json\/wp\/v2\/media?parent=12369"}],"curies":[{"name":"wp","href":"https:\/\/api.w.org\/{rel}","templated":true}]}}