{"id":12367,"date":"2018-11-19T14:33:27","date_gmt":"2018-11-19T14:33:27","guid":{"rendered":"https:\/\/www.apen.es\/?page_id=12367"},"modified":"2025-05-23T08:24:32","modified_gmt":"2025-05-23T08:24:32","slug":"renting-mollet","status":"publish","type":"page","link":"https:\/\/www.apen.es\/ca\/fotocopiadora\/renting-fotocopiadora-oki\/renting-mollet\/","title":{"rendered":"R\u00e8nting fotocopiadora Oki Mollet"},"content":{"rendered":"<p>El nostre cat\u00e0leg de productes \u00e9s molt ampli i ofereix les millors solucions per a totes aquelles empreses que les requereixin, per\u00f2 la veritat \u00e9s que no totes poden carregar les despeses que comporta un d&#039;aquests equips. Donant soluci\u00f3 a aquest problema, a Apen tenim un servei de&nbsp;<strong>r\u00e8nting de fotocopiadores Oki a Mollet<\/strong>. Totes aquelles empreses que fins ara no s&#039;han pogut permetre un dispositiu d&#039;aquest tipus amb les millors caracter\u00edstiques i equipat de la tecnologia m\u00e9s innovadora, ara ho podran fer gr\u00e0cies als nostres serveis. Independentment de la mida i els beneficis de l&#039;empresa, qualsevol pot rec\u00f3rrer als nostres serveis i disposar d&#039;un equip de m\u00e0xima qualitat.<\/p>\n\n\n\n<p>Gr\u00e0cies a aquest servei, moltes empreses han reempla\u00e7at els seus antics aparells per uns completament nous i amb prestacions inigualables. A m\u00e9s, amb la finalitat que tots els nostres clients puguin treure el m\u00e0xim profit als seus productes, ens encarregarem que coneguin cadascuna de les caracter\u00edstiques i les prestacions de l&#039;aparell. El nostre servei de&nbsp;<strong>r\u00e8nting<\/strong>&nbsp;<strong>de fotocopiadores Oki a<\/strong>&nbsp;<strong>Mollet<\/strong>&nbsp;est\u00e0 destinat a donar soluci\u00f3 a petites, mitjanes i grans empreses de qualsevol mena de sector. Cada cop s\u00f3n m\u00e9s els negocis que decideixen adquirir aquest tipus de serveis abans de comprar un producte ja que, els avantatges que comporta aquest tipus de serveis poden adaptar-se m\u00e9s al nivell econ\u00f2mic o necessitats de cada empresa.<\/p>\n\n\n\n<p>Una de les raons per les quals la majoria de negocis decideixen comptar amb aquest servei \u00e9s que, el manteniment, canvi de peces i m\u00e0 d&#039;obra, \u00e9s a c\u00e0rrec de la nostra empresa, sempre que sigui necessari pel seu \u00fas. D&#039;aquesta manera, el client nom\u00e9s ha de preocupar-se per pagar una quota mensual que haur\u00e0 estat establerta anteriorment per ambdues parts. Per a moltes empreses, disposar de despeses imprevistes \u00e9s gaireb\u00e9 impensable, en aquests casos, el nostre servei de&nbsp;<strong>r\u00e8nting de fotocopiadores Oki a Mollet<\/strong>&nbsp;\u00e9s idoni. Gr\u00e0cies a aix\u00f2 i al nostre tracte personalitzat, la demanda d&#039;aquest tipus de serveis continua pujant i de mica en mica, m\u00e9s empreses gaudeixen dels seus innombrables avantatges.<\/p>\n\n\n\n<p>Moltes empreses que fa anys que estan amb els mateixos equips, decideixen utilitzar els avantatges d&#039;aquest servei per renovar-los i poder gaudir d&#039;una gamma molt m\u00e9s alta i amb millors prestacions. El nostre servei de&nbsp;<strong>r\u00e8nting de fotocopiadores Oki a Mollet<\/strong>&nbsp;\u00e9s totalment personalitzat i molt complet. D&#039;aquesta manera, en el cas que vulgueu con\u00e8ixer quines s\u00f3n les seves caracter\u00edstiques i tot el que podeu oferir, no dubteu a posar-vos en contacte amb la nostra empresa, nosaltres estarem encantats d&#039;atendre-us i resoldre qualsevol dubte que pugueu tenir sense cap mena de comprom\u00eds previ. Si esteu pensant en renovar els vostres equips per uns de m\u00e0xima qualitat, poseu-vos en contacte amb el nostre equip de professionals.<\/p>","protected":false},"excerpt":{"rendered":"<p>Nuestro catalogo de productos es muy amplio y ofrece las mejores soluciones para todas aquellas empresas que las requieran, pero lo cierto es que no todas pueden cargar con los gastos que conlleva uno de estos equipos. Dando soluci\u00f3n a este problema, en Apen tenemos un servicio de&nbsp;renting de fotocopiadoras Oki en Mollet. Todas aquellas&#8230;<\/p>","protected":false},"author":4,"featured_media":0,"parent":12253,"menu_order":0,"comment_status":"closed","ping_status":"closed","template":"page-renting-impresoras.php","meta":{"_acf_changed":false,"_kad_blocks_custom_css":"","_kad_blocks_head_custom_js":"","_kad_blocks_body_custom_js":"","_kad_blocks_footer_custom_js":"","_kad_post_transparent":"","_kad_post_title":"","_kad_post_layout":"","_kad_post_sidebar_id":"","_kad_post_content_style":"","_kad_post_vertical_padding":"","_kad_post_feature":"","_kad_post_feature_position":"","_kad_post_header":false,"_kad_post_footer":false,"_kad_post_classname":"","footnotes":""},"class_list":["post-12367","page","type-page","status-publish","hentry"],"acf":[],"yoast_head":"<!-- This site is optimized with the Yoast SEO plugin v27.4 - https:\/\/yoast.com\/product\/yoast-seo-wordpress\/ -->\n<title>Renting fotocopiadora Oki Mollet - Apen Inform\u00e1tica<\/title>\n<meta name=\"description\" content=\"Alquiler y Renting de focopiadoras de la marca OKI en Molletpara peque\u00f1as y medianas empresas. Soluciones de impresi\u00f3n para PYMES.Conf\u00eda en Apen.\" \/>\n<meta name=\"robots\" content=\"index, follow, max-snippet:-1, max-image-preview:large, max-video-preview:-1\" \/>\n<link rel=\"canonical\" href=\"https:\/\/www.apen.es\/ca\/fotocopiadora\/renting-fotocopiadora-oki\/renting-mollet\/\" \/>\n<meta property=\"og:locale\" content=\"ca_ES\" \/>\n<meta property=\"og:type\" content=\"article\" \/>\n<meta property=\"og:title\" content=\"Renting fotocopiadora Oki Mollet - Apen Inform\u00e1tica\" \/>\n<meta property=\"og:description\" content=\"Alquiler y Renting de focopiadoras de la marca OKI en Molletpara peque\u00f1as y medianas empresas. Soluciones de impresi\u00f3n para PYMES.Conf\u00eda en Apen.\" \/>\n<meta property=\"og:url\" content=\"https:\/\/www.apen.es\/ca\/fotocopiadora\/renting-fotocopiadora-oki\/renting-mollet\/\" \/>\n<meta property=\"og:site_name\" content=\"Apen Inform\u00e1tica\" \/>\n<meta property=\"article:publisher\" content=\"https:\/\/www.facebook.com\/apensolucions\" \/>\n<meta property=\"article:modified_time\" content=\"2025-05-23T08:24:32+00:00\" \/>\n<meta property=\"og:image\" content=\"https:\/\/www.apen.es\/wp-content\/uploads\/2016\/05\/logo-apen-231x82-trasparent.png\" \/>\n\t<meta property=\"og:image:width\" content=\"231\" \/>\n\t<meta property=\"og:image:height\" content=\"82\" \/>\n\t<meta property=\"og:image:type\" content=\"image\/png\" \/>\n<meta name=\"twitter:card\" content=\"summary_large_image\" \/>\n<meta name=\"twitter:label1\" content=\"Temps estimat de lectura\" \/>\n\t<meta name=\"twitter:data1\" content=\"8 minuts\" \/>\n<script type=\"application\/ld+json\" class=\"yoast-schema-graph\">{\"@context\":\"https:\\\/\\\/schema.org\",\"@graph\":[{\"@type\":\"WebPage\",\"@id\":\"https:\\\/\\\/www.apen.es\\\/fotocopiadora\\\/renting-fotocopiadora-oki\\\/renting-mollet\\\/\",\"url\":\"https:\\\/\\\/www.apen.es\\\/fotocopiadora\\\/renting-fotocopiadora-oki\\\/renting-mollet\\\/\",\"name\":\"Renting fotocopiadora Oki Mollet - Apen Inform\u00e1tica\",\"isPartOf\":{\"@id\":\"https:\\\/\\\/www.apen.es\\\/#website\"},\"datePublished\":\"2018-11-19T14:33:27+00:00\",\"dateModified\":\"2025-05-23T08:24:32+00:00\",\"description\":\"Alquiler y Renting de focopiadoras de la marca OKI en Molletpara peque\u00f1as y medianas empresas. Soluciones de impresi\u00f3n para PYMES.Conf\u00eda en Apen.\",\"breadcrumb\":{\"@id\":\"https:\\\/\\\/www.apen.es\\\/fotocopiadora\\\/renting-fotocopiadora-oki\\\/renting-mollet\\\/#breadcrumb\"},\"inLanguage\":\"ca\",\"potentialAction\":[{\"@type\":\"ReadAction\",\"target\":[\"https:\\\/\\\/www.apen.es\\\/fotocopiadora\\\/renting-fotocopiadora-oki\\\/renting-mollet\\\/\"]}]},{\"@type\":\"BreadcrumbList\",\"@id\":\"https:\\\/\\\/www.apen.es\\\/fotocopiadora\\\/renting-fotocopiadora-oki\\\/renting-mollet\\\/#breadcrumb\",\"itemListElement\":[{\"@type\":\"ListItem\",\"position\":1,\"name\":\"Portada\",\"item\":\"https:\\\/\\\/www.apen.es\\\/\"},{\"@type\":\"ListItem\",\"position\":2,\"name\":\"Fotocopiadora\",\"item\":\"https:\\\/\\\/www.apen.es\\\/fotocopiadora\\\/\"},{\"@type\":\"ListItem\",\"position\":3,\"name\":\"Renting fotocopiadora OKI\",\"item\":\"https:\\\/\\\/www.apen.es\\\/fotocopiadora\\\/renting-fotocopiadora-oki\\\/\"},{\"@type\":\"ListItem\",\"position\":4,\"name\":\"Renting fotocopiadora Oki Mollet\"}]},{\"@type\":\"WebSite\",\"@id\":\"https:\\\/\\\/www.apen.es\\\/#website\",\"url\":\"https:\\\/\\\/www.apen.es\\\/\",\"name\":\"Apen Inform\u00e1tica\",\"description\":\"Mantenimiento Inform\u00e1tico , Software de Gesti\u00f3n, Soluciones de impresi\u00f3n\",\"publisher\":{\"@id\":\"https:\\\/\\\/www.apen.es\\\/#organization\"},\"potentialAction\":[{\"@type\":\"SearchAction\",\"target\":{\"@type\":\"EntryPoint\",\"urlTemplate\":\"https:\\\/\\\/www.apen.es\\\/?s={search_term_string}\"},\"query-input\":{\"@type\":\"PropertyValueSpecification\",\"valueRequired\":true,\"valueName\":\"search_term_string\"}}],\"inLanguage\":\"ca\"},{\"@type\":\"Organization\",\"@id\":\"https:\\\/\\\/www.apen.es\\\/#organization\",\"name\":\"Apen: Soluciones inform\u00e1ticas\",\"url\":\"https:\\\/\\\/www.apen.es\\\/\",\"logo\":{\"@type\":\"ImageObject\",\"inLanguage\":\"ca\",\"@id\":\"https:\\\/\\\/www.apen.es\\\/#\\\/schema\\\/logo\\\/image\\\/\",\"url\":\"https:\\\/\\\/www.apen.es\\\/wp-content\\\/uploads\\\/2022\\\/08\\\/logo-apenok-231x82-1.png\",\"contentUrl\":\"https:\\\/\\\/www.apen.es\\\/wp-content\\\/uploads\\\/2022\\\/08\\\/logo-apenok-231x82-1.png\",\"width\":231,\"height\":82,\"caption\":\"Apen: Soluciones inform\u00e1ticas\"},\"image\":{\"@id\":\"https:\\\/\\\/www.apen.es\\\/#\\\/schema\\\/logo\\\/image\\\/\"},\"sameAs\":[\"https:\\\/\\\/www.facebook.com\\\/apensolucions\",\"https:\\\/\\\/www.youtube.com\\\/user\\\/ApenCentreInformatic\",\"https:\\\/\\\/www.linkedin.com\\\/company\\\/1021771?trk=tyah&trkInfo=clickedVerticalcompanyclickedEntityId1021771idx2-1-2tarId1464195271196tasapenin\"]}]}<\/script>\n<!-- \/ Yoast SEO plugin. -->","yoast_head_json":{"title":"Renting fotocopiadora Oki Mollet - Apen Inform\u00e1tica","description":"Alquiler y Renting de focopiadoras de la marca OKI en Molletpara peque\u00f1as y medianas empresas. Soluciones de impresi\u00f3n para PYMES.Conf\u00eda en Apen.","robots":{"index":"index","follow":"follow","max-snippet":"max-snippet:-1","max-image-preview":"max-image-preview:large","max-video-preview":"max-video-preview:-1"},"canonical":"https:\/\/www.apen.es\/ca\/fotocopiadora\/renting-fotocopiadora-oki\/renting-mollet\/","og_locale":"ca_ES","og_type":"article","og_title":"Renting fotocopiadora Oki Mollet - Apen Inform\u00e1tica","og_description":"Alquiler y Renting de focopiadoras de la marca OKI en Molletpara peque\u00f1as y medianas empresas. Soluciones de impresi\u00f3n para PYMES.Conf\u00eda en Apen.","og_url":"https:\/\/www.apen.es\/ca\/fotocopiadora\/renting-fotocopiadora-oki\/renting-mollet\/","og_site_name":"Apen Inform\u00e1tica","article_publisher":"https:\/\/www.facebook.com\/apensolucions","article_modified_time":"2025-05-23T08:24:32+00:00","og_image":[{"width":231,"height":82,"url":"https:\/\/www.apen.es\/wp-content\/uploads\/2016\/05\/logo-apen-231x82-trasparent.png","type":"image\/png"}],"twitter_card":"summary_large_image","twitter_misc":{"Temps estimat de lectura":"8 minuts"},"schema":{"@context":"https:\/\/schema.org","@graph":[{"@type":"WebPage","@id":"https:\/\/www.apen.es\/fotocopiadora\/renting-fotocopiadora-oki\/renting-mollet\/","url":"https:\/\/www.apen.es\/fotocopiadora\/renting-fotocopiadora-oki\/renting-mollet\/","name":"Renting fotocopiadora Oki Mollet - Apen Inform\u00e1tica","isPartOf":{"@id":"https:\/\/www.apen.es\/#website"},"datePublished":"2018-11-19T14:33:27+00:00","dateModified":"2025-05-23T08:24:32+00:00","description":"Alquiler y Renting de focopiadoras de la marca OKI en Molletpara peque\u00f1as y medianas empresas. Soluciones de impresi\u00f3n para PYMES.Conf\u00eda en Apen.","breadcrumb":{"@id":"https:\/\/www.apen.es\/fotocopiadora\/renting-fotocopiadora-oki\/renting-mollet\/#breadcrumb"},"inLanguage":"ca","potentialAction":[{"@type":"ReadAction","target":["https:\/\/www.apen.es\/fotocopiadora\/renting-fotocopiadora-oki\/renting-mollet\/"]}]},{"@type":"BreadcrumbList","@id":"https:\/\/www.apen.es\/fotocopiadora\/renting-fotocopiadora-oki\/renting-mollet\/#breadcrumb","itemListElement":[{"@type":"ListItem","position":1,"name":"Portada","item":"https:\/\/www.apen.es\/"},{"@type":"ListItem","position":2,"name":"Fotocopiadora","item":"https:\/\/www.apen.es\/fotocopiadora\/"},{"@type":"ListItem","position":3,"name":"Renting fotocopiadora OKI","item":"https:\/\/www.apen.es\/fotocopiadora\/renting-fotocopiadora-oki\/"},{"@type":"ListItem","position":4,"name":"Renting fotocopiadora Oki Mollet"}]},{"@type":"WebSite","@id":"https:\/\/www.apen.es\/#website","url":"https:\/\/www.apen.es\/","name":"Apen Inform\u00e0tica","description":"Manteniment inform\u00e0tic , programari de gesti\u00f3, solucions d&#039;impressi\u00f3","publisher":{"@id":"https:\/\/www.apen.es\/#organization"},"potentialAction":[{"@type":"SearchAction","target":{"@type":"EntryPoint","urlTemplate":"https:\/\/www.apen.es\/?s={search_term_string}"},"query-input":{"@type":"PropertyValueSpecification","valueRequired":true,"valueName":"search_term_string"}}],"inLanguage":"ca"},{"@type":"Organization","@id":"https:\/\/www.apen.es\/#organization","name":"Apen: Solucions inform\u00e0tiques","url":"https:\/\/www.apen.es\/","logo":{"@type":"ImageObject","inLanguage":"ca","@id":"https:\/\/www.apen.es\/#\/schema\/logo\/image\/","url":"https:\/\/www.apen.es\/wp-content\/uploads\/2022\/08\/logo-apenok-231x82-1.png","contentUrl":"https:\/\/www.apen.es\/wp-content\/uploads\/2022\/08\/logo-apenok-231x82-1.png","width":231,"height":82,"caption":"Apen: Soluciones inform\u00e1ticas"},"image":{"@id":"https:\/\/www.apen.es\/#\/schema\/logo\/image\/"},"sameAs":["https:\/\/www.facebook.com\/apensolucions","https:\/\/www.youtube.com\/user\/ApenCentreInformatic","https:\/\/www.linkedin.com\/company\/1021771?trk=tyah&trkInfo=clickedVerticalcompanyclickedEntityId1021771idx2-1-2tarId1464195271196tasapenin"]}]}},"taxonomy_info":[],"featured_image_src_large":false,"author_info":{"display_name":"marqueting","author_link":"https:\/\/www.apen.es\/ca\/blog\/author\/marqueting\/"},"comment_info":0,"_links":{"self":[{"href":"https:\/\/www.apen.es\/ca\/wp-json\/wp\/v2\/pages\/12367","targetHints":{"allow":["GET"]}}],"collection":[{"href":"https:\/\/www.apen.es\/ca\/wp-json\/wp\/v2\/pages"}],"about":[{"href":"https:\/\/www.apen.es\/ca\/wp-json\/wp\/v2\/types\/page"}],"author":[{"embeddable":true,"href":"https:\/\/www.apen.es\/ca\/wp-json\/wp\/v2\/users\/4"}],"replies":[{"embeddable":true,"href":"https:\/\/www.apen.es\/ca\/wp-json\/wp\/v2\/comments?post=12367"}],"version-history":[{"count":3,"href":"https:\/\/www.apen.es\/ca\/wp-json\/wp\/v2\/pages\/12367\/revisions"}],"predecessor-version":[{"id":54897,"href":"https:\/\/www.apen.es\/ca\/wp-json\/wp\/v2\/pages\/12367\/revisions\/54897"}],"up":[{"embeddable":true,"href":"https:\/\/www.apen.es\/ca\/wp-json\/wp\/v2\/pages\/12253"}],"wp:attachment":[{"href":"https:\/\/www.apen.es\/ca\/wp-json\/wp\/v2\/media?parent=12367"}],"curies":[{"name":"wp","href":"https:\/\/api.w.org\/{rel}","templated":true}]}}