{"id":12365,"date":"2018-11-19T14:30:44","date_gmt":"2018-11-19T14:30:44","guid":{"rendered":"https:\/\/www.apen.es\/?page_id=12365"},"modified":"2025-05-23T08:25:49","modified_gmt":"2025-05-23T08:25:49","slug":"renting-terrassa","status":"publish","type":"page","link":"https:\/\/www.apen.es\/ca\/fotocopiadora\/renting-fotocopiadora-oki\/renting-terrassa\/","title":{"rendered":"R\u00e8nting fotocopiadora Oki Terrassa"},"content":{"rendered":"<p>Una de les principals raons per la qual la majoria de negocis acudeixen a la nostra empresa \u00e9s que nom\u00e9s treballem amb marques que ofereixen productes de primera qualitat i amb la tecnologia m\u00e9s avan\u00e7ada. Actualment, hem portat el nostre objectiu molt m\u00e9s lluny, i oferim a totes aquelles empreses que ho requereixin, un servei de&nbsp;<strong>r\u00e8nting de fotocopiadores Oki a Terrassa<\/strong>. Cada vegada s\u00f3n m\u00e9s les persones que demanen aquest tipus de serveis gr\u00e0cies als grans avantatges que ofereixen per a empreses de diferents mides i sectors. Per descomptat, disposem d&#039;infinitat de productes m\u00e9s, amb l&#039;objectiu de satisfer les necessitats de tota mena de negocis.<\/p>\n\n\n\n<p>El nostre servei de&nbsp;<strong>r\u00e8nting de fotocopiadores Oki a Terrassa<\/strong>&nbsp;disposa d&#039;unes caracter\u00edstiques que fa que la majoria d&#039;empreses hi optin abans de comprar el producte directament. Moltes empreses no poden permetre alguns dispositius de gammes m\u00e9s altes, i gr\u00e0cies al nostre servei poden gaudir d&#039;ells per, m\u00e9s tard tenir l&#039;oportunitat d&#039;adquirir-lo. Un dels factors que condiciona el preu pot ser-ne el manteniment, ja que, en aquest servei, \u00e9s la nostra empresa la que s&#039;encarrega de cobrir les despeses de reparaci\u00f3 i m\u00e0 d&#039;obra en cas que sigui necessari. D&#039;aquesta manera, el client nom\u00e9s ha de preocupar-se per cuidar l&#039;aparell, i en cas d&#039;incid\u00e8ncia, comunicar-ho a la nostra empresa per tal que ho solucionem com m\u00e9s aviat millor.<\/p>\n\n\n\n<p>Pel que fa al preu, el client ha de pagar una quantitat cada mes, la qual es determina anteriorment segons les necessitats de cada empresa i el nombre d&#039;impressions que realitzar\u00e0. D&#039;aquesta manera, el nostre servei de&nbsp;<strong>r\u00e8nting de fotocopiadores Oki a Terrassa<\/strong>, assegura al client una despesa mensual concreta, sense que aquesta hagi de preocupar-se per despeses imprevistes. Per a moltes empreses, aquests factors s\u00f3n determinants per poder accedir o no a un tipus de producte, i mitjan\u00e7ant aquest servei, ajudem que un nombre m\u00e9s gran de negocis gaudeixi dels millors equips d&#039;impressi\u00f3 del mercat.<\/p>\n\n\n\n<p>Les marques amb qu\u00e8 treballem a la nostra empresa ens asseguren una qualitat i servei excepcional. D&#039;aquesta manera, estem segur que tots i cadascun dels nostres clients quedaran m\u00e9s que satisfets amb els productes o serveis que adquireixin a trav\u00e9s de la nostra empresa, entre ells, el nostre servei de&nbsp;<strong>r\u00e8nting de fotocopiadores Oki a Terrassa<\/strong>, el qual \u00e9s cada vegada m\u00e9s demandat per tot tipus de negocis. D&#039;altra banda, si voleu rebre m\u00e9s informaci\u00f3 sobre els nostres productes o serveis, no dubteu a posar-vos en contacte amb la nostra empresa, el nostre gran equip de professionals estar\u00e0 encantat d&#039;atendre&#039;l i resoldre qualsevol dubte que pugui tenir, a m\u00e9s d&#039;oferir-vos informaci\u00f3 sense cap mena de comprom\u00eds.<\/p>","protected":false},"excerpt":{"rendered":"<p>Una de las principales razones por la que la mayor\u00eda de negocios acuden a nuestra empresa es que \u00fanicamente trabajamos con marcas que ofrecen productos de primera calidad y con la tecnolog\u00eda m\u00e1s avanzada. Actualmente, hemos llevado nuestro objetivo mucho m\u00e1s lejos, y ofrecemos a todas aquellas empresas que lo requieran, un servicio de&nbsp;renting de&#8230;<\/p>","protected":false},"author":4,"featured_media":0,"parent":12253,"menu_order":0,"comment_status":"closed","ping_status":"closed","template":"page-renting-impresoras.php","meta":{"_acf_changed":false,"_kad_blocks_custom_css":"","_kad_blocks_head_custom_js":"","_kad_blocks_body_custom_js":"","_kad_blocks_footer_custom_js":"","_kad_post_transparent":"","_kad_post_title":"","_kad_post_layout":"","_kad_post_sidebar_id":"","_kad_post_content_style":"","_kad_post_vertical_padding":"","_kad_post_feature":"","_kad_post_feature_position":"","_kad_post_header":false,"_kad_post_footer":false,"_kad_post_classname":"","footnotes":""},"class_list":["post-12365","page","type-page","status-publish","hentry"],"acf":[],"yoast_head":"<!-- This site is optimized with the Yoast SEO plugin v27.4 - https:\/\/yoast.com\/product\/yoast-seo-wordpress\/ -->\n<title>Renting fotocopiadora Oki Terrassa - Apen Inform\u00e1tica<\/title>\n<meta name=\"description\" content=\"Alquiler y Renting de focopiadoras de la marca OKI en Terrassa para peque\u00f1as y medianas empresas. Soluciones de impresi\u00f3n para PYMES. Conf\u00eda en Apen.\" \/>\n<meta name=\"robots\" content=\"index, follow, max-snippet:-1, max-image-preview:large, max-video-preview:-1\" \/>\n<link rel=\"canonical\" href=\"https:\/\/www.apen.es\/ca\/fotocopiadora\/renting-fotocopiadora-oki\/renting-terrassa\/\" \/>\n<meta property=\"og:locale\" content=\"ca_ES\" \/>\n<meta property=\"og:type\" content=\"article\" \/>\n<meta property=\"og:title\" content=\"Renting fotocopiadora Oki Terrassa - Apen Inform\u00e1tica\" \/>\n<meta property=\"og:description\" content=\"Alquiler y Renting de focopiadoras de la marca OKI en Terrassa para peque\u00f1as y medianas empresas. Soluciones de impresi\u00f3n para PYMES. Conf\u00eda en Apen.\" \/>\n<meta property=\"og:url\" content=\"https:\/\/www.apen.es\/ca\/fotocopiadora\/renting-fotocopiadora-oki\/renting-terrassa\/\" \/>\n<meta property=\"og:site_name\" content=\"Apen Inform\u00e1tica\" \/>\n<meta property=\"article:publisher\" content=\"https:\/\/www.facebook.com\/apensolucions\" \/>\n<meta property=\"article:modified_time\" content=\"2025-05-23T08:25:49+00:00\" \/>\n<meta property=\"og:image\" content=\"https:\/\/www.apen.es\/wp-content\/uploads\/2016\/05\/logo-apen-231x82-trasparent.png\" \/>\n\t<meta property=\"og:image:width\" content=\"231\" \/>\n\t<meta property=\"og:image:height\" content=\"82\" \/>\n\t<meta property=\"og:image:type\" content=\"image\/png\" \/>\n<meta name=\"twitter:card\" content=\"summary_large_image\" \/>\n<meta name=\"twitter:label1\" content=\"Temps estimat de lectura\" \/>\n\t<meta name=\"twitter:data1\" content=\"8 minuts\" \/>\n<script type=\"application\/ld+json\" class=\"yoast-schema-graph\">{\"@context\":\"https:\\\/\\\/schema.org\",\"@graph\":[{\"@type\":\"WebPage\",\"@id\":\"https:\\\/\\\/www.apen.es\\\/fotocopiadora\\\/renting-fotocopiadora-oki\\\/renting-terrassa\\\/\",\"url\":\"https:\\\/\\\/www.apen.es\\\/fotocopiadora\\\/renting-fotocopiadora-oki\\\/renting-terrassa\\\/\",\"name\":\"Renting fotocopiadora Oki Terrassa - Apen Inform\u00e1tica\",\"isPartOf\":{\"@id\":\"https:\\\/\\\/www.apen.es\\\/#website\"},\"datePublished\":\"2018-11-19T14:30:44+00:00\",\"dateModified\":\"2025-05-23T08:25:49+00:00\",\"description\":\"Alquiler y Renting de focopiadoras de la marca OKI en Terrassa para peque\u00f1as y medianas empresas. Soluciones de impresi\u00f3n para PYMES. Conf\u00eda en Apen.\",\"breadcrumb\":{\"@id\":\"https:\\\/\\\/www.apen.es\\\/fotocopiadora\\\/renting-fotocopiadora-oki\\\/renting-terrassa\\\/#breadcrumb\"},\"inLanguage\":\"ca\",\"potentialAction\":[{\"@type\":\"ReadAction\",\"target\":[\"https:\\\/\\\/www.apen.es\\\/fotocopiadora\\\/renting-fotocopiadora-oki\\\/renting-terrassa\\\/\"]}]},{\"@type\":\"BreadcrumbList\",\"@id\":\"https:\\\/\\\/www.apen.es\\\/fotocopiadora\\\/renting-fotocopiadora-oki\\\/renting-terrassa\\\/#breadcrumb\",\"itemListElement\":[{\"@type\":\"ListItem\",\"position\":1,\"name\":\"Portada\",\"item\":\"https:\\\/\\\/www.apen.es\\\/\"},{\"@type\":\"ListItem\",\"position\":2,\"name\":\"Fotocopiadora\",\"item\":\"https:\\\/\\\/www.apen.es\\\/fotocopiadora\\\/\"},{\"@type\":\"ListItem\",\"position\":3,\"name\":\"Renting fotocopiadora OKI\",\"item\":\"https:\\\/\\\/www.apen.es\\\/fotocopiadora\\\/renting-fotocopiadora-oki\\\/\"},{\"@type\":\"ListItem\",\"position\":4,\"name\":\"Renting fotocopiadora Oki Terrassa\"}]},{\"@type\":\"WebSite\",\"@id\":\"https:\\\/\\\/www.apen.es\\\/#website\",\"url\":\"https:\\\/\\\/www.apen.es\\\/\",\"name\":\"Apen Inform\u00e1tica\",\"description\":\"Mantenimiento Inform\u00e1tico , Software de Gesti\u00f3n, Soluciones de impresi\u00f3n\",\"publisher\":{\"@id\":\"https:\\\/\\\/www.apen.es\\\/#organization\"},\"potentialAction\":[{\"@type\":\"SearchAction\",\"target\":{\"@type\":\"EntryPoint\",\"urlTemplate\":\"https:\\\/\\\/www.apen.es\\\/?s={search_term_string}\"},\"query-input\":{\"@type\":\"PropertyValueSpecification\",\"valueRequired\":true,\"valueName\":\"search_term_string\"}}],\"inLanguage\":\"ca\"},{\"@type\":\"Organization\",\"@id\":\"https:\\\/\\\/www.apen.es\\\/#organization\",\"name\":\"Apen: Soluciones inform\u00e1ticas\",\"url\":\"https:\\\/\\\/www.apen.es\\\/\",\"logo\":{\"@type\":\"ImageObject\",\"inLanguage\":\"ca\",\"@id\":\"https:\\\/\\\/www.apen.es\\\/#\\\/schema\\\/logo\\\/image\\\/\",\"url\":\"https:\\\/\\\/www.apen.es\\\/wp-content\\\/uploads\\\/2022\\\/08\\\/logo-apenok-231x82-1.png\",\"contentUrl\":\"https:\\\/\\\/www.apen.es\\\/wp-content\\\/uploads\\\/2022\\\/08\\\/logo-apenok-231x82-1.png\",\"width\":231,\"height\":82,\"caption\":\"Apen: Soluciones inform\u00e1ticas\"},\"image\":{\"@id\":\"https:\\\/\\\/www.apen.es\\\/#\\\/schema\\\/logo\\\/image\\\/\"},\"sameAs\":[\"https:\\\/\\\/www.facebook.com\\\/apensolucions\",\"https:\\\/\\\/www.youtube.com\\\/user\\\/ApenCentreInformatic\",\"https:\\\/\\\/www.linkedin.com\\\/company\\\/1021771?trk=tyah&trkInfo=clickedVerticalcompanyclickedEntityId1021771idx2-1-2tarId1464195271196tasapenin\"]}]}<\/script>\n<!-- \/ Yoast SEO plugin. -->","yoast_head_json":{"title":"Renting fotocopiadora Oki Terrassa - Apen Inform\u00e1tica","description":"Alquiler y Renting de focopiadoras de la marca OKI en Terrassa para peque\u00f1as y medianas empresas. Soluciones de impresi\u00f3n para PYMES. Conf\u00eda en Apen.","robots":{"index":"index","follow":"follow","max-snippet":"max-snippet:-1","max-image-preview":"max-image-preview:large","max-video-preview":"max-video-preview:-1"},"canonical":"https:\/\/www.apen.es\/ca\/fotocopiadora\/renting-fotocopiadora-oki\/renting-terrassa\/","og_locale":"ca_ES","og_type":"article","og_title":"Renting fotocopiadora Oki Terrassa - Apen Inform\u00e1tica","og_description":"Alquiler y Renting de focopiadoras de la marca OKI en Terrassa para peque\u00f1as y medianas empresas. Soluciones de impresi\u00f3n para PYMES. Conf\u00eda en Apen.","og_url":"https:\/\/www.apen.es\/ca\/fotocopiadora\/renting-fotocopiadora-oki\/renting-terrassa\/","og_site_name":"Apen Inform\u00e1tica","article_publisher":"https:\/\/www.facebook.com\/apensolucions","article_modified_time":"2025-05-23T08:25:49+00:00","og_image":[{"width":231,"height":82,"url":"https:\/\/www.apen.es\/wp-content\/uploads\/2016\/05\/logo-apen-231x82-trasparent.png","type":"image\/png"}],"twitter_card":"summary_large_image","twitter_misc":{"Temps estimat de lectura":"8 minuts"},"schema":{"@context":"https:\/\/schema.org","@graph":[{"@type":"WebPage","@id":"https:\/\/www.apen.es\/fotocopiadora\/renting-fotocopiadora-oki\/renting-terrassa\/","url":"https:\/\/www.apen.es\/fotocopiadora\/renting-fotocopiadora-oki\/renting-terrassa\/","name":"Renting fotocopiadora Oki Terrassa - Apen Inform\u00e1tica","isPartOf":{"@id":"https:\/\/www.apen.es\/#website"},"datePublished":"2018-11-19T14:30:44+00:00","dateModified":"2025-05-23T08:25:49+00:00","description":"Alquiler y Renting de focopiadoras de la marca OKI en Terrassa para peque\u00f1as y medianas empresas. Soluciones de impresi\u00f3n para PYMES. Conf\u00eda en Apen.","breadcrumb":{"@id":"https:\/\/www.apen.es\/fotocopiadora\/renting-fotocopiadora-oki\/renting-terrassa\/#breadcrumb"},"inLanguage":"ca","potentialAction":[{"@type":"ReadAction","target":["https:\/\/www.apen.es\/fotocopiadora\/renting-fotocopiadora-oki\/renting-terrassa\/"]}]},{"@type":"BreadcrumbList","@id":"https:\/\/www.apen.es\/fotocopiadora\/renting-fotocopiadora-oki\/renting-terrassa\/#breadcrumb","itemListElement":[{"@type":"ListItem","position":1,"name":"Portada","item":"https:\/\/www.apen.es\/"},{"@type":"ListItem","position":2,"name":"Fotocopiadora","item":"https:\/\/www.apen.es\/fotocopiadora\/"},{"@type":"ListItem","position":3,"name":"Renting fotocopiadora OKI","item":"https:\/\/www.apen.es\/fotocopiadora\/renting-fotocopiadora-oki\/"},{"@type":"ListItem","position":4,"name":"Renting fotocopiadora Oki Terrassa"}]},{"@type":"WebSite","@id":"https:\/\/www.apen.es\/#website","url":"https:\/\/www.apen.es\/","name":"Apen Inform\u00e0tica","description":"Manteniment inform\u00e0tic , programari de gesti\u00f3, solucions d&#039;impressi\u00f3","publisher":{"@id":"https:\/\/www.apen.es\/#organization"},"potentialAction":[{"@type":"SearchAction","target":{"@type":"EntryPoint","urlTemplate":"https:\/\/www.apen.es\/?s={search_term_string}"},"query-input":{"@type":"PropertyValueSpecification","valueRequired":true,"valueName":"search_term_string"}}],"inLanguage":"ca"},{"@type":"Organization","@id":"https:\/\/www.apen.es\/#organization","name":"Apen: Solucions inform\u00e0tiques","url":"https:\/\/www.apen.es\/","logo":{"@type":"ImageObject","inLanguage":"ca","@id":"https:\/\/www.apen.es\/#\/schema\/logo\/image\/","url":"https:\/\/www.apen.es\/wp-content\/uploads\/2022\/08\/logo-apenok-231x82-1.png","contentUrl":"https:\/\/www.apen.es\/wp-content\/uploads\/2022\/08\/logo-apenok-231x82-1.png","width":231,"height":82,"caption":"Apen: Soluciones inform\u00e1ticas"},"image":{"@id":"https:\/\/www.apen.es\/#\/schema\/logo\/image\/"},"sameAs":["https:\/\/www.facebook.com\/apensolucions","https:\/\/www.youtube.com\/user\/ApenCentreInformatic","https:\/\/www.linkedin.com\/company\/1021771?trk=tyah&trkInfo=clickedVerticalcompanyclickedEntityId1021771idx2-1-2tarId1464195271196tasapenin"]}]}},"taxonomy_info":[],"featured_image_src_large":false,"author_info":{"display_name":"marqueting","author_link":"https:\/\/www.apen.es\/ca\/blog\/author\/marqueting\/"},"comment_info":0,"_links":{"self":[{"href":"https:\/\/www.apen.es\/ca\/wp-json\/wp\/v2\/pages\/12365","targetHints":{"allow":["GET"]}}],"collection":[{"href":"https:\/\/www.apen.es\/ca\/wp-json\/wp\/v2\/pages"}],"about":[{"href":"https:\/\/www.apen.es\/ca\/wp-json\/wp\/v2\/types\/page"}],"author":[{"embeddable":true,"href":"https:\/\/www.apen.es\/ca\/wp-json\/wp\/v2\/users\/4"}],"replies":[{"embeddable":true,"href":"https:\/\/www.apen.es\/ca\/wp-json\/wp\/v2\/comments?post=12365"}],"version-history":[{"count":3,"href":"https:\/\/www.apen.es\/ca\/wp-json\/wp\/v2\/pages\/12365\/revisions"}],"predecessor-version":[{"id":54906,"href":"https:\/\/www.apen.es\/ca\/wp-json\/wp\/v2\/pages\/12365\/revisions\/54906"}],"up":[{"embeddable":true,"href":"https:\/\/www.apen.es\/ca\/wp-json\/wp\/v2\/pages\/12253"}],"wp:attachment":[{"href":"https:\/\/www.apen.es\/ca\/wp-json\/wp\/v2\/media?parent=12365"}],"curies":[{"name":"wp","href":"https:\/\/api.w.org\/{rel}","templated":true}]}}