{"id":12363,"date":"2018-11-19T14:26:08","date_gmt":"2018-11-19T14:26:08","guid":{"rendered":"https:\/\/www.apen.es\/?page_id=12363"},"modified":"2025-05-23T08:24:25","modified_gmt":"2025-05-23T08:24:25","slug":"renting-granollers","status":"publish","type":"page","link":"https:\/\/www.apen.es\/ca\/fotocopiadora\/renting-fotocopiadora-oki\/renting-granollers\/","title":{"rendered":"R\u00e8nting fotocopiadora Oki Granollers"},"content":{"rendered":"<p>A la nostra empresa disposem d\u00b4una gran gamma de productes i serveis que pretenen ser la millor soluci\u00f3 per a molts dels negocis que acudeixen a nosaltres. A m\u00e9s, disposem d\u00b4un gran equip de professionals que es dedica a donar un tracte totalment personalitzat a tots aquells clients que aix\u00ed ho requereixin. D&#039;aquesta manera, el nostre objectiu principal \u00e9s oferir les millors solucions d&#039;impressi\u00f3 mitjan\u00e7ant els dispositius m\u00e9s innovadors. Entre tots els nostres serveis, actualment disposem d&#039;un&nbsp;<strong>r\u00e8nting de fotocopiadores Oki a Granollers<\/strong>. Totes les empreses que vulguin gaudir dels avantatges d&#039;aquest tipus de serveis, ho podran fer a trav\u00e9s de la nostra empresa, independentment de la seva grand\u00e0ria o sector a qu\u00e8 es dediquin.<\/p>\n\n\n\n<p>El nostre servei de&nbsp;<strong>r\u00e8nting de fotocopiadores Oki a Granollers<\/strong>, \u00e9s ideal per a moltes empreses gr\u00e0cies a les diferents caracter\u00edstiques. Entre aquestes, podem trobar que, amb aquest servei, el client no ha de preocupar-se per carregar amb les despeses del manteniment i reparaci\u00f3, en cas que fos necessari, ja que \u00e9s la nostra empresa la responsable d&#039;ocupar-se d&#039;aquest tipus de problemes i solucionar-los de la manera m\u00e9s r\u00e0pida i efectiva possible. Aix\u00f2 suposa un gran avantatge, sobretot per a aquells negocis que no es puguin permetre despeses inesperades i necessitin saber quins seran els costos al final de cada mes.<\/p>\n\n\n\n<p>D&#039;altra banda, per gaudir d&#039;aquest servei, el client ha de pagar una quota mensual que pr\u00e8viament s&#039;haur\u00e0 establert per ambdues parts. En cas que es facin m\u00e9s impressions de les esperades sempre es pot pagar a part o tornar a negociar el contracte. Aquest servei sol sortir a compte i ser molt avantatj\u00f3s per a aquelles empreses que, en aquest moment no es poden permetre la compra de grans equips. Amb el nostre servei de&nbsp;<strong>r\u00e8nting de<\/strong>&nbsp;<strong>fotocopiadores Oki a Granollers<\/strong>, podran accedir a productes equipats amb la m\u00e9s \u00faltima tecnologia i sense la necessitat de pagar-ho del tot ni preocupar-se pel seu manteniment. Moltes vegades sol ser la soluci\u00f3 ideal.<\/p>\n\n\n\n<p>Nosaltres coneixem els avantatges del nostre servei i volem que cada cop m\u00e9s clients en puguin gaudir, ja que sabem que els atorgaran una major qualitat de marca, aix\u00ed com una gran efici\u00e8ncia i rapidesa en cadascuna de les seves tasques d&#039;impressi\u00f3. D&#039;aquesta manera, el nostre gran equip de professionals tamb\u00e9 s&#039;encarregar\u00e0 de fer saber al client totes aquelles prestacions de qu\u00e8 disposa l&#039;aparell, ajudant aix\u00ed a treure&#039;n el m\u00e0xim profit possible. Per aquesta ra\u00f3, si voleu saber m\u00e9s sobre la nostra empresa, o m\u00e9s concretament sobre el nostre servei de&nbsp;<strong>r\u00e8nting de fotocopiadores Oki a Granollers<\/strong>, no dubteu a posar-vos en contacte amb nosaltres, us oferirem tota la informaci\u00f3 necess\u00e0ria.<\/p>","protected":false},"excerpt":{"rendered":"<p>En nuestra empresa disponemos de una gran gama de productos y servicios que pretenden ser la mejor soluci\u00f3n para muchos de los negocios que acuden a nosotros. Adem\u00e1s, disponemos de un gran equipo de profesionales que se dedica a dar un trato totalmente personalizado a todos aquellos clientes que as\u00ed lo requieran. De esta forma,&#8230;<\/p>","protected":false},"author":4,"featured_media":0,"parent":12253,"menu_order":0,"comment_status":"closed","ping_status":"closed","template":"page-renting-impresoras.php","meta":{"_acf_changed":false,"_kad_blocks_custom_css":"","_kad_blocks_head_custom_js":"","_kad_blocks_body_custom_js":"","_kad_blocks_footer_custom_js":"","_kad_post_transparent":"","_kad_post_title":"","_kad_post_layout":"","_kad_post_sidebar_id":"","_kad_post_content_style":"","_kad_post_vertical_padding":"","_kad_post_feature":"","_kad_post_feature_position":"","_kad_post_header":false,"_kad_post_footer":false,"_kad_post_classname":"","footnotes":""},"class_list":["post-12363","page","type-page","status-publish","hentry"],"acf":[],"yoast_head":"<!-- This site is optimized with the Yoast SEO plugin v27.4 - https:\/\/yoast.com\/product\/yoast-seo-wordpress\/ -->\n<title>Renting fotocopiadora Oki Granollers - Apen Inform\u00e1tica<\/title>\n<meta name=\"description\" content=\"Alquiler y Renting de focopiadoras de la marca OKI en Granollers para peque\u00f1as y medianas empresas. Soluciones de impresi\u00f3n para PYMES. Conf\u00eda en Apen.\" \/>\n<meta name=\"robots\" content=\"index, follow, max-snippet:-1, max-image-preview:large, max-video-preview:-1\" \/>\n<link rel=\"canonical\" href=\"https:\/\/www.apen.es\/ca\/fotocopiadora\/renting-fotocopiadora-oki\/renting-granollers\/\" \/>\n<meta property=\"og:locale\" content=\"ca_ES\" \/>\n<meta property=\"og:type\" content=\"article\" \/>\n<meta property=\"og:title\" content=\"Renting fotocopiadora Oki Granollers - Apen Inform\u00e1tica\" \/>\n<meta property=\"og:description\" content=\"Alquiler y Renting de focopiadoras de la marca OKI en Granollers para peque\u00f1as y medianas empresas. Soluciones de impresi\u00f3n para PYMES. Conf\u00eda en Apen.\" \/>\n<meta property=\"og:url\" content=\"https:\/\/www.apen.es\/ca\/fotocopiadora\/renting-fotocopiadora-oki\/renting-granollers\/\" \/>\n<meta property=\"og:site_name\" content=\"Apen Inform\u00e1tica\" \/>\n<meta property=\"article:publisher\" content=\"https:\/\/www.facebook.com\/apensolucions\" \/>\n<meta property=\"article:modified_time\" content=\"2025-05-23T08:24:25+00:00\" \/>\n<meta property=\"og:image\" content=\"https:\/\/www.apen.es\/wp-content\/uploads\/2016\/05\/logo-apen-231x82-trasparent.png\" \/>\n\t<meta property=\"og:image:width\" content=\"231\" \/>\n\t<meta property=\"og:image:height\" content=\"82\" \/>\n\t<meta property=\"og:image:type\" content=\"image\/png\" \/>\n<meta name=\"twitter:card\" content=\"summary_large_image\" \/>\n<meta name=\"twitter:label1\" content=\"Temps estimat de lectura\" \/>\n\t<meta name=\"twitter:data1\" content=\"7 minuts\" \/>\n<script type=\"application\/ld+json\" class=\"yoast-schema-graph\">{\"@context\":\"https:\\\/\\\/schema.org\",\"@graph\":[{\"@type\":\"WebPage\",\"@id\":\"https:\\\/\\\/www.apen.es\\\/fotocopiadora\\\/renting-fotocopiadora-oki\\\/renting-granollers\\\/\",\"url\":\"https:\\\/\\\/www.apen.es\\\/fotocopiadora\\\/renting-fotocopiadora-oki\\\/renting-granollers\\\/\",\"name\":\"Renting fotocopiadora Oki Granollers - Apen Inform\u00e1tica\",\"isPartOf\":{\"@id\":\"https:\\\/\\\/www.apen.es\\\/#website\"},\"datePublished\":\"2018-11-19T14:26:08+00:00\",\"dateModified\":\"2025-05-23T08:24:25+00:00\",\"description\":\"Alquiler y Renting de focopiadoras de la marca OKI en Granollers para peque\u00f1as y medianas empresas. Soluciones de impresi\u00f3n para PYMES. Conf\u00eda en Apen.\",\"breadcrumb\":{\"@id\":\"https:\\\/\\\/www.apen.es\\\/fotocopiadora\\\/renting-fotocopiadora-oki\\\/renting-granollers\\\/#breadcrumb\"},\"inLanguage\":\"ca\",\"potentialAction\":[{\"@type\":\"ReadAction\",\"target\":[\"https:\\\/\\\/www.apen.es\\\/fotocopiadora\\\/renting-fotocopiadora-oki\\\/renting-granollers\\\/\"]}]},{\"@type\":\"BreadcrumbList\",\"@id\":\"https:\\\/\\\/www.apen.es\\\/fotocopiadora\\\/renting-fotocopiadora-oki\\\/renting-granollers\\\/#breadcrumb\",\"itemListElement\":[{\"@type\":\"ListItem\",\"position\":1,\"name\":\"Portada\",\"item\":\"https:\\\/\\\/www.apen.es\\\/\"},{\"@type\":\"ListItem\",\"position\":2,\"name\":\"Fotocopiadora\",\"item\":\"https:\\\/\\\/www.apen.es\\\/fotocopiadora\\\/\"},{\"@type\":\"ListItem\",\"position\":3,\"name\":\"Renting fotocopiadora OKI\",\"item\":\"https:\\\/\\\/www.apen.es\\\/fotocopiadora\\\/renting-fotocopiadora-oki\\\/\"},{\"@type\":\"ListItem\",\"position\":4,\"name\":\"Renting fotocopiadora Oki Granollers\"}]},{\"@type\":\"WebSite\",\"@id\":\"https:\\\/\\\/www.apen.es\\\/#website\",\"url\":\"https:\\\/\\\/www.apen.es\\\/\",\"name\":\"Apen Inform\u00e1tica\",\"description\":\"Mantenimiento Inform\u00e1tico , Software de Gesti\u00f3n, Soluciones de impresi\u00f3n\",\"publisher\":{\"@id\":\"https:\\\/\\\/www.apen.es\\\/#organization\"},\"potentialAction\":[{\"@type\":\"SearchAction\",\"target\":{\"@type\":\"EntryPoint\",\"urlTemplate\":\"https:\\\/\\\/www.apen.es\\\/?s={search_term_string}\"},\"query-input\":{\"@type\":\"PropertyValueSpecification\",\"valueRequired\":true,\"valueName\":\"search_term_string\"}}],\"inLanguage\":\"ca\"},{\"@type\":\"Organization\",\"@id\":\"https:\\\/\\\/www.apen.es\\\/#organization\",\"name\":\"Apen: Soluciones inform\u00e1ticas\",\"url\":\"https:\\\/\\\/www.apen.es\\\/\",\"logo\":{\"@type\":\"ImageObject\",\"inLanguage\":\"ca\",\"@id\":\"https:\\\/\\\/www.apen.es\\\/#\\\/schema\\\/logo\\\/image\\\/\",\"url\":\"https:\\\/\\\/www.apen.es\\\/wp-content\\\/uploads\\\/2022\\\/08\\\/logo-apenok-231x82-1.png\",\"contentUrl\":\"https:\\\/\\\/www.apen.es\\\/wp-content\\\/uploads\\\/2022\\\/08\\\/logo-apenok-231x82-1.png\",\"width\":231,\"height\":82,\"caption\":\"Apen: Soluciones inform\u00e1ticas\"},\"image\":{\"@id\":\"https:\\\/\\\/www.apen.es\\\/#\\\/schema\\\/logo\\\/image\\\/\"},\"sameAs\":[\"https:\\\/\\\/www.facebook.com\\\/apensolucions\",\"https:\\\/\\\/www.youtube.com\\\/user\\\/ApenCentreInformatic\",\"https:\\\/\\\/www.linkedin.com\\\/company\\\/1021771?trk=tyah&trkInfo=clickedVerticalcompanyclickedEntityId1021771idx2-1-2tarId1464195271196tasapenin\"]}]}<\/script>\n<!-- \/ Yoast SEO plugin. -->","yoast_head_json":{"title":"Renting fotocopiadora Oki Granollers - Apen Inform\u00e1tica","description":"Alquiler y Renting de focopiadoras de la marca OKI en Granollers para peque\u00f1as y medianas empresas. Soluciones de impresi\u00f3n para PYMES. Conf\u00eda en Apen.","robots":{"index":"index","follow":"follow","max-snippet":"max-snippet:-1","max-image-preview":"max-image-preview:large","max-video-preview":"max-video-preview:-1"},"canonical":"https:\/\/www.apen.es\/ca\/fotocopiadora\/renting-fotocopiadora-oki\/renting-granollers\/","og_locale":"ca_ES","og_type":"article","og_title":"Renting fotocopiadora Oki Granollers - Apen Inform\u00e1tica","og_description":"Alquiler y Renting de focopiadoras de la marca OKI en Granollers para peque\u00f1as y medianas empresas. Soluciones de impresi\u00f3n para PYMES. Conf\u00eda en Apen.","og_url":"https:\/\/www.apen.es\/ca\/fotocopiadora\/renting-fotocopiadora-oki\/renting-granollers\/","og_site_name":"Apen Inform\u00e1tica","article_publisher":"https:\/\/www.facebook.com\/apensolucions","article_modified_time":"2025-05-23T08:24:25+00:00","og_image":[{"width":231,"height":82,"url":"https:\/\/www.apen.es\/wp-content\/uploads\/2016\/05\/logo-apen-231x82-trasparent.png","type":"image\/png"}],"twitter_card":"summary_large_image","twitter_misc":{"Temps estimat de lectura":"7 minuts"},"schema":{"@context":"https:\/\/schema.org","@graph":[{"@type":"WebPage","@id":"https:\/\/www.apen.es\/fotocopiadora\/renting-fotocopiadora-oki\/renting-granollers\/","url":"https:\/\/www.apen.es\/fotocopiadora\/renting-fotocopiadora-oki\/renting-granollers\/","name":"Renting fotocopiadora Oki Granollers - Apen Inform\u00e1tica","isPartOf":{"@id":"https:\/\/www.apen.es\/#website"},"datePublished":"2018-11-19T14:26:08+00:00","dateModified":"2025-05-23T08:24:25+00:00","description":"Alquiler y Renting de focopiadoras de la marca OKI en Granollers para peque\u00f1as y medianas empresas. Soluciones de impresi\u00f3n para PYMES. Conf\u00eda en Apen.","breadcrumb":{"@id":"https:\/\/www.apen.es\/fotocopiadora\/renting-fotocopiadora-oki\/renting-granollers\/#breadcrumb"},"inLanguage":"ca","potentialAction":[{"@type":"ReadAction","target":["https:\/\/www.apen.es\/fotocopiadora\/renting-fotocopiadora-oki\/renting-granollers\/"]}]},{"@type":"BreadcrumbList","@id":"https:\/\/www.apen.es\/fotocopiadora\/renting-fotocopiadora-oki\/renting-granollers\/#breadcrumb","itemListElement":[{"@type":"ListItem","position":1,"name":"Portada","item":"https:\/\/www.apen.es\/"},{"@type":"ListItem","position":2,"name":"Fotocopiadora","item":"https:\/\/www.apen.es\/fotocopiadora\/"},{"@type":"ListItem","position":3,"name":"Renting fotocopiadora OKI","item":"https:\/\/www.apen.es\/fotocopiadora\/renting-fotocopiadora-oki\/"},{"@type":"ListItem","position":4,"name":"Renting fotocopiadora Oki Granollers"}]},{"@type":"WebSite","@id":"https:\/\/www.apen.es\/#website","url":"https:\/\/www.apen.es\/","name":"Apen Inform\u00e0tica","description":"Manteniment inform\u00e0tic , programari de gesti\u00f3, solucions d&#039;impressi\u00f3","publisher":{"@id":"https:\/\/www.apen.es\/#organization"},"potentialAction":[{"@type":"SearchAction","target":{"@type":"EntryPoint","urlTemplate":"https:\/\/www.apen.es\/?s={search_term_string}"},"query-input":{"@type":"PropertyValueSpecification","valueRequired":true,"valueName":"search_term_string"}}],"inLanguage":"ca"},{"@type":"Organization","@id":"https:\/\/www.apen.es\/#organization","name":"Apen: Solucions inform\u00e0tiques","url":"https:\/\/www.apen.es\/","logo":{"@type":"ImageObject","inLanguage":"ca","@id":"https:\/\/www.apen.es\/#\/schema\/logo\/image\/","url":"https:\/\/www.apen.es\/wp-content\/uploads\/2022\/08\/logo-apenok-231x82-1.png","contentUrl":"https:\/\/www.apen.es\/wp-content\/uploads\/2022\/08\/logo-apenok-231x82-1.png","width":231,"height":82,"caption":"Apen: Soluciones inform\u00e1ticas"},"image":{"@id":"https:\/\/www.apen.es\/#\/schema\/logo\/image\/"},"sameAs":["https:\/\/www.facebook.com\/apensolucions","https:\/\/www.youtube.com\/user\/ApenCentreInformatic","https:\/\/www.linkedin.com\/company\/1021771?trk=tyah&trkInfo=clickedVerticalcompanyclickedEntityId1021771idx2-1-2tarId1464195271196tasapenin"]}]}},"taxonomy_info":[],"featured_image_src_large":false,"author_info":{"display_name":"marqueting","author_link":"https:\/\/www.apen.es\/ca\/blog\/author\/marqueting\/"},"comment_info":0,"_links":{"self":[{"href":"https:\/\/www.apen.es\/ca\/wp-json\/wp\/v2\/pages\/12363","targetHints":{"allow":["GET"]}}],"collection":[{"href":"https:\/\/www.apen.es\/ca\/wp-json\/wp\/v2\/pages"}],"about":[{"href":"https:\/\/www.apen.es\/ca\/wp-json\/wp\/v2\/types\/page"}],"author":[{"embeddable":true,"href":"https:\/\/www.apen.es\/ca\/wp-json\/wp\/v2\/users\/4"}],"replies":[{"embeddable":true,"href":"https:\/\/www.apen.es\/ca\/wp-json\/wp\/v2\/comments?post=12363"}],"version-history":[{"count":3,"href":"https:\/\/www.apen.es\/ca\/wp-json\/wp\/v2\/pages\/12363\/revisions"}],"predecessor-version":[{"id":54895,"href":"https:\/\/www.apen.es\/ca\/wp-json\/wp\/v2\/pages\/12363\/revisions\/54895"}],"up":[{"embeddable":true,"href":"https:\/\/www.apen.es\/ca\/wp-json\/wp\/v2\/pages\/12253"}],"wp:attachment":[{"href":"https:\/\/www.apen.es\/ca\/wp-json\/wp\/v2\/media?parent=12363"}],"curies":[{"name":"wp","href":"https:\/\/api.w.org\/{rel}","templated":true}]}}