{"id":12361,"date":"2018-11-19T14:22:19","date_gmt":"2018-11-19T14:22:19","guid":{"rendered":"https:\/\/www.apen.es\/?page_id=12361"},"modified":"2025-05-23T08:25:00","modified_gmt":"2025-05-23T08:25:00","slug":"renting-terrassa","status":"publish","type":"page","link":"https:\/\/www.apen.es\/ca\/fotocopiadora\/renting-fotocopiadora-konica-minolta\/renting-terrassa\/","title":{"rendered":"R\u00e8nting fotocopiadora Konica Minolta Terrassa"},"content":{"rendered":"<p>A Apen oferim tota mena de serveis de manteniment inform\u00e0tic, solucions de sistemes i cloud, programari de gesti\u00f3 i solucions d&#039;impressi\u00f3. Tots aquests serveis tenen com a objectiu final oferir al client la millor soluci\u00f3 possible al problema que ens planteja. D&#039;aquesta manera, tots els components del nostre equip van destinats a millorar la rapidesa i l&#039;efici\u00e8ncia de tots els nostres clients, per tal que ells puguin oferir millors productes i serveis alhora que creixen. Per aquest motiu, actualment oferim un servei de&nbsp;<strong>r\u00e8nting de fotocopiadores Konicaminolta a Terrassa<\/strong>, entre molts altres similars.<\/p>\n\n\n\n<p>Com un dels avantatges principals d&#039;aquest servei, trobem que qualsevol tipus d&#039;empresa hi pot accedir, independentment de la mida i el nivell d&#039;ingressos. Moltes empreses que fins ara no podien permetre comprar un producte d&#039;alta gamma, amb el nostre servei de&nbsp;<strong>r\u00e8nting de fotocopiadora Konicaminolta a Terrassa<\/strong>, podran gaudir de totes les prestacions i caracter\u00edstiques, ja que com hem dit anteriorment, la nostra empresa pret\u00e9n crear oportunitats i ajudar a que les empreses creixin. Gr\u00e0cies a aix\u00f2, cada cop s\u00f3n m\u00e9s les empreses que contacten amb nosaltres per gaudir d&#039;algun dels serveis o productes que oferim.<\/p>\n\n\n\n<p>La majoria d&#039;empreses que opten per aquest servei, ho fan amb la finalitat de no haver de pagar algunes despeses extres que podrien ser de manteniment o peces de recanvi en cas que es produ\u00eds una avaria. Amb el nostre servei de&nbsp;<strong>r\u00e8nting de fotocopiadora Konicaminolta a Terrassa<\/strong>, nosaltres ens farem c\u00e0rrec de tot aquest tipus de despeses sempre que siguin degudes per l\u00fas. D&#039;aquesta manera, el client nom\u00e9s ha de gaudir del seu equip i pagar una quota mensual, que haur\u00e0 estat establerta anteriorment per ambdues parts. La tranquil\u00b7litat de no haver de preocupar-se per costos addicionals a final de mes \u00e9s una de les raons principals per la qual cada cop m\u00e9s empreses acudeixen a nosaltres a la recerca d&#039;aquest tipus de serveis.<\/p>\n\n\n\n<p>A Apen disposem d\u00b4un gran equip de treballadors que s\u00b4esfor\u00e7a dia rere dia per oferir als nostres clients les millors solucions de diferents \u00e0mbits. Per aquest motiu, sempre oferim un tracte personalitzat que s&#039;adapta a les necessitats i prefer\u00e8ncies, tant del client com del tipus de negoci. Per aquest motiu, els nostres productes i serveis sempre s\u00f3n de primera qualitat, tal com passa amb el nostre&nbsp;<strong>r\u00e8nting de fotocopiadora Konicaminolta de Terrassa.&nbsp;<\/strong>Totes aquelles empreses que vulguin rebre m\u00e9s informaci\u00f3 sobre nosaltres o els nostres serveis, es poden posar en contacte amb nosaltres. Estarem encantats d&#039;atendre&#039;ls i oferir-vos tota la informaci\u00f3 que sigui necess\u00e0ria sense cap mena de comprom\u00eds amb la nostra empresa.<\/p>","protected":false},"excerpt":{"rendered":"<p>En Apen ofrecemos todo tipo de servicios de mantenimiento inform\u00e1tico, soluciones de sistemas y cloud, software de gesti\u00f3n y soluciones de impresi\u00f3n. Todos estos servicios tienen como objetivo final ofrecer al cliente la mejor soluci\u00f3n posible al problema que \u00e9l nos plantea. De esta forma, todos los componentes de nuestro equipo van destinados a mejorar&#8230;<\/p>","protected":false},"author":4,"featured_media":0,"parent":12251,"menu_order":0,"comment_status":"closed","ping_status":"closed","template":"page-renting-impresoras.php","meta":{"_acf_changed":false,"_kad_blocks_custom_css":"","_kad_blocks_head_custom_js":"","_kad_blocks_body_custom_js":"","_kad_blocks_footer_custom_js":"","_kad_post_transparent":"","_kad_post_title":"","_kad_post_layout":"","_kad_post_sidebar_id":"","_kad_post_content_style":"","_kad_post_vertical_padding":"","_kad_post_feature":"","_kad_post_feature_position":"","_kad_post_header":false,"_kad_post_footer":false,"_kad_post_classname":"","footnotes":""},"class_list":["post-12361","page","type-page","status-publish","hentry"],"acf":[],"yoast_head":"<!-- This site is optimized with the Yoast SEO plugin v27.4 - https:\/\/yoast.com\/product\/yoast-seo-wordpress\/ -->\n<title>Renting fotocopiadora Konica Minolta Terrassa - Apen Inform\u00e1tica<\/title>\n<meta name=\"description\" content=\"Alquiler y Renting de focopiadoras de la marca Konica Minolta en Terrassa para peque\u00f1as y medianas empresas. Soluciones de impresi\u00f3n para PYMES.\" \/>\n<meta name=\"robots\" content=\"index, follow, max-snippet:-1, max-image-preview:large, max-video-preview:-1\" \/>\n<link rel=\"canonical\" href=\"https:\/\/www.apen.es\/ca\/fotocopiadora\/renting-fotocopiadora-konica-minolta\/renting-terrassa\/\" \/>\n<meta property=\"og:locale\" content=\"ca_ES\" \/>\n<meta property=\"og:type\" content=\"article\" \/>\n<meta property=\"og:title\" content=\"Renting fotocopiadora Konica Minolta Terrassa - Apen Inform\u00e1tica\" \/>\n<meta property=\"og:description\" content=\"Alquiler y Renting de focopiadoras de la marca Konica Minolta en Terrassa para peque\u00f1as y medianas empresas. Soluciones de impresi\u00f3n para PYMES.\" \/>\n<meta property=\"og:url\" content=\"https:\/\/www.apen.es\/ca\/fotocopiadora\/renting-fotocopiadora-konica-minolta\/renting-terrassa\/\" \/>\n<meta property=\"og:site_name\" content=\"Apen Inform\u00e1tica\" \/>\n<meta property=\"article:publisher\" content=\"https:\/\/www.facebook.com\/apensolucions\" \/>\n<meta property=\"article:modified_time\" content=\"2025-05-23T08:25:00+00:00\" \/>\n<meta property=\"og:image\" content=\"https:\/\/www.apen.es\/wp-content\/uploads\/2016\/05\/logo-apen-231x82-trasparent.png\" \/>\n\t<meta property=\"og:image:width\" content=\"231\" \/>\n\t<meta property=\"og:image:height\" content=\"82\" \/>\n\t<meta property=\"og:image:type\" content=\"image\/png\" \/>\n<meta name=\"twitter:card\" content=\"summary_large_image\" \/>\n<meta name=\"twitter:label1\" content=\"Temps estimat de lectura\" \/>\n\t<meta name=\"twitter:data1\" content=\"7 minuts\" \/>\n<script type=\"application\/ld+json\" class=\"yoast-schema-graph\">{\"@context\":\"https:\\\/\\\/schema.org\",\"@graph\":[{\"@type\":\"WebPage\",\"@id\":\"https:\\\/\\\/www.apen.es\\\/fotocopiadora\\\/renting-fotocopiadora-konica-minolta\\\/renting-terrassa\\\/\",\"url\":\"https:\\\/\\\/www.apen.es\\\/fotocopiadora\\\/renting-fotocopiadora-konica-minolta\\\/renting-terrassa\\\/\",\"name\":\"Renting fotocopiadora Konica Minolta Terrassa - Apen Inform\u00e1tica\",\"isPartOf\":{\"@id\":\"https:\\\/\\\/www.apen.es\\\/#website\"},\"datePublished\":\"2018-11-19T14:22:19+00:00\",\"dateModified\":\"2025-05-23T08:25:00+00:00\",\"description\":\"Alquiler y Renting de focopiadoras de la marca Konica Minolta en Terrassa para peque\u00f1as y medianas empresas. Soluciones de impresi\u00f3n para PYMES.\",\"breadcrumb\":{\"@id\":\"https:\\\/\\\/www.apen.es\\\/fotocopiadora\\\/renting-fotocopiadora-konica-minolta\\\/renting-terrassa\\\/#breadcrumb\"},\"inLanguage\":\"ca\",\"potentialAction\":[{\"@type\":\"ReadAction\",\"target\":[\"https:\\\/\\\/www.apen.es\\\/fotocopiadora\\\/renting-fotocopiadora-konica-minolta\\\/renting-terrassa\\\/\"]}]},{\"@type\":\"BreadcrumbList\",\"@id\":\"https:\\\/\\\/www.apen.es\\\/fotocopiadora\\\/renting-fotocopiadora-konica-minolta\\\/renting-terrassa\\\/#breadcrumb\",\"itemListElement\":[{\"@type\":\"ListItem\",\"position\":1,\"name\":\"Portada\",\"item\":\"https:\\\/\\\/www.apen.es\\\/\"},{\"@type\":\"ListItem\",\"position\":2,\"name\":\"Fotocopiadora\",\"item\":\"https:\\\/\\\/www.apen.es\\\/fotocopiadora\\\/\"},{\"@type\":\"ListItem\",\"position\":3,\"name\":\"Renting fotocopiadora Konica Minolta\",\"item\":\"https:\\\/\\\/www.apen.es\\\/fotocopiadora\\\/renting-fotocopiadora-konica-minolta\\\/\"},{\"@type\":\"ListItem\",\"position\":4,\"name\":\"Renting fotocopiadora Konica Minolta Terrassa\"}]},{\"@type\":\"WebSite\",\"@id\":\"https:\\\/\\\/www.apen.es\\\/#website\",\"url\":\"https:\\\/\\\/www.apen.es\\\/\",\"name\":\"Apen Inform\u00e1tica\",\"description\":\"Mantenimiento Inform\u00e1tico , Software de Gesti\u00f3n, Soluciones de impresi\u00f3n\",\"publisher\":{\"@id\":\"https:\\\/\\\/www.apen.es\\\/#organization\"},\"potentialAction\":[{\"@type\":\"SearchAction\",\"target\":{\"@type\":\"EntryPoint\",\"urlTemplate\":\"https:\\\/\\\/www.apen.es\\\/?s={search_term_string}\"},\"query-input\":{\"@type\":\"PropertyValueSpecification\",\"valueRequired\":true,\"valueName\":\"search_term_string\"}}],\"inLanguage\":\"ca\"},{\"@type\":\"Organization\",\"@id\":\"https:\\\/\\\/www.apen.es\\\/#organization\",\"name\":\"Apen: Soluciones inform\u00e1ticas\",\"url\":\"https:\\\/\\\/www.apen.es\\\/\",\"logo\":{\"@type\":\"ImageObject\",\"inLanguage\":\"ca\",\"@id\":\"https:\\\/\\\/www.apen.es\\\/#\\\/schema\\\/logo\\\/image\\\/\",\"url\":\"https:\\\/\\\/www.apen.es\\\/wp-content\\\/uploads\\\/2022\\\/08\\\/logo-apenok-231x82-1.png\",\"contentUrl\":\"https:\\\/\\\/www.apen.es\\\/wp-content\\\/uploads\\\/2022\\\/08\\\/logo-apenok-231x82-1.png\",\"width\":231,\"height\":82,\"caption\":\"Apen: Soluciones inform\u00e1ticas\"},\"image\":{\"@id\":\"https:\\\/\\\/www.apen.es\\\/#\\\/schema\\\/logo\\\/image\\\/\"},\"sameAs\":[\"https:\\\/\\\/www.facebook.com\\\/apensolucions\",\"https:\\\/\\\/www.youtube.com\\\/user\\\/ApenCentreInformatic\",\"https:\\\/\\\/www.linkedin.com\\\/company\\\/1021771?trk=tyah&trkInfo=clickedVerticalcompanyclickedEntityId1021771idx2-1-2tarId1464195271196tasapenin\"]}]}<\/script>\n<!-- \/ Yoast SEO plugin. -->","yoast_head_json":{"title":"Renting fotocopiadora Konica Minolta Terrassa - Apen Inform\u00e1tica","description":"Alquiler y Renting de focopiadoras de la marca Konica Minolta en Terrassa para peque\u00f1as y medianas empresas. Soluciones de impresi\u00f3n para PYMES.","robots":{"index":"index","follow":"follow","max-snippet":"max-snippet:-1","max-image-preview":"max-image-preview:large","max-video-preview":"max-video-preview:-1"},"canonical":"https:\/\/www.apen.es\/ca\/fotocopiadora\/renting-fotocopiadora-konica-minolta\/renting-terrassa\/","og_locale":"ca_ES","og_type":"article","og_title":"Renting fotocopiadora Konica Minolta Terrassa - Apen Inform\u00e1tica","og_description":"Alquiler y Renting de focopiadoras de la marca Konica Minolta en Terrassa para peque\u00f1as y medianas empresas. Soluciones de impresi\u00f3n para PYMES.","og_url":"https:\/\/www.apen.es\/ca\/fotocopiadora\/renting-fotocopiadora-konica-minolta\/renting-terrassa\/","og_site_name":"Apen Inform\u00e1tica","article_publisher":"https:\/\/www.facebook.com\/apensolucions","article_modified_time":"2025-05-23T08:25:00+00:00","og_image":[{"width":231,"height":82,"url":"https:\/\/www.apen.es\/wp-content\/uploads\/2016\/05\/logo-apen-231x82-trasparent.png","type":"image\/png"}],"twitter_card":"summary_large_image","twitter_misc":{"Temps estimat de lectura":"7 minuts"},"schema":{"@context":"https:\/\/schema.org","@graph":[{"@type":"WebPage","@id":"https:\/\/www.apen.es\/fotocopiadora\/renting-fotocopiadora-konica-minolta\/renting-terrassa\/","url":"https:\/\/www.apen.es\/fotocopiadora\/renting-fotocopiadora-konica-minolta\/renting-terrassa\/","name":"Renting fotocopiadora Konica Minolta Terrassa - Apen Inform\u00e1tica","isPartOf":{"@id":"https:\/\/www.apen.es\/#website"},"datePublished":"2018-11-19T14:22:19+00:00","dateModified":"2025-05-23T08:25:00+00:00","description":"Alquiler y Renting de focopiadoras de la marca Konica Minolta en Terrassa para peque\u00f1as y medianas empresas. Soluciones de impresi\u00f3n para PYMES.","breadcrumb":{"@id":"https:\/\/www.apen.es\/fotocopiadora\/renting-fotocopiadora-konica-minolta\/renting-terrassa\/#breadcrumb"},"inLanguage":"ca","potentialAction":[{"@type":"ReadAction","target":["https:\/\/www.apen.es\/fotocopiadora\/renting-fotocopiadora-konica-minolta\/renting-terrassa\/"]}]},{"@type":"BreadcrumbList","@id":"https:\/\/www.apen.es\/fotocopiadora\/renting-fotocopiadora-konica-minolta\/renting-terrassa\/#breadcrumb","itemListElement":[{"@type":"ListItem","position":1,"name":"Portada","item":"https:\/\/www.apen.es\/"},{"@type":"ListItem","position":2,"name":"Fotocopiadora","item":"https:\/\/www.apen.es\/fotocopiadora\/"},{"@type":"ListItem","position":3,"name":"Renting fotocopiadora Konica Minolta","item":"https:\/\/www.apen.es\/fotocopiadora\/renting-fotocopiadora-konica-minolta\/"},{"@type":"ListItem","position":4,"name":"Renting fotocopiadora Konica Minolta Terrassa"}]},{"@type":"WebSite","@id":"https:\/\/www.apen.es\/#website","url":"https:\/\/www.apen.es\/","name":"Apen Inform\u00e0tica","description":"Manteniment inform\u00e0tic , programari de gesti\u00f3, solucions d&#039;impressi\u00f3","publisher":{"@id":"https:\/\/www.apen.es\/#organization"},"potentialAction":[{"@type":"SearchAction","target":{"@type":"EntryPoint","urlTemplate":"https:\/\/www.apen.es\/?s={search_term_string}"},"query-input":{"@type":"PropertyValueSpecification","valueRequired":true,"valueName":"search_term_string"}}],"inLanguage":"ca"},{"@type":"Organization","@id":"https:\/\/www.apen.es\/#organization","name":"Apen: Solucions inform\u00e0tiques","url":"https:\/\/www.apen.es\/","logo":{"@type":"ImageObject","inLanguage":"ca","@id":"https:\/\/www.apen.es\/#\/schema\/logo\/image\/","url":"https:\/\/www.apen.es\/wp-content\/uploads\/2022\/08\/logo-apenok-231x82-1.png","contentUrl":"https:\/\/www.apen.es\/wp-content\/uploads\/2022\/08\/logo-apenok-231x82-1.png","width":231,"height":82,"caption":"Apen: Soluciones inform\u00e1ticas"},"image":{"@id":"https:\/\/www.apen.es\/#\/schema\/logo\/image\/"},"sameAs":["https:\/\/www.facebook.com\/apensolucions","https:\/\/www.youtube.com\/user\/ApenCentreInformatic","https:\/\/www.linkedin.com\/company\/1021771?trk=tyah&trkInfo=clickedVerticalcompanyclickedEntityId1021771idx2-1-2tarId1464195271196tasapenin"]}]}},"taxonomy_info":[],"featured_image_src_large":false,"author_info":{"display_name":"marqueting","author_link":"https:\/\/www.apen.es\/ca\/blog\/author\/marqueting\/"},"comment_info":0,"_links":{"self":[{"href":"https:\/\/www.apen.es\/ca\/wp-json\/wp\/v2\/pages\/12361","targetHints":{"allow":["GET"]}}],"collection":[{"href":"https:\/\/www.apen.es\/ca\/wp-json\/wp\/v2\/pages"}],"about":[{"href":"https:\/\/www.apen.es\/ca\/wp-json\/wp\/v2\/types\/page"}],"author":[{"embeddable":true,"href":"https:\/\/www.apen.es\/ca\/wp-json\/wp\/v2\/users\/4"}],"replies":[{"embeddable":true,"href":"https:\/\/www.apen.es\/ca\/wp-json\/wp\/v2\/comments?post=12361"}],"version-history":[{"count":3,"href":"https:\/\/www.apen.es\/ca\/wp-json\/wp\/v2\/pages\/12361\/revisions"}],"predecessor-version":[{"id":54900,"href":"https:\/\/www.apen.es\/ca\/wp-json\/wp\/v2\/pages\/12361\/revisions\/54900"}],"up":[{"embeddable":true,"href":"https:\/\/www.apen.es\/ca\/wp-json\/wp\/v2\/pages\/12251"}],"wp:attachment":[{"href":"https:\/\/www.apen.es\/ca\/wp-json\/wp\/v2\/media?parent=12361"}],"curies":[{"name":"wp","href":"https:\/\/api.w.org\/{rel}","templated":true}]}}