{"id":12359,"date":"2018-11-19T14:18:37","date_gmt":"2018-11-19T14:18:37","guid":{"rendered":"https:\/\/www.apen.es\/?page_id=12359"},"modified":"2025-05-23T08:25:08","modified_gmt":"2025-05-23T08:25:08","slug":"renting-granollers","status":"publish","type":"page","link":"https:\/\/www.apen.es\/ca\/fotocopiadora\/renting-fotocopiadora-konica-minolta\/renting-granollers\/","title":{"rendered":"R\u00e8nting fotocopiadora Konica Minolta Granollers"},"content":{"rendered":"<p>Actualment hi ha moltes empreses que volen disposar del millor material d&#039;impressi\u00f3 a un preu competitiu. Per aix\u00f2, la compra pot ser una opci\u00f3 una mica m\u00e9s complicada, per la qual cosa realitzar un&nbsp;<strong>r\u00e8nting d&#039;una fotocopiadora Konicaminolta a Granollers<\/strong>&nbsp;pot ser lopci\u00f3 ideal. La nostra empresa sempre aposta per oferir productes de m\u00e0xima qualitat a totes aquelles empreses que els requereixin, i aquest nou servei compleix aquests requisits. Gr\u00e0cies a aix\u00f2, tant petites com grans empreses i independentment del sector a qu\u00e8 es dediquin, podran accedir a productes de primera qualitat i equipats amb la tecnologia m\u00e9s innovadora.<\/p>\n\n\n\n<p>Entre els avantatges d&#039;aquest servei, podem trobar que el&nbsp;<strong>r\u00e8nting de fotocopiadores Konicaminolta a Granollers<\/strong>&nbsp;permet a les empreses disposar d&#039;un aparell d&#039;una gamma for\u00e7a superior al que podrien accedir si l&#039;haguessin de comprar del tot. D&#039;aquesta manera, l&#039;empresa que tingui aquest servei oferir\u00e0 millors resultats a un preu molt competitiu, cosa que la diferenciar\u00e0 completament de la compet\u00e8ncia. Entre els nostres objectius destaca trobar les millors solucions per als nostres clients, i aquest servei compleix totes aquelles funcions que s\u00f3n ideals per resoldre problemes de tot tipus d&#039;empreses.<\/p>\n\n\n\n<p>Un dels grans avantatges que pot tenir aquest servei \u00e9s que, tant el manteniment com les peces de recanvi o la m\u00e0 d&#039;obra que fos necess\u00e0ria en cas d&#039;avaria, s\u00f3n a compte de la nostra empresa. Nosaltres ens ocupem daquest tipus de problemes sempre que sigui causat per l\u00fas del dispositiu. D&#039;aquesta manera, aquest&nbsp;<strong>r\u00e8nting de fotocopiadora Konicaminolta<\/strong>&nbsp;<strong>a Granollers<\/strong>, permet que qualsevol empresa disposa d&#039;un producte amb grans qualitats, per\u00f2 sense haver de preocupar-se pel manteniment. Gr\u00e0cies a aix\u00f2, l&#039;empresa sabr\u00e0 qu\u00e8 gasta cada mes sense tenir cap tipus de cost addicional amb qu\u00e8 no comptava.<\/p>\n\n\n\n<p>Quant al preu d&#039;aquest servei, es determina mitjan\u00e7ant una negociaci\u00f3 amb la nostra empresa, ja que depenent del nombre d&#039;impressions o \u00fas que se li donar\u00e0 a l&#039;aparell, el preu ser\u00e0 m\u00e9s o menys elevat. D&#039;aquesta manera, amb el nostre servei de&nbsp;<strong>r\u00e8nting de<\/strong>&nbsp;<strong>fotocopiadores Konicaminolta a Granollers<\/strong>, les empreses poden saber quant es gastaran cada mes en aquest departament. Per a aquells negocis que estiguin comen\u00e7ant o necessitin reciclar tot el vostre equip, aquest servei pot ser una opci\u00f3 m\u00e9s que encertada.<\/p>\n\n\n\n<p>Si voleu saber m\u00e9s sobre la nostra empresa o sobre el nostre servei de&nbsp;<strong>r\u00e8nting de<\/strong>&nbsp;<strong>fotocopiadores Konicaminolta a Granollers<\/strong>, no dubteu a posar-se en contacte amb nosaltres. El nostre gran equip de professionals estar\u00e0 disposat a rebre&#039;l i oferir tota la informaci\u00f3 que requereixi sense cap tipus de comprom\u00eds previ, a m\u00e9s d&#039;oferir-li un tracte totalment personalitzat i adaptat a les seves necessitats i prefer\u00e8ncies.<\/p>","protected":false},"excerpt":{"rendered":"<p>Actualmente son muchas las empresas que quieren disponer del mejor material de impresi\u00f3n a un precio competitivo. Para ello, la compra puede ser una opci\u00f3n algo m\u00e1s complicada, por lo que realizar un&nbsp;renting de una fotocopiadora Konicaminolta en Granollers&nbsp;puede ser la opci\u00f3n ideal. Nuestra empresa siempre apuesta por ofrecer productos de m\u00e1xima calidad a todas&#8230;<\/p>","protected":false},"author":4,"featured_media":0,"parent":12251,"menu_order":0,"comment_status":"closed","ping_status":"closed","template":"page-renting-impresoras.php","meta":{"_acf_changed":false,"_kad_blocks_custom_css":"","_kad_blocks_head_custom_js":"","_kad_blocks_body_custom_js":"","_kad_blocks_footer_custom_js":"","_kad_post_transparent":"","_kad_post_title":"","_kad_post_layout":"","_kad_post_sidebar_id":"","_kad_post_content_style":"","_kad_post_vertical_padding":"","_kad_post_feature":"","_kad_post_feature_position":"","_kad_post_header":false,"_kad_post_footer":false,"_kad_post_classname":"","footnotes":""},"class_list":["post-12359","page","type-page","status-publish","hentry"],"acf":[],"yoast_head":"<!-- This site is optimized with the Yoast SEO plugin v27.4 - https:\/\/yoast.com\/product\/yoast-seo-wordpress\/ -->\n<title>Renting fotocopiadora Konica Minolta Granollers - Apen Inform\u00e1tica<\/title>\n<meta name=\"description\" content=\"Alquiler y Renting de focopiadoras de la marca Konica Minolta en Granollers para peque\u00f1as y medianas empresas. Soluciones de impresi\u00f3n para PYMES.\" \/>\n<meta name=\"robots\" content=\"index, follow, max-snippet:-1, max-image-preview:large, max-video-preview:-1\" \/>\n<link rel=\"canonical\" href=\"https:\/\/www.apen.es\/ca\/fotocopiadora\/renting-fotocopiadora-konica-minolta\/renting-granollers\/\" \/>\n<meta property=\"og:locale\" content=\"ca_ES\" \/>\n<meta property=\"og:type\" content=\"article\" \/>\n<meta property=\"og:title\" content=\"Renting fotocopiadora Konica Minolta Granollers - Apen Inform\u00e1tica\" \/>\n<meta property=\"og:description\" content=\"Alquiler y Renting de focopiadoras de la marca Konica Minolta en Granollers para peque\u00f1as y medianas empresas. Soluciones de impresi\u00f3n para PYMES.\" \/>\n<meta property=\"og:url\" content=\"https:\/\/www.apen.es\/ca\/fotocopiadora\/renting-fotocopiadora-konica-minolta\/renting-granollers\/\" \/>\n<meta property=\"og:site_name\" content=\"Apen Inform\u00e1tica\" \/>\n<meta property=\"article:publisher\" content=\"https:\/\/www.facebook.com\/apensolucions\" \/>\n<meta property=\"article:modified_time\" content=\"2025-05-23T08:25:08+00:00\" \/>\n<meta property=\"og:image\" content=\"https:\/\/www.apen.es\/wp-content\/uploads\/2016\/05\/logo-apen-231x82-trasparent.png\" \/>\n\t<meta property=\"og:image:width\" content=\"231\" \/>\n\t<meta property=\"og:image:height\" content=\"82\" \/>\n\t<meta property=\"og:image:type\" content=\"image\/png\" \/>\n<meta name=\"twitter:card\" content=\"summary_large_image\" \/>\n<meta name=\"twitter:label1\" content=\"Temps estimat de lectura\" \/>\n\t<meta name=\"twitter:data1\" content=\"8 minuts\" \/>\n<script type=\"application\/ld+json\" class=\"yoast-schema-graph\">{\"@context\":\"https:\\\/\\\/schema.org\",\"@graph\":[{\"@type\":\"WebPage\",\"@id\":\"https:\\\/\\\/www.apen.es\\\/fotocopiadora\\\/renting-fotocopiadora-konica-minolta\\\/renting-granollers\\\/\",\"url\":\"https:\\\/\\\/www.apen.es\\\/fotocopiadora\\\/renting-fotocopiadora-konica-minolta\\\/renting-granollers\\\/\",\"name\":\"Renting fotocopiadora Konica Minolta Granollers - Apen Inform\u00e1tica\",\"isPartOf\":{\"@id\":\"https:\\\/\\\/www.apen.es\\\/#website\"},\"datePublished\":\"2018-11-19T14:18:37+00:00\",\"dateModified\":\"2025-05-23T08:25:08+00:00\",\"description\":\"Alquiler y Renting de focopiadoras de la marca Konica Minolta en Granollers para peque\u00f1as y medianas empresas. Soluciones de impresi\u00f3n para PYMES.\",\"breadcrumb\":{\"@id\":\"https:\\\/\\\/www.apen.es\\\/fotocopiadora\\\/renting-fotocopiadora-konica-minolta\\\/renting-granollers\\\/#breadcrumb\"},\"inLanguage\":\"ca\",\"potentialAction\":[{\"@type\":\"ReadAction\",\"target\":[\"https:\\\/\\\/www.apen.es\\\/fotocopiadora\\\/renting-fotocopiadora-konica-minolta\\\/renting-granollers\\\/\"]}]},{\"@type\":\"BreadcrumbList\",\"@id\":\"https:\\\/\\\/www.apen.es\\\/fotocopiadora\\\/renting-fotocopiadora-konica-minolta\\\/renting-granollers\\\/#breadcrumb\",\"itemListElement\":[{\"@type\":\"ListItem\",\"position\":1,\"name\":\"Portada\",\"item\":\"https:\\\/\\\/www.apen.es\\\/\"},{\"@type\":\"ListItem\",\"position\":2,\"name\":\"Fotocopiadora\",\"item\":\"https:\\\/\\\/www.apen.es\\\/fotocopiadora\\\/\"},{\"@type\":\"ListItem\",\"position\":3,\"name\":\"Renting fotocopiadora Konica Minolta\",\"item\":\"https:\\\/\\\/www.apen.es\\\/fotocopiadora\\\/renting-fotocopiadora-konica-minolta\\\/\"},{\"@type\":\"ListItem\",\"position\":4,\"name\":\"Renting fotocopiadora Konica Minolta Granollers\"}]},{\"@type\":\"WebSite\",\"@id\":\"https:\\\/\\\/www.apen.es\\\/#website\",\"url\":\"https:\\\/\\\/www.apen.es\\\/\",\"name\":\"Apen Inform\u00e1tica\",\"description\":\"Mantenimiento Inform\u00e1tico , Software de Gesti\u00f3n, Soluciones de impresi\u00f3n\",\"publisher\":{\"@id\":\"https:\\\/\\\/www.apen.es\\\/#organization\"},\"potentialAction\":[{\"@type\":\"SearchAction\",\"target\":{\"@type\":\"EntryPoint\",\"urlTemplate\":\"https:\\\/\\\/www.apen.es\\\/?s={search_term_string}\"},\"query-input\":{\"@type\":\"PropertyValueSpecification\",\"valueRequired\":true,\"valueName\":\"search_term_string\"}}],\"inLanguage\":\"ca\"},{\"@type\":\"Organization\",\"@id\":\"https:\\\/\\\/www.apen.es\\\/#organization\",\"name\":\"Apen: Soluciones inform\u00e1ticas\",\"url\":\"https:\\\/\\\/www.apen.es\\\/\",\"logo\":{\"@type\":\"ImageObject\",\"inLanguage\":\"ca\",\"@id\":\"https:\\\/\\\/www.apen.es\\\/#\\\/schema\\\/logo\\\/image\\\/\",\"url\":\"https:\\\/\\\/www.apen.es\\\/wp-content\\\/uploads\\\/2022\\\/08\\\/logo-apenok-231x82-1.png\",\"contentUrl\":\"https:\\\/\\\/www.apen.es\\\/wp-content\\\/uploads\\\/2022\\\/08\\\/logo-apenok-231x82-1.png\",\"width\":231,\"height\":82,\"caption\":\"Apen: Soluciones inform\u00e1ticas\"},\"image\":{\"@id\":\"https:\\\/\\\/www.apen.es\\\/#\\\/schema\\\/logo\\\/image\\\/\"},\"sameAs\":[\"https:\\\/\\\/www.facebook.com\\\/apensolucions\",\"https:\\\/\\\/www.youtube.com\\\/user\\\/ApenCentreInformatic\",\"https:\\\/\\\/www.linkedin.com\\\/company\\\/1021771?trk=tyah&trkInfo=clickedVerticalcompanyclickedEntityId1021771idx2-1-2tarId1464195271196tasapenin\"]}]}<\/script>\n<!-- \/ Yoast SEO plugin. -->","yoast_head_json":{"title":"Renting fotocopiadora Konica Minolta Granollers - Apen Inform\u00e1tica","description":"Alquiler y Renting de focopiadoras de la marca Konica Minolta en Granollers para peque\u00f1as y medianas empresas. Soluciones de impresi\u00f3n para PYMES.","robots":{"index":"index","follow":"follow","max-snippet":"max-snippet:-1","max-image-preview":"max-image-preview:large","max-video-preview":"max-video-preview:-1"},"canonical":"https:\/\/www.apen.es\/ca\/fotocopiadora\/renting-fotocopiadora-konica-minolta\/renting-granollers\/","og_locale":"ca_ES","og_type":"article","og_title":"Renting fotocopiadora Konica Minolta Granollers - Apen Inform\u00e1tica","og_description":"Alquiler y Renting de focopiadoras de la marca Konica Minolta en Granollers para peque\u00f1as y medianas empresas. Soluciones de impresi\u00f3n para PYMES.","og_url":"https:\/\/www.apen.es\/ca\/fotocopiadora\/renting-fotocopiadora-konica-minolta\/renting-granollers\/","og_site_name":"Apen Inform\u00e1tica","article_publisher":"https:\/\/www.facebook.com\/apensolucions","article_modified_time":"2025-05-23T08:25:08+00:00","og_image":[{"width":231,"height":82,"url":"https:\/\/www.apen.es\/wp-content\/uploads\/2016\/05\/logo-apen-231x82-trasparent.png","type":"image\/png"}],"twitter_card":"summary_large_image","twitter_misc":{"Temps estimat de lectura":"8 minuts"},"schema":{"@context":"https:\/\/schema.org","@graph":[{"@type":"WebPage","@id":"https:\/\/www.apen.es\/fotocopiadora\/renting-fotocopiadora-konica-minolta\/renting-granollers\/","url":"https:\/\/www.apen.es\/fotocopiadora\/renting-fotocopiadora-konica-minolta\/renting-granollers\/","name":"Renting fotocopiadora Konica Minolta Granollers - Apen Inform\u00e1tica","isPartOf":{"@id":"https:\/\/www.apen.es\/#website"},"datePublished":"2018-11-19T14:18:37+00:00","dateModified":"2025-05-23T08:25:08+00:00","description":"Alquiler y Renting de focopiadoras de la marca Konica Minolta en Granollers para peque\u00f1as y medianas empresas. Soluciones de impresi\u00f3n para PYMES.","breadcrumb":{"@id":"https:\/\/www.apen.es\/fotocopiadora\/renting-fotocopiadora-konica-minolta\/renting-granollers\/#breadcrumb"},"inLanguage":"ca","potentialAction":[{"@type":"ReadAction","target":["https:\/\/www.apen.es\/fotocopiadora\/renting-fotocopiadora-konica-minolta\/renting-granollers\/"]}]},{"@type":"BreadcrumbList","@id":"https:\/\/www.apen.es\/fotocopiadora\/renting-fotocopiadora-konica-minolta\/renting-granollers\/#breadcrumb","itemListElement":[{"@type":"ListItem","position":1,"name":"Portada","item":"https:\/\/www.apen.es\/"},{"@type":"ListItem","position":2,"name":"Fotocopiadora","item":"https:\/\/www.apen.es\/fotocopiadora\/"},{"@type":"ListItem","position":3,"name":"Renting fotocopiadora Konica Minolta","item":"https:\/\/www.apen.es\/fotocopiadora\/renting-fotocopiadora-konica-minolta\/"},{"@type":"ListItem","position":4,"name":"Renting fotocopiadora Konica Minolta Granollers"}]},{"@type":"WebSite","@id":"https:\/\/www.apen.es\/#website","url":"https:\/\/www.apen.es\/","name":"Apen Inform\u00e0tica","description":"Manteniment inform\u00e0tic , programari de gesti\u00f3, solucions d&#039;impressi\u00f3","publisher":{"@id":"https:\/\/www.apen.es\/#organization"},"potentialAction":[{"@type":"SearchAction","target":{"@type":"EntryPoint","urlTemplate":"https:\/\/www.apen.es\/?s={search_term_string}"},"query-input":{"@type":"PropertyValueSpecification","valueRequired":true,"valueName":"search_term_string"}}],"inLanguage":"ca"},{"@type":"Organization","@id":"https:\/\/www.apen.es\/#organization","name":"Apen: Solucions inform\u00e0tiques","url":"https:\/\/www.apen.es\/","logo":{"@type":"ImageObject","inLanguage":"ca","@id":"https:\/\/www.apen.es\/#\/schema\/logo\/image\/","url":"https:\/\/www.apen.es\/wp-content\/uploads\/2022\/08\/logo-apenok-231x82-1.png","contentUrl":"https:\/\/www.apen.es\/wp-content\/uploads\/2022\/08\/logo-apenok-231x82-1.png","width":231,"height":82,"caption":"Apen: Soluciones inform\u00e1ticas"},"image":{"@id":"https:\/\/www.apen.es\/#\/schema\/logo\/image\/"},"sameAs":["https:\/\/www.facebook.com\/apensolucions","https:\/\/www.youtube.com\/user\/ApenCentreInformatic","https:\/\/www.linkedin.com\/company\/1021771?trk=tyah&trkInfo=clickedVerticalcompanyclickedEntityId1021771idx2-1-2tarId1464195271196tasapenin"]}]}},"taxonomy_info":[],"featured_image_src_large":false,"author_info":{"display_name":"marqueting","author_link":"https:\/\/www.apen.es\/ca\/blog\/author\/marqueting\/"},"comment_info":0,"_links":{"self":[{"href":"https:\/\/www.apen.es\/ca\/wp-json\/wp\/v2\/pages\/12359","targetHints":{"allow":["GET"]}}],"collection":[{"href":"https:\/\/www.apen.es\/ca\/wp-json\/wp\/v2\/pages"}],"about":[{"href":"https:\/\/www.apen.es\/ca\/wp-json\/wp\/v2\/types\/page"}],"author":[{"embeddable":true,"href":"https:\/\/www.apen.es\/ca\/wp-json\/wp\/v2\/users\/4"}],"replies":[{"embeddable":true,"href":"https:\/\/www.apen.es\/ca\/wp-json\/wp\/v2\/comments?post=12359"}],"version-history":[{"count":3,"href":"https:\/\/www.apen.es\/ca\/wp-json\/wp\/v2\/pages\/12359\/revisions"}],"predecessor-version":[{"id":54901,"href":"https:\/\/www.apen.es\/ca\/wp-json\/wp\/v2\/pages\/12359\/revisions\/54901"}],"up":[{"embeddable":true,"href":"https:\/\/www.apen.es\/ca\/wp-json\/wp\/v2\/pages\/12251"}],"wp:attachment":[{"href":"https:\/\/www.apen.es\/ca\/wp-json\/wp\/v2\/media?parent=12359"}],"curies":[{"name":"wp","href":"https:\/\/api.w.org\/{rel}","templated":true}]}}