{"id":12357,"date":"2018-11-19T14:13:52","date_gmt":"2018-11-19T14:13:52","guid":{"rendered":"https:\/\/www.apen.es\/?page_id=12357"},"modified":"2025-05-23T08:07:16","modified_gmt":"2025-05-23T08:07:16","slug":"renting-vic","status":"publish","type":"page","link":"https:\/\/www.apen.es\/ca\/fotocopiadora\/renting-fotocopiadora-konica-minolta\/renting-vic\/","title":{"rendered":"R\u00e8nting fotocopiadora Konica Minolta Vic"},"content":{"rendered":"<p>Konica Minolta, \u00e9s una empresa coneguda i l\u00edder a nivell mundial que s&#039;encarrega de fabricar productes relacionats amb la inform\u00e0tica i altres productes d&#039;\u00faltima generaci\u00f3, per la qual cosa ofereixen una \u00e0mplia gamma de productes, serveis i solucions que s\u00f3n essencials per a totes les \u00e0rees de la imatge digital en entorns d&#039;oficina i producci\u00f3. A m\u00e9s, una de les seves preocupacions principals \u00e9s la satisfacci\u00f3 de tots els seus clients, cosa que t\u00e9 en com\u00fa amb la nostra empresa, Apen, especialistes en serveis inform\u00e0tics.<\/p>\n\n\n\n<p>Per aquesta ra\u00f3, a Apen treballem de la m\u00e0 d&#039;aquesta empresa, per tal de poder oferir-vos productes de primera qualitat, sense la necessitat d&#039;haver de fer grans inversions, ja que sabem que no totes les empreses es poden permetre la compra d&#039;un d&#039;aquests aparells, a m\u00e9s avui dia la tecnologia avan\u00e7a tan r\u00e0pid que si no fos pel nostre servei de&nbsp;<strong>r\u00e8nting de fotocopiadores Konica Minolta a Vic,&nbsp;<\/strong>per a moltes empreses seria pr\u00e0cticament impossible poder canviar la fotocopiadora o qualsevol altre producte similar cada vegada que es llan\u00e7a al mercat una versi\u00f3 millorada que pugui ser molt m\u00e9s \u00fatil per a la feina que es realitza dia rere dia.<\/p>\n\n\n\n<p>Aquesta \u00e9s la principal ra\u00f3 per la qual pensem que el&nbsp;<strong>r\u00e8nting de fotocopiadores Konica Minolta a Vic<\/strong>, \u00e9s la millor opci\u00f3 per a les empreses, ja que els permet comprar els \u00faltims models del mercat i pagar nom\u00e9s una quota fixa mensual, ja que aquest servei consisteix a realitzar una mena de contracte en el qual es detalla la quota i el temps que durar\u00e0 aquest acord, per la qual cosa, a la vostra empresa aconseguireu estalviar una gran quantitat de costos, augmentareu la vostra productivitat i podreu planificar millor.<\/p>\n\n\n\n<p>Per\u00f2 aquesta no \u00e9s l&#039;\u00fanica ra\u00f3 per la qual creiem que aquest servei de&nbsp;<strong>r\u00e8nting de fotocopiadores Konica Minolta a Vic,<\/strong>&nbsp;\u00e9s una bona opci\u00f3 per a tots vosaltres, sin\u00f3 que a m\u00e9s del que us ofereix, tamb\u00e9 obtindreu una certa tranquil\u00b7litat i estabilitat econ\u00f2mica, ja que en el contracte est\u00e0 fixada la quantitat que heu de pagar i no caldr\u00e0 que us preocupeu de res m\u00e9s, per exemple les revisions peri\u00f2diques de la fotocopiadora corren a c\u00e0rrec de la nostra empresa, i en el cas que es totalment fem c\u00e0rrec de qualsevol imprevist que pugui sorgir.<\/p>\n\n\n\n<p>Per con\u00e8ixer m\u00e9s sobre el&nbsp;<strong>r\u00e8nting de fotocopiadores Konica Minolta a Vic<\/strong>&nbsp;o sobre qualsevol altre producte o servei dels que oferim a la nostra empresa, no dubteu a posar-vos en contacte amb nosaltres, ja que estarem encantats de poder-vos atendre i de poder resoldre qualsevol dubte que tingueu de forma personalitzada i sense cap mena de comprom\u00eds.<\/p>","protected":false},"excerpt":{"rendered":"<p>Konica Minolta, es un empresa conocida y l\u00edder a nivel mundial que se encarga de fabricar de productos relacionados con la inform\u00e1tica y otros productos de \u00faltima generaci\u00f3n, por lo que ofrecen una amplia gama de productos, servicios y soluciones que son esenciales para todas las \u00e1reas de la imagen digital en entornos de oficina&#8230;<\/p>","protected":false},"author":4,"featured_media":0,"parent":12251,"menu_order":0,"comment_status":"closed","ping_status":"closed","template":"page-renting-impresoras.php","meta":{"_acf_changed":false,"_kad_blocks_custom_css":"","_kad_blocks_head_custom_js":"","_kad_blocks_body_custom_js":"","_kad_blocks_footer_custom_js":"","_kad_post_transparent":"","_kad_post_title":"","_kad_post_layout":"","_kad_post_sidebar_id":"","_kad_post_content_style":"","_kad_post_vertical_padding":"","_kad_post_feature":"","_kad_post_feature_position":"","_kad_post_header":false,"_kad_post_footer":false,"_kad_post_classname":"","footnotes":""},"class_list":["post-12357","page","type-page","status-publish","hentry"],"acf":[],"yoast_head":"<!-- This site is optimized with the Yoast SEO plugin v27.4 - https:\/\/yoast.com\/product\/yoast-seo-wordpress\/ -->\n<title>Renting fotocopiadora Konica Minolta Vic - Apen Inform\u00e1tica<\/title>\n<meta name=\"description\" content=\"Alquiler y Renting de focopiadoras de la marca Konica Minolta en Vic para peque\u00f1as y medianas empresas. Soluciones de impresi\u00f3n para PYMES.\" \/>\n<meta name=\"robots\" content=\"index, follow, max-snippet:-1, max-image-preview:large, max-video-preview:-1\" \/>\n<link rel=\"canonical\" href=\"https:\/\/www.apen.es\/ca\/fotocopiadora\/renting-fotocopiadora-konica-minolta\/renting-vic\/\" \/>\n<meta property=\"og:locale\" content=\"ca_ES\" \/>\n<meta property=\"og:type\" content=\"article\" \/>\n<meta property=\"og:title\" content=\"Renting fotocopiadora Konica Minolta Vic - Apen Inform\u00e1tica\" \/>\n<meta property=\"og:description\" content=\"Alquiler y Renting de focopiadoras de la marca Konica Minolta en Vic para peque\u00f1as y medianas empresas. Soluciones de impresi\u00f3n para PYMES.\" \/>\n<meta property=\"og:url\" content=\"https:\/\/www.apen.es\/ca\/fotocopiadora\/renting-fotocopiadora-konica-minolta\/renting-vic\/\" \/>\n<meta property=\"og:site_name\" content=\"Apen Inform\u00e1tica\" \/>\n<meta property=\"article:publisher\" content=\"https:\/\/www.facebook.com\/apensolucions\" \/>\n<meta property=\"article:modified_time\" content=\"2025-05-23T08:07:16+00:00\" \/>\n<meta property=\"og:image\" content=\"https:\/\/www.apen.es\/wp-content\/uploads\/2016\/05\/logo-apen-231x82-trasparent.png\" \/>\n\t<meta property=\"og:image:width\" content=\"231\" \/>\n\t<meta property=\"og:image:height\" content=\"82\" \/>\n\t<meta property=\"og:image:type\" content=\"image\/png\" \/>\n<meta name=\"twitter:card\" content=\"summary_large_image\" \/>\n<meta name=\"twitter:label1\" content=\"Temps estimat de lectura\" \/>\n\t<meta name=\"twitter:data1\" content=\"8 minuts\" \/>\n<script type=\"application\/ld+json\" class=\"yoast-schema-graph\">{\"@context\":\"https:\\\/\\\/schema.org\",\"@graph\":[{\"@type\":\"WebPage\",\"@id\":\"https:\\\/\\\/www.apen.es\\\/fotocopiadora\\\/renting-fotocopiadora-konica-minolta\\\/renting-vic\\\/\",\"url\":\"https:\\\/\\\/www.apen.es\\\/fotocopiadora\\\/renting-fotocopiadora-konica-minolta\\\/renting-vic\\\/\",\"name\":\"Renting fotocopiadora Konica Minolta Vic - Apen Inform\u00e1tica\",\"isPartOf\":{\"@id\":\"https:\\\/\\\/www.apen.es\\\/#website\"},\"datePublished\":\"2018-11-19T14:13:52+00:00\",\"dateModified\":\"2025-05-23T08:07:16+00:00\",\"description\":\"Alquiler y Renting de focopiadoras de la marca Konica Minolta en Vic para peque\u00f1as y medianas empresas. Soluciones de impresi\u00f3n para PYMES.\",\"breadcrumb\":{\"@id\":\"https:\\\/\\\/www.apen.es\\\/fotocopiadora\\\/renting-fotocopiadora-konica-minolta\\\/renting-vic\\\/#breadcrumb\"},\"inLanguage\":\"ca\",\"potentialAction\":[{\"@type\":\"ReadAction\",\"target\":[\"https:\\\/\\\/www.apen.es\\\/fotocopiadora\\\/renting-fotocopiadora-konica-minolta\\\/renting-vic\\\/\"]}]},{\"@type\":\"BreadcrumbList\",\"@id\":\"https:\\\/\\\/www.apen.es\\\/fotocopiadora\\\/renting-fotocopiadora-konica-minolta\\\/renting-vic\\\/#breadcrumb\",\"itemListElement\":[{\"@type\":\"ListItem\",\"position\":1,\"name\":\"Portada\",\"item\":\"https:\\\/\\\/www.apen.es\\\/\"},{\"@type\":\"ListItem\",\"position\":2,\"name\":\"Fotocopiadora\",\"item\":\"https:\\\/\\\/www.apen.es\\\/fotocopiadora\\\/\"},{\"@type\":\"ListItem\",\"position\":3,\"name\":\"Renting fotocopiadora Konica Minolta\",\"item\":\"https:\\\/\\\/www.apen.es\\\/fotocopiadora\\\/renting-fotocopiadora-konica-minolta\\\/\"},{\"@type\":\"ListItem\",\"position\":4,\"name\":\"Renting fotocopiadora Konica Minolta Vic\"}]},{\"@type\":\"WebSite\",\"@id\":\"https:\\\/\\\/www.apen.es\\\/#website\",\"url\":\"https:\\\/\\\/www.apen.es\\\/\",\"name\":\"Apen Inform\u00e1tica\",\"description\":\"Mantenimiento Inform\u00e1tico , Software de Gesti\u00f3n, Soluciones de impresi\u00f3n\",\"publisher\":{\"@id\":\"https:\\\/\\\/www.apen.es\\\/#organization\"},\"potentialAction\":[{\"@type\":\"SearchAction\",\"target\":{\"@type\":\"EntryPoint\",\"urlTemplate\":\"https:\\\/\\\/www.apen.es\\\/?s={search_term_string}\"},\"query-input\":{\"@type\":\"PropertyValueSpecification\",\"valueRequired\":true,\"valueName\":\"search_term_string\"}}],\"inLanguage\":\"ca\"},{\"@type\":\"Organization\",\"@id\":\"https:\\\/\\\/www.apen.es\\\/#organization\",\"name\":\"Apen: Soluciones inform\u00e1ticas\",\"url\":\"https:\\\/\\\/www.apen.es\\\/\",\"logo\":{\"@type\":\"ImageObject\",\"inLanguage\":\"ca\",\"@id\":\"https:\\\/\\\/www.apen.es\\\/#\\\/schema\\\/logo\\\/image\\\/\",\"url\":\"https:\\\/\\\/www.apen.es\\\/wp-content\\\/uploads\\\/2022\\\/08\\\/logo-apenok-231x82-1.png\",\"contentUrl\":\"https:\\\/\\\/www.apen.es\\\/wp-content\\\/uploads\\\/2022\\\/08\\\/logo-apenok-231x82-1.png\",\"width\":231,\"height\":82,\"caption\":\"Apen: Soluciones inform\u00e1ticas\"},\"image\":{\"@id\":\"https:\\\/\\\/www.apen.es\\\/#\\\/schema\\\/logo\\\/image\\\/\"},\"sameAs\":[\"https:\\\/\\\/www.facebook.com\\\/apensolucions\",\"https:\\\/\\\/www.youtube.com\\\/user\\\/ApenCentreInformatic\",\"https:\\\/\\\/www.linkedin.com\\\/company\\\/1021771?trk=tyah&trkInfo=clickedVerticalcompanyclickedEntityId1021771idx2-1-2tarId1464195271196tasapenin\"]}]}<\/script>\n<!-- \/ Yoast SEO plugin. -->","yoast_head_json":{"title":"Renting fotocopiadora Konica Minolta Vic - Apen Inform\u00e1tica","description":"Alquiler y Renting de focopiadoras de la marca Konica Minolta en Vic para peque\u00f1as y medianas empresas. Soluciones de impresi\u00f3n para PYMES.","robots":{"index":"index","follow":"follow","max-snippet":"max-snippet:-1","max-image-preview":"max-image-preview:large","max-video-preview":"max-video-preview:-1"},"canonical":"https:\/\/www.apen.es\/ca\/fotocopiadora\/renting-fotocopiadora-konica-minolta\/renting-vic\/","og_locale":"ca_ES","og_type":"article","og_title":"Renting fotocopiadora Konica Minolta Vic - Apen Inform\u00e1tica","og_description":"Alquiler y Renting de focopiadoras de la marca Konica Minolta en Vic para peque\u00f1as y medianas empresas. Soluciones de impresi\u00f3n para PYMES.","og_url":"https:\/\/www.apen.es\/ca\/fotocopiadora\/renting-fotocopiadora-konica-minolta\/renting-vic\/","og_site_name":"Apen Inform\u00e1tica","article_publisher":"https:\/\/www.facebook.com\/apensolucions","article_modified_time":"2025-05-23T08:07:16+00:00","og_image":[{"width":231,"height":82,"url":"https:\/\/www.apen.es\/wp-content\/uploads\/2016\/05\/logo-apen-231x82-trasparent.png","type":"image\/png"}],"twitter_card":"summary_large_image","twitter_misc":{"Temps estimat de lectura":"8 minuts"},"schema":{"@context":"https:\/\/schema.org","@graph":[{"@type":"WebPage","@id":"https:\/\/www.apen.es\/fotocopiadora\/renting-fotocopiadora-konica-minolta\/renting-vic\/","url":"https:\/\/www.apen.es\/fotocopiadora\/renting-fotocopiadora-konica-minolta\/renting-vic\/","name":"Renting fotocopiadora Konica Minolta Vic - Apen Inform\u00e1tica","isPartOf":{"@id":"https:\/\/www.apen.es\/#website"},"datePublished":"2018-11-19T14:13:52+00:00","dateModified":"2025-05-23T08:07:16+00:00","description":"Alquiler y Renting de focopiadoras de la marca Konica Minolta en Vic para peque\u00f1as y medianas empresas. Soluciones de impresi\u00f3n para PYMES.","breadcrumb":{"@id":"https:\/\/www.apen.es\/fotocopiadora\/renting-fotocopiadora-konica-minolta\/renting-vic\/#breadcrumb"},"inLanguage":"ca","potentialAction":[{"@type":"ReadAction","target":["https:\/\/www.apen.es\/fotocopiadora\/renting-fotocopiadora-konica-minolta\/renting-vic\/"]}]},{"@type":"BreadcrumbList","@id":"https:\/\/www.apen.es\/fotocopiadora\/renting-fotocopiadora-konica-minolta\/renting-vic\/#breadcrumb","itemListElement":[{"@type":"ListItem","position":1,"name":"Portada","item":"https:\/\/www.apen.es\/"},{"@type":"ListItem","position":2,"name":"Fotocopiadora","item":"https:\/\/www.apen.es\/fotocopiadora\/"},{"@type":"ListItem","position":3,"name":"Renting fotocopiadora Konica Minolta","item":"https:\/\/www.apen.es\/fotocopiadora\/renting-fotocopiadora-konica-minolta\/"},{"@type":"ListItem","position":4,"name":"Renting fotocopiadora Konica Minolta Vic"}]},{"@type":"WebSite","@id":"https:\/\/www.apen.es\/#website","url":"https:\/\/www.apen.es\/","name":"Apen Inform\u00e0tica","description":"Manteniment inform\u00e0tic , programari de gesti\u00f3, solucions d&#039;impressi\u00f3","publisher":{"@id":"https:\/\/www.apen.es\/#organization"},"potentialAction":[{"@type":"SearchAction","target":{"@type":"EntryPoint","urlTemplate":"https:\/\/www.apen.es\/?s={search_term_string}"},"query-input":{"@type":"PropertyValueSpecification","valueRequired":true,"valueName":"search_term_string"}}],"inLanguage":"ca"},{"@type":"Organization","@id":"https:\/\/www.apen.es\/#organization","name":"Apen: Solucions inform\u00e0tiques","url":"https:\/\/www.apen.es\/","logo":{"@type":"ImageObject","inLanguage":"ca","@id":"https:\/\/www.apen.es\/#\/schema\/logo\/image\/","url":"https:\/\/www.apen.es\/wp-content\/uploads\/2022\/08\/logo-apenok-231x82-1.png","contentUrl":"https:\/\/www.apen.es\/wp-content\/uploads\/2022\/08\/logo-apenok-231x82-1.png","width":231,"height":82,"caption":"Apen: Soluciones inform\u00e1ticas"},"image":{"@id":"https:\/\/www.apen.es\/#\/schema\/logo\/image\/"},"sameAs":["https:\/\/www.facebook.com\/apensolucions","https:\/\/www.youtube.com\/user\/ApenCentreInformatic","https:\/\/www.linkedin.com\/company\/1021771?trk=tyah&trkInfo=clickedVerticalcompanyclickedEntityId1021771idx2-1-2tarId1464195271196tasapenin"]}]}},"taxonomy_info":[],"featured_image_src_large":false,"author_info":{"display_name":"marqueting","author_link":"https:\/\/www.apen.es\/ca\/blog\/author\/marqueting\/"},"comment_info":0,"_links":{"self":[{"href":"https:\/\/www.apen.es\/ca\/wp-json\/wp\/v2\/pages\/12357","targetHints":{"allow":["GET"]}}],"collection":[{"href":"https:\/\/www.apen.es\/ca\/wp-json\/wp\/v2\/pages"}],"about":[{"href":"https:\/\/www.apen.es\/ca\/wp-json\/wp\/v2\/types\/page"}],"author":[{"embeddable":true,"href":"https:\/\/www.apen.es\/ca\/wp-json\/wp\/v2\/users\/4"}],"replies":[{"embeddable":true,"href":"https:\/\/www.apen.es\/ca\/wp-json\/wp\/v2\/comments?post=12357"}],"version-history":[{"count":4,"href":"https:\/\/www.apen.es\/ca\/wp-json\/wp\/v2\/pages\/12357\/revisions"}],"predecessor-version":[{"id":54806,"href":"https:\/\/www.apen.es\/ca\/wp-json\/wp\/v2\/pages\/12357\/revisions\/54806"}],"up":[{"embeddable":true,"href":"https:\/\/www.apen.es\/ca\/wp-json\/wp\/v2\/pages\/12251"}],"wp:attachment":[{"href":"https:\/\/www.apen.es\/ca\/wp-json\/wp\/v2\/media?parent=12357"}],"curies":[{"name":"wp","href":"https:\/\/api.w.org\/{rel}","templated":true}]}}