{"id":12351,"date":"2018-11-19T13:58:42","date_gmt":"2018-11-19T13:58:42","guid":{"rendered":"https:\/\/www.apen.es\/?page_id=12351"},"modified":"2025-05-23T08:06:57","modified_gmt":"2025-05-23T08:06:57","slug":"renting-mataro","status":"publish","type":"page","link":"https:\/\/www.apen.es\/ca\/fotocopiadora\/renting-fotocopiadora-konica-minolta\/renting-mataro\/","title":{"rendered":"R\u00e8nting fotocopiadora Konica Minolta Matar\u00f3"},"content":{"rendered":"<p>Apen, som una empresa que oferim diferents solucions globals d&#039;inform\u00e0tica i de tecnologia, en la qual ens agrada treballar de la m\u00e0 de les millors empreses internacionals del nostre sector, per aix\u00f2 oferim un servei de&nbsp;<strong>r\u00e8nting de fotocopiadores Konica Minolta a Matar\u00f3<\/strong>, ja que tenim molts valors en com\u00fa, com, per exemple, compartim un objectiu principal que \u00e9s satisfer tots els nostres clients a partir de la qualitat i de la innovaci\u00f3.<\/p>\n\n\n\n<p>El mercat actual est\u00e0 evolucionant r\u00e0pidament respecte a les necessitats inform\u00e0tiques ia les solucions d&#039;impressi\u00f3, tant a nivell particular com empresarial. D&#039;aquesta manera, \u00fanicament les empreses que disposen de la millor tecnologia poden oferir serveis de gran qualitat, com la nostra, que \u00e9s distribu\u00efdora oficial d&#039;empreses com Konica Minolta, entre d&#039;altres.<\/p>\n\n\n\n<p>Una altra cosa que ens caracteritza \u00e9s que a Apen, abans d&#039;oferir-vos algun dels nostres productes o serveis, com el&nbsp;<strong>r\u00e8nting de fotocopiadores Konica Minolta a Matar\u00f3<\/strong>, sempre ens prenem el temps necessari per escoltar a tots i cadascun dels nostres clients i aix\u00ed poder saber quines s\u00f3n les necessitats de cadascun d&#039;ells i quines s\u00f3n les expectatives que tenen, a partir d&#039;aquest punt ja podem buscar i oferir-los la soluci\u00f3 perfecta per a ells.<\/p>\n\n\n\n<p>El&nbsp;<strong>r\u00e8nting de fotocopiadores Konica Minolta a Matar\u00f3<\/strong>, \u00e9s un dels nostres serveis estrella, ja que, per oferir serveis de qualitat, cal que les empreses comptin amb tota la maquin\u00e0ria necess\u00e0ria i que s&#039;adaptin al mercat actual, on les \u00faltimes tecnol\u00f2giques s\u00f3n indispensables, per\u00f2 per a moltes empreses aix\u00f2 suposa un gran esfor\u00e7, ja que obtenir una d&#039;aquestes maquin\u00e0ries \u00e9s una inversi\u00f3 molt elevada.<\/p>\n\n\n\n<p>Gr\u00e0cies al&nbsp;<strong>r\u00e8nting de fotocopiadores Konica Minolta a Matar\u00f3<\/strong>, podreu gaudir d&#039;aquesta tecnol\u00f2gica tan avan\u00e7ada a un preu assequible i sense cap mena de sorpresa, ja que consisteix en un contracte de lloguer on no haureu d&#039;assumir tot el preu de la fotocopiadora ia m\u00e9s no tindreu cap tipus de despesa inesperada, ja que s&#039;estableix una quota fixa mensual, en la qual ens fem c\u00e0rrec de totes les revisions.<\/p>\n\n\n\n<p>Amb aquest tipus de serveis que oferim a la nostra empresa, com el&nbsp;<strong>r\u00e8nting de fotocopiadores Konica Minolta a Matar\u00f3<\/strong>, ajudem a que els negocis creixin i que puguin diferenciar-se de la seva compet\u00e8ncia, per aquesta ra\u00f3 si creieu que aquest servei es pot adaptar a les necessitats de la vostra empresa, i creieu que \u00e9s l&#039;impuls que us cal, no dubteu a posar-vos en contacte amb la nostra empresa, en la qual estarem encantats de poder-vos ajudar i formar part d&#039;aquest proc\u00e9s de creixement.<\/p>","protected":false},"excerpt":{"rendered":"<p>Apen, somos una empresa que ofrecemos diferentes soluciones globales de inform\u00e1tica y de tecnolog\u00eda, en la cual nos gusta trabajar de la mano de las mejores empresas internacionales de nuestro sector, por esta raz\u00f3n, ofrecemos un servicio de&nbsp;renting de fotocopiadoras Konica Minolta en Matar\u00f3, ya que tenemos muchos valores en com\u00fan, como, por ejemplo, compartimos&#8230;<\/p>","protected":false},"author":4,"featured_media":0,"parent":12251,"menu_order":0,"comment_status":"closed","ping_status":"closed","template":"page-renting-impresoras.php","meta":{"_acf_changed":false,"_kad_blocks_custom_css":"","_kad_blocks_head_custom_js":"","_kad_blocks_body_custom_js":"","_kad_blocks_footer_custom_js":"","_kad_post_transparent":"","_kad_post_title":"","_kad_post_layout":"","_kad_post_sidebar_id":"","_kad_post_content_style":"","_kad_post_vertical_padding":"","_kad_post_feature":"","_kad_post_feature_position":"","_kad_post_header":false,"_kad_post_footer":false,"_kad_post_classname":"","footnotes":""},"class_list":["post-12351","page","type-page","status-publish","hentry"],"acf":[],"yoast_head":"<!-- This site is optimized with the Yoast SEO plugin v27.4 - https:\/\/yoast.com\/product\/yoast-seo-wordpress\/ -->\n<title>Renting fotocopiadora Konica Minolta Matar\u00f3 - Apen Inform\u00e1tica<\/title>\n<meta name=\"description\" content=\"Alquiler y Renting de focopiadoras de la marca Konica Minolta en Matar\u00f3 para peque\u00f1as y medianas empresas. Soluciones de impresi\u00f3n para PYMES.\" \/>\n<meta name=\"robots\" content=\"index, follow, max-snippet:-1, max-image-preview:large, max-video-preview:-1\" \/>\n<link rel=\"canonical\" href=\"https:\/\/www.apen.es\/ca\/fotocopiadora\/renting-fotocopiadora-konica-minolta\/renting-mataro\/\" \/>\n<meta property=\"og:locale\" content=\"ca_ES\" \/>\n<meta property=\"og:type\" content=\"article\" \/>\n<meta property=\"og:title\" content=\"Renting fotocopiadora Konica Minolta Matar\u00f3 - Apen Inform\u00e1tica\" \/>\n<meta property=\"og:description\" content=\"Alquiler y Renting de focopiadoras de la marca Konica Minolta en Matar\u00f3 para peque\u00f1as y medianas empresas. Soluciones de impresi\u00f3n para PYMES.\" \/>\n<meta property=\"og:url\" content=\"https:\/\/www.apen.es\/ca\/fotocopiadora\/renting-fotocopiadora-konica-minolta\/renting-mataro\/\" \/>\n<meta property=\"og:site_name\" content=\"Apen Inform\u00e1tica\" \/>\n<meta property=\"article:publisher\" content=\"https:\/\/www.facebook.com\/apensolucions\" \/>\n<meta property=\"article:modified_time\" content=\"2025-05-23T08:06:57+00:00\" \/>\n<meta property=\"og:image\" content=\"https:\/\/www.apen.es\/wp-content\/uploads\/2016\/05\/logo-apen-231x82-trasparent.png\" \/>\n\t<meta property=\"og:image:width\" content=\"231\" \/>\n\t<meta property=\"og:image:height\" content=\"82\" \/>\n\t<meta property=\"og:image:type\" content=\"image\/png\" \/>\n<meta name=\"twitter:card\" content=\"summary_large_image\" \/>\n<meta name=\"twitter:label1\" content=\"Temps estimat de lectura\" \/>\n\t<meta name=\"twitter:data1\" content=\"8 minuts\" \/>\n<script type=\"application\/ld+json\" class=\"yoast-schema-graph\">{\"@context\":\"https:\\\/\\\/schema.org\",\"@graph\":[{\"@type\":\"WebPage\",\"@id\":\"https:\\\/\\\/www.apen.es\\\/fotocopiadora\\\/renting-fotocopiadora-konica-minolta\\\/renting-mataro\\\/\",\"url\":\"https:\\\/\\\/www.apen.es\\\/fotocopiadora\\\/renting-fotocopiadora-konica-minolta\\\/renting-mataro\\\/\",\"name\":\"Renting fotocopiadora Konica Minolta Matar\u00f3 - Apen Inform\u00e1tica\",\"isPartOf\":{\"@id\":\"https:\\\/\\\/www.apen.es\\\/#website\"},\"datePublished\":\"2018-11-19T13:58:42+00:00\",\"dateModified\":\"2025-05-23T08:06:57+00:00\",\"description\":\"Alquiler y Renting de focopiadoras de la marca Konica Minolta en Matar\u00f3 para peque\u00f1as y medianas empresas. Soluciones de impresi\u00f3n para PYMES.\",\"breadcrumb\":{\"@id\":\"https:\\\/\\\/www.apen.es\\\/fotocopiadora\\\/renting-fotocopiadora-konica-minolta\\\/renting-mataro\\\/#breadcrumb\"},\"inLanguage\":\"ca\",\"potentialAction\":[{\"@type\":\"ReadAction\",\"target\":[\"https:\\\/\\\/www.apen.es\\\/fotocopiadora\\\/renting-fotocopiadora-konica-minolta\\\/renting-mataro\\\/\"]}]},{\"@type\":\"BreadcrumbList\",\"@id\":\"https:\\\/\\\/www.apen.es\\\/fotocopiadora\\\/renting-fotocopiadora-konica-minolta\\\/renting-mataro\\\/#breadcrumb\",\"itemListElement\":[{\"@type\":\"ListItem\",\"position\":1,\"name\":\"Portada\",\"item\":\"https:\\\/\\\/www.apen.es\\\/\"},{\"@type\":\"ListItem\",\"position\":2,\"name\":\"Fotocopiadora\",\"item\":\"https:\\\/\\\/www.apen.es\\\/fotocopiadora\\\/\"},{\"@type\":\"ListItem\",\"position\":3,\"name\":\"Renting fotocopiadora Konica Minolta\",\"item\":\"https:\\\/\\\/www.apen.es\\\/fotocopiadora\\\/renting-fotocopiadora-konica-minolta\\\/\"},{\"@type\":\"ListItem\",\"position\":4,\"name\":\"Renting fotocopiadora Konica Minolta Matar\u00f3\"}]},{\"@type\":\"WebSite\",\"@id\":\"https:\\\/\\\/www.apen.es\\\/#website\",\"url\":\"https:\\\/\\\/www.apen.es\\\/\",\"name\":\"Apen Inform\u00e1tica\",\"description\":\"Mantenimiento Inform\u00e1tico , Software de Gesti\u00f3n, Soluciones de impresi\u00f3n\",\"publisher\":{\"@id\":\"https:\\\/\\\/www.apen.es\\\/#organization\"},\"potentialAction\":[{\"@type\":\"SearchAction\",\"target\":{\"@type\":\"EntryPoint\",\"urlTemplate\":\"https:\\\/\\\/www.apen.es\\\/?s={search_term_string}\"},\"query-input\":{\"@type\":\"PropertyValueSpecification\",\"valueRequired\":true,\"valueName\":\"search_term_string\"}}],\"inLanguage\":\"ca\"},{\"@type\":\"Organization\",\"@id\":\"https:\\\/\\\/www.apen.es\\\/#organization\",\"name\":\"Apen: Soluciones inform\u00e1ticas\",\"url\":\"https:\\\/\\\/www.apen.es\\\/\",\"logo\":{\"@type\":\"ImageObject\",\"inLanguage\":\"ca\",\"@id\":\"https:\\\/\\\/www.apen.es\\\/#\\\/schema\\\/logo\\\/image\\\/\",\"url\":\"https:\\\/\\\/www.apen.es\\\/wp-content\\\/uploads\\\/2022\\\/08\\\/logo-apenok-231x82-1.png\",\"contentUrl\":\"https:\\\/\\\/www.apen.es\\\/wp-content\\\/uploads\\\/2022\\\/08\\\/logo-apenok-231x82-1.png\",\"width\":231,\"height\":82,\"caption\":\"Apen: Soluciones inform\u00e1ticas\"},\"image\":{\"@id\":\"https:\\\/\\\/www.apen.es\\\/#\\\/schema\\\/logo\\\/image\\\/\"},\"sameAs\":[\"https:\\\/\\\/www.facebook.com\\\/apensolucions\",\"https:\\\/\\\/www.youtube.com\\\/user\\\/ApenCentreInformatic\",\"https:\\\/\\\/www.linkedin.com\\\/company\\\/1021771?trk=tyah&trkInfo=clickedVerticalcompanyclickedEntityId1021771idx2-1-2tarId1464195271196tasapenin\"]}]}<\/script>\n<!-- \/ Yoast SEO plugin. -->","yoast_head_json":{"title":"Renting fotocopiadora Konica Minolta Matar\u00f3 - Apen Inform\u00e1tica","description":"Alquiler y Renting de focopiadoras de la marca Konica Minolta en Matar\u00f3 para peque\u00f1as y medianas empresas. Soluciones de impresi\u00f3n para PYMES.","robots":{"index":"index","follow":"follow","max-snippet":"max-snippet:-1","max-image-preview":"max-image-preview:large","max-video-preview":"max-video-preview:-1"},"canonical":"https:\/\/www.apen.es\/ca\/fotocopiadora\/renting-fotocopiadora-konica-minolta\/renting-mataro\/","og_locale":"ca_ES","og_type":"article","og_title":"Renting fotocopiadora Konica Minolta Matar\u00f3 - Apen Inform\u00e1tica","og_description":"Alquiler y Renting de focopiadoras de la marca Konica Minolta en Matar\u00f3 para peque\u00f1as y medianas empresas. Soluciones de impresi\u00f3n para PYMES.","og_url":"https:\/\/www.apen.es\/ca\/fotocopiadora\/renting-fotocopiadora-konica-minolta\/renting-mataro\/","og_site_name":"Apen Inform\u00e1tica","article_publisher":"https:\/\/www.facebook.com\/apensolucions","article_modified_time":"2025-05-23T08:06:57+00:00","og_image":[{"width":231,"height":82,"url":"https:\/\/www.apen.es\/wp-content\/uploads\/2016\/05\/logo-apen-231x82-trasparent.png","type":"image\/png"}],"twitter_card":"summary_large_image","twitter_misc":{"Temps estimat de lectura":"8 minuts"},"schema":{"@context":"https:\/\/schema.org","@graph":[{"@type":"WebPage","@id":"https:\/\/www.apen.es\/fotocopiadora\/renting-fotocopiadora-konica-minolta\/renting-mataro\/","url":"https:\/\/www.apen.es\/fotocopiadora\/renting-fotocopiadora-konica-minolta\/renting-mataro\/","name":"Renting fotocopiadora Konica Minolta Matar\u00f3 - Apen Inform\u00e1tica","isPartOf":{"@id":"https:\/\/www.apen.es\/#website"},"datePublished":"2018-11-19T13:58:42+00:00","dateModified":"2025-05-23T08:06:57+00:00","description":"Alquiler y Renting de focopiadoras de la marca Konica Minolta en Matar\u00f3 para peque\u00f1as y medianas empresas. Soluciones de impresi\u00f3n para PYMES.","breadcrumb":{"@id":"https:\/\/www.apen.es\/fotocopiadora\/renting-fotocopiadora-konica-minolta\/renting-mataro\/#breadcrumb"},"inLanguage":"ca","potentialAction":[{"@type":"ReadAction","target":["https:\/\/www.apen.es\/fotocopiadora\/renting-fotocopiadora-konica-minolta\/renting-mataro\/"]}]},{"@type":"BreadcrumbList","@id":"https:\/\/www.apen.es\/fotocopiadora\/renting-fotocopiadora-konica-minolta\/renting-mataro\/#breadcrumb","itemListElement":[{"@type":"ListItem","position":1,"name":"Portada","item":"https:\/\/www.apen.es\/"},{"@type":"ListItem","position":2,"name":"Fotocopiadora","item":"https:\/\/www.apen.es\/fotocopiadora\/"},{"@type":"ListItem","position":3,"name":"Renting fotocopiadora Konica Minolta","item":"https:\/\/www.apen.es\/fotocopiadora\/renting-fotocopiadora-konica-minolta\/"},{"@type":"ListItem","position":4,"name":"Renting fotocopiadora Konica Minolta Matar\u00f3"}]},{"@type":"WebSite","@id":"https:\/\/www.apen.es\/#website","url":"https:\/\/www.apen.es\/","name":"Apen Inform\u00e0tica","description":"Manteniment inform\u00e0tic , programari de gesti\u00f3, solucions d&#039;impressi\u00f3","publisher":{"@id":"https:\/\/www.apen.es\/#organization"},"potentialAction":[{"@type":"SearchAction","target":{"@type":"EntryPoint","urlTemplate":"https:\/\/www.apen.es\/?s={search_term_string}"},"query-input":{"@type":"PropertyValueSpecification","valueRequired":true,"valueName":"search_term_string"}}],"inLanguage":"ca"},{"@type":"Organization","@id":"https:\/\/www.apen.es\/#organization","name":"Apen: Solucions inform\u00e0tiques","url":"https:\/\/www.apen.es\/","logo":{"@type":"ImageObject","inLanguage":"ca","@id":"https:\/\/www.apen.es\/#\/schema\/logo\/image\/","url":"https:\/\/www.apen.es\/wp-content\/uploads\/2022\/08\/logo-apenok-231x82-1.png","contentUrl":"https:\/\/www.apen.es\/wp-content\/uploads\/2022\/08\/logo-apenok-231x82-1.png","width":231,"height":82,"caption":"Apen: Soluciones inform\u00e1ticas"},"image":{"@id":"https:\/\/www.apen.es\/#\/schema\/logo\/image\/"},"sameAs":["https:\/\/www.facebook.com\/apensolucions","https:\/\/www.youtube.com\/user\/ApenCentreInformatic","https:\/\/www.linkedin.com\/company\/1021771?trk=tyah&trkInfo=clickedVerticalcompanyclickedEntityId1021771idx2-1-2tarId1464195271196tasapenin"]}]}},"taxonomy_info":[],"featured_image_src_large":false,"author_info":{"display_name":"marqueting","author_link":"https:\/\/www.apen.es\/ca\/blog\/author\/marqueting\/"},"comment_info":0,"_links":{"self":[{"href":"https:\/\/www.apen.es\/ca\/wp-json\/wp\/v2\/pages\/12351","targetHints":{"allow":["GET"]}}],"collection":[{"href":"https:\/\/www.apen.es\/ca\/wp-json\/wp\/v2\/pages"}],"about":[{"href":"https:\/\/www.apen.es\/ca\/wp-json\/wp\/v2\/types\/page"}],"author":[{"embeddable":true,"href":"https:\/\/www.apen.es\/ca\/wp-json\/wp\/v2\/users\/4"}],"replies":[{"embeddable":true,"href":"https:\/\/www.apen.es\/ca\/wp-json\/wp\/v2\/comments?post=12351"}],"version-history":[{"count":4,"href":"https:\/\/www.apen.es\/ca\/wp-json\/wp\/v2\/pages\/12351\/revisions"}],"predecessor-version":[{"id":54804,"href":"https:\/\/www.apen.es\/ca\/wp-json\/wp\/v2\/pages\/12351\/revisions\/54804"}],"up":[{"embeddable":true,"href":"https:\/\/www.apen.es\/ca\/wp-json\/wp\/v2\/pages\/12251"}],"wp:attachment":[{"href":"https:\/\/www.apen.es\/ca\/wp-json\/wp\/v2\/media?parent=12351"}],"curies":[{"name":"wp","href":"https:\/\/api.w.org\/{rel}","templated":true}]}}