{"id":12349,"date":"2018-11-19T13:54:39","date_gmt":"2018-11-19T13:54:39","guid":{"rendered":"https:\/\/www.apen.es\/?page_id=12349"},"modified":"2025-05-23T08:07:05","modified_gmt":"2025-05-23T08:07:05","slug":"renting-barcelona","status":"publish","type":"page","link":"https:\/\/www.apen.es\/ca\/fotocopiadora\/renting-fotocopiadora-konica-minolta\/renting-barcelona\/","title":{"rendered":"R\u00e8nting fotocopiadora Konica Minolta Barcelona"},"content":{"rendered":"<p>Per a tots aquells que encara no la coneixeu, Konica Minolta \u00e9s una companyia mundialment coneguda per oferir productes i serveis destinats a donar diferents solucions molt innovadores i essencials per a totes les \u00e0rees de la imatge digital a entorns tant d&#039;oficina com de producci\u00f3. I com ja sabreu, a Apen sempre vetllem per oferir les millors solucions per a tots i cadascun dels nostres clients, per aquesta ra\u00f3 ens hem convertit en un dels distribu\u00efdors oficials d&#039;aquesta empresa, amb la qual us podem oferir infinitat de productes i serveis com ara&nbsp;<strong>r\u00e8nting de fotocopiadores Konica Minolta a Barcelona<\/strong>.<\/p>\n\n\n\n<p>A la nostra empresa disposem de m\u00e9s de 25 anys d&#039;experi\u00e8ncia en el sector de la impressi\u00f3, en els quals hem treballat juntament amb molts clients que han quedat molt satisfets, per aix\u00f2 ens coneixen com l&#039;empresa l\u00edder al sector, per\u00f2 entre tots els serveis i productes que oferim juntament amb grans marques destaca el&nbsp;<strong>r\u00e8nting de fotocopiadores Konica Minolta a Barcelona<\/strong>, ja que \u00e9s un servei de lloguer t&#039;un equip tecnol\u00f2gic com aquest durant un temps en concret, per tal que pugueu renovar-lo m\u00e9s sovint, sense la necessitat d&#039;haver de realitzar una gran inversi\u00f3.<\/p>\n\n\n\n<p>Un dels motius principals pels quals aquest servei \u00e9s tan benefici\u00f3s per a la majoria d&#039;empreses, \u00e9s que el&nbsp;<strong>r\u00e8nting de fotocopiadores Konica Minolta a Barcelona<\/strong>, permet a la companyia no haver de preocupar-se pel manteniment d&#039;aquest dispositiu, ja que sempre que hi hagi algun problema a l&#039;aparell, i sigui a causa de l&#039;\u00fas, des d&#039;Apen ens encarregarem de reparar-lo i de cobrir les despeses necess\u00e0ries.<\/p>\n\n\n\n<p>D&#039;aquesta manera, els clients nom\u00e9s us haureu de preocupar per donar-nos l&#039;av\u00eds de l&#039;avaria, i nosaltres serem els responsables de posar les peces i la m\u00e0 d&#039;obra que sigui necess\u00e0ria per solucionar-ho com m\u00e9s aviat millor, per tal que pugueu continuar amb la vostra activitat amb normalitat. A m\u00e9s, oferim un servei en el qual, en tot moment, podreu parlar amb un treballador de la nostra empresa i aix\u00ed us ajudi a utilitzar i treure el m\u00e0xim partit a la fotocopiadora.<\/p>\n\n\n\n<p>Com ja sabeu, a Apen, sempre intentem oferir la millor qualitat a tots i cadascun dels serveis i als equips el\u00e8ctrics i inform\u00e0tics que oferim als nostres clients, i sempre al menor preu possible, per la qual cosa si teniu qualsevol tipus de consulta relacionada amb el&nbsp;<strong>r\u00e8nting de fotocopiadores Konica Minolta a Barcelona<\/strong>, o sobre qualsevol dels nostres serveis no dubteu en posar-vos en contacte amb la nostra empresa situada al Vall\u00e8s Oriental, ja que estarem encantats de poder-vos ajudar a aconseguir l&#039;\u00e8xit de la vostra empresa.<\/p>","protected":false},"excerpt":{"rendered":"<p>Para todos aquellos que todav\u00eda no la conoc\u00e9is, Konica Minolta es una compa\u00f1\u00eda mundialmente conocida por ofrecer productos y servicios destinados a dar diferentes soluciones muy innovadoras y esenciales para todas las \u00e1reas de la imagen digital en entornos tanto de oficina como de producci\u00f3n. Y como ya sabr\u00e9is, en Apen siempre velamos por ofrecer&#8230;<\/p>","protected":false},"author":4,"featured_media":0,"parent":12251,"menu_order":0,"comment_status":"closed","ping_status":"closed","template":"page-renting-impresoras.php","meta":{"_acf_changed":false,"_kad_blocks_custom_css":"","_kad_blocks_head_custom_js":"","_kad_blocks_body_custom_js":"","_kad_blocks_footer_custom_js":"","_kad_post_transparent":"","_kad_post_title":"","_kad_post_layout":"","_kad_post_sidebar_id":"","_kad_post_content_style":"","_kad_post_vertical_padding":"","_kad_post_feature":"","_kad_post_feature_position":"","_kad_post_header":false,"_kad_post_footer":false,"_kad_post_classname":"","footnotes":""},"class_list":["post-12349","page","type-page","status-publish","hentry"],"acf":[],"yoast_head":"<!-- This site is optimized with the Yoast SEO plugin v27.4 - https:\/\/yoast.com\/product\/yoast-seo-wordpress\/ -->\n<title>Renting fotocopiadora Konica Minolta Barcelona - Apen Inform\u00e1tica<\/title>\n<meta name=\"description\" content=\"Alquiler y Renting de focopiadoras de la marca Konica Minolta en Barcelona para peque\u00f1as y medianas empresas. Soluciones de impresi\u00f3n para PYMES.\" \/>\n<meta name=\"robots\" content=\"index, follow, max-snippet:-1, max-image-preview:large, max-video-preview:-1\" \/>\n<link rel=\"canonical\" href=\"https:\/\/www.apen.es\/ca\/fotocopiadora\/renting-fotocopiadora-konica-minolta\/renting-barcelona\/\" \/>\n<meta property=\"og:locale\" content=\"ca_ES\" \/>\n<meta property=\"og:type\" content=\"article\" \/>\n<meta property=\"og:title\" content=\"Renting fotocopiadora Konica Minolta Barcelona - Apen Inform\u00e1tica\" \/>\n<meta property=\"og:description\" content=\"Alquiler y Renting de focopiadoras de la marca Konica Minolta en Barcelona para peque\u00f1as y medianas empresas. Soluciones de impresi\u00f3n para PYMES.\" \/>\n<meta property=\"og:url\" content=\"https:\/\/www.apen.es\/ca\/fotocopiadora\/renting-fotocopiadora-konica-minolta\/renting-barcelona\/\" \/>\n<meta property=\"og:site_name\" content=\"Apen Inform\u00e1tica\" \/>\n<meta property=\"article:publisher\" content=\"https:\/\/www.facebook.com\/apensolucions\" \/>\n<meta property=\"article:modified_time\" content=\"2025-05-23T08:07:05+00:00\" \/>\n<meta property=\"og:image\" content=\"https:\/\/www.apen.es\/wp-content\/uploads\/2016\/05\/logo-apen-231x82-trasparent.png\" \/>\n\t<meta property=\"og:image:width\" content=\"231\" \/>\n\t<meta property=\"og:image:height\" content=\"82\" \/>\n\t<meta property=\"og:image:type\" content=\"image\/png\" \/>\n<meta name=\"twitter:card\" content=\"summary_large_image\" \/>\n<meta name=\"twitter:label1\" content=\"Temps estimat de lectura\" \/>\n\t<meta name=\"twitter:data1\" content=\"8 minuts\" \/>\n<script type=\"application\/ld+json\" class=\"yoast-schema-graph\">{\"@context\":\"https:\\\/\\\/schema.org\",\"@graph\":[{\"@type\":\"WebPage\",\"@id\":\"https:\\\/\\\/www.apen.es\\\/fotocopiadora\\\/renting-fotocopiadora-konica-minolta\\\/renting-barcelona\\\/\",\"url\":\"https:\\\/\\\/www.apen.es\\\/fotocopiadora\\\/renting-fotocopiadora-konica-minolta\\\/renting-barcelona\\\/\",\"name\":\"Renting fotocopiadora Konica Minolta Barcelona - Apen Inform\u00e1tica\",\"isPartOf\":{\"@id\":\"https:\\\/\\\/www.apen.es\\\/#website\"},\"datePublished\":\"2018-11-19T13:54:39+00:00\",\"dateModified\":\"2025-05-23T08:07:05+00:00\",\"description\":\"Alquiler y Renting de focopiadoras de la marca Konica Minolta en Barcelona para peque\u00f1as y medianas empresas. Soluciones de impresi\u00f3n para PYMES.\",\"breadcrumb\":{\"@id\":\"https:\\\/\\\/www.apen.es\\\/fotocopiadora\\\/renting-fotocopiadora-konica-minolta\\\/renting-barcelona\\\/#breadcrumb\"},\"inLanguage\":\"ca\",\"potentialAction\":[{\"@type\":\"ReadAction\",\"target\":[\"https:\\\/\\\/www.apen.es\\\/fotocopiadora\\\/renting-fotocopiadora-konica-minolta\\\/renting-barcelona\\\/\"]}]},{\"@type\":\"BreadcrumbList\",\"@id\":\"https:\\\/\\\/www.apen.es\\\/fotocopiadora\\\/renting-fotocopiadora-konica-minolta\\\/renting-barcelona\\\/#breadcrumb\",\"itemListElement\":[{\"@type\":\"ListItem\",\"position\":1,\"name\":\"Portada\",\"item\":\"https:\\\/\\\/www.apen.es\\\/\"},{\"@type\":\"ListItem\",\"position\":2,\"name\":\"Fotocopiadora\",\"item\":\"https:\\\/\\\/www.apen.es\\\/fotocopiadora\\\/\"},{\"@type\":\"ListItem\",\"position\":3,\"name\":\"Renting fotocopiadora Konica Minolta\",\"item\":\"https:\\\/\\\/www.apen.es\\\/fotocopiadora\\\/renting-fotocopiadora-konica-minolta\\\/\"},{\"@type\":\"ListItem\",\"position\":4,\"name\":\"Renting fotocopiadora Konica Minolta Barcelona\"}]},{\"@type\":\"WebSite\",\"@id\":\"https:\\\/\\\/www.apen.es\\\/#website\",\"url\":\"https:\\\/\\\/www.apen.es\\\/\",\"name\":\"Apen Inform\u00e1tica\",\"description\":\"Mantenimiento Inform\u00e1tico , Software de Gesti\u00f3n, Soluciones de impresi\u00f3n\",\"publisher\":{\"@id\":\"https:\\\/\\\/www.apen.es\\\/#organization\"},\"potentialAction\":[{\"@type\":\"SearchAction\",\"target\":{\"@type\":\"EntryPoint\",\"urlTemplate\":\"https:\\\/\\\/www.apen.es\\\/?s={search_term_string}\"},\"query-input\":{\"@type\":\"PropertyValueSpecification\",\"valueRequired\":true,\"valueName\":\"search_term_string\"}}],\"inLanguage\":\"ca\"},{\"@type\":\"Organization\",\"@id\":\"https:\\\/\\\/www.apen.es\\\/#organization\",\"name\":\"Apen: Soluciones inform\u00e1ticas\",\"url\":\"https:\\\/\\\/www.apen.es\\\/\",\"logo\":{\"@type\":\"ImageObject\",\"inLanguage\":\"ca\",\"@id\":\"https:\\\/\\\/www.apen.es\\\/#\\\/schema\\\/logo\\\/image\\\/\",\"url\":\"https:\\\/\\\/www.apen.es\\\/wp-content\\\/uploads\\\/2022\\\/08\\\/logo-apenok-231x82-1.png\",\"contentUrl\":\"https:\\\/\\\/www.apen.es\\\/wp-content\\\/uploads\\\/2022\\\/08\\\/logo-apenok-231x82-1.png\",\"width\":231,\"height\":82,\"caption\":\"Apen: Soluciones inform\u00e1ticas\"},\"image\":{\"@id\":\"https:\\\/\\\/www.apen.es\\\/#\\\/schema\\\/logo\\\/image\\\/\"},\"sameAs\":[\"https:\\\/\\\/www.facebook.com\\\/apensolucions\",\"https:\\\/\\\/www.youtube.com\\\/user\\\/ApenCentreInformatic\",\"https:\\\/\\\/www.linkedin.com\\\/company\\\/1021771?trk=tyah&trkInfo=clickedVerticalcompanyclickedEntityId1021771idx2-1-2tarId1464195271196tasapenin\"]}]}<\/script>\n<!-- \/ Yoast SEO plugin. -->","yoast_head_json":{"title":"Renting fotocopiadora Konica Minolta Barcelona - Apen Inform\u00e1tica","description":"Alquiler y Renting de focopiadoras de la marca Konica Minolta en Barcelona para peque\u00f1as y medianas empresas. Soluciones de impresi\u00f3n para PYMES.","robots":{"index":"index","follow":"follow","max-snippet":"max-snippet:-1","max-image-preview":"max-image-preview:large","max-video-preview":"max-video-preview:-1"},"canonical":"https:\/\/www.apen.es\/ca\/fotocopiadora\/renting-fotocopiadora-konica-minolta\/renting-barcelona\/","og_locale":"ca_ES","og_type":"article","og_title":"Renting fotocopiadora Konica Minolta Barcelona - Apen Inform\u00e1tica","og_description":"Alquiler y Renting de focopiadoras de la marca Konica Minolta en Barcelona para peque\u00f1as y medianas empresas. Soluciones de impresi\u00f3n para PYMES.","og_url":"https:\/\/www.apen.es\/ca\/fotocopiadora\/renting-fotocopiadora-konica-minolta\/renting-barcelona\/","og_site_name":"Apen Inform\u00e1tica","article_publisher":"https:\/\/www.facebook.com\/apensolucions","article_modified_time":"2025-05-23T08:07:05+00:00","og_image":[{"width":231,"height":82,"url":"https:\/\/www.apen.es\/wp-content\/uploads\/2016\/05\/logo-apen-231x82-trasparent.png","type":"image\/png"}],"twitter_card":"summary_large_image","twitter_misc":{"Temps estimat de lectura":"8 minuts"},"schema":{"@context":"https:\/\/schema.org","@graph":[{"@type":"WebPage","@id":"https:\/\/www.apen.es\/fotocopiadora\/renting-fotocopiadora-konica-minolta\/renting-barcelona\/","url":"https:\/\/www.apen.es\/fotocopiadora\/renting-fotocopiadora-konica-minolta\/renting-barcelona\/","name":"Renting fotocopiadora Konica Minolta Barcelona - Apen Inform\u00e1tica","isPartOf":{"@id":"https:\/\/www.apen.es\/#website"},"datePublished":"2018-11-19T13:54:39+00:00","dateModified":"2025-05-23T08:07:05+00:00","description":"Alquiler y Renting de focopiadoras de la marca Konica Minolta en Barcelona para peque\u00f1as y medianas empresas. Soluciones de impresi\u00f3n para PYMES.","breadcrumb":{"@id":"https:\/\/www.apen.es\/fotocopiadora\/renting-fotocopiadora-konica-minolta\/renting-barcelona\/#breadcrumb"},"inLanguage":"ca","potentialAction":[{"@type":"ReadAction","target":["https:\/\/www.apen.es\/fotocopiadora\/renting-fotocopiadora-konica-minolta\/renting-barcelona\/"]}]},{"@type":"BreadcrumbList","@id":"https:\/\/www.apen.es\/fotocopiadora\/renting-fotocopiadora-konica-minolta\/renting-barcelona\/#breadcrumb","itemListElement":[{"@type":"ListItem","position":1,"name":"Portada","item":"https:\/\/www.apen.es\/"},{"@type":"ListItem","position":2,"name":"Fotocopiadora","item":"https:\/\/www.apen.es\/fotocopiadora\/"},{"@type":"ListItem","position":3,"name":"Renting fotocopiadora Konica Minolta","item":"https:\/\/www.apen.es\/fotocopiadora\/renting-fotocopiadora-konica-minolta\/"},{"@type":"ListItem","position":4,"name":"Renting fotocopiadora Konica Minolta Barcelona"}]},{"@type":"WebSite","@id":"https:\/\/www.apen.es\/#website","url":"https:\/\/www.apen.es\/","name":"Apen Inform\u00e0tica","description":"Manteniment inform\u00e0tic , programari de gesti\u00f3, solucions d&#039;impressi\u00f3","publisher":{"@id":"https:\/\/www.apen.es\/#organization"},"potentialAction":[{"@type":"SearchAction","target":{"@type":"EntryPoint","urlTemplate":"https:\/\/www.apen.es\/?s={search_term_string}"},"query-input":{"@type":"PropertyValueSpecification","valueRequired":true,"valueName":"search_term_string"}}],"inLanguage":"ca"},{"@type":"Organization","@id":"https:\/\/www.apen.es\/#organization","name":"Apen: Solucions inform\u00e0tiques","url":"https:\/\/www.apen.es\/","logo":{"@type":"ImageObject","inLanguage":"ca","@id":"https:\/\/www.apen.es\/#\/schema\/logo\/image\/","url":"https:\/\/www.apen.es\/wp-content\/uploads\/2022\/08\/logo-apenok-231x82-1.png","contentUrl":"https:\/\/www.apen.es\/wp-content\/uploads\/2022\/08\/logo-apenok-231x82-1.png","width":231,"height":82,"caption":"Apen: Soluciones inform\u00e1ticas"},"image":{"@id":"https:\/\/www.apen.es\/#\/schema\/logo\/image\/"},"sameAs":["https:\/\/www.facebook.com\/apensolucions","https:\/\/www.youtube.com\/user\/ApenCentreInformatic","https:\/\/www.linkedin.com\/company\/1021771?trk=tyah&trkInfo=clickedVerticalcompanyclickedEntityId1021771idx2-1-2tarId1464195271196tasapenin"]}]}},"taxonomy_info":[],"featured_image_src_large":false,"author_info":{"display_name":"marqueting","author_link":"https:\/\/www.apen.es\/ca\/blog\/author\/marqueting\/"},"comment_info":0,"_links":{"self":[{"href":"https:\/\/www.apen.es\/ca\/wp-json\/wp\/v2\/pages\/12349","targetHints":{"allow":["GET"]}}],"collection":[{"href":"https:\/\/www.apen.es\/ca\/wp-json\/wp\/v2\/pages"}],"about":[{"href":"https:\/\/www.apen.es\/ca\/wp-json\/wp\/v2\/types\/page"}],"author":[{"embeddable":true,"href":"https:\/\/www.apen.es\/ca\/wp-json\/wp\/v2\/users\/4"}],"replies":[{"embeddable":true,"href":"https:\/\/www.apen.es\/ca\/wp-json\/wp\/v2\/comments?post=12349"}],"version-history":[{"count":4,"href":"https:\/\/www.apen.es\/ca\/wp-json\/wp\/v2\/pages\/12349\/revisions"}],"predecessor-version":[{"id":54805,"href":"https:\/\/www.apen.es\/ca\/wp-json\/wp\/v2\/pages\/12349\/revisions\/54805"}],"up":[{"embeddable":true,"href":"https:\/\/www.apen.es\/ca\/wp-json\/wp\/v2\/pages\/12251"}],"wp:attachment":[{"href":"https:\/\/www.apen.es\/ca\/wp-json\/wp\/v2\/media?parent=12349"}],"curies":[{"name":"wp","href":"https:\/\/api.w.org\/{rel}","templated":true}]}}