{"id":12288,"date":"2018-11-09T14:52:55","date_gmt":"2018-11-09T14:52:55","guid":{"rendered":"https:\/\/www.apen.es\/?page_id=12288"},"modified":"2025-05-23T08:24:14","modified_gmt":"2025-05-23T08:24:14","slug":"renting-barcelona","status":"publish","type":"page","link":"https:\/\/www.apen.es\/ca\/fotocopiadora\/renting-fotocopiadora-oki\/renting-barcelona\/","title":{"rendered":"R\u00e8nting fotocopiadores OKI Barcelona"},"content":{"rendered":"<p>La tecnologia i els aparells tecnol\u00f2gics s&#039;han convertit en una de les coses m\u00e9s imprescindibles de la nostra vida, ja que l&#039;utilitzem dia a dia, tant a nivell personal com les empreses.<\/p>\n\n\n\n<p>Per\u00f2 amb tots els aven\u00e7os tecnol\u00f2gics d&#039;avui dia, podem trobar una gran varietat de productes diferents al mercat, com per exemple molts models d&#039;impressores, diferents tipus de fotocopiadores i molt m\u00e9s, per la qual cosa \u00e9s molt important saber escollir b\u00e9 en quin producte s&#039;invertiran diners i quins s\u00f3n imprescindibles per a l&#039;empresa, per aquesta ra\u00f3 \u00e9s important que compteu per la nostra empresa. solucions de qualitat com per exemple el&nbsp;<strong>r\u00e8nting de fotocopiadores OKI a Barcelona<\/strong>.<\/p>\n\n\n\n<p>El&nbsp;<strong>r\u00e8nting de fotocopiadores OKI a Barcelona<\/strong>, consisteix en un servei de lloguer d&#039;una fotocopiadora d&#039;\u00faltima generaci\u00f3 i de gran qualitat per a la vostra empresa durant uns mesos establerts en un contracte i pagant una quantitat de diners al mes. Sense cap mena de dubte, aix\u00f2 \u00e9s una opci\u00f3 perfecta per a moltes de les empreses de la ciutat, ja que tret que sigui una multinacional o una empresa amb molts diners, no es poden permetre invertir una gran quantitat de diners en una fotocopiadora d&#039;aquesta qualitat i dirigida especialment a empreses.<\/p>\n\n\n\n<p>A m\u00e9s, encara que la vostra empresa pugui fer-se c\u00e0rrec del gran cost que t\u00e9 comprar una d&#039;aquestes fotocopiadores, des d&#039;Apen seguim aconsellant el&nbsp;<strong>r\u00e8nting de fotocopiadores OKI a Barcelona<\/strong>, ja que aquest m\u00f3n avan\u00e7a a passos de gegant pel que potser surt una nou model millorat que us va millor per a la vostra empresa, i si hav\u00edeu comprat fa un altre producte \u00e9s impossible que torneu a comprar-ne un i que estigueu sempre a l&#039;\u00faltima, mentre si l&#039;heu llogat, quan el contracte del lloguer acabi, podreu contractar la versi\u00f3 millorada.<\/p>\n\n\n\n<p>Si teniu qualsevol dubte sobre aquest servei de&nbsp;<strong>r\u00e8nting de fotocopiadores OKI a Barcelona<\/strong>, no dubteu en posar-vos en contacte amb nosaltres ja que resoldrem els vostres dubtes sense cap mena de comprom\u00eds, a m\u00e9s sempre ens prenem tot el temps necessari a con\u00e8ixer cadascun dels nostres clients i aix\u00ed poder analitzar les necessitats de la seva empresa i oferir-los el servei o producte que m\u00e9s s&#039;adapti a ells, per la qual cosa no espereu m\u00e9s i contacteu amb nosaltres.<\/p>","protected":false},"excerpt":{"rendered":"<p>La tecnolog\u00eda y los aparatos tecnol\u00f3gicos se han convertido en una de las cosas m\u00e1s imprescindibles de nuestra vida, ya que lo utilizamos d\u00eda a d\u00eda, tanto a nivel personal como las empresas, por esta raz\u00f3n es muy importante que, si una empresa quiere tener \u00e9xito y seguir avanzando para diferenciarse de la competencia y&#8230;<\/p>","protected":false},"author":4,"featured_media":0,"parent":12253,"menu_order":0,"comment_status":"closed","ping_status":"closed","template":"page-renting-impresoras.php","meta":{"_acf_changed":false,"_kad_blocks_custom_css":"","_kad_blocks_head_custom_js":"","_kad_blocks_body_custom_js":"","_kad_blocks_footer_custom_js":"","_kad_post_transparent":"","_kad_post_title":"","_kad_post_layout":"","_kad_post_sidebar_id":"","_kad_post_content_style":"","_kad_post_vertical_padding":"","_kad_post_feature":"","_kad_post_feature_position":"","_kad_post_header":false,"_kad_post_footer":false,"_kad_post_classname":"","footnotes":""},"class_list":["post-12288","page","type-page","status-publish","hentry"],"acf":[],"yoast_head":"<!-- This site is optimized with the Yoast SEO plugin v27.4 - https:\/\/yoast.com\/product\/yoast-seo-wordpress\/ -->\n<title>Renting fotocopiadoras OKI Barcelona - Apen Inform\u00e1tica<\/title>\n<meta name=\"description\" content=\"Alquiler y Renting de focopiadoras de la marca OKI en Barcelona para peque\u00f1as y medianas empresas. Soluciones de impresi\u00f3n para PYMES.Conf\u00eda en Apen.\" \/>\n<meta name=\"robots\" content=\"index, follow, max-snippet:-1, max-image-preview:large, max-video-preview:-1\" \/>\n<link rel=\"canonical\" href=\"https:\/\/www.apen.es\/ca\/fotocopiadora\/renting-fotocopiadora-oki\/renting-barcelona\/\" \/>\n<meta property=\"og:locale\" content=\"ca_ES\" \/>\n<meta property=\"og:type\" content=\"article\" \/>\n<meta property=\"og:title\" content=\"Renting fotocopiadoras OKI Barcelona - Apen Inform\u00e1tica\" \/>\n<meta property=\"og:description\" content=\"Alquiler y Renting de focopiadoras de la marca OKI en Barcelona para peque\u00f1as y medianas empresas. Soluciones de impresi\u00f3n para PYMES.Conf\u00eda en Apen.\" \/>\n<meta property=\"og:url\" content=\"https:\/\/www.apen.es\/ca\/fotocopiadora\/renting-fotocopiadora-oki\/renting-barcelona\/\" \/>\n<meta property=\"og:site_name\" content=\"Apen Inform\u00e1tica\" \/>\n<meta property=\"article:publisher\" content=\"https:\/\/www.facebook.com\/apensolucions\" \/>\n<meta property=\"article:modified_time\" content=\"2025-05-23T08:24:14+00:00\" \/>\n<meta property=\"og:image\" content=\"https:\/\/www.apen.es\/wp-content\/uploads\/2016\/05\/logo-apen-231x82-trasparent.png\" \/>\n\t<meta property=\"og:image:width\" content=\"231\" \/>\n\t<meta property=\"og:image:height\" content=\"82\" \/>\n\t<meta property=\"og:image:type\" content=\"image\/png\" \/>\n<meta name=\"twitter:card\" content=\"summary_large_image\" \/>\n<meta name=\"twitter:label1\" content=\"Temps estimat de lectura\" \/>\n\t<meta name=\"twitter:data1\" content=\"8 minuts\" \/>\n<script type=\"application\/ld+json\" class=\"yoast-schema-graph\">{\"@context\":\"https:\\\/\\\/schema.org\",\"@graph\":[{\"@type\":\"WebPage\",\"@id\":\"https:\\\/\\\/www.apen.es\\\/fotocopiadora\\\/renting-fotocopiadora-oki\\\/renting-barcelona\\\/\",\"url\":\"https:\\\/\\\/www.apen.es\\\/fotocopiadora\\\/renting-fotocopiadora-oki\\\/renting-barcelona\\\/\",\"name\":\"Renting fotocopiadoras OKI Barcelona - Apen Inform\u00e1tica\",\"isPartOf\":{\"@id\":\"https:\\\/\\\/www.apen.es\\\/#website\"},\"datePublished\":\"2018-11-09T14:52:55+00:00\",\"dateModified\":\"2025-05-23T08:24:14+00:00\",\"description\":\"Alquiler y Renting de focopiadoras de la marca OKI en Barcelona para peque\u00f1as y medianas empresas. Soluciones de impresi\u00f3n para PYMES.Conf\u00eda en Apen.\",\"breadcrumb\":{\"@id\":\"https:\\\/\\\/www.apen.es\\\/fotocopiadora\\\/renting-fotocopiadora-oki\\\/renting-barcelona\\\/#breadcrumb\"},\"inLanguage\":\"ca\",\"potentialAction\":[{\"@type\":\"ReadAction\",\"target\":[\"https:\\\/\\\/www.apen.es\\\/fotocopiadora\\\/renting-fotocopiadora-oki\\\/renting-barcelona\\\/\"]}]},{\"@type\":\"BreadcrumbList\",\"@id\":\"https:\\\/\\\/www.apen.es\\\/fotocopiadora\\\/renting-fotocopiadora-oki\\\/renting-barcelona\\\/#breadcrumb\",\"itemListElement\":[{\"@type\":\"ListItem\",\"position\":1,\"name\":\"Portada\",\"item\":\"https:\\\/\\\/www.apen.es\\\/\"},{\"@type\":\"ListItem\",\"position\":2,\"name\":\"Fotocopiadora\",\"item\":\"https:\\\/\\\/www.apen.es\\\/fotocopiadora\\\/\"},{\"@type\":\"ListItem\",\"position\":3,\"name\":\"Renting fotocopiadora OKI\",\"item\":\"https:\\\/\\\/www.apen.es\\\/fotocopiadora\\\/renting-fotocopiadora-oki\\\/\"},{\"@type\":\"ListItem\",\"position\":4,\"name\":\"Renting fotocopiadoras OKI Barcelona\"}]},{\"@type\":\"WebSite\",\"@id\":\"https:\\\/\\\/www.apen.es\\\/#website\",\"url\":\"https:\\\/\\\/www.apen.es\\\/\",\"name\":\"Apen Inform\u00e1tica\",\"description\":\"Mantenimiento Inform\u00e1tico , Software de Gesti\u00f3n, Soluciones de impresi\u00f3n\",\"publisher\":{\"@id\":\"https:\\\/\\\/www.apen.es\\\/#organization\"},\"potentialAction\":[{\"@type\":\"SearchAction\",\"target\":{\"@type\":\"EntryPoint\",\"urlTemplate\":\"https:\\\/\\\/www.apen.es\\\/?s={search_term_string}\"},\"query-input\":{\"@type\":\"PropertyValueSpecification\",\"valueRequired\":true,\"valueName\":\"search_term_string\"}}],\"inLanguage\":\"ca\"},{\"@type\":\"Organization\",\"@id\":\"https:\\\/\\\/www.apen.es\\\/#organization\",\"name\":\"Apen: Soluciones inform\u00e1ticas\",\"url\":\"https:\\\/\\\/www.apen.es\\\/\",\"logo\":{\"@type\":\"ImageObject\",\"inLanguage\":\"ca\",\"@id\":\"https:\\\/\\\/www.apen.es\\\/#\\\/schema\\\/logo\\\/image\\\/\",\"url\":\"https:\\\/\\\/www.apen.es\\\/wp-content\\\/uploads\\\/2022\\\/08\\\/logo-apenok-231x82-1.png\",\"contentUrl\":\"https:\\\/\\\/www.apen.es\\\/wp-content\\\/uploads\\\/2022\\\/08\\\/logo-apenok-231x82-1.png\",\"width\":231,\"height\":82,\"caption\":\"Apen: Soluciones inform\u00e1ticas\"},\"image\":{\"@id\":\"https:\\\/\\\/www.apen.es\\\/#\\\/schema\\\/logo\\\/image\\\/\"},\"sameAs\":[\"https:\\\/\\\/www.facebook.com\\\/apensolucions\",\"https:\\\/\\\/www.youtube.com\\\/user\\\/ApenCentreInformatic\",\"https:\\\/\\\/www.linkedin.com\\\/company\\\/1021771?trk=tyah&trkInfo=clickedVerticalcompanyclickedEntityId1021771idx2-1-2tarId1464195271196tasapenin\"]}]}<\/script>\n<!-- \/ Yoast SEO plugin. -->","yoast_head_json":{"title":"R\u00e8nting fotocopiadores OKI Barcelona - Apen Inform\u00e0tica","description":"Lloguer i Renting de focopiadores de la marca OKI a Barcelona per a petites i mitjanes empreses. Solucions d&#039;impressi\u00f3 per a PIMES. Confia en Apen.","robots":{"index":"index","follow":"follow","max-snippet":"max-snippet:-1","max-image-preview":"max-image-preview:large","max-video-preview":"max-video-preview:-1"},"canonical":"https:\/\/www.apen.es\/ca\/fotocopiadora\/renting-fotocopiadora-oki\/renting-barcelona\/","og_locale":"ca_ES","og_type":"article","og_title":"Renting fotocopiadoras OKI Barcelona - Apen Inform\u00e1tica","og_description":"Alquiler y Renting de focopiadoras de la marca OKI en Barcelona para peque\u00f1as y medianas empresas. Soluciones de impresi\u00f3n para PYMES.Conf\u00eda en Apen.","og_url":"https:\/\/www.apen.es\/ca\/fotocopiadora\/renting-fotocopiadora-oki\/renting-barcelona\/","og_site_name":"Apen Inform\u00e1tica","article_publisher":"https:\/\/www.facebook.com\/apensolucions","article_modified_time":"2025-05-23T08:24:14+00:00","og_image":[{"width":231,"height":82,"url":"https:\/\/www.apen.es\/wp-content\/uploads\/2016\/05\/logo-apen-231x82-trasparent.png","type":"image\/png"}],"twitter_card":"summary_large_image","twitter_misc":{"Temps estimat de lectura":"8 minuts"},"schema":{"@context":"https:\/\/schema.org","@graph":[{"@type":"WebPage","@id":"https:\/\/www.apen.es\/fotocopiadora\/renting-fotocopiadora-oki\/renting-barcelona\/","url":"https:\/\/www.apen.es\/fotocopiadora\/renting-fotocopiadora-oki\/renting-barcelona\/","name":"R\u00e8nting fotocopiadores OKI Barcelona - Apen Inform\u00e0tica","isPartOf":{"@id":"https:\/\/www.apen.es\/#website"},"datePublished":"2018-11-09T14:52:55+00:00","dateModified":"2025-05-23T08:24:14+00:00","description":"Lloguer i Renting de focopiadores de la marca OKI a Barcelona per a petites i mitjanes empreses. Solucions d&#039;impressi\u00f3 per a PIMES. Confia en Apen.","breadcrumb":{"@id":"https:\/\/www.apen.es\/fotocopiadora\/renting-fotocopiadora-oki\/renting-barcelona\/#breadcrumb"},"inLanguage":"ca","potentialAction":[{"@type":"ReadAction","target":["https:\/\/www.apen.es\/fotocopiadora\/renting-fotocopiadora-oki\/renting-barcelona\/"]}]},{"@type":"BreadcrumbList","@id":"https:\/\/www.apen.es\/fotocopiadora\/renting-fotocopiadora-oki\/renting-barcelona\/#breadcrumb","itemListElement":[{"@type":"ListItem","position":1,"name":"Portada","item":"https:\/\/www.apen.es\/"},{"@type":"ListItem","position":2,"name":"Fotocopiadora","item":"https:\/\/www.apen.es\/fotocopiadora\/"},{"@type":"ListItem","position":3,"name":"Renting fotocopiadora OKI","item":"https:\/\/www.apen.es\/fotocopiadora\/renting-fotocopiadora-oki\/"},{"@type":"ListItem","position":4,"name":"Renting fotocopiadoras OKI Barcelona"}]},{"@type":"WebSite","@id":"https:\/\/www.apen.es\/#website","url":"https:\/\/www.apen.es\/","name":"Apen Inform\u00e0tica","description":"Manteniment inform\u00e0tic , programari de gesti\u00f3, solucions d&#039;impressi\u00f3","publisher":{"@id":"https:\/\/www.apen.es\/#organization"},"potentialAction":[{"@type":"SearchAction","target":{"@type":"EntryPoint","urlTemplate":"https:\/\/www.apen.es\/?s={search_term_string}"},"query-input":{"@type":"PropertyValueSpecification","valueRequired":true,"valueName":"search_term_string"}}],"inLanguage":"ca"},{"@type":"Organization","@id":"https:\/\/www.apen.es\/#organization","name":"Apen: Solucions inform\u00e0tiques","url":"https:\/\/www.apen.es\/","logo":{"@type":"ImageObject","inLanguage":"ca","@id":"https:\/\/www.apen.es\/#\/schema\/logo\/image\/","url":"https:\/\/www.apen.es\/wp-content\/uploads\/2022\/08\/logo-apenok-231x82-1.png","contentUrl":"https:\/\/www.apen.es\/wp-content\/uploads\/2022\/08\/logo-apenok-231x82-1.png","width":231,"height":82,"caption":"Apen: Soluciones inform\u00e1ticas"},"image":{"@id":"https:\/\/www.apen.es\/#\/schema\/logo\/image\/"},"sameAs":["https:\/\/www.facebook.com\/apensolucions","https:\/\/www.youtube.com\/user\/ApenCentreInformatic","https:\/\/www.linkedin.com\/company\/1021771?trk=tyah&trkInfo=clickedVerticalcompanyclickedEntityId1021771idx2-1-2tarId1464195271196tasapenin"]}]}},"taxonomy_info":[],"featured_image_src_large":false,"author_info":{"display_name":"marqueting","author_link":"https:\/\/www.apen.es\/ca\/blog\/author\/marqueting\/"},"comment_info":0,"_links":{"self":[{"href":"https:\/\/www.apen.es\/ca\/wp-json\/wp\/v2\/pages\/12288","targetHints":{"allow":["GET"]}}],"collection":[{"href":"https:\/\/www.apen.es\/ca\/wp-json\/wp\/v2\/pages"}],"about":[{"href":"https:\/\/www.apen.es\/ca\/wp-json\/wp\/v2\/types\/page"}],"author":[{"embeddable":true,"href":"https:\/\/www.apen.es\/ca\/wp-json\/wp\/v2\/users\/4"}],"replies":[{"embeddable":true,"href":"https:\/\/www.apen.es\/ca\/wp-json\/wp\/v2\/comments?post=12288"}],"version-history":[{"count":3,"href":"https:\/\/www.apen.es\/ca\/wp-json\/wp\/v2\/pages\/12288\/revisions"}],"predecessor-version":[{"id":54891,"href":"https:\/\/www.apen.es\/ca\/wp-json\/wp\/v2\/pages\/12288\/revisions\/54891"}],"up":[{"embeddable":true,"href":"https:\/\/www.apen.es\/ca\/wp-json\/wp\/v2\/pages\/12253"}],"wp:attachment":[{"href":"https:\/\/www.apen.es\/ca\/wp-json\/wp\/v2\/media?parent=12288"}],"curies":[{"name":"wp","href":"https:\/\/api.w.org\/{rel}","templated":true}]}}