{"id":12282,"date":"2018-11-09T14:43:27","date_gmt":"2018-11-09T14:43:27","guid":{"rendered":"https:\/\/www.apen.es\/?page_id=12282"},"modified":"2025-05-23T08:24:17","modified_gmt":"2025-05-23T08:24:17","slug":"renting-terrassa","status":"publish","type":"page","link":"https:\/\/www.apen.es\/ca\/fotocopiadora\/renting-fotocopiadora-kyocera\/renting-terrassa\/","title":{"rendered":"R\u00e8nting fotocopiadora Kyocera Terrassa"},"content":{"rendered":"<p>Perqu\u00e8 un negoci funcioni correctament, cal disposar de diversos dispositius i aparells que facin les tasques molt m\u00e9s r\u00e0pides i eficients. Tant aquelles empreses que s\u00f3n m\u00e9s grans com les que es dediquen a un petit sector del mercat requereixen aquesta maquin\u00e0ria, que en molts casos suposa un gran esfor\u00e7 econ\u00f2mic per al negoci. D&#039;aquesta manera, a Apen disposem d&#039;un servei de&nbsp;<strong>r\u00e8nting de fotocopiadores Kyocera<\/strong>&nbsp;a&nbsp;<strong>Terrassa<\/strong>, proveint aix\u00ed totes les empreses que ho necessitin. A m\u00e9s, podreu gaudir del nostre servei totalment personalitzada, aix\u00ed com de les solucions que oferim.<\/p>\n\n\n\n<p>El nostre servei de&nbsp;<strong>r\u00e8nting de fotocopiadores Kyocera a Terrassa<\/strong>&nbsp;\u00e9s ideal per a aquelles empreses que vulguin gaudir de la tecnologia m\u00e9s avan\u00e7ada sense cap mena de risc o despesa inesperada. En aquest servei, el client ha de pagar una quota mensual establerta per ambdues parts en qu\u00e8 es t\u00e9 en compte el nombre de fotoc\u00f2pies que es faran durant aquest temps determinat. D&#039;altra banda, el manteniment o possible reparaci\u00f3 corre al nostre compte sempre que sigui per \u00fas, en aquest cas, nosaltres ens ocuparem de reparar-lo com m\u00e9s aviat millor i posar tota la m\u00e0 d&#039;obra que sigui necess\u00e0ria perqu\u00e8 en poc temps es pugui tornar a utilitzar.<\/p>\n\n\n\n<p>Hi ha molts motius pels quals una empresa no es vol fer c\u00e0rrec de tot all\u00f2 que comporta comprar un dispositiu daquest tipus. Entre ells, hem de tenir en compte que la tecnologia avan\u00e7a molt r\u00e0pidament i disposar d&#039;un producte innovador \u00e9s gaireb\u00e9 impossible. Per aquest motiu, la nostra empresa ofereix els millors serveis de&nbsp;<strong>r\u00e8nting de fotocopiadores<\/strong>&nbsp;<strong>Kyocera a Terrassa<\/strong>. Aquesta marca ens assegura que el producte \u00e9s de primera qualitat i ens garanteix unes prestacions i funcions d&#039;\u00faltima tecnologia, i aix\u00ed \u00e9s la soluci\u00f3 perfecta per a milers d&#039;empreses.<\/p>\n\n\n\n<p>Gr\u00e0cies al gran equip de professionals de qu\u00e8 disposem a la nostra empresa, actualment podem oferir els millors productes i serveis, a m\u00e9s d&#039;un tracte totalment personalitzat a cadascun dels nostres clients. El nostre objectiu i el de les marques que fabriquen els productes que comercialitzem es basa a aportar una soluci\u00f3 integral a aquells negocis que aix\u00ed ho requereixin. Per aquest motiu, el nostre servei de&nbsp;<strong>r\u00e8nting de fotocopiadores Kyocera<\/strong>&nbsp;a&nbsp;<strong>Terrassa<\/strong>&nbsp;est\u00e0 molt demandat i cada dia arribem a nous clients que ho necessiten per poder tenir m\u00e9s rapidesa i efectivitat a totes les tasques d&#039;impressi\u00f3 del seu negoci.<\/p>\n\n\n\n<p>Per con\u00e8ixer m\u00e9s sobre els nostres serveis de&nbsp;<strong>r\u00e8nting de fotocopiadores Koyera a Terrassa<\/strong>&nbsp;o sobre la resta de productes que oferim a la nostra empresa, no dubti en posar-se en contacte amb nosaltres, estarem encantats d&#039;atendre&#039;l i resoldre qualsevol dubte que pugui tenir sense comprom\u00eds.<\/p>","protected":false},"excerpt":{"rendered":"<p>Para que un negocio funcione correctamente, es necesario disponer de varios dispositivos y aparatos que hagan las tareas mucho m\u00e1s r\u00e1pidas y eficientes. Tanto aquellas empresas que son m\u00e1s grandes como las que se dedican a un peque\u00f1o sector del mercado requieren esta maquinaria, la cual en muchos casos supone un gran esfuerzo econ\u00f3mico para&#8230;<\/p>","protected":false},"author":4,"featured_media":0,"parent":12256,"menu_order":0,"comment_status":"closed","ping_status":"closed","template":"page-renting-impresoras.php","meta":{"_acf_changed":false,"_kad_blocks_custom_css":"","_kad_blocks_head_custom_js":"","_kad_blocks_body_custom_js":"","_kad_blocks_footer_custom_js":"","_kad_post_transparent":"","_kad_post_title":"","_kad_post_layout":"","_kad_post_sidebar_id":"","_kad_post_content_style":"","_kad_post_vertical_padding":"","_kad_post_feature":"","_kad_post_feature_position":"","_kad_post_header":false,"_kad_post_footer":false,"_kad_post_classname":"","footnotes":""},"class_list":["post-12282","page","type-page","status-publish","hentry"],"acf":[],"yoast_head":"<!-- This site is optimized with the Yoast SEO plugin v27.4 - https:\/\/yoast.com\/product\/yoast-seo-wordpress\/ -->\n<title>Renting fotocopiadora Kyocera Terrassa - Apen Inform\u00e1tica<\/title>\n<meta name=\"description\" content=\"Alquiler y Renting de focopiadoras de la marca Kyocera en Terrassa para peque\u00f1as y medianas empresas. Soluciones de impresi\u00f3n para PYMES.\" \/>\n<meta name=\"robots\" content=\"index, follow, max-snippet:-1, max-image-preview:large, max-video-preview:-1\" \/>\n<link rel=\"canonical\" href=\"https:\/\/www.apen.es\/ca\/fotocopiadora\/renting-fotocopiadora-kyocera\/renting-terrassa\/\" \/>\n<meta property=\"og:locale\" content=\"ca_ES\" \/>\n<meta property=\"og:type\" content=\"article\" \/>\n<meta property=\"og:title\" content=\"Renting fotocopiadora Kyocera Terrassa - Apen Inform\u00e1tica\" \/>\n<meta property=\"og:description\" content=\"Alquiler y Renting de focopiadoras de la marca Kyocera en Terrassa para peque\u00f1as y medianas empresas. Soluciones de impresi\u00f3n para PYMES.\" \/>\n<meta property=\"og:url\" content=\"https:\/\/www.apen.es\/ca\/fotocopiadora\/renting-fotocopiadora-kyocera\/renting-terrassa\/\" \/>\n<meta property=\"og:site_name\" content=\"Apen Inform\u00e1tica\" \/>\n<meta property=\"article:publisher\" content=\"https:\/\/www.facebook.com\/apensolucions\" \/>\n<meta property=\"article:modified_time\" content=\"2025-05-23T08:24:17+00:00\" \/>\n<meta property=\"og:image\" content=\"https:\/\/www.apen.es\/wp-content\/uploads\/2016\/05\/logo-apen-231x82-trasparent.png\" \/>\n\t<meta property=\"og:image:width\" content=\"231\" \/>\n\t<meta property=\"og:image:height\" content=\"82\" \/>\n\t<meta property=\"og:image:type\" content=\"image\/png\" \/>\n<meta name=\"twitter:card\" content=\"summary_large_image\" \/>\n<meta name=\"twitter:label1\" content=\"Temps estimat de lectura\" \/>\n\t<meta name=\"twitter:data1\" content=\"7 minuts\" \/>\n<script type=\"application\/ld+json\" class=\"yoast-schema-graph\">{\"@context\":\"https:\\\/\\\/schema.org\",\"@graph\":[{\"@type\":\"WebPage\",\"@id\":\"https:\\\/\\\/www.apen.es\\\/fotocopiadora\\\/renting-fotocopiadora-kyocera\\\/renting-terrassa\\\/\",\"url\":\"https:\\\/\\\/www.apen.es\\\/fotocopiadora\\\/renting-fotocopiadora-kyocera\\\/renting-terrassa\\\/\",\"name\":\"Renting fotocopiadora Kyocera Terrassa - Apen Inform\u00e1tica\",\"isPartOf\":{\"@id\":\"https:\\\/\\\/www.apen.es\\\/#website\"},\"datePublished\":\"2018-11-09T14:43:27+00:00\",\"dateModified\":\"2025-05-23T08:24:17+00:00\",\"description\":\"Alquiler y Renting de focopiadoras de la marca Kyocera en Terrassa para peque\u00f1as y medianas empresas. Soluciones de impresi\u00f3n para PYMES.\",\"breadcrumb\":{\"@id\":\"https:\\\/\\\/www.apen.es\\\/fotocopiadora\\\/renting-fotocopiadora-kyocera\\\/renting-terrassa\\\/#breadcrumb\"},\"inLanguage\":\"ca\",\"potentialAction\":[{\"@type\":\"ReadAction\",\"target\":[\"https:\\\/\\\/www.apen.es\\\/fotocopiadora\\\/renting-fotocopiadora-kyocera\\\/renting-terrassa\\\/\"]}]},{\"@type\":\"BreadcrumbList\",\"@id\":\"https:\\\/\\\/www.apen.es\\\/fotocopiadora\\\/renting-fotocopiadora-kyocera\\\/renting-terrassa\\\/#breadcrumb\",\"itemListElement\":[{\"@type\":\"ListItem\",\"position\":1,\"name\":\"Portada\",\"item\":\"https:\\\/\\\/www.apen.es\\\/\"},{\"@type\":\"ListItem\",\"position\":2,\"name\":\"Fotocopiadora\",\"item\":\"https:\\\/\\\/www.apen.es\\\/fotocopiadora\\\/\"},{\"@type\":\"ListItem\",\"position\":3,\"name\":\"Renting fotocopiadora Kyocera\",\"item\":\"https:\\\/\\\/www.apen.es\\\/fotocopiadora\\\/renting-fotocopiadora-kyocera\\\/\"},{\"@type\":\"ListItem\",\"position\":4,\"name\":\"Renting fotocopiadora Kyocera Terrassa\"}]},{\"@type\":\"WebSite\",\"@id\":\"https:\\\/\\\/www.apen.es\\\/#website\",\"url\":\"https:\\\/\\\/www.apen.es\\\/\",\"name\":\"Apen Inform\u00e1tica\",\"description\":\"Mantenimiento Inform\u00e1tico , Software de Gesti\u00f3n, Soluciones de impresi\u00f3n\",\"publisher\":{\"@id\":\"https:\\\/\\\/www.apen.es\\\/#organization\"},\"potentialAction\":[{\"@type\":\"SearchAction\",\"target\":{\"@type\":\"EntryPoint\",\"urlTemplate\":\"https:\\\/\\\/www.apen.es\\\/?s={search_term_string}\"},\"query-input\":{\"@type\":\"PropertyValueSpecification\",\"valueRequired\":true,\"valueName\":\"search_term_string\"}}],\"inLanguage\":\"ca\"},{\"@type\":\"Organization\",\"@id\":\"https:\\\/\\\/www.apen.es\\\/#organization\",\"name\":\"Apen: Soluciones inform\u00e1ticas\",\"url\":\"https:\\\/\\\/www.apen.es\\\/\",\"logo\":{\"@type\":\"ImageObject\",\"inLanguage\":\"ca\",\"@id\":\"https:\\\/\\\/www.apen.es\\\/#\\\/schema\\\/logo\\\/image\\\/\",\"url\":\"https:\\\/\\\/www.apen.es\\\/wp-content\\\/uploads\\\/2022\\\/08\\\/logo-apenok-231x82-1.png\",\"contentUrl\":\"https:\\\/\\\/www.apen.es\\\/wp-content\\\/uploads\\\/2022\\\/08\\\/logo-apenok-231x82-1.png\",\"width\":231,\"height\":82,\"caption\":\"Apen: Soluciones inform\u00e1ticas\"},\"image\":{\"@id\":\"https:\\\/\\\/www.apen.es\\\/#\\\/schema\\\/logo\\\/image\\\/\"},\"sameAs\":[\"https:\\\/\\\/www.facebook.com\\\/apensolucions\",\"https:\\\/\\\/www.youtube.com\\\/user\\\/ApenCentreInformatic\",\"https:\\\/\\\/www.linkedin.com\\\/company\\\/1021771?trk=tyah&trkInfo=clickedVerticalcompanyclickedEntityId1021771idx2-1-2tarId1464195271196tasapenin\"]}]}<\/script>\n<!-- \/ Yoast SEO plugin. -->","yoast_head_json":{"title":"Renting fotocopiadora Kyocera Terrassa - Apen Inform\u00e1tica","description":"Alquiler y Renting de focopiadoras de la marca Kyocera en Terrassa para peque\u00f1as y medianas empresas. Soluciones de impresi\u00f3n para PYMES.","robots":{"index":"index","follow":"follow","max-snippet":"max-snippet:-1","max-image-preview":"max-image-preview:large","max-video-preview":"max-video-preview:-1"},"canonical":"https:\/\/www.apen.es\/ca\/fotocopiadora\/renting-fotocopiadora-kyocera\/renting-terrassa\/","og_locale":"ca_ES","og_type":"article","og_title":"Renting fotocopiadora Kyocera Terrassa - Apen Inform\u00e1tica","og_description":"Alquiler y Renting de focopiadoras de la marca Kyocera en Terrassa para peque\u00f1as y medianas empresas. Soluciones de impresi\u00f3n para PYMES.","og_url":"https:\/\/www.apen.es\/ca\/fotocopiadora\/renting-fotocopiadora-kyocera\/renting-terrassa\/","og_site_name":"Apen Inform\u00e1tica","article_publisher":"https:\/\/www.facebook.com\/apensolucions","article_modified_time":"2025-05-23T08:24:17+00:00","og_image":[{"width":231,"height":82,"url":"https:\/\/www.apen.es\/wp-content\/uploads\/2016\/05\/logo-apen-231x82-trasparent.png","type":"image\/png"}],"twitter_card":"summary_large_image","twitter_misc":{"Temps estimat de lectura":"7 minuts"},"schema":{"@context":"https:\/\/schema.org","@graph":[{"@type":"WebPage","@id":"https:\/\/www.apen.es\/fotocopiadora\/renting-fotocopiadora-kyocera\/renting-terrassa\/","url":"https:\/\/www.apen.es\/fotocopiadora\/renting-fotocopiadora-kyocera\/renting-terrassa\/","name":"Renting fotocopiadora Kyocera Terrassa - Apen Inform\u00e1tica","isPartOf":{"@id":"https:\/\/www.apen.es\/#website"},"datePublished":"2018-11-09T14:43:27+00:00","dateModified":"2025-05-23T08:24:17+00:00","description":"Alquiler y Renting de focopiadoras de la marca Kyocera en Terrassa para peque\u00f1as y medianas empresas. Soluciones de impresi\u00f3n para PYMES.","breadcrumb":{"@id":"https:\/\/www.apen.es\/fotocopiadora\/renting-fotocopiadora-kyocera\/renting-terrassa\/#breadcrumb"},"inLanguage":"ca","potentialAction":[{"@type":"ReadAction","target":["https:\/\/www.apen.es\/fotocopiadora\/renting-fotocopiadora-kyocera\/renting-terrassa\/"]}]},{"@type":"BreadcrumbList","@id":"https:\/\/www.apen.es\/fotocopiadora\/renting-fotocopiadora-kyocera\/renting-terrassa\/#breadcrumb","itemListElement":[{"@type":"ListItem","position":1,"name":"Portada","item":"https:\/\/www.apen.es\/"},{"@type":"ListItem","position":2,"name":"Fotocopiadora","item":"https:\/\/www.apen.es\/fotocopiadora\/"},{"@type":"ListItem","position":3,"name":"Renting fotocopiadora Kyocera","item":"https:\/\/www.apen.es\/fotocopiadora\/renting-fotocopiadora-kyocera\/"},{"@type":"ListItem","position":4,"name":"Renting fotocopiadora Kyocera Terrassa"}]},{"@type":"WebSite","@id":"https:\/\/www.apen.es\/#website","url":"https:\/\/www.apen.es\/","name":"Apen Inform\u00e0tica","description":"Manteniment inform\u00e0tic , programari de gesti\u00f3, solucions d&#039;impressi\u00f3","publisher":{"@id":"https:\/\/www.apen.es\/#organization"},"potentialAction":[{"@type":"SearchAction","target":{"@type":"EntryPoint","urlTemplate":"https:\/\/www.apen.es\/?s={search_term_string}"},"query-input":{"@type":"PropertyValueSpecification","valueRequired":true,"valueName":"search_term_string"}}],"inLanguage":"ca"},{"@type":"Organization","@id":"https:\/\/www.apen.es\/#organization","name":"Apen: Solucions inform\u00e0tiques","url":"https:\/\/www.apen.es\/","logo":{"@type":"ImageObject","inLanguage":"ca","@id":"https:\/\/www.apen.es\/#\/schema\/logo\/image\/","url":"https:\/\/www.apen.es\/wp-content\/uploads\/2022\/08\/logo-apenok-231x82-1.png","contentUrl":"https:\/\/www.apen.es\/wp-content\/uploads\/2022\/08\/logo-apenok-231x82-1.png","width":231,"height":82,"caption":"Apen: Soluciones inform\u00e1ticas"},"image":{"@id":"https:\/\/www.apen.es\/#\/schema\/logo\/image\/"},"sameAs":["https:\/\/www.facebook.com\/apensolucions","https:\/\/www.youtube.com\/user\/ApenCentreInformatic","https:\/\/www.linkedin.com\/company\/1021771?trk=tyah&trkInfo=clickedVerticalcompanyclickedEntityId1021771idx2-1-2tarId1464195271196tasapenin"]}]}},"taxonomy_info":[],"featured_image_src_large":false,"author_info":{"display_name":"marqueting","author_link":"https:\/\/www.apen.es\/ca\/blog\/author\/marqueting\/"},"comment_info":0,"_links":{"self":[{"href":"https:\/\/www.apen.es\/ca\/wp-json\/wp\/v2\/pages\/12282","targetHints":{"allow":["GET"]}}],"collection":[{"href":"https:\/\/www.apen.es\/ca\/wp-json\/wp\/v2\/pages"}],"about":[{"href":"https:\/\/www.apen.es\/ca\/wp-json\/wp\/v2\/types\/page"}],"author":[{"embeddable":true,"href":"https:\/\/www.apen.es\/ca\/wp-json\/wp\/v2\/users\/4"}],"replies":[{"embeddable":true,"href":"https:\/\/www.apen.es\/ca\/wp-json\/wp\/v2\/comments?post=12282"}],"version-history":[{"count":2,"href":"https:\/\/www.apen.es\/ca\/wp-json\/wp\/v2\/pages\/12282\/revisions"}],"predecessor-version":[{"id":54887,"href":"https:\/\/www.apen.es\/ca\/wp-json\/wp\/v2\/pages\/12282\/revisions\/54887"}],"up":[{"embeddable":true,"href":"https:\/\/www.apen.es\/ca\/wp-json\/wp\/v2\/pages\/12256"}],"wp:attachment":[{"href":"https:\/\/www.apen.es\/ca\/wp-json\/wp\/v2\/media?parent=12282"}],"curies":[{"name":"wp","href":"https:\/\/api.w.org\/{rel}","templated":true}]}}