{"id":12278,"date":"2018-11-09T14:37:28","date_gmt":"2018-11-09T14:37:28","guid":{"rendered":"https:\/\/www.apen.es\/?page_id=12278"},"modified":"2025-05-23T08:24:12","modified_gmt":"2025-05-23T08:24:12","slug":"renting-mollet","status":"publish","type":"page","link":"https:\/\/www.apen.es\/ca\/fotocopiadora\/renting-fotocopiadora-kyocera\/renting-mollet\/","title":{"rendered":"R\u00e8nting fotocopiadora Kyocera Mollet"},"content":{"rendered":"<p>Al mercat actual hi ha infinitat de marques i tecnologies d&#039;impressi\u00f3 diferents que ofereixen soluci\u00f3 a les necessitats de diferents negocis. A la nostra empresa en som conscients, i disposem d&#039;un cat\u00e0leg, en qu\u00e8 tots i cadascun dels productes s\u00f3n de la millor qualitat i han estat fabricats per empreses l\u00edders al mercat. Dins aquesta gran gamma de dispositius, molts negocis s&#039;han trobat amb la impossibilitat d&#039;assumir les despeses que comporten. A la nostra empresa volem donar soluci\u00f3 a aquest problema oferint els nostres serveis de&nbsp;<strong>r\u00e8nting de fotocopiadores Kyocera a Mollet<\/strong>.<\/p>\n\n\n\n<p>Aquest servei est\u00e0 destinat tant a petites com a grans empreses, i consisteix que el client disposa de l&#039;aparell durant uns mesos, en els quals \u00fanicament ha de pagar una quota establerta entre les dues parts. Si succeeix qualsevol tipus de problema o cal fer algun tipus de reparaci\u00f3 de la m\u00e0quina per \u00fas, la nostra empresa s&#039;encarrega de les despeses, tant de l&#039;equip t\u00e8cnic com de les peces necess\u00e0ries per arreglar-ho. D&#039;aquesta manera, el nostre client pot fer un&nbsp;<strong>r\u00e8nting de<\/strong>&nbsp;una<strong>&nbsp;fotocopi\u00e9s Kyocera a Mollet<\/strong>, sense haver de preocupar-se pels imprevistos o despeses no esperades.<\/p>\n\n\n\n<p>Amb aquest tipus de serveis i productes, la nostra empresa intenta oferir les millors solucions a aquells negocis que els necessitin. D&#039;aquesta manera disposem de tot tipus de sistemes de gesti\u00f3 i log\u00edstica que poden ser ideals per a determinats negocis. El nostre servei de&nbsp;<strong>r\u00e8nting de fotocopiadores Kyocera a Mollet<\/strong>&nbsp;va sorgir gr\u00e0cies a la necessitat de moltes empreses de disposar de dispositius d&#039;una tecnologia molt avan\u00e7ada sense haver de fer una despesa excessiva. D&#039;aquesta manera, s&#039;ent\u00e9n com una gran oportunitat per a tot tipus d&#039;empreses que vulguin gaudir de les millors impressions i fotoc\u00f2pies sense haver de comprar directament el producte, i aix\u00f2 comporta.<\/p>\n\n\n\n<p>A la nostra empresa disposem d\u00b4un gran equip de professionals disposats a oferir les millors solucions a tot tipus de negocis i clients que contactin amb nosaltres. Els nostres treballadors tenen experi\u00e8ncia en diferents \u00e0mbits, per aquest motiu, cadascun pot especialitzar-se en un tipus o altre de servei, creant aix\u00ed un tracte totalment personalitzat i efica\u00e7 per al client. Per la seva banda, el nostre servei de&nbsp;<strong>r\u00e8nting de fotocopiadora Kyocera<\/strong>&nbsp;a&nbsp;<strong>Mollet<\/strong>, tamb\u00e9 disposa dels millors professionals que coneixen a la perfecci\u00f3 aquests dispositius i ajudaran el client a treure&#039;n el m\u00e0xim profit durant el temps que l&#039;utilitzi.<\/p>\n\n\n\n<p>En el cas que vulgueu saber m\u00e9s sobre les nostres solucions o sobre els nostres serveis, no dubteu a posar-vos en contacte amb nosaltres, estarem encantats d&#039;atendre&#039;l i resoldre qualsevol dubte que pugui tenir sense cap mena de comprom\u00eds.<\/p>","protected":false},"excerpt":{"rendered":"<p>En el mercado actual existen infinidad de marcas y tecnolog\u00edas de impresi\u00f3n distintas que ofrecen soluci\u00f3n a las necesidades de distintos negocios. En nuestra empresa somos conscientes de ello, y disponemos de un cat\u00e1logo, en el que todos y cada uno de los productos son de la mejor calidad y han sido fabricados por empresas&#8230;<\/p>","protected":false},"author":4,"featured_media":0,"parent":12256,"menu_order":0,"comment_status":"closed","ping_status":"closed","template":"page-renting-impresoras.php","meta":{"_acf_changed":false,"_kad_blocks_custom_css":"","_kad_blocks_head_custom_js":"","_kad_blocks_body_custom_js":"","_kad_blocks_footer_custom_js":"","_kad_post_transparent":"","_kad_post_title":"","_kad_post_layout":"","_kad_post_sidebar_id":"","_kad_post_content_style":"","_kad_post_vertical_padding":"","_kad_post_feature":"","_kad_post_feature_position":"","_kad_post_header":false,"_kad_post_footer":false,"_kad_post_classname":"","footnotes":""},"class_list":["post-12278","page","type-page","status-publish","hentry"],"acf":[],"yoast_head":"<!-- This site is optimized with the Yoast SEO plugin v27.4 - https:\/\/yoast.com\/product\/yoast-seo-wordpress\/ -->\n<title>Renting fotocopiadora Kyocera Mollet - Apen Inform\u00e1tica<\/title>\n<meta name=\"description\" content=\"Alquiler y Renting de focopiadoras de la marca Kyocera en Mollet para peque\u00f1as y medianas empresas. Soluciones de impresi\u00f3n para PYMES.\" \/>\n<meta name=\"robots\" content=\"index, follow, max-snippet:-1, max-image-preview:large, max-video-preview:-1\" \/>\n<link rel=\"canonical\" href=\"https:\/\/www.apen.es\/ca\/fotocopiadora\/renting-fotocopiadora-kyocera\/renting-mollet\/\" \/>\n<meta property=\"og:locale\" content=\"ca_ES\" \/>\n<meta property=\"og:type\" content=\"article\" \/>\n<meta property=\"og:title\" content=\"Renting fotocopiadora Kyocera Mollet - Apen Inform\u00e1tica\" \/>\n<meta property=\"og:description\" content=\"Alquiler y Renting de focopiadoras de la marca Kyocera en Mollet para peque\u00f1as y medianas empresas. Soluciones de impresi\u00f3n para PYMES.\" \/>\n<meta property=\"og:url\" content=\"https:\/\/www.apen.es\/ca\/fotocopiadora\/renting-fotocopiadora-kyocera\/renting-mollet\/\" \/>\n<meta property=\"og:site_name\" content=\"Apen Inform\u00e1tica\" \/>\n<meta property=\"article:publisher\" content=\"https:\/\/www.facebook.com\/apensolucions\" \/>\n<meta property=\"article:modified_time\" content=\"2025-05-23T08:24:12+00:00\" \/>\n<meta property=\"og:image\" content=\"https:\/\/www.apen.es\/wp-content\/uploads\/2016\/05\/logo-apen-231x82-trasparent.png\" \/>\n\t<meta property=\"og:image:width\" content=\"231\" \/>\n\t<meta property=\"og:image:height\" content=\"82\" \/>\n\t<meta property=\"og:image:type\" content=\"image\/png\" \/>\n<meta name=\"twitter:card\" content=\"summary_large_image\" \/>\n<meta name=\"twitter:label1\" content=\"Temps estimat de lectura\" \/>\n\t<meta name=\"twitter:data1\" content=\"8 minuts\" \/>\n<script type=\"application\/ld+json\" class=\"yoast-schema-graph\">{\"@context\":\"https:\\\/\\\/schema.org\",\"@graph\":[{\"@type\":\"WebPage\",\"@id\":\"https:\\\/\\\/www.apen.es\\\/fotocopiadora\\\/renting-fotocopiadora-kyocera\\\/renting-mollet\\\/\",\"url\":\"https:\\\/\\\/www.apen.es\\\/fotocopiadora\\\/renting-fotocopiadora-kyocera\\\/renting-mollet\\\/\",\"name\":\"Renting fotocopiadora Kyocera Mollet - Apen Inform\u00e1tica\",\"isPartOf\":{\"@id\":\"https:\\\/\\\/www.apen.es\\\/#website\"},\"datePublished\":\"2018-11-09T14:37:28+00:00\",\"dateModified\":\"2025-05-23T08:24:12+00:00\",\"description\":\"Alquiler y Renting de focopiadoras de la marca Kyocera en Mollet para peque\u00f1as y medianas empresas. Soluciones de impresi\u00f3n para PYMES.\",\"breadcrumb\":{\"@id\":\"https:\\\/\\\/www.apen.es\\\/fotocopiadora\\\/renting-fotocopiadora-kyocera\\\/renting-mollet\\\/#breadcrumb\"},\"inLanguage\":\"ca\",\"potentialAction\":[{\"@type\":\"ReadAction\",\"target\":[\"https:\\\/\\\/www.apen.es\\\/fotocopiadora\\\/renting-fotocopiadora-kyocera\\\/renting-mollet\\\/\"]}]},{\"@type\":\"BreadcrumbList\",\"@id\":\"https:\\\/\\\/www.apen.es\\\/fotocopiadora\\\/renting-fotocopiadora-kyocera\\\/renting-mollet\\\/#breadcrumb\",\"itemListElement\":[{\"@type\":\"ListItem\",\"position\":1,\"name\":\"Portada\",\"item\":\"https:\\\/\\\/www.apen.es\\\/\"},{\"@type\":\"ListItem\",\"position\":2,\"name\":\"Fotocopiadora\",\"item\":\"https:\\\/\\\/www.apen.es\\\/fotocopiadora\\\/\"},{\"@type\":\"ListItem\",\"position\":3,\"name\":\"Renting fotocopiadora Kyocera\",\"item\":\"https:\\\/\\\/www.apen.es\\\/fotocopiadora\\\/renting-fotocopiadora-kyocera\\\/\"},{\"@type\":\"ListItem\",\"position\":4,\"name\":\"Renting fotocopiadora Kyocera Mollet\"}]},{\"@type\":\"WebSite\",\"@id\":\"https:\\\/\\\/www.apen.es\\\/#website\",\"url\":\"https:\\\/\\\/www.apen.es\\\/\",\"name\":\"Apen Inform\u00e1tica\",\"description\":\"Mantenimiento Inform\u00e1tico , Software de Gesti\u00f3n, Soluciones de impresi\u00f3n\",\"publisher\":{\"@id\":\"https:\\\/\\\/www.apen.es\\\/#organization\"},\"potentialAction\":[{\"@type\":\"SearchAction\",\"target\":{\"@type\":\"EntryPoint\",\"urlTemplate\":\"https:\\\/\\\/www.apen.es\\\/?s={search_term_string}\"},\"query-input\":{\"@type\":\"PropertyValueSpecification\",\"valueRequired\":true,\"valueName\":\"search_term_string\"}}],\"inLanguage\":\"ca\"},{\"@type\":\"Organization\",\"@id\":\"https:\\\/\\\/www.apen.es\\\/#organization\",\"name\":\"Apen: Soluciones inform\u00e1ticas\",\"url\":\"https:\\\/\\\/www.apen.es\\\/\",\"logo\":{\"@type\":\"ImageObject\",\"inLanguage\":\"ca\",\"@id\":\"https:\\\/\\\/www.apen.es\\\/#\\\/schema\\\/logo\\\/image\\\/\",\"url\":\"https:\\\/\\\/www.apen.es\\\/wp-content\\\/uploads\\\/2022\\\/08\\\/logo-apenok-231x82-1.png\",\"contentUrl\":\"https:\\\/\\\/www.apen.es\\\/wp-content\\\/uploads\\\/2022\\\/08\\\/logo-apenok-231x82-1.png\",\"width\":231,\"height\":82,\"caption\":\"Apen: Soluciones inform\u00e1ticas\"},\"image\":{\"@id\":\"https:\\\/\\\/www.apen.es\\\/#\\\/schema\\\/logo\\\/image\\\/\"},\"sameAs\":[\"https:\\\/\\\/www.facebook.com\\\/apensolucions\",\"https:\\\/\\\/www.youtube.com\\\/user\\\/ApenCentreInformatic\",\"https:\\\/\\\/www.linkedin.com\\\/company\\\/1021771?trk=tyah&trkInfo=clickedVerticalcompanyclickedEntityId1021771idx2-1-2tarId1464195271196tasapenin\"]}]}<\/script>\n<!-- \/ Yoast SEO plugin. -->","yoast_head_json":{"title":"Renting fotocopiadora Kyocera Mollet - Apen Inform\u00e1tica","description":"Alquiler y Renting de focopiadoras de la marca Kyocera en Mollet para peque\u00f1as y medianas empresas. Soluciones de impresi\u00f3n para PYMES.","robots":{"index":"index","follow":"follow","max-snippet":"max-snippet:-1","max-image-preview":"max-image-preview:large","max-video-preview":"max-video-preview:-1"},"canonical":"https:\/\/www.apen.es\/ca\/fotocopiadora\/renting-fotocopiadora-kyocera\/renting-mollet\/","og_locale":"ca_ES","og_type":"article","og_title":"Renting fotocopiadora Kyocera Mollet - Apen Inform\u00e1tica","og_description":"Alquiler y Renting de focopiadoras de la marca Kyocera en Mollet para peque\u00f1as y medianas empresas. Soluciones de impresi\u00f3n para PYMES.","og_url":"https:\/\/www.apen.es\/ca\/fotocopiadora\/renting-fotocopiadora-kyocera\/renting-mollet\/","og_site_name":"Apen Inform\u00e1tica","article_publisher":"https:\/\/www.facebook.com\/apensolucions","article_modified_time":"2025-05-23T08:24:12+00:00","og_image":[{"width":231,"height":82,"url":"https:\/\/www.apen.es\/wp-content\/uploads\/2016\/05\/logo-apen-231x82-trasparent.png","type":"image\/png"}],"twitter_card":"summary_large_image","twitter_misc":{"Temps estimat de lectura":"8 minuts"},"schema":{"@context":"https:\/\/schema.org","@graph":[{"@type":"WebPage","@id":"https:\/\/www.apen.es\/fotocopiadora\/renting-fotocopiadora-kyocera\/renting-mollet\/","url":"https:\/\/www.apen.es\/fotocopiadora\/renting-fotocopiadora-kyocera\/renting-mollet\/","name":"Renting fotocopiadora Kyocera Mollet - Apen Inform\u00e1tica","isPartOf":{"@id":"https:\/\/www.apen.es\/#website"},"datePublished":"2018-11-09T14:37:28+00:00","dateModified":"2025-05-23T08:24:12+00:00","description":"Alquiler y Renting de focopiadoras de la marca Kyocera en Mollet para peque\u00f1as y medianas empresas. Soluciones de impresi\u00f3n para PYMES.","breadcrumb":{"@id":"https:\/\/www.apen.es\/fotocopiadora\/renting-fotocopiadora-kyocera\/renting-mollet\/#breadcrumb"},"inLanguage":"ca","potentialAction":[{"@type":"ReadAction","target":["https:\/\/www.apen.es\/fotocopiadora\/renting-fotocopiadora-kyocera\/renting-mollet\/"]}]},{"@type":"BreadcrumbList","@id":"https:\/\/www.apen.es\/fotocopiadora\/renting-fotocopiadora-kyocera\/renting-mollet\/#breadcrumb","itemListElement":[{"@type":"ListItem","position":1,"name":"Portada","item":"https:\/\/www.apen.es\/"},{"@type":"ListItem","position":2,"name":"Fotocopiadora","item":"https:\/\/www.apen.es\/fotocopiadora\/"},{"@type":"ListItem","position":3,"name":"Renting fotocopiadora Kyocera","item":"https:\/\/www.apen.es\/fotocopiadora\/renting-fotocopiadora-kyocera\/"},{"@type":"ListItem","position":4,"name":"Renting fotocopiadora Kyocera Mollet"}]},{"@type":"WebSite","@id":"https:\/\/www.apen.es\/#website","url":"https:\/\/www.apen.es\/","name":"Apen Inform\u00e0tica","description":"Manteniment inform\u00e0tic , programari de gesti\u00f3, solucions d&#039;impressi\u00f3","publisher":{"@id":"https:\/\/www.apen.es\/#organization"},"potentialAction":[{"@type":"SearchAction","target":{"@type":"EntryPoint","urlTemplate":"https:\/\/www.apen.es\/?s={search_term_string}"},"query-input":{"@type":"PropertyValueSpecification","valueRequired":true,"valueName":"search_term_string"}}],"inLanguage":"ca"},{"@type":"Organization","@id":"https:\/\/www.apen.es\/#organization","name":"Apen: Solucions inform\u00e0tiques","url":"https:\/\/www.apen.es\/","logo":{"@type":"ImageObject","inLanguage":"ca","@id":"https:\/\/www.apen.es\/#\/schema\/logo\/image\/","url":"https:\/\/www.apen.es\/wp-content\/uploads\/2022\/08\/logo-apenok-231x82-1.png","contentUrl":"https:\/\/www.apen.es\/wp-content\/uploads\/2022\/08\/logo-apenok-231x82-1.png","width":231,"height":82,"caption":"Apen: Soluciones inform\u00e1ticas"},"image":{"@id":"https:\/\/www.apen.es\/#\/schema\/logo\/image\/"},"sameAs":["https:\/\/www.facebook.com\/apensolucions","https:\/\/www.youtube.com\/user\/ApenCentreInformatic","https:\/\/www.linkedin.com\/company\/1021771?trk=tyah&trkInfo=clickedVerticalcompanyclickedEntityId1021771idx2-1-2tarId1464195271196tasapenin"]}]}},"taxonomy_info":[],"featured_image_src_large":false,"author_info":{"display_name":"marqueting","author_link":"https:\/\/www.apen.es\/ca\/blog\/author\/marqueting\/"},"comment_info":0,"_links":{"self":[{"href":"https:\/\/www.apen.es\/ca\/wp-json\/wp\/v2\/pages\/12278","targetHints":{"allow":["GET"]}}],"collection":[{"href":"https:\/\/www.apen.es\/ca\/wp-json\/wp\/v2\/pages"}],"about":[{"href":"https:\/\/www.apen.es\/ca\/wp-json\/wp\/v2\/types\/page"}],"author":[{"embeddable":true,"href":"https:\/\/www.apen.es\/ca\/wp-json\/wp\/v2\/users\/4"}],"replies":[{"embeddable":true,"href":"https:\/\/www.apen.es\/ca\/wp-json\/wp\/v2\/comments?post=12278"}],"version-history":[{"count":2,"href":"https:\/\/www.apen.es\/ca\/wp-json\/wp\/v2\/pages\/12278\/revisions"}],"predecessor-version":[{"id":54890,"href":"https:\/\/www.apen.es\/ca\/wp-json\/wp\/v2\/pages\/12278\/revisions\/54890"}],"up":[{"embeddable":true,"href":"https:\/\/www.apen.es\/ca\/wp-json\/wp\/v2\/pages\/12256"}],"wp:attachment":[{"href":"https:\/\/www.apen.es\/ca\/wp-json\/wp\/v2\/media?parent=12278"}],"curies":[{"name":"wp","href":"https:\/\/api.w.org\/{rel}","templated":true}]}}