{"id":12276,"date":"2018-11-09T14:35:09","date_gmt":"2018-11-09T14:35:09","guid":{"rendered":"https:\/\/www.apen.es\/?page_id=12276"},"modified":"2025-05-23T08:25:36","modified_gmt":"2025-05-23T08:25:36","slug":"renting-mataro","status":"publish","type":"page","link":"https:\/\/www.apen.es\/ca\/fotocopiadora\/renting-fotocopiadora-kyocera\/renting-mataro\/","title":{"rendered":"R\u00e8nting fotocopiadora Kyocera Matar\u00f3"},"content":{"rendered":"<p>S\u00f3n moltes les empreses que requereixen els serveis i prestacions d&#039;un dispositiu de m\u00e0xima qualitat, per\u00f2 no els ho poden permetre. Tant grans com petits negocis requereixen un bon conjunt daparells dimpressi\u00f3 i similars per dur a terme totes les seves funcions, per\u00f2 no sempre \u00e9s tasca f\u00e0cil fer-se c\u00e0rrec de totes les despeses. Per aquest motiu, a Apen oferim els nostres serveis de&nbsp;<strong>r\u00e8nting de fotocopiadores Kyocera a Matar\u00f3<\/strong>. Aquest servei posar\u00e0 a l&#039;abast de qualsevol empresa la tecnologia m\u00e9s innovadora del mercat sense necessitat d&#039;haver de comprar-la i carregar amb totes les despeses que aquesta acci\u00f3 comporta.<\/p>\n\n\n\n<p>Cada cop s\u00f3n m\u00e9s les empreses que demanen aquest tipus de serveis, per poder gaudir de tots els avantatges d&#039;aut\u00e8ntics dispositius de qualitat, sense haver d&#039;assumir costos que s\u00f3n impensables per al vostre tipus de negoci. A causa de la gran demanda actual, a la nostra empresa ens hem esfor\u00e7at per oferir el millor&nbsp;<strong>r\u00e8nting de fotocopiadores Kyocera a Matar\u00f3<\/strong>. D&#039;aquesta manera, ajudarem a fer que una infinitat d&#039;empreses augmentin la seva productivitat i efic\u00e0cia a un preu realment assequible i sense despeses inesperades que no qualsevol empresa pot assumir.<\/p>\n\n\n\n<p>Pel que fa als nostres objectius, tots els serveis i productes que oferim a la nostra empresa, estan directament destinats a crear les millors solucions per a aquells negocis que necessitin ajuda pel que fa a gesti\u00f3, log\u00edstica, o tot tipus d&#039;impressions o dispositius similars. Al nostre equip comptem amb professionals de diferents \u00e0mbits dels negocis per tal que puguin ocupar-se, d&#039;una manera totalment personalitzada, d&#039;oferir les millors solucions per als nostres clients. Gr\u00e0cies a aix\u00f2, actualment disposem d&#039;una infinitat de clients satisfets que garanteixen la nostra gran experi\u00e8ncia i professionalitat a l&#039;hora de resoldre tota mena de situacions.<\/p>\n\n\n\n<p>Per poder oferir el nostre servei de&nbsp;<strong>r\u00e8nting de fotocopiadores Kyocera a Matar\u00f3<\/strong>, primer hem hagut d&#039;escollir aquelles marques que s&#039;adapten millor a les nostres necessitats, i m\u00e9s concretament a les dels nostres clients. Per aquest motiu, als nostres cat\u00e0legs, nom\u00e9s disposem de dispositius i programaris de marques l\u00edders al mercat que ens assegurar una qualitat i efectivitat immillorable. Pel que fa als avantatges d&#039;aquest servei, el client podr\u00e0 gaudir d&#039;un dispositiu totalment equipat i amb la tecnologia m\u00e9s avan\u00e7ada pagant \u00fanicament uns costos fixos mensuals establerts per ambdues parts. Nosaltres ens ocuparem de les reparacions i manteniment, en cas que sigui necessari.<\/p>\n\n\n\n<p>Si voleu con\u00e8ixer m\u00e9s sobre el nostre servei de&nbsp;<strong>r\u00e8nting de fotocopiadores Kyocera a<\/strong>&nbsp;<strong>Matar\u00f3<\/strong>&nbsp;o sobre la nostra empresa, no dubteu a posar-vos en contacte amb nosaltres, estarem encantats d&#039;atendre&#039;l i resoldre qualsevol dubte que pugui tenir. Tamb\u00e9 ens ocuparem d&#039;oferir-vos un tracte personalitzat i tota la informaci\u00f3 que requereixi.<\/p>","protected":false},"excerpt":{"rendered":"<p>Son muchas las empresas que requieren los servicios y prestaciones de un dispositivo de m\u00e1xima calidad, pero no se lo pueden permitir. Tanto grandes como peque\u00f1os negocios requieren de un buen conjunto de aparatos de impresi\u00f3n y similares para llevar a cabo todas sus funciones, pero no siempre es tarea f\u00e1cil hacerse cargo de todos&#8230;<\/p>","protected":false},"author":4,"featured_media":0,"parent":12256,"menu_order":0,"comment_status":"closed","ping_status":"closed","template":"page-renting-impresoras.php","meta":{"_acf_changed":false,"_kad_blocks_custom_css":"","_kad_blocks_head_custom_js":"","_kad_blocks_body_custom_js":"","_kad_blocks_footer_custom_js":"","_kad_post_transparent":"","_kad_post_title":"","_kad_post_layout":"","_kad_post_sidebar_id":"","_kad_post_content_style":"","_kad_post_vertical_padding":"","_kad_post_feature":"","_kad_post_feature_position":"","_kad_post_header":false,"_kad_post_footer":false,"_kad_post_classname":"","footnotes":""},"class_list":["post-12276","page","type-page","status-publish","hentry"],"acf":[],"yoast_head":"<!-- This site is optimized with the Yoast SEO plugin v27.4 - https:\/\/yoast.com\/product\/yoast-seo-wordpress\/ -->\n<title>Renting fotocopiadora Kyocera Matar\u00f3 - Apen Inform\u00e1tica<\/title>\n<meta name=\"description\" content=\"Alquiler y Renting de focopiadoras de la marca Kyocera en Mataro para peque\u00f1as y medianas empresas. Soluciones de impresi\u00f3n para PYMES.\" \/>\n<meta name=\"robots\" content=\"index, follow, max-snippet:-1, max-image-preview:large, max-video-preview:-1\" \/>\n<link rel=\"canonical\" href=\"https:\/\/www.apen.es\/ca\/fotocopiadora\/renting-fotocopiadora-kyocera\/renting-mataro\/\" \/>\n<meta property=\"og:locale\" content=\"ca_ES\" \/>\n<meta property=\"og:type\" content=\"article\" \/>\n<meta property=\"og:title\" content=\"Renting fotocopiadora Kyocera Matar\u00f3 - Apen Inform\u00e1tica\" \/>\n<meta property=\"og:description\" content=\"Alquiler y Renting de focopiadoras de la marca Kyocera en Mataro para peque\u00f1as y medianas empresas. Soluciones de impresi\u00f3n para PYMES.\" \/>\n<meta property=\"og:url\" content=\"https:\/\/www.apen.es\/ca\/fotocopiadora\/renting-fotocopiadora-kyocera\/renting-mataro\/\" \/>\n<meta property=\"og:site_name\" content=\"Apen Inform\u00e1tica\" \/>\n<meta property=\"article:publisher\" content=\"https:\/\/www.facebook.com\/apensolucions\" \/>\n<meta property=\"article:modified_time\" content=\"2025-05-23T08:25:36+00:00\" \/>\n<meta property=\"og:image\" content=\"https:\/\/www.apen.es\/wp-content\/uploads\/2016\/05\/logo-apen-231x82-trasparent.png\" \/>\n\t<meta property=\"og:image:width\" content=\"231\" \/>\n\t<meta property=\"og:image:height\" content=\"82\" \/>\n\t<meta property=\"og:image:type\" content=\"image\/png\" \/>\n<meta name=\"twitter:card\" content=\"summary_large_image\" \/>\n<meta name=\"twitter:label1\" content=\"Temps estimat de lectura\" \/>\n\t<meta name=\"twitter:data1\" content=\"8 minuts\" \/>\n<script type=\"application\/ld+json\" class=\"yoast-schema-graph\">{\"@context\":\"https:\\\/\\\/schema.org\",\"@graph\":[{\"@type\":\"WebPage\",\"@id\":\"https:\\\/\\\/www.apen.es\\\/fotocopiadora\\\/renting-fotocopiadora-kyocera\\\/renting-mataro\\\/\",\"url\":\"https:\\\/\\\/www.apen.es\\\/fotocopiadora\\\/renting-fotocopiadora-kyocera\\\/renting-mataro\\\/\",\"name\":\"Renting fotocopiadora Kyocera Matar\u00f3 - Apen Inform\u00e1tica\",\"isPartOf\":{\"@id\":\"https:\\\/\\\/www.apen.es\\\/#website\"},\"datePublished\":\"2018-11-09T14:35:09+00:00\",\"dateModified\":\"2025-05-23T08:25:36+00:00\",\"description\":\"Alquiler y Renting de focopiadoras de la marca Kyocera en Mataro para peque\u00f1as y medianas empresas. Soluciones de impresi\u00f3n para PYMES.\",\"breadcrumb\":{\"@id\":\"https:\\\/\\\/www.apen.es\\\/fotocopiadora\\\/renting-fotocopiadora-kyocera\\\/renting-mataro\\\/#breadcrumb\"},\"inLanguage\":\"ca\",\"potentialAction\":[{\"@type\":\"ReadAction\",\"target\":[\"https:\\\/\\\/www.apen.es\\\/fotocopiadora\\\/renting-fotocopiadora-kyocera\\\/renting-mataro\\\/\"]}]},{\"@type\":\"BreadcrumbList\",\"@id\":\"https:\\\/\\\/www.apen.es\\\/fotocopiadora\\\/renting-fotocopiadora-kyocera\\\/renting-mataro\\\/#breadcrumb\",\"itemListElement\":[{\"@type\":\"ListItem\",\"position\":1,\"name\":\"Portada\",\"item\":\"https:\\\/\\\/www.apen.es\\\/\"},{\"@type\":\"ListItem\",\"position\":2,\"name\":\"Fotocopiadora\",\"item\":\"https:\\\/\\\/www.apen.es\\\/fotocopiadora\\\/\"},{\"@type\":\"ListItem\",\"position\":3,\"name\":\"Renting fotocopiadora Kyocera\",\"item\":\"https:\\\/\\\/www.apen.es\\\/fotocopiadora\\\/renting-fotocopiadora-kyocera\\\/\"},{\"@type\":\"ListItem\",\"position\":4,\"name\":\"Renting fotocopiadora Kyocera Matar\u00f3\"}]},{\"@type\":\"WebSite\",\"@id\":\"https:\\\/\\\/www.apen.es\\\/#website\",\"url\":\"https:\\\/\\\/www.apen.es\\\/\",\"name\":\"Apen Inform\u00e1tica\",\"description\":\"Mantenimiento Inform\u00e1tico , Software de Gesti\u00f3n, Soluciones de impresi\u00f3n\",\"publisher\":{\"@id\":\"https:\\\/\\\/www.apen.es\\\/#organization\"},\"potentialAction\":[{\"@type\":\"SearchAction\",\"target\":{\"@type\":\"EntryPoint\",\"urlTemplate\":\"https:\\\/\\\/www.apen.es\\\/?s={search_term_string}\"},\"query-input\":{\"@type\":\"PropertyValueSpecification\",\"valueRequired\":true,\"valueName\":\"search_term_string\"}}],\"inLanguage\":\"ca\"},{\"@type\":\"Organization\",\"@id\":\"https:\\\/\\\/www.apen.es\\\/#organization\",\"name\":\"Apen: Soluciones inform\u00e1ticas\",\"url\":\"https:\\\/\\\/www.apen.es\\\/\",\"logo\":{\"@type\":\"ImageObject\",\"inLanguage\":\"ca\",\"@id\":\"https:\\\/\\\/www.apen.es\\\/#\\\/schema\\\/logo\\\/image\\\/\",\"url\":\"https:\\\/\\\/www.apen.es\\\/wp-content\\\/uploads\\\/2022\\\/08\\\/logo-apenok-231x82-1.png\",\"contentUrl\":\"https:\\\/\\\/www.apen.es\\\/wp-content\\\/uploads\\\/2022\\\/08\\\/logo-apenok-231x82-1.png\",\"width\":231,\"height\":82,\"caption\":\"Apen: Soluciones inform\u00e1ticas\"},\"image\":{\"@id\":\"https:\\\/\\\/www.apen.es\\\/#\\\/schema\\\/logo\\\/image\\\/\"},\"sameAs\":[\"https:\\\/\\\/www.facebook.com\\\/apensolucions\",\"https:\\\/\\\/www.youtube.com\\\/user\\\/ApenCentreInformatic\",\"https:\\\/\\\/www.linkedin.com\\\/company\\\/1021771?trk=tyah&trkInfo=clickedVerticalcompanyclickedEntityId1021771idx2-1-2tarId1464195271196tasapenin\"]}]}<\/script>\n<!-- \/ Yoast SEO plugin. -->","yoast_head_json":{"title":"Renting fotocopiadora Kyocera Matar\u00f3 - Apen Inform\u00e1tica","description":"Alquiler y Renting de focopiadoras de la marca Kyocera en Mataro para peque\u00f1as y medianas empresas. Soluciones de impresi\u00f3n para PYMES.","robots":{"index":"index","follow":"follow","max-snippet":"max-snippet:-1","max-image-preview":"max-image-preview:large","max-video-preview":"max-video-preview:-1"},"canonical":"https:\/\/www.apen.es\/ca\/fotocopiadora\/renting-fotocopiadora-kyocera\/renting-mataro\/","og_locale":"ca_ES","og_type":"article","og_title":"Renting fotocopiadora Kyocera Matar\u00f3 - Apen Inform\u00e1tica","og_description":"Alquiler y Renting de focopiadoras de la marca Kyocera en Mataro para peque\u00f1as y medianas empresas. Soluciones de impresi\u00f3n para PYMES.","og_url":"https:\/\/www.apen.es\/ca\/fotocopiadora\/renting-fotocopiadora-kyocera\/renting-mataro\/","og_site_name":"Apen Inform\u00e1tica","article_publisher":"https:\/\/www.facebook.com\/apensolucions","article_modified_time":"2025-05-23T08:25:36+00:00","og_image":[{"width":231,"height":82,"url":"https:\/\/www.apen.es\/wp-content\/uploads\/2016\/05\/logo-apen-231x82-trasparent.png","type":"image\/png"}],"twitter_card":"summary_large_image","twitter_misc":{"Temps estimat de lectura":"8 minuts"},"schema":{"@context":"https:\/\/schema.org","@graph":[{"@type":"WebPage","@id":"https:\/\/www.apen.es\/fotocopiadora\/renting-fotocopiadora-kyocera\/renting-mataro\/","url":"https:\/\/www.apen.es\/fotocopiadora\/renting-fotocopiadora-kyocera\/renting-mataro\/","name":"Renting fotocopiadora Kyocera Matar\u00f3 - Apen Inform\u00e1tica","isPartOf":{"@id":"https:\/\/www.apen.es\/#website"},"datePublished":"2018-11-09T14:35:09+00:00","dateModified":"2025-05-23T08:25:36+00:00","description":"Alquiler y Renting de focopiadoras de la marca Kyocera en Mataro para peque\u00f1as y medianas empresas. Soluciones de impresi\u00f3n para PYMES.","breadcrumb":{"@id":"https:\/\/www.apen.es\/fotocopiadora\/renting-fotocopiadora-kyocera\/renting-mataro\/#breadcrumb"},"inLanguage":"ca","potentialAction":[{"@type":"ReadAction","target":["https:\/\/www.apen.es\/fotocopiadora\/renting-fotocopiadora-kyocera\/renting-mataro\/"]}]},{"@type":"BreadcrumbList","@id":"https:\/\/www.apen.es\/fotocopiadora\/renting-fotocopiadora-kyocera\/renting-mataro\/#breadcrumb","itemListElement":[{"@type":"ListItem","position":1,"name":"Portada","item":"https:\/\/www.apen.es\/"},{"@type":"ListItem","position":2,"name":"Fotocopiadora","item":"https:\/\/www.apen.es\/fotocopiadora\/"},{"@type":"ListItem","position":3,"name":"Renting fotocopiadora Kyocera","item":"https:\/\/www.apen.es\/fotocopiadora\/renting-fotocopiadora-kyocera\/"},{"@type":"ListItem","position":4,"name":"Renting fotocopiadora Kyocera Matar\u00f3"}]},{"@type":"WebSite","@id":"https:\/\/www.apen.es\/#website","url":"https:\/\/www.apen.es\/","name":"Apen Inform\u00e0tica","description":"Manteniment inform\u00e0tic , programari de gesti\u00f3, solucions d&#039;impressi\u00f3","publisher":{"@id":"https:\/\/www.apen.es\/#organization"},"potentialAction":[{"@type":"SearchAction","target":{"@type":"EntryPoint","urlTemplate":"https:\/\/www.apen.es\/?s={search_term_string}"},"query-input":{"@type":"PropertyValueSpecification","valueRequired":true,"valueName":"search_term_string"}}],"inLanguage":"ca"},{"@type":"Organization","@id":"https:\/\/www.apen.es\/#organization","name":"Apen: Solucions inform\u00e0tiques","url":"https:\/\/www.apen.es\/","logo":{"@type":"ImageObject","inLanguage":"ca","@id":"https:\/\/www.apen.es\/#\/schema\/logo\/image\/","url":"https:\/\/www.apen.es\/wp-content\/uploads\/2022\/08\/logo-apenok-231x82-1.png","contentUrl":"https:\/\/www.apen.es\/wp-content\/uploads\/2022\/08\/logo-apenok-231x82-1.png","width":231,"height":82,"caption":"Apen: Soluciones inform\u00e1ticas"},"image":{"@id":"https:\/\/www.apen.es\/#\/schema\/logo\/image\/"},"sameAs":["https:\/\/www.facebook.com\/apensolucions","https:\/\/www.youtube.com\/user\/ApenCentreInformatic","https:\/\/www.linkedin.com\/company\/1021771?trk=tyah&trkInfo=clickedVerticalcompanyclickedEntityId1021771idx2-1-2tarId1464195271196tasapenin"]}]}},"taxonomy_info":[],"featured_image_src_large":false,"author_info":{"display_name":"marqueting","author_link":"https:\/\/www.apen.es\/ca\/blog\/author\/marqueting\/"},"comment_info":0,"_links":{"self":[{"href":"https:\/\/www.apen.es\/ca\/wp-json\/wp\/v2\/pages\/12276","targetHints":{"allow":["GET"]}}],"collection":[{"href":"https:\/\/www.apen.es\/ca\/wp-json\/wp\/v2\/pages"}],"about":[{"href":"https:\/\/www.apen.es\/ca\/wp-json\/wp\/v2\/types\/page"}],"author":[{"embeddable":true,"href":"https:\/\/www.apen.es\/ca\/wp-json\/wp\/v2\/users\/4"}],"replies":[{"embeddable":true,"href":"https:\/\/www.apen.es\/ca\/wp-json\/wp\/v2\/comments?post=12276"}],"version-history":[{"count":2,"href":"https:\/\/www.apen.es\/ca\/wp-json\/wp\/v2\/pages\/12276\/revisions"}],"predecessor-version":[{"id":54905,"href":"https:\/\/www.apen.es\/ca\/wp-json\/wp\/v2\/pages\/12276\/revisions\/54905"}],"up":[{"embeddable":true,"href":"https:\/\/www.apen.es\/ca\/wp-json\/wp\/v2\/pages\/12256"}],"wp:attachment":[{"href":"https:\/\/www.apen.es\/ca\/wp-json\/wp\/v2\/media?parent=12276"}],"curies":[{"name":"wp","href":"https:\/\/api.w.org\/{rel}","templated":true}]}}