{"id":12274,"date":"2018-11-09T14:31:47","date_gmt":"2018-11-09T14:31:47","guid":{"rendered":"https:\/\/www.apen.es\/?page_id=12274"},"modified":"2025-05-23T08:25:32","modified_gmt":"2025-05-23T08:25:32","slug":"renting-barcelona","status":"publish","type":"page","link":"https:\/\/www.apen.es\/ca\/fotocopiadora\/renting-fotocopiadora-kyocera\/renting-barcelona\/","title":{"rendered":"R\u00e8nting fotocopiadora Kyocera Barcelona"},"content":{"rendered":"<p>No seguir els camins convencionals, \u00e9s la clau per arribar a l&#039;\u00e8xit, aix\u00f2 \u00e9s la filosofia de l&#039;empresa Kyocera, una gran companyia que es va fundar fa m\u00e9s de seixanta anys, i des d&#039;aleshores sempre ha estat una gran pionera dins del seu sector, ja que sempre ofereixen els productes m\u00e9s innovadors del mercat, aplicant la tecnologia m\u00e9s innovadora, per tal que els seus productes sempre vagin un pas m\u00e9s.<\/p>\n\n\n\n<p>Per aquesta ra\u00f3, per a les empreses, siguin del sector que siguin, sempre que vulguin diferenciar-se de la resta i oferir el millor servei, cal que comptin amb els aparells electr\u00f2nics m\u00e9s moderns i aix\u00ed que els seus productes i els seus serveis siguin els millors, per\u00f2 en els temps que corren, la tecnologia avan\u00e7a a passos de gegant, per la qual cosa estar sempre al dia \u00e9s una tasca molt complicada i que requereix un gran nivell econ\u00f2mic. fotocopiadora, cada cop que surt un model millor.<\/p>\n\n\n\n<p>Per aquesta ra\u00f3, a la nostra empresa Apen, com sempre busquem el millor per a vosaltres, us oferim un nou servei de&nbsp;<strong>r\u00e8nting de fotocopiadores Kyocera a<\/strong>&nbsp;<strong>Barcelona<\/strong>, que consisteix en un lloguer d&#039;un equip electr\u00f2nic, en aquest cas de la marca Kyocera, durant un temps determinat, de manera que quan s&#039;acabi el r\u00e8nting, podreu tornar a contractar-ne un altre&nbsp;<strong>r\u00e8nting de fotocopiadores Kyocera a Barcelona<\/strong>, per\u00f2 amb una versi\u00f3 nova, que segurament s&#039;adapti millor a la vostra empresa i us ofereixi uns millors resultats.<\/p>\n\n\n\n<p>A Apen, som molt partidaris d&#039;aquesta opci\u00f3, ja que el mercat cada cop \u00e9s m\u00e9s exigent i totes les persones sempre volem el millor, a m\u00e9s hi ha molta compet\u00e8ncia, de la qual cal diferenciar-se d&#039;una manera o altra, perqu\u00e8 els clients s&#039;acabin decantant per vosaltres, i la veritat \u00e9s que amb el servei de&nbsp;<strong>r\u00e8nting<\/strong>&nbsp;<strong>de fotocopiadores Kyocera a Barcelona<\/strong>, podreu diferenciar-vos de la resta, oferint uns serveis i uns resultats molt m\u00e9s r\u00e0pids i eficients, i com a Apen sempre busquem el millor per a vosaltres, us oferim aquest servei que t\u00e9 tants beneficis.<\/p>\n\n\n\n<p>Si voleu m\u00e9s informaci\u00f3 sobre el&nbsp;<strong>r\u00e8nting de fotocopiadores Kyocera a Barcelona<\/strong>&nbsp;o sobre qualsevol de la resta dels nostres serveis i productes, no dubteu a consultar-nos el que necessiteu, ja que comptem amb un gran equip de professionals, els quals tenen una llarga experi\u00e8ncia en el sector i estaran encantats de poder-vos ajudar, ja que una de les bases de la nostra filosofia \u00e9s con\u00e8ixer al m\u00e0xim als nostres clients, per tal de poder-los oferir un servei i un producte personalitzat per a la seva empresa, i aix\u00ed solucionar-los.<\/p>","protected":false},"excerpt":{"rendered":"<p>No seguir lo caminos convencionales, es la clave para llegar al \u00e9xito, esto es la filosof\u00eda de la empresa Kyocera, una gran compa\u00f1\u00eda que se fund\u00f3 hace m\u00e1s de sesenta a\u00f1os, y desde entonces siempre ha sido una gran pionera dentro de su sector, ya que siempre ofrecen los productos m\u00e1s innovadores del mercado, aplicando&#8230;<\/p>","protected":false},"author":4,"featured_media":0,"parent":12256,"menu_order":0,"comment_status":"closed","ping_status":"closed","template":"page-renting-impresoras.php","meta":{"_acf_changed":false,"_kad_blocks_custom_css":"","_kad_blocks_head_custom_js":"","_kad_blocks_body_custom_js":"","_kad_blocks_footer_custom_js":"","_kad_post_transparent":"","_kad_post_title":"","_kad_post_layout":"","_kad_post_sidebar_id":"","_kad_post_content_style":"","_kad_post_vertical_padding":"","_kad_post_feature":"","_kad_post_feature_position":"","_kad_post_header":false,"_kad_post_footer":false,"_kad_post_classname":"","footnotes":""},"class_list":["post-12274","page","type-page","status-publish","hentry"],"acf":[],"yoast_head":"<!-- This site is optimized with the Yoast SEO plugin v27.4 - https:\/\/yoast.com\/product\/yoast-seo-wordpress\/ -->\n<title>Renting fotocopiadora Kyocera Barcelona - Apen Inform\u00e1tica<\/title>\n<meta name=\"description\" content=\"Alquiler y Renting de focopiadoras de la marca Kyocera en Barcelona para peque\u00f1as y medianas empresas. Soluciones de impresi\u00f3n para PYMES.\" \/>\n<meta name=\"robots\" content=\"index, follow, max-snippet:-1, max-image-preview:large, max-video-preview:-1\" \/>\n<link rel=\"canonical\" href=\"https:\/\/www.apen.es\/ca\/fotocopiadora\/renting-fotocopiadora-kyocera\/renting-barcelona\/\" \/>\n<meta property=\"og:locale\" content=\"ca_ES\" \/>\n<meta property=\"og:type\" content=\"article\" \/>\n<meta property=\"og:title\" content=\"Renting fotocopiadora Kyocera Barcelona - Apen Inform\u00e1tica\" \/>\n<meta property=\"og:description\" content=\"Alquiler y Renting de focopiadoras de la marca Kyocera en Barcelona para peque\u00f1as y medianas empresas. Soluciones de impresi\u00f3n para PYMES.\" \/>\n<meta property=\"og:url\" content=\"https:\/\/www.apen.es\/ca\/fotocopiadora\/renting-fotocopiadora-kyocera\/renting-barcelona\/\" \/>\n<meta property=\"og:site_name\" content=\"Apen Inform\u00e1tica\" \/>\n<meta property=\"article:publisher\" content=\"https:\/\/www.facebook.com\/apensolucions\" \/>\n<meta property=\"article:modified_time\" content=\"2025-05-23T08:25:32+00:00\" \/>\n<meta property=\"og:image\" content=\"https:\/\/www.apen.es\/wp-content\/uploads\/2016\/05\/logo-apen-231x82-trasparent.png\" \/>\n\t<meta property=\"og:image:width\" content=\"231\" \/>\n\t<meta property=\"og:image:height\" content=\"82\" \/>\n\t<meta property=\"og:image:type\" content=\"image\/png\" \/>\n<meta name=\"twitter:card\" content=\"summary_large_image\" \/>\n<meta name=\"twitter:label1\" content=\"Temps estimat de lectura\" \/>\n\t<meta name=\"twitter:data1\" content=\"8 minuts\" \/>\n<script type=\"application\/ld+json\" class=\"yoast-schema-graph\">{\"@context\":\"https:\\\/\\\/schema.org\",\"@graph\":[{\"@type\":\"WebPage\",\"@id\":\"https:\\\/\\\/www.apen.es\\\/fotocopiadora\\\/renting-fotocopiadora-kyocera\\\/renting-barcelona\\\/\",\"url\":\"https:\\\/\\\/www.apen.es\\\/fotocopiadora\\\/renting-fotocopiadora-kyocera\\\/renting-barcelona\\\/\",\"name\":\"Renting fotocopiadora Kyocera Barcelona - Apen Inform\u00e1tica\",\"isPartOf\":{\"@id\":\"https:\\\/\\\/www.apen.es\\\/#website\"},\"datePublished\":\"2018-11-09T14:31:47+00:00\",\"dateModified\":\"2025-05-23T08:25:32+00:00\",\"description\":\"Alquiler y Renting de focopiadoras de la marca Kyocera en Barcelona para peque\u00f1as y medianas empresas. Soluciones de impresi\u00f3n para PYMES.\",\"breadcrumb\":{\"@id\":\"https:\\\/\\\/www.apen.es\\\/fotocopiadora\\\/renting-fotocopiadora-kyocera\\\/renting-barcelona\\\/#breadcrumb\"},\"inLanguage\":\"ca\",\"potentialAction\":[{\"@type\":\"ReadAction\",\"target\":[\"https:\\\/\\\/www.apen.es\\\/fotocopiadora\\\/renting-fotocopiadora-kyocera\\\/renting-barcelona\\\/\"]}]},{\"@type\":\"BreadcrumbList\",\"@id\":\"https:\\\/\\\/www.apen.es\\\/fotocopiadora\\\/renting-fotocopiadora-kyocera\\\/renting-barcelona\\\/#breadcrumb\",\"itemListElement\":[{\"@type\":\"ListItem\",\"position\":1,\"name\":\"Portada\",\"item\":\"https:\\\/\\\/www.apen.es\\\/\"},{\"@type\":\"ListItem\",\"position\":2,\"name\":\"Fotocopiadora\",\"item\":\"https:\\\/\\\/www.apen.es\\\/fotocopiadora\\\/\"},{\"@type\":\"ListItem\",\"position\":3,\"name\":\"Renting fotocopiadora Kyocera\",\"item\":\"https:\\\/\\\/www.apen.es\\\/fotocopiadora\\\/renting-fotocopiadora-kyocera\\\/\"},{\"@type\":\"ListItem\",\"position\":4,\"name\":\"Renting fotocopiadora Kyocera Barcelona\"}]},{\"@type\":\"WebSite\",\"@id\":\"https:\\\/\\\/www.apen.es\\\/#website\",\"url\":\"https:\\\/\\\/www.apen.es\\\/\",\"name\":\"Apen Inform\u00e1tica\",\"description\":\"Mantenimiento Inform\u00e1tico , Software de Gesti\u00f3n, Soluciones de impresi\u00f3n\",\"publisher\":{\"@id\":\"https:\\\/\\\/www.apen.es\\\/#organization\"},\"potentialAction\":[{\"@type\":\"SearchAction\",\"target\":{\"@type\":\"EntryPoint\",\"urlTemplate\":\"https:\\\/\\\/www.apen.es\\\/?s={search_term_string}\"},\"query-input\":{\"@type\":\"PropertyValueSpecification\",\"valueRequired\":true,\"valueName\":\"search_term_string\"}}],\"inLanguage\":\"ca\"},{\"@type\":\"Organization\",\"@id\":\"https:\\\/\\\/www.apen.es\\\/#organization\",\"name\":\"Apen: Soluciones inform\u00e1ticas\",\"url\":\"https:\\\/\\\/www.apen.es\\\/\",\"logo\":{\"@type\":\"ImageObject\",\"inLanguage\":\"ca\",\"@id\":\"https:\\\/\\\/www.apen.es\\\/#\\\/schema\\\/logo\\\/image\\\/\",\"url\":\"https:\\\/\\\/www.apen.es\\\/wp-content\\\/uploads\\\/2022\\\/08\\\/logo-apenok-231x82-1.png\",\"contentUrl\":\"https:\\\/\\\/www.apen.es\\\/wp-content\\\/uploads\\\/2022\\\/08\\\/logo-apenok-231x82-1.png\",\"width\":231,\"height\":82,\"caption\":\"Apen: Soluciones inform\u00e1ticas\"},\"image\":{\"@id\":\"https:\\\/\\\/www.apen.es\\\/#\\\/schema\\\/logo\\\/image\\\/\"},\"sameAs\":[\"https:\\\/\\\/www.facebook.com\\\/apensolucions\",\"https:\\\/\\\/www.youtube.com\\\/user\\\/ApenCentreInformatic\",\"https:\\\/\\\/www.linkedin.com\\\/company\\\/1021771?trk=tyah&trkInfo=clickedVerticalcompanyclickedEntityId1021771idx2-1-2tarId1464195271196tasapenin\"]}]}<\/script>\n<!-- \/ Yoast SEO plugin. -->","yoast_head_json":{"title":"Renting fotocopiadora Kyocera Barcelona - Apen Inform\u00e1tica","description":"Alquiler y Renting de focopiadoras de la marca Kyocera en Barcelona para peque\u00f1as y medianas empresas. Soluciones de impresi\u00f3n para PYMES.","robots":{"index":"index","follow":"follow","max-snippet":"max-snippet:-1","max-image-preview":"max-image-preview:large","max-video-preview":"max-video-preview:-1"},"canonical":"https:\/\/www.apen.es\/ca\/fotocopiadora\/renting-fotocopiadora-kyocera\/renting-barcelona\/","og_locale":"ca_ES","og_type":"article","og_title":"Renting fotocopiadora Kyocera Barcelona - Apen Inform\u00e1tica","og_description":"Alquiler y Renting de focopiadoras de la marca Kyocera en Barcelona para peque\u00f1as y medianas empresas. Soluciones de impresi\u00f3n para PYMES.","og_url":"https:\/\/www.apen.es\/ca\/fotocopiadora\/renting-fotocopiadora-kyocera\/renting-barcelona\/","og_site_name":"Apen Inform\u00e1tica","article_publisher":"https:\/\/www.facebook.com\/apensolucions","article_modified_time":"2025-05-23T08:25:32+00:00","og_image":[{"width":231,"height":82,"url":"https:\/\/www.apen.es\/wp-content\/uploads\/2016\/05\/logo-apen-231x82-trasparent.png","type":"image\/png"}],"twitter_card":"summary_large_image","twitter_misc":{"Temps estimat de lectura":"8 minuts"},"schema":{"@context":"https:\/\/schema.org","@graph":[{"@type":"WebPage","@id":"https:\/\/www.apen.es\/fotocopiadora\/renting-fotocopiadora-kyocera\/renting-barcelona\/","url":"https:\/\/www.apen.es\/fotocopiadora\/renting-fotocopiadora-kyocera\/renting-barcelona\/","name":"Renting fotocopiadora Kyocera Barcelona - Apen Inform\u00e1tica","isPartOf":{"@id":"https:\/\/www.apen.es\/#website"},"datePublished":"2018-11-09T14:31:47+00:00","dateModified":"2025-05-23T08:25:32+00:00","description":"Alquiler y Renting de focopiadoras de la marca Kyocera en Barcelona para peque\u00f1as y medianas empresas. Soluciones de impresi\u00f3n para PYMES.","breadcrumb":{"@id":"https:\/\/www.apen.es\/fotocopiadora\/renting-fotocopiadora-kyocera\/renting-barcelona\/#breadcrumb"},"inLanguage":"ca","potentialAction":[{"@type":"ReadAction","target":["https:\/\/www.apen.es\/fotocopiadora\/renting-fotocopiadora-kyocera\/renting-barcelona\/"]}]},{"@type":"BreadcrumbList","@id":"https:\/\/www.apen.es\/fotocopiadora\/renting-fotocopiadora-kyocera\/renting-barcelona\/#breadcrumb","itemListElement":[{"@type":"ListItem","position":1,"name":"Portada","item":"https:\/\/www.apen.es\/"},{"@type":"ListItem","position":2,"name":"Fotocopiadora","item":"https:\/\/www.apen.es\/fotocopiadora\/"},{"@type":"ListItem","position":3,"name":"Renting fotocopiadora Kyocera","item":"https:\/\/www.apen.es\/fotocopiadora\/renting-fotocopiadora-kyocera\/"},{"@type":"ListItem","position":4,"name":"Renting fotocopiadora Kyocera Barcelona"}]},{"@type":"WebSite","@id":"https:\/\/www.apen.es\/#website","url":"https:\/\/www.apen.es\/","name":"Apen Inform\u00e0tica","description":"Manteniment inform\u00e0tic , programari de gesti\u00f3, solucions d&#039;impressi\u00f3","publisher":{"@id":"https:\/\/www.apen.es\/#organization"},"potentialAction":[{"@type":"SearchAction","target":{"@type":"EntryPoint","urlTemplate":"https:\/\/www.apen.es\/?s={search_term_string}"},"query-input":{"@type":"PropertyValueSpecification","valueRequired":true,"valueName":"search_term_string"}}],"inLanguage":"ca"},{"@type":"Organization","@id":"https:\/\/www.apen.es\/#organization","name":"Apen: Solucions inform\u00e0tiques","url":"https:\/\/www.apen.es\/","logo":{"@type":"ImageObject","inLanguage":"ca","@id":"https:\/\/www.apen.es\/#\/schema\/logo\/image\/","url":"https:\/\/www.apen.es\/wp-content\/uploads\/2022\/08\/logo-apenok-231x82-1.png","contentUrl":"https:\/\/www.apen.es\/wp-content\/uploads\/2022\/08\/logo-apenok-231x82-1.png","width":231,"height":82,"caption":"Apen: Soluciones inform\u00e1ticas"},"image":{"@id":"https:\/\/www.apen.es\/#\/schema\/logo\/image\/"},"sameAs":["https:\/\/www.facebook.com\/apensolucions","https:\/\/www.youtube.com\/user\/ApenCentreInformatic","https:\/\/www.linkedin.com\/company\/1021771?trk=tyah&trkInfo=clickedVerticalcompanyclickedEntityId1021771idx2-1-2tarId1464195271196tasapenin"]}]}},"taxonomy_info":[],"featured_image_src_large":false,"author_info":{"display_name":"marqueting","author_link":"https:\/\/www.apen.es\/ca\/blog\/author\/marqueting\/"},"comment_info":0,"_links":{"self":[{"href":"https:\/\/www.apen.es\/ca\/wp-json\/wp\/v2\/pages\/12274","targetHints":{"allow":["GET"]}}],"collection":[{"href":"https:\/\/www.apen.es\/ca\/wp-json\/wp\/v2\/pages"}],"about":[{"href":"https:\/\/www.apen.es\/ca\/wp-json\/wp\/v2\/types\/page"}],"author":[{"embeddable":true,"href":"https:\/\/www.apen.es\/ca\/wp-json\/wp\/v2\/users\/4"}],"replies":[{"embeddable":true,"href":"https:\/\/www.apen.es\/ca\/wp-json\/wp\/v2\/comments?post=12274"}],"version-history":[{"count":2,"href":"https:\/\/www.apen.es\/ca\/wp-json\/wp\/v2\/pages\/12274\/revisions"}],"predecessor-version":[{"id":54904,"href":"https:\/\/www.apen.es\/ca\/wp-json\/wp\/v2\/pages\/12274\/revisions\/54904"}],"up":[{"embeddable":true,"href":"https:\/\/www.apen.es\/ca\/wp-json\/wp\/v2\/pages\/12256"}],"wp:attachment":[{"href":"https:\/\/www.apen.es\/ca\/wp-json\/wp\/v2\/media?parent=12274"}],"curies":[{"name":"wp","href":"https:\/\/api.w.org\/{rel}","templated":true}]}}