{"id":12270,"date":"2018-11-09T14:19:51","date_gmt":"2018-11-09T14:19:51","guid":{"rendered":"https:\/\/www.apen.es\/?page_id=12270"},"modified":"2025-05-22T11:36:02","modified_gmt":"2025-05-22T11:36:02","slug":"renting-vic","status":"publish","type":"page","link":"https:\/\/www.apen.es\/ca\/fotocopiadora\/renting-fotocopiadora-hp\/renting-vic\/","title":{"rendered":"R\u00e8nting fotocopiadora HP Vic"},"content":{"rendered":"<p>Els serveis que oferim a la nostra empresa s\u00f3n molt amplis i abasten tota l&#039;\u00e0rea i la impressi\u00f3, aix\u00ed com de la gesti\u00f3 interna de qualsevol empresa. D&#039;aquesta manera, actualment a Apen oferim un&nbsp;<strong>r\u00e8nting de fotocopiadores HP a Vic<\/strong>. Aquest servei s&#039;uneix a la resta que hem creat amb la intenci\u00f3 que el negoci dels nostres clients pugui cr\u00e9ixer sense patir p\u00e8rdues de temps o despeses innecess\u00e0ries. Per aquest motiu, qualsevol empresa que no pugui permetre un equip d&#039;impressi\u00f3 d&#039;\u00faltima generaci\u00f3, gr\u00e0cies als nostres serveis ho podr\u00e0 fer i de la manera m\u00e9s rendible i segura possible.<\/p>\n\n\n\n<p>El nostre&nbsp;<strong>r\u00e8nting de fotocopiadores HP a Vic<\/strong>&nbsp;funciona fixant un pagament mensual, que sestableix entre nosaltres i lempresa que adquireix el servei. A partir d&#039;aqu\u00ed, l&#039;empresa podr\u00e0 fer totes les c\u00f2pies o impressions que calguin sense haver de preocupar-se per l&#039;aparell. Nosaltres som responsables d&#039;arreglar qualsevol tipus de desperfecte o reempla\u00e7ar qualsevol pe\u00e7a que s&#039;hagi fet malb\u00e9 per l&#039;\u00fas, aix\u00ed com de subministrar combustible i m\u00e0 d&#039;obra en cas que fos necessari. Aix\u00f2 \u00e9s igual per a aquells negocis que no poden prescindir d&#039;un equip d&#039;aquest tipus, per\u00f2 tampoc no es poden permetre tot el que comporta.<\/p>\n\n\n\n<p>Al nostre servei de&nbsp;<strong>r\u00e8nting de fotocopiadores HP a Vic<\/strong>&nbsp;posem un termini determinat, durant el qual el client podr\u00e0 gaudir de totes les prestacions que ofereix la fotocopiadora que li hem atorgat. De tota manera, sempre que sigui necessari modificar el servei o algunes de les dates, la nostra empresa est\u00e0 oberta a ajudar a tots i cadascun dels nostres clients en tot el que estigui a la nostra m\u00e0. Com hem dit anteriorment, el nostre objectiu \u00e9s proveir totes aquelles empreses que ho necessitin, de tots els dispositius que puguin ser \u00fatils per crear noves solucions.<\/p>\n\n\n\n<p>Les empreses de les quals distribu\u00efm els productes tenen els objectius i valors molt semblants als nostres. Gr\u00e0cies a aix\u00f2 ens assegurem que tots els productes que oferim als nostres clients s\u00f3n de qualitat i respondran a tots els seus problemes. Pel que fa a nosaltres, disposem d&#039;un gran equip de professionals, els quals es dediquen especialment a cadascuna de les \u00e0rees de la nostra empresa, per tal d&#039;ajudar els nostres clients d&#039;una manera m\u00e9s personalitzada i espec\u00edfica.<\/p>\n\n\n\n<p>Si est\u00e0 interessat en algun dels nostres serveis de&nbsp;<strong>r\u00e8nting de fotocopiadores HP a Vic<\/strong>, no dubteu a posar-vos en contacte amb la nostra empresa, estarem encantats d&#039;atendre&#039;l i resoldre qualsevol dubte que pugui tenir. A m\u00e9s, us oferirem tota la informaci\u00f3 que requereixi sobre nosaltres i els nostres serveis sense cap tipus de comprom\u00eds previ.<\/p>","protected":false},"excerpt":{"rendered":"<p>Los servicios que ofrecemos en nuestra empresa son muy amplios y abarcan todo el \u00e1rea y impresi\u00f3n, as\u00ed como de la gesti\u00f3n interna de cualquier empresa. De esta forma, actualmente en Apen ofrecemos un&nbsp;renting de fotocopiadoras HP en Vic. Este servicio se une al resto que hemos creado con la intenci\u00f3n de que el negocio&#8230;<\/p>","protected":false},"author":4,"featured_media":0,"parent":12249,"menu_order":0,"comment_status":"closed","ping_status":"closed","template":"page-renting-impresoras.php","meta":{"_acf_changed":false,"_kad_blocks_custom_css":"","_kad_blocks_head_custom_js":"","_kad_blocks_body_custom_js":"","_kad_blocks_footer_custom_js":"","_kad_post_transparent":"","_kad_post_title":"","_kad_post_layout":"","_kad_post_sidebar_id":"","_kad_post_content_style":"","_kad_post_vertical_padding":"","_kad_post_feature":"","_kad_post_feature_position":"","_kad_post_header":false,"_kad_post_footer":false,"_kad_post_classname":"","footnotes":""},"class_list":["post-12270","page","type-page","status-publish","hentry"],"acf":[],"yoast_head":"<!-- This site is optimized with the Yoast SEO plugin v27.4 - https:\/\/yoast.com\/product\/yoast-seo-wordpress\/ -->\n<title>Renting fotocopiadora HP Vic - Apen Inform\u00e1tica<\/title>\n<meta name=\"description\" content=\"Los servicios que ofrecemos en nuestra empresa son muy amplios y abarcan todo el \u00e1rea y impresi\u00f3n, as\u00ed como de la gesti\u00f3n interna de cualquier empresa. De\" \/>\n<meta name=\"robots\" content=\"index, follow, max-snippet:-1, max-image-preview:large, max-video-preview:-1\" \/>\n<link rel=\"canonical\" href=\"https:\/\/www.apen.es\/ca\/fotocopiadora\/renting-fotocopiadora-hp\/renting-vic\/\" \/>\n<meta property=\"og:locale\" content=\"ca_ES\" \/>\n<meta property=\"og:type\" content=\"article\" \/>\n<meta property=\"og:title\" content=\"Renting fotocopiadora HP Vic - Apen Inform\u00e1tica\" \/>\n<meta property=\"og:description\" content=\"Los servicios que ofrecemos en nuestra empresa son muy amplios y abarcan todo el \u00e1rea y impresi\u00f3n, as\u00ed como de la gesti\u00f3n interna de cualquier empresa. De\" \/>\n<meta property=\"og:url\" content=\"https:\/\/www.apen.es\/ca\/fotocopiadora\/renting-fotocopiadora-hp\/renting-vic\/\" \/>\n<meta property=\"og:site_name\" content=\"Apen Inform\u00e1tica\" \/>\n<meta property=\"article:publisher\" content=\"https:\/\/www.facebook.com\/apensolucions\" \/>\n<meta property=\"article:modified_time\" content=\"2025-05-22T11:36:02+00:00\" \/>\n<meta property=\"og:image\" content=\"https:\/\/www.apen.es\/wp-content\/uploads\/2016\/05\/logo-apen-231x82-trasparent.png\" \/>\n\t<meta property=\"og:image:width\" content=\"231\" \/>\n\t<meta property=\"og:image:height\" content=\"82\" \/>\n\t<meta property=\"og:image:type\" content=\"image\/png\" \/>\n<meta name=\"twitter:card\" content=\"summary_large_image\" \/>\n<meta name=\"twitter:label1\" content=\"Temps estimat de lectura\" \/>\n\t<meta name=\"twitter:data1\" content=\"2 minuts\" \/>\n<script type=\"application\/ld+json\" class=\"yoast-schema-graph\">{\"@context\":\"https:\\\/\\\/schema.org\",\"@graph\":[{\"@type\":\"WebPage\",\"@id\":\"https:\\\/\\\/www.apen.es\\\/fotocopiadora\\\/renting-fotocopiadora-hp\\\/renting-vic\\\/\",\"url\":\"https:\\\/\\\/www.apen.es\\\/fotocopiadora\\\/renting-fotocopiadora-hp\\\/renting-vic\\\/\",\"name\":\"Renting fotocopiadora HP Vic - Apen Inform\u00e1tica\",\"isPartOf\":{\"@id\":\"https:\\\/\\\/www.apen.es\\\/#website\"},\"datePublished\":\"2018-11-09T14:19:51+00:00\",\"dateModified\":\"2025-05-22T11:36:02+00:00\",\"description\":\"Los servicios que ofrecemos en nuestra empresa son muy amplios y abarcan todo el \u00e1rea y impresi\u00f3n, as\u00ed como de la gesti\u00f3n interna de cualquier empresa. De\",\"breadcrumb\":{\"@id\":\"https:\\\/\\\/www.apen.es\\\/fotocopiadora\\\/renting-fotocopiadora-hp\\\/renting-vic\\\/#breadcrumb\"},\"inLanguage\":\"ca\",\"potentialAction\":[{\"@type\":\"ReadAction\",\"target\":[\"https:\\\/\\\/www.apen.es\\\/fotocopiadora\\\/renting-fotocopiadora-hp\\\/renting-vic\\\/\"]}]},{\"@type\":\"BreadcrumbList\",\"@id\":\"https:\\\/\\\/www.apen.es\\\/fotocopiadora\\\/renting-fotocopiadora-hp\\\/renting-vic\\\/#breadcrumb\",\"itemListElement\":[{\"@type\":\"ListItem\",\"position\":1,\"name\":\"Portada\",\"item\":\"https:\\\/\\\/www.apen.es\\\/\"},{\"@type\":\"ListItem\",\"position\":2,\"name\":\"Fotocopiadora\",\"item\":\"https:\\\/\\\/www.apen.es\\\/fotocopiadora\\\/\"},{\"@type\":\"ListItem\",\"position\":3,\"name\":\"Renting fotocopiadora HP\",\"item\":\"https:\\\/\\\/www.apen.es\\\/fotocopiadora\\\/renting-fotocopiadora-hp\\\/\"},{\"@type\":\"ListItem\",\"position\":4,\"name\":\"Renting fotocopiadora HP Vic\"}]},{\"@type\":\"WebSite\",\"@id\":\"https:\\\/\\\/www.apen.es\\\/#website\",\"url\":\"https:\\\/\\\/www.apen.es\\\/\",\"name\":\"Apen Inform\u00e1tica\",\"description\":\"Mantenimiento Inform\u00e1tico , Software de Gesti\u00f3n, Soluciones de impresi\u00f3n\",\"publisher\":{\"@id\":\"https:\\\/\\\/www.apen.es\\\/#organization\"},\"potentialAction\":[{\"@type\":\"SearchAction\",\"target\":{\"@type\":\"EntryPoint\",\"urlTemplate\":\"https:\\\/\\\/www.apen.es\\\/?s={search_term_string}\"},\"query-input\":{\"@type\":\"PropertyValueSpecification\",\"valueRequired\":true,\"valueName\":\"search_term_string\"}}],\"inLanguage\":\"ca\"},{\"@type\":\"Organization\",\"@id\":\"https:\\\/\\\/www.apen.es\\\/#organization\",\"name\":\"Apen: Soluciones inform\u00e1ticas\",\"url\":\"https:\\\/\\\/www.apen.es\\\/\",\"logo\":{\"@type\":\"ImageObject\",\"inLanguage\":\"ca\",\"@id\":\"https:\\\/\\\/www.apen.es\\\/#\\\/schema\\\/logo\\\/image\\\/\",\"url\":\"https:\\\/\\\/www.apen.es\\\/wp-content\\\/uploads\\\/2022\\\/08\\\/logo-apenok-231x82-1.png\",\"contentUrl\":\"https:\\\/\\\/www.apen.es\\\/wp-content\\\/uploads\\\/2022\\\/08\\\/logo-apenok-231x82-1.png\",\"width\":231,\"height\":82,\"caption\":\"Apen: Soluciones inform\u00e1ticas\"},\"image\":{\"@id\":\"https:\\\/\\\/www.apen.es\\\/#\\\/schema\\\/logo\\\/image\\\/\"},\"sameAs\":[\"https:\\\/\\\/www.facebook.com\\\/apensolucions\",\"https:\\\/\\\/www.youtube.com\\\/user\\\/ApenCentreInformatic\",\"https:\\\/\\\/www.linkedin.com\\\/company\\\/1021771?trk=tyah&trkInfo=clickedVerticalcompanyclickedEntityId1021771idx2-1-2tarId1464195271196tasapenin\"]}]}<\/script>\n<!-- \/ Yoast SEO plugin. -->","yoast_head_json":{"title":"Renting fotocopiadora HP Vic - Apen Inform\u00e1tica","description":"Los servicios que ofrecemos en nuestra empresa son muy amplios y abarcan todo el \u00e1rea y impresi\u00f3n, as\u00ed como de la gesti\u00f3n interna de cualquier empresa. De","robots":{"index":"index","follow":"follow","max-snippet":"max-snippet:-1","max-image-preview":"max-image-preview:large","max-video-preview":"max-video-preview:-1"},"canonical":"https:\/\/www.apen.es\/ca\/fotocopiadora\/renting-fotocopiadora-hp\/renting-vic\/","og_locale":"ca_ES","og_type":"article","og_title":"Renting fotocopiadora HP Vic - Apen Inform\u00e1tica","og_description":"Los servicios que ofrecemos en nuestra empresa son muy amplios y abarcan todo el \u00e1rea y impresi\u00f3n, as\u00ed como de la gesti\u00f3n interna de cualquier empresa. De","og_url":"https:\/\/www.apen.es\/ca\/fotocopiadora\/renting-fotocopiadora-hp\/renting-vic\/","og_site_name":"Apen Inform\u00e1tica","article_publisher":"https:\/\/www.facebook.com\/apensolucions","article_modified_time":"2025-05-22T11:36:02+00:00","og_image":[{"width":231,"height":82,"url":"https:\/\/www.apen.es\/wp-content\/uploads\/2016\/05\/logo-apen-231x82-trasparent.png","type":"image\/png"}],"twitter_card":"summary_large_image","twitter_misc":{"Temps estimat de lectura":"2 minuts"},"schema":{"@context":"https:\/\/schema.org","@graph":[{"@type":"WebPage","@id":"https:\/\/www.apen.es\/fotocopiadora\/renting-fotocopiadora-hp\/renting-vic\/","url":"https:\/\/www.apen.es\/fotocopiadora\/renting-fotocopiadora-hp\/renting-vic\/","name":"Renting fotocopiadora HP Vic - Apen Inform\u00e1tica","isPartOf":{"@id":"https:\/\/www.apen.es\/#website"},"datePublished":"2018-11-09T14:19:51+00:00","dateModified":"2025-05-22T11:36:02+00:00","description":"Los servicios que ofrecemos en nuestra empresa son muy amplios y abarcan todo el \u00e1rea y impresi\u00f3n, as\u00ed como de la gesti\u00f3n interna de cualquier empresa. De","breadcrumb":{"@id":"https:\/\/www.apen.es\/fotocopiadora\/renting-fotocopiadora-hp\/renting-vic\/#breadcrumb"},"inLanguage":"ca","potentialAction":[{"@type":"ReadAction","target":["https:\/\/www.apen.es\/fotocopiadora\/renting-fotocopiadora-hp\/renting-vic\/"]}]},{"@type":"BreadcrumbList","@id":"https:\/\/www.apen.es\/fotocopiadora\/renting-fotocopiadora-hp\/renting-vic\/#breadcrumb","itemListElement":[{"@type":"ListItem","position":1,"name":"Portada","item":"https:\/\/www.apen.es\/"},{"@type":"ListItem","position":2,"name":"Fotocopiadora","item":"https:\/\/www.apen.es\/fotocopiadora\/"},{"@type":"ListItem","position":3,"name":"Renting fotocopiadora HP","item":"https:\/\/www.apen.es\/fotocopiadora\/renting-fotocopiadora-hp\/"},{"@type":"ListItem","position":4,"name":"Renting fotocopiadora HP Vic"}]},{"@type":"WebSite","@id":"https:\/\/www.apen.es\/#website","url":"https:\/\/www.apen.es\/","name":"Apen Inform\u00e0tica","description":"Manteniment inform\u00e0tic , programari de gesti\u00f3, solucions d&#039;impressi\u00f3","publisher":{"@id":"https:\/\/www.apen.es\/#organization"},"potentialAction":[{"@type":"SearchAction","target":{"@type":"EntryPoint","urlTemplate":"https:\/\/www.apen.es\/?s={search_term_string}"},"query-input":{"@type":"PropertyValueSpecification","valueRequired":true,"valueName":"search_term_string"}}],"inLanguage":"ca"},{"@type":"Organization","@id":"https:\/\/www.apen.es\/#organization","name":"Apen: Solucions inform\u00e0tiques","url":"https:\/\/www.apen.es\/","logo":{"@type":"ImageObject","inLanguage":"ca","@id":"https:\/\/www.apen.es\/#\/schema\/logo\/image\/","url":"https:\/\/www.apen.es\/wp-content\/uploads\/2022\/08\/logo-apenok-231x82-1.png","contentUrl":"https:\/\/www.apen.es\/wp-content\/uploads\/2022\/08\/logo-apenok-231x82-1.png","width":231,"height":82,"caption":"Apen: Soluciones inform\u00e1ticas"},"image":{"@id":"https:\/\/www.apen.es\/#\/schema\/logo\/image\/"},"sameAs":["https:\/\/www.facebook.com\/apensolucions","https:\/\/www.youtube.com\/user\/ApenCentreInformatic","https:\/\/www.linkedin.com\/company\/1021771?trk=tyah&trkInfo=clickedVerticalcompanyclickedEntityId1021771idx2-1-2tarId1464195271196tasapenin"]}]}},"taxonomy_info":[],"featured_image_src_large":false,"author_info":{"display_name":"marqueting","author_link":"https:\/\/www.apen.es\/ca\/blog\/author\/marqueting\/"},"comment_info":0,"_links":{"self":[{"href":"https:\/\/www.apen.es\/ca\/wp-json\/wp\/v2\/pages\/12270","targetHints":{"allow":["GET"]}}],"collection":[{"href":"https:\/\/www.apen.es\/ca\/wp-json\/wp\/v2\/pages"}],"about":[{"href":"https:\/\/www.apen.es\/ca\/wp-json\/wp\/v2\/types\/page"}],"author":[{"embeddable":true,"href":"https:\/\/www.apen.es\/ca\/wp-json\/wp\/v2\/users\/4"}],"replies":[{"embeddable":true,"href":"https:\/\/www.apen.es\/ca\/wp-json\/wp\/v2\/comments?post=12270"}],"version-history":[{"count":2,"href":"https:\/\/www.apen.es\/ca\/wp-json\/wp\/v2\/pages\/12270\/revisions"}],"predecessor-version":[{"id":54719,"href":"https:\/\/www.apen.es\/ca\/wp-json\/wp\/v2\/pages\/12270\/revisions\/54719"}],"up":[{"embeddable":true,"href":"https:\/\/www.apen.es\/ca\/wp-json\/wp\/v2\/pages\/12249"}],"wp:attachment":[{"href":"https:\/\/www.apen.es\/ca\/wp-json\/wp\/v2\/media?parent=12270"}],"curies":[{"name":"wp","href":"https:\/\/api.w.org\/{rel}","templated":true}]}}