{"id":12268,"date":"2018-11-09T14:15:57","date_gmt":"2018-11-09T14:15:57","guid":{"rendered":"https:\/\/www.apen.es\/?page_id=12268"},"modified":"2025-05-23T08:23:10","modified_gmt":"2025-05-23T08:23:10","slug":"renting-terrassa","status":"publish","type":"page","link":"https:\/\/www.apen.es\/ca\/fotocopiadora\/renting-fotocopiadora-hp\/renting-terrassa\/","title":{"rendered":"R\u00e8nting fotocopiadora HP Terrassa"},"content":{"rendered":"<p>A la nostra empresa optem per donar un servei integral i de qualitat a totes aquelles empreses que requereixin solucions r\u00e0pides i eficaces. Comptem amb marques capdavanteres al seu sector i estudiem cadascuna de les propostes i productes abans d&#039;oferir-los als nostres clients. Gr\u00e0cies a aix\u00f2, actualment, ens hem posicionat com a una de les millors empreses que ofereixen solucions d&#039;impressi\u00f3. Entre els nostres serveis, cal destacar el nostre&nbsp;<strong>r\u00e8nting<\/strong>&nbsp;de&nbsp;<strong>fotocopiadores HP<\/strong>&nbsp;a&nbsp;<strong>Terrassa<\/strong>. Aquest servei ajuda a fer que cada vegada m\u00e9s empreses puguin disposar de tots els avantatges de disposar d&#039;un dispositiu d&#039;impressi\u00f3, per\u00f2 sense haver de carregar les despeses.<\/p>\n\n\n\n<p>El&nbsp;<strong>r\u00e8nting<\/strong>&nbsp;de&nbsp;<strong>fotocopiadors<\/strong>&nbsp;<strong>HP<\/strong>&nbsp;de&nbsp;<strong>Terrassa<\/strong>&nbsp;funciona de la manera seg\u00fcent: el client \u00fanicament ha de pagar una quota mensual establerta pr\u00e8viament, amb aix\u00f2, ja podr\u00e0 disposar a la seva oficina d&#039;una fotocopiadora sense cap tipus de despesa addicional. D&#039;aquesta manera, les empreses que no es puguin permetre equips d&#039;alt rendiment podran accedir-hi amb aquest servei. El millor del&nbsp;<strong>r\u00e8nting<\/strong>&nbsp;de fotocopiadores a&nbsp;<strong>Terrassa<\/strong>, \u00e9s la nosaltres ens ocupem de totes aquelles avaries o reempla\u00e7ament de peces que siguin necess\u00e0ries per l\u00fas de la mateixa. A m\u00e9s, subministrem el combustible i la m\u00e0 d&#039;obra que calgui per reparar qualsevol tipus de mal.<\/p>\n\n\n\n<p>Aquest servei funciona d&#039;aquesta manera perqu\u00e8 els negocis que necessitin disposar d&#039;un dispositiu avan\u00e7at, per\u00f2 no es puguin permetre els arranjaments o no vulguin carregar amb despeses imprevistes, puguin continuar gaudint-ne. El&nbsp;<strong>r\u00e8nting<\/strong>&nbsp;de&nbsp;<strong>fotocopiadores HP<\/strong>&nbsp;de&nbsp;<strong>Terrassa<\/strong>&nbsp;obre una nova possibilitat d&#039;impressi\u00f3 a infinitat d&#039;empreses i negocis que no volen carregar despeses absurdes o inesperades. Nosaltres ens encarreguem de tot perqu\u00e8 els nostres clients es puguin preocupar \u00fanicament per fer cr\u00e9ixer la seva empresa.<\/p>\n\n\n\n<p>L&#039;objectiu de la nostra empresa i de totes amb qu\u00e8 col\u00b7laborem \u00e9s que els negocis dels nostres clients creixin sense necessitat de parar atenci\u00f3 o perdre en temps en aquest tipus de problemes. Aix\u00ed, nosaltres oferim totes les solucions possibles relacionades amb la impressi\u00f3 i qualsevol tipus de gesti\u00f3 de dades o informaci\u00f3 interna de l&#039;empresa. Per aix\u00f2 comptem amb un gran equip d&#039;experts que disposa d&#039;una gran experi\u00e8ncia en les diferents branques de qu\u00e8 disposa la nostra empresa, aix\u00ed com uns valors professionals totalment definits i estables.<\/p>\n\n\n\n<p>Si voleu saber m\u00e9s sobre el nostre servei de&nbsp;<strong>r\u00e8nting<\/strong>&nbsp;de&nbsp;<strong>fotocopiadores HP<\/strong>&nbsp;a&nbsp;<strong>Terrassa<\/strong>&nbsp;o sobre qualsevol altre dels nostres productes, aix\u00ed sobre la nostra empresa, no dubteu a posar-vos en contacte amb nosaltres, estarem encantats d&#039;atendre&#039;l i resoldre qualsevol dubte que pugui tenir. Tamb\u00e9 us oferim tota la informaci\u00f3 i cat\u00e0legs de productes que necessiteu sense cap tipus de comprom\u00eds previ.<\/p>","protected":false},"excerpt":{"rendered":"<p>En nuestra empresa optamos por dar un servicio integral y de calidad a todas aquellas empresas que requieran soluciones r\u00e1pidas y eficaces. Contamos con marcas l\u00edderes en su sector y estudiamos cada una de las propuestas y productos antes de ofrecerlos a nuestros clientes. Gracias a esto, actualmente, nos hemos posicionado como una de las&#8230;<\/p>","protected":false},"author":4,"featured_media":0,"parent":12249,"menu_order":0,"comment_status":"closed","ping_status":"closed","template":"page-renting-impresoras.php","meta":{"_acf_changed":false,"_kad_blocks_custom_css":"","_kad_blocks_head_custom_js":"","_kad_blocks_body_custom_js":"","_kad_blocks_footer_custom_js":"","_kad_post_transparent":"","_kad_post_title":"","_kad_post_layout":"","_kad_post_sidebar_id":"","_kad_post_content_style":"","_kad_post_vertical_padding":"","_kad_post_feature":"","_kad_post_feature_position":"","_kad_post_header":false,"_kad_post_footer":false,"_kad_post_classname":"","footnotes":""},"class_list":["post-12268","page","type-page","status-publish","hentry"],"acf":[],"yoast_head":"<!-- This site is optimized with the Yoast SEO plugin v27.4 - https:\/\/yoast.com\/product\/yoast-seo-wordpress\/ -->\n<title>Renting fotocopiadora HP Terrassa - Apen Inform\u00e1tica<\/title>\n<meta name=\"description\" content=\"Alquiler y Renting de focopiadoras de la marca HP en Terrassa para peque\u00f1as y medianas empresas. Soluciones de impresi\u00f3n para PYMES. Conf\u00eda en Apen.\" \/>\n<meta name=\"robots\" content=\"index, follow, max-snippet:-1, max-image-preview:large, max-video-preview:-1\" \/>\n<link rel=\"canonical\" href=\"https:\/\/www.apen.es\/ca\/fotocopiadora\/renting-fotocopiadora-hp\/renting-terrassa\/\" \/>\n<meta property=\"og:locale\" content=\"ca_ES\" \/>\n<meta property=\"og:type\" content=\"article\" \/>\n<meta property=\"og:title\" content=\"Renting fotocopiadora HP Terrassa - Apen Inform\u00e1tica\" \/>\n<meta property=\"og:description\" content=\"Alquiler y Renting de focopiadoras de la marca HP en Terrassa para peque\u00f1as y medianas empresas. Soluciones de impresi\u00f3n para PYMES. Conf\u00eda en Apen.\" \/>\n<meta property=\"og:url\" content=\"https:\/\/www.apen.es\/ca\/fotocopiadora\/renting-fotocopiadora-hp\/renting-terrassa\/\" \/>\n<meta property=\"og:site_name\" content=\"Apen Inform\u00e1tica\" \/>\n<meta property=\"article:publisher\" content=\"https:\/\/www.facebook.com\/apensolucions\" \/>\n<meta property=\"article:modified_time\" content=\"2025-05-23T08:23:10+00:00\" \/>\n<meta property=\"og:image\" content=\"https:\/\/www.apen.es\/wp-content\/uploads\/2016\/05\/logo-apen-231x82-trasparent.png\" \/>\n\t<meta property=\"og:image:width\" content=\"231\" \/>\n\t<meta property=\"og:image:height\" content=\"82\" \/>\n\t<meta property=\"og:image:type\" content=\"image\/png\" \/>\n<meta name=\"twitter:card\" content=\"summary_large_image\" \/>\n<meta name=\"twitter:label1\" content=\"Temps estimat de lectura\" \/>\n\t<meta name=\"twitter:data1\" content=\"8 minuts\" \/>\n<script type=\"application\/ld+json\" class=\"yoast-schema-graph\">{\"@context\":\"https:\\\/\\\/schema.org\",\"@graph\":[{\"@type\":\"WebPage\",\"@id\":\"https:\\\/\\\/www.apen.es\\\/fotocopiadora\\\/renting-fotocopiadora-hp\\\/renting-terrassa\\\/\",\"url\":\"https:\\\/\\\/www.apen.es\\\/fotocopiadora\\\/renting-fotocopiadora-hp\\\/renting-terrassa\\\/\",\"name\":\"Renting fotocopiadora HP Terrassa - Apen Inform\u00e1tica\",\"isPartOf\":{\"@id\":\"https:\\\/\\\/www.apen.es\\\/#website\"},\"datePublished\":\"2018-11-09T14:15:57+00:00\",\"dateModified\":\"2025-05-23T08:23:10+00:00\",\"description\":\"Alquiler y Renting de focopiadoras de la marca HP en Terrassa para peque\u00f1as y medianas empresas. Soluciones de impresi\u00f3n para PYMES. Conf\u00eda en Apen.\",\"breadcrumb\":{\"@id\":\"https:\\\/\\\/www.apen.es\\\/fotocopiadora\\\/renting-fotocopiadora-hp\\\/renting-terrassa\\\/#breadcrumb\"},\"inLanguage\":\"ca\",\"potentialAction\":[{\"@type\":\"ReadAction\",\"target\":[\"https:\\\/\\\/www.apen.es\\\/fotocopiadora\\\/renting-fotocopiadora-hp\\\/renting-terrassa\\\/\"]}]},{\"@type\":\"BreadcrumbList\",\"@id\":\"https:\\\/\\\/www.apen.es\\\/fotocopiadora\\\/renting-fotocopiadora-hp\\\/renting-terrassa\\\/#breadcrumb\",\"itemListElement\":[{\"@type\":\"ListItem\",\"position\":1,\"name\":\"Portada\",\"item\":\"https:\\\/\\\/www.apen.es\\\/\"},{\"@type\":\"ListItem\",\"position\":2,\"name\":\"Fotocopiadora\",\"item\":\"https:\\\/\\\/www.apen.es\\\/fotocopiadora\\\/\"},{\"@type\":\"ListItem\",\"position\":3,\"name\":\"Renting fotocopiadora HP\",\"item\":\"https:\\\/\\\/www.apen.es\\\/fotocopiadora\\\/renting-fotocopiadora-hp\\\/\"},{\"@type\":\"ListItem\",\"position\":4,\"name\":\"Renting fotocopiadora HP Terrassa\"}]},{\"@type\":\"WebSite\",\"@id\":\"https:\\\/\\\/www.apen.es\\\/#website\",\"url\":\"https:\\\/\\\/www.apen.es\\\/\",\"name\":\"Apen Inform\u00e1tica\",\"description\":\"Mantenimiento Inform\u00e1tico , Software de Gesti\u00f3n, Soluciones de impresi\u00f3n\",\"publisher\":{\"@id\":\"https:\\\/\\\/www.apen.es\\\/#organization\"},\"potentialAction\":[{\"@type\":\"SearchAction\",\"target\":{\"@type\":\"EntryPoint\",\"urlTemplate\":\"https:\\\/\\\/www.apen.es\\\/?s={search_term_string}\"},\"query-input\":{\"@type\":\"PropertyValueSpecification\",\"valueRequired\":true,\"valueName\":\"search_term_string\"}}],\"inLanguage\":\"ca\"},{\"@type\":\"Organization\",\"@id\":\"https:\\\/\\\/www.apen.es\\\/#organization\",\"name\":\"Apen: Soluciones inform\u00e1ticas\",\"url\":\"https:\\\/\\\/www.apen.es\\\/\",\"logo\":{\"@type\":\"ImageObject\",\"inLanguage\":\"ca\",\"@id\":\"https:\\\/\\\/www.apen.es\\\/#\\\/schema\\\/logo\\\/image\\\/\",\"url\":\"https:\\\/\\\/www.apen.es\\\/wp-content\\\/uploads\\\/2022\\\/08\\\/logo-apenok-231x82-1.png\",\"contentUrl\":\"https:\\\/\\\/www.apen.es\\\/wp-content\\\/uploads\\\/2022\\\/08\\\/logo-apenok-231x82-1.png\",\"width\":231,\"height\":82,\"caption\":\"Apen: Soluciones inform\u00e1ticas\"},\"image\":{\"@id\":\"https:\\\/\\\/www.apen.es\\\/#\\\/schema\\\/logo\\\/image\\\/\"},\"sameAs\":[\"https:\\\/\\\/www.facebook.com\\\/apensolucions\",\"https:\\\/\\\/www.youtube.com\\\/user\\\/ApenCentreInformatic\",\"https:\\\/\\\/www.linkedin.com\\\/company\\\/1021771?trk=tyah&trkInfo=clickedVerticalcompanyclickedEntityId1021771idx2-1-2tarId1464195271196tasapenin\"]}]}<\/script>\n<!-- \/ Yoast SEO plugin. -->","yoast_head_json":{"title":"Renting fotocopiadora HP Terrassa - Apen Inform\u00e1tica","description":"Alquiler y Renting de focopiadoras de la marca HP en Terrassa para peque\u00f1as y medianas empresas. Soluciones de impresi\u00f3n para PYMES. Conf\u00eda en Apen.","robots":{"index":"index","follow":"follow","max-snippet":"max-snippet:-1","max-image-preview":"max-image-preview:large","max-video-preview":"max-video-preview:-1"},"canonical":"https:\/\/www.apen.es\/ca\/fotocopiadora\/renting-fotocopiadora-hp\/renting-terrassa\/","og_locale":"ca_ES","og_type":"article","og_title":"Renting fotocopiadora HP Terrassa - Apen Inform\u00e1tica","og_description":"Alquiler y Renting de focopiadoras de la marca HP en Terrassa para peque\u00f1as y medianas empresas. Soluciones de impresi\u00f3n para PYMES. Conf\u00eda en Apen.","og_url":"https:\/\/www.apen.es\/ca\/fotocopiadora\/renting-fotocopiadora-hp\/renting-terrassa\/","og_site_name":"Apen Inform\u00e1tica","article_publisher":"https:\/\/www.facebook.com\/apensolucions","article_modified_time":"2025-05-23T08:23:10+00:00","og_image":[{"width":231,"height":82,"url":"https:\/\/www.apen.es\/wp-content\/uploads\/2016\/05\/logo-apen-231x82-trasparent.png","type":"image\/png"}],"twitter_card":"summary_large_image","twitter_misc":{"Temps estimat de lectura":"8 minuts"},"schema":{"@context":"https:\/\/schema.org","@graph":[{"@type":"WebPage","@id":"https:\/\/www.apen.es\/fotocopiadora\/renting-fotocopiadora-hp\/renting-terrassa\/","url":"https:\/\/www.apen.es\/fotocopiadora\/renting-fotocopiadora-hp\/renting-terrassa\/","name":"Renting fotocopiadora HP Terrassa - Apen Inform\u00e1tica","isPartOf":{"@id":"https:\/\/www.apen.es\/#website"},"datePublished":"2018-11-09T14:15:57+00:00","dateModified":"2025-05-23T08:23:10+00:00","description":"Alquiler y Renting de focopiadoras de la marca HP en Terrassa para peque\u00f1as y medianas empresas. Soluciones de impresi\u00f3n para PYMES. Conf\u00eda en Apen.","breadcrumb":{"@id":"https:\/\/www.apen.es\/fotocopiadora\/renting-fotocopiadora-hp\/renting-terrassa\/#breadcrumb"},"inLanguage":"ca","potentialAction":[{"@type":"ReadAction","target":["https:\/\/www.apen.es\/fotocopiadora\/renting-fotocopiadora-hp\/renting-terrassa\/"]}]},{"@type":"BreadcrumbList","@id":"https:\/\/www.apen.es\/fotocopiadora\/renting-fotocopiadora-hp\/renting-terrassa\/#breadcrumb","itemListElement":[{"@type":"ListItem","position":1,"name":"Portada","item":"https:\/\/www.apen.es\/"},{"@type":"ListItem","position":2,"name":"Fotocopiadora","item":"https:\/\/www.apen.es\/fotocopiadora\/"},{"@type":"ListItem","position":3,"name":"Renting fotocopiadora HP","item":"https:\/\/www.apen.es\/fotocopiadora\/renting-fotocopiadora-hp\/"},{"@type":"ListItem","position":4,"name":"Renting fotocopiadora HP Terrassa"}]},{"@type":"WebSite","@id":"https:\/\/www.apen.es\/#website","url":"https:\/\/www.apen.es\/","name":"Apen Inform\u00e0tica","description":"Manteniment inform\u00e0tic , programari de gesti\u00f3, solucions d&#039;impressi\u00f3","publisher":{"@id":"https:\/\/www.apen.es\/#organization"},"potentialAction":[{"@type":"SearchAction","target":{"@type":"EntryPoint","urlTemplate":"https:\/\/www.apen.es\/?s={search_term_string}"},"query-input":{"@type":"PropertyValueSpecification","valueRequired":true,"valueName":"search_term_string"}}],"inLanguage":"ca"},{"@type":"Organization","@id":"https:\/\/www.apen.es\/#organization","name":"Apen: Solucions inform\u00e0tiques","url":"https:\/\/www.apen.es\/","logo":{"@type":"ImageObject","inLanguage":"ca","@id":"https:\/\/www.apen.es\/#\/schema\/logo\/image\/","url":"https:\/\/www.apen.es\/wp-content\/uploads\/2022\/08\/logo-apenok-231x82-1.png","contentUrl":"https:\/\/www.apen.es\/wp-content\/uploads\/2022\/08\/logo-apenok-231x82-1.png","width":231,"height":82,"caption":"Apen: Soluciones inform\u00e1ticas"},"image":{"@id":"https:\/\/www.apen.es\/#\/schema\/logo\/image\/"},"sameAs":["https:\/\/www.facebook.com\/apensolucions","https:\/\/www.youtube.com\/user\/ApenCentreInformatic","https:\/\/www.linkedin.com\/company\/1021771?trk=tyah&trkInfo=clickedVerticalcompanyclickedEntityId1021771idx2-1-2tarId1464195271196tasapenin"]}]}},"taxonomy_info":[],"featured_image_src_large":false,"author_info":{"display_name":"marqueting","author_link":"https:\/\/www.apen.es\/ca\/blog\/author\/marqueting\/"},"comment_info":0,"_links":{"self":[{"href":"https:\/\/www.apen.es\/ca\/wp-json\/wp\/v2\/pages\/12268","targetHints":{"allow":["GET"]}}],"collection":[{"href":"https:\/\/www.apen.es\/ca\/wp-json\/wp\/v2\/pages"}],"about":[{"href":"https:\/\/www.apen.es\/ca\/wp-json\/wp\/v2\/types\/page"}],"author":[{"embeddable":true,"href":"https:\/\/www.apen.es\/ca\/wp-json\/wp\/v2\/users\/4"}],"replies":[{"embeddable":true,"href":"https:\/\/www.apen.es\/ca\/wp-json\/wp\/v2\/comments?post=12268"}],"version-history":[{"count":3,"href":"https:\/\/www.apen.es\/ca\/wp-json\/wp\/v2\/pages\/12268\/revisions"}],"predecessor-version":[{"id":54884,"href":"https:\/\/www.apen.es\/ca\/wp-json\/wp\/v2\/pages\/12268\/revisions\/54884"}],"up":[{"embeddable":true,"href":"https:\/\/www.apen.es\/ca\/wp-json\/wp\/v2\/pages\/12249"}],"wp:attachment":[{"href":"https:\/\/www.apen.es\/ca\/wp-json\/wp\/v2\/media?parent=12268"}],"curies":[{"name":"wp","href":"https:\/\/api.w.org\/{rel}","templated":true}]}}