{"id":12266,"date":"2018-11-09T14:13:08","date_gmt":"2018-11-09T14:13:08","guid":{"rendered":"https:\/\/www.apen.es\/?page_id=12266"},"modified":"2025-05-23T08:21:02","modified_gmt":"2025-05-23T08:21:02","slug":"renting-granollers","status":"publish","type":"page","link":"https:\/\/www.apen.es\/ca\/fotocopiadora\/renting-fotocopiadora-hp\/renting-granollers\/","title":{"rendered":"R\u00e8nting fotocopiadora HP Granollers"},"content":{"rendered":"<p>A Apen oferim els millors serveis d&#039;impressi\u00f3 del mercat, per aix\u00f2, actualment disposem d&#039;un servei de&nbsp;<strong>r\u00e8nting de fotocopiadores HP a Granollers<\/strong>. Aquest servei va destinat a aquelles empreses que necessitin una fotocopiadora, per\u00f2 no estiguin disposats a assumir la despesa que aix\u00f2 comporta. Per aquest motiu, la nostra empresa t\u00e9 l&#039;objectiu de cobrir les necessitats de qualsevol negoci, sense que hagi de pagar m\u00e9s del que deu per cada fotoc\u00f2pia que realitza. El nostre&nbsp;<strong>r\u00e8nting de fotocopiadores<\/strong>&nbsp;compta amb una gran varietat de productes&nbsp;<strong>HP<\/strong>, de les quals, el client pot escollir la que m\u00e9s s&#039;adapti al vostre nivell i prefer\u00e8ncies d&#039;impressi\u00f3.<\/p>\n\n\n\n<p>Quant al funcionament d&#039;aquest servei que oferim a&nbsp;<strong>Granollers<\/strong>, nosaltres us oferim una fotocopiadora i el client \u00fanicament ha de pagar una quota fixa mensual que establim entre ambdues parts. D&#039;aquesta manera, les empreses que contractin aquest servei mai no s&#039;emportaran sorpreses pel que fa a les seves factures d&#039;impressi\u00f3. Aquest servei se sol fer durant un temps determinat, ja que, si una empresa necessita utilitzar una fotocopiadora de manera m\u00e9s continuada, probablement adquirir\u00e0 el dispositiu abans de contractar aquest tipus de serveis. De tota manera, la nostra oferta \u00e9s \u00e0mplia i estem disposats a cobrir totes les necessitats d&#039;impressi\u00f3 que puguin tenir els nostres clients.<\/p>\n\n\n\n<p>D&#039;altra banda, si hi ha algun tipus d&#039;avaria a la m\u00e0quina pel desgast d&#039;aquest dispositiu, nosaltres ens encarregarem de tot el que calgui per tal que el nostre client pugui seguir amb les seves tasques sense que aix\u00f2 suposi cap problema ni cap cost addicional. Al r\u00e8nting de Granollers, tant la substituci\u00f3 de peces per desgast com el subministrament de combustible va a c\u00e0rrec de la nostra empresa. D&#039;aquesta manera, garantim que el client no ha de preocupar-se per res m\u00e9s que fer les seves fotoc\u00f2pies i continuar exercint les tasques di\u00e0ries. Aquest tipus de factors poden fer que infinitat d&#039;empreses decideixin fer un&nbsp;<strong>r\u00e8nting<\/strong>&nbsp;de&nbsp;<strong>fotocopiadores<\/strong>&nbsp;<strong>HP<\/strong>&nbsp;en el seu negoci de&nbsp;<strong>Granollers<\/strong>, abans que una compra o adquirir qualsevol altre servei.<\/p>\n\n\n\n<p>Al nostre servei de&nbsp;<strong>r\u00e8nting<\/strong>&nbsp;de&nbsp;<strong>fotocopiadores HP<\/strong>&nbsp;a&nbsp;<strong>Granollers<\/strong>, igual que a la resta, la nostra empresa ofereix la m\u00e0xima qualitat per tal de garantir la satisfacci\u00f3 de tots i cadascun dels nostres clients. Nosaltres coneixem la import\u00e0ncia de disposar de dispositius r\u00e0pids i efectius, per aix\u00f2 nom\u00e9s comptem amb les millors empreses del sector a l&#039;hora d&#039;organitzar el nostre cat\u00e0leg. Si voleu con\u00e8ixer m\u00e9s sobre el nostre servei de r\u00e8nting a Granollers o sobre la nostra empresa, no dubteu a posar-vos en contacte amb nosaltres, estarem encantats d&#039;atendre&#039;l i resoldre qualsevol dubte que pugui tenir. A m\u00e9s, us oferirem tota la informaci\u00f3 que requereixi sense cap tipus de comprom\u00eds previ.<\/p>","protected":false},"excerpt":{"rendered":"<p>En Apen ofrecemos los mejores servicios de impresi\u00f3n del mercado, para ello, actualmente disponemos de un servicio de&nbsp;renting de fotocopiadoras HP en Granollers. Este servicio va destinado a aquellas empresas que necesiten una fotocopiadora, pero no est\u00e9n dispuestos a asumir el gasto que esto conlleva. Por este motivo, nuestra empresa tiene el objetivo de cubrir&#8230;<\/p>","protected":false},"author":4,"featured_media":0,"parent":12249,"menu_order":0,"comment_status":"closed","ping_status":"closed","template":"page-renting-impresoras.php","meta":{"_acf_changed":false,"_kad_blocks_custom_css":"","_kad_blocks_head_custom_js":"","_kad_blocks_body_custom_js":"","_kad_blocks_footer_custom_js":"","_kad_post_transparent":"","_kad_post_title":"","_kad_post_layout":"","_kad_post_sidebar_id":"","_kad_post_content_style":"","_kad_post_vertical_padding":"","_kad_post_feature":"","_kad_post_feature_position":"","_kad_post_header":false,"_kad_post_footer":false,"_kad_post_classname":"","footnotes":""},"class_list":["post-12266","page","type-page","status-publish","hentry"],"acf":[],"yoast_head":"<!-- This site is optimized with the Yoast SEO plugin v27.4 - https:\/\/yoast.com\/product\/yoast-seo-wordpress\/ -->\n<title>Renting fotocopiadora HP Granollers - Apen Inform\u00e1tica<\/title>\n<meta name=\"description\" content=\"Alquiler y Renting de focopiadoras de la marca HP en Granollers para peque\u00f1as y medianas empresas. Soluciones de impresi\u00f3n para PYMES. Conf\u00eda en Apen.\" \/>\n<meta name=\"robots\" content=\"index, follow, max-snippet:-1, max-image-preview:large, max-video-preview:-1\" \/>\n<link rel=\"canonical\" href=\"https:\/\/www.apen.es\/ca\/fotocopiadora\/renting-fotocopiadora-hp\/renting-granollers\/\" \/>\n<meta property=\"og:locale\" content=\"ca_ES\" \/>\n<meta property=\"og:type\" content=\"article\" \/>\n<meta property=\"og:title\" content=\"Renting fotocopiadora HP Granollers - Apen Inform\u00e1tica\" \/>\n<meta property=\"og:description\" content=\"Alquiler y Renting de focopiadoras de la marca HP en Granollers para peque\u00f1as y medianas empresas. Soluciones de impresi\u00f3n para PYMES. Conf\u00eda en Apen.\" \/>\n<meta property=\"og:url\" content=\"https:\/\/www.apen.es\/ca\/fotocopiadora\/renting-fotocopiadora-hp\/renting-granollers\/\" \/>\n<meta property=\"og:site_name\" content=\"Apen Inform\u00e1tica\" \/>\n<meta property=\"article:publisher\" content=\"https:\/\/www.facebook.com\/apensolucions\" \/>\n<meta property=\"article:modified_time\" content=\"2025-05-23T08:21:02+00:00\" \/>\n<meta property=\"og:image\" content=\"https:\/\/www.apen.es\/wp-content\/uploads\/2016\/05\/logo-apen-231x82-trasparent.png\" \/>\n\t<meta property=\"og:image:width\" content=\"231\" \/>\n\t<meta property=\"og:image:height\" content=\"82\" \/>\n\t<meta property=\"og:image:type\" content=\"image\/png\" \/>\n<meta name=\"twitter:card\" content=\"summary_large_image\" \/>\n<meta name=\"twitter:label1\" content=\"Temps estimat de lectura\" \/>\n\t<meta name=\"twitter:data1\" content=\"8 minuts\" \/>\n<script type=\"application\/ld+json\" class=\"yoast-schema-graph\">{\"@context\":\"https:\\\/\\\/schema.org\",\"@graph\":[{\"@type\":\"WebPage\",\"@id\":\"https:\\\/\\\/www.apen.es\\\/fotocopiadora\\\/renting-fotocopiadora-hp\\\/renting-granollers\\\/\",\"url\":\"https:\\\/\\\/www.apen.es\\\/fotocopiadora\\\/renting-fotocopiadora-hp\\\/renting-granollers\\\/\",\"name\":\"Renting fotocopiadora HP Granollers - Apen Inform\u00e1tica\",\"isPartOf\":{\"@id\":\"https:\\\/\\\/www.apen.es\\\/#website\"},\"datePublished\":\"2018-11-09T14:13:08+00:00\",\"dateModified\":\"2025-05-23T08:21:02+00:00\",\"description\":\"Alquiler y Renting de focopiadoras de la marca HP en Granollers para peque\u00f1as y medianas empresas. Soluciones de impresi\u00f3n para PYMES. Conf\u00eda en Apen.\",\"breadcrumb\":{\"@id\":\"https:\\\/\\\/www.apen.es\\\/fotocopiadora\\\/renting-fotocopiadora-hp\\\/renting-granollers\\\/#breadcrumb\"},\"inLanguage\":\"ca\",\"potentialAction\":[{\"@type\":\"ReadAction\",\"target\":[\"https:\\\/\\\/www.apen.es\\\/fotocopiadora\\\/renting-fotocopiadora-hp\\\/renting-granollers\\\/\"]}]},{\"@type\":\"BreadcrumbList\",\"@id\":\"https:\\\/\\\/www.apen.es\\\/fotocopiadora\\\/renting-fotocopiadora-hp\\\/renting-granollers\\\/#breadcrumb\",\"itemListElement\":[{\"@type\":\"ListItem\",\"position\":1,\"name\":\"Portada\",\"item\":\"https:\\\/\\\/www.apen.es\\\/\"},{\"@type\":\"ListItem\",\"position\":2,\"name\":\"Fotocopiadora\",\"item\":\"https:\\\/\\\/www.apen.es\\\/fotocopiadora\\\/\"},{\"@type\":\"ListItem\",\"position\":3,\"name\":\"Renting fotocopiadora HP\",\"item\":\"https:\\\/\\\/www.apen.es\\\/fotocopiadora\\\/renting-fotocopiadora-hp\\\/\"},{\"@type\":\"ListItem\",\"position\":4,\"name\":\"Renting fotocopiadora HP Granollers\"}]},{\"@type\":\"WebSite\",\"@id\":\"https:\\\/\\\/www.apen.es\\\/#website\",\"url\":\"https:\\\/\\\/www.apen.es\\\/\",\"name\":\"Apen Inform\u00e1tica\",\"description\":\"Mantenimiento Inform\u00e1tico , Software de Gesti\u00f3n, Soluciones de impresi\u00f3n\",\"publisher\":{\"@id\":\"https:\\\/\\\/www.apen.es\\\/#organization\"},\"potentialAction\":[{\"@type\":\"SearchAction\",\"target\":{\"@type\":\"EntryPoint\",\"urlTemplate\":\"https:\\\/\\\/www.apen.es\\\/?s={search_term_string}\"},\"query-input\":{\"@type\":\"PropertyValueSpecification\",\"valueRequired\":true,\"valueName\":\"search_term_string\"}}],\"inLanguage\":\"ca\"},{\"@type\":\"Organization\",\"@id\":\"https:\\\/\\\/www.apen.es\\\/#organization\",\"name\":\"Apen: Soluciones inform\u00e1ticas\",\"url\":\"https:\\\/\\\/www.apen.es\\\/\",\"logo\":{\"@type\":\"ImageObject\",\"inLanguage\":\"ca\",\"@id\":\"https:\\\/\\\/www.apen.es\\\/#\\\/schema\\\/logo\\\/image\\\/\",\"url\":\"https:\\\/\\\/www.apen.es\\\/wp-content\\\/uploads\\\/2022\\\/08\\\/logo-apenok-231x82-1.png\",\"contentUrl\":\"https:\\\/\\\/www.apen.es\\\/wp-content\\\/uploads\\\/2022\\\/08\\\/logo-apenok-231x82-1.png\",\"width\":231,\"height\":82,\"caption\":\"Apen: Soluciones inform\u00e1ticas\"},\"image\":{\"@id\":\"https:\\\/\\\/www.apen.es\\\/#\\\/schema\\\/logo\\\/image\\\/\"},\"sameAs\":[\"https:\\\/\\\/www.facebook.com\\\/apensolucions\",\"https:\\\/\\\/www.youtube.com\\\/user\\\/ApenCentreInformatic\",\"https:\\\/\\\/www.linkedin.com\\\/company\\\/1021771?trk=tyah&trkInfo=clickedVerticalcompanyclickedEntityId1021771idx2-1-2tarId1464195271196tasapenin\"]}]}<\/script>\n<!-- \/ Yoast SEO plugin. -->","yoast_head_json":{"title":"Renting fotocopiadora HP Granollers - Apen Inform\u00e1tica","description":"Alquiler y Renting de focopiadoras de la marca HP en Granollers para peque\u00f1as y medianas empresas. Soluciones de impresi\u00f3n para PYMES. Conf\u00eda en Apen.","robots":{"index":"index","follow":"follow","max-snippet":"max-snippet:-1","max-image-preview":"max-image-preview:large","max-video-preview":"max-video-preview:-1"},"canonical":"https:\/\/www.apen.es\/ca\/fotocopiadora\/renting-fotocopiadora-hp\/renting-granollers\/","og_locale":"ca_ES","og_type":"article","og_title":"Renting fotocopiadora HP Granollers - Apen Inform\u00e1tica","og_description":"Alquiler y Renting de focopiadoras de la marca HP en Granollers para peque\u00f1as y medianas empresas. Soluciones de impresi\u00f3n para PYMES. Conf\u00eda en Apen.","og_url":"https:\/\/www.apen.es\/ca\/fotocopiadora\/renting-fotocopiadora-hp\/renting-granollers\/","og_site_name":"Apen Inform\u00e1tica","article_publisher":"https:\/\/www.facebook.com\/apensolucions","article_modified_time":"2025-05-23T08:21:02+00:00","og_image":[{"width":231,"height":82,"url":"https:\/\/www.apen.es\/wp-content\/uploads\/2016\/05\/logo-apen-231x82-trasparent.png","type":"image\/png"}],"twitter_card":"summary_large_image","twitter_misc":{"Temps estimat de lectura":"8 minuts"},"schema":{"@context":"https:\/\/schema.org","@graph":[{"@type":"WebPage","@id":"https:\/\/www.apen.es\/fotocopiadora\/renting-fotocopiadora-hp\/renting-granollers\/","url":"https:\/\/www.apen.es\/fotocopiadora\/renting-fotocopiadora-hp\/renting-granollers\/","name":"Renting fotocopiadora HP Granollers - Apen Inform\u00e1tica","isPartOf":{"@id":"https:\/\/www.apen.es\/#website"},"datePublished":"2018-11-09T14:13:08+00:00","dateModified":"2025-05-23T08:21:02+00:00","description":"Alquiler y Renting de focopiadoras de la marca HP en Granollers para peque\u00f1as y medianas empresas. Soluciones de impresi\u00f3n para PYMES. Conf\u00eda en Apen.","breadcrumb":{"@id":"https:\/\/www.apen.es\/fotocopiadora\/renting-fotocopiadora-hp\/renting-granollers\/#breadcrumb"},"inLanguage":"ca","potentialAction":[{"@type":"ReadAction","target":["https:\/\/www.apen.es\/fotocopiadora\/renting-fotocopiadora-hp\/renting-granollers\/"]}]},{"@type":"BreadcrumbList","@id":"https:\/\/www.apen.es\/fotocopiadora\/renting-fotocopiadora-hp\/renting-granollers\/#breadcrumb","itemListElement":[{"@type":"ListItem","position":1,"name":"Portada","item":"https:\/\/www.apen.es\/"},{"@type":"ListItem","position":2,"name":"Fotocopiadora","item":"https:\/\/www.apen.es\/fotocopiadora\/"},{"@type":"ListItem","position":3,"name":"Renting fotocopiadora HP","item":"https:\/\/www.apen.es\/fotocopiadora\/renting-fotocopiadora-hp\/"},{"@type":"ListItem","position":4,"name":"Renting fotocopiadora HP Granollers"}]},{"@type":"WebSite","@id":"https:\/\/www.apen.es\/#website","url":"https:\/\/www.apen.es\/","name":"Apen Inform\u00e0tica","description":"Manteniment inform\u00e0tic , programari de gesti\u00f3, solucions d&#039;impressi\u00f3","publisher":{"@id":"https:\/\/www.apen.es\/#organization"},"potentialAction":[{"@type":"SearchAction","target":{"@type":"EntryPoint","urlTemplate":"https:\/\/www.apen.es\/?s={search_term_string}"},"query-input":{"@type":"PropertyValueSpecification","valueRequired":true,"valueName":"search_term_string"}}],"inLanguage":"ca"},{"@type":"Organization","@id":"https:\/\/www.apen.es\/#organization","name":"Apen: Solucions inform\u00e0tiques","url":"https:\/\/www.apen.es\/","logo":{"@type":"ImageObject","inLanguage":"ca","@id":"https:\/\/www.apen.es\/#\/schema\/logo\/image\/","url":"https:\/\/www.apen.es\/wp-content\/uploads\/2022\/08\/logo-apenok-231x82-1.png","contentUrl":"https:\/\/www.apen.es\/wp-content\/uploads\/2022\/08\/logo-apenok-231x82-1.png","width":231,"height":82,"caption":"Apen: Soluciones inform\u00e1ticas"},"image":{"@id":"https:\/\/www.apen.es\/#\/schema\/logo\/image\/"},"sameAs":["https:\/\/www.facebook.com\/apensolucions","https:\/\/www.youtube.com\/user\/ApenCentreInformatic","https:\/\/www.linkedin.com\/company\/1021771?trk=tyah&trkInfo=clickedVerticalcompanyclickedEntityId1021771idx2-1-2tarId1464195271196tasapenin"]}]}},"taxonomy_info":[],"featured_image_src_large":false,"author_info":{"display_name":"marqueting","author_link":"https:\/\/www.apen.es\/ca\/blog\/author\/marqueting\/"},"comment_info":0,"_links":{"self":[{"href":"https:\/\/www.apen.es\/ca\/wp-json\/wp\/v2\/pages\/12266","targetHints":{"allow":["GET"]}}],"collection":[{"href":"https:\/\/www.apen.es\/ca\/wp-json\/wp\/v2\/pages"}],"about":[{"href":"https:\/\/www.apen.es\/ca\/wp-json\/wp\/v2\/types\/page"}],"author":[{"embeddable":true,"href":"https:\/\/www.apen.es\/ca\/wp-json\/wp\/v2\/users\/4"}],"replies":[{"embeddable":true,"href":"https:\/\/www.apen.es\/ca\/wp-json\/wp\/v2\/comments?post=12266"}],"version-history":[{"count":3,"href":"https:\/\/www.apen.es\/ca\/wp-json\/wp\/v2\/pages\/12266\/revisions"}],"predecessor-version":[{"id":54876,"href":"https:\/\/www.apen.es\/ca\/wp-json\/wp\/v2\/pages\/12266\/revisions\/54876"}],"up":[{"embeddable":true,"href":"https:\/\/www.apen.es\/ca\/wp-json\/wp\/v2\/pages\/12249"}],"wp:attachment":[{"href":"https:\/\/www.apen.es\/ca\/wp-json\/wp\/v2\/media?parent=12266"}],"curies":[{"name":"wp","href":"https:\/\/api.w.org\/{rel}","templated":true}]}}