{"id":12260,"date":"2018-11-09T13:58:10","date_gmt":"2018-11-09T13:58:10","guid":{"rendered":"https:\/\/www.apen.es\/?page_id=12260"},"modified":"2025-05-23T08:06:34","modified_gmt":"2025-05-23T08:06:34","slug":"renting-barcelona","status":"publish","type":"page","link":"https:\/\/www.apen.es\/ca\/fotocopiadora\/renting-fotocopiadora-hp\/renting-barcelona\/","title":{"rendered":"R\u00e8nting fotocopiadora HP Barcelona"},"content":{"rendered":"<p>Apen, som una empresa especialitzada en serveis inform\u00e0tics, on oferim solucions globals d&#039;inform\u00e0tica i tecnologia, ja que som especialistes en la implantaci\u00f3 i el manteniment d&#039;equips inform\u00e0tics, aportant sempre solucions per a la gesti\u00f3 de les empreses amb l&#039;objectiu de millorar la capacitat competitiva dels nostres clients.<\/p>\n\n\n\n<p>Un dels punts forts de la nostra empresa, \u00e9s que sempre treballem amb els millors professionals del sector, i comptem amb equips de marques nacionals i internacionals, com ara HP, OKI, Kyocera i Konica Minolta, per la qual cosa podem garantir a tots els nostres clients una qualitat i un servei excel\u00b7lent.<\/p>\n\n\n\n<p>Oferim una gran quantitat de serveis diferents relacionats amb el nostre sector i dirigits a empreses, per\u00f2 n&#039;hem de destacar un, que \u00e9s el servei de&nbsp;<strong>r\u00e8nting a Barcelona<\/strong>, en el qual donem l&#039;oportunitat a les empreses de pagar nom\u00e9s pel que necessitin, i aix\u00ed es puguin estalviar una gran quantitat de diners, sense deixar de banda la qualitat.<\/p>\n\n\n\n<p>Som conscient que una&nbsp;<strong>fotocopiadora HP<\/strong>, comporta una inversi\u00f3 molt elevada, que de vegades \u00e9s molt complicat que una empresa els ho pugui permetre, per\u00f2 la qualitat dels resultats obtinguts amb aquesta&nbsp;<strong>fotocopiadora<\/strong>&nbsp;\u00e9s inigualable, ja que \u00e9s r\u00e0pida i eficient i als documents impr\u00e8s es nota la qualitat.<\/p>\n\n\n\n<p>\u00c9s clar, que totes les empreses han de comptar amb uns equips m\u00ednims, com per exemple una&nbsp;<strong>fotocopiadora<\/strong>, ja que \u00e9s una cosa b\u00e0sica, per\u00f2 si no volen gastar-se tants diners en una&nbsp;<strong>fotocopiadora HP<\/strong>, tenen dues opcions, la primera \u00e9s optar per una&nbsp;<strong>fotocopiadora<\/strong>&nbsp;m\u00e9s econ\u00f2mic, per\u00f2 amb el desavantatge que perdrem la qualitat i l&#039;efici\u00e8ncia, i la segona opci\u00f3 \u00e9s contractar el nostre servei de&nbsp;<strong>r\u00e8nting a Barcelona<\/strong>, amb el qual no haureu de rebutjar la qualitat.<\/p>\n\n\n\n<p>El servei de&nbsp;<strong>r\u00e8nting a Barcelona<\/strong>&nbsp;que oferim des de la nostra empresa, Apen, permet a les empreses que nom\u00e9s paguin pel que necessitin, \u00e9s a dir per cada c\u00f2pia que realitzin, podent estalviar aix\u00ed fins a un trenta per cent, ja que no nom\u00e9s estalviareu en la inversi\u00f3 de la&nbsp;<strong>fotocopiadora HP<\/strong>, sin\u00f3 que a m\u00e9s tamb\u00e9 s&#039;inclouen serveis com ara l&#039;assist\u00e8ncia t\u00e8cnica, el manteniment preventiu o la reparaci\u00f3 i els recanvis de peces que siguin necessaris, entre d&#039;altres.<\/p>\n\n\n\n<p>En primer lloc, el que fa l&#039;equip de la nostra empresa, \u00e9s con\u00e8ixer cada client de forma individualitzada, per tal de realitzar una an\u00e0lisi de les necessitats de l&#039;empresa i aix\u00ed podem oferir el servei i els equips que m\u00e9s s&#039;ajustin al negoci i el que li pugui oferir m\u00e9s avantatges a la vostra empresa, per ajudar-vos a cr\u00e9ixer ia millorar, per aquesta ra\u00f3 si teniu algun dubte sobre el&nbsp;<strong>r\u00e8nting a Barcelona<\/strong>, no dubteu a preguntar-nos.<\/p>","protected":false},"excerpt":{"rendered":"<p>Apen, somos una empresa especializada en servicios inform\u00e1ticos, en la cual ofrecemos soluciones globales de inform\u00e1tica i tecnolog\u00eda, ya que somos especialistas en la implantaci\u00f3n y el mantenimiento de equipos inform\u00e1ticos, aportando siempre soluciones para la gesti\u00f3n de las empresas con el objetivo de mejorar la capacidad competitiva de nuestros clientes. Uno de los puntos&#8230;<\/p>","protected":false},"author":4,"featured_media":0,"parent":12249,"menu_order":0,"comment_status":"closed","ping_status":"closed","template":"page-renting-impresoras.php","meta":{"_acf_changed":false,"_kad_blocks_custom_css":"","_kad_blocks_head_custom_js":"","_kad_blocks_body_custom_js":"","_kad_blocks_footer_custom_js":"","_kad_post_transparent":"","_kad_post_title":"","_kad_post_layout":"","_kad_post_sidebar_id":"","_kad_post_content_style":"","_kad_post_vertical_padding":"","_kad_post_feature":"","_kad_post_feature_position":"","_kad_post_header":false,"_kad_post_footer":false,"_kad_post_classname":"","footnotes":""},"class_list":["post-12260","page","type-page","status-publish","hentry"],"acf":[],"yoast_head":"<!-- This site is optimized with the Yoast SEO plugin v27.4 - https:\/\/yoast.com\/product\/yoast-seo-wordpress\/ -->\n<title>Renting fotocopiadora HP Barcelona - Apen Inform\u00e1tica<\/title>\n<meta name=\"description\" content=\"Alquiler y Renting de focopiadoras de la marca HP en Barcelona para peque\u00f1as y medianas empresas. Soluciones de impresi\u00f3n para PYMES. Conf\u00eda en Apen.\" \/>\n<meta name=\"robots\" content=\"index, follow, max-snippet:-1, max-image-preview:large, max-video-preview:-1\" \/>\n<link rel=\"canonical\" href=\"https:\/\/www.apen.es\/ca\/fotocopiadora\/renting-fotocopiadora-hp\/renting-barcelona\/\" \/>\n<meta property=\"og:locale\" content=\"ca_ES\" \/>\n<meta property=\"og:type\" content=\"article\" \/>\n<meta property=\"og:title\" content=\"Renting fotocopiadora HP Barcelona - Apen Inform\u00e1tica\" \/>\n<meta property=\"og:description\" content=\"Alquiler y Renting de focopiadoras de la marca HP en Barcelona para peque\u00f1as y medianas empresas. Soluciones de impresi\u00f3n para PYMES. Conf\u00eda en Apen.\" \/>\n<meta property=\"og:url\" content=\"https:\/\/www.apen.es\/ca\/fotocopiadora\/renting-fotocopiadora-hp\/renting-barcelona\/\" \/>\n<meta property=\"og:site_name\" content=\"Apen Inform\u00e1tica\" \/>\n<meta property=\"article:publisher\" content=\"https:\/\/www.facebook.com\/apensolucions\" \/>\n<meta property=\"article:modified_time\" content=\"2025-05-23T08:06:34+00:00\" \/>\n<meta property=\"og:image\" content=\"https:\/\/www.apen.es\/wp-content\/uploads\/2016\/05\/logo-apen-231x82-trasparent.png\" \/>\n\t<meta property=\"og:image:width\" content=\"231\" \/>\n\t<meta property=\"og:image:height\" content=\"82\" \/>\n\t<meta property=\"og:image:type\" content=\"image\/png\" \/>\n<meta name=\"twitter:card\" content=\"summary_large_image\" \/>\n<meta name=\"twitter:label1\" content=\"Temps estimat de lectura\" \/>\n\t<meta name=\"twitter:data1\" content=\"8 minuts\" \/>\n<script type=\"application\/ld+json\" class=\"yoast-schema-graph\">{\"@context\":\"https:\\\/\\\/schema.org\",\"@graph\":[{\"@type\":\"WebPage\",\"@id\":\"https:\\\/\\\/www.apen.es\\\/fotocopiadora\\\/renting-fotocopiadora-hp\\\/renting-barcelona\\\/\",\"url\":\"https:\\\/\\\/www.apen.es\\\/fotocopiadora\\\/renting-fotocopiadora-hp\\\/renting-barcelona\\\/\",\"name\":\"Renting fotocopiadora HP Barcelona - Apen Inform\u00e1tica\",\"isPartOf\":{\"@id\":\"https:\\\/\\\/www.apen.es\\\/#website\"},\"datePublished\":\"2018-11-09T13:58:10+00:00\",\"dateModified\":\"2025-05-23T08:06:34+00:00\",\"description\":\"Alquiler y Renting de focopiadoras de la marca HP en Barcelona para peque\u00f1as y medianas empresas. Soluciones de impresi\u00f3n para PYMES. Conf\u00eda en Apen.\",\"breadcrumb\":{\"@id\":\"https:\\\/\\\/www.apen.es\\\/fotocopiadora\\\/renting-fotocopiadora-hp\\\/renting-barcelona\\\/#breadcrumb\"},\"inLanguage\":\"ca\",\"potentialAction\":[{\"@type\":\"ReadAction\",\"target\":[\"https:\\\/\\\/www.apen.es\\\/fotocopiadora\\\/renting-fotocopiadora-hp\\\/renting-barcelona\\\/\"]}]},{\"@type\":\"BreadcrumbList\",\"@id\":\"https:\\\/\\\/www.apen.es\\\/fotocopiadora\\\/renting-fotocopiadora-hp\\\/renting-barcelona\\\/#breadcrumb\",\"itemListElement\":[{\"@type\":\"ListItem\",\"position\":1,\"name\":\"Portada\",\"item\":\"https:\\\/\\\/www.apen.es\\\/\"},{\"@type\":\"ListItem\",\"position\":2,\"name\":\"Fotocopiadora\",\"item\":\"https:\\\/\\\/www.apen.es\\\/fotocopiadora\\\/\"},{\"@type\":\"ListItem\",\"position\":3,\"name\":\"Renting fotocopiadora HP\",\"item\":\"https:\\\/\\\/www.apen.es\\\/fotocopiadora\\\/renting-fotocopiadora-hp\\\/\"},{\"@type\":\"ListItem\",\"position\":4,\"name\":\"Renting fotocopiadora HP Barcelona\"}]},{\"@type\":\"WebSite\",\"@id\":\"https:\\\/\\\/www.apen.es\\\/#website\",\"url\":\"https:\\\/\\\/www.apen.es\\\/\",\"name\":\"Apen Inform\u00e1tica\",\"description\":\"Mantenimiento Inform\u00e1tico , Software de Gesti\u00f3n, Soluciones de impresi\u00f3n\",\"publisher\":{\"@id\":\"https:\\\/\\\/www.apen.es\\\/#organization\"},\"potentialAction\":[{\"@type\":\"SearchAction\",\"target\":{\"@type\":\"EntryPoint\",\"urlTemplate\":\"https:\\\/\\\/www.apen.es\\\/?s={search_term_string}\"},\"query-input\":{\"@type\":\"PropertyValueSpecification\",\"valueRequired\":true,\"valueName\":\"search_term_string\"}}],\"inLanguage\":\"ca\"},{\"@type\":\"Organization\",\"@id\":\"https:\\\/\\\/www.apen.es\\\/#organization\",\"name\":\"Apen: Soluciones inform\u00e1ticas\",\"url\":\"https:\\\/\\\/www.apen.es\\\/\",\"logo\":{\"@type\":\"ImageObject\",\"inLanguage\":\"ca\",\"@id\":\"https:\\\/\\\/www.apen.es\\\/#\\\/schema\\\/logo\\\/image\\\/\",\"url\":\"https:\\\/\\\/www.apen.es\\\/wp-content\\\/uploads\\\/2022\\\/08\\\/logo-apenok-231x82-1.png\",\"contentUrl\":\"https:\\\/\\\/www.apen.es\\\/wp-content\\\/uploads\\\/2022\\\/08\\\/logo-apenok-231x82-1.png\",\"width\":231,\"height\":82,\"caption\":\"Apen: Soluciones inform\u00e1ticas\"},\"image\":{\"@id\":\"https:\\\/\\\/www.apen.es\\\/#\\\/schema\\\/logo\\\/image\\\/\"},\"sameAs\":[\"https:\\\/\\\/www.facebook.com\\\/apensolucions\",\"https:\\\/\\\/www.youtube.com\\\/user\\\/ApenCentreInformatic\",\"https:\\\/\\\/www.linkedin.com\\\/company\\\/1021771?trk=tyah&trkInfo=clickedVerticalcompanyclickedEntityId1021771idx2-1-2tarId1464195271196tasapenin\"]}]}<\/script>\n<!-- \/ Yoast SEO plugin. -->","yoast_head_json":{"title":"Renting fotocopiadora HP Barcelona - Apen Inform\u00e1tica","description":"Alquiler y Renting de focopiadoras de la marca HP en Barcelona para peque\u00f1as y medianas empresas. Soluciones de impresi\u00f3n para PYMES. Conf\u00eda en Apen.","robots":{"index":"index","follow":"follow","max-snippet":"max-snippet:-1","max-image-preview":"max-image-preview:large","max-video-preview":"max-video-preview:-1"},"canonical":"https:\/\/www.apen.es\/ca\/fotocopiadora\/renting-fotocopiadora-hp\/renting-barcelona\/","og_locale":"ca_ES","og_type":"article","og_title":"Renting fotocopiadora HP Barcelona - Apen Inform\u00e1tica","og_description":"Alquiler y Renting de focopiadoras de la marca HP en Barcelona para peque\u00f1as y medianas empresas. Soluciones de impresi\u00f3n para PYMES. Conf\u00eda en Apen.","og_url":"https:\/\/www.apen.es\/ca\/fotocopiadora\/renting-fotocopiadora-hp\/renting-barcelona\/","og_site_name":"Apen Inform\u00e1tica","article_publisher":"https:\/\/www.facebook.com\/apensolucions","article_modified_time":"2025-05-23T08:06:34+00:00","og_image":[{"width":231,"height":82,"url":"https:\/\/www.apen.es\/wp-content\/uploads\/2016\/05\/logo-apen-231x82-trasparent.png","type":"image\/png"}],"twitter_card":"summary_large_image","twitter_misc":{"Temps estimat de lectura":"8 minuts"},"schema":{"@context":"https:\/\/schema.org","@graph":[{"@type":"WebPage","@id":"https:\/\/www.apen.es\/fotocopiadora\/renting-fotocopiadora-hp\/renting-barcelona\/","url":"https:\/\/www.apen.es\/fotocopiadora\/renting-fotocopiadora-hp\/renting-barcelona\/","name":"Renting fotocopiadora HP Barcelona - Apen Inform\u00e1tica","isPartOf":{"@id":"https:\/\/www.apen.es\/#website"},"datePublished":"2018-11-09T13:58:10+00:00","dateModified":"2025-05-23T08:06:34+00:00","description":"Alquiler y Renting de focopiadoras de la marca HP en Barcelona para peque\u00f1as y medianas empresas. Soluciones de impresi\u00f3n para PYMES. Conf\u00eda en Apen.","breadcrumb":{"@id":"https:\/\/www.apen.es\/fotocopiadora\/renting-fotocopiadora-hp\/renting-barcelona\/#breadcrumb"},"inLanguage":"ca","potentialAction":[{"@type":"ReadAction","target":["https:\/\/www.apen.es\/fotocopiadora\/renting-fotocopiadora-hp\/renting-barcelona\/"]}]},{"@type":"BreadcrumbList","@id":"https:\/\/www.apen.es\/fotocopiadora\/renting-fotocopiadora-hp\/renting-barcelona\/#breadcrumb","itemListElement":[{"@type":"ListItem","position":1,"name":"Portada","item":"https:\/\/www.apen.es\/"},{"@type":"ListItem","position":2,"name":"Fotocopiadora","item":"https:\/\/www.apen.es\/fotocopiadora\/"},{"@type":"ListItem","position":3,"name":"Renting fotocopiadora HP","item":"https:\/\/www.apen.es\/fotocopiadora\/renting-fotocopiadora-hp\/"},{"@type":"ListItem","position":4,"name":"Renting fotocopiadora HP Barcelona"}]},{"@type":"WebSite","@id":"https:\/\/www.apen.es\/#website","url":"https:\/\/www.apen.es\/","name":"Apen Inform\u00e0tica","description":"Manteniment inform\u00e0tic , programari de gesti\u00f3, solucions d&#039;impressi\u00f3","publisher":{"@id":"https:\/\/www.apen.es\/#organization"},"potentialAction":[{"@type":"SearchAction","target":{"@type":"EntryPoint","urlTemplate":"https:\/\/www.apen.es\/?s={search_term_string}"},"query-input":{"@type":"PropertyValueSpecification","valueRequired":true,"valueName":"search_term_string"}}],"inLanguage":"ca"},{"@type":"Organization","@id":"https:\/\/www.apen.es\/#organization","name":"Apen: Solucions inform\u00e0tiques","url":"https:\/\/www.apen.es\/","logo":{"@type":"ImageObject","inLanguage":"ca","@id":"https:\/\/www.apen.es\/#\/schema\/logo\/image\/","url":"https:\/\/www.apen.es\/wp-content\/uploads\/2022\/08\/logo-apenok-231x82-1.png","contentUrl":"https:\/\/www.apen.es\/wp-content\/uploads\/2022\/08\/logo-apenok-231x82-1.png","width":231,"height":82,"caption":"Apen: Soluciones inform\u00e1ticas"},"image":{"@id":"https:\/\/www.apen.es\/#\/schema\/logo\/image\/"},"sameAs":["https:\/\/www.facebook.com\/apensolucions","https:\/\/www.youtube.com\/user\/ApenCentreInformatic","https:\/\/www.linkedin.com\/company\/1021771?trk=tyah&trkInfo=clickedVerticalcompanyclickedEntityId1021771idx2-1-2tarId1464195271196tasapenin"]}]}},"taxonomy_info":[],"featured_image_src_large":false,"author_info":{"display_name":"marqueting","author_link":"https:\/\/www.apen.es\/ca\/blog\/author\/marqueting\/"},"comment_info":0,"_links":{"self":[{"href":"https:\/\/www.apen.es\/ca\/wp-json\/wp\/v2\/pages\/12260","targetHints":{"allow":["GET"]}}],"collection":[{"href":"https:\/\/www.apen.es\/ca\/wp-json\/wp\/v2\/pages"}],"about":[{"href":"https:\/\/www.apen.es\/ca\/wp-json\/wp\/v2\/types\/page"}],"author":[{"embeddable":true,"href":"https:\/\/www.apen.es\/ca\/wp-json\/wp\/v2\/users\/4"}],"replies":[{"embeddable":true,"href":"https:\/\/www.apen.es\/ca\/wp-json\/wp\/v2\/comments?post=12260"}],"version-history":[{"count":4,"href":"https:\/\/www.apen.es\/ca\/wp-json\/wp\/v2\/pages\/12260\/revisions"}],"predecessor-version":[{"id":54801,"href":"https:\/\/www.apen.es\/ca\/wp-json\/wp\/v2\/pages\/12260\/revisions\/54801"}],"up":[{"embeddable":true,"href":"https:\/\/www.apen.es\/ca\/wp-json\/wp\/v2\/pages\/12249"}],"wp:attachment":[{"href":"https:\/\/www.apen.es\/ca\/wp-json\/wp\/v2\/media?parent=12260"}],"curies":[{"name":"wp","href":"https:\/\/api.w.org\/{rel}","templated":true}]}}