{"id":12258,"date":"2018-11-09T13:54:05","date_gmt":"2018-11-09T13:54:05","guid":{"rendered":"https:\/\/www.apen.es\/?page_id=12258"},"modified":"2025-05-23T08:07:57","modified_gmt":"2025-05-23T08:07:57","slug":"renting-sabadell","status":"publish","type":"page","link":"https:\/\/www.apen.es\/ca\/fotocopiadora\/renting-fotocopiadora-hp\/renting-sabadell\/","title":{"rendered":"R\u00e8nting fotocopiadora HP Sabadell"},"content":{"rendered":"<p>Les impressores i&nbsp;<strong>fotocopiadores HP<\/strong>&nbsp;s\u00f3n una de les millors opcions del mercat, sobretot per a les empreses, ja que ofereixen una qualitat absoluta juntament amb una gran velocitat, per la qual cosa s\u00f3n equips tecnol\u00f2gics molt eficients, una caracter\u00edstica imprescindible per a totes les empreses que vulguin oferir un bon servei i vulguin ser efectives, per\u00f2 moltes vegades els preus tan elevats d&#039;aquests equips, s\u00f3n impensables per a algunes empreses, ja que no s&#039;ho poden permetre, ia m\u00e9s no ho poden permetre, ia m\u00e9s&nbsp;<strong>fotocopiadores<\/strong>, per\u00f2 tot i aix\u00ed volen gaudir de tots els beneficis que presten.<\/p>\n\n\n\n<p>Encara que pugui semblar impossible, hi ha una soluci\u00f3 a aquest problema, ja que a la nostra empresa Apen, on oferim les millors solucions d&#039;inform\u00e0tica i de tecnologia, us donem l&#039;opci\u00f3 del&nbsp;<strong>r\u00e8nting a Sabadell<\/strong>, que \u00e9s un servei en el qual no heu de comprar la&nbsp;<strong>fotocopiadora HP<\/strong>, sin\u00f3 que nom\u00e9s caldr\u00e0 que pagueu segons l&#039;\u00fas que feu, per la qual cosa podreu gaudir i beneficiar-vos de tots els avantatges d&#039;un equip de qualitat, sense la necessitat d&#039;haver de pagar una gran quantitat de diners.<\/p>\n\n\n\n<p>A Apen, us oferim una soluci\u00f3 d&#039;impressi\u00f3 molt efica\u00e7 i efectiva, en la qual nom\u00e9s pagareu pel que necessiteu, ja que perqu\u00e8 vol una empresa tenir un d&#039;aquests equips si no l&#039;utilitzareu tant com per amortitzar els diners invertits. D&#039;aquesta manera, est\u00e0 calculat i demostrat, que una empresa pot estalviar fins a un 30% a l&#039;any, ja que, amb el&nbsp;<strong>r\u00e8nting a Sabadell<\/strong>, nom\u00e9s haureu de pagar per cada c\u00f2pia.<\/p>\n\n\n\n<p>El servei del&nbsp;<strong>r\u00e8nting a Sabadell<\/strong>, ofereix moltes coses com per exemple, la instal\u00b7laci\u00f3 i la configuraci\u00f3 de la&nbsp;<strong>fotocopiadora HP<\/strong>&nbsp;o l&#039;equip que es desitgi, els consumibles i la seva gesti\u00f3, les peces i els recanvis que siguin necessaris en un futur, un servei d&#039;assist\u00e8ncia urgent que actua en menys de quatre hores, pr\u00e9stec d&#039;altres equips en cas d&#039;avaria, un manteniment preventiu cada cert temps, el servei de monitoritzaci\u00f3 remota i tota mena de reparacions i despla\u00e7aments fins a la vostra empresa. fotocopiar i imprimir i del consum el\u00e8ctric de la impressora.<\/p>\n\n\n\n<p>Si teniu algun dubte sobre si el&nbsp;<strong>r\u00e8nting a Sabadell<\/strong>&nbsp;\u00e9s una bona opci\u00f3 per a la vostra empresa, no dubteu en posar-vos en contacte amb nosaltres, ja que si una cosa ens importa de deb\u00f2 a Apen, s\u00f3n els nostres clients, per aix\u00f2 sempre ens prenem tot el temps necessari per con\u00e8ixer-los b\u00e9 i poder-los oferir la soluci\u00f3 que m\u00e9s s&#039;adapta al seu problema, i sempre garantint una gran qualitat, ja que ens agrada treballar de la m\u00e0 dels millors professionals.<\/p>","protected":false},"excerpt":{"rendered":"<p>Las impresoras y&nbsp;fotocopiadoras HP&nbsp;son una de las mejores opciones del mercado, sobre todo para las empresas, ya que ofrecen una calidad absoluta junto con una gran velocidad, por lo que son equipos tecnol\u00f3gicos muy eficientes, una caracter\u00edstica imprescindible para todas las empresas que quieran ofrecer un buen servicio y quieran ser efectivas, pero muchas veces&#8230;<\/p>","protected":false},"author":4,"featured_media":0,"parent":12249,"menu_order":0,"comment_status":"closed","ping_status":"closed","template":"page-renting-impresoras.php","meta":{"_acf_changed":false,"_kad_blocks_custom_css":"","_kad_blocks_head_custom_js":"","_kad_blocks_body_custom_js":"","_kad_blocks_footer_custom_js":"","_kad_post_transparent":"","_kad_post_title":"","_kad_post_layout":"","_kad_post_sidebar_id":"","_kad_post_content_style":"","_kad_post_vertical_padding":"","_kad_post_feature":"","_kad_post_feature_position":"","_kad_post_header":false,"_kad_post_footer":false,"_kad_post_classname":"","footnotes":""},"class_list":["post-12258","page","type-page","status-publish","hentry"],"acf":[],"yoast_head":"<!-- This site is optimized with the Yoast SEO plugin v27.4 - https:\/\/yoast.com\/product\/yoast-seo-wordpress\/ -->\n<title>Renting fotocopiadora HP Sabadell - Apen Inform\u00e1tica<\/title>\n<meta name=\"description\" content=\"Alquiler y Renting de focopiadoras de la marca HP en Sabadell para peque\u00f1as y medianas empresas. Soluciones de impresi\u00f3n para PYMES. Conf\u00eda en Apen.\" \/>\n<meta name=\"robots\" content=\"index, follow, max-snippet:-1, max-image-preview:large, max-video-preview:-1\" \/>\n<link rel=\"canonical\" href=\"https:\/\/www.apen.es\/ca\/fotocopiadora\/renting-fotocopiadora-hp\/renting-sabadell\/\" \/>\n<meta property=\"og:locale\" content=\"ca_ES\" \/>\n<meta property=\"og:type\" content=\"article\" \/>\n<meta property=\"og:title\" content=\"Renting fotocopiadora HP Sabadell - Apen Inform\u00e1tica\" \/>\n<meta property=\"og:description\" content=\"Alquiler y Renting de focopiadoras de la marca HP en Sabadell para peque\u00f1as y medianas empresas. Soluciones de impresi\u00f3n para PYMES. Conf\u00eda en Apen.\" \/>\n<meta property=\"og:url\" content=\"https:\/\/www.apen.es\/ca\/fotocopiadora\/renting-fotocopiadora-hp\/renting-sabadell\/\" \/>\n<meta property=\"og:site_name\" content=\"Apen Inform\u00e1tica\" \/>\n<meta property=\"article:publisher\" content=\"https:\/\/www.facebook.com\/apensolucions\" \/>\n<meta property=\"article:modified_time\" content=\"2025-05-23T08:07:57+00:00\" \/>\n<meta property=\"og:image\" content=\"https:\/\/www.apen.es\/wp-content\/uploads\/2016\/05\/logo-apen-231x82-trasparent.png\" \/>\n\t<meta property=\"og:image:width\" content=\"231\" \/>\n\t<meta property=\"og:image:height\" content=\"82\" \/>\n\t<meta property=\"og:image:type\" content=\"image\/png\" \/>\n<meta name=\"twitter:card\" content=\"summary_large_image\" \/>\n<meta name=\"twitter:label1\" content=\"Temps estimat de lectura\" \/>\n\t<meta name=\"twitter:data1\" content=\"8 minuts\" \/>\n<script type=\"application\/ld+json\" class=\"yoast-schema-graph\">{\"@context\":\"https:\\\/\\\/schema.org\",\"@graph\":[{\"@type\":\"WebPage\",\"@id\":\"https:\\\/\\\/www.apen.es\\\/fotocopiadora\\\/renting-fotocopiadora-hp\\\/renting-sabadell\\\/\",\"url\":\"https:\\\/\\\/www.apen.es\\\/fotocopiadora\\\/renting-fotocopiadora-hp\\\/renting-sabadell\\\/\",\"name\":\"Renting fotocopiadora HP Sabadell - Apen Inform\u00e1tica\",\"isPartOf\":{\"@id\":\"https:\\\/\\\/www.apen.es\\\/#website\"},\"datePublished\":\"2018-11-09T13:54:05+00:00\",\"dateModified\":\"2025-05-23T08:07:57+00:00\",\"description\":\"Alquiler y Renting de focopiadoras de la marca HP en Sabadell para peque\u00f1as y medianas empresas. Soluciones de impresi\u00f3n para PYMES. Conf\u00eda en Apen.\",\"breadcrumb\":{\"@id\":\"https:\\\/\\\/www.apen.es\\\/fotocopiadora\\\/renting-fotocopiadora-hp\\\/renting-sabadell\\\/#breadcrumb\"},\"inLanguage\":\"ca\",\"potentialAction\":[{\"@type\":\"ReadAction\",\"target\":[\"https:\\\/\\\/www.apen.es\\\/fotocopiadora\\\/renting-fotocopiadora-hp\\\/renting-sabadell\\\/\"]}]},{\"@type\":\"BreadcrumbList\",\"@id\":\"https:\\\/\\\/www.apen.es\\\/fotocopiadora\\\/renting-fotocopiadora-hp\\\/renting-sabadell\\\/#breadcrumb\",\"itemListElement\":[{\"@type\":\"ListItem\",\"position\":1,\"name\":\"Portada\",\"item\":\"https:\\\/\\\/www.apen.es\\\/\"},{\"@type\":\"ListItem\",\"position\":2,\"name\":\"Fotocopiadora\",\"item\":\"https:\\\/\\\/www.apen.es\\\/fotocopiadora\\\/\"},{\"@type\":\"ListItem\",\"position\":3,\"name\":\"Renting fotocopiadora HP\",\"item\":\"https:\\\/\\\/www.apen.es\\\/fotocopiadora\\\/renting-fotocopiadora-hp\\\/\"},{\"@type\":\"ListItem\",\"position\":4,\"name\":\"Renting fotocopiadora HP Sabadell\"}]},{\"@type\":\"WebSite\",\"@id\":\"https:\\\/\\\/www.apen.es\\\/#website\",\"url\":\"https:\\\/\\\/www.apen.es\\\/\",\"name\":\"Apen Inform\u00e1tica\",\"description\":\"Mantenimiento Inform\u00e1tico , Software de Gesti\u00f3n, Soluciones de impresi\u00f3n\",\"publisher\":{\"@id\":\"https:\\\/\\\/www.apen.es\\\/#organization\"},\"potentialAction\":[{\"@type\":\"SearchAction\",\"target\":{\"@type\":\"EntryPoint\",\"urlTemplate\":\"https:\\\/\\\/www.apen.es\\\/?s={search_term_string}\"},\"query-input\":{\"@type\":\"PropertyValueSpecification\",\"valueRequired\":true,\"valueName\":\"search_term_string\"}}],\"inLanguage\":\"ca\"},{\"@type\":\"Organization\",\"@id\":\"https:\\\/\\\/www.apen.es\\\/#organization\",\"name\":\"Apen: Soluciones inform\u00e1ticas\",\"url\":\"https:\\\/\\\/www.apen.es\\\/\",\"logo\":{\"@type\":\"ImageObject\",\"inLanguage\":\"ca\",\"@id\":\"https:\\\/\\\/www.apen.es\\\/#\\\/schema\\\/logo\\\/image\\\/\",\"url\":\"https:\\\/\\\/www.apen.es\\\/wp-content\\\/uploads\\\/2022\\\/08\\\/logo-apenok-231x82-1.png\",\"contentUrl\":\"https:\\\/\\\/www.apen.es\\\/wp-content\\\/uploads\\\/2022\\\/08\\\/logo-apenok-231x82-1.png\",\"width\":231,\"height\":82,\"caption\":\"Apen: Soluciones inform\u00e1ticas\"},\"image\":{\"@id\":\"https:\\\/\\\/www.apen.es\\\/#\\\/schema\\\/logo\\\/image\\\/\"},\"sameAs\":[\"https:\\\/\\\/www.facebook.com\\\/apensolucions\",\"https:\\\/\\\/www.youtube.com\\\/user\\\/ApenCentreInformatic\",\"https:\\\/\\\/www.linkedin.com\\\/company\\\/1021771?trk=tyah&trkInfo=clickedVerticalcompanyclickedEntityId1021771idx2-1-2tarId1464195271196tasapenin\"]}]}<\/script>\n<!-- \/ Yoast SEO plugin. -->","yoast_head_json":{"title":"R\u00e8nting fotocopiadora HP Sabadell - Apen Inform\u00e0tica","description":"Lloguer i Renting de focopiadores de la marca HP a Sabadell per a petites i mitjanes empreses. Solucions d&#039;impressi\u00f3 per a PIMES. Confia en Apen.","robots":{"index":"index","follow":"follow","max-snippet":"max-snippet:-1","max-image-preview":"max-image-preview:large","max-video-preview":"max-video-preview:-1"},"canonical":"https:\/\/www.apen.es\/ca\/fotocopiadora\/renting-fotocopiadora-hp\/renting-sabadell\/","og_locale":"ca_ES","og_type":"article","og_title":"Renting fotocopiadora HP Sabadell - Apen Inform\u00e1tica","og_description":"Alquiler y Renting de focopiadoras de la marca HP en Sabadell para peque\u00f1as y medianas empresas. Soluciones de impresi\u00f3n para PYMES. Conf\u00eda en Apen.","og_url":"https:\/\/www.apen.es\/ca\/fotocopiadora\/renting-fotocopiadora-hp\/renting-sabadell\/","og_site_name":"Apen Inform\u00e1tica","article_publisher":"https:\/\/www.facebook.com\/apensolucions","article_modified_time":"2025-05-23T08:07:57+00:00","og_image":[{"width":231,"height":82,"url":"https:\/\/www.apen.es\/wp-content\/uploads\/2016\/05\/logo-apen-231x82-trasparent.png","type":"image\/png"}],"twitter_card":"summary_large_image","twitter_misc":{"Temps estimat de lectura":"8 minuts"},"schema":{"@context":"https:\/\/schema.org","@graph":[{"@type":"WebPage","@id":"https:\/\/www.apen.es\/fotocopiadora\/renting-fotocopiadora-hp\/renting-sabadell\/","url":"https:\/\/www.apen.es\/fotocopiadora\/renting-fotocopiadora-hp\/renting-sabadell\/","name":"R\u00e8nting fotocopiadora HP Sabadell - Apen Inform\u00e0tica","isPartOf":{"@id":"https:\/\/www.apen.es\/#website"},"datePublished":"2018-11-09T13:54:05+00:00","dateModified":"2025-05-23T08:07:57+00:00","description":"Lloguer i Renting de focopiadores de la marca HP a Sabadell per a petites i mitjanes empreses. Solucions d&#039;impressi\u00f3 per a PIMES. Confia en Apen.","breadcrumb":{"@id":"https:\/\/www.apen.es\/fotocopiadora\/renting-fotocopiadora-hp\/renting-sabadell\/#breadcrumb"},"inLanguage":"ca","potentialAction":[{"@type":"ReadAction","target":["https:\/\/www.apen.es\/fotocopiadora\/renting-fotocopiadora-hp\/renting-sabadell\/"]}]},{"@type":"BreadcrumbList","@id":"https:\/\/www.apen.es\/fotocopiadora\/renting-fotocopiadora-hp\/renting-sabadell\/#breadcrumb","itemListElement":[{"@type":"ListItem","position":1,"name":"Portada","item":"https:\/\/www.apen.es\/"},{"@type":"ListItem","position":2,"name":"Fotocopiadora","item":"https:\/\/www.apen.es\/fotocopiadora\/"},{"@type":"ListItem","position":3,"name":"Renting fotocopiadora HP","item":"https:\/\/www.apen.es\/fotocopiadora\/renting-fotocopiadora-hp\/"},{"@type":"ListItem","position":4,"name":"Renting fotocopiadora HP Sabadell"}]},{"@type":"WebSite","@id":"https:\/\/www.apen.es\/#website","url":"https:\/\/www.apen.es\/","name":"Apen Inform\u00e0tica","description":"Manteniment inform\u00e0tic , programari de gesti\u00f3, solucions d&#039;impressi\u00f3","publisher":{"@id":"https:\/\/www.apen.es\/#organization"},"potentialAction":[{"@type":"SearchAction","target":{"@type":"EntryPoint","urlTemplate":"https:\/\/www.apen.es\/?s={search_term_string}"},"query-input":{"@type":"PropertyValueSpecification","valueRequired":true,"valueName":"search_term_string"}}],"inLanguage":"ca"},{"@type":"Organization","@id":"https:\/\/www.apen.es\/#organization","name":"Apen: Solucions inform\u00e0tiques","url":"https:\/\/www.apen.es\/","logo":{"@type":"ImageObject","inLanguage":"ca","@id":"https:\/\/www.apen.es\/#\/schema\/logo\/image\/","url":"https:\/\/www.apen.es\/wp-content\/uploads\/2022\/08\/logo-apenok-231x82-1.png","contentUrl":"https:\/\/www.apen.es\/wp-content\/uploads\/2022\/08\/logo-apenok-231x82-1.png","width":231,"height":82,"caption":"Apen: Soluciones inform\u00e1ticas"},"image":{"@id":"https:\/\/www.apen.es\/#\/schema\/logo\/image\/"},"sameAs":["https:\/\/www.facebook.com\/apensolucions","https:\/\/www.youtube.com\/user\/ApenCentreInformatic","https:\/\/www.linkedin.com\/company\/1021771?trk=tyah&trkInfo=clickedVerticalcompanyclickedEntityId1021771idx2-1-2tarId1464195271196tasapenin"]}]}},"taxonomy_info":[],"featured_image_src_large":false,"author_info":{"display_name":"marqueting","author_link":"https:\/\/www.apen.es\/ca\/blog\/author\/marqueting\/"},"comment_info":0,"_links":{"self":[{"href":"https:\/\/www.apen.es\/ca\/wp-json\/wp\/v2\/pages\/12258","targetHints":{"allow":["GET"]}}],"collection":[{"href":"https:\/\/www.apen.es\/ca\/wp-json\/wp\/v2\/pages"}],"about":[{"href":"https:\/\/www.apen.es\/ca\/wp-json\/wp\/v2\/types\/page"}],"author":[{"embeddable":true,"href":"https:\/\/www.apen.es\/ca\/wp-json\/wp\/v2\/users\/4"}],"replies":[{"embeddable":true,"href":"https:\/\/www.apen.es\/ca\/wp-json\/wp\/v2\/comments?post=12258"}],"version-history":[{"count":4,"href":"https:\/\/www.apen.es\/ca\/wp-json\/wp\/v2\/pages\/12258\/revisions"}],"predecessor-version":[{"id":54811,"href":"https:\/\/www.apen.es\/ca\/wp-json\/wp\/v2\/pages\/12258\/revisions\/54811"}],"up":[{"embeddable":true,"href":"https:\/\/www.apen.es\/ca\/wp-json\/wp\/v2\/pages\/12249"}],"wp:attachment":[{"href":"https:\/\/www.apen.es\/ca\/wp-json\/wp\/v2\/media?parent=12258"}],"curies":[{"name":"wp","href":"https:\/\/api.w.org\/{rel}","templated":true}]}}