{"id":12256,"date":"2018-11-09T13:49:33","date_gmt":"2018-11-09T13:49:33","guid":{"rendered":"https:\/\/www.apen.es\/?page_id=12256"},"modified":"2025-05-23T08:05:53","modified_gmt":"2025-05-23T08:05:53","slug":"renting-fotocopiadora-kyocera","status":"publish","type":"page","link":"https:\/\/www.apen.es\/ca\/fotocopiadora\/renting-fotocopiadora-kyocera\/","title":{"rendered":"R\u00e8nting fotocopiadora Kyocera"},"content":{"rendered":"<p>A totes les oficines i negocis cal disposar d&#039;una s\u00e8rie de dispositius d&#039;impressi\u00f3 que faciliten el trasp\u00e0s de documents o obtenir algun tipus d&#039;informaci\u00f3 important. La majoria d&#039;aquestes empreses solen necessitar els dispositius m\u00e9s potents del mercat, per\u00f2 no en tenen a causa del seu alt preu. Per aquest motiu, la nostra empresa ofereix a tots aquells clients que ho requereixin un servei de&nbsp;<strong>r\u00e8nting de fotocopiadores Kyocera<\/strong>. En aquest servei podreu gaudir de totes les funcions d&#039;un dispositiu d&#039;\u00faltima generaci\u00f3 sense haver de comprar-lo ni carregar-lo amb reparacions imprevistes.<\/p>\n\n\n\n<p>Tant grans com petites empreses poden gaudir d\u00b4aquest servei que ofereix la nostra empresa, ja que el nostre objectiu \u00e9s oferir solucions d\u00b4impressi\u00f3 a tots aquells clients que ho necessitin. El millor del servei del&nbsp;<strong>r\u00e8nting de fotocopiadores Kyocera<\/strong>&nbsp;\u00e9s que no requereix un gran cost per part del client, \u00e9s a dir, el manteniment \u00e9s a c\u00e0rrec de la nostra empresa, aix\u00ed com tota mena peces o m\u00e0 d&#039;obra que sigui necess\u00e0ria per a qualsevol arranjament. L&#039;\u00fanic que haur\u00e0 de fer el client \u00e9s pagar una quota mensual que s&#039;haur\u00e0 establert per ambdues parts i tenint en compte el nombre d&#039;impressions que sol fer. Gr\u00e0cies a aix\u00f2, el client no tindr\u00e0 cap despesa imprevista mentre gaudiu d&#039;un dispositiu d&#039;impressi\u00f3 de m\u00e0xima qualitat.<\/p>\n\n\n\n<p>El nostre equip de professionals s&#039;encarrega d&#039;oferir, de manera personalitzada, el tipus de&nbsp;<strong>r\u00e8nting de fotocopiadora Kyocera<\/strong>&nbsp;que sigui millor per a cada tipus de client. D&#039;aquesta manera, tamb\u00e9 us ajudarem a treure el m\u00e0xim profit al dispositiu que us lliurem, per tal que la vostra empresa sigui m\u00e9s r\u00e0pida i eficient. Aquests canvis es reflectiran directament a les vendes i relaci\u00f3 amb el client. D&#039;aquesta manera, el nostre objectiu \u00e9s facilitar tot tipus de solucions d&#039;impressi\u00f3 al m\u00e0xim d&#039;empreses possible. Per complir amb la nostra finalitat, a Apen treballem amb marques l\u00edders al mercat que ens ofereixen els millors productes de qualitat. Si mirem el nostre cat\u00e0leg, podrem veure que tots els productes que oferim atenen uns est\u00e0ndards de qualitat imprescindibles per als nostres clients.<\/p>\n\n\n\n<p>Tots els clients que han gaudit fins ara dels nostres productes i serveis han quedat totalment satisfets, per aquesta ra\u00f3, nosaltres seguim confiant en les marques presents al nostre cat\u00e0leg de productes, aix\u00ed com al nostre gran equip que es dedica a oferir, dia rere dia, el millor assessorament a tots i cadascun dels nostres clients. Si voleu saber m\u00e9s sobre el nostre&nbsp;<strong>r\u00e8nting de fotocopiadores Kyocera<\/strong>&nbsp;o sobre la nostra empresa, no dubteu a posar-vos en contacte amb nosaltres. A m\u00e9s, si voleu rebre qualsevol tipus d&#039;informaci\u00f3, podeu demanar-la sense cap tipus de comprom\u00eds.<\/p>","protected":false},"excerpt":{"rendered":"<p>En todas las oficinas y negocios es necesario disponer de una serie de dispositivos de impresi\u00f3n que facilitan el traspaso de documentos o la obtenci\u00f3n de alg\u00fan tipo de informaci\u00f3n importante. La mayor\u00eda de estas empresas suelen necesitar los dispositivos m\u00e1s potentes del mercado, pero no los tienen debido a su alto precio. Por este&#8230;<\/p>","protected":false},"author":4,"featured_media":0,"parent":12238,"menu_order":0,"comment_status":"closed","ping_status":"closed","template":"page-renting-impresoras.php","meta":{"_acf_changed":false,"_kad_blocks_custom_css":"","_kad_blocks_head_custom_js":"","_kad_blocks_body_custom_js":"","_kad_blocks_footer_custom_js":"","_kad_post_transparent":"","_kad_post_title":"","_kad_post_layout":"","_kad_post_sidebar_id":"","_kad_post_content_style":"","_kad_post_vertical_padding":"","_kad_post_feature":"","_kad_post_feature_position":"","_kad_post_header":false,"_kad_post_footer":false,"_kad_post_classname":"","footnotes":""},"class_list":["post-12256","page","type-page","status-publish","hentry"],"acf":[],"yoast_head":"<!-- This site is optimized with the Yoast SEO plugin v27.4 - https:\/\/yoast.com\/product\/yoast-seo-wordpress\/ -->\n<title>Renting fotocopiadora Kyocera - Apen Inform\u00e1tica<\/title>\n<meta name=\"description\" content=\"Alquiler y Renting de focopiadoras de la marca Kyocera para peque\u00f1as y medianas empresas. Soluciones de impresi\u00f3n para PYMES. Conf\u00eda en Apen.\" \/>\n<meta name=\"robots\" content=\"index, follow, max-snippet:-1, max-image-preview:large, max-video-preview:-1\" \/>\n<link rel=\"canonical\" href=\"https:\/\/www.apen.es\/ca\/fotocopiadora\/renting-fotocopiadora-kyocera\/\" \/>\n<meta property=\"og:locale\" content=\"ca_ES\" \/>\n<meta property=\"og:type\" content=\"article\" \/>\n<meta property=\"og:title\" content=\"Renting fotocopiadora Kyocera - Apen Inform\u00e1tica\" \/>\n<meta property=\"og:description\" content=\"Alquiler y Renting de focopiadoras de la marca Kyocera para peque\u00f1as y medianas empresas. Soluciones de impresi\u00f3n para PYMES. Conf\u00eda en Apen.\" \/>\n<meta property=\"og:url\" content=\"https:\/\/www.apen.es\/ca\/fotocopiadora\/renting-fotocopiadora-kyocera\/\" \/>\n<meta property=\"og:site_name\" content=\"Apen Inform\u00e1tica\" \/>\n<meta property=\"article:publisher\" content=\"https:\/\/www.facebook.com\/apensolucions\" \/>\n<meta property=\"article:modified_time\" content=\"2025-05-23T08:05:53+00:00\" \/>\n<meta property=\"og:image\" content=\"https:\/\/www.apen.es\/wp-content\/uploads\/2016\/05\/logo-apen-231x82-trasparent.png\" \/>\n\t<meta property=\"og:image:width\" content=\"231\" \/>\n\t<meta property=\"og:image:height\" content=\"82\" \/>\n\t<meta property=\"og:image:type\" content=\"image\/png\" \/>\n<meta name=\"twitter:card\" content=\"summary_large_image\" \/>\n<meta name=\"twitter:label1\" content=\"Temps estimat de lectura\" \/>\n\t<meta name=\"twitter:data1\" content=\"7 minuts\" \/>\n<script type=\"application\/ld+json\" class=\"yoast-schema-graph\">{\"@context\":\"https:\\\/\\\/schema.org\",\"@graph\":[{\"@type\":\"WebPage\",\"@id\":\"https:\\\/\\\/www.apen.es\\\/fotocopiadora\\\/renting-fotocopiadora-kyocera\\\/\",\"url\":\"https:\\\/\\\/www.apen.es\\\/fotocopiadora\\\/renting-fotocopiadora-kyocera\\\/\",\"name\":\"Renting fotocopiadora Kyocera - Apen Inform\u00e1tica\",\"isPartOf\":{\"@id\":\"https:\\\/\\\/www.apen.es\\\/#website\"},\"datePublished\":\"2018-11-09T13:49:33+00:00\",\"dateModified\":\"2025-05-23T08:05:53+00:00\",\"description\":\"Alquiler y Renting de focopiadoras de la marca Kyocera para peque\u00f1as y medianas empresas. Soluciones de impresi\u00f3n para PYMES. Conf\u00eda en Apen.\",\"breadcrumb\":{\"@id\":\"https:\\\/\\\/www.apen.es\\\/fotocopiadora\\\/renting-fotocopiadora-kyocera\\\/#breadcrumb\"},\"inLanguage\":\"ca\",\"potentialAction\":[{\"@type\":\"ReadAction\",\"target\":[\"https:\\\/\\\/www.apen.es\\\/fotocopiadora\\\/renting-fotocopiadora-kyocera\\\/\"]}]},{\"@type\":\"BreadcrumbList\",\"@id\":\"https:\\\/\\\/www.apen.es\\\/fotocopiadora\\\/renting-fotocopiadora-kyocera\\\/#breadcrumb\",\"itemListElement\":[{\"@type\":\"ListItem\",\"position\":1,\"name\":\"Portada\",\"item\":\"https:\\\/\\\/www.apen.es\\\/\"},{\"@type\":\"ListItem\",\"position\":2,\"name\":\"Fotocopiadora\",\"item\":\"https:\\\/\\\/www.apen.es\\\/fotocopiadora\\\/\"},{\"@type\":\"ListItem\",\"position\":3,\"name\":\"Renting fotocopiadora Kyocera\"}]},{\"@type\":\"WebSite\",\"@id\":\"https:\\\/\\\/www.apen.es\\\/#website\",\"url\":\"https:\\\/\\\/www.apen.es\\\/\",\"name\":\"Apen Inform\u00e1tica\",\"description\":\"Mantenimiento Inform\u00e1tico , Software de Gesti\u00f3n, Soluciones de impresi\u00f3n\",\"publisher\":{\"@id\":\"https:\\\/\\\/www.apen.es\\\/#organization\"},\"potentialAction\":[{\"@type\":\"SearchAction\",\"target\":{\"@type\":\"EntryPoint\",\"urlTemplate\":\"https:\\\/\\\/www.apen.es\\\/?s={search_term_string}\"},\"query-input\":{\"@type\":\"PropertyValueSpecification\",\"valueRequired\":true,\"valueName\":\"search_term_string\"}}],\"inLanguage\":\"ca\"},{\"@type\":\"Organization\",\"@id\":\"https:\\\/\\\/www.apen.es\\\/#organization\",\"name\":\"Apen: Soluciones inform\u00e1ticas\",\"url\":\"https:\\\/\\\/www.apen.es\\\/\",\"logo\":{\"@type\":\"ImageObject\",\"inLanguage\":\"ca\",\"@id\":\"https:\\\/\\\/www.apen.es\\\/#\\\/schema\\\/logo\\\/image\\\/\",\"url\":\"https:\\\/\\\/www.apen.es\\\/wp-content\\\/uploads\\\/2022\\\/08\\\/logo-apenok-231x82-1.png\",\"contentUrl\":\"https:\\\/\\\/www.apen.es\\\/wp-content\\\/uploads\\\/2022\\\/08\\\/logo-apenok-231x82-1.png\",\"width\":231,\"height\":82,\"caption\":\"Apen: Soluciones inform\u00e1ticas\"},\"image\":{\"@id\":\"https:\\\/\\\/www.apen.es\\\/#\\\/schema\\\/logo\\\/image\\\/\"},\"sameAs\":[\"https:\\\/\\\/www.facebook.com\\\/apensolucions\",\"https:\\\/\\\/www.youtube.com\\\/user\\\/ApenCentreInformatic\",\"https:\\\/\\\/www.linkedin.com\\\/company\\\/1021771?trk=tyah&trkInfo=clickedVerticalcompanyclickedEntityId1021771idx2-1-2tarId1464195271196tasapenin\"]}]}<\/script>\n<!-- \/ Yoast SEO plugin. -->","yoast_head_json":{"title":"Renting fotocopiadora Kyocera - Apen Inform\u00e1tica","description":"Alquiler y Renting de focopiadoras de la marca Kyocera para peque\u00f1as y medianas empresas. Soluciones de impresi\u00f3n para PYMES. Conf\u00eda en Apen.","robots":{"index":"index","follow":"follow","max-snippet":"max-snippet:-1","max-image-preview":"max-image-preview:large","max-video-preview":"max-video-preview:-1"},"canonical":"https:\/\/www.apen.es\/ca\/fotocopiadora\/renting-fotocopiadora-kyocera\/","og_locale":"ca_ES","og_type":"article","og_title":"Renting fotocopiadora Kyocera - Apen Inform\u00e1tica","og_description":"Alquiler y Renting de focopiadoras de la marca Kyocera para peque\u00f1as y medianas empresas. Soluciones de impresi\u00f3n para PYMES. Conf\u00eda en Apen.","og_url":"https:\/\/www.apen.es\/ca\/fotocopiadora\/renting-fotocopiadora-kyocera\/","og_site_name":"Apen Inform\u00e1tica","article_publisher":"https:\/\/www.facebook.com\/apensolucions","article_modified_time":"2025-05-23T08:05:53+00:00","og_image":[{"width":231,"height":82,"url":"https:\/\/www.apen.es\/wp-content\/uploads\/2016\/05\/logo-apen-231x82-trasparent.png","type":"image\/png"}],"twitter_card":"summary_large_image","twitter_misc":{"Temps estimat de lectura":"7 minuts"},"schema":{"@context":"https:\/\/schema.org","@graph":[{"@type":"WebPage","@id":"https:\/\/www.apen.es\/fotocopiadora\/renting-fotocopiadora-kyocera\/","url":"https:\/\/www.apen.es\/fotocopiadora\/renting-fotocopiadora-kyocera\/","name":"Renting fotocopiadora Kyocera - Apen Inform\u00e1tica","isPartOf":{"@id":"https:\/\/www.apen.es\/#website"},"datePublished":"2018-11-09T13:49:33+00:00","dateModified":"2025-05-23T08:05:53+00:00","description":"Alquiler y Renting de focopiadoras de la marca Kyocera para peque\u00f1as y medianas empresas. Soluciones de impresi\u00f3n para PYMES. Conf\u00eda en Apen.","breadcrumb":{"@id":"https:\/\/www.apen.es\/fotocopiadora\/renting-fotocopiadora-kyocera\/#breadcrumb"},"inLanguage":"ca","potentialAction":[{"@type":"ReadAction","target":["https:\/\/www.apen.es\/fotocopiadora\/renting-fotocopiadora-kyocera\/"]}]},{"@type":"BreadcrumbList","@id":"https:\/\/www.apen.es\/fotocopiadora\/renting-fotocopiadora-kyocera\/#breadcrumb","itemListElement":[{"@type":"ListItem","position":1,"name":"Portada","item":"https:\/\/www.apen.es\/"},{"@type":"ListItem","position":2,"name":"Fotocopiadora","item":"https:\/\/www.apen.es\/fotocopiadora\/"},{"@type":"ListItem","position":3,"name":"Renting fotocopiadora Kyocera"}]},{"@type":"WebSite","@id":"https:\/\/www.apen.es\/#website","url":"https:\/\/www.apen.es\/","name":"Apen Inform\u00e0tica","description":"Manteniment inform\u00e0tic , programari de gesti\u00f3, solucions d&#039;impressi\u00f3","publisher":{"@id":"https:\/\/www.apen.es\/#organization"},"potentialAction":[{"@type":"SearchAction","target":{"@type":"EntryPoint","urlTemplate":"https:\/\/www.apen.es\/?s={search_term_string}"},"query-input":{"@type":"PropertyValueSpecification","valueRequired":true,"valueName":"search_term_string"}}],"inLanguage":"ca"},{"@type":"Organization","@id":"https:\/\/www.apen.es\/#organization","name":"Apen: Solucions inform\u00e0tiques","url":"https:\/\/www.apen.es\/","logo":{"@type":"ImageObject","inLanguage":"ca","@id":"https:\/\/www.apen.es\/#\/schema\/logo\/image\/","url":"https:\/\/www.apen.es\/wp-content\/uploads\/2022\/08\/logo-apenok-231x82-1.png","contentUrl":"https:\/\/www.apen.es\/wp-content\/uploads\/2022\/08\/logo-apenok-231x82-1.png","width":231,"height":82,"caption":"Apen: Soluciones inform\u00e1ticas"},"image":{"@id":"https:\/\/www.apen.es\/#\/schema\/logo\/image\/"},"sameAs":["https:\/\/www.facebook.com\/apensolucions","https:\/\/www.youtube.com\/user\/ApenCentreInformatic","https:\/\/www.linkedin.com\/company\/1021771?trk=tyah&trkInfo=clickedVerticalcompanyclickedEntityId1021771idx2-1-2tarId1464195271196tasapenin"]}]}},"taxonomy_info":[],"featured_image_src_large":false,"author_info":{"display_name":"marqueting","author_link":"https:\/\/www.apen.es\/ca\/blog\/author\/marqueting\/"},"comment_info":0,"_links":{"self":[{"href":"https:\/\/www.apen.es\/ca\/wp-json\/wp\/v2\/pages\/12256","targetHints":{"allow":["GET"]}}],"collection":[{"href":"https:\/\/www.apen.es\/ca\/wp-json\/wp\/v2\/pages"}],"about":[{"href":"https:\/\/www.apen.es\/ca\/wp-json\/wp\/v2\/types\/page"}],"author":[{"embeddable":true,"href":"https:\/\/www.apen.es\/ca\/wp-json\/wp\/v2\/users\/4"}],"replies":[{"embeddable":true,"href":"https:\/\/www.apen.es\/ca\/wp-json\/wp\/v2\/comments?post=12256"}],"version-history":[{"count":4,"href":"https:\/\/www.apen.es\/ca\/wp-json\/wp\/v2\/pages\/12256\/revisions"}],"predecessor-version":[{"id":54793,"href":"https:\/\/www.apen.es\/ca\/wp-json\/wp\/v2\/pages\/12256\/revisions\/54793"}],"up":[{"embeddable":true,"href":"https:\/\/www.apen.es\/ca\/wp-json\/wp\/v2\/pages\/12238"}],"wp:attachment":[{"href":"https:\/\/www.apen.es\/ca\/wp-json\/wp\/v2\/media?parent=12256"}],"curies":[{"name":"wp","href":"https:\/\/api.w.org\/{rel}","templated":true}]}}