{"id":12253,"date":"2018-11-09T13:46:17","date_gmt":"2018-11-09T13:46:17","guid":{"rendered":"https:\/\/www.apen.es\/?page_id=12253"},"modified":"2025-05-23T08:05:56","modified_gmt":"2025-05-23T08:05:56","slug":"renting-fotocopiadora-oki","status":"publish","type":"page","link":"https:\/\/www.apen.es\/ca\/fotocopiadora\/renting-fotocopiadora-oki\/","title":{"rendered":"R\u00e8nting fotocopiadora OKI"},"content":{"rendered":"<p>Totes les empreses que estan creixent i necessiten disposar d&#039;aparells de m\u00e0xima qualitat a preus assequibles, actualment ho podran fer gr\u00e0cies al nostre servei de&nbsp;<strong>r\u00e8nting de<\/strong>&nbsp;<strong>fotocopiadores OKI<\/strong>. Aquest servei est\u00e0 molt demandat entre les empreses del sector, ja que ofereix infinitat de beneficis sense suposar una despesa desorbitada. El nostre objectiu \u00e9s que, fins i tot els negocis m\u00e9s petits puguin disposar de la tecnologia m\u00e9s innovadora sense necessitat de comprar-la i carregar amb les despeses que aix\u00f2 comporta. A m\u00e9s, disposareu del nostre assessorament en tot moment i us ajudarem a treure-li el m\u00e0xim profit en totes les situacions en qu\u00e8 necessiteu utilitzar el dispositiu.<\/p>\n\n\n\n<p>El principal avantatge que porta moltes empreses a contractar el nostre servei de&nbsp;<strong>r\u00e8nting de<\/strong>&nbsp;<strong>fotocopiadora OKI<\/strong>&nbsp;\u00e9s que no s&#039;haur\u00e0 de preocupar pel seu manteniment. Aquest factor ser\u00e0 totalment responsabilitat nostra sempre que el problema s&#039;hagi produ\u00eft a causa de l&#039;\u00fas. Encara que no ho sembli, les empreses que utilitzin aquest servei s&#039;estalviaran molts diners i estr\u00e8s en no haver de carregar aquest tipus de problemes. Nosaltres ens encarregarem de reparar-la, comprar els recanvis i utilitzar tota la m\u00e0 d&#039;obra sigui necessari per dur a terme la reparaci\u00f3.<\/p>\n\n\n\n<p>Com hem dit anteriorment, totes les empreses que vulguin, podran accedir a aquest servei de&nbsp;<strong>r\u00e8nting de fotocopiadora OKI<\/strong>, aix\u00f2 \u00e9s degut al fet que \u00fanicament hauran de pagar mensualment una quantitat ja establerta per ambdues parts. Aquest servei \u00e9s ideal per a aquelles empreses que no es puguin permetre tenir despeses no esperades o perdre un aparell tan important en una oficina. En el cas que el dispositiu es faci malb\u00e9 nosaltres ens encarregarem de tot all\u00f2 relacionat sense que el client s&#039;hagi de preocupar o perdi rapidesa en els seus serveis. Cal destacar que aquest tipus d&#039;aparells s\u00f3n imprescindibles a les oficines, per la qual cosa disposar-ne un de m\u00e0xima qualitat pot ser ideal per a tot tipus de gestions empresarials.<\/p>\n\n\n\n<p>A Apen nom\u00e9s comercialitzem amb productes de primera qualitat i que disposin de la tecnologia m\u00e9s sofisticada. Per aquest motiu, comptem amb les empreses capdavanteres del mercat tecnol\u00f2gic per proveir les necessitats de tots els nostres clients. A m\u00e9s, el nostre gran equip de professionals es dedica a assessorar personalment a tots i cadascun dels nostres clients perqu\u00e8 escullin el servei que m\u00e9s at\u00e9n les seves necessitats, entre els quals hi ha el servei de&nbsp;<strong>r\u00e8nting de fotocopiadores OKI<\/strong>, entre molts altres.<\/p>\n\n\n\n<p>En el cas que vulgueu saber m\u00e9s sobre el nostre&nbsp;<strong>r\u00e8nting de fotocopiadores OKI<\/strong>&nbsp;o sobre qualsevol altre servei o empresa de comercialitzaci\u00f3, no dubti en posar-se en contacte amb nosaltres, estarem encantats d&#039;atendre&#039;l. A m\u00e9s, us oferirem tota la informaci\u00f3 que requereixi sense cap tipus de comprom\u00eds previ.<\/p>","protected":false},"excerpt":{"rendered":"<p>Todas las empresas que est\u00e1n creciendo y necesitan disponer de aparatos de m\u00e1xima calidad a precios asequibles, actualmente lo podr\u00e1n hacer gracias a nuestro servicio de&nbsp;renting de&nbsp;fotocopiadoras OKI. Este servicio est\u00e1 muy demandado entre las empresas del sector, ya que ofrece infinidad de beneficios sin suponer un gasto desorbitado. Nuestro objetivo es que, hasta los&#8230;<\/p>","protected":false},"author":4,"featured_media":0,"parent":12238,"menu_order":0,"comment_status":"closed","ping_status":"closed","template":"page-renting-impresoras.php","meta":{"_acf_changed":false,"_kad_blocks_custom_css":"","_kad_blocks_head_custom_js":"","_kad_blocks_body_custom_js":"","_kad_blocks_footer_custom_js":"","_kad_post_transparent":"","_kad_post_title":"","_kad_post_layout":"","_kad_post_sidebar_id":"","_kad_post_content_style":"","_kad_post_vertical_padding":"","_kad_post_feature":"","_kad_post_feature_position":"","_kad_post_header":false,"_kad_post_footer":false,"_kad_post_classname":"","footnotes":""},"class_list":["post-12253","page","type-page","status-publish","hentry"],"acf":[],"yoast_head":"<!-- This site is optimized with the Yoast SEO plugin v27.4 - https:\/\/yoast.com\/product\/yoast-seo-wordpress\/ -->\n<title>Renting fotocopiadora OKI - Apen Inform\u00e1tica<\/title>\n<meta name=\"description\" content=\"Alquiler y Renting de focopiadoras de la marca OKI para peque\u00f1as y medianas empresas. Soluciones de impresi\u00f3n para PYMES. Conf\u00eda en Apen.\" \/>\n<meta name=\"robots\" content=\"index, follow, max-snippet:-1, max-image-preview:large, max-video-preview:-1\" \/>\n<link rel=\"canonical\" href=\"https:\/\/www.apen.es\/ca\/fotocopiadora\/renting-fotocopiadora-oki\/\" \/>\n<meta property=\"og:locale\" content=\"ca_ES\" \/>\n<meta property=\"og:type\" content=\"article\" \/>\n<meta property=\"og:title\" content=\"Renting fotocopiadora OKI - Apen Inform\u00e1tica\" \/>\n<meta property=\"og:description\" content=\"Alquiler y Renting de focopiadoras de la marca OKI para peque\u00f1as y medianas empresas. Soluciones de impresi\u00f3n para PYMES. Conf\u00eda en Apen.\" \/>\n<meta property=\"og:url\" content=\"https:\/\/www.apen.es\/ca\/fotocopiadora\/renting-fotocopiadora-oki\/\" \/>\n<meta property=\"og:site_name\" content=\"Apen Inform\u00e1tica\" \/>\n<meta property=\"article:publisher\" content=\"https:\/\/www.facebook.com\/apensolucions\" \/>\n<meta property=\"article:modified_time\" content=\"2025-05-23T08:05:56+00:00\" \/>\n<meta property=\"og:image\" content=\"https:\/\/www.apen.es\/wp-content\/uploads\/2016\/05\/logo-apen-231x82-trasparent.png\" \/>\n\t<meta property=\"og:image:width\" content=\"231\" \/>\n\t<meta property=\"og:image:height\" content=\"82\" \/>\n\t<meta property=\"og:image:type\" content=\"image\/png\" \/>\n<meta name=\"twitter:card\" content=\"summary_large_image\" \/>\n<meta name=\"twitter:label1\" content=\"Temps estimat de lectura\" \/>\n\t<meta name=\"twitter:data1\" content=\"7 minuts\" \/>\n<script type=\"application\/ld+json\" class=\"yoast-schema-graph\">{\"@context\":\"https:\\\/\\\/schema.org\",\"@graph\":[{\"@type\":\"WebPage\",\"@id\":\"https:\\\/\\\/www.apen.es\\\/fotocopiadora\\\/renting-fotocopiadora-oki\\\/\",\"url\":\"https:\\\/\\\/www.apen.es\\\/fotocopiadora\\\/renting-fotocopiadora-oki\\\/\",\"name\":\"Renting fotocopiadora OKI - Apen Inform\u00e1tica\",\"isPartOf\":{\"@id\":\"https:\\\/\\\/www.apen.es\\\/#website\"},\"datePublished\":\"2018-11-09T13:46:17+00:00\",\"dateModified\":\"2025-05-23T08:05:56+00:00\",\"description\":\"Alquiler y Renting de focopiadoras de la marca OKI para peque\u00f1as y medianas empresas. Soluciones de impresi\u00f3n para PYMES. Conf\u00eda en Apen.\",\"breadcrumb\":{\"@id\":\"https:\\\/\\\/www.apen.es\\\/fotocopiadora\\\/renting-fotocopiadora-oki\\\/#breadcrumb\"},\"inLanguage\":\"ca\",\"potentialAction\":[{\"@type\":\"ReadAction\",\"target\":[\"https:\\\/\\\/www.apen.es\\\/fotocopiadora\\\/renting-fotocopiadora-oki\\\/\"]}]},{\"@type\":\"BreadcrumbList\",\"@id\":\"https:\\\/\\\/www.apen.es\\\/fotocopiadora\\\/renting-fotocopiadora-oki\\\/#breadcrumb\",\"itemListElement\":[{\"@type\":\"ListItem\",\"position\":1,\"name\":\"Portada\",\"item\":\"https:\\\/\\\/www.apen.es\\\/\"},{\"@type\":\"ListItem\",\"position\":2,\"name\":\"Fotocopiadora\",\"item\":\"https:\\\/\\\/www.apen.es\\\/fotocopiadora\\\/\"},{\"@type\":\"ListItem\",\"position\":3,\"name\":\"Renting fotocopiadora OKI\"}]},{\"@type\":\"WebSite\",\"@id\":\"https:\\\/\\\/www.apen.es\\\/#website\",\"url\":\"https:\\\/\\\/www.apen.es\\\/\",\"name\":\"Apen Inform\u00e1tica\",\"description\":\"Mantenimiento Inform\u00e1tico , Software de Gesti\u00f3n, Soluciones de impresi\u00f3n\",\"publisher\":{\"@id\":\"https:\\\/\\\/www.apen.es\\\/#organization\"},\"potentialAction\":[{\"@type\":\"SearchAction\",\"target\":{\"@type\":\"EntryPoint\",\"urlTemplate\":\"https:\\\/\\\/www.apen.es\\\/?s={search_term_string}\"},\"query-input\":{\"@type\":\"PropertyValueSpecification\",\"valueRequired\":true,\"valueName\":\"search_term_string\"}}],\"inLanguage\":\"ca\"},{\"@type\":\"Organization\",\"@id\":\"https:\\\/\\\/www.apen.es\\\/#organization\",\"name\":\"Apen: Soluciones inform\u00e1ticas\",\"url\":\"https:\\\/\\\/www.apen.es\\\/\",\"logo\":{\"@type\":\"ImageObject\",\"inLanguage\":\"ca\",\"@id\":\"https:\\\/\\\/www.apen.es\\\/#\\\/schema\\\/logo\\\/image\\\/\",\"url\":\"https:\\\/\\\/www.apen.es\\\/wp-content\\\/uploads\\\/2022\\\/08\\\/logo-apenok-231x82-1.png\",\"contentUrl\":\"https:\\\/\\\/www.apen.es\\\/wp-content\\\/uploads\\\/2022\\\/08\\\/logo-apenok-231x82-1.png\",\"width\":231,\"height\":82,\"caption\":\"Apen: Soluciones inform\u00e1ticas\"},\"image\":{\"@id\":\"https:\\\/\\\/www.apen.es\\\/#\\\/schema\\\/logo\\\/image\\\/\"},\"sameAs\":[\"https:\\\/\\\/www.facebook.com\\\/apensolucions\",\"https:\\\/\\\/www.youtube.com\\\/user\\\/ApenCentreInformatic\",\"https:\\\/\\\/www.linkedin.com\\\/company\\\/1021771?trk=tyah&trkInfo=clickedVerticalcompanyclickedEntityId1021771idx2-1-2tarId1464195271196tasapenin\"]}]}<\/script>\n<!-- \/ Yoast SEO plugin. -->","yoast_head_json":{"title":"Renting fotocopiadora OKI - Apen Inform\u00e1tica","description":"Alquiler y Renting de focopiadoras de la marca OKI para peque\u00f1as y medianas empresas. Soluciones de impresi\u00f3n para PYMES. Conf\u00eda en Apen.","robots":{"index":"index","follow":"follow","max-snippet":"max-snippet:-1","max-image-preview":"max-image-preview:large","max-video-preview":"max-video-preview:-1"},"canonical":"https:\/\/www.apen.es\/ca\/fotocopiadora\/renting-fotocopiadora-oki\/","og_locale":"ca_ES","og_type":"article","og_title":"Renting fotocopiadora OKI - Apen Inform\u00e1tica","og_description":"Alquiler y Renting de focopiadoras de la marca OKI para peque\u00f1as y medianas empresas. Soluciones de impresi\u00f3n para PYMES. Conf\u00eda en Apen.","og_url":"https:\/\/www.apen.es\/ca\/fotocopiadora\/renting-fotocopiadora-oki\/","og_site_name":"Apen Inform\u00e1tica","article_publisher":"https:\/\/www.facebook.com\/apensolucions","article_modified_time":"2025-05-23T08:05:56+00:00","og_image":[{"width":231,"height":82,"url":"https:\/\/www.apen.es\/wp-content\/uploads\/2016\/05\/logo-apen-231x82-trasparent.png","type":"image\/png"}],"twitter_card":"summary_large_image","twitter_misc":{"Temps estimat de lectura":"7 minuts"},"schema":{"@context":"https:\/\/schema.org","@graph":[{"@type":"WebPage","@id":"https:\/\/www.apen.es\/fotocopiadora\/renting-fotocopiadora-oki\/","url":"https:\/\/www.apen.es\/fotocopiadora\/renting-fotocopiadora-oki\/","name":"Renting fotocopiadora OKI - Apen Inform\u00e1tica","isPartOf":{"@id":"https:\/\/www.apen.es\/#website"},"datePublished":"2018-11-09T13:46:17+00:00","dateModified":"2025-05-23T08:05:56+00:00","description":"Alquiler y Renting de focopiadoras de la marca OKI para peque\u00f1as y medianas empresas. Soluciones de impresi\u00f3n para PYMES. Conf\u00eda en Apen.","breadcrumb":{"@id":"https:\/\/www.apen.es\/fotocopiadora\/renting-fotocopiadora-oki\/#breadcrumb"},"inLanguage":"ca","potentialAction":[{"@type":"ReadAction","target":["https:\/\/www.apen.es\/fotocopiadora\/renting-fotocopiadora-oki\/"]}]},{"@type":"BreadcrumbList","@id":"https:\/\/www.apen.es\/fotocopiadora\/renting-fotocopiadora-oki\/#breadcrumb","itemListElement":[{"@type":"ListItem","position":1,"name":"Portada","item":"https:\/\/www.apen.es\/"},{"@type":"ListItem","position":2,"name":"Fotocopiadora","item":"https:\/\/www.apen.es\/fotocopiadora\/"},{"@type":"ListItem","position":3,"name":"Renting fotocopiadora OKI"}]},{"@type":"WebSite","@id":"https:\/\/www.apen.es\/#website","url":"https:\/\/www.apen.es\/","name":"Apen Inform\u00e0tica","description":"Manteniment inform\u00e0tic , programari de gesti\u00f3, solucions d&#039;impressi\u00f3","publisher":{"@id":"https:\/\/www.apen.es\/#organization"},"potentialAction":[{"@type":"SearchAction","target":{"@type":"EntryPoint","urlTemplate":"https:\/\/www.apen.es\/?s={search_term_string}"},"query-input":{"@type":"PropertyValueSpecification","valueRequired":true,"valueName":"search_term_string"}}],"inLanguage":"ca"},{"@type":"Organization","@id":"https:\/\/www.apen.es\/#organization","name":"Apen: Solucions inform\u00e0tiques","url":"https:\/\/www.apen.es\/","logo":{"@type":"ImageObject","inLanguage":"ca","@id":"https:\/\/www.apen.es\/#\/schema\/logo\/image\/","url":"https:\/\/www.apen.es\/wp-content\/uploads\/2022\/08\/logo-apenok-231x82-1.png","contentUrl":"https:\/\/www.apen.es\/wp-content\/uploads\/2022\/08\/logo-apenok-231x82-1.png","width":231,"height":82,"caption":"Apen: Soluciones inform\u00e1ticas"},"image":{"@id":"https:\/\/www.apen.es\/#\/schema\/logo\/image\/"},"sameAs":["https:\/\/www.facebook.com\/apensolucions","https:\/\/www.youtube.com\/user\/ApenCentreInformatic","https:\/\/www.linkedin.com\/company\/1021771?trk=tyah&trkInfo=clickedVerticalcompanyclickedEntityId1021771idx2-1-2tarId1464195271196tasapenin"]}]}},"taxonomy_info":[],"featured_image_src_large":false,"author_info":{"display_name":"marqueting","author_link":"https:\/\/www.apen.es\/ca\/blog\/author\/marqueting\/"},"comment_info":0,"_links":{"self":[{"href":"https:\/\/www.apen.es\/ca\/wp-json\/wp\/v2\/pages\/12253","targetHints":{"allow":["GET"]}}],"collection":[{"href":"https:\/\/www.apen.es\/ca\/wp-json\/wp\/v2\/pages"}],"about":[{"href":"https:\/\/www.apen.es\/ca\/wp-json\/wp\/v2\/types\/page"}],"author":[{"embeddable":true,"href":"https:\/\/www.apen.es\/ca\/wp-json\/wp\/v2\/users\/4"}],"replies":[{"embeddable":true,"href":"https:\/\/www.apen.es\/ca\/wp-json\/wp\/v2\/comments?post=12253"}],"version-history":[{"count":4,"href":"https:\/\/www.apen.es\/ca\/wp-json\/wp\/v2\/pages\/12253\/revisions"}],"predecessor-version":[{"id":54794,"href":"https:\/\/www.apen.es\/ca\/wp-json\/wp\/v2\/pages\/12253\/revisions\/54794"}],"up":[{"embeddable":true,"href":"https:\/\/www.apen.es\/ca\/wp-json\/wp\/v2\/pages\/12238"}],"wp:attachment":[{"href":"https:\/\/www.apen.es\/ca\/wp-json\/wp\/v2\/media?parent=12253"}],"curies":[{"name":"wp","href":"https:\/\/api.w.org\/{rel}","templated":true}]}}