{"id":12246,"date":"2018-11-09T13:32:59","date_gmt":"2018-11-09T13:32:59","guid":{"rendered":"https:\/\/www.apen.es\/?page_id=12246"},"modified":"2025-05-23T08:04:18","modified_gmt":"2025-05-23T08:04:18","slug":"hp","status":"publish","type":"page","link":"https:\/\/www.apen.es\/ca\/fotocopiadora\/hp\/","title":{"rendered":"Fotocopiadora HP"},"content":{"rendered":"<p>Tant petites com grans empreses necessiten sistemes operatius i dispositius d&#039;impressi\u00f3 d&#039;\u00faltima generaci\u00f3 per fer tasques di\u00e0ries. A Apen volem oferir les millors solucions per a tots els negocis de la m\u00e0 d&#039;empreses l\u00edders al sector tecnol\u00f2gic. Per aquest motiu, disposem, entre moltes altres, de&nbsp;<strong>fotocopiadores HP<\/strong>. Al nostre cat\u00e0leg de productes es poden trobar infinitat de marques, per\u00f2 totes ofereixen productes de primera qualitat i utilitzen tecnologia innovadora per crear-los. A m\u00e9s, aquest tipus de dispositius ofereixen funcions i prestacions molt m\u00e9s avan\u00e7ades que la resta del mercat, ajudant aix\u00ed a agilitzar la feina de les diferents empreses que gaudeixen dels seus serveis.<\/p>\n\n\n\n<p>Al mercat actual, les empreses necessiten estar al corrent de les darreres novetats en dispositius d&#039;oficina, altrament es quedarien enrere i la resta d&#039;empreses no les consideraria professionals. D&#039;aquesta manera, hi ha moltes raons per les quals les empreses han de comprar \u00fanicament aquells productes que siguin de gran qualitat i perdurin en el temps, tant per resist\u00e8ncia com per tecnologia. Entre la nostra gran gamma de productes destaquen les&nbsp;<strong>fotocopiadores HP<\/strong>, l&#039;empresa del qual \u00e9s l\u00edder en tecnologies de la comunicaci\u00f3 i es dedica a fabricar i comercialitzar tot tipus de maquin\u00e0ria d&#039;impressi\u00f3.<\/p>\n\n\n\n<p>L&#039;objectiu principal de la nostra empresa \u00e9s oferir les millors solucions d&#039;impressi\u00f3 a tots els negocis que ho necessitin. Ens comprometem a seleccionar aquells dispositius que millor s&#039;adaptin a cadascuna de les empreses i oferir un tracte personalitzat per tal que satisfaci les vostres necessitats. Actualment, una infinitat de clients satisfets ens avalen, aix\u00ed garantim que seguirem comercialitzant&nbsp;<strong>fotocopiadores HP<\/strong>, aix\u00ed com infinitat de productes similars, sempre tenint en compte la seva qualitat i les solucions que aquest, atorgar\u00e0 als nostres clients.<\/p>\n\n\n\n<p>A l&#039;hora d&#039;adquirir un producte d&#039;aquest tipus, \u00e9s molt com\u00fa que les empreses estiguin perdudes i necessitin l&#039;ajuda d&#039;una empresa especialitzada com la nostra. Per aix\u00f2, a Apen estem totalment compromesos a aconsellar i oferir aquells productes que siguin realment \u00fatils per a cada tipus d&#039;empresa. \u00c9s molt important tenir clar que aquells productes que millor tecnologia tinguin sempre suposaran un encert, ja que ajudaran que l&#039;empresa treballi d&#039;una forma molt m\u00e9s r\u00e0pida i efectiva, a m\u00e9s la seva tecnologia ser\u00e0 utilitzada durant molts anys sense que s&#039;hagi de reparar o substituir per un altre.<\/p>\n\n\n\n<p>Per con\u00e8ixer millor les nostres&nbsp;<strong>fotocopiadores HP<\/strong>&nbsp;o informar-se sobre els diferents serveis i productes que oferim a la nostra empresa, pot contactar amb nosaltres, estarem encantats d&#039;atendre&#039;l i resoldre qualsevol dubte que pugui tenir. Tamb\u00e9 us oferirem una infinitat d&#039;informaci\u00f3 sense cap comprom\u00eds previ.<\/p>","protected":false},"excerpt":{"rendered":"<p>Tanto peque\u00f1as como grandes empresas necesitan sistemas operativos y dispositivos de impresi\u00f3n de \u00faltima generaci\u00f3n para realizar sus tareas diarias. En Apen queremos ofrecer las mejores soluciones para todos los negocios de la mano de empresas l\u00edderes en el sector tecnol\u00f3gico. Por este motivo, disponemos, entre muchas otras, de&nbsp;fotocopiadoras HP. En nuestro catalogo de productos&#8230;<\/p>","protected":false},"author":4,"featured_media":0,"parent":12238,"menu_order":0,"comment_status":"closed","ping_status":"closed","template":"page-renting-impresoras.php","meta":{"_acf_changed":false,"_kad_blocks_custom_css":"","_kad_blocks_head_custom_js":"","_kad_blocks_body_custom_js":"","_kad_blocks_footer_custom_js":"","_kad_post_transparent":"","_kad_post_title":"","_kad_post_layout":"","_kad_post_sidebar_id":"","_kad_post_content_style":"","_kad_post_vertical_padding":"","_kad_post_feature":"","_kad_post_feature_position":"","_kad_post_header":false,"_kad_post_footer":false,"_kad_post_classname":"","footnotes":""},"class_list":["post-12246","page","type-page","status-publish","hentry"],"acf":[],"yoast_head":"<!-- This site is optimized with the Yoast SEO plugin v27.4 - https:\/\/yoast.com\/product\/yoast-seo-wordpress\/ -->\n<title>Fotocopiadora HP - Apen Inform\u00e1tica<\/title>\n<meta name=\"description\" content=\"Apen ofrece a empresas Fotocopiadoras de la marca HP. Disponemos de diferentes soluciones de impresi\u00f3pn para PYMES. Ll\u00e1manos al 938 606 220 sin compromiso.\" \/>\n<meta name=\"robots\" content=\"index, follow, max-snippet:-1, max-image-preview:large, max-video-preview:-1\" \/>\n<link rel=\"canonical\" href=\"https:\/\/www.apen.es\/ca\/fotocopiadora\/hp\/\" \/>\n<meta property=\"og:locale\" content=\"ca_ES\" \/>\n<meta property=\"og:type\" content=\"article\" \/>\n<meta property=\"og:title\" content=\"Fotocopiadora HP - Apen Inform\u00e1tica\" \/>\n<meta property=\"og:description\" content=\"Apen ofrece a empresas Fotocopiadoras de la marca HP. Disponemos de diferentes soluciones de impresi\u00f3pn para PYMES. Ll\u00e1manos al 938 606 220 sin compromiso.\" \/>\n<meta property=\"og:url\" content=\"https:\/\/www.apen.es\/ca\/fotocopiadora\/hp\/\" \/>\n<meta property=\"og:site_name\" content=\"Apen Inform\u00e1tica\" \/>\n<meta property=\"article:publisher\" content=\"https:\/\/www.facebook.com\/apensolucions\" \/>\n<meta property=\"article:modified_time\" content=\"2025-05-23T08:04:18+00:00\" \/>\n<meta property=\"og:image\" content=\"https:\/\/www.apen.es\/wp-content\/uploads\/2016\/05\/logo-apen-231x82-trasparent.png\" \/>\n\t<meta property=\"og:image:width\" content=\"231\" \/>\n\t<meta property=\"og:image:height\" content=\"82\" \/>\n\t<meta property=\"og:image:type\" content=\"image\/png\" \/>\n<meta name=\"twitter:card\" content=\"summary_large_image\" \/>\n<meta name=\"twitter:label1\" content=\"Temps estimat de lectura\" \/>\n\t<meta name=\"twitter:data1\" content=\"7 minuts\" \/>\n<script type=\"application\/ld+json\" class=\"yoast-schema-graph\">{\"@context\":\"https:\\\/\\\/schema.org\",\"@graph\":[{\"@type\":\"WebPage\",\"@id\":\"https:\\\/\\\/www.apen.es\\\/fotocopiadora\\\/hp\\\/\",\"url\":\"https:\\\/\\\/www.apen.es\\\/fotocopiadora\\\/hp\\\/\",\"name\":\"Fotocopiadora HP - Apen Inform\u00e1tica\",\"isPartOf\":{\"@id\":\"https:\\\/\\\/www.apen.es\\\/#website\"},\"datePublished\":\"2018-11-09T13:32:59+00:00\",\"dateModified\":\"2025-05-23T08:04:18+00:00\",\"description\":\"Apen ofrece a empresas Fotocopiadoras de la marca HP. Disponemos de diferentes soluciones de impresi\u00f3pn para PYMES. Ll\u00e1manos al 938 606 220 sin compromiso.\",\"breadcrumb\":{\"@id\":\"https:\\\/\\\/www.apen.es\\\/fotocopiadora\\\/hp\\\/#breadcrumb\"},\"inLanguage\":\"ca\",\"potentialAction\":[{\"@type\":\"ReadAction\",\"target\":[\"https:\\\/\\\/www.apen.es\\\/fotocopiadora\\\/hp\\\/\"]}]},{\"@type\":\"BreadcrumbList\",\"@id\":\"https:\\\/\\\/www.apen.es\\\/fotocopiadora\\\/hp\\\/#breadcrumb\",\"itemListElement\":[{\"@type\":\"ListItem\",\"position\":1,\"name\":\"Portada\",\"item\":\"https:\\\/\\\/www.apen.es\\\/\"},{\"@type\":\"ListItem\",\"position\":2,\"name\":\"Fotocopiadora\",\"item\":\"https:\\\/\\\/www.apen.es\\\/fotocopiadora\\\/\"},{\"@type\":\"ListItem\",\"position\":3,\"name\":\"Fotocopiadora HP\"}]},{\"@type\":\"WebSite\",\"@id\":\"https:\\\/\\\/www.apen.es\\\/#website\",\"url\":\"https:\\\/\\\/www.apen.es\\\/\",\"name\":\"Apen Inform\u00e1tica\",\"description\":\"Mantenimiento Inform\u00e1tico , Software de Gesti\u00f3n, Soluciones de impresi\u00f3n\",\"publisher\":{\"@id\":\"https:\\\/\\\/www.apen.es\\\/#organization\"},\"potentialAction\":[{\"@type\":\"SearchAction\",\"target\":{\"@type\":\"EntryPoint\",\"urlTemplate\":\"https:\\\/\\\/www.apen.es\\\/?s={search_term_string}\"},\"query-input\":{\"@type\":\"PropertyValueSpecification\",\"valueRequired\":true,\"valueName\":\"search_term_string\"}}],\"inLanguage\":\"ca\"},{\"@type\":\"Organization\",\"@id\":\"https:\\\/\\\/www.apen.es\\\/#organization\",\"name\":\"Apen: Soluciones inform\u00e1ticas\",\"url\":\"https:\\\/\\\/www.apen.es\\\/\",\"logo\":{\"@type\":\"ImageObject\",\"inLanguage\":\"ca\",\"@id\":\"https:\\\/\\\/www.apen.es\\\/#\\\/schema\\\/logo\\\/image\\\/\",\"url\":\"https:\\\/\\\/www.apen.es\\\/wp-content\\\/uploads\\\/2022\\\/08\\\/logo-apenok-231x82-1.png\",\"contentUrl\":\"https:\\\/\\\/www.apen.es\\\/wp-content\\\/uploads\\\/2022\\\/08\\\/logo-apenok-231x82-1.png\",\"width\":231,\"height\":82,\"caption\":\"Apen: Soluciones inform\u00e1ticas\"},\"image\":{\"@id\":\"https:\\\/\\\/www.apen.es\\\/#\\\/schema\\\/logo\\\/image\\\/\"},\"sameAs\":[\"https:\\\/\\\/www.facebook.com\\\/apensolucions\",\"https:\\\/\\\/www.youtube.com\\\/user\\\/ApenCentreInformatic\",\"https:\\\/\\\/www.linkedin.com\\\/company\\\/1021771?trk=tyah&trkInfo=clickedVerticalcompanyclickedEntityId1021771idx2-1-2tarId1464195271196tasapenin\"]}]}<\/script>\n<!-- \/ Yoast SEO plugin. -->","yoast_head_json":{"title":"Fotocopiadora HP - Apen Inform\u00e1tica","description":"Apen ofrece a empresas Fotocopiadoras de la marca HP. Disponemos de diferentes soluciones de impresi\u00f3pn para PYMES. Ll\u00e1manos al 938 606 220 sin compromiso.","robots":{"index":"index","follow":"follow","max-snippet":"max-snippet:-1","max-image-preview":"max-image-preview:large","max-video-preview":"max-video-preview:-1"},"canonical":"https:\/\/www.apen.es\/ca\/fotocopiadora\/hp\/","og_locale":"ca_ES","og_type":"article","og_title":"Fotocopiadora HP - Apen Inform\u00e1tica","og_description":"Apen ofrece a empresas Fotocopiadoras de la marca HP. Disponemos de diferentes soluciones de impresi\u00f3pn para PYMES. Ll\u00e1manos al 938 606 220 sin compromiso.","og_url":"https:\/\/www.apen.es\/ca\/fotocopiadora\/hp\/","og_site_name":"Apen Inform\u00e1tica","article_publisher":"https:\/\/www.facebook.com\/apensolucions","article_modified_time":"2025-05-23T08:04:18+00:00","og_image":[{"width":231,"height":82,"url":"https:\/\/www.apen.es\/wp-content\/uploads\/2016\/05\/logo-apen-231x82-trasparent.png","type":"image\/png"}],"twitter_card":"summary_large_image","twitter_misc":{"Temps estimat de lectura":"7 minuts"},"schema":{"@context":"https:\/\/schema.org","@graph":[{"@type":"WebPage","@id":"https:\/\/www.apen.es\/fotocopiadora\/hp\/","url":"https:\/\/www.apen.es\/fotocopiadora\/hp\/","name":"Fotocopiadora HP - Apen Inform\u00e1tica","isPartOf":{"@id":"https:\/\/www.apen.es\/#website"},"datePublished":"2018-11-09T13:32:59+00:00","dateModified":"2025-05-23T08:04:18+00:00","description":"Apen ofrece a empresas Fotocopiadoras de la marca HP. Disponemos de diferentes soluciones de impresi\u00f3pn para PYMES. Ll\u00e1manos al 938 606 220 sin compromiso.","breadcrumb":{"@id":"https:\/\/www.apen.es\/fotocopiadora\/hp\/#breadcrumb"},"inLanguage":"ca","potentialAction":[{"@type":"ReadAction","target":["https:\/\/www.apen.es\/fotocopiadora\/hp\/"]}]},{"@type":"BreadcrumbList","@id":"https:\/\/www.apen.es\/fotocopiadora\/hp\/#breadcrumb","itemListElement":[{"@type":"ListItem","position":1,"name":"Portada","item":"https:\/\/www.apen.es\/"},{"@type":"ListItem","position":2,"name":"Fotocopiadora","item":"https:\/\/www.apen.es\/fotocopiadora\/"},{"@type":"ListItem","position":3,"name":"Fotocopiadora HP"}]},{"@type":"WebSite","@id":"https:\/\/www.apen.es\/#website","url":"https:\/\/www.apen.es\/","name":"Apen Inform\u00e0tica","description":"Manteniment inform\u00e0tic , programari de gesti\u00f3, solucions d&#039;impressi\u00f3","publisher":{"@id":"https:\/\/www.apen.es\/#organization"},"potentialAction":[{"@type":"SearchAction","target":{"@type":"EntryPoint","urlTemplate":"https:\/\/www.apen.es\/?s={search_term_string}"},"query-input":{"@type":"PropertyValueSpecification","valueRequired":true,"valueName":"search_term_string"}}],"inLanguage":"ca"},{"@type":"Organization","@id":"https:\/\/www.apen.es\/#organization","name":"Apen: Solucions inform\u00e0tiques","url":"https:\/\/www.apen.es\/","logo":{"@type":"ImageObject","inLanguage":"ca","@id":"https:\/\/www.apen.es\/#\/schema\/logo\/image\/","url":"https:\/\/www.apen.es\/wp-content\/uploads\/2022\/08\/logo-apenok-231x82-1.png","contentUrl":"https:\/\/www.apen.es\/wp-content\/uploads\/2022\/08\/logo-apenok-231x82-1.png","width":231,"height":82,"caption":"Apen: Soluciones inform\u00e1ticas"},"image":{"@id":"https:\/\/www.apen.es\/#\/schema\/logo\/image\/"},"sameAs":["https:\/\/www.facebook.com\/apensolucions","https:\/\/www.youtube.com\/user\/ApenCentreInformatic","https:\/\/www.linkedin.com\/company\/1021771?trk=tyah&trkInfo=clickedVerticalcompanyclickedEntityId1021771idx2-1-2tarId1464195271196tasapenin"]}]}},"taxonomy_info":[],"featured_image_src_large":false,"author_info":{"display_name":"marqueting","author_link":"https:\/\/www.apen.es\/ca\/blog\/author\/marqueting\/"},"comment_info":0,"_links":{"self":[{"href":"https:\/\/www.apen.es\/ca\/wp-json\/wp\/v2\/pages\/12246","targetHints":{"allow":["GET"]}}],"collection":[{"href":"https:\/\/www.apen.es\/ca\/wp-json\/wp\/v2\/pages"}],"about":[{"href":"https:\/\/www.apen.es\/ca\/wp-json\/wp\/v2\/types\/page"}],"author":[{"embeddable":true,"href":"https:\/\/www.apen.es\/ca\/wp-json\/wp\/v2\/users\/4"}],"replies":[{"embeddable":true,"href":"https:\/\/www.apen.es\/ca\/wp-json\/wp\/v2\/comments?post=12246"}],"version-history":[{"count":3,"href":"https:\/\/www.apen.es\/ca\/wp-json\/wp\/v2\/pages\/12246\/revisions"}],"predecessor-version":[{"id":54792,"href":"https:\/\/www.apen.es\/ca\/wp-json\/wp\/v2\/pages\/12246\/revisions\/54792"}],"up":[{"embeddable":true,"href":"https:\/\/www.apen.es\/ca\/wp-json\/wp\/v2\/pages\/12238"}],"wp:attachment":[{"href":"https:\/\/www.apen.es\/ca\/wp-json\/wp\/v2\/media?parent=12246"}],"curies":[{"name":"wp","href":"https:\/\/api.w.org\/{rel}","templated":true}]}}