{"id":12244,"date":"2018-11-09T13:30:01","date_gmt":"2018-11-09T13:30:01","guid":{"rendered":"https:\/\/www.apen.es\/?page_id=12244"},"modified":"2025-05-23T08:04:12","modified_gmt":"2025-05-23T08:04:12","slug":"oki","status":"publish","type":"page","link":"https:\/\/www.apen.es\/ca\/fotocopiadora\/oki\/","title":{"rendered":"Fotocopiadora OKI"},"content":{"rendered":"<p>Apen \u00e9s una empresa on som especialistes en la implantaci\u00f3 i en el manteniment d&#039;equips inform\u00e0tics, des de l&#039;any 1991, per la qual cosa fa gaireb\u00e9 trenta anys que aportem solucions per a la gesti\u00f3 de les empreses externes a la nostra, amb el principal objectiu de millorar la capacitat competitiva de tots i cadascun dels nostres clients, que acudeixen a nosaltres a la recerca d&#039;ajuda i d&#039;alguna soluci\u00f3 a un problema.<\/p>\n\n\n\n<p>Durant tots aquests anys, a la nostra empresa, ens hem basat en uns valors molt ben pensats i sostinguts per grans pilars, on la nostra major preocupaci\u00f3 sempre \u00e9s aconseguir la satisfacci\u00f3 dels nostres clients, i aix\u00f2 ho hem aconseguit gr\u00e0cies a l&#039;assessorament que oferim, la facilitat, un bon preu, la qualitat i un servei professional.<\/p>\n\n\n\n<p>Per\u00f2 per poder aconseguir tot aix\u00f2, \u00e9s molt important que ens relacionem i treballem de la m\u00e0 de grans empreses internacionals, amb les quals us puguem garantir que us estem oferint el millor producte del mercat.&nbsp;<strong>fotocopiadores Oki<\/strong>, s\u00f3n una de les que m\u00e9s oferim als nostres clients.<\/p>\n\n\n\n<p>OKI \u00e9s una gran empresa europea que ofereix els seus productes a m\u00e9s de seixanta pa\u00efsos, i pr\u00e0cticament sempre, els productes que fabrica estan dirigits a empreses i clients comercials que necessiten un producte innovador i de qualitat, com per exemple les&nbsp;<strong>fotocopiadores OKI<\/strong>, que s\u00f3n un dels productes m\u00e9s destacats d&#039;aquesta empresa, juntament amb altres com ara les impressores, els equips multifunci\u00f3 i els equips d&#039;arts gr\u00e0fiques, entre d&#039;altres.<\/p>\n\n\n\n<p>Totes les empreses avui dia haurien de tenir una&nbsp;<strong>fotocopiadora OKI<\/strong>&nbsp;a les seves oficines o instal\u00b7lacions, ja que, encara que cada vegada m\u00e9s, utilitzem l&#039;ordinador per arreglar i gestionar una gran quantitat de documents, tamb\u00e9 s\u00f3n molts els documents que cal imprimir, i no nom\u00e9s aix\u00f2, sin\u00f3 que \u00e9s imprescindible que en fem c\u00f2pies, ja siguin per donar-les a tots els treballadors, per als nostres clients o per qualsevol altra ra\u00f3.<\/p>\n\n\n\n<p>Per tant, si encara no compteu amb una&nbsp;<strong>fotocopiadora OKI<\/strong>&nbsp;i creieu que us ser\u00e0 de gran ajuda a la vostra empresa, no dubteu a comptar amb Apen per escollir el model que m\u00e9s s&#039;adapta al vostre cas, ja que tenim un servei d&#039;assessorament dirigit a qualsevol empresa sense cap mena de comprom\u00eds, en el qual us oferim una gran facilitat a l&#039;hora de trobar una soluci\u00f3 perfecta per a vosaltres.<\/p>\n\n\n\n<p>A m\u00e9s, sempre us garantim la m\u00e0xima qualitat en tots els nostres productes i serveis al menor preu possible, per la qual cosa, si voleu saber m\u00e9s sobre tots els productes i serveis que oferim, no dubteu a posar-vos en contacte amb nosaltres, ja que estarem encantats d&#039;ajudar-vos i aconsellar-vos en tot el que estigui a les nostres mans.<\/p>","protected":false},"excerpt":{"rendered":"<p>Apen es una empresa en la cual somos especialistas en la implantaci\u00f3n y en el mantenimiento de equipos inform\u00e1ticos, desde el a\u00f1o 1991, por lo que llevamos casi treinta a\u00f1os, aportando soluciones para la gesti\u00f3n de las empresas externas a la nuestra, con el principal objetivo de mejorar la capacidad competitiva de todos y cada&#8230;<\/p>","protected":false},"author":4,"featured_media":0,"parent":12238,"menu_order":0,"comment_status":"closed","ping_status":"closed","template":"page-renting-impresoras.php","meta":{"_acf_changed":false,"_kad_blocks_custom_css":"","_kad_blocks_head_custom_js":"","_kad_blocks_body_custom_js":"","_kad_blocks_footer_custom_js":"","_kad_post_transparent":"","_kad_post_title":"","_kad_post_layout":"","_kad_post_sidebar_id":"","_kad_post_content_style":"","_kad_post_vertical_padding":"","_kad_post_feature":"","_kad_post_feature_position":"","_kad_post_header":false,"_kad_post_footer":false,"_kad_post_classname":"","footnotes":""},"class_list":["post-12244","page","type-page","status-publish","hentry"],"acf":[],"yoast_head":"<!-- This site is optimized with the Yoast SEO plugin v27.4 - https:\/\/yoast.com\/product\/yoast-seo-wordpress\/ -->\n<title>Fotocopiadora OKI - Apen Inform\u00e1tica<\/title>\n<meta name=\"description\" content=\"Apen ofrece a empresas Fotocopiadoras de la marca OKI. Disponemos de diferentes soluciones de impresi\u00f3pn para PYMES. Ll\u00e1manos al 938 606 220 sin compromiso.\" \/>\n<meta name=\"robots\" content=\"index, follow, max-snippet:-1, max-image-preview:large, max-video-preview:-1\" \/>\n<link rel=\"canonical\" href=\"https:\/\/www.apen.es\/ca\/fotocopiadora\/oki\/\" \/>\n<meta property=\"og:locale\" content=\"ca_ES\" \/>\n<meta property=\"og:type\" content=\"article\" \/>\n<meta property=\"og:title\" content=\"Fotocopiadora OKI - Apen Inform\u00e1tica\" \/>\n<meta property=\"og:description\" content=\"Apen ofrece a empresas Fotocopiadoras de la marca OKI. Disponemos de diferentes soluciones de impresi\u00f3pn para PYMES. Ll\u00e1manos al 938 606 220 sin compromiso.\" \/>\n<meta property=\"og:url\" content=\"https:\/\/www.apen.es\/ca\/fotocopiadora\/oki\/\" \/>\n<meta property=\"og:site_name\" content=\"Apen Inform\u00e1tica\" \/>\n<meta property=\"article:publisher\" content=\"https:\/\/www.facebook.com\/apensolucions\" \/>\n<meta property=\"article:modified_time\" content=\"2025-05-23T08:04:12+00:00\" \/>\n<meta property=\"og:image\" content=\"https:\/\/www.apen.es\/wp-content\/uploads\/2016\/05\/logo-apen-231x82-trasparent.png\" \/>\n\t<meta property=\"og:image:width\" content=\"231\" \/>\n\t<meta property=\"og:image:height\" content=\"82\" \/>\n\t<meta property=\"og:image:type\" content=\"image\/png\" \/>\n<meta name=\"twitter:card\" content=\"summary_large_image\" \/>\n<meta name=\"twitter:label1\" content=\"Temps estimat de lectura\" \/>\n\t<meta name=\"twitter:data1\" content=\"8 minuts\" \/>\n<script type=\"application\/ld+json\" class=\"yoast-schema-graph\">{\"@context\":\"https:\\\/\\\/schema.org\",\"@graph\":[{\"@type\":\"WebPage\",\"@id\":\"https:\\\/\\\/www.apen.es\\\/fotocopiadora\\\/oki\\\/\",\"url\":\"https:\\\/\\\/www.apen.es\\\/fotocopiadora\\\/oki\\\/\",\"name\":\"Fotocopiadora OKI - Apen Inform\u00e1tica\",\"isPartOf\":{\"@id\":\"https:\\\/\\\/www.apen.es\\\/#website\"},\"datePublished\":\"2018-11-09T13:30:01+00:00\",\"dateModified\":\"2025-05-23T08:04:12+00:00\",\"description\":\"Apen ofrece a empresas Fotocopiadoras de la marca OKI. Disponemos de diferentes soluciones de impresi\u00f3pn para PYMES. Ll\u00e1manos al 938 606 220 sin compromiso.\",\"breadcrumb\":{\"@id\":\"https:\\\/\\\/www.apen.es\\\/fotocopiadora\\\/oki\\\/#breadcrumb\"},\"inLanguage\":\"ca\",\"potentialAction\":[{\"@type\":\"ReadAction\",\"target\":[\"https:\\\/\\\/www.apen.es\\\/fotocopiadora\\\/oki\\\/\"]}]},{\"@type\":\"BreadcrumbList\",\"@id\":\"https:\\\/\\\/www.apen.es\\\/fotocopiadora\\\/oki\\\/#breadcrumb\",\"itemListElement\":[{\"@type\":\"ListItem\",\"position\":1,\"name\":\"Portada\",\"item\":\"https:\\\/\\\/www.apen.es\\\/\"},{\"@type\":\"ListItem\",\"position\":2,\"name\":\"Fotocopiadora\",\"item\":\"https:\\\/\\\/www.apen.es\\\/fotocopiadora\\\/\"},{\"@type\":\"ListItem\",\"position\":3,\"name\":\"Fotocopiadora OKI\"}]},{\"@type\":\"WebSite\",\"@id\":\"https:\\\/\\\/www.apen.es\\\/#website\",\"url\":\"https:\\\/\\\/www.apen.es\\\/\",\"name\":\"Apen Inform\u00e1tica\",\"description\":\"Mantenimiento Inform\u00e1tico , Software de Gesti\u00f3n, Soluciones de impresi\u00f3n\",\"publisher\":{\"@id\":\"https:\\\/\\\/www.apen.es\\\/#organization\"},\"potentialAction\":[{\"@type\":\"SearchAction\",\"target\":{\"@type\":\"EntryPoint\",\"urlTemplate\":\"https:\\\/\\\/www.apen.es\\\/?s={search_term_string}\"},\"query-input\":{\"@type\":\"PropertyValueSpecification\",\"valueRequired\":true,\"valueName\":\"search_term_string\"}}],\"inLanguage\":\"ca\"},{\"@type\":\"Organization\",\"@id\":\"https:\\\/\\\/www.apen.es\\\/#organization\",\"name\":\"Apen: Soluciones inform\u00e1ticas\",\"url\":\"https:\\\/\\\/www.apen.es\\\/\",\"logo\":{\"@type\":\"ImageObject\",\"inLanguage\":\"ca\",\"@id\":\"https:\\\/\\\/www.apen.es\\\/#\\\/schema\\\/logo\\\/image\\\/\",\"url\":\"https:\\\/\\\/www.apen.es\\\/wp-content\\\/uploads\\\/2022\\\/08\\\/logo-apenok-231x82-1.png\",\"contentUrl\":\"https:\\\/\\\/www.apen.es\\\/wp-content\\\/uploads\\\/2022\\\/08\\\/logo-apenok-231x82-1.png\",\"width\":231,\"height\":82,\"caption\":\"Apen: Soluciones inform\u00e1ticas\"},\"image\":{\"@id\":\"https:\\\/\\\/www.apen.es\\\/#\\\/schema\\\/logo\\\/image\\\/\"},\"sameAs\":[\"https:\\\/\\\/www.facebook.com\\\/apensolucions\",\"https:\\\/\\\/www.youtube.com\\\/user\\\/ApenCentreInformatic\",\"https:\\\/\\\/www.linkedin.com\\\/company\\\/1021771?trk=tyah&trkInfo=clickedVerticalcompanyclickedEntityId1021771idx2-1-2tarId1464195271196tasapenin\"]}]}<\/script>\n<!-- \/ Yoast SEO plugin. -->","yoast_head_json":{"title":"Fotocopiadora OKI - Apen Inform\u00e1tica","description":"Apen ofrece a empresas Fotocopiadoras de la marca OKI. Disponemos de diferentes soluciones de impresi\u00f3pn para PYMES. Ll\u00e1manos al 938 606 220 sin compromiso.","robots":{"index":"index","follow":"follow","max-snippet":"max-snippet:-1","max-image-preview":"max-image-preview:large","max-video-preview":"max-video-preview:-1"},"canonical":"https:\/\/www.apen.es\/ca\/fotocopiadora\/oki\/","og_locale":"ca_ES","og_type":"article","og_title":"Fotocopiadora OKI - Apen Inform\u00e1tica","og_description":"Apen ofrece a empresas Fotocopiadoras de la marca OKI. Disponemos de diferentes soluciones de impresi\u00f3pn para PYMES. Ll\u00e1manos al 938 606 220 sin compromiso.","og_url":"https:\/\/www.apen.es\/ca\/fotocopiadora\/oki\/","og_site_name":"Apen Inform\u00e1tica","article_publisher":"https:\/\/www.facebook.com\/apensolucions","article_modified_time":"2025-05-23T08:04:12+00:00","og_image":[{"width":231,"height":82,"url":"https:\/\/www.apen.es\/wp-content\/uploads\/2016\/05\/logo-apen-231x82-trasparent.png","type":"image\/png"}],"twitter_card":"summary_large_image","twitter_misc":{"Temps estimat de lectura":"8 minuts"},"schema":{"@context":"https:\/\/schema.org","@graph":[{"@type":"WebPage","@id":"https:\/\/www.apen.es\/fotocopiadora\/oki\/","url":"https:\/\/www.apen.es\/fotocopiadora\/oki\/","name":"Fotocopiadora OKI - Apen Inform\u00e1tica","isPartOf":{"@id":"https:\/\/www.apen.es\/#website"},"datePublished":"2018-11-09T13:30:01+00:00","dateModified":"2025-05-23T08:04:12+00:00","description":"Apen ofrece a empresas Fotocopiadoras de la marca OKI. Disponemos de diferentes soluciones de impresi\u00f3pn para PYMES. Ll\u00e1manos al 938 606 220 sin compromiso.","breadcrumb":{"@id":"https:\/\/www.apen.es\/fotocopiadora\/oki\/#breadcrumb"},"inLanguage":"ca","potentialAction":[{"@type":"ReadAction","target":["https:\/\/www.apen.es\/fotocopiadora\/oki\/"]}]},{"@type":"BreadcrumbList","@id":"https:\/\/www.apen.es\/fotocopiadora\/oki\/#breadcrumb","itemListElement":[{"@type":"ListItem","position":1,"name":"Portada","item":"https:\/\/www.apen.es\/"},{"@type":"ListItem","position":2,"name":"Fotocopiadora","item":"https:\/\/www.apen.es\/fotocopiadora\/"},{"@type":"ListItem","position":3,"name":"Fotocopiadora OKI"}]},{"@type":"WebSite","@id":"https:\/\/www.apen.es\/#website","url":"https:\/\/www.apen.es\/","name":"Apen Inform\u00e0tica","description":"Manteniment inform\u00e0tic , programari de gesti\u00f3, solucions d&#039;impressi\u00f3","publisher":{"@id":"https:\/\/www.apen.es\/#organization"},"potentialAction":[{"@type":"SearchAction","target":{"@type":"EntryPoint","urlTemplate":"https:\/\/www.apen.es\/?s={search_term_string}"},"query-input":{"@type":"PropertyValueSpecification","valueRequired":true,"valueName":"search_term_string"}}],"inLanguage":"ca"},{"@type":"Organization","@id":"https:\/\/www.apen.es\/#organization","name":"Apen: Solucions inform\u00e0tiques","url":"https:\/\/www.apen.es\/","logo":{"@type":"ImageObject","inLanguage":"ca","@id":"https:\/\/www.apen.es\/#\/schema\/logo\/image\/","url":"https:\/\/www.apen.es\/wp-content\/uploads\/2022\/08\/logo-apenok-231x82-1.png","contentUrl":"https:\/\/www.apen.es\/wp-content\/uploads\/2022\/08\/logo-apenok-231x82-1.png","width":231,"height":82,"caption":"Apen: Soluciones inform\u00e1ticas"},"image":{"@id":"https:\/\/www.apen.es\/#\/schema\/logo\/image\/"},"sameAs":["https:\/\/www.facebook.com\/apensolucions","https:\/\/www.youtube.com\/user\/ApenCentreInformatic","https:\/\/www.linkedin.com\/company\/1021771?trk=tyah&trkInfo=clickedVerticalcompanyclickedEntityId1021771idx2-1-2tarId1464195271196tasapenin"]}]}},"taxonomy_info":[],"featured_image_src_large":false,"author_info":{"display_name":"marqueting","author_link":"https:\/\/www.apen.es\/ca\/blog\/author\/marqueting\/"},"comment_info":0,"_links":{"self":[{"href":"https:\/\/www.apen.es\/ca\/wp-json\/wp\/v2\/pages\/12244","targetHints":{"allow":["GET"]}}],"collection":[{"href":"https:\/\/www.apen.es\/ca\/wp-json\/wp\/v2\/pages"}],"about":[{"href":"https:\/\/www.apen.es\/ca\/wp-json\/wp\/v2\/types\/page"}],"author":[{"embeddable":true,"href":"https:\/\/www.apen.es\/ca\/wp-json\/wp\/v2\/users\/4"}],"replies":[{"embeddable":true,"href":"https:\/\/www.apen.es\/ca\/wp-json\/wp\/v2\/comments?post=12244"}],"version-history":[{"count":4,"href":"https:\/\/www.apen.es\/ca\/wp-json\/wp\/v2\/pages\/12244\/revisions"}],"predecessor-version":[{"id":54791,"href":"https:\/\/www.apen.es\/ca\/wp-json\/wp\/v2\/pages\/12244\/revisions\/54791"}],"up":[{"embeddable":true,"href":"https:\/\/www.apen.es\/ca\/wp-json\/wp\/v2\/pages\/12238"}],"wp:attachment":[{"href":"https:\/\/www.apen.es\/ca\/wp-json\/wp\/v2\/media?parent=12244"}],"curies":[{"name":"wp","href":"https:\/\/api.w.org\/{rel}","templated":true}]}}