{"id":12242,"date":"2018-11-09T13:27:24","date_gmt":"2018-11-09T13:27:24","guid":{"rendered":"https:\/\/www.apen.es\/?page_id=12242"},"modified":"2025-05-23T08:03:59","modified_gmt":"2025-05-23T08:03:59","slug":"konica-minolta","status":"publish","type":"page","link":"https:\/\/www.apen.es\/ca\/fotocopiadora\/konica-minolta\/","title":{"rendered":"Fotocopiadora Konica Minolta"},"content":{"rendered":"<p>Konica Minolta, \u00e9s un prove\u00efdor de productes relacionats amb la informaci\u00f3, l\u00edder mundialment, que proporciona tant productes com serveis i solucions que s\u00f3n essencials per a totes les \u00e0rees de la imatge digital en entorns d&#039;oficina i producci\u00f3. A m\u00e9s, una de les seves preocupacions principals \u00e9s la satisfacci\u00f3 de tots els seus clients, cosa que t\u00e9 en com\u00fa amb la nostra empresa, Apen, especialistes en serveis inform\u00e0tics.<\/p>\n\n\n\n<p>A Apen som especialistes en la implantaci\u00f3 i el manteniment d&#039;equips inform\u00e0tics, ja que sempre aportem les millors solucions per a la gesti\u00f3 de les empreses amb l&#039;objectiu principal de millorar la capacitat competitiva de tots i cadascun dels nostres clients, com ara la&nbsp;<strong>fotocopiadora Konica Minolta<\/strong>, que sempre \u00e9s una bona opci\u00f3 per a les empreses.<\/p>\n\n\n\n<p>A m\u00e9s, us podem garantir un gran \u00e8xit dels nostres serveis, ja que portem m\u00e9s de vint-i-cinc anys en aquest sector, en els quals hem anat creixent a poc a poc i aconseguint una gran quantitat d&#039;\u00e8xits, com ara el primer premi a la millor empresa de serveis del Vall\u00e8s Occidental, obrir nous centres d&#039;operacions i incorporar solucions cloud, entre d&#039;altres.<\/p>\n\n\n\n<p>A Apen, ens agrada treballar de la m\u00e0 de les millors empreses internacionals del nostre sector, per aquesta ra\u00f3, oferim&nbsp;<strong>fotocopiadores Konica Minolta<\/strong>, ja que com hem dit anteriorment, el seu objectiu principal \u00e9s satisfer tots els seus clients, per la qual cosa abans de tot sempre escoltem els nostres clients per saber quines s\u00f3n les seves necessitats i quines expectatives tenen, a partir d&#039;aquest punt ja podem buscar i oferir-los la soluci\u00f3 perfecta per a ells.<\/p>\n\n\n\n<p>Comptar amb una&nbsp;<strong>fotocopiadora Konica Minolta<\/strong>&nbsp;a la vostra empresa, oficina o f\u00e0brica, s\u00f3n tot avantatges, ja que, segur que s\u00f3n molts els papers que heu de fotocopiar dia a dia, com ara comunicats per als treballadors, publicitat per als clients, inscripcions, i molt m\u00e9s. Imprimir una \u00fanica c\u00f2pia i fotocopiar la resta \u00e9s molt m\u00e9s r\u00e0pid, eficient i c\u00f2mode que imprimir la mateixa c\u00f2pia moltes vegades, ja que, aix\u00ed, mentre fotocopiem totes les c\u00f2pies que necessitem, podem utilitzar la impressora per avan\u00e7ar feina i imprimir altres coses, ja que, al contrari, haur\u00edem de tenir la impressora ocupada una gran quantitat de temps.<\/p>\n\n\n\n<p>A la nostra empresa, Apen, sempre intentem oferir la millor qualitat a tots i cadascun dels serveis i als equips el\u00e8ctrics i inform\u00e0tics que oferim als nostres clients, i sempre al menor preu possible, ja que us garantim una bona resposta a la situaci\u00f3 real del mercat, i aix\u00ed obtenir el millor preu, sempre dins de la qualitat dels nostres productes.<\/p>\n\n\n\n<p>La nostra empresa est\u00e0 situada al Vall\u00e8s Oriental, per\u00f2 si sou dels voltants i esteu interessats a la&nbsp;<strong>fotocopiadora Konica Minolta&nbsp;<\/strong>o en qualsevol dels nostres serveis o productes, no dubteu a posar-vos en contacte amb nosaltres.<\/p>\n\n\n\n<h3 class=\"wp-block-heading has-text-align-center\">Aspectes a tenir en compte a l&#039;hora de contractar la nova fotocopiadora Konica Minolta<\/h3>\n\n\n\n<p>Avui dia, la majoria d&#039;empreses estan intentant actualitzar tots els seus sistemes i els dispositius d&#039;impressi\u00f3 que tenen, ja que el m\u00f3n va avan\u00e7ant i aix\u00ed podran oferir un servei que sigui de qualitat per a tots i cadascun dels seus clients, diferenciant-se d&#039;aquesta forma de la compet\u00e8ncia. Per poder gaudir d&#039;un equip innovador, la millor opci\u00f3 que podeu prendre \u00e9s obtenir una&nbsp;<strong>fotocopiadora de<\/strong>&nbsp;<strong>Konica Minolta<\/strong>, ja que com us hem explicat anteriorment \u00e9s una de les empreses m\u00e9s distingides del sector.<\/p>\n\n\n\n<p>D&#039;aquesta manera, podreu gaudir d&#039;un dispositiu que \u00e9s de gamma alta sense necessitat de pagar un cost massa elevat, ja que tenim un servei de r\u00e8nting que s&#039;adapta a les vostres necessitats. El m\u00e9s destacable d&#039;aquest servei que oferim des de la nostra empresa Apen \u00e9s que es formalitza la durada i el pagament del client sense que hi hagi cap tipus de variaci\u00f3 durant aquest, garantint aix\u00ed la tranquil\u00b7litat de l&#039;empresa, ja que sabreu que a final de mes sempre haureu de pagar el mateix i no n&#039;hi haur\u00e0 cap m\u00e9s en qu\u00e8 tingueu despeses extres i inesperades.<\/p>\n\n\n\n<p>Aquest \u00e9s un dels aspectes que haur\u00edeu de tenir en compte a l&#039;hora de contractar els serveis d&#039;una&nbsp;<strong>fotocopiadora Konica Minolta<\/strong>, encara que s\u00f3n molts altres aspectes a l&#039;hora de tenir en compte, com per exemple quines s\u00f3n les necessitats reals de la meva empresa, \u00e9s a dir, si amb una en tinc prou o necessitar\u00e9 diversos equips.<\/p>\n\n\n\n<p>Altres aspectes a tenir en compte segons les necessitats reals de la vostra empresa, podria ser mirar si teniu la necessitat d&#039;imprimir en color, o els documents en blanc i negre ja us serveixen, la quantitat de c\u00f2pies que haur\u00edeu de fer per amortitzar-lo\u2026 \u00c9s a dir la utilitat que donareu a aquest equip.<\/p>\n\n\n\n<p>Finalment, tamb\u00e9 volem destacar que altres dels aspectes que heu de tenir en compte \u00e9s a qui contracteu aquest servei d&#039;una&nbsp;<strong>fotocopiadora<\/strong>&nbsp;<strong>Konica<\/strong>&nbsp;<strong>Minolta<\/strong>, ja que ha de ser una empresa que us de la confian\u00e7a necess\u00e0ria per deixar a les vostres mans un tema tan important, ja que han de comptar amb un gran equip de professionals que coneguin a la perfecci\u00f3 aquest sector i especialment els productes d&#039;aquesta marca, ja que \u00e9s una marca d&#039;alta gamma pel que les persones que s&#039;encarreguen d&#039;instal\u00b7lar-la, revisar-la i reparar-la tamb\u00e9 ho han de ser. A la nostra empresa Apen, us assegurem que comptem amb aquest gran equip de professionals i amb una llarga experi\u00e8ncia que ens avala com a l\u00edders al sector, aix\u00ed que si voleu saber m\u00e9s contacteu amb nosaltres.<\/p>","protected":false},"excerpt":{"rendered":"<p>Konica Minolta, es un proveedor de productos relacionados con la informaci\u00f3n, l\u00edder mundialmente, que proporciona tanto productos, como servicios y soluciones que son esenciales para todas las \u00e1reas de la imagen digital en entornos de oficina y producci\u00f3n. Adem\u00e1s, una de sus preocupaciones principales es la satisfacci\u00f3n de todos sus clientes, algo que tiene en&#8230;<\/p>","protected":false},"author":4,"featured_media":0,"parent":12238,"menu_order":0,"comment_status":"closed","ping_status":"closed","template":"page-renting-impresoras.php","meta":{"_acf_changed":false,"_kad_blocks_custom_css":"","_kad_blocks_head_custom_js":"","_kad_blocks_body_custom_js":"","_kad_blocks_footer_custom_js":"","_kad_post_transparent":"","_kad_post_title":"","_kad_post_layout":"","_kad_post_sidebar_id":"","_kad_post_content_style":"","_kad_post_vertical_padding":"","_kad_post_feature":"","_kad_post_feature_position":"","_kad_post_header":false,"_kad_post_footer":false,"_kad_post_classname":"","footnotes":""},"class_list":["post-12242","page","type-page","status-publish","hentry"],"acf":[],"yoast_head":"<!-- This site is optimized with the Yoast SEO plugin v27.4 - https:\/\/yoast.com\/product\/yoast-seo-wordpress\/ -->\n<title>Fotocopiadora Konica Minolta - Apen Inform\u00e1tica<\/title>\n<meta name=\"description\" content=\"Apen ofrece a empresas Fotocopiadoras de la marca Konica Minolta. Disponemos de diferentes soluciones de impresi\u00f3pn para PYMES.\" \/>\n<meta name=\"robots\" content=\"index, follow, max-snippet:-1, max-image-preview:large, max-video-preview:-1\" \/>\n<link rel=\"canonical\" href=\"https:\/\/www.apen.es\/ca\/fotocopiadora\/konica-minolta\/\" \/>\n<meta property=\"og:locale\" content=\"ca_ES\" \/>\n<meta property=\"og:type\" content=\"article\" \/>\n<meta property=\"og:title\" content=\"Fotocopiadora Konica Minolta - Apen Inform\u00e1tica\" \/>\n<meta property=\"og:description\" content=\"Apen ofrece a empresas Fotocopiadoras de la marca Konica Minolta. Disponemos de diferentes soluciones de impresi\u00f3pn para PYMES.\" \/>\n<meta property=\"og:url\" content=\"https:\/\/www.apen.es\/ca\/fotocopiadora\/konica-minolta\/\" \/>\n<meta property=\"og:site_name\" content=\"Apen Inform\u00e1tica\" \/>\n<meta property=\"article:publisher\" content=\"https:\/\/www.facebook.com\/apensolucions\" \/>\n<meta property=\"article:modified_time\" content=\"2025-05-23T08:03:59+00:00\" \/>\n<meta property=\"og:image\" content=\"https:\/\/www.apen.es\/wp-content\/uploads\/2016\/05\/logo-apen-231x82-trasparent.png\" \/>\n\t<meta property=\"og:image:width\" content=\"231\" \/>\n\t<meta property=\"og:image:height\" content=\"82\" \/>\n\t<meta property=\"og:image:type\" content=\"image\/png\" \/>\n<meta name=\"twitter:card\" content=\"summary_large_image\" \/>\n<meta name=\"twitter:label1\" content=\"Temps estimat de lectura\" \/>\n\t<meta name=\"twitter:data1\" content=\"12 minuts\" \/>\n<script type=\"application\/ld+json\" class=\"yoast-schema-graph\">{\"@context\":\"https:\\\/\\\/schema.org\",\"@graph\":[{\"@type\":\"WebPage\",\"@id\":\"https:\\\/\\\/www.apen.es\\\/fotocopiadora\\\/konica-minolta\\\/\",\"url\":\"https:\\\/\\\/www.apen.es\\\/fotocopiadora\\\/konica-minolta\\\/\",\"name\":\"Fotocopiadora Konica Minolta - Apen Inform\u00e1tica\",\"isPartOf\":{\"@id\":\"https:\\\/\\\/www.apen.es\\\/#website\"},\"datePublished\":\"2018-11-09T13:27:24+00:00\",\"dateModified\":\"2025-05-23T08:03:59+00:00\",\"description\":\"Apen ofrece a empresas Fotocopiadoras de la marca Konica Minolta. Disponemos de diferentes soluciones de impresi\u00f3pn para PYMES.\",\"breadcrumb\":{\"@id\":\"https:\\\/\\\/www.apen.es\\\/fotocopiadora\\\/konica-minolta\\\/#breadcrumb\"},\"inLanguage\":\"ca\",\"potentialAction\":[{\"@type\":\"ReadAction\",\"target\":[\"https:\\\/\\\/www.apen.es\\\/fotocopiadora\\\/konica-minolta\\\/\"]}]},{\"@type\":\"BreadcrumbList\",\"@id\":\"https:\\\/\\\/www.apen.es\\\/fotocopiadora\\\/konica-minolta\\\/#breadcrumb\",\"itemListElement\":[{\"@type\":\"ListItem\",\"position\":1,\"name\":\"Portada\",\"item\":\"https:\\\/\\\/www.apen.es\\\/\"},{\"@type\":\"ListItem\",\"position\":2,\"name\":\"Fotocopiadora\",\"item\":\"https:\\\/\\\/www.apen.es\\\/fotocopiadora\\\/\"},{\"@type\":\"ListItem\",\"position\":3,\"name\":\"Fotocopiadora Konica Minolta\"}]},{\"@type\":\"WebSite\",\"@id\":\"https:\\\/\\\/www.apen.es\\\/#website\",\"url\":\"https:\\\/\\\/www.apen.es\\\/\",\"name\":\"Apen Inform\u00e1tica\",\"description\":\"Mantenimiento Inform\u00e1tico , Software de Gesti\u00f3n, Soluciones de impresi\u00f3n\",\"publisher\":{\"@id\":\"https:\\\/\\\/www.apen.es\\\/#organization\"},\"potentialAction\":[{\"@type\":\"SearchAction\",\"target\":{\"@type\":\"EntryPoint\",\"urlTemplate\":\"https:\\\/\\\/www.apen.es\\\/?s={search_term_string}\"},\"query-input\":{\"@type\":\"PropertyValueSpecification\",\"valueRequired\":true,\"valueName\":\"search_term_string\"}}],\"inLanguage\":\"ca\"},{\"@type\":\"Organization\",\"@id\":\"https:\\\/\\\/www.apen.es\\\/#organization\",\"name\":\"Apen: Soluciones inform\u00e1ticas\",\"url\":\"https:\\\/\\\/www.apen.es\\\/\",\"logo\":{\"@type\":\"ImageObject\",\"inLanguage\":\"ca\",\"@id\":\"https:\\\/\\\/www.apen.es\\\/#\\\/schema\\\/logo\\\/image\\\/\",\"url\":\"https:\\\/\\\/www.apen.es\\\/wp-content\\\/uploads\\\/2022\\\/08\\\/logo-apenok-231x82-1.png\",\"contentUrl\":\"https:\\\/\\\/www.apen.es\\\/wp-content\\\/uploads\\\/2022\\\/08\\\/logo-apenok-231x82-1.png\",\"width\":231,\"height\":82,\"caption\":\"Apen: Soluciones inform\u00e1ticas\"},\"image\":{\"@id\":\"https:\\\/\\\/www.apen.es\\\/#\\\/schema\\\/logo\\\/image\\\/\"},\"sameAs\":[\"https:\\\/\\\/www.facebook.com\\\/apensolucions\",\"https:\\\/\\\/www.youtube.com\\\/user\\\/ApenCentreInformatic\",\"https:\\\/\\\/www.linkedin.com\\\/company\\\/1021771?trk=tyah&trkInfo=clickedVerticalcompanyclickedEntityId1021771idx2-1-2tarId1464195271196tasapenin\"]}]}<\/script>\n<!-- \/ Yoast SEO plugin. -->","yoast_head_json":{"title":"Fotocopiadora Konica Minolta - Apen Inform\u00e1tica","description":"Apen ofrece a empresas Fotocopiadoras de la marca Konica Minolta. Disponemos de diferentes soluciones de impresi\u00f3pn para PYMES.","robots":{"index":"index","follow":"follow","max-snippet":"max-snippet:-1","max-image-preview":"max-image-preview:large","max-video-preview":"max-video-preview:-1"},"canonical":"https:\/\/www.apen.es\/ca\/fotocopiadora\/konica-minolta\/","og_locale":"ca_ES","og_type":"article","og_title":"Fotocopiadora Konica Minolta - Apen Inform\u00e1tica","og_description":"Apen ofrece a empresas Fotocopiadoras de la marca Konica Minolta. Disponemos de diferentes soluciones de impresi\u00f3pn para PYMES.","og_url":"https:\/\/www.apen.es\/ca\/fotocopiadora\/konica-minolta\/","og_site_name":"Apen Inform\u00e1tica","article_publisher":"https:\/\/www.facebook.com\/apensolucions","article_modified_time":"2025-05-23T08:03:59+00:00","og_image":[{"width":231,"height":82,"url":"https:\/\/www.apen.es\/wp-content\/uploads\/2016\/05\/logo-apen-231x82-trasparent.png","type":"image\/png"}],"twitter_card":"summary_large_image","twitter_misc":{"Temps estimat de lectura":"12 minuts"},"schema":{"@context":"https:\/\/schema.org","@graph":[{"@type":"WebPage","@id":"https:\/\/www.apen.es\/fotocopiadora\/konica-minolta\/","url":"https:\/\/www.apen.es\/fotocopiadora\/konica-minolta\/","name":"Fotocopiadora Konica Minolta - Apen Inform\u00e1tica","isPartOf":{"@id":"https:\/\/www.apen.es\/#website"},"datePublished":"2018-11-09T13:27:24+00:00","dateModified":"2025-05-23T08:03:59+00:00","description":"Apen ofrece a empresas Fotocopiadoras de la marca Konica Minolta. Disponemos de diferentes soluciones de impresi\u00f3pn para PYMES.","breadcrumb":{"@id":"https:\/\/www.apen.es\/fotocopiadora\/konica-minolta\/#breadcrumb"},"inLanguage":"ca","potentialAction":[{"@type":"ReadAction","target":["https:\/\/www.apen.es\/fotocopiadora\/konica-minolta\/"]}]},{"@type":"BreadcrumbList","@id":"https:\/\/www.apen.es\/fotocopiadora\/konica-minolta\/#breadcrumb","itemListElement":[{"@type":"ListItem","position":1,"name":"Portada","item":"https:\/\/www.apen.es\/"},{"@type":"ListItem","position":2,"name":"Fotocopiadora","item":"https:\/\/www.apen.es\/fotocopiadora\/"},{"@type":"ListItem","position":3,"name":"Fotocopiadora Konica Minolta"}]},{"@type":"WebSite","@id":"https:\/\/www.apen.es\/#website","url":"https:\/\/www.apen.es\/","name":"Apen Inform\u00e0tica","description":"Manteniment inform\u00e0tic , programari de gesti\u00f3, solucions d&#039;impressi\u00f3","publisher":{"@id":"https:\/\/www.apen.es\/#organization"},"potentialAction":[{"@type":"SearchAction","target":{"@type":"EntryPoint","urlTemplate":"https:\/\/www.apen.es\/?s={search_term_string}"},"query-input":{"@type":"PropertyValueSpecification","valueRequired":true,"valueName":"search_term_string"}}],"inLanguage":"ca"},{"@type":"Organization","@id":"https:\/\/www.apen.es\/#organization","name":"Apen: Solucions inform\u00e0tiques","url":"https:\/\/www.apen.es\/","logo":{"@type":"ImageObject","inLanguage":"ca","@id":"https:\/\/www.apen.es\/#\/schema\/logo\/image\/","url":"https:\/\/www.apen.es\/wp-content\/uploads\/2022\/08\/logo-apenok-231x82-1.png","contentUrl":"https:\/\/www.apen.es\/wp-content\/uploads\/2022\/08\/logo-apenok-231x82-1.png","width":231,"height":82,"caption":"Apen: Soluciones inform\u00e1ticas"},"image":{"@id":"https:\/\/www.apen.es\/#\/schema\/logo\/image\/"},"sameAs":["https:\/\/www.facebook.com\/apensolucions","https:\/\/www.youtube.com\/user\/ApenCentreInformatic","https:\/\/www.linkedin.com\/company\/1021771?trk=tyah&trkInfo=clickedVerticalcompanyclickedEntityId1021771idx2-1-2tarId1464195271196tasapenin"]}]}},"taxonomy_info":[],"featured_image_src_large":false,"author_info":{"display_name":"marqueting","author_link":"https:\/\/www.apen.es\/ca\/blog\/author\/marqueting\/"},"comment_info":0,"_links":{"self":[{"href":"https:\/\/www.apen.es\/ca\/wp-json\/wp\/v2\/pages\/12242","targetHints":{"allow":["GET"]}}],"collection":[{"href":"https:\/\/www.apen.es\/ca\/wp-json\/wp\/v2\/pages"}],"about":[{"href":"https:\/\/www.apen.es\/ca\/wp-json\/wp\/v2\/types\/page"}],"author":[{"embeddable":true,"href":"https:\/\/www.apen.es\/ca\/wp-json\/wp\/v2\/users\/4"}],"replies":[{"embeddable":true,"href":"https:\/\/www.apen.es\/ca\/wp-json\/wp\/v2\/comments?post=12242"}],"version-history":[{"count":4,"href":"https:\/\/www.apen.es\/ca\/wp-json\/wp\/v2\/pages\/12242\/revisions"}],"predecessor-version":[{"id":56947,"href":"https:\/\/www.apen.es\/ca\/wp-json\/wp\/v2\/pages\/12242\/revisions\/56947"}],"up":[{"embeddable":true,"href":"https:\/\/www.apen.es\/ca\/wp-json\/wp\/v2\/pages\/12238"}],"wp:attachment":[{"href":"https:\/\/www.apen.es\/ca\/wp-json\/wp\/v2\/media?parent=12242"}],"curies":[{"name":"wp","href":"https:\/\/api.w.org\/{rel}","templated":true}]}}