{"id":12240,"date":"2018-11-09T13:24:26","date_gmt":"2018-11-09T13:24:26","guid":{"rendered":"https:\/\/www.apen.es\/?page_id=12240"},"modified":"2025-05-23T08:03:47","modified_gmt":"2025-05-23T08:03:47","slug":"kyocera","status":"publish","type":"page","link":"https:\/\/www.apen.es\/ca\/fotocopiadora\/kyocera\/","title":{"rendered":"Fotocopiadora Kyocera"},"content":{"rendered":"<p>A la nostra empresa disposem d&#039;una gran varietat d&#039;aparells d&#039;impressi\u00f3 que tenen la finalitat de solucionar tota mena de problemes a les diferents empreses que prove\u00efm. Entre els nostres productes es poden trobar tota mena d&#039;impressores,&nbsp;<strong>fotocopiadores<\/strong>&nbsp;o aparells multifunci\u00f3 que ajudaran qualsevol empresa ha de millorar el seu rendiment i qualitat d&#039;impressi\u00f3 de tot tipus de documents. Els productes de la marca&nbsp;<strong>Kyocera<\/strong>&nbsp;destaquen per ser de gran qualitat i oferir al client exactament all\u00f2 que necessita, sense costos elevats ni funcions prescindibles.<\/p>\n\n\n\n<p>Les&nbsp;<strong>fotocopiadors<\/strong>&nbsp;de la marca&nbsp;<strong>Kyocera<\/strong>&nbsp;ofereixen infinitat d&#039;avantatges davant de la compet\u00e8ncia, totes aquelles empreses que les utilitzen aconsegueixen una impressi\u00f3 r\u00e0pida, amb un proc\u00e9s net i de qualitat. A m\u00e9s, aquest tipus de productes ofereixen infinitat de funcions i caracter\u00edstiques que fan que el seu \u00fas sigui molt m\u00e9s f\u00e0cil i intu\u00eftiu i el seu acabat sigui immillorable. Per aquest motiu, a Apen, nom\u00e9s comercialitzem amb productes de primera qualitat, dels quals estem segurs que suposaran un gran avantatge per als nostres clients i empreses que ho sol\u00b7licitin.<\/p>\n\n\n\n<p>S\u00f3n moltes les funcions que poden donar rapidesa i efici\u00e8ncia a la feina de qualsevol empresa, entre elles, destaquem la impressi\u00f3 per ambd\u00f3s costats. Aquest tipus de caracter\u00edstiques s\u00f3n les que fan que una&nbsp;<strong>fotocopiadora<\/strong>&nbsp;sigui realment una eina efica\u00e7 i solucioni problemes. Tamb\u00e9 hem de tenir en compte que aquest tipus de productes de la marca&nbsp;<strong>Kyocera<\/strong>, s\u00f3n ideals per escanejar tot tipus de documents i desar-los a l&#039;ordinador, alhora que podeu imprimir qualsevol tipus d&#039;escrit. Els clients d&#039;aquestes empreses agrairan la rapidesa i valoraran notablement la qualitat de les impressions i els documents fotocopiats.<\/p>\n\n\n\n<p>A nivell econ\u00f2mic, tant la impressi\u00f3 a dues cares com un altre tipus de funcions de qu\u00e8 disposen aquest tipus de&nbsp;<strong>fotocopiadores Kyocera<\/strong>&nbsp;suposen un gran aven\u00e7, ja que l&#039;empresa podr\u00e0 decidir quantes p\u00e0gines s&#039;imprimeix cada document i com vol que sigui el paper o mode de la impressi\u00f3. En definitiva, aquests productes suposen un gran aven\u00e7 per a tot tipus d&#039;oficines i negocis que necessitin fer tota mena de tasques d&#039;impressi\u00f3 de forma constant i amb el m\u00e0xim rendiment. A m\u00e9s, les empreses que disposen dels millors programaris de gesti\u00f3 poden gaudir d&#039;una organitzaci\u00f3 directa i molt m\u00e9s r\u00e0pida de tots aquells documents i arxius que escanegen.<\/p>\n\n\n\n<p>Si voleu saber m\u00e9s sobre les nostres&nbsp;<strong>fotocopiadores<\/strong>&nbsp;de la marca&nbsp;<strong>Kyocera<\/strong>&nbsp;o sobre qualsevol altre producte, no dubteu a posar-vos en contacte amb la nostra empresa, estarem encantats d&#039;atendre-us i resoldre qualsevol dubte que pugueu tenir. A m\u00e9s, us oferirem tota la informaci\u00f3 que requereixi sense cap mena de comprom\u00eds i d&#039;una manera totalment personalitzada a les necessitats i prefer\u00e8ncies del vostre negoci.<\/p>","protected":false},"excerpt":{"rendered":"<p>En nuestra empresa disponemos de una gran variedad de aparatos de impresi\u00f3n que tienen la finalidad de solucionar todo tipo de problemas a las distintas empresas a las que abastecemos. Entre nuestros productos se pueden encontrar todo tipo de impresoras,&nbsp;fotocopiadoras&nbsp;o aparatos multifunci\u00f3n que ayudar\u00e1n a cualquier empresa ha mejorar su rendimiento y calidad de impresi\u00f3n&#8230;<\/p>","protected":false},"author":4,"featured_media":0,"parent":12238,"menu_order":0,"comment_status":"closed","ping_status":"closed","template":"page-renting-impresoras.php","meta":{"_acf_changed":false,"_kad_blocks_custom_css":"","_kad_blocks_head_custom_js":"","_kad_blocks_body_custom_js":"","_kad_blocks_footer_custom_js":"","_kad_post_transparent":"","_kad_post_title":"","_kad_post_layout":"","_kad_post_sidebar_id":"","_kad_post_content_style":"","_kad_post_vertical_padding":"","_kad_post_feature":"","_kad_post_feature_position":"","_kad_post_header":false,"_kad_post_footer":false,"_kad_post_classname":"","footnotes":""},"class_list":["post-12240","page","type-page","status-publish","hentry"],"acf":[],"yoast_head":"<!-- This site is optimized with the Yoast SEO plugin v27.4 - https:\/\/yoast.com\/product\/yoast-seo-wordpress\/ -->\n<title>Fotocopiadora Kyocera - Apen Inform\u00e1tica<\/title>\n<meta name=\"description\" content=\"Apen ofrece a empresas Fotocopiadoras de la marca Kyocera. Disponemos de diferentes soluciones de impresi\u00f3pn para PYMES.Ll\u00e1manos al 938 606 220 sin compromiso.\" \/>\n<meta name=\"robots\" content=\"index, follow, max-snippet:-1, max-image-preview:large, max-video-preview:-1\" \/>\n<link rel=\"canonical\" href=\"https:\/\/www.apen.es\/ca\/fotocopiadora\/kyocera\/\" \/>\n<meta property=\"og:locale\" content=\"ca_ES\" \/>\n<meta property=\"og:type\" content=\"article\" \/>\n<meta property=\"og:title\" content=\"Fotocopiadora Kyocera - Apen Inform\u00e1tica\" \/>\n<meta property=\"og:description\" content=\"Apen ofrece a empresas Fotocopiadoras de la marca Kyocera. Disponemos de diferentes soluciones de impresi\u00f3pn para PYMES.Ll\u00e1manos al 938 606 220 sin compromiso.\" \/>\n<meta property=\"og:url\" content=\"https:\/\/www.apen.es\/ca\/fotocopiadora\/kyocera\/\" \/>\n<meta property=\"og:site_name\" content=\"Apen Inform\u00e1tica\" \/>\n<meta property=\"article:publisher\" content=\"https:\/\/www.facebook.com\/apensolucions\" \/>\n<meta property=\"article:modified_time\" content=\"2025-05-23T08:03:47+00:00\" \/>\n<meta property=\"og:image\" content=\"https:\/\/www.apen.es\/wp-content\/uploads\/2016\/05\/logo-apen-231x82-trasparent.png\" \/>\n\t<meta property=\"og:image:width\" content=\"231\" \/>\n\t<meta property=\"og:image:height\" content=\"82\" \/>\n\t<meta property=\"og:image:type\" content=\"image\/png\" \/>\n<meta name=\"twitter:card\" content=\"summary_large_image\" \/>\n<meta name=\"twitter:label1\" content=\"Temps estimat de lectura\" \/>\n\t<meta name=\"twitter:data1\" content=\"8 minuts\" \/>\n<script type=\"application\/ld+json\" class=\"yoast-schema-graph\">{\"@context\":\"https:\\\/\\\/schema.org\",\"@graph\":[{\"@type\":\"WebPage\",\"@id\":\"https:\\\/\\\/www.apen.es\\\/fotocopiadora\\\/kyocera\\\/\",\"url\":\"https:\\\/\\\/www.apen.es\\\/fotocopiadora\\\/kyocera\\\/\",\"name\":\"Fotocopiadora Kyocera - Apen Inform\u00e1tica\",\"isPartOf\":{\"@id\":\"https:\\\/\\\/www.apen.es\\\/#website\"},\"datePublished\":\"2018-11-09T13:24:26+00:00\",\"dateModified\":\"2025-05-23T08:03:47+00:00\",\"description\":\"Apen ofrece a empresas Fotocopiadoras de la marca Kyocera. Disponemos de diferentes soluciones de impresi\u00f3pn para PYMES.Ll\u00e1manos al 938 606 220 sin compromiso.\",\"breadcrumb\":{\"@id\":\"https:\\\/\\\/www.apen.es\\\/fotocopiadora\\\/kyocera\\\/#breadcrumb\"},\"inLanguage\":\"ca\",\"potentialAction\":[{\"@type\":\"ReadAction\",\"target\":[\"https:\\\/\\\/www.apen.es\\\/fotocopiadora\\\/kyocera\\\/\"]}]},{\"@type\":\"BreadcrumbList\",\"@id\":\"https:\\\/\\\/www.apen.es\\\/fotocopiadora\\\/kyocera\\\/#breadcrumb\",\"itemListElement\":[{\"@type\":\"ListItem\",\"position\":1,\"name\":\"Portada\",\"item\":\"https:\\\/\\\/www.apen.es\\\/\"},{\"@type\":\"ListItem\",\"position\":2,\"name\":\"Fotocopiadora\",\"item\":\"https:\\\/\\\/www.apen.es\\\/fotocopiadora\\\/\"},{\"@type\":\"ListItem\",\"position\":3,\"name\":\"Fotocopiadora Kyocera\"}]},{\"@type\":\"WebSite\",\"@id\":\"https:\\\/\\\/www.apen.es\\\/#website\",\"url\":\"https:\\\/\\\/www.apen.es\\\/\",\"name\":\"Apen Inform\u00e1tica\",\"description\":\"Mantenimiento Inform\u00e1tico , Software de Gesti\u00f3n, Soluciones de impresi\u00f3n\",\"publisher\":{\"@id\":\"https:\\\/\\\/www.apen.es\\\/#organization\"},\"potentialAction\":[{\"@type\":\"SearchAction\",\"target\":{\"@type\":\"EntryPoint\",\"urlTemplate\":\"https:\\\/\\\/www.apen.es\\\/?s={search_term_string}\"},\"query-input\":{\"@type\":\"PropertyValueSpecification\",\"valueRequired\":true,\"valueName\":\"search_term_string\"}}],\"inLanguage\":\"ca\"},{\"@type\":\"Organization\",\"@id\":\"https:\\\/\\\/www.apen.es\\\/#organization\",\"name\":\"Apen: Soluciones inform\u00e1ticas\",\"url\":\"https:\\\/\\\/www.apen.es\\\/\",\"logo\":{\"@type\":\"ImageObject\",\"inLanguage\":\"ca\",\"@id\":\"https:\\\/\\\/www.apen.es\\\/#\\\/schema\\\/logo\\\/image\\\/\",\"url\":\"https:\\\/\\\/www.apen.es\\\/wp-content\\\/uploads\\\/2022\\\/08\\\/logo-apenok-231x82-1.png\",\"contentUrl\":\"https:\\\/\\\/www.apen.es\\\/wp-content\\\/uploads\\\/2022\\\/08\\\/logo-apenok-231x82-1.png\",\"width\":231,\"height\":82,\"caption\":\"Apen: Soluciones inform\u00e1ticas\"},\"image\":{\"@id\":\"https:\\\/\\\/www.apen.es\\\/#\\\/schema\\\/logo\\\/image\\\/\"},\"sameAs\":[\"https:\\\/\\\/www.facebook.com\\\/apensolucions\",\"https:\\\/\\\/www.youtube.com\\\/user\\\/ApenCentreInformatic\",\"https:\\\/\\\/www.linkedin.com\\\/company\\\/1021771?trk=tyah&trkInfo=clickedVerticalcompanyclickedEntityId1021771idx2-1-2tarId1464195271196tasapenin\"]}]}<\/script>\n<!-- \/ Yoast SEO plugin. -->","yoast_head_json":{"title":"Fotocopiadora Kyocera - Apen Inform\u00e1tica","description":"Apen ofrece a empresas Fotocopiadoras de la marca Kyocera. Disponemos de diferentes soluciones de impresi\u00f3pn para PYMES.Ll\u00e1manos al 938 606 220 sin compromiso.","robots":{"index":"index","follow":"follow","max-snippet":"max-snippet:-1","max-image-preview":"max-image-preview:large","max-video-preview":"max-video-preview:-1"},"canonical":"https:\/\/www.apen.es\/ca\/fotocopiadora\/kyocera\/","og_locale":"ca_ES","og_type":"article","og_title":"Fotocopiadora Kyocera - Apen Inform\u00e1tica","og_description":"Apen ofrece a empresas Fotocopiadoras de la marca Kyocera. Disponemos de diferentes soluciones de impresi\u00f3pn para PYMES.Ll\u00e1manos al 938 606 220 sin compromiso.","og_url":"https:\/\/www.apen.es\/ca\/fotocopiadora\/kyocera\/","og_site_name":"Apen Inform\u00e1tica","article_publisher":"https:\/\/www.facebook.com\/apensolucions","article_modified_time":"2025-05-23T08:03:47+00:00","og_image":[{"width":231,"height":82,"url":"https:\/\/www.apen.es\/wp-content\/uploads\/2016\/05\/logo-apen-231x82-trasparent.png","type":"image\/png"}],"twitter_card":"summary_large_image","twitter_misc":{"Temps estimat de lectura":"8 minuts"},"schema":{"@context":"https:\/\/schema.org","@graph":[{"@type":"WebPage","@id":"https:\/\/www.apen.es\/fotocopiadora\/kyocera\/","url":"https:\/\/www.apen.es\/fotocopiadora\/kyocera\/","name":"Fotocopiadora Kyocera - Apen Inform\u00e1tica","isPartOf":{"@id":"https:\/\/www.apen.es\/#website"},"datePublished":"2018-11-09T13:24:26+00:00","dateModified":"2025-05-23T08:03:47+00:00","description":"Apen ofrece a empresas Fotocopiadoras de la marca Kyocera. Disponemos de diferentes soluciones de impresi\u00f3pn para PYMES.Ll\u00e1manos al 938 606 220 sin compromiso.","breadcrumb":{"@id":"https:\/\/www.apen.es\/fotocopiadora\/kyocera\/#breadcrumb"},"inLanguage":"ca","potentialAction":[{"@type":"ReadAction","target":["https:\/\/www.apen.es\/fotocopiadora\/kyocera\/"]}]},{"@type":"BreadcrumbList","@id":"https:\/\/www.apen.es\/fotocopiadora\/kyocera\/#breadcrumb","itemListElement":[{"@type":"ListItem","position":1,"name":"Portada","item":"https:\/\/www.apen.es\/"},{"@type":"ListItem","position":2,"name":"Fotocopiadora","item":"https:\/\/www.apen.es\/fotocopiadora\/"},{"@type":"ListItem","position":3,"name":"Fotocopiadora Kyocera"}]},{"@type":"WebSite","@id":"https:\/\/www.apen.es\/#website","url":"https:\/\/www.apen.es\/","name":"Apen Inform\u00e0tica","description":"Manteniment inform\u00e0tic , programari de gesti\u00f3, solucions d&#039;impressi\u00f3","publisher":{"@id":"https:\/\/www.apen.es\/#organization"},"potentialAction":[{"@type":"SearchAction","target":{"@type":"EntryPoint","urlTemplate":"https:\/\/www.apen.es\/?s={search_term_string}"},"query-input":{"@type":"PropertyValueSpecification","valueRequired":true,"valueName":"search_term_string"}}],"inLanguage":"ca"},{"@type":"Organization","@id":"https:\/\/www.apen.es\/#organization","name":"Apen: Solucions inform\u00e0tiques","url":"https:\/\/www.apen.es\/","logo":{"@type":"ImageObject","inLanguage":"ca","@id":"https:\/\/www.apen.es\/#\/schema\/logo\/image\/","url":"https:\/\/www.apen.es\/wp-content\/uploads\/2022\/08\/logo-apenok-231x82-1.png","contentUrl":"https:\/\/www.apen.es\/wp-content\/uploads\/2022\/08\/logo-apenok-231x82-1.png","width":231,"height":82,"caption":"Apen: Soluciones inform\u00e1ticas"},"image":{"@id":"https:\/\/www.apen.es\/#\/schema\/logo\/image\/"},"sameAs":["https:\/\/www.facebook.com\/apensolucions","https:\/\/www.youtube.com\/user\/ApenCentreInformatic","https:\/\/www.linkedin.com\/company\/1021771?trk=tyah&trkInfo=clickedVerticalcompanyclickedEntityId1021771idx2-1-2tarId1464195271196tasapenin"]}]}},"taxonomy_info":[],"featured_image_src_large":false,"author_info":{"display_name":"marqueting","author_link":"https:\/\/www.apen.es\/ca\/blog\/author\/marqueting\/"},"comment_info":0,"_links":{"self":[{"href":"https:\/\/www.apen.es\/ca\/wp-json\/wp\/v2\/pages\/12240","targetHints":{"allow":["GET"]}}],"collection":[{"href":"https:\/\/www.apen.es\/ca\/wp-json\/wp\/v2\/pages"}],"about":[{"href":"https:\/\/www.apen.es\/ca\/wp-json\/wp\/v2\/types\/page"}],"author":[{"embeddable":true,"href":"https:\/\/www.apen.es\/ca\/wp-json\/wp\/v2\/users\/4"}],"replies":[{"embeddable":true,"href":"https:\/\/www.apen.es\/ca\/wp-json\/wp\/v2\/comments?post=12240"}],"version-history":[{"count":2,"href":"https:\/\/www.apen.es\/ca\/wp-json\/wp\/v2\/pages\/12240\/revisions"}],"predecessor-version":[{"id":54788,"href":"https:\/\/www.apen.es\/ca\/wp-json\/wp\/v2\/pages\/12240\/revisions\/54788"}],"up":[{"embeddable":true,"href":"https:\/\/www.apen.es\/ca\/wp-json\/wp\/v2\/pages\/12238"}],"wp:attachment":[{"href":"https:\/\/www.apen.es\/ca\/wp-json\/wp\/v2\/media?parent=12240"}],"curies":[{"name":"wp","href":"https:\/\/api.w.org\/{rel}","templated":true}]}}