{"id":12238,"date":"2018-11-09T13:21:08","date_gmt":"2018-11-09T13:21:08","guid":{"rendered":"https:\/\/www.apen.es\/?page_id=12238"},"modified":"2025-05-23T08:00:08","modified_gmt":"2025-05-23T08:00:08","slug":"fotocopiadora","status":"publish","type":"page","link":"https:\/\/www.apen.es\/ca\/fotocopiadora\/","title":{"rendered":"Fotocopiadora"},"content":{"rendered":"<p>Apen, som una empresa amb m\u00e9s de vint-i-cinc anys de traject\u00f2ria en els quals ens hem especialitzat en la implantaci\u00f3 i el manteniment de tot tipus d&#039;equips inform\u00e0tics, com ara impressores o&nbsp;<strong>fotocopiadores<\/strong>, per tal d&#039;aportar als nostres clients les millors solucions per a la gesti\u00f3 de les seves empreses, amb el principal objectiu de millorar la capacitat competitiva de cadascuna.<\/p>\n\n\n\n<p>Tots els productes de qu\u00e8 disposem a la nostra empresa disposen de la m\u00e0xima qualitat. Per aquest motiu, cada cop s\u00f3n m\u00e9s els usuaris que acudeixen a nosaltres a la recerca de les millors solucions d&#039;impressi\u00f3. Entre aquests productes, les&nbsp;<strong>fotocopiadores<\/strong>&nbsp;prenen un paper molt important, ja que \u00e9s un dispositiu essencial que no pot faltar a cap empresa o oficina. A la nostra cartera de productes \u00fanicament disposem d&#039;aparells de m\u00e0xima qualitat fabricats per empreses l\u00edders al sector de la tecnologia i la innovaci\u00f3. Tots els nostres clients confien en la nostra feina i saben que els oferirem un producte que s&#039;adapti tant a les vostres necessitats com prefer\u00e8ncies.<\/p>\n\n\n\n<p>El nostre gran equip de professionals s&#039;esfor\u00e7a dia a dia per aconseguir les millors solucions per als nostres clients, amb l&#039;objectiu principal de resoldre qualsevol tipus de problema que puguin tenir, sobretot al sector de la impressi\u00f3. D&#039;aquesta manera, la nostra gran gamma de&nbsp;<strong>fotocopiadores<\/strong>&nbsp;ens permet oferir aquella que cobreixi millor les necessitats de cada client, adaptant-se tant en prestacions com en caracter\u00edstiques f\u00edsiques. A m\u00e9s, el nostre equip s&#039;encarrega que cada client sigui conscient de tot all\u00f2 que ofereix el seu producte, amb la finalitat que li tregui el m\u00e0xim profit i li asseguri una feina r\u00e0pida per\u00f2 efectiva. Els nostres objectius i valors pretenen garantir que tots i cadascun dels nostres clients quedi satisfet amb el vostre&nbsp;<strong>fotocopiadora<\/strong>, a m\u00e9s de amb el nostre servei totalment personalitzat.<\/p>\n\n\n\n<p>Com hem dit anteriorment, a la nostra empresa, sempre oferim productes i serveis totalment personalitzats, \u00e9s a dir que primer de tot, ens prenem tot el temps que sigui necessari per con\u00e8ixer les caracter\u00edstiques i les necessitats de cadascuna de les empreses, i per tant poder fer un estudi i oferir totes les opcions que s&#039;adapten al que necessiten, per exemple les&nbsp;<strong>fotocopiadores<\/strong>, ja que trobareu una gran varietat de tipus diferents, i gr\u00e0cies als nostres serveis, trobareu la que m\u00e9s s&#039;adapta a les vostres necessitats t\u00e8cniques i econ\u00f2miques.<\/p>\n\n\n\n<p>Si voleu saber m\u00e9s sobre els productes i serveis que oferim, no dubteu en posar-vos en contacte amb nosaltres, ja que comptem amb un gran equip de professionals, amb tota la formaci\u00f3 necess\u00e0ria i amb molts anys d&#039;experi\u00e8ncia, a m\u00e9s porten molt de temps de cara al p\u00fablic, per la qual cosa us oferiran un tracte molt cordial.<\/p>","protected":false},"excerpt":{"rendered":"<p>Apen, somos una empresa con m\u00e1s de veinticinco a\u00f1os de trayectoria en los cuales nos hemos especializado en la implantaci\u00f3n y en el mantenimiento de todo tipo de equipos inform\u00e1ticos, como por ejemplo impresoras o&nbsp;fotocopiadoras, con tal de aportar a nuestros clientes las mejores soluciones para la gesti\u00f3n de sus empresas, con el principal objetivo&#8230;<\/p>","protected":false},"author":4,"featured_media":0,"parent":0,"menu_order":0,"comment_status":"closed","ping_status":"closed","template":"page-renting-impresoras.php","meta":{"_acf_changed":false,"_kad_blocks_custom_css":"","_kad_blocks_head_custom_js":"","_kad_blocks_body_custom_js":"","_kad_blocks_footer_custom_js":"","_kad_post_transparent":"","_kad_post_title":"","_kad_post_layout":"","_kad_post_sidebar_id":"","_kad_post_content_style":"","_kad_post_vertical_padding":"","_kad_post_feature":"","_kad_post_feature_position":"","_kad_post_header":false,"_kad_post_footer":false,"_kad_post_classname":"","footnotes":""},"class_list":["post-12238","page","type-page","status-publish","hentry"],"acf":[],"yoast_head":"<!-- This site is optimized with the Yoast SEO plugin v27.4 - https:\/\/yoast.com\/product\/yoast-seo-wordpress\/ -->\n<title>Fotocopiadora - Apen Inform\u00e1tica<\/title>\n<meta name=\"description\" content=\"Renueva tu impresora con Apen. Apen, somos una empresa con m\u00e1s de veinticinco a\u00f1os de trayectoria en ofrecer soluciones tecnol\u00f3gicas a empresas.\" \/>\n<meta name=\"robots\" content=\"index, follow, max-snippet:-1, max-image-preview:large, max-video-preview:-1\" \/>\n<link rel=\"canonical\" href=\"https:\/\/www.apen.es\/ca\/fotocopiadora\/\" \/>\n<meta property=\"og:locale\" content=\"ca_ES\" \/>\n<meta property=\"og:type\" content=\"article\" \/>\n<meta property=\"og:title\" content=\"Fotocopiadora - Apen Inform\u00e1tica\" \/>\n<meta property=\"og:description\" content=\"Renueva tu impresora con Apen. Apen, somos una empresa con m\u00e1s de veinticinco a\u00f1os de trayectoria en ofrecer soluciones tecnol\u00f3gicas a empresas.\" \/>\n<meta property=\"og:url\" content=\"https:\/\/www.apen.es\/ca\/fotocopiadora\/\" \/>\n<meta property=\"og:site_name\" content=\"Apen Inform\u00e1tica\" \/>\n<meta property=\"article:publisher\" content=\"https:\/\/www.facebook.com\/apensolucions\" \/>\n<meta property=\"article:modified_time\" content=\"2025-05-23T08:00:08+00:00\" \/>\n<meta property=\"og:image\" content=\"https:\/\/www.apen.es\/wp-content\/uploads\/2016\/05\/logo-apen-231x82-trasparent.png\" \/>\n\t<meta property=\"og:image:width\" content=\"231\" \/>\n\t<meta property=\"og:image:height\" content=\"82\" \/>\n\t<meta property=\"og:image:type\" content=\"image\/png\" \/>\n<meta name=\"twitter:card\" content=\"summary_large_image\" \/>\n<meta name=\"twitter:label1\" content=\"Temps estimat de lectura\" \/>\n\t<meta name=\"twitter:data1\" content=\"8 minuts\" \/>\n<script type=\"application\/ld+json\" class=\"yoast-schema-graph\">{\"@context\":\"https:\\\/\\\/schema.org\",\"@graph\":[{\"@type\":\"WebPage\",\"@id\":\"https:\\\/\\\/www.apen.es\\\/fotocopiadora\\\/\",\"url\":\"https:\\\/\\\/www.apen.es\\\/fotocopiadora\\\/\",\"name\":\"Fotocopiadora - Apen Inform\u00e1tica\",\"isPartOf\":{\"@id\":\"https:\\\/\\\/www.apen.es\\\/#website\"},\"datePublished\":\"2018-11-09T13:21:08+00:00\",\"dateModified\":\"2025-05-23T08:00:08+00:00\",\"description\":\"Renueva tu impresora con Apen. Apen, somos una empresa con m\u00e1s de veinticinco a\u00f1os de trayectoria en ofrecer soluciones tecnol\u00f3gicas a empresas.\",\"breadcrumb\":{\"@id\":\"https:\\\/\\\/www.apen.es\\\/fotocopiadora\\\/#breadcrumb\"},\"inLanguage\":\"ca\",\"potentialAction\":[{\"@type\":\"ReadAction\",\"target\":[\"https:\\\/\\\/www.apen.es\\\/fotocopiadora\\\/\"]}]},{\"@type\":\"BreadcrumbList\",\"@id\":\"https:\\\/\\\/www.apen.es\\\/fotocopiadora\\\/#breadcrumb\",\"itemListElement\":[{\"@type\":\"ListItem\",\"position\":1,\"name\":\"Portada\",\"item\":\"https:\\\/\\\/www.apen.es\\\/\"},{\"@type\":\"ListItem\",\"position\":2,\"name\":\"Fotocopiadora\"}]},{\"@type\":\"WebSite\",\"@id\":\"https:\\\/\\\/www.apen.es\\\/#website\",\"url\":\"https:\\\/\\\/www.apen.es\\\/\",\"name\":\"Apen Inform\u00e1tica\",\"description\":\"Mantenimiento Inform\u00e1tico , Software de Gesti\u00f3n, Soluciones de impresi\u00f3n\",\"publisher\":{\"@id\":\"https:\\\/\\\/www.apen.es\\\/#organization\"},\"potentialAction\":[{\"@type\":\"SearchAction\",\"target\":{\"@type\":\"EntryPoint\",\"urlTemplate\":\"https:\\\/\\\/www.apen.es\\\/?s={search_term_string}\"},\"query-input\":{\"@type\":\"PropertyValueSpecification\",\"valueRequired\":true,\"valueName\":\"search_term_string\"}}],\"inLanguage\":\"ca\"},{\"@type\":\"Organization\",\"@id\":\"https:\\\/\\\/www.apen.es\\\/#organization\",\"name\":\"Apen: Soluciones inform\u00e1ticas\",\"url\":\"https:\\\/\\\/www.apen.es\\\/\",\"logo\":{\"@type\":\"ImageObject\",\"inLanguage\":\"ca\",\"@id\":\"https:\\\/\\\/www.apen.es\\\/#\\\/schema\\\/logo\\\/image\\\/\",\"url\":\"https:\\\/\\\/www.apen.es\\\/wp-content\\\/uploads\\\/2022\\\/08\\\/logo-apenok-231x82-1.png\",\"contentUrl\":\"https:\\\/\\\/www.apen.es\\\/wp-content\\\/uploads\\\/2022\\\/08\\\/logo-apenok-231x82-1.png\",\"width\":231,\"height\":82,\"caption\":\"Apen: Soluciones inform\u00e1ticas\"},\"image\":{\"@id\":\"https:\\\/\\\/www.apen.es\\\/#\\\/schema\\\/logo\\\/image\\\/\"},\"sameAs\":[\"https:\\\/\\\/www.facebook.com\\\/apensolucions\",\"https:\\\/\\\/www.youtube.com\\\/user\\\/ApenCentreInformatic\",\"https:\\\/\\\/www.linkedin.com\\\/company\\\/1021771?trk=tyah&trkInfo=clickedVerticalcompanyclickedEntityId1021771idx2-1-2tarId1464195271196tasapenin\"]}]}<\/script>\n<!-- \/ Yoast SEO plugin. -->","yoast_head_json":{"title":"Fotocopiadora - Apen Inform\u00e0tica","description":"Renova la teva impressora amb Apen. A penes, som una empresa amb m\u00e9s de vint-i-cinc anys de traject\u00f2ria a oferir solucions tecnol\u00f2giques a empreses.","robots":{"index":"index","follow":"follow","max-snippet":"max-snippet:-1","max-image-preview":"max-image-preview:large","max-video-preview":"max-video-preview:-1"},"canonical":"https:\/\/www.apen.es\/ca\/fotocopiadora\/","og_locale":"ca_ES","og_type":"article","og_title":"Fotocopiadora - Apen Inform\u00e1tica","og_description":"Renueva tu impresora con Apen. Apen, somos una empresa con m\u00e1s de veinticinco a\u00f1os de trayectoria en ofrecer soluciones tecnol\u00f3gicas a empresas.","og_url":"https:\/\/www.apen.es\/ca\/fotocopiadora\/","og_site_name":"Apen Inform\u00e1tica","article_publisher":"https:\/\/www.facebook.com\/apensolucions","article_modified_time":"2025-05-23T08:00:08+00:00","og_image":[{"width":231,"height":82,"url":"https:\/\/www.apen.es\/wp-content\/uploads\/2016\/05\/logo-apen-231x82-trasparent.png","type":"image\/png"}],"twitter_card":"summary_large_image","twitter_misc":{"Temps estimat de lectura":"8 minuts"},"schema":{"@context":"https:\/\/schema.org","@graph":[{"@type":"WebPage","@id":"https:\/\/www.apen.es\/fotocopiadora\/","url":"https:\/\/www.apen.es\/fotocopiadora\/","name":"Fotocopiadora - Apen Inform\u00e0tica","isPartOf":{"@id":"https:\/\/www.apen.es\/#website"},"datePublished":"2018-11-09T13:21:08+00:00","dateModified":"2025-05-23T08:00:08+00:00","description":"Renova la teva impressora amb Apen. A penes, som una empresa amb m\u00e9s de vint-i-cinc anys de traject\u00f2ria a oferir solucions tecnol\u00f2giques a empreses.","breadcrumb":{"@id":"https:\/\/www.apen.es\/fotocopiadora\/#breadcrumb"},"inLanguage":"ca","potentialAction":[{"@type":"ReadAction","target":["https:\/\/www.apen.es\/fotocopiadora\/"]}]},{"@type":"BreadcrumbList","@id":"https:\/\/www.apen.es\/fotocopiadora\/#breadcrumb","itemListElement":[{"@type":"ListItem","position":1,"name":"Portada","item":"https:\/\/www.apen.es\/"},{"@type":"ListItem","position":2,"name":"Fotocopiadora"}]},{"@type":"WebSite","@id":"https:\/\/www.apen.es\/#website","url":"https:\/\/www.apen.es\/","name":"Apen Inform\u00e0tica","description":"Manteniment inform\u00e0tic , programari de gesti\u00f3, solucions d&#039;impressi\u00f3","publisher":{"@id":"https:\/\/www.apen.es\/#organization"},"potentialAction":[{"@type":"SearchAction","target":{"@type":"EntryPoint","urlTemplate":"https:\/\/www.apen.es\/?s={search_term_string}"},"query-input":{"@type":"PropertyValueSpecification","valueRequired":true,"valueName":"search_term_string"}}],"inLanguage":"ca"},{"@type":"Organization","@id":"https:\/\/www.apen.es\/#organization","name":"Apen: Solucions inform\u00e0tiques","url":"https:\/\/www.apen.es\/","logo":{"@type":"ImageObject","inLanguage":"ca","@id":"https:\/\/www.apen.es\/#\/schema\/logo\/image\/","url":"https:\/\/www.apen.es\/wp-content\/uploads\/2022\/08\/logo-apenok-231x82-1.png","contentUrl":"https:\/\/www.apen.es\/wp-content\/uploads\/2022\/08\/logo-apenok-231x82-1.png","width":231,"height":82,"caption":"Apen: Soluciones inform\u00e1ticas"},"image":{"@id":"https:\/\/www.apen.es\/#\/schema\/logo\/image\/"},"sameAs":["https:\/\/www.facebook.com\/apensolucions","https:\/\/www.youtube.com\/user\/ApenCentreInformatic","https:\/\/www.linkedin.com\/company\/1021771?trk=tyah&trkInfo=clickedVerticalcompanyclickedEntityId1021771idx2-1-2tarId1464195271196tasapenin"]}]}},"taxonomy_info":[],"featured_image_src_large":false,"author_info":{"display_name":"marqueting","author_link":"https:\/\/www.apen.es\/ca\/blog\/author\/marqueting\/"},"comment_info":0,"_links":{"self":[{"href":"https:\/\/www.apen.es\/ca\/wp-json\/wp\/v2\/pages\/12238","targetHints":{"allow":["GET"]}}],"collection":[{"href":"https:\/\/www.apen.es\/ca\/wp-json\/wp\/v2\/pages"}],"about":[{"href":"https:\/\/www.apen.es\/ca\/wp-json\/wp\/v2\/types\/page"}],"author":[{"embeddable":true,"href":"https:\/\/www.apen.es\/ca\/wp-json\/wp\/v2\/users\/4"}],"replies":[{"embeddable":true,"href":"https:\/\/www.apen.es\/ca\/wp-json\/wp\/v2\/comments?post=12238"}],"version-history":[{"count":3,"href":"https:\/\/www.apen.es\/ca\/wp-json\/wp\/v2\/pages\/12238\/revisions"}],"predecessor-version":[{"id":54776,"href":"https:\/\/www.apen.es\/ca\/wp-json\/wp\/v2\/pages\/12238\/revisions\/54776"}],"wp:attachment":[{"href":"https:\/\/www.apen.es\/ca\/wp-json\/wp\/v2\/media?parent=12238"}],"curies":[{"name":"wp","href":"https:\/\/api.w.org\/{rel}","templated":true}]}}