{"id":11972,"date":"2018-10-16T08:15:39","date_gmt":"2018-10-16T08:15:39","guid":{"rendered":"https:\/\/www.apen.es\/?page_id=11972"},"modified":"2025-07-10T09:01:51","modified_gmt":"2025-07-10T09:01:51","slug":"landing-konica","status":"publish","type":"page","link":"https:\/\/www.apen.es\/ca\/landing-konica\/","title":{"rendered":"Landing Konica"},"content":{"rendered":"<p>Per oferir els millors productes i serveis a tots els nostres clients, a Apen comptem amb les millors marques al sector de la inform\u00e0tica i noves tecnologies. Entre elles, hi ha l&#039;empresa <strong>Konica<\/strong>, l&#039;objectiu del qual \u00e9s con\u00e8ixer la perspectiva dels clients per tal d&#039;oferir-los els productes i serveis que millor puguin resoldre les seves necessitats. Com a Apen volem oferir les millors <strong>impressores<\/strong> per als nostres clients, tenim una gran <strong>oferta<\/strong> al nostre cat\u00e0leg, tant de les <strong>impressores<\/strong> <strong>Konica<\/strong> com de moltes altres de gran qualitat.<\/p>\n\n\n\n<p>Els productes que ofereix l&#039;empresa <strong>Konica<\/strong> estan relacionats amb la informaci\u00f3, aix\u00ed com les \u00e0rees d&#039;imatge digital en entorns d&#039;oficina i producci\u00f3. D&#039;aquesta manera, a Apen disposem de la millor <strong>oferta d&#039;impressores<\/strong> <strong>Konica<\/strong>, que estan destinades a oferir les millors solucions als clients. A Apen comptem amb les <strong>impressores<\/strong> d&#039;aquesta empresa perqu\u00e8 confiem en la llarga traject\u00f2ria i en la qualitat de tots i cadascun dels seus productes.<\/p>\n\n\n\n<p>La <strong>oferta d&#039;impressores<\/strong> que oferim a Apen \u00e9s molt \u00e0mplia i completa, ja que comptem amb les millors empreses al sector i cadascuna d&#039;elles disposa de <strong>impressores<\/strong> de diferents gammes i amb prestacions f\u00e0cilment diferenciables. Konica \u00e9s una de les marques l\u00edders al sector de la impressi\u00f3 i cal que comptem amb els seus productes, ja que infinitat d&#039;empreses i entitats demanen els seus productes <strong>impressores<\/strong> gr\u00e0cies a les grans caracter\u00edstiques de qu\u00e8 disposen a m\u00e9s d&#039;un preu for\u00e7a ajustat.<\/p>\n\n\n\n<p>La impressi\u00f3 \u00e9s una de les parts m\u00e9s importants, tant a oficines com a altres empreses. Per aquesta ra\u00f3, a Apen disposem de la millor <strong>oferta<\/strong> de <strong>impressores<\/strong> de la marca <strong>Konica<\/strong> i moltes altres. Qualsevol tipus d&#039;empresa pot tenir una de les nostres <strong>impressores<\/strong> i gaudir dels avantatges de les millors impressions del mercat. Gr\u00e0cies al fet que la nostra <strong>oferta<\/strong> de <strong>impressores<\/strong> \u00e9s molt \u00e0mplia, disposem d&#039;algunes m\u00e9s b\u00e0siques i d&#039;altres amb prestacions una mica m\u00e9s avan\u00e7ades, aix\u00ed ens assegurem que tenim la <strong>impressora<\/strong> perfecta per a cada client, independentment de l&#039;empresa que tingui o el sector a qu\u00e8 es dediqui.<\/p>\n\n\n\n<p>Al mercat actual, cada vegada s\u00f3n m\u00e9s les empreses que com <strong>Konica<\/strong> han d&#039;estar innovant cont\u00ednuament per poder posicionar-se com a l\u00edders al mercat. \u00c9s per aix\u00f2, que a Apen, nom\u00e9s comptem amb les <strong>impressores<\/strong> d\u00faltima tecnologia, garantint que el resultat que obt\u00e9 el client \u00e9s impecable.<\/p>\n\n\n\n<p>Si voleu con\u00e8ixer m\u00e9s sobre la nostra empresa o sobre la nostra gran <strong>oferta<\/strong> de <strong>impressores<\/strong> de la marca <strong>Konica<\/strong> no dubti en posar-se en contacte amb nosaltres, estarem encantats d&#039;atendre&#039;l i resoldre qualsevol dubte que pugui tenir sense cap mena de comprom\u00eds.<\/p>","protected":false},"excerpt":{"rendered":"<p>Para ofrecer los mejores productos y servicios a todos nuestros clientes, en Apen contamos con las mejores marcas en el sector de la inform\u00e1tica y nuevas tecnolog\u00edas. Entre ellas, se encuentra la empresa Konica, cuyo objetivo es conocer la perspectiva de los clientes con tal de ofrecerles los productos y servicios que mejor puedan resolver&#8230;<\/p>","protected":false},"author":4,"featured_media":0,"parent":0,"menu_order":0,"comment_status":"closed","ping_status":"closed","template":"page-renting-impresoras.php","meta":{"_acf_changed":false,"_kad_blocks_custom_css":"","_kad_blocks_head_custom_js":"","_kad_blocks_body_custom_js":"","_kad_blocks_footer_custom_js":"","_kad_post_transparent":"","_kad_post_title":"","_kad_post_layout":"","_kad_post_sidebar_id":"","_kad_post_content_style":"","_kad_post_vertical_padding":"","_kad_post_feature":"","_kad_post_feature_position":"","_kad_post_header":false,"_kad_post_footer":false,"_kad_post_classname":"","footnotes":""},"class_list":["post-11972","page","type-page","status-publish","hentry"],"acf":[],"yoast_head":"<!-- This site is optimized with the Yoast SEO plugin v27.4 - https:\/\/yoast.com\/product\/yoast-seo-wordpress\/ -->\n<title>Landing Konica - Apen Inform\u00e1tica<\/title>\n<meta name=\"description\" content=\"Para ofrecer los mejores productos y servicios a todos nuestros clientes, en Apen contamos con las mejores marcas en el sector de la inform\u00e1tica y nuevas\" \/>\n<meta name=\"robots\" content=\"index, follow, max-snippet:-1, max-image-preview:large, max-video-preview:-1\" \/>\n<link rel=\"canonical\" href=\"https:\/\/www.apen.es\/ca\/landing-konica\/\" \/>\n<meta property=\"og:locale\" content=\"ca_ES\" \/>\n<meta property=\"og:type\" content=\"article\" \/>\n<meta property=\"og:title\" content=\"Landing Konica - Apen Inform\u00e1tica\" \/>\n<meta property=\"og:description\" content=\"Para ofrecer los mejores productos y servicios a todos nuestros clientes, en Apen contamos con las mejores marcas en el sector de la inform\u00e1tica y nuevas\" \/>\n<meta property=\"og:url\" content=\"https:\/\/www.apen.es\/ca\/landing-konica\/\" \/>\n<meta property=\"og:site_name\" content=\"Apen Inform\u00e1tica\" \/>\n<meta property=\"article:publisher\" content=\"https:\/\/www.facebook.com\/apensolucions\" \/>\n<meta property=\"article:modified_time\" content=\"2025-07-10T09:01:51+00:00\" \/>\n<meta property=\"og:image\" content=\"https:\/\/www.apen.es\/wp-content\/uploads\/2016\/05\/logo-apen-231x82-trasparent.png\" \/>\n\t<meta property=\"og:image:width\" content=\"231\" \/>\n\t<meta property=\"og:image:height\" content=\"82\" \/>\n\t<meta property=\"og:image:type\" content=\"image\/png\" \/>\n<meta name=\"twitter:card\" content=\"summary_large_image\" \/>\n<meta name=\"twitter:label1\" content=\"Temps estimat de lectura\" \/>\n\t<meta name=\"twitter:data1\" content=\"2 minuts\" \/>\n<script type=\"application\/ld+json\" class=\"yoast-schema-graph\">{\"@context\":\"https:\\\/\\\/schema.org\",\"@graph\":[{\"@type\":\"WebPage\",\"@id\":\"https:\\\/\\\/www.apen.es\\\/landing-konica\\\/\",\"url\":\"https:\\\/\\\/www.apen.es\\\/landing-konica\\\/\",\"name\":\"Landing Konica - Apen Inform\u00e1tica\",\"isPartOf\":{\"@id\":\"https:\\\/\\\/www.apen.es\\\/#website\"},\"datePublished\":\"2018-10-16T08:15:39+00:00\",\"dateModified\":\"2025-07-10T09:01:51+00:00\",\"description\":\"Para ofrecer los mejores productos y servicios a todos nuestros clientes, en Apen contamos con las mejores marcas en el sector de la inform\u00e1tica y nuevas\",\"breadcrumb\":{\"@id\":\"https:\\\/\\\/www.apen.es\\\/landing-konica\\\/#breadcrumb\"},\"inLanguage\":\"ca\",\"potentialAction\":[{\"@type\":\"ReadAction\",\"target\":[\"https:\\\/\\\/www.apen.es\\\/landing-konica\\\/\"]}]},{\"@type\":\"BreadcrumbList\",\"@id\":\"https:\\\/\\\/www.apen.es\\\/landing-konica\\\/#breadcrumb\",\"itemListElement\":[{\"@type\":\"ListItem\",\"position\":1,\"name\":\"Portada\",\"item\":\"https:\\\/\\\/www.apen.es\\\/\"},{\"@type\":\"ListItem\",\"position\":2,\"name\":\"Landing Konica\"}]},{\"@type\":\"WebSite\",\"@id\":\"https:\\\/\\\/www.apen.es\\\/#website\",\"url\":\"https:\\\/\\\/www.apen.es\\\/\",\"name\":\"Apen Inform\u00e1tica\",\"description\":\"Mantenimiento Inform\u00e1tico , Software de Gesti\u00f3n, Soluciones de impresi\u00f3n\",\"publisher\":{\"@id\":\"https:\\\/\\\/www.apen.es\\\/#organization\"},\"potentialAction\":[{\"@type\":\"SearchAction\",\"target\":{\"@type\":\"EntryPoint\",\"urlTemplate\":\"https:\\\/\\\/www.apen.es\\\/?s={search_term_string}\"},\"query-input\":{\"@type\":\"PropertyValueSpecification\",\"valueRequired\":true,\"valueName\":\"search_term_string\"}}],\"inLanguage\":\"ca\"},{\"@type\":\"Organization\",\"@id\":\"https:\\\/\\\/www.apen.es\\\/#organization\",\"name\":\"Apen: Soluciones inform\u00e1ticas\",\"url\":\"https:\\\/\\\/www.apen.es\\\/\",\"logo\":{\"@type\":\"ImageObject\",\"inLanguage\":\"ca\",\"@id\":\"https:\\\/\\\/www.apen.es\\\/#\\\/schema\\\/logo\\\/image\\\/\",\"url\":\"https:\\\/\\\/www.apen.es\\\/wp-content\\\/uploads\\\/2022\\\/08\\\/logo-apenok-231x82-1.png\",\"contentUrl\":\"https:\\\/\\\/www.apen.es\\\/wp-content\\\/uploads\\\/2022\\\/08\\\/logo-apenok-231x82-1.png\",\"width\":231,\"height\":82,\"caption\":\"Apen: Soluciones inform\u00e1ticas\"},\"image\":{\"@id\":\"https:\\\/\\\/www.apen.es\\\/#\\\/schema\\\/logo\\\/image\\\/\"},\"sameAs\":[\"https:\\\/\\\/www.facebook.com\\\/apensolucions\",\"https:\\\/\\\/www.youtube.com\\\/user\\\/ApenCentreInformatic\",\"https:\\\/\\\/www.linkedin.com\\\/company\\\/1021771?trk=tyah&trkInfo=clickedVerticalcompanyclickedEntityId1021771idx2-1-2tarId1464195271196tasapenin\"]}]}<\/script>\n<!-- \/ Yoast SEO plugin. -->","yoast_head_json":{"title":"Landing Konica - Apen Inform\u00e1tica","description":"Para ofrecer los mejores productos y servicios a todos nuestros clientes, en Apen contamos con las mejores marcas en el sector de la inform\u00e1tica y nuevas","robots":{"index":"index","follow":"follow","max-snippet":"max-snippet:-1","max-image-preview":"max-image-preview:large","max-video-preview":"max-video-preview:-1"},"canonical":"https:\/\/www.apen.es\/ca\/landing-konica\/","og_locale":"ca_ES","og_type":"article","og_title":"Landing Konica - Apen Inform\u00e1tica","og_description":"Para ofrecer los mejores productos y servicios a todos nuestros clientes, en Apen contamos con las mejores marcas en el sector de la inform\u00e1tica y nuevas","og_url":"https:\/\/www.apen.es\/ca\/landing-konica\/","og_site_name":"Apen Inform\u00e1tica","article_publisher":"https:\/\/www.facebook.com\/apensolucions","article_modified_time":"2025-07-10T09:01:51+00:00","og_image":[{"width":231,"height":82,"url":"https:\/\/www.apen.es\/wp-content\/uploads\/2016\/05\/logo-apen-231x82-trasparent.png","type":"image\/png"}],"twitter_card":"summary_large_image","twitter_misc":{"Temps estimat de lectura":"2 minuts"},"schema":{"@context":"https:\/\/schema.org","@graph":[{"@type":"WebPage","@id":"https:\/\/www.apen.es\/landing-konica\/","url":"https:\/\/www.apen.es\/landing-konica\/","name":"Landing Konica - Apen Inform\u00e1tica","isPartOf":{"@id":"https:\/\/www.apen.es\/#website"},"datePublished":"2018-10-16T08:15:39+00:00","dateModified":"2025-07-10T09:01:51+00:00","description":"Para ofrecer los mejores productos y servicios a todos nuestros clientes, en Apen contamos con las mejores marcas en el sector de la inform\u00e1tica y nuevas","breadcrumb":{"@id":"https:\/\/www.apen.es\/landing-konica\/#breadcrumb"},"inLanguage":"ca","potentialAction":[{"@type":"ReadAction","target":["https:\/\/www.apen.es\/landing-konica\/"]}]},{"@type":"BreadcrumbList","@id":"https:\/\/www.apen.es\/landing-konica\/#breadcrumb","itemListElement":[{"@type":"ListItem","position":1,"name":"Portada","item":"https:\/\/www.apen.es\/"},{"@type":"ListItem","position":2,"name":"Landing Konica"}]},{"@type":"WebSite","@id":"https:\/\/www.apen.es\/#website","url":"https:\/\/www.apen.es\/","name":"Apen Inform\u00e0tica","description":"Manteniment inform\u00e0tic , programari de gesti\u00f3, solucions d&#039;impressi\u00f3","publisher":{"@id":"https:\/\/www.apen.es\/#organization"},"potentialAction":[{"@type":"SearchAction","target":{"@type":"EntryPoint","urlTemplate":"https:\/\/www.apen.es\/?s={search_term_string}"},"query-input":{"@type":"PropertyValueSpecification","valueRequired":true,"valueName":"search_term_string"}}],"inLanguage":"ca"},{"@type":"Organization","@id":"https:\/\/www.apen.es\/#organization","name":"Apen: Solucions inform\u00e0tiques","url":"https:\/\/www.apen.es\/","logo":{"@type":"ImageObject","inLanguage":"ca","@id":"https:\/\/www.apen.es\/#\/schema\/logo\/image\/","url":"https:\/\/www.apen.es\/wp-content\/uploads\/2022\/08\/logo-apenok-231x82-1.png","contentUrl":"https:\/\/www.apen.es\/wp-content\/uploads\/2022\/08\/logo-apenok-231x82-1.png","width":231,"height":82,"caption":"Apen: Soluciones inform\u00e1ticas"},"image":{"@id":"https:\/\/www.apen.es\/#\/schema\/logo\/image\/"},"sameAs":["https:\/\/www.facebook.com\/apensolucions","https:\/\/www.youtube.com\/user\/ApenCentreInformatic","https:\/\/www.linkedin.com\/company\/1021771?trk=tyah&trkInfo=clickedVerticalcompanyclickedEntityId1021771idx2-1-2tarId1464195271196tasapenin"]}]}},"taxonomy_info":[],"featured_image_src_large":false,"author_info":{"display_name":"marqueting","author_link":"https:\/\/www.apen.es\/ca\/blog\/author\/marqueting\/"},"comment_info":0,"_links":{"self":[{"href":"https:\/\/www.apen.es\/ca\/wp-json\/wp\/v2\/pages\/11972","targetHints":{"allow":["GET"]}}],"collection":[{"href":"https:\/\/www.apen.es\/ca\/wp-json\/wp\/v2\/pages"}],"about":[{"href":"https:\/\/www.apen.es\/ca\/wp-json\/wp\/v2\/types\/page"}],"author":[{"embeddable":true,"href":"https:\/\/www.apen.es\/ca\/wp-json\/wp\/v2\/users\/4"}],"replies":[{"embeddable":true,"href":"https:\/\/www.apen.es\/ca\/wp-json\/wp\/v2\/comments?post=11972"}],"version-history":[{"count":2,"href":"https:\/\/www.apen.es\/ca\/wp-json\/wp\/v2\/pages\/11972\/revisions"}],"predecessor-version":[{"id":56164,"href":"https:\/\/www.apen.es\/ca\/wp-json\/wp\/v2\/pages\/11972\/revisions\/56164"}],"wp:attachment":[{"href":"https:\/\/www.apen.es\/ca\/wp-json\/wp\/v2\/media?parent=11972"}],"curies":[{"name":"wp","href":"https:\/\/api.w.org\/{rel}","templated":true}]}}