{"id":11957,"date":"2018-10-16T08:04:23","date_gmt":"2018-10-16T08:04:23","guid":{"rendered":"https:\/\/www.apen.es\/?page_id=11957"},"modified":"2025-07-10T09:04:04","modified_gmt":"2025-07-10T09:04:04","slug":"landing-oki","status":"publish","type":"page","link":"https:\/\/www.apen.es\/ca\/landing-oki\/","title":{"rendered":"Landing Oki"},"content":{"rendered":"<p>Encara que actualment s&#039;utilitzin m\u00e9s els sistemes inform\u00e0tics que els convencionals per transmetre a altres departaments o empreses documents, la veritat \u00e9s que alguna maquin\u00e0ria com a impressores o copiadores continuen sent igual d&#039;estris per a tot tipus d&#039;empreses. D&#039;aquesta manera, a la nostra empresa oferim una gran quantitat de <strong>ofertes de copiadores Oki<\/strong>.<\/p>\n\n\n\n<p>La marca Oki \u00e9s una de les m\u00e9s conegudes al sector de la impressi\u00f3, per aquest motiu, a Apen confiem en els seus productes per oferir-los als nostres clients. Des dels seus inicis, aquesta empresa ha estat treballant amb la tecnologia m\u00e9s innovadora per tal de crear productes realment efica\u00e7os i que cobreixen les necessitats de tots els seus clients. Per aquest motiu, aquesta empresa es troba present a m\u00e9s de 120 pa\u00efsos diferents comercialitzant \u00fanicament amb les millors marques i empreses del sector.<\/p>\n\n\n\n<p>A Apen, tenim l&#039;objectiu de posar a la disposici\u00f3 dels nostres clients la millor <strong>oferta de copiadores Oki<\/strong>, aix\u00ed, podran fotocopiar tot tipus de documents d&#039;una forma r\u00e0pida i amb la m\u00e0xima qualitat. Aix\u00f2 es reflectir\u00e0 directament en la seva relaci\u00f3 amb un altre tipus d&#039;empreses i la visi\u00f3 que en tinguin, per aix\u00f2 \u00e9s tan important oferir sempre uns documents nets i fotocopiats amb la m\u00e0xima qualitat.<\/p>\n\n\n\n<p>A m\u00e9s d&#039;altres empreses, a Apen comptem amb una gran <strong>oferta de les copiadores Oki<\/strong> perqu\u00e8 fan tasques molt m\u00e9s avan\u00e7ades i amb una qualitat final inigualable. Aquest tipus de dispositius solen tenir la mida exacta per no ocupar massa espai per\u00f2 sense renunciar a la qualitat i tecnologia m\u00e9s avan\u00e7ada.<\/p>\n\n\n\n<p>La majoria de clients que acudeixen a nosaltres per adquirir aquest tipus de productes, ho fan amb la seguretat i la tranquil\u00b7litat que la nostra empresa ofereix \u00fanicament productes de primera qualitat, destinats a facilitar l&#039;activitat de les empreses. Tamb\u00e9 ajudem a fer que tots els nostres clients puguin treballar d&#039;una manera molt m\u00e9s r\u00e0pida i efectiva, essent aix\u00ed una gran opci\u00f3 per agilitzar tota mena de tasques.<\/p>\n\n\n\n<p>Actualment, totes les empreses disposen de la maquin\u00e0ria necess\u00e0ria per fer tot tipus de tasques d&#039;impressi\u00f3 de documents, per\u00f2 \u00e9s important disposar sempre de l&#039;\u00faltima tecnologia per oferir els millors documents i aconseguir una imatge corporativa millor. D&#039;aquesta manera, a Apen volem oferir-ne una <strong>oferta de copiadores Oki<\/strong> molt extensa per tal que cada tipus d&#039;empresa trobi una adequada a les vostres necessitats i prefer\u00e8ncies.<\/p>\n\n\n\n<p>D&#039;altra banda, a Apen oferim molts m\u00e9s dispositius destinats a la impressi\u00f3 i al funcionament correcte de les empreses dels nostres clients. Per aix\u00f2, ens comprometem a oferir els productes de millor qualitat a un preu competitiu i assequible per a qualsevol empresa. La gran diversitat de productes \u00e9s all\u00f2 que ens converteix en la principal opci\u00f3 de molts dels nostres clients.<\/p>\n\n\n\n<p>Si voleu saber m\u00e9s sobre els nostres productes o sobre la nostra empresa, no dubteu a posar-vos en contacte amb nosaltres, estarem encantats d&#039;atendre-us, oferir-vos informaci\u00f3, i resoldre qualsevol dubte que pugueu tenir sense cap mena de comprom\u00eds.<\/p>","protected":false},"excerpt":{"rendered":"<p>Aunque actualmente se utilicen m\u00e1s los sistemas inform\u00e1ticos que los convencionales para transmitir a otros departamentos o empresas documentos, lo cierto es que alguna maquinaria como impresoras o copiadoras siguen siendo igual de \u00fatiles para todo tipo de empresas. De esta forma, en nuestra empresa ofrecemos una gran cantidad de ofertas de copiadoras Oki. La&#8230;<\/p>","protected":false},"author":4,"featured_media":0,"parent":0,"menu_order":0,"comment_status":"closed","ping_status":"closed","template":"page-renting-impresoras.php","meta":{"_acf_changed":false,"_kad_blocks_custom_css":"","_kad_blocks_head_custom_js":"","_kad_blocks_body_custom_js":"","_kad_blocks_footer_custom_js":"","_kad_post_transparent":"","_kad_post_title":"","_kad_post_layout":"","_kad_post_sidebar_id":"","_kad_post_content_style":"","_kad_post_vertical_padding":"","_kad_post_feature":"","_kad_post_feature_position":"","_kad_post_header":false,"_kad_post_footer":false,"_kad_post_classname":"","footnotes":""},"class_list":["post-11957","page","type-page","status-publish","hentry"],"acf":[],"yoast_head":"<!-- This site is optimized with the Yoast SEO plugin v27.4 - https:\/\/yoast.com\/product\/yoast-seo-wordpress\/ -->\n<title>Landing Oki - Apen Inform\u00e1tica<\/title>\n<meta name=\"description\" content=\"Aunque actualmente se utilicen m\u00e1s los sistemas inform\u00e1ticos que los convencionales para transmitir a otros departamentos o empresas documentos, lo cierto\" \/>\n<meta name=\"robots\" content=\"index, follow, max-snippet:-1, max-image-preview:large, max-video-preview:-1\" \/>\n<link rel=\"canonical\" href=\"https:\/\/www.apen.es\/ca\/landing-oki\/\" \/>\n<meta property=\"og:locale\" content=\"ca_ES\" \/>\n<meta property=\"og:type\" content=\"article\" \/>\n<meta property=\"og:title\" content=\"Landing Oki - Apen Inform\u00e1tica\" \/>\n<meta property=\"og:description\" content=\"Aunque actualmente se utilicen m\u00e1s los sistemas inform\u00e1ticos que los convencionales para transmitir a otros departamentos o empresas documentos, lo cierto\" \/>\n<meta property=\"og:url\" content=\"https:\/\/www.apen.es\/ca\/landing-oki\/\" \/>\n<meta property=\"og:site_name\" content=\"Apen Inform\u00e1tica\" \/>\n<meta property=\"article:publisher\" content=\"https:\/\/www.facebook.com\/apensolucions\" \/>\n<meta property=\"article:modified_time\" content=\"2025-07-10T09:04:04+00:00\" \/>\n<meta property=\"og:image\" content=\"https:\/\/www.apen.es\/wp-content\/uploads\/2016\/05\/logo-apen-231x82-trasparent.png\" \/>\n\t<meta property=\"og:image:width\" content=\"231\" \/>\n\t<meta property=\"og:image:height\" content=\"82\" \/>\n\t<meta property=\"og:image:type\" content=\"image\/png\" \/>\n<meta name=\"twitter:card\" content=\"summary_large_image\" \/>\n<meta name=\"twitter:label1\" content=\"Temps estimat de lectura\" \/>\n\t<meta name=\"twitter:data1\" content=\"3 minuts\" \/>\n<script type=\"application\/ld+json\" class=\"yoast-schema-graph\">{\"@context\":\"https:\\\/\\\/schema.org\",\"@graph\":[{\"@type\":\"WebPage\",\"@id\":\"https:\\\/\\\/www.apen.es\\\/landing-oki\\\/\",\"url\":\"https:\\\/\\\/www.apen.es\\\/landing-oki\\\/\",\"name\":\"Landing Oki - Apen Inform\u00e1tica\",\"isPartOf\":{\"@id\":\"https:\\\/\\\/www.apen.es\\\/#website\"},\"datePublished\":\"2018-10-16T08:04:23+00:00\",\"dateModified\":\"2025-07-10T09:04:04+00:00\",\"description\":\"Aunque actualmente se utilicen m\u00e1s los sistemas inform\u00e1ticos que los convencionales para transmitir a otros departamentos o empresas documentos, lo cierto\",\"breadcrumb\":{\"@id\":\"https:\\\/\\\/www.apen.es\\\/landing-oki\\\/#breadcrumb\"},\"inLanguage\":\"ca\",\"potentialAction\":[{\"@type\":\"ReadAction\",\"target\":[\"https:\\\/\\\/www.apen.es\\\/landing-oki\\\/\"]}]},{\"@type\":\"BreadcrumbList\",\"@id\":\"https:\\\/\\\/www.apen.es\\\/landing-oki\\\/#breadcrumb\",\"itemListElement\":[{\"@type\":\"ListItem\",\"position\":1,\"name\":\"Portada\",\"item\":\"https:\\\/\\\/www.apen.es\\\/\"},{\"@type\":\"ListItem\",\"position\":2,\"name\":\"Landing Oki\"}]},{\"@type\":\"WebSite\",\"@id\":\"https:\\\/\\\/www.apen.es\\\/#website\",\"url\":\"https:\\\/\\\/www.apen.es\\\/\",\"name\":\"Apen Inform\u00e1tica\",\"description\":\"Mantenimiento Inform\u00e1tico , Software de Gesti\u00f3n, Soluciones de impresi\u00f3n\",\"publisher\":{\"@id\":\"https:\\\/\\\/www.apen.es\\\/#organization\"},\"potentialAction\":[{\"@type\":\"SearchAction\",\"target\":{\"@type\":\"EntryPoint\",\"urlTemplate\":\"https:\\\/\\\/www.apen.es\\\/?s={search_term_string}\"},\"query-input\":{\"@type\":\"PropertyValueSpecification\",\"valueRequired\":true,\"valueName\":\"search_term_string\"}}],\"inLanguage\":\"ca\"},{\"@type\":\"Organization\",\"@id\":\"https:\\\/\\\/www.apen.es\\\/#organization\",\"name\":\"Apen: Soluciones inform\u00e1ticas\",\"url\":\"https:\\\/\\\/www.apen.es\\\/\",\"logo\":{\"@type\":\"ImageObject\",\"inLanguage\":\"ca\",\"@id\":\"https:\\\/\\\/www.apen.es\\\/#\\\/schema\\\/logo\\\/image\\\/\",\"url\":\"https:\\\/\\\/www.apen.es\\\/wp-content\\\/uploads\\\/2022\\\/08\\\/logo-apenok-231x82-1.png\",\"contentUrl\":\"https:\\\/\\\/www.apen.es\\\/wp-content\\\/uploads\\\/2022\\\/08\\\/logo-apenok-231x82-1.png\",\"width\":231,\"height\":82,\"caption\":\"Apen: Soluciones inform\u00e1ticas\"},\"image\":{\"@id\":\"https:\\\/\\\/www.apen.es\\\/#\\\/schema\\\/logo\\\/image\\\/\"},\"sameAs\":[\"https:\\\/\\\/www.facebook.com\\\/apensolucions\",\"https:\\\/\\\/www.youtube.com\\\/user\\\/ApenCentreInformatic\",\"https:\\\/\\\/www.linkedin.com\\\/company\\\/1021771?trk=tyah&trkInfo=clickedVerticalcompanyclickedEntityId1021771idx2-1-2tarId1464195271196tasapenin\"]}]}<\/script>\n<!-- \/ Yoast SEO plugin. -->","yoast_head_json":{"title":"Landing Oki - Apen Inform\u00e1tica","description":"Aunque actualmente se utilicen m\u00e1s los sistemas inform\u00e1ticos que los convencionales para transmitir a otros departamentos o empresas documentos, lo cierto","robots":{"index":"index","follow":"follow","max-snippet":"max-snippet:-1","max-image-preview":"max-image-preview:large","max-video-preview":"max-video-preview:-1"},"canonical":"https:\/\/www.apen.es\/ca\/landing-oki\/","og_locale":"ca_ES","og_type":"article","og_title":"Landing Oki - Apen Inform\u00e1tica","og_description":"Aunque actualmente se utilicen m\u00e1s los sistemas inform\u00e1ticos que los convencionales para transmitir a otros departamentos o empresas documentos, lo cierto","og_url":"https:\/\/www.apen.es\/ca\/landing-oki\/","og_site_name":"Apen Inform\u00e1tica","article_publisher":"https:\/\/www.facebook.com\/apensolucions","article_modified_time":"2025-07-10T09:04:04+00:00","og_image":[{"width":231,"height":82,"url":"https:\/\/www.apen.es\/wp-content\/uploads\/2016\/05\/logo-apen-231x82-trasparent.png","type":"image\/png"}],"twitter_card":"summary_large_image","twitter_misc":{"Temps estimat de lectura":"3 minuts"},"schema":{"@context":"https:\/\/schema.org","@graph":[{"@type":"WebPage","@id":"https:\/\/www.apen.es\/landing-oki\/","url":"https:\/\/www.apen.es\/landing-oki\/","name":"Landing Oki - Apen Inform\u00e1tica","isPartOf":{"@id":"https:\/\/www.apen.es\/#website"},"datePublished":"2018-10-16T08:04:23+00:00","dateModified":"2025-07-10T09:04:04+00:00","description":"Aunque actualmente se utilicen m\u00e1s los sistemas inform\u00e1ticos que los convencionales para transmitir a otros departamentos o empresas documentos, lo cierto","breadcrumb":{"@id":"https:\/\/www.apen.es\/landing-oki\/#breadcrumb"},"inLanguage":"ca","potentialAction":[{"@type":"ReadAction","target":["https:\/\/www.apen.es\/landing-oki\/"]}]},{"@type":"BreadcrumbList","@id":"https:\/\/www.apen.es\/landing-oki\/#breadcrumb","itemListElement":[{"@type":"ListItem","position":1,"name":"Portada","item":"https:\/\/www.apen.es\/"},{"@type":"ListItem","position":2,"name":"Landing Oki"}]},{"@type":"WebSite","@id":"https:\/\/www.apen.es\/#website","url":"https:\/\/www.apen.es\/","name":"Apen Inform\u00e0tica","description":"Manteniment inform\u00e0tic , programari de gesti\u00f3, solucions d&#039;impressi\u00f3","publisher":{"@id":"https:\/\/www.apen.es\/#organization"},"potentialAction":[{"@type":"SearchAction","target":{"@type":"EntryPoint","urlTemplate":"https:\/\/www.apen.es\/?s={search_term_string}"},"query-input":{"@type":"PropertyValueSpecification","valueRequired":true,"valueName":"search_term_string"}}],"inLanguage":"ca"},{"@type":"Organization","@id":"https:\/\/www.apen.es\/#organization","name":"Apen: Solucions inform\u00e0tiques","url":"https:\/\/www.apen.es\/","logo":{"@type":"ImageObject","inLanguage":"ca","@id":"https:\/\/www.apen.es\/#\/schema\/logo\/image\/","url":"https:\/\/www.apen.es\/wp-content\/uploads\/2022\/08\/logo-apenok-231x82-1.png","contentUrl":"https:\/\/www.apen.es\/wp-content\/uploads\/2022\/08\/logo-apenok-231x82-1.png","width":231,"height":82,"caption":"Apen: Soluciones inform\u00e1ticas"},"image":{"@id":"https:\/\/www.apen.es\/#\/schema\/logo\/image\/"},"sameAs":["https:\/\/www.facebook.com\/apensolucions","https:\/\/www.youtube.com\/user\/ApenCentreInformatic","https:\/\/www.linkedin.com\/company\/1021771?trk=tyah&trkInfo=clickedVerticalcompanyclickedEntityId1021771idx2-1-2tarId1464195271196tasapenin"]}]}},"taxonomy_info":[],"featured_image_src_large":false,"author_info":{"display_name":"marqueting","author_link":"https:\/\/www.apen.es\/ca\/blog\/author\/marqueting\/"},"comment_info":0,"_links":{"self":[{"href":"https:\/\/www.apen.es\/ca\/wp-json\/wp\/v2\/pages\/11957","targetHints":{"allow":["GET"]}}],"collection":[{"href":"https:\/\/www.apen.es\/ca\/wp-json\/wp\/v2\/pages"}],"about":[{"href":"https:\/\/www.apen.es\/ca\/wp-json\/wp\/v2\/types\/page"}],"author":[{"embeddable":true,"href":"https:\/\/www.apen.es\/ca\/wp-json\/wp\/v2\/users\/4"}],"replies":[{"embeddable":true,"href":"https:\/\/www.apen.es\/ca\/wp-json\/wp\/v2\/comments?post=11957"}],"version-history":[{"count":2,"href":"https:\/\/www.apen.es\/ca\/wp-json\/wp\/v2\/pages\/11957\/revisions"}],"predecessor-version":[{"id":56168,"href":"https:\/\/www.apen.es\/ca\/wp-json\/wp\/v2\/pages\/11957\/revisions\/56168"}],"wp:attachment":[{"href":"https:\/\/www.apen.es\/ca\/wp-json\/wp\/v2\/media?parent=11957"}],"curies":[{"name":"wp","href":"https:\/\/api.w.org\/{rel}","templated":true}]}}