{"id":11759,"date":"2018-10-05T15:29:07","date_gmt":"2018-10-05T15:29:07","guid":{"rendered":"https:\/\/www.apen.es\/?page_id=11759"},"modified":"2025-05-23T08:03:26","modified_gmt":"2025-05-23T08:03:26","slug":"oferta-multifuncio-oki","status":"publish","type":"page","link":"https:\/\/www.apen.es\/ca\/soluciones-de-impresion\/oferta-multifuncion-oki\/","title":{"rendered":"Oferta multifunci\u00f3 OKI"},"content":{"rendered":"<p>OKI \u00e9s una gran empresa europea amb reconeixement mundial, encarregada de prestar molts serveis relacionats amb les impressores i els equips multifunci\u00f3. digitals.<\/p>\n\n\n\n<p>Per\u00f2 a m\u00e9s, aquesta empresa, l&#039;any 2005 va crear el primer equip multifunci\u00f3 en color i en DIN A4 de m\u00f3n, per la qual cosa \u00e9s l&#039;empresa l\u00edder en la venda d&#039;equips multifunci\u00f3, ja que tots i cadascun dels models que ofereixen, tenen la garantia de tenir una gran qualitat i de molt innovadors al mercat, ia m\u00e9s un altre punt a favor \u00e9s que ofereixen una gran quantitat de&nbsp;<strong>ofertes multifunci\u00f3 OKI<\/strong>.<\/p>\n\n\n\n<p>Les impressores multifunci\u00f3, s\u00f3n un equip en el qual estan cohesionats diferents equips, com ara la impressora, la fotocopiadora, l&#039;escanejar i molt m\u00e9s pel que els processos en qu\u00e8 abans hav\u00edem d&#039;utilitzar diferents m\u00e0quines, ara nom\u00e9s n&#039;hi haur\u00e0 prou amb un, amb tot el que aix\u00f2 comporta per a una empresa.<\/p>\n\n\n\n<p>Apen, som una empresa on oferim a tots els nostres clients un gran servei de qualitat que s&#039;adapta a les necessitats de cada empresa en concret, i un dels pilars de la nostra empresa, en el qual ens basem a l&#039;hora de fer cada pas, \u00e9s la innovaci\u00f3. Aix\u00f2 \u00e9s un dels valors que tenim en com\u00fa amb l&#039;empresa OKI, per aix\u00f2 ens agrada treballar amb aquesta marca i oferir-vos les millors&nbsp;<strong>ofertes multifunci\u00f3OKI<\/strong>.<\/p>\n\n\n\n<p>Els beneficis que les empreses obtinguin una&nbsp;<strong>oferta multifunci\u00f3 OKI<\/strong>&nbsp;de les que oferim a la nostra empresa, Apen s\u00f3n molts, per\u00f2 en volem destacar dues en concret, que \u00e9s el gran estalvi d&#039;espai i el gran estalvi econ\u00f2mic que comporta aquesta compra per a una empresa.<\/p>\n\n\n\n<p>L&#039;estalvi d&#039;espai, \u00e9s degut a que al lloc on abans pod\u00edeu trobar la fotocopiadora, la impressora i el fax, ara nom\u00e9s hi trobareu un dispositiu, per la qual cosa tot aquest espai ara el podem aprofitar per a una altra cosa, com ara posar prestatgeries, un armari o un escriptori.<\/p>\n\n\n\n<p>Aquest estalvi d&#039;espai tamb\u00e9 comporta un gran estalvi de diners, ja que, encara que les&nbsp;<strong>ofertes multifunci\u00f3 OKI<\/strong>, siguin una gran inversi\u00f3, si sumem els diners que ens costaven tots els dispositius per separat ens adonarem de l&#039;estalvi, per\u00f2 no nom\u00e9s aix\u00f2, sin\u00f3 que la reparaci\u00f3 i el manteniment nom\u00e9s l&#039;haurem de fer a un dispositiu, aix\u00ed que tamb\u00e9 estalviem molts diners.<\/p>\n\n\n\n<p>Si voleu m\u00e9s informaci\u00f3 sobre totes les&nbsp;<strong>ofertes multifunci\u00f3 OKI<\/strong>, o sobre la resta de productes i de serveis personalitzats que oferim a la nostra empresa, no dubteu en posar-vos en contacte amb nosaltres, ja que estarem encantats de poder-vos ajudar en tot el que necessiteu.<\/p>","protected":false},"excerpt":{"rendered":"<p>OKI es una gran empresa europea con reconocimiento mundial, encargada de prestar muchos servicios relacionados con las impresoras y los equipos multifunci\u00f3n, adem\u00e1s tambi\u00e9n son l\u00edderes en la venta de estos equipos, gracias a su filosof\u00eda basada en la innovaci\u00f3n constante, en la cual siempre intentan ser los l\u00edderes mundiales en el mundo de la&#8230;<\/p>","protected":false},"author":4,"featured_media":0,"parent":1158,"menu_order":0,"comment_status":"closed","ping_status":"closed","template":"page-renting-impresoras.php","meta":{"_acf_changed":false,"_kad_blocks_custom_css":"","_kad_blocks_head_custom_js":"","_kad_blocks_body_custom_js":"","_kad_blocks_footer_custom_js":"","_kad_post_transparent":"","_kad_post_title":"","_kad_post_layout":"","_kad_post_sidebar_id":"","_kad_post_content_style":"","_kad_post_vertical_padding":"","_kad_post_feature":"","_kad_post_feature_position":"","_kad_post_header":false,"_kad_post_footer":false,"_kad_post_classname":"","footnotes":""},"class_list":["post-11759","page","type-page","status-publish","hentry"],"acf":[],"yoast_head":"<!-- This site is optimized with the Yoast SEO plugin v27.4 - https:\/\/yoast.com\/product\/yoast-seo-wordpress\/ -->\n<title>Oferta multifunci\u00f3n OKI - Apen Inform\u00e1tica<\/title>\n<meta name=\"description\" content=\"\u00bfBuscas una oferta de multifunci\u00f3n OKI para tu empresa? En Apen somos l\u00edderes en ofrecer soluciones de impresi\u00f3n a empresas de Barcelona.\" \/>\n<meta name=\"robots\" content=\"index, follow, max-snippet:-1, max-image-preview:large, max-video-preview:-1\" \/>\n<link rel=\"canonical\" href=\"https:\/\/www.apen.es\/ca\/solucions-dimpressio\/oferta-multifuncio-oki\/\" \/>\n<meta property=\"og:locale\" content=\"ca_ES\" \/>\n<meta property=\"og:type\" content=\"article\" \/>\n<meta property=\"og:title\" content=\"Oferta multifunci\u00f3n OKI - Apen Inform\u00e1tica\" \/>\n<meta property=\"og:description\" content=\"\u00bfBuscas una oferta de multifunci\u00f3n OKI para tu empresa? En Apen somos l\u00edderes en ofrecer soluciones de impresi\u00f3n a empresas de Barcelona.\" \/>\n<meta property=\"og:url\" content=\"https:\/\/www.apen.es\/ca\/solucions-dimpressio\/oferta-multifuncio-oki\/\" \/>\n<meta property=\"og:site_name\" content=\"Apen Inform\u00e1tica\" \/>\n<meta property=\"article:publisher\" content=\"https:\/\/www.facebook.com\/apensolucions\" \/>\n<meta property=\"article:modified_time\" content=\"2025-05-23T08:03:26+00:00\" \/>\n<meta property=\"og:image\" content=\"https:\/\/www.apen.es\/wp-content\/uploads\/2016\/05\/logo-apen-231x82-trasparent.png\" \/>\n\t<meta property=\"og:image:width\" content=\"231\" \/>\n\t<meta property=\"og:image:height\" content=\"82\" \/>\n\t<meta property=\"og:image:type\" content=\"image\/png\" \/>\n<meta name=\"twitter:card\" content=\"summary_large_image\" \/>\n<meta name=\"twitter:label1\" content=\"Temps estimat de lectura\" \/>\n\t<meta name=\"twitter:data1\" content=\"8 minuts\" \/>\n<script type=\"application\/ld+json\" class=\"yoast-schema-graph\">{\"@context\":\"https:\\\/\\\/schema.org\",\"@graph\":[{\"@type\":\"WebPage\",\"@id\":\"https:\\\/\\\/www.apen.es\\\/soluciones-de-impresion\\\/oferta-multifuncion-oki\\\/\",\"url\":\"https:\\\/\\\/www.apen.es\\\/soluciones-de-impresion\\\/oferta-multifuncion-oki\\\/\",\"name\":\"Oferta multifunci\u00f3n OKI - Apen Inform\u00e1tica\",\"isPartOf\":{\"@id\":\"https:\\\/\\\/www.apen.es\\\/#website\"},\"datePublished\":\"2018-10-05T15:29:07+00:00\",\"dateModified\":\"2025-05-23T08:03:26+00:00\",\"description\":\"\u00bfBuscas una oferta de multifunci\u00f3n OKI para tu empresa? En Apen somos l\u00edderes en ofrecer soluciones de impresi\u00f3n a empresas de Barcelona.\",\"breadcrumb\":{\"@id\":\"https:\\\/\\\/www.apen.es\\\/soluciones-de-impresion\\\/oferta-multifuncion-oki\\\/#breadcrumb\"},\"inLanguage\":\"ca\",\"potentialAction\":[{\"@type\":\"ReadAction\",\"target\":[\"https:\\\/\\\/www.apen.es\\\/soluciones-de-impresion\\\/oferta-multifuncion-oki\\\/\"]}]},{\"@type\":\"BreadcrumbList\",\"@id\":\"https:\\\/\\\/www.apen.es\\\/soluciones-de-impresion\\\/oferta-multifuncion-oki\\\/#breadcrumb\",\"itemListElement\":[{\"@type\":\"ListItem\",\"position\":1,\"name\":\"Portada\",\"item\":\"https:\\\/\\\/www.apen.es\\\/\"},{\"@type\":\"ListItem\",\"position\":2,\"name\":\"Soluciones de impresi\u00f3n\",\"item\":\"https:\\\/\\\/www.apen.es\\\/soluciones-de-impresion\\\/\"},{\"@type\":\"ListItem\",\"position\":3,\"name\":\"Oferta multifunci\u00f3n OKI\"}]},{\"@type\":\"WebSite\",\"@id\":\"https:\\\/\\\/www.apen.es\\\/#website\",\"url\":\"https:\\\/\\\/www.apen.es\\\/\",\"name\":\"Apen Inform\u00e1tica\",\"description\":\"Mantenimiento Inform\u00e1tico , Software de Gesti\u00f3n, Soluciones de impresi\u00f3n\",\"publisher\":{\"@id\":\"https:\\\/\\\/www.apen.es\\\/#organization\"},\"potentialAction\":[{\"@type\":\"SearchAction\",\"target\":{\"@type\":\"EntryPoint\",\"urlTemplate\":\"https:\\\/\\\/www.apen.es\\\/?s={search_term_string}\"},\"query-input\":{\"@type\":\"PropertyValueSpecification\",\"valueRequired\":true,\"valueName\":\"search_term_string\"}}],\"inLanguage\":\"ca\"},{\"@type\":\"Organization\",\"@id\":\"https:\\\/\\\/www.apen.es\\\/#organization\",\"name\":\"Apen: Soluciones inform\u00e1ticas\",\"url\":\"https:\\\/\\\/www.apen.es\\\/\",\"logo\":{\"@type\":\"ImageObject\",\"inLanguage\":\"ca\",\"@id\":\"https:\\\/\\\/www.apen.es\\\/#\\\/schema\\\/logo\\\/image\\\/\",\"url\":\"https:\\\/\\\/www.apen.es\\\/wp-content\\\/uploads\\\/2022\\\/08\\\/logo-apenok-231x82-1.png\",\"contentUrl\":\"https:\\\/\\\/www.apen.es\\\/wp-content\\\/uploads\\\/2022\\\/08\\\/logo-apenok-231x82-1.png\",\"width\":231,\"height\":82,\"caption\":\"Apen: Soluciones inform\u00e1ticas\"},\"image\":{\"@id\":\"https:\\\/\\\/www.apen.es\\\/#\\\/schema\\\/logo\\\/image\\\/\"},\"sameAs\":[\"https:\\\/\\\/www.facebook.com\\\/apensolucions\",\"https:\\\/\\\/www.youtube.com\\\/user\\\/ApenCentreInformatic\",\"https:\\\/\\\/www.linkedin.com\\\/company\\\/1021771?trk=tyah&trkInfo=clickedVerticalcompanyclickedEntityId1021771idx2-1-2tarId1464195271196tasapenin\"]}]}<\/script>\n<!-- \/ Yoast SEO plugin. -->","yoast_head_json":{"title":"Oferta multifunci\u00f3 OKI - Apen Inform\u00e0tica","description":"Busques una oferta de multifunci\u00f3 OKI per a la teva empresa? A Apen som l\u00edders a oferir solucions d\u00b4impressi\u00f3 a empreses de Barcelona.","robots":{"index":"index","follow":"follow","max-snippet":"max-snippet:-1","max-image-preview":"max-image-preview:large","max-video-preview":"max-video-preview:-1"},"canonical":"https:\/\/www.apen.es\/ca\/solucions-dimpressio\/oferta-multifuncio-oki\/","og_locale":"ca_ES","og_type":"article","og_title":"Oferta multifunci\u00f3n OKI - Apen Inform\u00e1tica","og_description":"\u00bfBuscas una oferta de multifunci\u00f3n OKI para tu empresa? En Apen somos l\u00edderes en ofrecer soluciones de impresi\u00f3n a empresas de Barcelona.","og_url":"https:\/\/www.apen.es\/ca\/solucions-dimpressio\/oferta-multifuncio-oki\/","og_site_name":"Apen Inform\u00e1tica","article_publisher":"https:\/\/www.facebook.com\/apensolucions","article_modified_time":"2025-05-23T08:03:26+00:00","og_image":[{"width":231,"height":82,"url":"https:\/\/www.apen.es\/wp-content\/uploads\/2016\/05\/logo-apen-231x82-trasparent.png","type":"image\/png"}],"twitter_card":"summary_large_image","twitter_misc":{"Temps estimat de lectura":"8 minuts"},"schema":{"@context":"https:\/\/schema.org","@graph":[{"@type":"WebPage","@id":"https:\/\/www.apen.es\/soluciones-de-impresion\/oferta-multifuncion-oki\/","url":"https:\/\/www.apen.es\/soluciones-de-impresion\/oferta-multifuncion-oki\/","name":"Oferta multifunci\u00f3 OKI - Apen Inform\u00e0tica","isPartOf":{"@id":"https:\/\/www.apen.es\/#website"},"datePublished":"2018-10-05T15:29:07+00:00","dateModified":"2025-05-23T08:03:26+00:00","description":"Busques una oferta de multifunci\u00f3 OKI per a la teva empresa? A Apen som l\u00edders a oferir solucions d\u00b4impressi\u00f3 a empreses de Barcelona.","breadcrumb":{"@id":"https:\/\/www.apen.es\/soluciones-de-impresion\/oferta-multifuncion-oki\/#breadcrumb"},"inLanguage":"ca","potentialAction":[{"@type":"ReadAction","target":["https:\/\/www.apen.es\/soluciones-de-impresion\/oferta-multifuncion-oki\/"]}]},{"@type":"BreadcrumbList","@id":"https:\/\/www.apen.es\/soluciones-de-impresion\/oferta-multifuncion-oki\/#breadcrumb","itemListElement":[{"@type":"ListItem","position":1,"name":"Portada","item":"https:\/\/www.apen.es\/"},{"@type":"ListItem","position":2,"name":"Soluciones de impresi\u00f3n","item":"https:\/\/www.apen.es\/soluciones-de-impresion\/"},{"@type":"ListItem","position":3,"name":"Oferta multifunci\u00f3n OKI"}]},{"@type":"WebSite","@id":"https:\/\/www.apen.es\/#website","url":"https:\/\/www.apen.es\/","name":"Apen Inform\u00e0tica","description":"Manteniment inform\u00e0tic , programari de gesti\u00f3, solucions d&#039;impressi\u00f3","publisher":{"@id":"https:\/\/www.apen.es\/#organization"},"potentialAction":[{"@type":"SearchAction","target":{"@type":"EntryPoint","urlTemplate":"https:\/\/www.apen.es\/?s={search_term_string}"},"query-input":{"@type":"PropertyValueSpecification","valueRequired":true,"valueName":"search_term_string"}}],"inLanguage":"ca"},{"@type":"Organization","@id":"https:\/\/www.apen.es\/#organization","name":"Apen: Solucions inform\u00e0tiques","url":"https:\/\/www.apen.es\/","logo":{"@type":"ImageObject","inLanguage":"ca","@id":"https:\/\/www.apen.es\/#\/schema\/logo\/image\/","url":"https:\/\/www.apen.es\/wp-content\/uploads\/2022\/08\/logo-apenok-231x82-1.png","contentUrl":"https:\/\/www.apen.es\/wp-content\/uploads\/2022\/08\/logo-apenok-231x82-1.png","width":231,"height":82,"caption":"Apen: Soluciones inform\u00e1ticas"},"image":{"@id":"https:\/\/www.apen.es\/#\/schema\/logo\/image\/"},"sameAs":["https:\/\/www.facebook.com\/apensolucions","https:\/\/www.youtube.com\/user\/ApenCentreInformatic","https:\/\/www.linkedin.com\/company\/1021771?trk=tyah&trkInfo=clickedVerticalcompanyclickedEntityId1021771idx2-1-2tarId1464195271196tasapenin"]}]}},"taxonomy_info":[],"featured_image_src_large":false,"author_info":{"display_name":"marqueting","author_link":"https:\/\/www.apen.es\/ca\/blog\/author\/marqueting\/"},"comment_info":0,"_links":{"self":[{"href":"https:\/\/www.apen.es\/ca\/wp-json\/wp\/v2\/pages\/11759","targetHints":{"allow":["GET"]}}],"collection":[{"href":"https:\/\/www.apen.es\/ca\/wp-json\/wp\/v2\/pages"}],"about":[{"href":"https:\/\/www.apen.es\/ca\/wp-json\/wp\/v2\/types\/page"}],"author":[{"embeddable":true,"href":"https:\/\/www.apen.es\/ca\/wp-json\/wp\/v2\/users\/4"}],"replies":[{"embeddable":true,"href":"https:\/\/www.apen.es\/ca\/wp-json\/wp\/v2\/comments?post=11759"}],"version-history":[{"count":4,"href":"https:\/\/www.apen.es\/ca\/wp-json\/wp\/v2\/pages\/11759\/revisions"}],"predecessor-version":[{"id":54785,"href":"https:\/\/www.apen.es\/ca\/wp-json\/wp\/v2\/pages\/11759\/revisions\/54785"}],"up":[{"embeddable":true,"href":"https:\/\/www.apen.es\/ca\/wp-json\/wp\/v2\/pages\/1158"}],"wp:attachment":[{"href":"https:\/\/www.apen.es\/ca\/wp-json\/wp\/v2\/media?parent=11759"}],"curies":[{"name":"wp","href":"https:\/\/api.w.org\/{rel}","templated":true}]}}