{"id":11755,"date":"2018-10-05T15:26:03","date_gmt":"2018-10-05T15:26:03","guid":{"rendered":"https:\/\/www.apen.es\/?page_id=11755"},"modified":"2025-05-23T08:03:16","modified_gmt":"2025-05-23T08:03:16","slug":"oferta-multifuncio-konica","status":"publish","type":"page","link":"https:\/\/www.apen.es\/ca\/soluciones-de-impresion\/oferta-multifuncion-konica\/","title":{"rendered":"Oferta multifunci\u00f3 Konica"},"content":{"rendered":"<p>La marca Konica \u00e9s una de les m\u00e9s importants al sector de la impressi\u00f3 i les noves tecnologies, ja que disposa d&#039;una \u00e0mplia experi\u00e8ncia i cont\u00ednuament est\u00e0 innovant per oferir els millors productes a tots els seus clients. D&#039;aquesta manera, a Apen volem disposar dels seus productes i oferir-los totes aquelles empreses que els necessitin. Per aix\u00f2, al nostre cat\u00e0leg disposem d&#039;una gran&nbsp;<strong>oferta<\/strong>&nbsp;d&#039;aparells&nbsp;<strong>multifunci\u00f3 Konica<\/strong>, a m\u00e9s de molts altres dispositius similars i de marques igual d&#039;importants. Tots els dispositius d\u00b4aquesta marca ofereixen la m\u00e0xima qualitat a un preu molt competitiu.<\/p>\n\n\n\n<p>Pel que fa a la innovaci\u00f3, l&#039;empresa Konica disposa de centres ubicats per tot el m\u00f3n que estan dedicats \u00fanicament a desenvolupar tota mena de projectes, per tal de crear noves tecnologies per aplicar-les a tots els seus productes. Gr\u00e0cies a aquesta tecnologia, actualment podem dir que disposem de la millor&nbsp;<strong>oferta<\/strong>&nbsp;d&#039;aparells&nbsp;<strong>multifunci\u00f3 de Konica<\/strong>. Actualment, aquesta empresa est\u00e0 immersa en infinitat de projectors relacionats amb les noves tecnologies i la seva influ\u00e8ncia a les empreses, garantint aix\u00ed, que els seus productes compleixin realment totes i cadascuna de les necessitats d&#039;impressi\u00f3 de qu\u00e8 disposen.<\/p>\n\n\n\n<p>A Apen, nom\u00e9s comptem amb productes tan efica\u00e7os com els de l&#039;empresa Konica, per aquest motiu, les empreses de les que som distribu\u00efdors s\u00f3n molt conegudes i es posicionen entre les millors del mercat, concretament a l&#039;\u00e0mbit de la impressi\u00f3. D&#039;aquesta manera, des de la nostra empresa garantim que els nostres clients obtinguin el resultat esperat de totes les tasques i tasques d&#039;impressi\u00f3, donant aix\u00ed un model de negoci molt m\u00e9s eficient i de qualitat. La gran&nbsp;<strong>oferta<\/strong>&nbsp;de dispositius&nbsp;<strong>multifunci\u00f3 Konica<\/strong>&nbsp;de la que disposem a la nostra empresa fa que puguem oferir a cadascun dels nostres clients el producte m\u00e9s idoni per al seu tipus i estil de negoci.<\/p>\n\n\n\n<p>Perqu\u00e8 els nostres clients se sentin satisfets, a Apen ens comprometem a ajudar-lo i oferir-li tot l&#039;assessorament que requereixi. D&#039;aquesta manera, aconseguirem que cada empresa disposi dels dispositius i aparells d&#039;impressi\u00f3 que realment s&#039;adaptin a les vostres necessitats i prefer\u00e8ncia, ajudant aix\u00ed que els seus resultats siguin immillorables. Aquest tipus de detalls poden marcar la difer\u00e8ncia i, amb les millors impressions, tots els nostres clients poden aconseguir que el seu negoci creixi i arribi molt m\u00e9s alt del que mai s&#039;hauria imaginat. La&nbsp;<strong>oferta multifunci\u00f3 de Konica<\/strong>, pret\u00e9n assolir aquests objectius i ser la marca id\u00f2nia per a tot tipus d&#039;empreses.<\/p>\n\n\n\n<p>Si voleu saber m\u00e9s sobre la nostra empresa o sobre la nostra empresa&nbsp;<strong>oferta multifunci\u00f3 de Konica<\/strong>, no dubteu a posar-vos en contacte amb nosaltres, estarem encantats d&#039;atendre&#039;l i resoldre qualsevol dubte que pugui tenir. A m\u00e9s, us assessorarem i oferirem tota la informaci\u00f3 que requereixi sense cap mena de comprom\u00eds i amb els millors resultats. Si voleu con\u00e8ixer algun dels nostres productes, nosaltres us podem ajudar, us ensenyarem com treure-li el m\u00e0xim rendiment i, d&#039;aquesta manera, millorar l&#039;efectivitat i moltes tasques de la vostra empresa.<\/p>","protected":false},"excerpt":{"rendered":"<p>La marca Konica es una de las m\u00e1s importantes en el sector de la impresi\u00f3n y las nuevas tecnolog\u00edas, ya que dispone de una amplia experiencia y continuamente est\u00e1 innovando con tal de ofrecer los mejores productos a todos sus clientes. De esta forma, en Apen queremos disponer de sus productos y ofrecerlos a todas&#8230;<\/p>","protected":false},"author":4,"featured_media":0,"parent":1158,"menu_order":0,"comment_status":"closed","ping_status":"closed","template":"page-renting-impresoras.php","meta":{"_acf_changed":false,"_kad_blocks_custom_css":"","_kad_blocks_head_custom_js":"","_kad_blocks_body_custom_js":"","_kad_blocks_footer_custom_js":"","_kad_post_transparent":"","_kad_post_title":"","_kad_post_layout":"","_kad_post_sidebar_id":"","_kad_post_content_style":"","_kad_post_vertical_padding":"","_kad_post_feature":"","_kad_post_feature_position":"","_kad_post_header":false,"_kad_post_footer":false,"_kad_post_classname":"","footnotes":""},"class_list":["post-11755","page","type-page","status-publish","hentry"],"acf":[],"yoast_head":"<!-- This site is optimized with the Yoast SEO plugin v27.4 - https:\/\/yoast.com\/product\/yoast-seo-wordpress\/ -->\n<title>Oferta multifunci\u00f3n Konica - Apen Inform\u00e1tica<\/title>\n<meta name=\"description\" content=\"\u00bfBuscas una oferta de multifunci\u00f3n Konica para tu empresa? En Apen somos l\u00edderes en ofrecer soluciones de impresi\u00f3n a empresas de Barcelona.\" \/>\n<meta name=\"robots\" content=\"index, follow, max-snippet:-1, max-image-preview:large, max-video-preview:-1\" \/>\n<link rel=\"canonical\" href=\"https:\/\/www.apen.es\/ca\/solucions-dimpressio\/oferta-multifuncio-konica\/\" \/>\n<meta property=\"og:locale\" content=\"ca_ES\" \/>\n<meta property=\"og:type\" content=\"article\" \/>\n<meta property=\"og:title\" content=\"Oferta multifunci\u00f3n Konica - Apen Inform\u00e1tica\" \/>\n<meta property=\"og:description\" content=\"\u00bfBuscas una oferta de multifunci\u00f3n Konica para tu empresa? En Apen somos l\u00edderes en ofrecer soluciones de impresi\u00f3n a empresas de Barcelona.\" \/>\n<meta property=\"og:url\" content=\"https:\/\/www.apen.es\/ca\/solucions-dimpressio\/oferta-multifuncio-konica\/\" \/>\n<meta property=\"og:site_name\" content=\"Apen Inform\u00e1tica\" \/>\n<meta property=\"article:publisher\" content=\"https:\/\/www.facebook.com\/apensolucions\" \/>\n<meta property=\"article:modified_time\" content=\"2025-05-23T08:03:16+00:00\" \/>\n<meta property=\"og:image\" content=\"https:\/\/www.apen.es\/wp-content\/uploads\/2016\/05\/logo-apen-231x82-trasparent.png\" \/>\n\t<meta property=\"og:image:width\" content=\"231\" \/>\n\t<meta property=\"og:image:height\" content=\"82\" \/>\n\t<meta property=\"og:image:type\" content=\"image\/png\" \/>\n<meta name=\"twitter:card\" content=\"summary_large_image\" \/>\n<meta name=\"twitter:label1\" content=\"Temps estimat de lectura\" \/>\n\t<meta name=\"twitter:data1\" content=\"8 minuts\" \/>\n<script type=\"application\/ld+json\" class=\"yoast-schema-graph\">{\"@context\":\"https:\\\/\\\/schema.org\",\"@graph\":[{\"@type\":\"WebPage\",\"@id\":\"https:\\\/\\\/www.apen.es\\\/soluciones-de-impresion\\\/oferta-multifuncion-konica\\\/\",\"url\":\"https:\\\/\\\/www.apen.es\\\/soluciones-de-impresion\\\/oferta-multifuncion-konica\\\/\",\"name\":\"Oferta multifunci\u00f3n Konica - Apen Inform\u00e1tica\",\"isPartOf\":{\"@id\":\"https:\\\/\\\/www.apen.es\\\/#website\"},\"datePublished\":\"2018-10-05T15:26:03+00:00\",\"dateModified\":\"2025-05-23T08:03:16+00:00\",\"description\":\"\u00bfBuscas una oferta de multifunci\u00f3n Konica para tu empresa? En Apen somos l\u00edderes en ofrecer soluciones de impresi\u00f3n a empresas de Barcelona.\",\"breadcrumb\":{\"@id\":\"https:\\\/\\\/www.apen.es\\\/soluciones-de-impresion\\\/oferta-multifuncion-konica\\\/#breadcrumb\"},\"inLanguage\":\"ca\",\"potentialAction\":[{\"@type\":\"ReadAction\",\"target\":[\"https:\\\/\\\/www.apen.es\\\/soluciones-de-impresion\\\/oferta-multifuncion-konica\\\/\"]}]},{\"@type\":\"BreadcrumbList\",\"@id\":\"https:\\\/\\\/www.apen.es\\\/soluciones-de-impresion\\\/oferta-multifuncion-konica\\\/#breadcrumb\",\"itemListElement\":[{\"@type\":\"ListItem\",\"position\":1,\"name\":\"Portada\",\"item\":\"https:\\\/\\\/www.apen.es\\\/\"},{\"@type\":\"ListItem\",\"position\":2,\"name\":\"Soluciones de impresi\u00f3n\",\"item\":\"https:\\\/\\\/www.apen.es\\\/soluciones-de-impresion\\\/\"},{\"@type\":\"ListItem\",\"position\":3,\"name\":\"Oferta multifunci\u00f3n Konica\"}]},{\"@type\":\"WebSite\",\"@id\":\"https:\\\/\\\/www.apen.es\\\/#website\",\"url\":\"https:\\\/\\\/www.apen.es\\\/\",\"name\":\"Apen Inform\u00e1tica\",\"description\":\"Mantenimiento Inform\u00e1tico , Software de Gesti\u00f3n, Soluciones de impresi\u00f3n\",\"publisher\":{\"@id\":\"https:\\\/\\\/www.apen.es\\\/#organization\"},\"potentialAction\":[{\"@type\":\"SearchAction\",\"target\":{\"@type\":\"EntryPoint\",\"urlTemplate\":\"https:\\\/\\\/www.apen.es\\\/?s={search_term_string}\"},\"query-input\":{\"@type\":\"PropertyValueSpecification\",\"valueRequired\":true,\"valueName\":\"search_term_string\"}}],\"inLanguage\":\"ca\"},{\"@type\":\"Organization\",\"@id\":\"https:\\\/\\\/www.apen.es\\\/#organization\",\"name\":\"Apen: Soluciones inform\u00e1ticas\",\"url\":\"https:\\\/\\\/www.apen.es\\\/\",\"logo\":{\"@type\":\"ImageObject\",\"inLanguage\":\"ca\",\"@id\":\"https:\\\/\\\/www.apen.es\\\/#\\\/schema\\\/logo\\\/image\\\/\",\"url\":\"https:\\\/\\\/www.apen.es\\\/wp-content\\\/uploads\\\/2022\\\/08\\\/logo-apenok-231x82-1.png\",\"contentUrl\":\"https:\\\/\\\/www.apen.es\\\/wp-content\\\/uploads\\\/2022\\\/08\\\/logo-apenok-231x82-1.png\",\"width\":231,\"height\":82,\"caption\":\"Apen: Soluciones inform\u00e1ticas\"},\"image\":{\"@id\":\"https:\\\/\\\/www.apen.es\\\/#\\\/schema\\\/logo\\\/image\\\/\"},\"sameAs\":[\"https:\\\/\\\/www.facebook.com\\\/apensolucions\",\"https:\\\/\\\/www.youtube.com\\\/user\\\/ApenCentreInformatic\",\"https:\\\/\\\/www.linkedin.com\\\/company\\\/1021771?trk=tyah&trkInfo=clickedVerticalcompanyclickedEntityId1021771idx2-1-2tarId1464195271196tasapenin\"]}]}<\/script>\n<!-- \/ Yoast SEO plugin. -->","yoast_head_json":{"title":"Oferta multifunci\u00f3 Konica - Apen Inform\u00e0tica","description":"Busques una oferta de multifunci\u00f3 Konica per a la teva empresa? A Apen som l\u00edders a oferir solucions d\u00b4impressi\u00f3 a empreses de Barcelona.","robots":{"index":"index","follow":"follow","max-snippet":"max-snippet:-1","max-image-preview":"max-image-preview:large","max-video-preview":"max-video-preview:-1"},"canonical":"https:\/\/www.apen.es\/ca\/solucions-dimpressio\/oferta-multifuncio-konica\/","og_locale":"ca_ES","og_type":"article","og_title":"Oferta multifunci\u00f3n Konica - Apen Inform\u00e1tica","og_description":"\u00bfBuscas una oferta de multifunci\u00f3n Konica para tu empresa? En Apen somos l\u00edderes en ofrecer soluciones de impresi\u00f3n a empresas de Barcelona.","og_url":"https:\/\/www.apen.es\/ca\/solucions-dimpressio\/oferta-multifuncio-konica\/","og_site_name":"Apen Inform\u00e1tica","article_publisher":"https:\/\/www.facebook.com\/apensolucions","article_modified_time":"2025-05-23T08:03:16+00:00","og_image":[{"width":231,"height":82,"url":"https:\/\/www.apen.es\/wp-content\/uploads\/2016\/05\/logo-apen-231x82-trasparent.png","type":"image\/png"}],"twitter_card":"summary_large_image","twitter_misc":{"Temps estimat de lectura":"8 minuts"},"schema":{"@context":"https:\/\/schema.org","@graph":[{"@type":"WebPage","@id":"https:\/\/www.apen.es\/soluciones-de-impresion\/oferta-multifuncion-konica\/","url":"https:\/\/www.apen.es\/soluciones-de-impresion\/oferta-multifuncion-konica\/","name":"Oferta multifunci\u00f3 Konica - Apen Inform\u00e0tica","isPartOf":{"@id":"https:\/\/www.apen.es\/#website"},"datePublished":"2018-10-05T15:26:03+00:00","dateModified":"2025-05-23T08:03:16+00:00","description":"Busques una oferta de multifunci\u00f3 Konica per a la teva empresa? A Apen som l\u00edders a oferir solucions d\u00b4impressi\u00f3 a empreses de Barcelona.","breadcrumb":{"@id":"https:\/\/www.apen.es\/soluciones-de-impresion\/oferta-multifuncion-konica\/#breadcrumb"},"inLanguage":"ca","potentialAction":[{"@type":"ReadAction","target":["https:\/\/www.apen.es\/soluciones-de-impresion\/oferta-multifuncion-konica\/"]}]},{"@type":"BreadcrumbList","@id":"https:\/\/www.apen.es\/soluciones-de-impresion\/oferta-multifuncion-konica\/#breadcrumb","itemListElement":[{"@type":"ListItem","position":1,"name":"Portada","item":"https:\/\/www.apen.es\/"},{"@type":"ListItem","position":2,"name":"Soluciones de impresi\u00f3n","item":"https:\/\/www.apen.es\/soluciones-de-impresion\/"},{"@type":"ListItem","position":3,"name":"Oferta multifunci\u00f3n Konica"}]},{"@type":"WebSite","@id":"https:\/\/www.apen.es\/#website","url":"https:\/\/www.apen.es\/","name":"Apen Inform\u00e0tica","description":"Manteniment inform\u00e0tic , programari de gesti\u00f3, solucions d&#039;impressi\u00f3","publisher":{"@id":"https:\/\/www.apen.es\/#organization"},"potentialAction":[{"@type":"SearchAction","target":{"@type":"EntryPoint","urlTemplate":"https:\/\/www.apen.es\/?s={search_term_string}"},"query-input":{"@type":"PropertyValueSpecification","valueRequired":true,"valueName":"search_term_string"}}],"inLanguage":"ca"},{"@type":"Organization","@id":"https:\/\/www.apen.es\/#organization","name":"Apen: Solucions inform\u00e0tiques","url":"https:\/\/www.apen.es\/","logo":{"@type":"ImageObject","inLanguage":"ca","@id":"https:\/\/www.apen.es\/#\/schema\/logo\/image\/","url":"https:\/\/www.apen.es\/wp-content\/uploads\/2022\/08\/logo-apenok-231x82-1.png","contentUrl":"https:\/\/www.apen.es\/wp-content\/uploads\/2022\/08\/logo-apenok-231x82-1.png","width":231,"height":82,"caption":"Apen: Soluciones inform\u00e1ticas"},"image":{"@id":"https:\/\/www.apen.es\/#\/schema\/logo\/image\/"},"sameAs":["https:\/\/www.facebook.com\/apensolucions","https:\/\/www.youtube.com\/user\/ApenCentreInformatic","https:\/\/www.linkedin.com\/company\/1021771?trk=tyah&trkInfo=clickedVerticalcompanyclickedEntityId1021771idx2-1-2tarId1464195271196tasapenin"]}]}},"taxonomy_info":[],"featured_image_src_large":false,"author_info":{"display_name":"marqueting","author_link":"https:\/\/www.apen.es\/ca\/blog\/author\/marqueting\/"},"comment_info":0,"_links":{"self":[{"href":"https:\/\/www.apen.es\/ca\/wp-json\/wp\/v2\/pages\/11755","targetHints":{"allow":["GET"]}}],"collection":[{"href":"https:\/\/www.apen.es\/ca\/wp-json\/wp\/v2\/pages"}],"about":[{"href":"https:\/\/www.apen.es\/ca\/wp-json\/wp\/v2\/types\/page"}],"author":[{"embeddable":true,"href":"https:\/\/www.apen.es\/ca\/wp-json\/wp\/v2\/users\/4"}],"replies":[{"embeddable":true,"href":"https:\/\/www.apen.es\/ca\/wp-json\/wp\/v2\/comments?post=11755"}],"version-history":[{"count":3,"href":"https:\/\/www.apen.es\/ca\/wp-json\/wp\/v2\/pages\/11755\/revisions"}],"predecessor-version":[{"id":54784,"href":"https:\/\/www.apen.es\/ca\/wp-json\/wp\/v2\/pages\/11755\/revisions\/54784"}],"up":[{"embeddable":true,"href":"https:\/\/www.apen.es\/ca\/wp-json\/wp\/v2\/pages\/1158"}],"wp:attachment":[{"href":"https:\/\/www.apen.es\/ca\/wp-json\/wp\/v2\/media?parent=11755"}],"curies":[{"name":"wp","href":"https:\/\/api.w.org\/{rel}","templated":true}]}}