{"id":11550,"date":"2025-02-06T10:52:05","date_gmt":"2025-02-06T10:52:05","guid":{"rendered":"https:\/\/www.apen.es\/?page_id=11550"},"modified":"2025-10-27T12:22:10","modified_gmt":"2025-10-27T12:22:10","slug":"kyocera","status":"publish","type":"page","link":"https:\/\/www.apen.es\/ca\/kyocera\/","title":{"rendered":"Kyocera"},"content":{"rendered":"<p>A Apen, despr\u00e9s de m\u00e9s de 30 anys d&#039;experi\u00e8ncia, et podem garantir el millor servei inform\u00e0tic a Granollers oferint-te solucions fetes a mida i pensades exclusivament per al bon funcionament de la teva empresa. A difer\u00e8ncia d&#039;altres empreses del sector, a Apen <strong>realitzem un estudi previ de la teva empresa<\/strong> per con\u00e8ixer, de primera m\u00e0, el funcionament que es duu a terme i aix\u00f2 ens ajuda a estudiar i dissenyar la millor proposta per al teu PIME.<\/p>\n\n\n\n<p>Treballem amb <strong>primeres marques<\/strong>, per oferir-te i garantir-te els millors resultats. I si a aix\u00f2 li sumem que la feina la realitza el nostre equip t\u00e8cnic qualificat i expert en manteniment i seguretat inform\u00e0tica, aconseguim una soluci\u00f3 integral per cobrir les necessitats reals de la teva empresa pel que fa al servei inform\u00e0tic professional a Granollers.<\/p>\n\n\n\n<p>T&#039;oferim tres grans possibilitats per al manteniment inform\u00e0tic de la teva empresa; <strong>Manteniment Base, manteniment Outsourcing i manteniment Premium<\/strong>. La primera opci\u00f3 us permet gaudir de l&#039;assist\u00e8ncia t\u00e8cnica del nostre equip en menys de quatre hores, d&#039;una auditoria anual que garanteix el bon funcionament dels equips, de pr\u00e9stecs d&#039;equips inform\u00e0tics i de tenir un t\u00e8cnic del nostre equip a la vostra disposici\u00f3 sempre que ho necessiteu, perqu\u00e8 resolgui qualsevol anomalia o problema t\u00e8cnic que es pugui generar al vostre equip.<\/p>\n\n\n\n<p>El manteniment inform\u00e0tic Outsourcing inclou tamb\u00e9 el cost de despla\u00e7ament dels t\u00e8cnics inform\u00e0tics que es necessitin i la cobertura del manteniment de cinc dies durant 10 hores cada dia.<\/p>\n\n\n\n<p>I la tercera opci\u00f3 del nostre <strong>servei inform\u00e0tic a Granollers \u00e9s el manteniment Premium<\/strong>, amb qu\u00e8 la teva empresa podr\u00e0 gaudir del millor manteniment inform\u00e0tic a tota la prov\u00edncia de Barcelona. Un servei amb qu\u00e8 podr\u00e0s trobar solucions inform\u00e0tiques addicionals al manteniment Outsourcing; Serveis correctius i preventius, atenci\u00f3 amb un control remot d&#039;alt nivell, etc.&nbsp;<\/p>\n\n\n\n<p>Entre les solucions inform\u00e0tiques que oferim, els serveis m\u00e9s comuns s\u00f3n la instal\u00b7laci\u00f3 de sistemes antivirus, implantaci\u00f3 d&#039;ERP, c\u00f2pies de seguretat, instal\u00b7laci\u00f3 de programes inform\u00e0tics, detecci\u00f3 i eliminaci\u00f3 de virus, solucions d&#039;impressi\u00f3, eliminaci\u00f3 de codi malici\u00f3s, manteniment de xarxes locals, etc. T&#039;oferim una cobertura de 365 dies a l&#039;any les 24 hores del dia, cosa que et permetr\u00e0 tenir de manera constant el major rendiment dels teus sistemes inform\u00e0tics.<\/p>\n\n\n\n<p>Si voleu con\u00e8ixer m\u00e9s informaci\u00f3 sobre el servei inform\u00e0tic a Granollers us convidem a visitar la nostra p\u00e0gina web i contactar amb nosaltres, sense cap comprom\u00eds. Podem valorar les necessitats reals de la teva empresa i determinar, de manera adequada, quina \u00e9s la millor soluci\u00f3 m\u00e9s adequada i efica\u00e7 que podem oferir a la teva empresa. Disposem de l&#039;opci\u00f3 del r\u00e8nting, perqu\u00e8 pugueu gaudir de tots els avantatges que ofereixen els nostres equips des del primer dia, sense tenir l&#039;obligaci\u00f3 de comprar-los.<\/p>","protected":false},"excerpt":{"rendered":"<p>En Apen, tras m\u00e1s de 30 a\u00f1os de experiencia, podemos garantizarte el mejor servicio inform\u00e1tico en Granollers ofreci\u00e9ndote soluciones hechas a medida y pensadas exclusivamente para el buen funcionamiento de tu empresa. A diferencia de otras empresas del sector, en Apen realizamos un estudio previo de tu empresa para conocer, de primera mano, el funcionamiento&#8230;<\/p>","protected":false},"author":4,"featured_media":0,"parent":0,"menu_order":0,"comment_status":"closed","ping_status":"closed","template":"page-renting-impresoras.php","meta":{"_acf_changed":false,"_kad_blocks_custom_css":"","_kad_blocks_head_custom_js":"","_kad_blocks_body_custom_js":"","_kad_blocks_footer_custom_js":"","_kad_post_transparent":"","_kad_post_title":"","_kad_post_layout":"","_kad_post_sidebar_id":"","_kad_post_content_style":"","_kad_post_vertical_padding":"","_kad_post_feature":"","_kad_post_feature_position":"","_kad_post_header":false,"_kad_post_footer":false,"_kad_post_classname":"","footnotes":""},"class_list":["post-11550","page","type-page","status-publish","hentry"],"acf":[],"yoast_head":"<!-- This site is optimized with the Yoast SEO plugin v27.4 - https:\/\/yoast.com\/product\/yoast-seo-wordpress\/ -->\n<title>Kyocera - Apen Inform\u00e1tica<\/title>\n<meta name=\"description\" content=\"En Apen, tras m\u00e1s de 30 a\u00f1os de experiencia, podemos garantizarte el mejor servicio inform\u00e1tico en Granollers ofreci\u00e9ndote soluciones hechas a medida y\" \/>\n<meta name=\"robots\" content=\"index, follow, max-snippet:-1, max-image-preview:large, max-video-preview:-1\" \/>\n<link rel=\"canonical\" href=\"https:\/\/www.apen.es\/ca\/kyocera\/\" \/>\n<meta property=\"og:locale\" content=\"ca_ES\" \/>\n<meta property=\"og:type\" content=\"article\" \/>\n<meta property=\"og:title\" content=\"Kyocera - Apen Inform\u00e1tica\" \/>\n<meta property=\"og:description\" content=\"En Apen, tras m\u00e1s de 30 a\u00f1os de experiencia, podemos garantizarte el mejor servicio inform\u00e1tico en Granollers ofreci\u00e9ndote soluciones hechas a medida y\" \/>\n<meta property=\"og:url\" content=\"https:\/\/www.apen.es\/ca\/kyocera\/\" \/>\n<meta property=\"og:site_name\" content=\"Apen Inform\u00e1tica\" \/>\n<meta property=\"article:publisher\" content=\"https:\/\/www.facebook.com\/apensolucions\" \/>\n<meta property=\"article:modified_time\" content=\"2025-10-27T12:22:10+00:00\" \/>\n<meta property=\"og:image\" content=\"https:\/\/www.apen.es\/wp-content\/uploads\/2016\/05\/logo-apen-231x82-trasparent.png\" \/>\n\t<meta property=\"og:image:width\" content=\"231\" \/>\n\t<meta property=\"og:image:height\" content=\"82\" \/>\n\t<meta property=\"og:image:type\" content=\"image\/png\" \/>\n<meta name=\"twitter:card\" content=\"summary_large_image\" \/>\n<meta name=\"twitter:label1\" content=\"Temps estimat de lectura\" \/>\n\t<meta name=\"twitter:data1\" content=\"3 minuts\" \/>\n<script type=\"application\/ld+json\" class=\"yoast-schema-graph\">{\"@context\":\"https:\\\/\\\/schema.org\",\"@graph\":[{\"@type\":\"WebPage\",\"@id\":\"https:\\\/\\\/www.apen.es\\\/kyocera\\\/\",\"url\":\"https:\\\/\\\/www.apen.es\\\/kyocera\\\/\",\"name\":\"Kyocera - Apen Inform\u00e1tica\",\"isPartOf\":{\"@id\":\"https:\\\/\\\/www.apen.es\\\/#website\"},\"datePublished\":\"2025-02-06T10:52:05+00:00\",\"dateModified\":\"2025-10-27T12:22:10+00:00\",\"description\":\"En Apen, tras m\u00e1s de 30 a\u00f1os de experiencia, podemos garantizarte el mejor servicio inform\u00e1tico en Granollers ofreci\u00e9ndote soluciones hechas a medida y\",\"breadcrumb\":{\"@id\":\"https:\\\/\\\/www.apen.es\\\/kyocera\\\/#breadcrumb\"},\"inLanguage\":\"ca\",\"potentialAction\":[{\"@type\":\"ReadAction\",\"target\":[\"https:\\\/\\\/www.apen.es\\\/kyocera\\\/\"]}]},{\"@type\":\"BreadcrumbList\",\"@id\":\"https:\\\/\\\/www.apen.es\\\/kyocera\\\/#breadcrumb\",\"itemListElement\":[{\"@type\":\"ListItem\",\"position\":1,\"name\":\"Portada\",\"item\":\"https:\\\/\\\/www.apen.es\\\/\"},{\"@type\":\"ListItem\",\"position\":2,\"name\":\"Kyocera\"}]},{\"@type\":\"WebSite\",\"@id\":\"https:\\\/\\\/www.apen.es\\\/#website\",\"url\":\"https:\\\/\\\/www.apen.es\\\/\",\"name\":\"Apen Inform\u00e1tica\",\"description\":\"Mantenimiento Inform\u00e1tico , Software de Gesti\u00f3n, Soluciones de impresi\u00f3n\",\"publisher\":{\"@id\":\"https:\\\/\\\/www.apen.es\\\/#organization\"},\"potentialAction\":[{\"@type\":\"SearchAction\",\"target\":{\"@type\":\"EntryPoint\",\"urlTemplate\":\"https:\\\/\\\/www.apen.es\\\/?s={search_term_string}\"},\"query-input\":{\"@type\":\"PropertyValueSpecification\",\"valueRequired\":true,\"valueName\":\"search_term_string\"}}],\"inLanguage\":\"ca\"},{\"@type\":\"Organization\",\"@id\":\"https:\\\/\\\/www.apen.es\\\/#organization\",\"name\":\"Apen: Soluciones inform\u00e1ticas\",\"url\":\"https:\\\/\\\/www.apen.es\\\/\",\"logo\":{\"@type\":\"ImageObject\",\"inLanguage\":\"ca\",\"@id\":\"https:\\\/\\\/www.apen.es\\\/#\\\/schema\\\/logo\\\/image\\\/\",\"url\":\"https:\\\/\\\/www.apen.es\\\/wp-content\\\/uploads\\\/2022\\\/08\\\/logo-apenok-231x82-1.png\",\"contentUrl\":\"https:\\\/\\\/www.apen.es\\\/wp-content\\\/uploads\\\/2022\\\/08\\\/logo-apenok-231x82-1.png\",\"width\":231,\"height\":82,\"caption\":\"Apen: Soluciones inform\u00e1ticas\"},\"image\":{\"@id\":\"https:\\\/\\\/www.apen.es\\\/#\\\/schema\\\/logo\\\/image\\\/\"},\"sameAs\":[\"https:\\\/\\\/www.facebook.com\\\/apensolucions\",\"https:\\\/\\\/www.youtube.com\\\/user\\\/ApenCentreInformatic\",\"https:\\\/\\\/www.linkedin.com\\\/company\\\/1021771?trk=tyah&trkInfo=clickedVerticalcompanyclickedEntityId1021771idx2-1-2tarId1464195271196tasapenin\"]}]}<\/script>\n<!-- \/ Yoast SEO plugin. -->","yoast_head_json":{"title":"Kyocera - Apen Inform\u00e1tica","description":"En Apen, tras m\u00e1s de 30 a\u00f1os de experiencia, podemos garantizarte el mejor servicio inform\u00e1tico en Granollers ofreci\u00e9ndote soluciones hechas a medida y","robots":{"index":"index","follow":"follow","max-snippet":"max-snippet:-1","max-image-preview":"max-image-preview:large","max-video-preview":"max-video-preview:-1"},"canonical":"https:\/\/www.apen.es\/ca\/kyocera\/","og_locale":"ca_ES","og_type":"article","og_title":"Kyocera - Apen Inform\u00e1tica","og_description":"En Apen, tras m\u00e1s de 30 a\u00f1os de experiencia, podemos garantizarte el mejor servicio inform\u00e1tico en Granollers ofreci\u00e9ndote soluciones hechas a medida y","og_url":"https:\/\/www.apen.es\/ca\/kyocera\/","og_site_name":"Apen Inform\u00e1tica","article_publisher":"https:\/\/www.facebook.com\/apensolucions","article_modified_time":"2025-10-27T12:22:10+00:00","og_image":[{"width":231,"height":82,"url":"https:\/\/www.apen.es\/wp-content\/uploads\/2016\/05\/logo-apen-231x82-trasparent.png","type":"image\/png"}],"twitter_card":"summary_large_image","twitter_misc":{"Temps estimat de lectura":"3 minuts"},"schema":{"@context":"https:\/\/schema.org","@graph":[{"@type":"WebPage","@id":"https:\/\/www.apen.es\/kyocera\/","url":"https:\/\/www.apen.es\/kyocera\/","name":"Kyocera - Apen Inform\u00e1tica","isPartOf":{"@id":"https:\/\/www.apen.es\/#website"},"datePublished":"2025-02-06T10:52:05+00:00","dateModified":"2025-10-27T12:22:10+00:00","description":"En Apen, tras m\u00e1s de 30 a\u00f1os de experiencia, podemos garantizarte el mejor servicio inform\u00e1tico en Granollers ofreci\u00e9ndote soluciones hechas a medida y","breadcrumb":{"@id":"https:\/\/www.apen.es\/kyocera\/#breadcrumb"},"inLanguage":"ca","potentialAction":[{"@type":"ReadAction","target":["https:\/\/www.apen.es\/kyocera\/"]}]},{"@type":"BreadcrumbList","@id":"https:\/\/www.apen.es\/kyocera\/#breadcrumb","itemListElement":[{"@type":"ListItem","position":1,"name":"Portada","item":"https:\/\/www.apen.es\/"},{"@type":"ListItem","position":2,"name":"Kyocera"}]},{"@type":"WebSite","@id":"https:\/\/www.apen.es\/#website","url":"https:\/\/www.apen.es\/","name":"Apen Inform\u00e0tica","description":"Manteniment inform\u00e0tic , programari de gesti\u00f3, solucions d&#039;impressi\u00f3","publisher":{"@id":"https:\/\/www.apen.es\/#organization"},"potentialAction":[{"@type":"SearchAction","target":{"@type":"EntryPoint","urlTemplate":"https:\/\/www.apen.es\/?s={search_term_string}"},"query-input":{"@type":"PropertyValueSpecification","valueRequired":true,"valueName":"search_term_string"}}],"inLanguage":"ca"},{"@type":"Organization","@id":"https:\/\/www.apen.es\/#organization","name":"Apen: Solucions inform\u00e0tiques","url":"https:\/\/www.apen.es\/","logo":{"@type":"ImageObject","inLanguage":"ca","@id":"https:\/\/www.apen.es\/#\/schema\/logo\/image\/","url":"https:\/\/www.apen.es\/wp-content\/uploads\/2022\/08\/logo-apenok-231x82-1.png","contentUrl":"https:\/\/www.apen.es\/wp-content\/uploads\/2022\/08\/logo-apenok-231x82-1.png","width":231,"height":82,"caption":"Apen: Soluciones inform\u00e1ticas"},"image":{"@id":"https:\/\/www.apen.es\/#\/schema\/logo\/image\/"},"sameAs":["https:\/\/www.facebook.com\/apensolucions","https:\/\/www.youtube.com\/user\/ApenCentreInformatic","https:\/\/www.linkedin.com\/company\/1021771?trk=tyah&trkInfo=clickedVerticalcompanyclickedEntityId1021771idx2-1-2tarId1464195271196tasapenin"]}]}},"taxonomy_info":[],"featured_image_src_large":false,"author_info":{"display_name":"marqueting","author_link":"https:\/\/www.apen.es\/ca\/blog\/author\/marqueting\/"},"comment_info":0,"_links":{"self":[{"href":"https:\/\/www.apen.es\/ca\/wp-json\/wp\/v2\/pages\/11550","targetHints":{"allow":["GET"]}}],"collection":[{"href":"https:\/\/www.apen.es\/ca\/wp-json\/wp\/v2\/pages"}],"about":[{"href":"https:\/\/www.apen.es\/ca\/wp-json\/wp\/v2\/types\/page"}],"author":[{"embeddable":true,"href":"https:\/\/www.apen.es\/ca\/wp-json\/wp\/v2\/users\/4"}],"replies":[{"embeddable":true,"href":"https:\/\/www.apen.es\/ca\/wp-json\/wp\/v2\/comments?post=11550"}],"version-history":[{"count":5,"href":"https:\/\/www.apen.es\/ca\/wp-json\/wp\/v2\/pages\/11550\/revisions"}],"predecessor-version":[{"id":62445,"href":"https:\/\/www.apen.es\/ca\/wp-json\/wp\/v2\/pages\/11550\/revisions\/62445"}],"wp:attachment":[{"href":"https:\/\/www.apen.es\/ca\/wp-json\/wp\/v2\/media?parent=11550"}],"curies":[{"name":"wp","href":"https:\/\/api.w.org\/{rel}","templated":true}]}}