{"id":10834,"date":"2018-07-18T08:30:09","date_gmt":"2018-07-18T08:30:09","guid":{"rendered":"https:\/\/www.apen.es\/?page_id=10834"},"modified":"2025-05-23T08:19:58","modified_gmt":"2025-05-23T08:19:58","slug":"oferta-impressora-hp","status":"publish","type":"page","link":"https:\/\/www.apen.es\/ca\/soluciones-de-impresion\/oferta-impresora-hp\/","title":{"rendered":"Oferta impressora HP"},"content":{"rendered":"<p>A la nostra empresa oferim els productes i servei de millor qualitat amb la finalitat de garantir el correcte funcionament de les m\u00e0quines i la satisfacci\u00f3 de tots els nostres clients. Per tal d&#039;assolir els nostres objectius, a Apen comptem amb una gran&nbsp;<strong>oferta<\/strong>&nbsp;de&nbsp;<strong>impressores<\/strong>&nbsp;de l&#039;empresa&nbsp;<strong>HP<\/strong>, entre moltes altres del sector. Totes les empreses que estan presents amb nosaltres s\u00f3n l\u00edders al mercat i fabriquen productes amb una tecnologia innovadora i excepcional.<\/p>\n\n\n\n<p><strong>HP<\/strong>&nbsp;\u00e9s una de les marques m\u00e9s reconegudes al sector de les&nbsp;<strong>impressores<\/strong>, ja que cont\u00ednuament est\u00e0 innovant per oferir productes que cobreixin les necessitats de tots els seus clients. Dins l&#039;empresa&nbsp;<strong>HP<\/strong>&nbsp;podem trobar una gran&nbsp;<strong>oferta<\/strong>, tant de&nbsp;<strong>impressores<\/strong>&nbsp;com d&#039;altres dispositius tecnol\u00f2gics com ara ordinadors i tel\u00e8fons m\u00f2bils. A Apen disposem dels seus&nbsp;<strong>impressores<\/strong>&nbsp;perqu\u00e8 infinitat de clients les demanen, ja que s\u00f3n unes de les millors del mercat.<\/p>\n\n\n\n<p>L&#039;objectiu principal de l&#039;empresa&nbsp;<strong>HP<\/strong>&nbsp;\u00e9s aconseguir crear els millors productes que facin la vida m\u00e9s f\u00e0cil als clients. A Apen tamb\u00e9 volem que els nostres clients disposin dels productes m\u00e9s eficients per tal que puguin realitzar la seva feina d&#039;una manera r\u00e0pida i c\u00f2moda. La&nbsp;<strong>oferta<\/strong>&nbsp;de&nbsp;<strong>impressores<\/strong>&nbsp;de la que disposem a la nostra empresa est\u00e0 destinada a donar soluci\u00f3 a tots aquells clients que requereixin dels nostres productes o serveis.<\/p>\n\n\n\n<p>Un dels principals avantatges que a Apen disposem d&#039;una gran&nbsp;<strong>oferta<\/strong>&nbsp;de&nbsp;<strong>impressores<\/strong>&nbsp;<strong>HP<\/strong>&nbsp;\u00e9s que hi ha una perfecta per a cada client, \u00e9s a dir, les prestacions poden ser majors o menors depenent de quines siguin les necessitats de cada client. Alguns clients necessiten&nbsp;<strong>impressores<\/strong>&nbsp;molt b\u00e0siques per fer impressions de documents que no necessiten molta rellev\u00e0ncia, per\u00f2 un altre tipus de negocis necessiten&nbsp;<strong>impressores<\/strong>&nbsp;amb una gran tecnol\u00f2gica i definici\u00f3 per tal de realitzar la feina de casa correctament.<\/p>\n\n\n\n<p>La&nbsp;<strong>oferta<\/strong>&nbsp;de&nbsp;<strong>impressores<\/strong>&nbsp;que trobaran els clients a la nostra empresa ofereix una gran varietat de marques a m\u00e9s de&nbsp;<strong>HP<\/strong>. Totes les marques de&nbsp;<strong>impressores<\/strong>&nbsp;de les que disposem a la nostra empresa s\u00f3n l\u00edders al seu sector i reconegudes per una llarga traject\u00f2ria al sector de la inform\u00e0tica i les noves tecnologies, d&#039;aquesta manera, no assegurem que els productes i serveis que oferim s\u00f3n els millors i el client quedar\u00e0 sempre satisfet i content amb la seva compra.<\/p>\n\n\n\n<p>La nostra tecnologia i la de les&nbsp;<strong>impressores<\/strong>&nbsp;que oferim a Apen pretenen ser la millor soluci\u00f3 per a tot tipus de necessitats que pugui tenir el seu negoci o empresa. Si voleu con\u00e8ixer m\u00e9s sobre nosaltres o sobre la nostra gran&nbsp;<strong>oferta<\/strong>&nbsp;de&nbsp;<strong>impressores<\/strong>&nbsp;<strong>HP<\/strong>&nbsp;no dubteu a posar-vos en contacte amb nosaltres, estarem encantats d&#039;atendre&#039;l i resoldre qualsevol dubte que pugueu tenir.<\/p>","protected":false},"excerpt":{"rendered":"<p>En nuestra empresa ofrecemos los productos y servicio de mejor calidad con la finalidad de garantizar el correcto funcionamiento de las m\u00e1quinas y la satisfacci\u00f3n de todos nuestros clientes. Con tal de lograr nuestros objetivos, en Apen contamos con una gran&nbsp;oferta&nbsp;de&nbsp;impresoras&nbsp;de la empresa&nbsp;HP, entre muchas otras del sector. Todas las empresas que est\u00e1n presente con&#8230;<\/p>","protected":false},"author":4,"featured_media":0,"parent":1158,"menu_order":0,"comment_status":"closed","ping_status":"closed","template":"page-renting-impresoras.php","meta":{"_acf_changed":false,"_kad_blocks_custom_css":"","_kad_blocks_head_custom_js":"","_kad_blocks_body_custom_js":"","_kad_blocks_footer_custom_js":"","_kad_post_transparent":"","_kad_post_title":"","_kad_post_layout":"","_kad_post_sidebar_id":"","_kad_post_content_style":"","_kad_post_vertical_padding":"","_kad_post_feature":"","_kad_post_feature_position":"","_kad_post_header":false,"_kad_post_footer":false,"_kad_post_classname":"","footnotes":""},"class_list":["post-10834","page","type-page","status-publish","hentry"],"acf":[],"yoast_head":"<!-- This site is optimized with the Yoast SEO plugin v27.4 - https:\/\/yoast.com\/product\/yoast-seo-wordpress\/ -->\n<title>Oferta impresora HP - Apen Inform\u00e1tica<\/title>\n<meta name=\"description\" content=\"En Apen ofrecemos una oferta para impresoras HP, ahorre espacio y electricidad, mayor rendimiento, respeto y harmon\u00eda con el medio ambiente.\" \/>\n<meta name=\"robots\" content=\"index, follow, max-snippet:-1, max-image-preview:large, max-video-preview:-1\" \/>\n<link rel=\"canonical\" href=\"https:\/\/www.apen.es\/ca\/solucions-dimpressio\/oferta-impressora-hp\/\" \/>\n<meta property=\"og:locale\" content=\"ca_ES\" \/>\n<meta property=\"og:type\" content=\"article\" \/>\n<meta property=\"og:title\" content=\"Oferta impresora HP - Apen Inform\u00e1tica\" \/>\n<meta property=\"og:description\" content=\"En Apen ofrecemos una oferta para impresoras HP, ahorre espacio y electricidad, mayor rendimiento, respeto y harmon\u00eda con el medio ambiente.\" \/>\n<meta property=\"og:url\" content=\"https:\/\/www.apen.es\/ca\/solucions-dimpressio\/oferta-impressora-hp\/\" \/>\n<meta property=\"og:site_name\" content=\"Apen Inform\u00e1tica\" \/>\n<meta property=\"article:publisher\" content=\"https:\/\/www.facebook.com\/apensolucions\" \/>\n<meta property=\"article:modified_time\" content=\"2025-05-23T08:19:58+00:00\" \/>\n<meta property=\"og:image\" content=\"https:\/\/www.apen.es\/wp-content\/uploads\/2016\/05\/logo-apen-231x82-trasparent.png\" \/>\n\t<meta property=\"og:image:width\" content=\"231\" \/>\n\t<meta property=\"og:image:height\" content=\"82\" \/>\n\t<meta property=\"og:image:type\" content=\"image\/png\" \/>\n<meta name=\"twitter:card\" content=\"summary_large_image\" \/>\n<meta name=\"twitter:label1\" content=\"Temps estimat de lectura\" \/>\n\t<meta name=\"twitter:data1\" content=\"7 minuts\" \/>\n<script type=\"application\/ld+json\" class=\"yoast-schema-graph\">{\"@context\":\"https:\\\/\\\/schema.org\",\"@graph\":[{\"@type\":\"WebPage\",\"@id\":\"https:\\\/\\\/www.apen.es\\\/soluciones-de-impresion\\\/oferta-impresora-hp\\\/\",\"url\":\"https:\\\/\\\/www.apen.es\\\/soluciones-de-impresion\\\/oferta-impresora-hp\\\/\",\"name\":\"Oferta impresora HP - Apen Inform\u00e1tica\",\"isPartOf\":{\"@id\":\"https:\\\/\\\/www.apen.es\\\/#website\"},\"datePublished\":\"2018-07-18T08:30:09+00:00\",\"dateModified\":\"2025-05-23T08:19:58+00:00\",\"description\":\"En Apen ofrecemos una oferta para impresoras HP, ahorre espacio y electricidad, mayor rendimiento, respeto y harmon\u00eda con el medio ambiente.\",\"breadcrumb\":{\"@id\":\"https:\\\/\\\/www.apen.es\\\/soluciones-de-impresion\\\/oferta-impresora-hp\\\/#breadcrumb\"},\"inLanguage\":\"ca\",\"potentialAction\":[{\"@type\":\"ReadAction\",\"target\":[\"https:\\\/\\\/www.apen.es\\\/soluciones-de-impresion\\\/oferta-impresora-hp\\\/\"]}]},{\"@type\":\"BreadcrumbList\",\"@id\":\"https:\\\/\\\/www.apen.es\\\/soluciones-de-impresion\\\/oferta-impresora-hp\\\/#breadcrumb\",\"itemListElement\":[{\"@type\":\"ListItem\",\"position\":1,\"name\":\"Portada\",\"item\":\"https:\\\/\\\/www.apen.es\\\/\"},{\"@type\":\"ListItem\",\"position\":2,\"name\":\"Soluciones de impresi\u00f3n\",\"item\":\"https:\\\/\\\/www.apen.es\\\/soluciones-de-impresion\\\/\"},{\"@type\":\"ListItem\",\"position\":3,\"name\":\"Oferta impresora HP\"}]},{\"@type\":\"WebSite\",\"@id\":\"https:\\\/\\\/www.apen.es\\\/#website\",\"url\":\"https:\\\/\\\/www.apen.es\\\/\",\"name\":\"Apen Inform\u00e1tica\",\"description\":\"Mantenimiento Inform\u00e1tico , Software de Gesti\u00f3n, Soluciones de impresi\u00f3n\",\"publisher\":{\"@id\":\"https:\\\/\\\/www.apen.es\\\/#organization\"},\"potentialAction\":[{\"@type\":\"SearchAction\",\"target\":{\"@type\":\"EntryPoint\",\"urlTemplate\":\"https:\\\/\\\/www.apen.es\\\/?s={search_term_string}\"},\"query-input\":{\"@type\":\"PropertyValueSpecification\",\"valueRequired\":true,\"valueName\":\"search_term_string\"}}],\"inLanguage\":\"ca\"},{\"@type\":\"Organization\",\"@id\":\"https:\\\/\\\/www.apen.es\\\/#organization\",\"name\":\"Apen: Soluciones inform\u00e1ticas\",\"url\":\"https:\\\/\\\/www.apen.es\\\/\",\"logo\":{\"@type\":\"ImageObject\",\"inLanguage\":\"ca\",\"@id\":\"https:\\\/\\\/www.apen.es\\\/#\\\/schema\\\/logo\\\/image\\\/\",\"url\":\"https:\\\/\\\/www.apen.es\\\/wp-content\\\/uploads\\\/2022\\\/08\\\/logo-apenok-231x82-1.png\",\"contentUrl\":\"https:\\\/\\\/www.apen.es\\\/wp-content\\\/uploads\\\/2022\\\/08\\\/logo-apenok-231x82-1.png\",\"width\":231,\"height\":82,\"caption\":\"Apen: Soluciones inform\u00e1ticas\"},\"image\":{\"@id\":\"https:\\\/\\\/www.apen.es\\\/#\\\/schema\\\/logo\\\/image\\\/\"},\"sameAs\":[\"https:\\\/\\\/www.facebook.com\\\/apensolucions\",\"https:\\\/\\\/www.youtube.com\\\/user\\\/ApenCentreInformatic\",\"https:\\\/\\\/www.linkedin.com\\\/company\\\/1021771?trk=tyah&trkInfo=clickedVerticalcompanyclickedEntityId1021771idx2-1-2tarId1464195271196tasapenin\"]}]}<\/script>\n<!-- \/ Yoast SEO plugin. -->","yoast_head_json":{"title":"Oferta impressora HP - Apen Inform\u00e0tica","description":"A Apen oferim una oferta per a impressores HP, estalvieu espai i electricitat, major rendiment, respecte i harmonia amb el medi ambient.","robots":{"index":"index","follow":"follow","max-snippet":"max-snippet:-1","max-image-preview":"max-image-preview:large","max-video-preview":"max-video-preview:-1"},"canonical":"https:\/\/www.apen.es\/ca\/solucions-dimpressio\/oferta-impressora-hp\/","og_locale":"ca_ES","og_type":"article","og_title":"Oferta impresora HP - Apen Inform\u00e1tica","og_description":"En Apen ofrecemos una oferta para impresoras HP, ahorre espacio y electricidad, mayor rendimiento, respeto y harmon\u00eda con el medio ambiente.","og_url":"https:\/\/www.apen.es\/ca\/solucions-dimpressio\/oferta-impressora-hp\/","og_site_name":"Apen Inform\u00e1tica","article_publisher":"https:\/\/www.facebook.com\/apensolucions","article_modified_time":"2025-05-23T08:19:58+00:00","og_image":[{"width":231,"height":82,"url":"https:\/\/www.apen.es\/wp-content\/uploads\/2016\/05\/logo-apen-231x82-trasparent.png","type":"image\/png"}],"twitter_card":"summary_large_image","twitter_misc":{"Temps estimat de lectura":"7 minuts"},"schema":{"@context":"https:\/\/schema.org","@graph":[{"@type":"WebPage","@id":"https:\/\/www.apen.es\/soluciones-de-impresion\/oferta-impresora-hp\/","url":"https:\/\/www.apen.es\/soluciones-de-impresion\/oferta-impresora-hp\/","name":"Oferta impressora HP - Apen Inform\u00e0tica","isPartOf":{"@id":"https:\/\/www.apen.es\/#website"},"datePublished":"2018-07-18T08:30:09+00:00","dateModified":"2025-05-23T08:19:58+00:00","description":"A Apen oferim una oferta per a impressores HP, estalvieu espai i electricitat, major rendiment, respecte i harmonia amb el medi ambient.","breadcrumb":{"@id":"https:\/\/www.apen.es\/soluciones-de-impresion\/oferta-impresora-hp\/#breadcrumb"},"inLanguage":"ca","potentialAction":[{"@type":"ReadAction","target":["https:\/\/www.apen.es\/soluciones-de-impresion\/oferta-impresora-hp\/"]}]},{"@type":"BreadcrumbList","@id":"https:\/\/www.apen.es\/soluciones-de-impresion\/oferta-impresora-hp\/#breadcrumb","itemListElement":[{"@type":"ListItem","position":1,"name":"Portada","item":"https:\/\/www.apen.es\/"},{"@type":"ListItem","position":2,"name":"Soluciones de impresi\u00f3n","item":"https:\/\/www.apen.es\/soluciones-de-impresion\/"},{"@type":"ListItem","position":3,"name":"Oferta impresora HP"}]},{"@type":"WebSite","@id":"https:\/\/www.apen.es\/#website","url":"https:\/\/www.apen.es\/","name":"Apen Inform\u00e0tica","description":"Manteniment inform\u00e0tic , programari de gesti\u00f3, solucions d&#039;impressi\u00f3","publisher":{"@id":"https:\/\/www.apen.es\/#organization"},"potentialAction":[{"@type":"SearchAction","target":{"@type":"EntryPoint","urlTemplate":"https:\/\/www.apen.es\/?s={search_term_string}"},"query-input":{"@type":"PropertyValueSpecification","valueRequired":true,"valueName":"search_term_string"}}],"inLanguage":"ca"},{"@type":"Organization","@id":"https:\/\/www.apen.es\/#organization","name":"Apen: Solucions inform\u00e0tiques","url":"https:\/\/www.apen.es\/","logo":{"@type":"ImageObject","inLanguage":"ca","@id":"https:\/\/www.apen.es\/#\/schema\/logo\/image\/","url":"https:\/\/www.apen.es\/wp-content\/uploads\/2022\/08\/logo-apenok-231x82-1.png","contentUrl":"https:\/\/www.apen.es\/wp-content\/uploads\/2022\/08\/logo-apenok-231x82-1.png","width":231,"height":82,"caption":"Apen: Soluciones inform\u00e1ticas"},"image":{"@id":"https:\/\/www.apen.es\/#\/schema\/logo\/image\/"},"sameAs":["https:\/\/www.facebook.com\/apensolucions","https:\/\/www.youtube.com\/user\/ApenCentreInformatic","https:\/\/www.linkedin.com\/company\/1021771?trk=tyah&trkInfo=clickedVerticalcompanyclickedEntityId1021771idx2-1-2tarId1464195271196tasapenin"]}]}},"taxonomy_info":[],"featured_image_src_large":false,"author_info":{"display_name":"marqueting","author_link":"https:\/\/www.apen.es\/ca\/blog\/author\/marqueting\/"},"comment_info":0,"_links":{"self":[{"href":"https:\/\/www.apen.es\/ca\/wp-json\/wp\/v2\/pages\/10834","targetHints":{"allow":["GET"]}}],"collection":[{"href":"https:\/\/www.apen.es\/ca\/wp-json\/wp\/v2\/pages"}],"about":[{"href":"https:\/\/www.apen.es\/ca\/wp-json\/wp\/v2\/types\/page"}],"author":[{"embeddable":true,"href":"https:\/\/www.apen.es\/ca\/wp-json\/wp\/v2\/users\/4"}],"replies":[{"embeddable":true,"href":"https:\/\/www.apen.es\/ca\/wp-json\/wp\/v2\/comments?post=10834"}],"version-history":[{"count":3,"href":"https:\/\/www.apen.es\/ca\/wp-json\/wp\/v2\/pages\/10834\/revisions"}],"predecessor-version":[{"id":54868,"href":"https:\/\/www.apen.es\/ca\/wp-json\/wp\/v2\/pages\/10834\/revisions\/54868"}],"up":[{"embeddable":true,"href":"https:\/\/www.apen.es\/ca\/wp-json\/wp\/v2\/pages\/1158"}],"wp:attachment":[{"href":"https:\/\/www.apen.es\/ca\/wp-json\/wp\/v2\/media?parent=10834"}],"curies":[{"name":"wp","href":"https:\/\/api.w.org\/{rel}","templated":true}]}}