{"id":10679,"date":"2018-07-16T10:51:13","date_gmt":"2018-07-16T10:51:13","guid":{"rendered":"https:\/\/www.apen.es\/?page_id=10679"},"modified":"2025-07-08T11:42:41","modified_gmt":"2025-07-08T11:42:41","slug":"tpv-para-tiendas","status":"publish","type":"page","link":"https:\/\/www.apen.es\/ca\/software-programa-tpv\/tpv-para-tiendas\/","title":{"rendered":"TPV per a botigues"},"content":{"rendered":"<p>El programari <strong>TPV<\/strong> ha estat dissenyat per a la seva utilitzaci\u00f3 en <strong>botigues<\/strong> d&#039;una manera senzilla i molt intu\u00eftiva. Aquest sistema automatitza la gesti\u00f3 de caixa agilitzant la venda al taulell. Els avantatges principals que ofereix aquest programari <strong>TPV<\/strong> per <strong>botigues<\/strong> s\u00f3n, m\u00e9s control, productivitat i estalvi de costos, tot aix\u00f2 utilitzant un \u00fanic sistema de gesti\u00f3.<\/p>\n\n\n\n<p>Aquest programari <strong>TPV<\/strong> per <strong>botigues<\/strong> \u00e9s t\u00e0ctil i es pot utilitzar amb un sol dit, per la qual cosa no suposa cap esfor\u00e7 extra per part dels treballadors. A m\u00e9s, agilitza la seva feina i ajuda a fer que la venda es faci d&#039;una manera molt m\u00e9s senzilla i c\u00f2moda per al client. Aix\u00f2 \u00e9s degut a que connecta lactivitat de caixa amb la comptabilitat, facturaci\u00f3 i la gesti\u00f3 de magatzem de tot el teu negoci.<\/p>\n\n\n\n<p><strong>TPV<\/strong> per <strong>botigues<\/strong> \u00e9s molt intu\u00eftiu, per la qual cosa us permet preveure compres de forma autom\u00e0tica per tal d&#039;organitzar millor el treball diari en un sol clic i amb un m\u00ednim marge d&#039;error. D&#039;aquesta manera, podreu organitzar diverses tasques i tasques de tota la setmana en funci\u00f3 de les compres que el programari <strong>TPV<\/strong> de <strong>botigues<\/strong> cregui que es realitzaran.<\/p>\n\n\n\n<p>Lobjectiu principal daquest sistema <strong>TPV<\/strong> per <strong>botigues<\/strong> \u00e9s millorar tots els processos de gesti\u00f3 del teu negoci per tal que sigui molt m\u00e9s rendible i eficient. Per aconseguir aquesta gesti\u00f3, el programari automatitza tarifes, cobraments, arqueigs de caixa, vals de devoluci\u00f3, tiquets regal, pagaments fraccionats, bestretes, entre molts altres elements que cal gestionar per portar un major control de tot el negoci.<\/p>\n\n\n\n<p>Pel que fa a les compres, aquest programari <strong>TPV<\/strong> per <strong>botigues<\/strong> gestiona tots els elements relacionats amb els prove\u00efdors, com ara calcular costos, formes de pagament, emetre comandes autom\u00e0ticament i controlar totes les compres. Aquest programa us ajudar\u00e0 a agilitzar les compres ia realitzar-les d&#039;una forma autom\u00e0tica totes les comandes que siguin necess\u00e0ries per al funcionament correcte del vostre negoci.<\/p>\n\n\n\n<p>Per realitzar comandes de manera autom\u00e0tica cal que el programari tamb\u00e9 controli l&#039;estoc de tots els productes que hi ha al teu <strong>botiga<\/strong>. Aquest programari <strong>TPV<\/strong> ho fa de manera molt r\u00e0pida, a m\u00e9s de gestionar les vendes realitzades, registrar inventaris i obtenir informes de tots els moviments que es realitzen amb un sol clic.<\/p>\n\n\n\n<p>Podr\u00e0s tenir tot el control del teu negoci en un \u00fanic programari <strong>TPV<\/strong> per <strong>botigues<\/strong>, ja que estar\u00e0 configurat segons les teves necessitats i les del teu negoci. A m\u00e9s, aquest sistema et permet seguir les operacions di\u00e0ries generades a temps real per con\u00e8ixer quin \u00e9s l&#039;estat actual de la comptabilitat i les vendes del teu negoci. Per descomptat, podr\u00e0s generar tota mena d&#039;informes i documents d&#039;aquesta informaci\u00f3 valuosa.<\/p>","protected":false},"excerpt":{"rendered":"<p>El software TPV ha sido dise\u00f1ado para su utilizaci\u00f3n en tiendas de una forma sencilla y muy intuitiva. Este sistema automatiza la gesti\u00f3n de caja agilizando la venta en el mostrador. Las ventajas principales que ofrece este software TPV para tiendas son, un mayor control, productividad y ahorro de costes, todo esto utilizando un \u00fanico&#8230;<\/p>","protected":false},"author":4,"featured_media":0,"parent":10551,"menu_order":0,"comment_status":"closed","ping_status":"closed","template":"page-landing-moduls.php","meta":{"_acf_changed":false,"_kad_blocks_custom_css":"","_kad_blocks_head_custom_js":"","_kad_blocks_body_custom_js":"","_kad_blocks_footer_custom_js":"","_kad_post_transparent":"","_kad_post_title":"","_kad_post_layout":"","_kad_post_sidebar_id":"","_kad_post_content_style":"","_kad_post_vertical_padding":"","_kad_post_feature":"","_kad_post_feature_position":"","_kad_post_header":false,"_kad_post_footer":false,"_kad_post_classname":"","footnotes":""},"class_list":["post-10679","page","type-page","status-publish","hentry"],"acf":[],"yoast_head":"<!-- This site is optimized with the Yoast SEO plugin v27.4 - https:\/\/yoast.com\/product\/yoast-seo-wordpress\/ -->\n<title>TPV para tiendas - Apen Inform\u00e1tica<\/title>\n<meta name=\"description\" content=\"Con TPV para tiendas obtienes un software de punto de venta integrado con a3ERP con diferentes opciones para todos los negocios. Conf\u00eda en Apen.\" \/>\n<meta name=\"robots\" content=\"index, follow, max-snippet:-1, max-image-preview:large, max-video-preview:-1\" \/>\n<link rel=\"canonical\" href=\"https:\/\/www.apen.es\/ca\/software-programa-tpv\/tpv-para-tiendas\/\" \/>\n<meta property=\"og:locale\" content=\"ca_ES\" \/>\n<meta property=\"og:type\" content=\"article\" \/>\n<meta property=\"og:title\" content=\"TPV para tiendas - Apen Inform\u00e1tica\" \/>\n<meta property=\"og:description\" content=\"Con TPV para tiendas obtienes un software de punto de venta integrado con a3ERP con diferentes opciones para todos los negocios. Conf\u00eda en Apen.\" \/>\n<meta property=\"og:url\" content=\"https:\/\/www.apen.es\/ca\/software-programa-tpv\/tpv-para-tiendas\/\" \/>\n<meta property=\"og:site_name\" content=\"Apen Inform\u00e1tica\" \/>\n<meta property=\"article:publisher\" content=\"https:\/\/www.facebook.com\/apensolucions\" \/>\n<meta property=\"article:modified_time\" content=\"2025-07-08T11:42:41+00:00\" \/>\n<meta property=\"og:image\" content=\"https:\/\/www.apen.es\/wp-content\/uploads\/2016\/05\/logo-apen-231x82-trasparent.png\" \/>\n\t<meta property=\"og:image:width\" content=\"231\" \/>\n\t<meta property=\"og:image:height\" content=\"82\" \/>\n\t<meta property=\"og:image:type\" content=\"image\/png\" \/>\n<meta name=\"twitter:card\" content=\"summary_large_image\" \/>\n<meta name=\"twitter:label1\" content=\"Temps estimat de lectura\" \/>\n\t<meta name=\"twitter:data1\" content=\"5 minuts\" \/>\n<script type=\"application\/ld+json\" class=\"yoast-schema-graph\">{\"@context\":\"https:\\\/\\\/schema.org\",\"@graph\":[{\"@type\":\"WebPage\",\"@id\":\"https:\\\/\\\/www.apen.es\\\/software-programa-tpv\\\/tpv-para-tiendas\\\/\",\"url\":\"https:\\\/\\\/www.apen.es\\\/software-programa-tpv\\\/tpv-para-tiendas\\\/\",\"name\":\"TPV para tiendas - Apen Inform\u00e1tica\",\"isPartOf\":{\"@id\":\"https:\\\/\\\/www.apen.es\\\/#website\"},\"datePublished\":\"2018-07-16T10:51:13+00:00\",\"dateModified\":\"2025-07-08T11:42:41+00:00\",\"description\":\"Con TPV para tiendas obtienes un software de punto de venta integrado con a3ERP con diferentes opciones para todos los negocios. Conf\u00eda en Apen.\",\"breadcrumb\":{\"@id\":\"https:\\\/\\\/www.apen.es\\\/software-programa-tpv\\\/tpv-para-tiendas\\\/#breadcrumb\"},\"inLanguage\":\"ca\",\"potentialAction\":[{\"@type\":\"ReadAction\",\"target\":[\"https:\\\/\\\/www.apen.es\\\/software-programa-tpv\\\/tpv-para-tiendas\\\/\"]}]},{\"@type\":\"BreadcrumbList\",\"@id\":\"https:\\\/\\\/www.apen.es\\\/software-programa-tpv\\\/tpv-para-tiendas\\\/#breadcrumb\",\"itemListElement\":[{\"@type\":\"ListItem\",\"position\":1,\"name\":\"Portada\",\"item\":\"https:\\\/\\\/www.apen.es\\\/\"},{\"@type\":\"ListItem\",\"position\":2,\"name\":\"TPV-Software Punto de venta\",\"item\":\"https:\\\/\\\/www.apen.es\\\/software-programa-tpv\\\/\"},{\"@type\":\"ListItem\",\"position\":3,\"name\":\"TPV para tiendas\"}]},{\"@type\":\"WebSite\",\"@id\":\"https:\\\/\\\/www.apen.es\\\/#website\",\"url\":\"https:\\\/\\\/www.apen.es\\\/\",\"name\":\"Apen Inform\u00e1tica\",\"description\":\"Mantenimiento Inform\u00e1tico , Software de Gesti\u00f3n, Soluciones de impresi\u00f3n\",\"publisher\":{\"@id\":\"https:\\\/\\\/www.apen.es\\\/#organization\"},\"potentialAction\":[{\"@type\":\"SearchAction\",\"target\":{\"@type\":\"EntryPoint\",\"urlTemplate\":\"https:\\\/\\\/www.apen.es\\\/?s={search_term_string}\"},\"query-input\":{\"@type\":\"PropertyValueSpecification\",\"valueRequired\":true,\"valueName\":\"search_term_string\"}}],\"inLanguage\":\"ca\"},{\"@type\":\"Organization\",\"@id\":\"https:\\\/\\\/www.apen.es\\\/#organization\",\"name\":\"Apen: Soluciones inform\u00e1ticas\",\"url\":\"https:\\\/\\\/www.apen.es\\\/\",\"logo\":{\"@type\":\"ImageObject\",\"inLanguage\":\"ca\",\"@id\":\"https:\\\/\\\/www.apen.es\\\/#\\\/schema\\\/logo\\\/image\\\/\",\"url\":\"https:\\\/\\\/www.apen.es\\\/wp-content\\\/uploads\\\/2022\\\/08\\\/logo-apenok-231x82-1.png\",\"contentUrl\":\"https:\\\/\\\/www.apen.es\\\/wp-content\\\/uploads\\\/2022\\\/08\\\/logo-apenok-231x82-1.png\",\"width\":231,\"height\":82,\"caption\":\"Apen: Soluciones inform\u00e1ticas\"},\"image\":{\"@id\":\"https:\\\/\\\/www.apen.es\\\/#\\\/schema\\\/logo\\\/image\\\/\"},\"sameAs\":[\"https:\\\/\\\/www.facebook.com\\\/apensolucions\",\"https:\\\/\\\/www.youtube.com\\\/user\\\/ApenCentreInformatic\",\"https:\\\/\\\/www.linkedin.com\\\/company\\\/1021771?trk=tyah&trkInfo=clickedVerticalcompanyclickedEntityId1021771idx2-1-2tarId1464195271196tasapenin\"]}]}<\/script>\n<!-- \/ Yoast SEO plugin. -->","yoast_head_json":{"title":"TPV para tiendas - Apen Inform\u00e1tica","description":"Con TPV para tiendas obtienes un software de punto de venta integrado con a3ERP con diferentes opciones para todos los negocios. Conf\u00eda en Apen.","robots":{"index":"index","follow":"follow","max-snippet":"max-snippet:-1","max-image-preview":"max-image-preview:large","max-video-preview":"max-video-preview:-1"},"canonical":"https:\/\/www.apen.es\/ca\/software-programa-tpv\/tpv-para-tiendas\/","og_locale":"ca_ES","og_type":"article","og_title":"TPV para tiendas - Apen Inform\u00e1tica","og_description":"Con TPV para tiendas obtienes un software de punto de venta integrado con a3ERP con diferentes opciones para todos los negocios. Conf\u00eda en Apen.","og_url":"https:\/\/www.apen.es\/ca\/software-programa-tpv\/tpv-para-tiendas\/","og_site_name":"Apen Inform\u00e1tica","article_publisher":"https:\/\/www.facebook.com\/apensolucions","article_modified_time":"2025-07-08T11:42:41+00:00","og_image":[{"width":231,"height":82,"url":"https:\/\/www.apen.es\/wp-content\/uploads\/2016\/05\/logo-apen-231x82-trasparent.png","type":"image\/png"}],"twitter_card":"summary_large_image","twitter_misc":{"Temps estimat de lectura":"5 minuts"},"schema":{"@context":"https:\/\/schema.org","@graph":[{"@type":"WebPage","@id":"https:\/\/www.apen.es\/software-programa-tpv\/tpv-para-tiendas\/","url":"https:\/\/www.apen.es\/software-programa-tpv\/tpv-para-tiendas\/","name":"TPV para tiendas - Apen Inform\u00e1tica","isPartOf":{"@id":"https:\/\/www.apen.es\/#website"},"datePublished":"2018-07-16T10:51:13+00:00","dateModified":"2025-07-08T11:42:41+00:00","description":"Con TPV para tiendas obtienes un software de punto de venta integrado con a3ERP con diferentes opciones para todos los negocios. Conf\u00eda en Apen.","breadcrumb":{"@id":"https:\/\/www.apen.es\/software-programa-tpv\/tpv-para-tiendas\/#breadcrumb"},"inLanguage":"ca","potentialAction":[{"@type":"ReadAction","target":["https:\/\/www.apen.es\/software-programa-tpv\/tpv-para-tiendas\/"]}]},{"@type":"BreadcrumbList","@id":"https:\/\/www.apen.es\/software-programa-tpv\/tpv-para-tiendas\/#breadcrumb","itemListElement":[{"@type":"ListItem","position":1,"name":"Portada","item":"https:\/\/www.apen.es\/"},{"@type":"ListItem","position":2,"name":"TPV-Software Punto de venta","item":"https:\/\/www.apen.es\/software-programa-tpv\/"},{"@type":"ListItem","position":3,"name":"TPV para tiendas"}]},{"@type":"WebSite","@id":"https:\/\/www.apen.es\/#website","url":"https:\/\/www.apen.es\/","name":"Apen Inform\u00e0tica","description":"Manteniment inform\u00e0tic , programari de gesti\u00f3, solucions d&#039;impressi\u00f3","publisher":{"@id":"https:\/\/www.apen.es\/#organization"},"potentialAction":[{"@type":"SearchAction","target":{"@type":"EntryPoint","urlTemplate":"https:\/\/www.apen.es\/?s={search_term_string}"},"query-input":{"@type":"PropertyValueSpecification","valueRequired":true,"valueName":"search_term_string"}}],"inLanguage":"ca"},{"@type":"Organization","@id":"https:\/\/www.apen.es\/#organization","name":"Apen: Solucions inform\u00e0tiques","url":"https:\/\/www.apen.es\/","logo":{"@type":"ImageObject","inLanguage":"ca","@id":"https:\/\/www.apen.es\/#\/schema\/logo\/image\/","url":"https:\/\/www.apen.es\/wp-content\/uploads\/2022\/08\/logo-apenok-231x82-1.png","contentUrl":"https:\/\/www.apen.es\/wp-content\/uploads\/2022\/08\/logo-apenok-231x82-1.png","width":231,"height":82,"caption":"Apen: Soluciones inform\u00e1ticas"},"image":{"@id":"https:\/\/www.apen.es\/#\/schema\/logo\/image\/"},"sameAs":["https:\/\/www.facebook.com\/apensolucions","https:\/\/www.youtube.com\/user\/ApenCentreInformatic","https:\/\/www.linkedin.com\/company\/1021771?trk=tyah&trkInfo=clickedVerticalcompanyclickedEntityId1021771idx2-1-2tarId1464195271196tasapenin"]}]}},"taxonomy_info":[],"featured_image_src_large":false,"author_info":{"display_name":"marqueting","author_link":"https:\/\/www.apen.es\/ca\/blog\/author\/marqueting\/"},"comment_info":0,"_links":{"self":[{"href":"https:\/\/www.apen.es\/ca\/wp-json\/wp\/v2\/pages\/10679","targetHints":{"allow":["GET"]}}],"collection":[{"href":"https:\/\/www.apen.es\/ca\/wp-json\/wp\/v2\/pages"}],"about":[{"href":"https:\/\/www.apen.es\/ca\/wp-json\/wp\/v2\/types\/page"}],"author":[{"embeddable":true,"href":"https:\/\/www.apen.es\/ca\/wp-json\/wp\/v2\/users\/4"}],"replies":[{"embeddable":true,"href":"https:\/\/www.apen.es\/ca\/wp-json\/wp\/v2\/comments?post=10679"}],"version-history":[{"count":2,"href":"https:\/\/www.apen.es\/ca\/wp-json\/wp\/v2\/pages\/10679\/revisions"}],"predecessor-version":[{"id":55870,"href":"https:\/\/www.apen.es\/ca\/wp-json\/wp\/v2\/pages\/10679\/revisions\/55870"}],"up":[{"embeddable":true,"href":"https:\/\/www.apen.es\/ca\/wp-json\/wp\/v2\/pages\/10551"}],"wp:attachment":[{"href":"https:\/\/www.apen.es\/ca\/wp-json\/wp\/v2\/media?parent=10679"}],"curies":[{"name":"wp","href":"https:\/\/api.w.org\/{rel}","templated":true}]}}