{"id":10675,"date":"2018-07-16T10:46:18","date_gmt":"2018-07-16T10:46:18","guid":{"rendered":"https:\/\/www.apen.es\/?page_id=10675"},"modified":"2025-07-08T11:42:13","modified_gmt":"2025-07-08T11:42:13","slug":"tpv-cloud","status":"publish","type":"page","link":"https:\/\/www.apen.es\/ca\/software-programa-tpv\/tpv-cloud\/","title":{"rendered":"TPV Cloud"},"content":{"rendered":"<p>El programari <a href=\"https:\/\/www.apen.es\/ca\/software-programa-tpv\/\"><strong>TPV cloud<\/strong><\/a> est\u00e0 dissenyat per ser utilitzat tant en comer\u00e7os com en hostaleria i restauraci\u00f3. Es pot configurar perqu\u00e8 tingui les funcions i eines necess\u00e0ries per portar la gesti\u00f3 de la comptabilitat i estoc del teu negoci. A m\u00e9s, qualsevol persona pot utilitzar-lo, ja que \u00e9s molt senzill i intu\u00eftiu.<\/p>\n\n\n\n<p>Aquest sistema <strong>TPV cloud<\/strong> connecta l&#039;activitat de la caixa del teu negoci amb la comptabilitat, la facturaci\u00f3 i la gesti\u00f3 del magatzem. D&#039;aquesta manera, en un \u00fanic programari podeu controlar diferents \u00e0rees de la vostra empresa. A m\u00e9s, en estar connectades podr\u00e0s rebre tota mena d&#039;informes o realitzar comandes als prove\u00efdors autom\u00e0ticament quan el programa <strong>TPV cloud<\/strong> detecti que s&#039;ha acabat la mercaderia.<\/p>\n\n\n\n<p>En realitzar molts processos de forma autom\u00e0tica, aquest programari <strong>TPV cloud<\/strong> \u00e9s perfecte per rendibilitzar i treure el m\u00e0xim profit al teu negoci. A m\u00e9s, ajudar\u00e0 a millorar notablement el servei que ofereixes als clients, ja que la venda al taulell ser\u00e0 molt m\u00e9s r\u00e0pida i el cobrament en caixa tamb\u00e9. D&#039;aquesta manera, els clients quedaran satisfets i no duraran a tornar al teu negoci per adquirir qualsevol dels teus productes o serveis.<\/p>\n\n\n\n<p>Pel que fa a la gesti\u00f3 d&#039;un comer\u00e7, el programa <strong>TPV cloud<\/strong> \u00e9s perfecte per automatitzar cobraments, arqueigs de caixa, vals de devoluci\u00f3, tiquets regals, pagaments fraccionats, i molt m\u00e9s. Aix\u00f2 ser\u00e0 molt avantatj\u00f3s per gestionar des d&#039;un \u00fanic programa tota la comptabilitat i la facturaci\u00f3 de l&#039;empresa. A trav\u00e9s d&#039;un \u00fanic dispositiu podreu obtenir tota la informaci\u00f3 necess\u00e0ria per con\u00e8ixer quin \u00e9s l&#039;estat actual del vostre negoci.<\/p>\n\n\n\n<p>Si parlem de les compres als prove\u00efdors, com el <a href=\"https:\/\/www.apen.es\/ca\/software-programa-tpv\/\"><strong>TPV cloud<\/strong><\/a> controla tota la mercaderia que entra i surt, ja sigui pel magatzem com per la botiga, sabr\u00e0 quan \u00e9s el moment de fer una comanda i com de gran ha de ser per proveir la demanda del teu negoci. Aquest programari tamb\u00e9 us ajudar\u00e0 a controlar el magatzem ia tenir tots els departaments sota control.<\/p>\n\n\n\n<p>D&#039;altra banda, si parlem de la gesti\u00f3 d&#039;un restaurant o local semblant, el cert \u00e9s que el <strong>TPV cloud<\/strong> ofereix infinitat davantatges. Per comen\u00e7ar, ajuda a portar el control de les taules, carta d&#039;articles, m\u00f2duls de men\u00fa, rols dels empleats, propines, qualificadors de plats enviats a cuina i tot all\u00f2 que calgui perqu\u00e8 el teu negoci funcioni perfectament i els clients quedin completament satisfets.<\/p>\n\n\n\n<p>Aquest programari <strong>TPV cloud<\/strong> tamb\u00e9 \u00e9s perfecte per calcular costos, analitzar minves i desviacions per tal de controlar l&#039;estoc del teu negoci segons les vendes i, sempre que sigui necessari, gestionar tant el magatzem com les compres que fas als teus prove\u00efdors. Utilitzant nom\u00e9s aquest programari podr\u00e0s gestionar tot el teu negoci a temps real i des de qualsevol lloc.<\/p>","protected":false},"excerpt":{"rendered":"<p>El software TPV cloud est\u00e1 dise\u00f1ado para ser utilizado tanto en comercios como en hosteler\u00eda y restauraci\u00f3n. Se puede configurar con tal de que tenga las funciones y herramientas necesarias para llevar la gesti\u00f3n de la contabilidad y stock de tu negocio. Adem\u00e1s, cualquier persona puede utilizarlo, ya es que es muy sencillo e intuitivo&#8230;.<\/p>","protected":false},"author":4,"featured_media":0,"parent":10551,"menu_order":0,"comment_status":"closed","ping_status":"closed","template":"page-landing-moduls.php","meta":{"_acf_changed":false,"_kad_blocks_custom_css":"","_kad_blocks_head_custom_js":"","_kad_blocks_body_custom_js":"","_kad_blocks_footer_custom_js":"","_kad_post_transparent":"","_kad_post_title":"","_kad_post_layout":"","_kad_post_sidebar_id":"","_kad_post_content_style":"","_kad_post_vertical_padding":"","_kad_post_feature":"","_kad_post_feature_position":"","_kad_post_header":false,"_kad_post_footer":false,"_kad_post_classname":"","footnotes":""},"class_list":["post-10675","page","type-page","status-publish","hentry"],"acf":[],"yoast_head":"<!-- This site is optimized with the Yoast SEO plugin v27.4 - https:\/\/yoast.com\/product\/yoast-seo-wordpress\/ -->\n<title>TPV Cloud - Apen Inform\u00e1tica<\/title>\n<meta name=\"description\" content=\"Con TPV cloud obtienes un software de punto de venta para cualquier sector con a3ERP con diferentes opciones para todos los negocios. Conf\u00eda en Apen.\" \/>\n<meta name=\"robots\" content=\"index, follow, max-snippet:-1, max-image-preview:large, max-video-preview:-1\" \/>\n<link rel=\"canonical\" href=\"https:\/\/www.apen.es\/ca\/software-programa-tpv\/tpv-cloud\/\" \/>\n<meta property=\"og:locale\" content=\"ca_ES\" \/>\n<meta property=\"og:type\" content=\"article\" \/>\n<meta property=\"og:title\" content=\"TPV Cloud - Apen Inform\u00e1tica\" \/>\n<meta property=\"og:description\" content=\"Con TPV cloud obtienes un software de punto de venta para cualquier sector con a3ERP con diferentes opciones para todos los negocios. Conf\u00eda en Apen.\" \/>\n<meta property=\"og:url\" content=\"https:\/\/www.apen.es\/ca\/software-programa-tpv\/tpv-cloud\/\" \/>\n<meta property=\"og:site_name\" content=\"Apen Inform\u00e1tica\" \/>\n<meta property=\"article:publisher\" content=\"https:\/\/www.facebook.com\/apensolucions\" \/>\n<meta property=\"article:modified_time\" content=\"2025-07-08T11:42:13+00:00\" \/>\n<meta property=\"og:image\" content=\"https:\/\/www.apen.es\/wp-content\/uploads\/2016\/05\/logo-apen-231x82-trasparent.png\" \/>\n\t<meta property=\"og:image:width\" content=\"231\" \/>\n\t<meta property=\"og:image:height\" content=\"82\" \/>\n\t<meta property=\"og:image:type\" content=\"image\/png\" \/>\n<meta name=\"twitter:card\" content=\"summary_large_image\" \/>\n<meta name=\"twitter:label1\" content=\"Temps estimat de lectura\" \/>\n\t<meta name=\"twitter:data1\" content=\"5 minuts\" \/>\n<script type=\"application\/ld+json\" class=\"yoast-schema-graph\">{\"@context\":\"https:\\\/\\\/schema.org\",\"@graph\":[{\"@type\":\"WebPage\",\"@id\":\"https:\\\/\\\/www.apen.es\\\/software-programa-tpv\\\/tpv-cloud\\\/\",\"url\":\"https:\\\/\\\/www.apen.es\\\/software-programa-tpv\\\/tpv-cloud\\\/\",\"name\":\"TPV Cloud - Apen Inform\u00e1tica\",\"isPartOf\":{\"@id\":\"https:\\\/\\\/www.apen.es\\\/#website\"},\"datePublished\":\"2018-07-16T10:46:18+00:00\",\"dateModified\":\"2025-07-08T11:42:13+00:00\",\"description\":\"Con TPV cloud obtienes un software de punto de venta para cualquier sector con a3ERP con diferentes opciones para todos los negocios. Conf\u00eda en Apen.\",\"breadcrumb\":{\"@id\":\"https:\\\/\\\/www.apen.es\\\/software-programa-tpv\\\/tpv-cloud\\\/#breadcrumb\"},\"inLanguage\":\"ca\",\"potentialAction\":[{\"@type\":\"ReadAction\",\"target\":[\"https:\\\/\\\/www.apen.es\\\/software-programa-tpv\\\/tpv-cloud\\\/\"]}]},{\"@type\":\"BreadcrumbList\",\"@id\":\"https:\\\/\\\/www.apen.es\\\/software-programa-tpv\\\/tpv-cloud\\\/#breadcrumb\",\"itemListElement\":[{\"@type\":\"ListItem\",\"position\":1,\"name\":\"Portada\",\"item\":\"https:\\\/\\\/www.apen.es\\\/\"},{\"@type\":\"ListItem\",\"position\":2,\"name\":\"TPV-Software Punto de venta\",\"item\":\"https:\\\/\\\/www.apen.es\\\/software-programa-tpv\\\/\"},{\"@type\":\"ListItem\",\"position\":3,\"name\":\"TPV Cloud\"}]},{\"@type\":\"WebSite\",\"@id\":\"https:\\\/\\\/www.apen.es\\\/#website\",\"url\":\"https:\\\/\\\/www.apen.es\\\/\",\"name\":\"Apen Inform\u00e1tica\",\"description\":\"Mantenimiento Inform\u00e1tico , Software de Gesti\u00f3n, Soluciones de impresi\u00f3n\",\"publisher\":{\"@id\":\"https:\\\/\\\/www.apen.es\\\/#organization\"},\"potentialAction\":[{\"@type\":\"SearchAction\",\"target\":{\"@type\":\"EntryPoint\",\"urlTemplate\":\"https:\\\/\\\/www.apen.es\\\/?s={search_term_string}\"},\"query-input\":{\"@type\":\"PropertyValueSpecification\",\"valueRequired\":true,\"valueName\":\"search_term_string\"}}],\"inLanguage\":\"ca\"},{\"@type\":\"Organization\",\"@id\":\"https:\\\/\\\/www.apen.es\\\/#organization\",\"name\":\"Apen: Soluciones inform\u00e1ticas\",\"url\":\"https:\\\/\\\/www.apen.es\\\/\",\"logo\":{\"@type\":\"ImageObject\",\"inLanguage\":\"ca\",\"@id\":\"https:\\\/\\\/www.apen.es\\\/#\\\/schema\\\/logo\\\/image\\\/\",\"url\":\"https:\\\/\\\/www.apen.es\\\/wp-content\\\/uploads\\\/2022\\\/08\\\/logo-apenok-231x82-1.png\",\"contentUrl\":\"https:\\\/\\\/www.apen.es\\\/wp-content\\\/uploads\\\/2022\\\/08\\\/logo-apenok-231x82-1.png\",\"width\":231,\"height\":82,\"caption\":\"Apen: Soluciones inform\u00e1ticas\"},\"image\":{\"@id\":\"https:\\\/\\\/www.apen.es\\\/#\\\/schema\\\/logo\\\/image\\\/\"},\"sameAs\":[\"https:\\\/\\\/www.facebook.com\\\/apensolucions\",\"https:\\\/\\\/www.youtube.com\\\/user\\\/ApenCentreInformatic\",\"https:\\\/\\\/www.linkedin.com\\\/company\\\/1021771?trk=tyah&trkInfo=clickedVerticalcompanyclickedEntityId1021771idx2-1-2tarId1464195271196tasapenin\"]}]}<\/script>\n<!-- \/ Yoast SEO plugin. -->","yoast_head_json":{"title":"TPV Cloud - Apen Inform\u00e1tica","description":"Con TPV cloud obtienes un software de punto de venta para cualquier sector con a3ERP con diferentes opciones para todos los negocios. Conf\u00eda en Apen.","robots":{"index":"index","follow":"follow","max-snippet":"max-snippet:-1","max-image-preview":"max-image-preview:large","max-video-preview":"max-video-preview:-1"},"canonical":"https:\/\/www.apen.es\/ca\/software-programa-tpv\/tpv-cloud\/","og_locale":"ca_ES","og_type":"article","og_title":"TPV Cloud - Apen Inform\u00e1tica","og_description":"Con TPV cloud obtienes un software de punto de venta para cualquier sector con a3ERP con diferentes opciones para todos los negocios. Conf\u00eda en Apen.","og_url":"https:\/\/www.apen.es\/ca\/software-programa-tpv\/tpv-cloud\/","og_site_name":"Apen Inform\u00e1tica","article_publisher":"https:\/\/www.facebook.com\/apensolucions","article_modified_time":"2025-07-08T11:42:13+00:00","og_image":[{"width":231,"height":82,"url":"https:\/\/www.apen.es\/wp-content\/uploads\/2016\/05\/logo-apen-231x82-trasparent.png","type":"image\/png"}],"twitter_card":"summary_large_image","twitter_misc":{"Temps estimat de lectura":"5 minuts"},"schema":{"@context":"https:\/\/schema.org","@graph":[{"@type":"WebPage","@id":"https:\/\/www.apen.es\/software-programa-tpv\/tpv-cloud\/","url":"https:\/\/www.apen.es\/software-programa-tpv\/tpv-cloud\/","name":"TPV Cloud - Apen Inform\u00e1tica","isPartOf":{"@id":"https:\/\/www.apen.es\/#website"},"datePublished":"2018-07-16T10:46:18+00:00","dateModified":"2025-07-08T11:42:13+00:00","description":"Con TPV cloud obtienes un software de punto de venta para cualquier sector con a3ERP con diferentes opciones para todos los negocios. Conf\u00eda en Apen.","breadcrumb":{"@id":"https:\/\/www.apen.es\/software-programa-tpv\/tpv-cloud\/#breadcrumb"},"inLanguage":"ca","potentialAction":[{"@type":"ReadAction","target":["https:\/\/www.apen.es\/software-programa-tpv\/tpv-cloud\/"]}]},{"@type":"BreadcrumbList","@id":"https:\/\/www.apen.es\/software-programa-tpv\/tpv-cloud\/#breadcrumb","itemListElement":[{"@type":"ListItem","position":1,"name":"Portada","item":"https:\/\/www.apen.es\/"},{"@type":"ListItem","position":2,"name":"TPV-Software Punto de venta","item":"https:\/\/www.apen.es\/software-programa-tpv\/"},{"@type":"ListItem","position":3,"name":"TPV Cloud"}]},{"@type":"WebSite","@id":"https:\/\/www.apen.es\/#website","url":"https:\/\/www.apen.es\/","name":"Apen Inform\u00e0tica","description":"Manteniment inform\u00e0tic , programari de gesti\u00f3, solucions d&#039;impressi\u00f3","publisher":{"@id":"https:\/\/www.apen.es\/#organization"},"potentialAction":[{"@type":"SearchAction","target":{"@type":"EntryPoint","urlTemplate":"https:\/\/www.apen.es\/?s={search_term_string}"},"query-input":{"@type":"PropertyValueSpecification","valueRequired":true,"valueName":"search_term_string"}}],"inLanguage":"ca"},{"@type":"Organization","@id":"https:\/\/www.apen.es\/#organization","name":"Apen: Solucions inform\u00e0tiques","url":"https:\/\/www.apen.es\/","logo":{"@type":"ImageObject","inLanguage":"ca","@id":"https:\/\/www.apen.es\/#\/schema\/logo\/image\/","url":"https:\/\/www.apen.es\/wp-content\/uploads\/2022\/08\/logo-apenok-231x82-1.png","contentUrl":"https:\/\/www.apen.es\/wp-content\/uploads\/2022\/08\/logo-apenok-231x82-1.png","width":231,"height":82,"caption":"Apen: Soluciones inform\u00e1ticas"},"image":{"@id":"https:\/\/www.apen.es\/#\/schema\/logo\/image\/"},"sameAs":["https:\/\/www.facebook.com\/apensolucions","https:\/\/www.youtube.com\/user\/ApenCentreInformatic","https:\/\/www.linkedin.com\/company\/1021771?trk=tyah&trkInfo=clickedVerticalcompanyclickedEntityId1021771idx2-1-2tarId1464195271196tasapenin"]}]}},"taxonomy_info":[],"featured_image_src_large":false,"author_info":{"display_name":"marqueting","author_link":"https:\/\/www.apen.es\/ca\/blog\/author\/marqueting\/"},"comment_info":0,"_links":{"self":[{"href":"https:\/\/www.apen.es\/ca\/wp-json\/wp\/v2\/pages\/10675","targetHints":{"allow":["GET"]}}],"collection":[{"href":"https:\/\/www.apen.es\/ca\/wp-json\/wp\/v2\/pages"}],"about":[{"href":"https:\/\/www.apen.es\/ca\/wp-json\/wp\/v2\/types\/page"}],"author":[{"embeddable":true,"href":"https:\/\/www.apen.es\/ca\/wp-json\/wp\/v2\/users\/4"}],"replies":[{"embeddable":true,"href":"https:\/\/www.apen.es\/ca\/wp-json\/wp\/v2\/comments?post=10675"}],"version-history":[{"count":1,"href":"https:\/\/www.apen.es\/ca\/wp-json\/wp\/v2\/pages\/10675\/revisions"}],"predecessor-version":[{"id":55869,"href":"https:\/\/www.apen.es\/ca\/wp-json\/wp\/v2\/pages\/10675\/revisions\/55869"}],"up":[{"embeddable":true,"href":"https:\/\/www.apen.es\/ca\/wp-json\/wp\/v2\/pages\/10551"}],"wp:attachment":[{"href":"https:\/\/www.apen.es\/ca\/wp-json\/wp\/v2\/media?parent=10675"}],"curies":[{"name":"wp","href":"https:\/\/api.w.org\/{rel}","templated":true}]}}