{"id":10673,"date":"2018-07-16T10:44:06","date_gmt":"2018-07-16T10:44:06","guid":{"rendered":"https:\/\/www.apen.es\/?page_id=10673"},"modified":"2025-07-08T11:41:56","modified_gmt":"2025-07-08T11:41:56","slug":"software-tiendas","status":"publish","type":"page","link":"https:\/\/www.apen.es\/ca\/software-programa-tpv\/software-tiendas\/","title":{"rendered":"Programari botigues"},"content":{"rendered":"<p>El <a href=\"https:\/\/www.apen.es\/ca\/software-programa-tpv\/\"><strong>programari per a botigues<\/strong><\/a> a3ERP tpv est\u00e0 dissenyat especialment per ser utilitzat en sectors d&#039;hostaleria i comer\u00e7, per aix\u00f2 disposa de dues versions diferents, una per a cada especialitat. El gran avantatge d&#039;aquest <strong>programari<\/strong> \u00e9s que es pot instal\u00b7lar a qualsevol botiga i ofereix uns grans avantatges per a la rapidesa i efic\u00e0cia del negoci.<\/p>\n\n\n\n<p>Aquest <strong>programari per a botigues<\/strong> connecta directament l&#039;activitat de la caixa amb la comptabilitat, la facturaci\u00f3 i la gesti\u00f3 de magatzem del negoci. D&#039;aquesta manera, aquest aspecte estar\u00e0 molt m\u00e9s controlat i sempre que es vulgui tenir una visi\u00f3 a temps real de les finances de l&#039;empresa es podr\u00e0 tenir.<\/p>\n\n\n\n<p>Entre els avantatges que ofereix aquest <strong>programari<\/strong> trobem que \u00e9s molt f\u00e0cil i intu\u00eftiu dutilitzar, de manera que en pocs dies qualsevol persona pot fer \u00fas dell i totes les seves eines. A m\u00e9s de mantenir la comptabilitat de les compres a temps real, aquest <strong>programari per a botigues<\/strong> preveu les compres de forma autom\u00e0tica, daquesta manera, es pot organitzar del treball diari fins i tot abans que es conegui.<\/p>\n\n\n\n<p>Els clients s\u00f3n un element essencial en la venda de qualsevol producte, gr\u00e0cies a aquest <a href=\"https:\/\/www.apen.es\/ca\/software-programa-tpv\/\"><strong>programari<\/strong> <strong>per a botigues<\/strong><\/a>, el comer\u00e7 millorar\u00e0 notablement el servei que ofereix, i aix\u00ed els clients se sentiran m\u00e9s satisfets i contents amb l&#039;empresa. Aquest <strong>programari<\/strong> \u00e9s perfecte per realitzar les vendes d&#039;una forma molt m\u00e9s r\u00e0pida i efica\u00e7, ja sigui al taulell com a caixa.<\/p>\n\n\n\n<p>Millorar els processos de gesti\u00f3 del negoci tamb\u00e9 \u00e9s una de les principals caracter\u00edstiques daquest <strong>programari per<\/strong> <strong>botigues<\/strong>. D&#039;aquesta manera, el comer\u00e7 treballa de manera molt m\u00e9s rendible i eficient. Aquests canvis afecten tant els beneficis com la creaci\u00f3 i fidelitzaci\u00f3 de nous clients.<\/p>\n\n\n\n<p>Aquest <strong>programari per a botigues<\/strong> \u00e9s ideal per portar tots els processos automatitzats, entre ells destaquen tarifes, cobraments, arqueigs de caixa, vals de devoluci\u00f3, tiquets regal, pagaments fraccionats, entre molts d&#039;altres. L&#039;\u00fanic que \u00e9s necessari per tenir controlats tots aquests factors en un mateix programa \u00e9s utilitzar aquest <strong>programari per a botigues<\/strong>.<\/p>\n\n\n\n<p>Pel que fa als prove\u00efdors, tamb\u00e9 es poden calcular costos, gestionar les formes de pagament, emetre comandes autom\u00e0ticament i controlar les compres que s&#039;han fet d&#039;una manera senzilla i r\u00e0pida. Pel que fa a la ger\u00e8ncia, aquest <strong>programari<\/strong> permet controlar la configuraci\u00f3 del sistema i adaptar-lo a les necessitats del negoci per tal de portar una comptabilitat \u00f2ptima.<\/p>\n\n\n\n<p>D&#039;altra banda, el <strong>programari<\/strong> de restauraci\u00f3 disposa d&#039;eines indispensables per gestionar les taules, carta d&#039;articles, m\u00f2duls de men\u00fa, rols d&#039;empleats, propines, qualificadors de plats, mandats a cuina i tot all\u00f2 que cal perqu\u00e8 l&#039;establiment funcioni de la manera m\u00e9s r\u00e0pida i efectiva possible.<\/p>","protected":false},"excerpt":{"rendered":"<p>El software para tiendas a3ERP tpv est\u00e1 dise\u00f1ado especialmente para ser utilizado en sectores de hosteler\u00eda y comercio, por esta raz\u00f3n dispone de dos versiones distintas, una para cada especialidad. La gran ventaja de este software es que se puede instalar en cualquier tienda y ofrece unas grandes ventajas para la rapidez y eficacia del&#8230;<\/p>","protected":false},"author":4,"featured_media":0,"parent":10551,"menu_order":0,"comment_status":"closed","ping_status":"closed","template":"page-landing-moduls.php","meta":{"_acf_changed":false,"_kad_blocks_custom_css":"","_kad_blocks_head_custom_js":"","_kad_blocks_body_custom_js":"","_kad_blocks_footer_custom_js":"","_kad_post_transparent":"","_kad_post_title":"","_kad_post_layout":"","_kad_post_sidebar_id":"","_kad_post_content_style":"","_kad_post_vertical_padding":"","_kad_post_feature":"","_kad_post_feature_position":"","_kad_post_header":false,"_kad_post_footer":false,"_kad_post_classname":"","footnotes":""},"class_list":["post-10673","page","type-page","status-publish","hentry"],"acf":[],"yoast_head":"<!-- This site is optimized with the Yoast SEO plugin v27.4 - https:\/\/yoast.com\/product\/yoast-seo-wordpress\/ -->\n<title>Software tiendas - Apen Inform\u00e1tica<\/title>\n<meta name=\"description\" content=\"Obt\u00e9n un software para tiendas TPV para puntos de venta. La mejor soluci\u00f3n para cualquier sector. Es un m\u00f3dulo totalmente integrado con a3ERP.\" \/>\n<meta name=\"robots\" content=\"index, follow, max-snippet:-1, max-image-preview:large, max-video-preview:-1\" \/>\n<link rel=\"canonical\" href=\"https:\/\/www.apen.es\/ca\/software-programa-tpv\/software-tiendas\/\" \/>\n<meta property=\"og:locale\" content=\"ca_ES\" \/>\n<meta property=\"og:type\" content=\"article\" \/>\n<meta property=\"og:title\" content=\"Software tiendas - Apen Inform\u00e1tica\" \/>\n<meta property=\"og:description\" content=\"Obt\u00e9n un software para tiendas TPV para puntos de venta. La mejor soluci\u00f3n para cualquier sector. Es un m\u00f3dulo totalmente integrado con a3ERP.\" \/>\n<meta property=\"og:url\" content=\"https:\/\/www.apen.es\/ca\/software-programa-tpv\/software-tiendas\/\" \/>\n<meta property=\"og:site_name\" content=\"Apen Inform\u00e1tica\" \/>\n<meta property=\"article:publisher\" content=\"https:\/\/www.facebook.com\/apensolucions\" \/>\n<meta property=\"article:modified_time\" content=\"2025-07-08T11:41:56+00:00\" \/>\n<meta property=\"og:image\" content=\"https:\/\/www.apen.es\/wp-content\/uploads\/2016\/05\/logo-apen-231x82-trasparent.png\" \/>\n\t<meta property=\"og:image:width\" content=\"231\" \/>\n\t<meta property=\"og:image:height\" content=\"82\" \/>\n\t<meta property=\"og:image:type\" content=\"image\/png\" \/>\n<meta name=\"twitter:card\" content=\"summary_large_image\" \/>\n<meta name=\"twitter:label1\" content=\"Temps estimat de lectura\" \/>\n\t<meta name=\"twitter:data1\" content=\"5 minuts\" \/>\n<script type=\"application\/ld+json\" class=\"yoast-schema-graph\">{\"@context\":\"https:\\\/\\\/schema.org\",\"@graph\":[{\"@type\":\"WebPage\",\"@id\":\"https:\\\/\\\/www.apen.es\\\/software-programa-tpv\\\/software-tiendas\\\/\",\"url\":\"https:\\\/\\\/www.apen.es\\\/software-programa-tpv\\\/software-tiendas\\\/\",\"name\":\"Software tiendas - Apen Inform\u00e1tica\",\"isPartOf\":{\"@id\":\"https:\\\/\\\/www.apen.es\\\/#website\"},\"datePublished\":\"2018-07-16T10:44:06+00:00\",\"dateModified\":\"2025-07-08T11:41:56+00:00\",\"description\":\"Obt\u00e9n un software para tiendas TPV para puntos de venta. La mejor soluci\u00f3n para cualquier sector. Es un m\u00f3dulo totalmente integrado con a3ERP.\",\"breadcrumb\":{\"@id\":\"https:\\\/\\\/www.apen.es\\\/software-programa-tpv\\\/software-tiendas\\\/#breadcrumb\"},\"inLanguage\":\"ca\",\"potentialAction\":[{\"@type\":\"ReadAction\",\"target\":[\"https:\\\/\\\/www.apen.es\\\/software-programa-tpv\\\/software-tiendas\\\/\"]}]},{\"@type\":\"BreadcrumbList\",\"@id\":\"https:\\\/\\\/www.apen.es\\\/software-programa-tpv\\\/software-tiendas\\\/#breadcrumb\",\"itemListElement\":[{\"@type\":\"ListItem\",\"position\":1,\"name\":\"Portada\",\"item\":\"https:\\\/\\\/www.apen.es\\\/\"},{\"@type\":\"ListItem\",\"position\":2,\"name\":\"TPV-Software Punto de venta\",\"item\":\"https:\\\/\\\/www.apen.es\\\/software-programa-tpv\\\/\"},{\"@type\":\"ListItem\",\"position\":3,\"name\":\"Software tiendas\"}]},{\"@type\":\"WebSite\",\"@id\":\"https:\\\/\\\/www.apen.es\\\/#website\",\"url\":\"https:\\\/\\\/www.apen.es\\\/\",\"name\":\"Apen Inform\u00e1tica\",\"description\":\"Mantenimiento Inform\u00e1tico , Software de Gesti\u00f3n, Soluciones de impresi\u00f3n\",\"publisher\":{\"@id\":\"https:\\\/\\\/www.apen.es\\\/#organization\"},\"potentialAction\":[{\"@type\":\"SearchAction\",\"target\":{\"@type\":\"EntryPoint\",\"urlTemplate\":\"https:\\\/\\\/www.apen.es\\\/?s={search_term_string}\"},\"query-input\":{\"@type\":\"PropertyValueSpecification\",\"valueRequired\":true,\"valueName\":\"search_term_string\"}}],\"inLanguage\":\"ca\"},{\"@type\":\"Organization\",\"@id\":\"https:\\\/\\\/www.apen.es\\\/#organization\",\"name\":\"Apen: Soluciones inform\u00e1ticas\",\"url\":\"https:\\\/\\\/www.apen.es\\\/\",\"logo\":{\"@type\":\"ImageObject\",\"inLanguage\":\"ca\",\"@id\":\"https:\\\/\\\/www.apen.es\\\/#\\\/schema\\\/logo\\\/image\\\/\",\"url\":\"https:\\\/\\\/www.apen.es\\\/wp-content\\\/uploads\\\/2022\\\/08\\\/logo-apenok-231x82-1.png\",\"contentUrl\":\"https:\\\/\\\/www.apen.es\\\/wp-content\\\/uploads\\\/2022\\\/08\\\/logo-apenok-231x82-1.png\",\"width\":231,\"height\":82,\"caption\":\"Apen: Soluciones inform\u00e1ticas\"},\"image\":{\"@id\":\"https:\\\/\\\/www.apen.es\\\/#\\\/schema\\\/logo\\\/image\\\/\"},\"sameAs\":[\"https:\\\/\\\/www.facebook.com\\\/apensolucions\",\"https:\\\/\\\/www.youtube.com\\\/user\\\/ApenCentreInformatic\",\"https:\\\/\\\/www.linkedin.com\\\/company\\\/1021771?trk=tyah&trkInfo=clickedVerticalcompanyclickedEntityId1021771idx2-1-2tarId1464195271196tasapenin\"]}]}<\/script>\n<!-- \/ Yoast SEO plugin. -->","yoast_head_json":{"title":"Software tiendas - Apen Inform\u00e1tica","description":"Obt\u00e9n un software para tiendas TPV para puntos de venta. La mejor soluci\u00f3n para cualquier sector. Es un m\u00f3dulo totalmente integrado con a3ERP.","robots":{"index":"index","follow":"follow","max-snippet":"max-snippet:-1","max-image-preview":"max-image-preview:large","max-video-preview":"max-video-preview:-1"},"canonical":"https:\/\/www.apen.es\/ca\/software-programa-tpv\/software-tiendas\/","og_locale":"ca_ES","og_type":"article","og_title":"Software tiendas - Apen Inform\u00e1tica","og_description":"Obt\u00e9n un software para tiendas TPV para puntos de venta. La mejor soluci\u00f3n para cualquier sector. Es un m\u00f3dulo totalmente integrado con a3ERP.","og_url":"https:\/\/www.apen.es\/ca\/software-programa-tpv\/software-tiendas\/","og_site_name":"Apen Inform\u00e1tica","article_publisher":"https:\/\/www.facebook.com\/apensolucions","article_modified_time":"2025-07-08T11:41:56+00:00","og_image":[{"width":231,"height":82,"url":"https:\/\/www.apen.es\/wp-content\/uploads\/2016\/05\/logo-apen-231x82-trasparent.png","type":"image\/png"}],"twitter_card":"summary_large_image","twitter_misc":{"Temps estimat de lectura":"5 minuts"},"schema":{"@context":"https:\/\/schema.org","@graph":[{"@type":"WebPage","@id":"https:\/\/www.apen.es\/software-programa-tpv\/software-tiendas\/","url":"https:\/\/www.apen.es\/software-programa-tpv\/software-tiendas\/","name":"Software tiendas - Apen Inform\u00e1tica","isPartOf":{"@id":"https:\/\/www.apen.es\/#website"},"datePublished":"2018-07-16T10:44:06+00:00","dateModified":"2025-07-08T11:41:56+00:00","description":"Obt\u00e9n un software para tiendas TPV para puntos de venta. La mejor soluci\u00f3n para cualquier sector. Es un m\u00f3dulo totalmente integrado con a3ERP.","breadcrumb":{"@id":"https:\/\/www.apen.es\/software-programa-tpv\/software-tiendas\/#breadcrumb"},"inLanguage":"ca","potentialAction":[{"@type":"ReadAction","target":["https:\/\/www.apen.es\/software-programa-tpv\/software-tiendas\/"]}]},{"@type":"BreadcrumbList","@id":"https:\/\/www.apen.es\/software-programa-tpv\/software-tiendas\/#breadcrumb","itemListElement":[{"@type":"ListItem","position":1,"name":"Portada","item":"https:\/\/www.apen.es\/"},{"@type":"ListItem","position":2,"name":"TPV-Software Punto de venta","item":"https:\/\/www.apen.es\/software-programa-tpv\/"},{"@type":"ListItem","position":3,"name":"Software tiendas"}]},{"@type":"WebSite","@id":"https:\/\/www.apen.es\/#website","url":"https:\/\/www.apen.es\/","name":"Apen Inform\u00e0tica","description":"Manteniment inform\u00e0tic , programari de gesti\u00f3, solucions d&#039;impressi\u00f3","publisher":{"@id":"https:\/\/www.apen.es\/#organization"},"potentialAction":[{"@type":"SearchAction","target":{"@type":"EntryPoint","urlTemplate":"https:\/\/www.apen.es\/?s={search_term_string}"},"query-input":{"@type":"PropertyValueSpecification","valueRequired":true,"valueName":"search_term_string"}}],"inLanguage":"ca"},{"@type":"Organization","@id":"https:\/\/www.apen.es\/#organization","name":"Apen: Solucions inform\u00e0tiques","url":"https:\/\/www.apen.es\/","logo":{"@type":"ImageObject","inLanguage":"ca","@id":"https:\/\/www.apen.es\/#\/schema\/logo\/image\/","url":"https:\/\/www.apen.es\/wp-content\/uploads\/2022\/08\/logo-apenok-231x82-1.png","contentUrl":"https:\/\/www.apen.es\/wp-content\/uploads\/2022\/08\/logo-apenok-231x82-1.png","width":231,"height":82,"caption":"Apen: Soluciones inform\u00e1ticas"},"image":{"@id":"https:\/\/www.apen.es\/#\/schema\/logo\/image\/"},"sameAs":["https:\/\/www.facebook.com\/apensolucions","https:\/\/www.youtube.com\/user\/ApenCentreInformatic","https:\/\/www.linkedin.com\/company\/1021771?trk=tyah&trkInfo=clickedVerticalcompanyclickedEntityId1021771idx2-1-2tarId1464195271196tasapenin"]}]}},"taxonomy_info":[],"featured_image_src_large":false,"author_info":{"display_name":"marqueting","author_link":"https:\/\/www.apen.es\/ca\/blog\/author\/marqueting\/"},"comment_info":0,"_links":{"self":[{"href":"https:\/\/www.apen.es\/ca\/wp-json\/wp\/v2\/pages\/10673","targetHints":{"allow":["GET"]}}],"collection":[{"href":"https:\/\/www.apen.es\/ca\/wp-json\/wp\/v2\/pages"}],"about":[{"href":"https:\/\/www.apen.es\/ca\/wp-json\/wp\/v2\/types\/page"}],"author":[{"embeddable":true,"href":"https:\/\/www.apen.es\/ca\/wp-json\/wp\/v2\/users\/4"}],"replies":[{"embeddable":true,"href":"https:\/\/www.apen.es\/ca\/wp-json\/wp\/v2\/comments?post=10673"}],"version-history":[{"count":1,"href":"https:\/\/www.apen.es\/ca\/wp-json\/wp\/v2\/pages\/10673\/revisions"}],"predecessor-version":[{"id":55868,"href":"https:\/\/www.apen.es\/ca\/wp-json\/wp\/v2\/pages\/10673\/revisions\/55868"}],"up":[{"embeddable":true,"href":"https:\/\/www.apen.es\/ca\/wp-json\/wp\/v2\/pages\/10551"}],"wp:attachment":[{"href":"https:\/\/www.apen.es\/ca\/wp-json\/wp\/v2\/media?parent=10673"}],"curies":[{"name":"wp","href":"https:\/\/api.w.org\/{rel}","templated":true}]}}